{"id":51369,"date":"2022-06-09T00:09:16","date_gmt":"2022-06-08T22:09:16","guid":{"rendered":"https:\/\/manurefetish.com\/?post_type=product&#038;p=51369"},"modified":"2026-03-24T17:09:56","modified_gmt":"2026-03-24T16:09:56","slug":"catwoman-lyndra-first-time-in-the-manure-channel","status":"publish","type":"product","link":"https:\/\/manurefetish.com\/es\/shop\/videos\/catwoman-lyndra-first-time-in-the-manure-channel\/","title":{"rendered":"Catwoman Lyndra por primera vez en el canal manure"},"content":{"rendered":"<p><span style=\"font-weight: 400;\">Catwoman Lyndra was in the cowshed and discovered something interesting while exploring. She began to play with the manure, first with her hands then she dipped her legs in. This made her want to climb into the manure pit in her tight suit. It was very fresh, but that did not stop Lyndra from enjoying the moment in the creamy slurry. She smeared it on her breasts, but that was not enough for her. She took off her suit and covered her chest in it. She wanted to feel the sensation on her breasts, so she took off her bra and massaged her breasts with cow dung. This fresh cool and the amazing feeling of being in the channel made her very horny. She got out and also covered her ass with it. But there was something else, the fuck machine was also still there. With pleasure Lyndra licked and sucked on it and got ready to use it. First slowly and then faster and faster. She moaned loudly because it felt so good. But Catwoman Lyndra was still too clean, she climbed into the manure channel again and submerged completely.<\/span><\/p>","protected":false},"excerpt":{"rendered":"<p>Catwoman Lyndra was in the cowshed and discovered something interesting while exploring. She began to play with the manure, first with her hands then she dipped her legs in. This made her want to climb into the manure pit in her tight suit. It was very fresh, but that did not stop Lyndra from enjoying [&hellip;]<\/p>\n","protected":false},"featured_media":199003,"comment_status":"open","ping_status":"closed","template":"","meta":{"_acf_changed":false,"site-sidebar-layout":"default","site-content-layout":"","ast-site-content-layout":"default","site-content-style":"default","site-sidebar-style":"default","ast-global-header-display":"","ast-banner-title-visibility":"","ast-main-header-display":"","ast-hfb-above-header-display":"","ast-hfb-below-header-display":"","ast-hfb-mobile-header-display":"","site-post-title":"","ast-breadcrumbs-content":"","ast-featured-img":"","footer-sml-layout":"","ast-disable-related-posts":"","theme-transparent-header-meta":"default","adv-header-id-meta":"","stick-header-meta":"","header-above-stick-meta":"","header-main-stick-meta":"","header-below-stick-meta":"","astra-migrate-meta-layouts":"set","ast-page-background-enabled":"default","ast-page-background-meta":{"desktop":{"background-color":"var(--ast-global-color-4)","background-image":"","background-repeat":"repeat","background-position":"center center","background-size":"auto","background-attachment":"scroll","background-type":"","background-media":"","overlay-type":"","overlay-color":"","overlay-opacity":"","overlay-gradient":""},"tablet":{"background-color":"","background-image":"","background-repeat":"repeat","background-position":"center center","background-size":"auto","background-attachment":"scroll","background-type":"","background-media":"","overlay-type":"","overlay-color":"","overlay-opacity":"","overlay-gradient":""},"mobile":{"background-color":"","background-image":"","background-repeat":"repeat","background-position":"center center","background-size":"auto","background-attachment":"scroll","background-type":"","background-media":"","overlay-type":"","overlay-color":"","overlay-opacity":"","overlay-gradient":""}},"ast-content-background-meta":{"desktop":{"background-color":"var(--ast-global-color-5)","background-image":"","background-repeat":"repeat","background-position":"center center","background-size":"auto","background-attachment":"scroll","background-type":"","background-media":"","overlay-type":"","overlay-color":"","overlay-opacity":"","overlay-gradient":""},"tablet":{"background-color":"var(--ast-global-color-5)","background-image":"","background-repeat":"repeat","background-position":"center center","background-size":"auto","background-attachment":"scroll","background-type":"","background-media":"","overlay-type":"","overlay-color":"","overlay-opacity":"","overlay-gradient":""},"mobile":{"background-color":"var(--ast-global-color-5)","background-image":"","background-repeat":"repeat","background-position":"center center","background-size":"auto","background-attachment":"scroll","background-type":"","background-media":"","overlay-type":"","overlay-color":"","overlay-opacity":"","overlay-gradient":""}}},"product_brand":[],"product_cat":[4470],"product_tag":[317,318,2675,3414,47,66,2508,2631,2281,2842,2621,118,316,64,2557,3030,56,320,2682,54,2419,2841,18,52,3174,65,35,2971,2482,2506,32,3408,4482,2683,277,2832,29,3415,319,2368],"class_list":{"0":"post-51369","1":"product","2":"type-product","3":"status-publish","4":"has-post-thumbnail","6":"product_cat-videos","7":"product_tag-asshole","8":"product_tag-boobs","9":"product_tag-boots","10":"product_tag-catwoman","11":"product_tag-channel","12":"product_tag-clothed","13":"product_tag-clothes","14":"product_tag-completely-covered","15":"product_tag-completely-submerged","16":"product_tag-cosplay","17":"product_tag-cow-dung","18":"product_tag-cowshed","19":"product_tag-cunt","20":"product_tag-dildo","21":"product_tag-doggy-style","22":"product_tag-download","23":"product_tag-erotic","24":"product_tag-feet","25":"product_tag-fuckmachine","26":"product_tag-full-covered","27":"product_tag-full-hd","28":"product_tag-lyndra-lynn","29":"product_tag-manure","30":"product_tag-manure-channel","31":"product_tag-missionary","32":"product_tag-naked","33":"product_tag-orgasm","34":"product_tag-pee","35":"product_tag-peeing","36":"product_tag-pink","37":"product_tag-pussy","38":"product_tag-season-3","39":"product_tag-sex-in-cowshit","40":"product_tag-sexmachine","41":"product_tag-slurry-bath","42":"product_tag-smearing","43":"product_tag-submerging","44":"product_tag-suit","45":"product_tag-tits","46":"product_tag-ultra-hd","47":"pa_audio-info-stereo","48":"pa_format-mp4","49":"pa_length-39-minutes","50":"pa_product-type-digital-download-full-hd-video","51":"pa_product-type-digital-download-ultra-hd-video","52":"pa_product-type-usb-stick","53":"pa_size-fhd-7-37-gb","54":"pa_size-uhd-13-3-gb","55":"pa_video-info-full-hd-1920x1080p","56":"pa_video-info-ultra-hd-4k","57":"desktop-align-center","58":"tablet-align-left","59":"mobile-align-left","61":"first","62":"instock","63":"shipping-taxable","64":"purchasable","65":"product-type-variable","66":"has-default-attributes"},"exclude_global_add_ons":[],"addons":[],"acf":[],"yoast_head":"<!-- This site is optimized with the Yoast SEO Premium plugin v27.1 (Yoast SEO v27.1.1) - https:\/\/yoast.com\/product\/yoast-seo-premium-wordpress\/ -->\n<title>Catwoman Lyndra first time in the manure channel - ManureFetish<\/title>\n<meta name=\"description\" content=\"Catwoman Lyndra first time in the manure channel, She discovers the cowshed and what it has to offer a lot of fun in cowshit and animal scat.\" \/>\n<meta name=\"robots\" content=\"index, follow, max-snippet:-1, max-image-preview:large, max-video-preview:-1\" \/>\n<link rel=\"canonical\" href=\"https:\/\/manurefetish.com\/es\/shop\/videos\/catwoman-lyndra-first-time-in-the-manure-channel\/\" \/>\n<meta property=\"og:locale\" content=\"es_ES\" \/>\n<meta property=\"og:type\" content=\"article\" \/>\n<meta property=\"og:title\" content=\"Catwoman Lyndra first time in the manure channel\" \/>\n<meta property=\"og:description\" content=\"Catwoman Lyndra first time in the manure channel, She discovers the cowshed and what it has to offer a lot of fun in cowshit and animal scat.\" \/>\n<meta property=\"og:url\" content=\"https:\/\/manurefetish.com\/es\/shop\/videos\/catwoman-lyndra-first-time-in-the-manure-channel\/\" \/>\n<meta property=\"og:site_name\" content=\"ManureFetish\" \/>\n<meta property=\"article:publisher\" content=\"https:\/\/www.facebook.com\/manurefetish\/\" \/>\n<meta property=\"article:modified_time\" content=\"2026-03-24T16:09:56+00:00\" \/>\n<meta property=\"og:image\" content=\"https:\/\/manurefetish.com\/wp-content\/uploads\/2022\/06\/Catwoman-Lyndra-Erste-Mal-im-Gulleschacht.jpg\" \/>\n\t<meta property=\"og:image:width\" content=\"1728\" \/>\n\t<meta property=\"og:image:height\" content=\"576\" \/>\n\t<meta property=\"og:image:type\" content=\"image\/jpeg\" \/>\n<meta name=\"twitter:card\" content=\"summary_large_image\" \/>\n<meta name=\"twitter:site\" content=\"@Manurefetisch\" \/>\n<script type=\"application\/ld+json\" class=\"yoast-schema-graph\">{\"@context\":\"https:\/\/schema.org\",\"@graph\":[{\"@type\":\"WebPage\",\"@id\":\"https:\/\/manurefetish.com\/shop\/videos\/catwoman-lyndra-first-time-in-the-manure-channel\/\",\"url\":\"https:\/\/manurefetish.com\/shop\/videos\/catwoman-lyndra-first-time-in-the-manure-channel\/\",\"name\":\"Catwoman Lyndra first time in the manure channel - ManureFetish\",\"isPartOf\":{\"@id\":\"https:\/\/manurefetish.com\/#website\"},\"primaryImageOfPage\":{\"@id\":\"https:\/\/manurefetish.com\/shop\/videos\/catwoman-lyndra-first-time-in-the-manure-channel\/#primaryimage\"},\"image\":{\"@id\":\"https:\/\/manurefetish.com\/shop\/videos\/catwoman-lyndra-first-time-in-the-manure-channel\/#primaryimage\"},\"thumbnailUrl\":\"https:\/\/manurefetish.b-cdn.net\/wp-content\/uploads\/2022\/06\/Catwoman-Lyndra-Erste-Mal-im-Gulleschacht.jpg\",\"datePublished\":\"2022-06-08T22:09:16+00:00\",\"dateModified\":\"2026-03-24T16:09:56+00:00\",\"description\":\"Catwoman Lyndra first time in the manure channel, She discovers the cowshed and what it has to offer a lot of fun in cowshit and animal scat.\",\"breadcrumb\":{\"@id\":\"https:\/\/manurefetish.com\/shop\/videos\/catwoman-lyndra-first-time-in-the-manure-channel\/#breadcrumb\"},\"inLanguage\":\"es\",\"potentialAction\":[{\"@type\":\"ReadAction\",\"target\":[\"https:\/\/manurefetish.com\/shop\/videos\/catwoman-lyndra-first-time-in-the-manure-channel\/\"]}]},{\"@type\":\"ImageObject\",\"inLanguage\":\"es\",\"@id\":\"https:\/\/manurefetish.com\/shop\/videos\/catwoman-lyndra-first-time-in-the-manure-channel\/#primaryimage\",\"url\":\"https:\/\/manurefetish.b-cdn.net\/wp-content\/uploads\/2022\/06\/Catwoman-Lyndra-Erste-Mal-im-Gulleschacht.jpg\",\"contentUrl\":\"https:\/\/manurefetish.b-cdn.net\/wp-content\/uploads\/2022\/06\/Catwoman-Lyndra-Erste-Mal-im-Gulleschacht.jpg\",\"width\":1728,\"height\":576},{\"@type\":\"BreadcrumbList\",\"@id\":\"https:\/\/manurefetish.com\/shop\/videos\/catwoman-lyndra-first-time-in-the-manure-channel\/#breadcrumb\",\"itemListElement\":[{\"@type\":\"ListItem\",\"position\":1,\"name\":\"Home\",\"item\":\"https:\/\/manurefetish.com\/\"},{\"@type\":\"ListItem\",\"position\":2,\"name\":\"Shop\",\"item\":\"https:\/\/manurefetish.com\/shop\/\"},{\"@type\":\"ListItem\",\"position\":3,\"name\":\"Videos\",\"item\":\"https:\/\/manurefetish.com\/product-category\/videos\/\"},{\"@type\":\"ListItem\",\"position\":4,\"name\":\"Catwoman Lyndra first time in the manure channel\"}]},{\"@type\":\"WebSite\",\"@id\":\"https:\/\/manurefetish.com\/#website\",\"url\":\"https:\/\/manurefetish.com\/\",\"name\":\"ManureFetish\",\"description\":\"ManureFetish Shop\",\"publisher\":{\"@id\":\"https:\/\/manurefetish.com\/#organization\"},\"potentialAction\":[{\"@type\":\"SearchAction\",\"target\":{\"@type\":\"EntryPoint\",\"urlTemplate\":\"https:\/\/manurefetish.com\/?s={search_term_string}\"},\"query-input\":{\"@type\":\"PropertyValueSpecification\",\"valueRequired\":true,\"valueName\":\"search_term_string\"}}],\"inLanguage\":\"es\"},{\"@type\":\"Organization\",\"@id\":\"https:\/\/manurefetish.com\/#organization\",\"name\":\"ManureFetish.com\",\"url\":\"https:\/\/manurefetish.com\/\",\"logo\":{\"@type\":\"ImageObject\",\"inLanguage\":\"es\",\"@id\":\"https:\/\/manurefetish.com\/#\/schema\/logo\/image\/\",\"url\":\"https:\/\/manurefetish.com\/wp-content\/uploads\/2019\/06\/1000xmanurefetishcom-michaela-logo-website-shop.png\",\"contentUrl\":\"https:\/\/manurefetish.com\/wp-content\/uploads\/2019\/06\/1000xmanurefetishcom-michaela-logo-website-shop.png\",\"width\":1000,\"height\":632,\"caption\":\"ManureFetish.com\"},\"image\":{\"@id\":\"https:\/\/manurefetish.com\/#\/schema\/logo\/image\/\"},\"sameAs\":[\"https:\/\/www.facebook.com\/manurefetish\/\",\"https:\/\/x.com\/Manurefetisch\",\"https:\/\/www.youtube.com\/c\/ManureFetish\"],\"description\":\"We're creating various fetish content with female and male models alike.\",\"foundingDate\":\"2019-07-04\",\"vatID\":\"DE366928521\",\"numberOfEmployees\":{\"@type\":\"QuantitativeValue\",\"minValue\":\"1\",\"maxValue\":\"10\"}}]}<\/script>\n<meta property=\"og:availability\" content=\"instock\" \/>\n<meta property=\"product:availability\" content=\"instock\" \/>\n<meta property=\"product:retailer_item_id\" content=\"MFW-CWLFTIMC\" \/>\n<meta property=\"product:condition\" content=\"new\" \/>\n<!-- \/ Yoast SEO Premium plugin. -->","yoast_head_json":{"title":"Catwoman Lyndra first time in the manure channel - ManureFetish","description":"Catwoman Lyndra por primera vez en el canal del esti\u00e9rcol, Descubre el establo y lo que puede ofrecerte un mont\u00f3n de diversi\u00f3n en caca de vaca y excrementos de animales.","robots":{"index":"index","follow":"follow","max-snippet":"max-snippet:-1","max-image-preview":"max-image-preview:large","max-video-preview":"max-video-preview:-1"},"canonical":"https:\/\/manurefetish.com\/es\/shop\/videos\/catwoman-lyndra-first-time-in-the-manure-channel\/","og_locale":"es_ES","og_type":"article","og_title":"Catwoman Lyndra first time in the manure channel","og_description":"Catwoman Lyndra first time in the manure channel, She discovers the cowshed and what it has to offer a lot of fun in cowshit and animal scat.","og_url":"https:\/\/manurefetish.com\/es\/shop\/videos\/catwoman-lyndra-first-time-in-the-manure-channel\/","og_site_name":"ManureFetish","article_publisher":"https:\/\/www.facebook.com\/manurefetish\/","article_modified_time":"2026-03-24T16:09:56+00:00","og_image":[{"width":1728,"height":576,"url":"https:\/\/manurefetish.com\/wp-content\/uploads\/2022\/06\/Catwoman-Lyndra-Erste-Mal-im-Gulleschacht.jpg","type":"image\/jpeg"}],"twitter_card":"summary_large_image","twitter_site":"@Manurefetisch","schema":{"@context":"https:\/\/schema.org","@graph":[{"@type":"WebPage","@id":"https:\/\/manurefetish.com\/shop\/videos\/catwoman-lyndra-first-time-in-the-manure-channel\/","url":"https:\/\/manurefetish.com\/shop\/videos\/catwoman-lyndra-first-time-in-the-manure-channel\/","name":"Catwoman Lyndra first time in the manure channel - ManureFetish","isPartOf":{"@id":"https:\/\/manurefetish.com\/#website"},"primaryImageOfPage":{"@id":"https:\/\/manurefetish.com\/shop\/videos\/catwoman-lyndra-first-time-in-the-manure-channel\/#primaryimage"},"image":{"@id":"https:\/\/manurefetish.com\/shop\/videos\/catwoman-lyndra-first-time-in-the-manure-channel\/#primaryimage"},"thumbnailUrl":"https:\/\/manurefetish.b-cdn.net\/wp-content\/uploads\/2022\/06\/Catwoman-Lyndra-Erste-Mal-im-Gulleschacht.jpg","datePublished":"2022-06-08T22:09:16+00:00","dateModified":"2026-03-24T16:09:56+00:00","description":"Catwoman Lyndra por primera vez en el canal del esti\u00e9rcol, Descubre el establo y lo que puede ofrecerte un mont\u00f3n de diversi\u00f3n en caca de vaca y excrementos de animales.","breadcrumb":{"@id":"https:\/\/manurefetish.com\/shop\/videos\/catwoman-lyndra-first-time-in-the-manure-channel\/#breadcrumb"},"inLanguage":"es","potentialAction":[{"@type":"ReadAction","target":["https:\/\/manurefetish.com\/shop\/videos\/catwoman-lyndra-first-time-in-the-manure-channel\/"]}]},{"@type":"ImageObject","inLanguage":"es","@id":"https:\/\/manurefetish.com\/shop\/videos\/catwoman-lyndra-first-time-in-the-manure-channel\/#primaryimage","url":"https:\/\/manurefetish.b-cdn.net\/wp-content\/uploads\/2022\/06\/Catwoman-Lyndra-Erste-Mal-im-Gulleschacht.jpg","contentUrl":"https:\/\/manurefetish.b-cdn.net\/wp-content\/uploads\/2022\/06\/Catwoman-Lyndra-Erste-Mal-im-Gulleschacht.jpg","width":1728,"height":576},{"@type":"BreadcrumbList","@id":"https:\/\/manurefetish.com\/shop\/videos\/catwoman-lyndra-first-time-in-the-manure-channel\/#breadcrumb","itemListElement":[{"@type":"ListItem","position":1,"name":"Home","item":"https:\/\/manurefetish.com\/"},{"@type":"ListItem","position":2,"name":"Shop","item":"https:\/\/manurefetish.com\/shop\/"},{"@type":"ListItem","position":3,"name":"Videos","item":"https:\/\/manurefetish.com\/product-category\/videos\/"},{"@type":"ListItem","position":4,"name":"Catwoman Lyndra first time in the manure channel"}]},{"@type":"WebSite","@id":"https:\/\/manurefetish.com\/#website","url":"https:\/\/manurefetish.com\/","name":"ManureFetish","description":"ManureFetish","publisher":{"@id":"https:\/\/manurefetish.com\/#organization"},"potentialAction":[{"@type":"SearchAction","target":{"@type":"EntryPoint","urlTemplate":"https:\/\/manurefetish.com\/?s={search_term_string}"},"query-input":{"@type":"PropertyValueSpecification","valueRequired":true,"valueName":"search_term_string"}}],"inLanguage":"es"},{"@type":"Organization","@id":"https:\/\/manurefetish.com\/#organization","name":"ManureFetish.com","url":"https:\/\/manurefetish.com\/","logo":{"@type":"ImageObject","inLanguage":"es","@id":"https:\/\/manurefetish.com\/#\/schema\/logo\/image\/","url":"https:\/\/manurefetish.com\/wp-content\/uploads\/2019\/06\/1000xmanurefetishcom-michaela-logo-website-shop.png","contentUrl":"https:\/\/manurefetish.com\/wp-content\/uploads\/2019\/06\/1000xmanurefetishcom-michaela-logo-website-shop.png","width":1000,"height":632,"caption":"ManureFetish.com"},"image":{"@id":"https:\/\/manurefetish.com\/#\/schema\/logo\/image\/"},"sameAs":["https:\/\/www.facebook.com\/manurefetish\/","https:\/\/x.com\/Manurefetisch","https:\/\/www.youtube.com\/c\/ManureFetish"],"description":"Estamos creando diversos contenidos fetichistas con modelos femeninos y masculinos por igual.","foundingDate":"2019-07-04","vatID":"DE366928521","numberOfEmployees":{"@type":"QuantitativeValue","minValue":"1","maxValue":"10"}}]},"og_availability":"instock","product_availability":"instock","product_retailer_item_id":"MFW-CWLFTIMC","product_condition":"new"},"_links":{"self":[{"href":"https:\/\/manurefetish.com\/es\/wp-json\/wp\/v2\/product\/51369","targetHints":{"allow":["GET"]}}],"collection":[{"href":"https:\/\/manurefetish.com\/es\/wp-json\/wp\/v2\/product"}],"about":[{"href":"https:\/\/manurefetish.com\/es\/wp-json\/wp\/v2\/types\/product"}],"replies":[{"embeddable":true,"href":"https:\/\/manurefetish.com\/es\/wp-json\/wp\/v2\/comments?post=51369"}],"version-history":[{"count":0,"href":"https:\/\/manurefetish.com\/es\/wp-json\/wp\/v2\/product\/51369\/revisions"}],"wp:featuredmedia":[{"embeddable":true,"href":"https:\/\/manurefetish.com\/es\/wp-json\/wp\/v2\/media\/199003"}],"wp:attachment":[{"href":"https:\/\/manurefetish.com\/es\/wp-json\/wp\/v2\/media?parent=51369"}],"wp:term":[{"taxonomy":"product_brand","embeddable":true,"href":"https:\/\/manurefetish.com\/es\/wp-json\/wp\/v2\/product_brand?post=51369"},{"taxonomy":"product_cat","embeddable":true,"href":"https:\/\/manurefetish.com\/es\/wp-json\/wp\/v2\/product_cat?post=51369"},{"taxonomy":"product_tag","embeddable":true,"href":"https:\/\/manurefetish.com\/es\/wp-json\/wp\/v2\/product_tag?post=51369"}],"curies":[{"name":"wp","href":"https:\/\/api.w.org\/{rel}","templated":true}]}}