{"id":50569,"date":"2022-05-21T15:18:36","date_gmt":"2022-05-21T13:18:36","guid":{"rendered":"https:\/\/manurefetish.com\/?post_type=product&#038;p=50569"},"modified":"2026-03-24T17:10:13","modified_gmt":"2026-03-24T16:10:13","slug":"lyndra-lynn-and-bettys-cowshed-domination-bonus","status":"publish","type":"product","link":"https:\/\/manurefetish.com\/es\/shop\/videos\/lyndra-lynn-and-bettys-cowshed-domination-bonus\/","title":{"rendered":"Bono de dominaci\u00f3n Cowshed de Lyndra Lynn y Betty"},"content":{"rendered":"<p><span style=\"font-weight: 400;\">Lyndra Lynn, furiosa, cogi\u00f3 a Betty por la correa y la arrastr\u00f3 hasta el estudio de su establo. Le meti\u00f3 la cabeza varias veces en el canal manure. La pobre Betty no sab\u00eda qu\u00e9 la hab\u00eda golpeado. Lyndra le dijo a Betty que se desnudara y le echara cera de vela encima y la azotara. Pero eso no fue suficiente para Lyndra, as\u00ed que agarr\u00f3 la barra separadora y se la puso a Betty. Lentamente Lyndra estir\u00f3 su co\u00f1o, primero con un consolador y luego con su dedo y su mano completa. Lyndra Lynn pu\u00f1o su co\u00f1o hasta que ella estaba lista para el strapon caballo grande. Con el grueso consolador Lyndra foll\u00f3 el co\u00f1o de Betty con placer. Pero eso no fue suficiente para ella, Lyndra agarr\u00f3 su esp\u00e9culo y abri\u00f3 el co\u00f1o de Betty de par en par. Ahora Lyndra meti\u00f3 un mont\u00f3n de vaca dung en el co\u00f1o de Betty que tuvo que empujar hacia fuera despu\u00e9s. Despu\u00e9s Betty tuvo que meterse en el canal, para que Lyndra pudiera verter un mont\u00f3n de vaca dung del cubo sobre ella y azotarla adecuadamente con el flogger. Cuando a Betty se le permiti\u00f3 salir de nuevo, fue su turno para que le metieran los dedos en el culo y luego, por supuesto, el consolador de caballo fue utilizado en su culo. Betty lleg\u00f3 a sentir el pleno dominio de Lyndra. En alg\u00fan momento Lyndra Lynn hab\u00eda terminado con Betty. Betty tuvo que meterse en el canal manure de nuevo y luego Lyndra le tir\u00f3 grandes trozos de vaca dung y la dej\u00f3 en el canal manure.<\/span><\/p>\n<h2><\/h2>\n<h2><span data-text-color=\"alert\">V\u00cdDEO DE BONIFICACI\u00d3N:<\/span><\/h2>\n<p><span data-text-color=\"alert\">Este v\u00eddeo es para todos los fans que quieran ver un poco m\u00e1s, contiene diferentes \u00e1ngulos y es m\u00e1s \u201cEntre bastidores\u201d. Tambi\u00e9n incluye un v\u00eddeo de ducha de 10 minutos, en el que ambas chicas se limpian. Si quieres simplemente disfrutar del v\u00eddeo, te sugerimos el v\u00eddeo principal.<\/span><\/p>\n<p><span data-text-color=\"alert\">Si ha comprado <a href=\"https:\/\/manurefetish.com\/es\/shop\/women\/lyndra-lynn-and-bettys-cowshed-domination\/\">\u201cDominaci\u00f3n de Lyndra Lynn y Betty Cowshed\u201d<\/a> o a\u00f1ada ambos v\u00eddeos a su cesta y obtendr\u00e1 un descuento de 75% en el v\u00eddeo adicional.<\/span><\/p>","protected":false},"excerpt":{"rendered":"<p>Lyndra Lynn was furious and took Betty by the leash and dragged her into her cowshed studio. She dipped her head several times in the manure channel. Poor Betty didn&#8217;t know what hit her. Lyndra told Betty to undress and pour candle wax on her and whip her. But that was not enough for Lyndra, [&hellip;]<\/p>\n","protected":false},"featured_media":199444,"comment_status":"open","ping_status":"closed","template":"","meta":{"_acf_changed":false,"site-sidebar-layout":"default","site-content-layout":"","ast-site-content-layout":"default","site-content-style":"default","site-sidebar-style":"default","ast-global-header-display":"","ast-banner-title-visibility":"","ast-main-header-display":"","ast-hfb-above-header-display":"","ast-hfb-below-header-display":"","ast-hfb-mobile-header-display":"","site-post-title":"","ast-breadcrumbs-content":"","ast-featured-img":"","footer-sml-layout":"","ast-disable-related-posts":"","theme-transparent-header-meta":"default","adv-header-id-meta":"","stick-header-meta":"","header-above-stick-meta":"","header-main-stick-meta":"","header-below-stick-meta":"","astra-migrate-meta-layouts":"set","ast-page-background-enabled":"default","ast-page-background-meta":{"desktop":{"background-color":"var(--ast-global-color-4)","background-image":"","background-repeat":"repeat","background-position":"center center","background-size":"auto","background-attachment":"scroll","background-type":"","background-media":"","overlay-type":"","overlay-color":"","overlay-opacity":"","overlay-gradient":""},"tablet":{"background-color":"","background-image":"","background-repeat":"repeat","background-position":"center center","background-size":"auto","background-attachment":"scroll","background-type":"","background-media":"","overlay-type":"","overlay-color":"","overlay-opacity":"","overlay-gradient":""},"mobile":{"background-color":"","background-image":"","background-repeat":"repeat","background-position":"center center","background-size":"auto","background-attachment":"scroll","background-type":"","background-media":"","overlay-type":"","overlay-color":"","overlay-opacity":"","overlay-gradient":""}},"ast-content-background-meta":{"desktop":{"background-color":"var(--ast-global-color-5)","background-image":"","background-repeat":"repeat","background-position":"center center","background-size":"auto","background-attachment":"scroll","background-type":"","background-media":"","overlay-type":"","overlay-color":"","overlay-opacity":"","overlay-gradient":""},"tablet":{"background-color":"var(--ast-global-color-5)","background-image":"","background-repeat":"repeat","background-position":"center center","background-size":"auto","background-attachment":"scroll","background-type":"","background-media":"","overlay-type":"","overlay-color":"","overlay-opacity":"","overlay-gradient":""},"mobile":{"background-color":"var(--ast-global-color-5)","background-image":"","background-repeat":"repeat","background-position":"center center","background-size":"auto","background-attachment":"scroll","background-type":"","background-media":"","overlay-type":"","overlay-color":"","overlay-opacity":"","overlay-gradient":""}}},"product_brand":[],"product_cat":[4470],"product_tag":[17,317,2785,3032,2476,3225,318,47,66,2508,2631,2551,2621,118,316,64,2557,2900,3030,3375,3384,56,320,2800,3334,54,2419,2704,3374,3373,2841,18,52,3174,65,35,3247,2506,32,3408,4482,277,2832,387,2709,358,319],"class_list":{"0":"post-50569","1":"product","2":"type-product","3":"status-publish","4":"has-post-thumbnail","6":"product_cat-videos","7":"product_tag-anal","8":"product_tag-asshole","9":"product_tag-bdsm","10":"product_tag-behind-the-scenes","11":"product_tag-betty","12":"product_tag-bonus","13":"product_tag-boobs","14":"product_tag-channel","15":"product_tag-clothed","16":"product_tag-clothes","17":"product_tag-completely-covered","18":"product_tag-couple","19":"product_tag-cow-dung","20":"product_tag-cowshed","21":"product_tag-cunt","22":"product_tag-dildo","23":"product_tag-doggy-style","24":"product_tag-domina","25":"product_tag-download","26":"product_tag-equestrian","27":"product_tag-equestrian-clothing","28":"product_tag-erotic","29":"product_tag-feet","30":"product_tag-femdom","31":"product_tag-fisting","32":"product_tag-full-covered","33":"product_tag-full-hd","34":"product_tag-horse","35":"product_tag-horse-dildo","36":"product_tag-horsewoman","37":"product_tag-lyndra-lynn","38":"product_tag-manure","39":"product_tag-manure-channel","40":"product_tag-missionary","41":"product_tag-naked","42":"product_tag-orgasm","43":"product_tag-pegging","44":"product_tag-pink","45":"product_tag-pussy","46":"product_tag-season-3","47":"product_tag-sex-in-cowshit","48":"product_tag-slurry-bath","49":"product_tag-smearing","50":"product_tag-speculum","51":"product_tag-strapon","52":"product_tag-stuffing","53":"product_tag-tits","54":"pa_audio-info-stereo","55":"pa_format-mp4","56":"pa_length-51-minutes","57":"pa_product-type-digital-download-full-hd-video","58":"pa_product-type-usb-stick","59":"pa_size-fhd-7-8-gb","60":"pa_video-info-full-hd-1920x1080p","61":"desktop-align-center","62":"tablet-align-left","63":"mobile-align-left","65":"first","66":"instock","67":"shipping-taxable","68":"purchasable","69":"product-type-variable","70":"has-default-attributes"},"exclude_global_add_ons":[],"addons":[],"acf":[],"yoast_head":"<!-- This site is optimized with the Yoast SEO Premium plugin v27.1 (Yoast SEO v27.1.1) - https:\/\/yoast.com\/product\/yoast-seo-premium-wordpress\/ -->\n<title>Lyndra Lynn and Betty&#039;s Cowshed Domination Bonus - ManureFetish<\/title>\n<meta name=\"description\" content=\"Lyndra Lynn and Betty&#039;s Cowshed Domination Bonus, Some different angles and behind the scenes of the latest cowshit video\" \/>\n<meta name=\"robots\" content=\"index, follow, max-snippet:-1, max-image-preview:large, max-video-preview:-1\" \/>\n<link rel=\"canonical\" href=\"https:\/\/manurefetish.com\/es\/shop\/videos\/lyndra-lynn-and-bettys-cowshed-domination-bonus\/\" \/>\n<meta property=\"og:locale\" content=\"es_ES\" \/>\n<meta property=\"og:type\" content=\"article\" \/>\n<meta property=\"og:title\" content=\"Lyndra Lynn and Betty&#039;s Cowshed Domination Bonus\" \/>\n<meta property=\"og:description\" content=\"Lyndra Lynn and Betty&#039;s Cowshed Domination Bonus, Some different angles and behind the scenes of the latest cowshit video\" \/>\n<meta property=\"og:url\" content=\"https:\/\/manurefetish.com\/es\/shop\/videos\/lyndra-lynn-and-bettys-cowshed-domination-bonus\/\" \/>\n<meta property=\"og:site_name\" content=\"ManureFetish\" \/>\n<meta property=\"article:publisher\" content=\"https:\/\/www.facebook.com\/manurefetish\/\" \/>\n<meta property=\"article:modified_time\" content=\"2026-03-24T16:10:13+00:00\" \/>\n<meta property=\"og:image\" content=\"https:\/\/manurefetish.com\/wp-content\/uploads\/2022\/05\/cowshed-domination-bonus.jpg\" \/>\n\t<meta property=\"og:image:width\" content=\"1728\" \/>\n\t<meta property=\"og:image:height\" content=\"576\" \/>\n\t<meta property=\"og:image:type\" content=\"image\/jpeg\" \/>\n<meta name=\"twitter:card\" content=\"summary_large_image\" \/>\n<meta name=\"twitter:site\" content=\"@Manurefetisch\" \/>\n<script type=\"application\/ld+json\" class=\"yoast-schema-graph\">{\"@context\":\"https:\/\/schema.org\",\"@graph\":[{\"@type\":\"WebPage\",\"@id\":\"https:\/\/manurefetish.com\/shop\/videos\/lyndra-lynn-and-bettys-cowshed-domination-bonus\/\",\"url\":\"https:\/\/manurefetish.com\/shop\/videos\/lyndra-lynn-and-bettys-cowshed-domination-bonus\/\",\"name\":\"Lyndra Lynn and Betty's Cowshed Domination Bonus - ManureFetish\",\"isPartOf\":{\"@id\":\"https:\/\/manurefetish.com\/#website\"},\"primaryImageOfPage\":{\"@id\":\"https:\/\/manurefetish.com\/shop\/videos\/lyndra-lynn-and-bettys-cowshed-domination-bonus\/#primaryimage\"},\"image\":{\"@id\":\"https:\/\/manurefetish.com\/shop\/videos\/lyndra-lynn-and-bettys-cowshed-domination-bonus\/#primaryimage\"},\"thumbnailUrl\":\"https:\/\/manurefetish.b-cdn.net\/wp-content\/uploads\/2022\/05\/cowshed-domination-bonus.jpg\",\"datePublished\":\"2022-05-21T13:18:36+00:00\",\"dateModified\":\"2026-03-24T16:10:13+00:00\",\"description\":\"Lyndra Lynn and Betty's Cowshed Domination Bonus, Some different angles and behind the scenes of the latest cowshit video\",\"breadcrumb\":{\"@id\":\"https:\/\/manurefetish.com\/shop\/videos\/lyndra-lynn-and-bettys-cowshed-domination-bonus\/#breadcrumb\"},\"inLanguage\":\"es\",\"potentialAction\":[{\"@type\":\"ReadAction\",\"target\":[\"https:\/\/manurefetish.com\/shop\/videos\/lyndra-lynn-and-bettys-cowshed-domination-bonus\/\"]}]},{\"@type\":\"ImageObject\",\"inLanguage\":\"es\",\"@id\":\"https:\/\/manurefetish.com\/shop\/videos\/lyndra-lynn-and-bettys-cowshed-domination-bonus\/#primaryimage\",\"url\":\"https:\/\/manurefetish.b-cdn.net\/wp-content\/uploads\/2022\/05\/cowshed-domination-bonus.jpg\",\"contentUrl\":\"https:\/\/manurefetish.b-cdn.net\/wp-content\/uploads\/2022\/05\/cowshed-domination-bonus.jpg\",\"width\":1728,\"height\":576},{\"@type\":\"BreadcrumbList\",\"@id\":\"https:\/\/manurefetish.com\/shop\/videos\/lyndra-lynn-and-bettys-cowshed-domination-bonus\/#breadcrumb\",\"itemListElement\":[{\"@type\":\"ListItem\",\"position\":1,\"name\":\"Home\",\"item\":\"https:\/\/manurefetish.com\/\"},{\"@type\":\"ListItem\",\"position\":2,\"name\":\"Shop\",\"item\":\"https:\/\/manurefetish.com\/shop\/\"},{\"@type\":\"ListItem\",\"position\":3,\"name\":\"Videos\",\"item\":\"https:\/\/manurefetish.com\/product-category\/videos\/\"},{\"@type\":\"ListItem\",\"position\":4,\"name\":\"Lyndra Lynn and Betty&#8217;s Cowshed Domination Bonus\"}]},{\"@type\":\"WebSite\",\"@id\":\"https:\/\/manurefetish.com\/#website\",\"url\":\"https:\/\/manurefetish.com\/\",\"name\":\"ManureFetish\",\"description\":\"ManureFetish Shop\",\"publisher\":{\"@id\":\"https:\/\/manurefetish.com\/#organization\"},\"potentialAction\":[{\"@type\":\"SearchAction\",\"target\":{\"@type\":\"EntryPoint\",\"urlTemplate\":\"https:\/\/manurefetish.com\/?s={search_term_string}\"},\"query-input\":{\"@type\":\"PropertyValueSpecification\",\"valueRequired\":true,\"valueName\":\"search_term_string\"}}],\"inLanguage\":\"es\"},{\"@type\":\"Organization\",\"@id\":\"https:\/\/manurefetish.com\/#organization\",\"name\":\"ManureFetish.com\",\"url\":\"https:\/\/manurefetish.com\/\",\"logo\":{\"@type\":\"ImageObject\",\"inLanguage\":\"es\",\"@id\":\"https:\/\/manurefetish.com\/#\/schema\/logo\/image\/\",\"url\":\"https:\/\/manurefetish.com\/wp-content\/uploads\/2019\/06\/1000xmanurefetishcom-michaela-logo-website-shop.png\",\"contentUrl\":\"https:\/\/manurefetish.com\/wp-content\/uploads\/2019\/06\/1000xmanurefetishcom-michaela-logo-website-shop.png\",\"width\":1000,\"height\":632,\"caption\":\"ManureFetish.com\"},\"image\":{\"@id\":\"https:\/\/manurefetish.com\/#\/schema\/logo\/image\/\"},\"sameAs\":[\"https:\/\/www.facebook.com\/manurefetish\/\",\"https:\/\/x.com\/Manurefetisch\",\"https:\/\/www.youtube.com\/c\/ManureFetish\"],\"description\":\"We're creating various fetish content with female and male models alike.\",\"foundingDate\":\"2019-07-04\",\"vatID\":\"DE366928521\",\"numberOfEmployees\":{\"@type\":\"QuantitativeValue\",\"minValue\":\"1\",\"maxValue\":\"10\"}}]}<\/script>\n<meta property=\"og:availability\" content=\"instock\" \/>\n<meta property=\"product:availability\" content=\"instock\" \/>\n<meta property=\"product:retailer_item_id\" content=\"MFW-LLABCSD-BONUS\" \/>\n<meta property=\"product:condition\" content=\"new\" \/>\n<!-- \/ Yoast SEO Premium plugin. -->","yoast_head_json":{"title":"Bonus de dominaci\u00f3n en el establo de Lyndra Lynn y Betty - ManureFetish","description":"Lyndra Lynn y Betty's Cowshed Domination Bonus, Algunos \u00e1ngulos diferentes y detr\u00e1s de las c\u00e1maras del \u00faltimo v\u00eddeo de cowshit","robots":{"index":"index","follow":"follow","max-snippet":"max-snippet:-1","max-image-preview":"max-image-preview:large","max-video-preview":"max-video-preview:-1"},"canonical":"https:\/\/manurefetish.com\/es\/shop\/videos\/lyndra-lynn-and-bettys-cowshed-domination-bonus\/","og_locale":"es_ES","og_type":"article","og_title":"Lyndra Lynn and Betty's Cowshed Domination Bonus","og_description":"Lyndra Lynn and Betty's Cowshed Domination Bonus, Some different angles and behind the scenes of the latest cowshit video","og_url":"https:\/\/manurefetish.com\/es\/shop\/videos\/lyndra-lynn-and-bettys-cowshed-domination-bonus\/","og_site_name":"ManureFetish","article_publisher":"https:\/\/www.facebook.com\/manurefetish\/","article_modified_time":"2026-03-24T16:10:13+00:00","og_image":[{"width":1728,"height":576,"url":"https:\/\/manurefetish.com\/wp-content\/uploads\/2022\/05\/cowshed-domination-bonus.jpg","type":"image\/jpeg"}],"twitter_card":"summary_large_image","twitter_site":"@Manurefetisch","schema":{"@context":"https:\/\/schema.org","@graph":[{"@type":"WebPage","@id":"https:\/\/manurefetish.com\/shop\/videos\/lyndra-lynn-and-bettys-cowshed-domination-bonus\/","url":"https:\/\/manurefetish.com\/shop\/videos\/lyndra-lynn-and-bettys-cowshed-domination-bonus\/","name":"Bonus de dominaci\u00f3n en el establo de Lyndra Lynn y Betty - ManureFetish","isPartOf":{"@id":"https:\/\/manurefetish.com\/#website"},"primaryImageOfPage":{"@id":"https:\/\/manurefetish.com\/shop\/videos\/lyndra-lynn-and-bettys-cowshed-domination-bonus\/#primaryimage"},"image":{"@id":"https:\/\/manurefetish.com\/shop\/videos\/lyndra-lynn-and-bettys-cowshed-domination-bonus\/#primaryimage"},"thumbnailUrl":"https:\/\/manurefetish.b-cdn.net\/wp-content\/uploads\/2022\/05\/cowshed-domination-bonus.jpg","datePublished":"2022-05-21T13:18:36+00:00","dateModified":"2026-03-24T16:10:13+00:00","description":"Lyndra Lynn y Betty's Cowshed Domination Bonus, Algunos \u00e1ngulos diferentes y detr\u00e1s de las c\u00e1maras del \u00faltimo v\u00eddeo de cowshit","breadcrumb":{"@id":"https:\/\/manurefetish.com\/shop\/videos\/lyndra-lynn-and-bettys-cowshed-domination-bonus\/#breadcrumb"},"inLanguage":"es","potentialAction":[{"@type":"ReadAction","target":["https:\/\/manurefetish.com\/shop\/videos\/lyndra-lynn-and-bettys-cowshed-domination-bonus\/"]}]},{"@type":"ImageObject","inLanguage":"es","@id":"https:\/\/manurefetish.com\/shop\/videos\/lyndra-lynn-and-bettys-cowshed-domination-bonus\/#primaryimage","url":"https:\/\/manurefetish.b-cdn.net\/wp-content\/uploads\/2022\/05\/cowshed-domination-bonus.jpg","contentUrl":"https:\/\/manurefetish.b-cdn.net\/wp-content\/uploads\/2022\/05\/cowshed-domination-bonus.jpg","width":1728,"height":576},{"@type":"BreadcrumbList","@id":"https:\/\/manurefetish.com\/shop\/videos\/lyndra-lynn-and-bettys-cowshed-domination-bonus\/#breadcrumb","itemListElement":[{"@type":"ListItem","position":1,"name":"Home","item":"https:\/\/manurefetish.com\/"},{"@type":"ListItem","position":2,"name":"Shop","item":"https:\/\/manurefetish.com\/shop\/"},{"@type":"ListItem","position":3,"name":"Videos","item":"https:\/\/manurefetish.com\/product-category\/videos\/"},{"@type":"ListItem","position":4,"name":"Lyndra Lynn and Betty&#8217;s Cowshed Domination Bonus"}]},{"@type":"WebSite","@id":"https:\/\/manurefetish.com\/#website","url":"https:\/\/manurefetish.com\/","name":"ManureFetish","description":"ManureFetish","publisher":{"@id":"https:\/\/manurefetish.com\/#organization"},"potentialAction":[{"@type":"SearchAction","target":{"@type":"EntryPoint","urlTemplate":"https:\/\/manurefetish.com\/?s={search_term_string}"},"query-input":{"@type":"PropertyValueSpecification","valueRequired":true,"valueName":"search_term_string"}}],"inLanguage":"es"},{"@type":"Organization","@id":"https:\/\/manurefetish.com\/#organization","name":"ManureFetish.com","url":"https:\/\/manurefetish.com\/","logo":{"@type":"ImageObject","inLanguage":"es","@id":"https:\/\/manurefetish.com\/#\/schema\/logo\/image\/","url":"https:\/\/manurefetish.com\/wp-content\/uploads\/2019\/06\/1000xmanurefetishcom-michaela-logo-website-shop.png","contentUrl":"https:\/\/manurefetish.com\/wp-content\/uploads\/2019\/06\/1000xmanurefetishcom-michaela-logo-website-shop.png","width":1000,"height":632,"caption":"ManureFetish.com"},"image":{"@id":"https:\/\/manurefetish.com\/#\/schema\/logo\/image\/"},"sameAs":["https:\/\/www.facebook.com\/manurefetish\/","https:\/\/x.com\/Manurefetisch","https:\/\/www.youtube.com\/c\/ManureFetish"],"description":"Estamos creando diversos contenidos fetichistas con modelos femeninos y masculinos por igual.","foundingDate":"2019-07-04","vatID":"DE366928521","numberOfEmployees":{"@type":"QuantitativeValue","minValue":"1","maxValue":"10"}}]},"og_availability":"instock","product_availability":"instock","product_retailer_item_id":"MFW-LLABCSD-BONUS","product_condition":"new"},"_links":{"self":[{"href":"https:\/\/manurefetish.com\/es\/wp-json\/wp\/v2\/product\/50569","targetHints":{"allow":["GET"]}}],"collection":[{"href":"https:\/\/manurefetish.com\/es\/wp-json\/wp\/v2\/product"}],"about":[{"href":"https:\/\/manurefetish.com\/es\/wp-json\/wp\/v2\/types\/product"}],"replies":[{"embeddable":true,"href":"https:\/\/manurefetish.com\/es\/wp-json\/wp\/v2\/comments?post=50569"}],"version-history":[{"count":0,"href":"https:\/\/manurefetish.com\/es\/wp-json\/wp\/v2\/product\/50569\/revisions"}],"wp:featuredmedia":[{"embeddable":true,"href":"https:\/\/manurefetish.com\/es\/wp-json\/wp\/v2\/media\/199444"}],"wp:attachment":[{"href":"https:\/\/manurefetish.com\/es\/wp-json\/wp\/v2\/media?parent=50569"}],"wp:term":[{"taxonomy":"product_brand","embeddable":true,"href":"https:\/\/manurefetish.com\/es\/wp-json\/wp\/v2\/product_brand?post=50569"},{"taxonomy":"product_cat","embeddable":true,"href":"https:\/\/manurefetish.com\/es\/wp-json\/wp\/v2\/product_cat?post=50569"},{"taxonomy":"product_tag","embeddable":true,"href":"https:\/\/manurefetish.com\/es\/wp-json\/wp\/v2\/product_tag?post=50569"}],"curies":[{"name":"wp","href":"https:\/\/api.w.org\/{rel}","templated":true}]}}