{"id":49029,"date":"2022-04-28T02:08:00","date_gmt":"2022-04-28T00:08:00","guid":{"rendered":"https:\/\/manurefetish.com\/?post_type=product&#038;p=49029"},"modified":"2026-03-24T17:10:15","modified_gmt":"2026-03-24T16:10:15","slug":"manure-shower","status":"publish","type":"product","link":"https:\/\/manurefetish.com\/es\/shop\/videos\/manure-shower\/","title":{"rendered":"Ducha de esti\u00e9rcol"},"content":{"rendered":"<p><span style=\"font-weight: 400;\">A Lyndra Lynn le encanta explorar cosas nuevas. Hoy quiere probar la nueva Ducha de Esti\u00e9rcol, que es m\u00e1s agradable que ba\u00f1arse en esti\u00e9rcol de vaca caliente. Tira de la cadena y est\u00e1 deseando que el esti\u00e9rcol caiga sobre ella. El esti\u00e9rcol empieza a fluir lentamente al principio, pero se acelera r\u00e1pidamente. Se coloca justo debajo de la tuber\u00eda y primero se cubre el pecho, pero luego quiere vivir la experiencia completa. Sostiene la cabeza bajo el flujo descuidado de esti\u00e9rcol de vaca y lo disfruta visiblemente. Por supuesto, eso la excita, as\u00ed que empieza a desnudarse y a dejar que todo gotee sobre ella. Se tumba en la palangana y se cubre ahora por completo. Coloc\u00f3 su co\u00f1o justo debajo de la tuber\u00eda, de modo que el esti\u00e9rcol de vaca goteaba directamente sobre su co\u00f1o, lo que es una sensaci\u00f3n extremadamente agradable que la excita mucho. Empieza a jugar con el esti\u00e9rcol y coge su consolador para follarse su co\u00f1o mojado. Lyndra disfruta mucho de la experiencia y no se contiene, vuelve a sostener la cabeza bajo la tuber\u00eda que gotea para que los grandes y descuidados trozos de mierda de vaca vuelvan a chorrear por toda su cara, incluso abre la boca porque quiere saborearla. Al final se masturba con su consolador mientras el cremoso esti\u00e9rcol golpea con fuerza su cl\u00edtoris.<\/span><\/p>","protected":false},"excerpt":{"rendered":"<p>Lyndra Lynn loves exploring new things. Today she wants to try out the new Manure Shower, which is nicer than bathing in hot cow dung. She pulls on the chain and can hardly wait till the manure flows down on her. The manure starts flowing slowly at first but it gets faster quickly. She stands [&hellip;]<\/p>\n","protected":false},"featured_media":199005,"comment_status":"open","ping_status":"closed","template":"","meta":{"_acf_changed":false,"site-sidebar-layout":"default","site-content-layout":"","ast-site-content-layout":"default","site-content-style":"default","site-sidebar-style":"default","ast-global-header-display":"","ast-banner-title-visibility":"","ast-main-header-display":"","ast-hfb-above-header-display":"","ast-hfb-below-header-display":"","ast-hfb-mobile-header-display":"","site-post-title":"","ast-breadcrumbs-content":"","ast-featured-img":"","footer-sml-layout":"","ast-disable-related-posts":"","theme-transparent-header-meta":"default","adv-header-id-meta":"","stick-header-meta":"","header-above-stick-meta":"","header-main-stick-meta":"","header-below-stick-meta":"","astra-migrate-meta-layouts":"set","ast-page-background-enabled":"default","ast-page-background-meta":{"desktop":{"background-color":"var(--ast-global-color-4)","background-image":"","background-repeat":"repeat","background-position":"center center","background-size":"auto","background-attachment":"scroll","background-type":"","background-media":"","overlay-type":"","overlay-color":"","overlay-opacity":"","overlay-gradient":""},"tablet":{"background-color":"","background-image":"","background-repeat":"repeat","background-position":"center center","background-size":"auto","background-attachment":"scroll","background-type":"","background-media":"","overlay-type":"","overlay-color":"","overlay-opacity":"","overlay-gradient":""},"mobile":{"background-color":"","background-image":"","background-repeat":"repeat","background-position":"center center","background-size":"auto","background-attachment":"scroll","background-type":"","background-media":"","overlay-type":"","overlay-color":"","overlay-opacity":"","overlay-gradient":""}},"ast-content-background-meta":{"desktop":{"background-color":"var(--ast-global-color-5)","background-image":"","background-repeat":"repeat","background-position":"center center","background-size":"auto","background-attachment":"scroll","background-type":"","background-media":"","overlay-type":"","overlay-color":"","overlay-opacity":"","overlay-gradient":""},"tablet":{"background-color":"var(--ast-global-color-5)","background-image":"","background-repeat":"repeat","background-position":"center center","background-size":"auto","background-attachment":"scroll","background-type":"","background-media":"","overlay-type":"","overlay-color":"","overlay-opacity":"","overlay-gradient":""},"mobile":{"background-color":"var(--ast-global-color-5)","background-image":"","background-repeat":"repeat","background-position":"center center","background-size":"auto","background-attachment":"scroll","background-type":"","background-media":"","overlay-type":"","overlay-color":"","overlay-opacity":"","overlay-gradient":""}}},"product_brand":[],"product_cat":[4470],"product_tag":[317,3295,2395,318,66,2508,2631,2621,316,64,2557,3030,56,320,54,2419,2841,18,3348,3174,65,35,32,3408,4482,53,277,2832,3298,319,2368,3233],"class_list":{"0":"post-49029","1":"product","2":"type-product","3":"status-publish","4":"has-post-thumbnail","6":"product_cat-videos","7":"product_tag-asshole","8":"product_tag-basin","9":"product_tag-bikini","10":"product_tag-boobs","11":"product_tag-clothed","12":"product_tag-clothes","13":"product_tag-completely-covered","14":"product_tag-cow-dung","15":"product_tag-cunt","16":"product_tag-dildo","17":"product_tag-doggy-style","18":"product_tag-download","19":"product_tag-erotic","20":"product_tag-feet","21":"product_tag-full-covered","22":"product_tag-full-hd","23":"product_tag-lyndra-lynn","24":"product_tag-manure","25":"product_tag-manure-shower","26":"product_tag-missionary","27":"product_tag-naked","28":"product_tag-orgasm","29":"product_tag-pussy","30":"product_tag-season-3","31":"product_tag-sex-in-cowshit","32":"product_tag-shower","33":"product_tag-slurry-bath","34":"product_tag-smearing","35":"product_tag-solo","36":"product_tag-tits","37":"product_tag-ultra-hd","38":"product_tag-waifu","39":"pa_audio-info-stereo","40":"pa_format-mp4","41":"pa_length-24-minutes","42":"pa_product-type-digital-download-full-hd-video","43":"pa_product-type-digital-download-ultra-hd-video","44":"pa_product-type-usb-stick","45":"pa_size-fhd-541-gb","46":"pa_size-uhd-878-gb","47":"pa_video-info-full-hd-1920x1080p","48":"pa_video-info-ultra-hd-4k","49":"desktop-align-center","50":"tablet-align-left","51":"mobile-align-left","53":"first","54":"instock","55":"shipping-taxable","56":"purchasable","57":"product-type-variable","58":"has-default-attributes"},"exclude_global_add_ons":[],"addons":[],"acf":[],"yoast_head":"<!-- This site is optimized with the Yoast SEO Premium plugin v27.1 (Yoast SEO v27.1.1) - https:\/\/yoast.com\/product\/yoast-seo-premium-wordpress\/ -->\n<title>Manure Shower - ManureFetish - Bathing in Cowshit<\/title>\n<meta name=\"description\" content=\"Manure Shower, Lyndra Lynn takes a shower with cowshit. She enjoys being covered from head to toe in the creamy slurry\" \/>\n<meta name=\"robots\" content=\"index, follow, max-snippet:-1, max-image-preview:large, max-video-preview:-1\" \/>\n<link rel=\"canonical\" href=\"https:\/\/manurefetish.com\/es\/shop\/videos\/manure-shower\/\" \/>\n<meta property=\"og:locale\" content=\"es_ES\" \/>\n<meta property=\"og:type\" content=\"article\" \/>\n<meta property=\"og:title\" content=\"Manure Shower\" \/>\n<meta property=\"og:description\" content=\"Manure Shower, Lyndra Lynn takes a shower with cowshit. She enjoys being covered from head to toe in the creamy slurry\" \/>\n<meta property=\"og:url\" content=\"https:\/\/manurefetish.com\/es\/shop\/videos\/manure-shower\/\" \/>\n<meta property=\"og:site_name\" content=\"ManureFetish\" \/>\n<meta property=\"article:publisher\" content=\"https:\/\/www.facebook.com\/manurefetish\/\" \/>\n<meta property=\"article:modified_time\" content=\"2026-03-24T16:10:15+00:00\" \/>\n<meta property=\"og:image\" content=\"https:\/\/manurefetish.com\/wp-content\/uploads\/2022\/04\/Lyndra-Lynn-Manure-Shower.jpg\" \/>\n\t<meta property=\"og:image:width\" content=\"1728\" \/>\n\t<meta property=\"og:image:height\" content=\"576\" \/>\n\t<meta property=\"og:image:type\" content=\"image\/jpeg\" \/>\n<meta name=\"twitter:card\" content=\"summary_large_image\" \/>\n<meta name=\"twitter:site\" content=\"@Manurefetisch\" \/>\n<script type=\"application\/ld+json\" class=\"yoast-schema-graph\">{\"@context\":\"https:\/\/schema.org\",\"@graph\":[{\"@type\":\"WebPage\",\"@id\":\"https:\/\/manurefetish.com\/shop\/videos\/manure-shower\/\",\"url\":\"https:\/\/manurefetish.com\/shop\/videos\/manure-shower\/\",\"name\":\"Manure Shower - ManureFetish - Bathing in Cowshit\",\"isPartOf\":{\"@id\":\"https:\/\/manurefetish.com\/#website\"},\"primaryImageOfPage\":{\"@id\":\"https:\/\/manurefetish.com\/shop\/videos\/manure-shower\/#primaryimage\"},\"image\":{\"@id\":\"https:\/\/manurefetish.com\/shop\/videos\/manure-shower\/#primaryimage\"},\"thumbnailUrl\":\"https:\/\/manurefetish.b-cdn.net\/wp-content\/uploads\/2022\/04\/Lyndra-Lynn-Manure-Shower.jpg\",\"datePublished\":\"2022-04-28T00:08:00+00:00\",\"dateModified\":\"2026-03-24T16:10:15+00:00\",\"description\":\"Manure Shower, Lyndra Lynn takes a shower with cowshit. She enjoys being covered from head to toe in the creamy slurry\",\"breadcrumb\":{\"@id\":\"https:\/\/manurefetish.com\/shop\/videos\/manure-shower\/#breadcrumb\"},\"inLanguage\":\"es\",\"potentialAction\":[{\"@type\":\"ReadAction\",\"target\":[\"https:\/\/manurefetish.com\/shop\/videos\/manure-shower\/\"]}]},{\"@type\":\"ImageObject\",\"inLanguage\":\"es\",\"@id\":\"https:\/\/manurefetish.com\/shop\/videos\/manure-shower\/#primaryimage\",\"url\":\"https:\/\/manurefetish.b-cdn.net\/wp-content\/uploads\/2022\/04\/Lyndra-Lynn-Manure-Shower.jpg\",\"contentUrl\":\"https:\/\/manurefetish.b-cdn.net\/wp-content\/uploads\/2022\/04\/Lyndra-Lynn-Manure-Shower.jpg\",\"width\":1728,\"height\":576},{\"@type\":\"BreadcrumbList\",\"@id\":\"https:\/\/manurefetish.com\/shop\/videos\/manure-shower\/#breadcrumb\",\"itemListElement\":[{\"@type\":\"ListItem\",\"position\":1,\"name\":\"Home\",\"item\":\"https:\/\/manurefetish.com\/\"},{\"@type\":\"ListItem\",\"position\":2,\"name\":\"Shop\",\"item\":\"https:\/\/manurefetish.com\/shop\/\"},{\"@type\":\"ListItem\",\"position\":3,\"name\":\"Videos\",\"item\":\"https:\/\/manurefetish.com\/product-category\/videos\/\"},{\"@type\":\"ListItem\",\"position\":4,\"name\":\"Manure Shower\"}]},{\"@type\":\"WebSite\",\"@id\":\"https:\/\/manurefetish.com\/#website\",\"url\":\"https:\/\/manurefetish.com\/\",\"name\":\"ManureFetish\",\"description\":\"ManureFetish Shop\",\"publisher\":{\"@id\":\"https:\/\/manurefetish.com\/#organization\"},\"potentialAction\":[{\"@type\":\"SearchAction\",\"target\":{\"@type\":\"EntryPoint\",\"urlTemplate\":\"https:\/\/manurefetish.com\/?s={search_term_string}\"},\"query-input\":{\"@type\":\"PropertyValueSpecification\",\"valueRequired\":true,\"valueName\":\"search_term_string\"}}],\"inLanguage\":\"es\"},{\"@type\":\"Organization\",\"@id\":\"https:\/\/manurefetish.com\/#organization\",\"name\":\"ManureFetish.com\",\"url\":\"https:\/\/manurefetish.com\/\",\"logo\":{\"@type\":\"ImageObject\",\"inLanguage\":\"es\",\"@id\":\"https:\/\/manurefetish.com\/#\/schema\/logo\/image\/\",\"url\":\"https:\/\/manurefetish.com\/wp-content\/uploads\/2019\/06\/1000xmanurefetishcom-michaela-logo-website-shop.png\",\"contentUrl\":\"https:\/\/manurefetish.com\/wp-content\/uploads\/2019\/06\/1000xmanurefetishcom-michaela-logo-website-shop.png\",\"width\":1000,\"height\":632,\"caption\":\"ManureFetish.com\"},\"image\":{\"@id\":\"https:\/\/manurefetish.com\/#\/schema\/logo\/image\/\"},\"sameAs\":[\"https:\/\/www.facebook.com\/manurefetish\/\",\"https:\/\/x.com\/Manurefetisch\",\"https:\/\/www.youtube.com\/c\/ManureFetish\"],\"description\":\"We're creating various fetish content with female and male models alike.\",\"foundingDate\":\"2019-07-04\",\"vatID\":\"DE366928521\",\"numberOfEmployees\":{\"@type\":\"QuantitativeValue\",\"minValue\":\"1\",\"maxValue\":\"10\"}}]}<\/script>\n<meta property=\"og:availability\" content=\"instock\" \/>\n<meta property=\"product:availability\" content=\"instock\" \/>\n<meta property=\"product:retailer_item_id\" content=\"MFW-MS\" \/>\n<meta property=\"product:condition\" content=\"new\" \/>\n<!-- \/ Yoast SEO Premium plugin. -->","yoast_head_json":{"title":"Ducha de Esti\u00e9rcol - ManureFetish - Ba\u00f1arse en Mierda de Vaca","description":"Ducha de Esti\u00e9rcol, Lyndra Lynn se ducha con mierda de vaca. Disfruta cubri\u00e9ndose de pies a cabeza con el cremoso esti\u00e9rcol.","robots":{"index":"index","follow":"follow","max-snippet":"max-snippet:-1","max-image-preview":"max-image-preview:large","max-video-preview":"max-video-preview:-1"},"canonical":"https:\/\/manurefetish.com\/es\/shop\/videos\/manure-shower\/","og_locale":"es_ES","og_type":"article","og_title":"Manure Shower","og_description":"Manure Shower, Lyndra Lynn takes a shower with cowshit. She enjoys being covered from head to toe in the creamy slurry","og_url":"https:\/\/manurefetish.com\/es\/shop\/videos\/manure-shower\/","og_site_name":"ManureFetish","article_publisher":"https:\/\/www.facebook.com\/manurefetish\/","article_modified_time":"2026-03-24T16:10:15+00:00","og_image":[{"width":1728,"height":576,"url":"https:\/\/manurefetish.com\/wp-content\/uploads\/2022\/04\/Lyndra-Lynn-Manure-Shower.jpg","type":"image\/jpeg"}],"twitter_card":"summary_large_image","twitter_site":"@Manurefetisch","schema":{"@context":"https:\/\/schema.org","@graph":[{"@type":"WebPage","@id":"https:\/\/manurefetish.com\/shop\/videos\/manure-shower\/","url":"https:\/\/manurefetish.com\/shop\/videos\/manure-shower\/","name":"Ducha de Esti\u00e9rcol - ManureFetish - Ba\u00f1arse en Mierda de Vaca","isPartOf":{"@id":"https:\/\/manurefetish.com\/#website"},"primaryImageOfPage":{"@id":"https:\/\/manurefetish.com\/shop\/videos\/manure-shower\/#primaryimage"},"image":{"@id":"https:\/\/manurefetish.com\/shop\/videos\/manure-shower\/#primaryimage"},"thumbnailUrl":"https:\/\/manurefetish.b-cdn.net\/wp-content\/uploads\/2022\/04\/Lyndra-Lynn-Manure-Shower.jpg","datePublished":"2022-04-28T00:08:00+00:00","dateModified":"2026-03-24T16:10:15+00:00","description":"Ducha de Esti\u00e9rcol, Lyndra Lynn se ducha con mierda de vaca. Disfruta cubri\u00e9ndose de pies a cabeza con el cremoso esti\u00e9rcol.","breadcrumb":{"@id":"https:\/\/manurefetish.com\/shop\/videos\/manure-shower\/#breadcrumb"},"inLanguage":"es","potentialAction":[{"@type":"ReadAction","target":["https:\/\/manurefetish.com\/shop\/videos\/manure-shower\/"]}]},{"@type":"ImageObject","inLanguage":"es","@id":"https:\/\/manurefetish.com\/shop\/videos\/manure-shower\/#primaryimage","url":"https:\/\/manurefetish.b-cdn.net\/wp-content\/uploads\/2022\/04\/Lyndra-Lynn-Manure-Shower.jpg","contentUrl":"https:\/\/manurefetish.b-cdn.net\/wp-content\/uploads\/2022\/04\/Lyndra-Lynn-Manure-Shower.jpg","width":1728,"height":576},{"@type":"BreadcrumbList","@id":"https:\/\/manurefetish.com\/shop\/videos\/manure-shower\/#breadcrumb","itemListElement":[{"@type":"ListItem","position":1,"name":"Home","item":"https:\/\/manurefetish.com\/"},{"@type":"ListItem","position":2,"name":"Shop","item":"https:\/\/manurefetish.com\/shop\/"},{"@type":"ListItem","position":3,"name":"Videos","item":"https:\/\/manurefetish.com\/product-category\/videos\/"},{"@type":"ListItem","position":4,"name":"Manure Shower"}]},{"@type":"WebSite","@id":"https:\/\/manurefetish.com\/#website","url":"https:\/\/manurefetish.com\/","name":"ManureFetish","description":"ManureFetish","publisher":{"@id":"https:\/\/manurefetish.com\/#organization"},"potentialAction":[{"@type":"SearchAction","target":{"@type":"EntryPoint","urlTemplate":"https:\/\/manurefetish.com\/?s={search_term_string}"},"query-input":{"@type":"PropertyValueSpecification","valueRequired":true,"valueName":"search_term_string"}}],"inLanguage":"es"},{"@type":"Organization","@id":"https:\/\/manurefetish.com\/#organization","name":"ManureFetish.com","url":"https:\/\/manurefetish.com\/","logo":{"@type":"ImageObject","inLanguage":"es","@id":"https:\/\/manurefetish.com\/#\/schema\/logo\/image\/","url":"https:\/\/manurefetish.com\/wp-content\/uploads\/2019\/06\/1000xmanurefetishcom-michaela-logo-website-shop.png","contentUrl":"https:\/\/manurefetish.com\/wp-content\/uploads\/2019\/06\/1000xmanurefetishcom-michaela-logo-website-shop.png","width":1000,"height":632,"caption":"ManureFetish.com"},"image":{"@id":"https:\/\/manurefetish.com\/#\/schema\/logo\/image\/"},"sameAs":["https:\/\/www.facebook.com\/manurefetish\/","https:\/\/x.com\/Manurefetisch","https:\/\/www.youtube.com\/c\/ManureFetish"],"description":"Estamos creando diversos contenidos fetichistas con modelos femeninos y masculinos por igual.","foundingDate":"2019-07-04","vatID":"DE366928521","numberOfEmployees":{"@type":"QuantitativeValue","minValue":"1","maxValue":"10"}}]},"og_availability":"instock","product_availability":"instock","product_retailer_item_id":"MFW-MS","product_condition":"new"},"_links":{"self":[{"href":"https:\/\/manurefetish.com\/es\/wp-json\/wp\/v2\/product\/49029","targetHints":{"allow":["GET"]}}],"collection":[{"href":"https:\/\/manurefetish.com\/es\/wp-json\/wp\/v2\/product"}],"about":[{"href":"https:\/\/manurefetish.com\/es\/wp-json\/wp\/v2\/types\/product"}],"replies":[{"embeddable":true,"href":"https:\/\/manurefetish.com\/es\/wp-json\/wp\/v2\/comments?post=49029"}],"version-history":[{"count":0,"href":"https:\/\/manurefetish.com\/es\/wp-json\/wp\/v2\/product\/49029\/revisions"}],"wp:featuredmedia":[{"embeddable":true,"href":"https:\/\/manurefetish.com\/es\/wp-json\/wp\/v2\/media\/199005"}],"wp:attachment":[{"href":"https:\/\/manurefetish.com\/es\/wp-json\/wp\/v2\/media?parent=49029"}],"wp:term":[{"taxonomy":"product_brand","embeddable":true,"href":"https:\/\/manurefetish.com\/es\/wp-json\/wp\/v2\/product_brand?post=49029"},{"taxonomy":"product_cat","embeddable":true,"href":"https:\/\/manurefetish.com\/es\/wp-json\/wp\/v2\/product_cat?post=49029"},{"taxonomy":"product_tag","embeddable":true,"href":"https:\/\/manurefetish.com\/es\/wp-json\/wp\/v2\/product_tag?post=49029"}],"curies":[{"name":"wp","href":"https:\/\/api.w.org\/{rel}","templated":true}]}}