{"id":46637,"date":"2022-02-26T14:17:42","date_gmt":"2022-02-26T13:17:42","guid":{"rendered":"https:\/\/manurefetish.com\/?post_type=product&#038;p=46637"},"modified":"2026-03-24T17:11:25","modified_gmt":"2026-03-24T16:11:25","slug":"dung-prison","status":"publish","type":"product","link":"https:\/\/manurefetish.com\/es\/shop\/videos\/dung-prison\/","title":{"rendered":"Prisi\u00f3n de Dung"},"content":{"rendered":"<p>Durante el turno de la guardia Lyndra Lynn, el preso Franky apestaba en toda la celda e incluso lleg\u00f3 a la habitaci\u00f3n de la guardia. As\u00ed que la guardia Lynn se ocup\u00f3 del maloliente Franky. Lo condujo esposado a la ducha. La guardia Lynn duch\u00f3 a Franky varias veces con un cubo lleno de dung de vaca, incluso las axilas de donde proven\u00eda la mayor parte del hedor no se salvaron. Cuando todo el hedor de Franky desapareci\u00f3, ella se ocup\u00f3 de \u00e9l. Para tal comportamiento, hay un tratamiento adecuado. As\u00ed que la guardia Lynn saca la porra y le folla el culo a fondo. Pero eso no fue suficiente para ella. Asi que agarro su strap-on y se lo puso para poder follar duro a Franky. Pero por supuesto \u00e9l no estaba limpio all\u00ed abajo tampoco y empuj\u00f3 todo fuera. Pero eso no le gusto a la guardia Lynn y ella lo cubrio con el y le metio el pu\u00f1o despues. La guardia Lynn estaba cansada y tambien queria su diversion, asi que le quito las esposas a Franky pero el aprovecho la oportunidad y la agarro y la tiro a la piscina llena de vaca dung. Ella se asust\u00f3 e intent\u00f3 controlar la situaci\u00f3n, pero Franky ya le hab\u00eda puesto las esposas. Por supuesto, Franky no olvid\u00f3 c\u00f3mo le hab\u00eda tratado, as\u00ed que le dio un buen repaso y se asegur\u00f3 de que no se escapara. Al final, el guardia Lynn recibi\u00f3 una buena carga de manure del barril y Franky escap\u00f3 del correccional Dung.<\/p>","protected":false},"excerpt":{"rendered":"<p>During prison guard Lyndra Lynn&#8217;s shift, prisoner Franky was stinking up the whole cell and it even got to the guard&#8217;s room. So guard Lynn took care of the smelly Franky. She led him in handcuffs to the shower basin. Guard Lynn showered Franky several times with a bucket full of cow dung, even the [&hellip;]<\/p>\n","protected":false},"featured_media":198968,"comment_status":"open","ping_status":"closed","template":"","meta":{"_acf_changed":false,"site-sidebar-layout":"default","site-content-layout":"","ast-site-content-layout":"default","site-content-style":"default","site-sidebar-style":"default","ast-global-header-display":"","ast-banner-title-visibility":"","ast-main-header-display":"","ast-hfb-above-header-display":"","ast-hfb-below-header-display":"","ast-hfb-mobile-header-display":"","site-post-title":"","ast-breadcrumbs-content":"","ast-featured-img":"","footer-sml-layout":"","ast-disable-related-posts":"","theme-transparent-header-meta":"default","adv-header-id-meta":"","stick-header-meta":"","header-above-stick-meta":"","header-main-stick-meta":"","header-below-stick-meta":"","astra-migrate-meta-layouts":"set","ast-page-background-enabled":"default","ast-page-background-meta":{"desktop":{"background-color":"var(--ast-global-color-4)","background-image":"","background-repeat":"repeat","background-position":"center center","background-size":"auto","background-attachment":"scroll","background-type":"","background-media":"","overlay-type":"","overlay-color":"","overlay-opacity":"","overlay-gradient":""},"tablet":{"background-color":"","background-image":"","background-repeat":"repeat","background-position":"center center","background-size":"auto","background-attachment":"scroll","background-type":"","background-media":"","overlay-type":"","overlay-color":"","overlay-opacity":"","overlay-gradient":""},"mobile":{"background-color":"","background-image":"","background-repeat":"repeat","background-position":"center center","background-size":"auto","background-attachment":"scroll","background-type":"","background-media":"","overlay-type":"","overlay-color":"","overlay-opacity":"","overlay-gradient":""}},"ast-content-background-meta":{"desktop":{"background-color":"var(--ast-global-color-5)","background-image":"","background-repeat":"repeat","background-position":"center center","background-size":"auto","background-attachment":"scroll","background-type":"","background-media":"","overlay-type":"","overlay-color":"","overlay-opacity":"","overlay-gradient":""},"tablet":{"background-color":"var(--ast-global-color-5)","background-image":"","background-repeat":"repeat","background-position":"center center","background-size":"auto","background-attachment":"scroll","background-type":"","background-media":"","overlay-type":"","overlay-color":"","overlay-opacity":"","overlay-gradient":""},"mobile":{"background-color":"var(--ast-global-color-5)","background-image":"","background-repeat":"repeat","background-position":"center center","background-size":"auto","background-attachment":"scroll","background-type":"","background-media":"","overlay-type":"","overlay-color":"","overlay-opacity":"","overlay-gradient":""}}},"product_brand":[],"product_cat":[4470],"product_tag":[17,317,3249,2785,3435,318,66,2281,2842,2551,2621,316,64,2557,3030,2624,2304,2438,2552,54,2419,2841,2285,2206,3174,65,35,2482,3247,3244,3245,2685,3246,32,3408,34,4482,24,277,2709,29,319],"class_list":{"0":"post-46637","1":"product","2":"type-product","3":"status-publish","4":"has-post-thumbnail","6":"product_cat-videos","7":"product_tag-anal","8":"product_tag-asshole","9":"product_tag-baton","10":"product_tag-bdsm","11":"product_tag-bondage-2","12":"product_tag-boobs","13":"product_tag-clothed","14":"product_tag-completely-submerged","15":"product_tag-cosplay","16":"product_tag-couple","17":"product_tag-cow-dung","18":"product_tag-cunt","19":"product_tag-dildo","20":"product_tag-doggy-style","21":"product_tag-download","22":"product_tag-farm","23":"product_tag-farm-porn","24":"product_tag-franky","25":"product_tag-fucking","26":"product_tag-full-covered","27":"product_tag-full-hd","28":"product_tag-lyndra-lynn","29":"product_tag-masturbate","30":"product_tag-masturbation","31":"product_tag-missionary","32":"product_tag-naked","33":"product_tag-orgasm","34":"product_tag-peeing","35":"product_tag-pegging","36":"product_tag-prison","37":"product_tag-prison-guard","38":"product_tag-prostate","39":"product_tag-prostate-massage","40":"product_tag-pussy","41":"product_tag-season-3","42":"product_tag-sex","43":"product_tag-sex-in-cowshit","44":"product_tag-slurry","45":"product_tag-slurry-bath","46":"product_tag-strapon","47":"product_tag-submerging","48":"product_tag-tits","49":"pa_audio-info-stereo","50":"pa_format-mp4","51":"pa_length-44-minutes","52":"pa_product-type-digital-download-full-hd-video","53":"pa_product-type-digital-download-ultra-hd-video","54":"pa_product-type-usb-stick","55":"pa_size-10-3-gb","56":"pa_video-info-1920x1080p-2","57":"desktop-align-center","58":"tablet-align-left","59":"mobile-align-left","61":"first","62":"instock","63":"shipping-taxable","64":"purchasable","65":"product-type-variable","66":"has-default-attributes"},"exclude_global_add_ons":[],"addons":[],"acf":[],"yoast_head":"<!-- This site is optimized with the Yoast SEO Premium plugin v27.1 (Yoast SEO v27.1.1) - https:\/\/yoast.com\/product\/yoast-seo-premium-wordpress\/ -->\n<title>Dung Prison - ManureFetish - punished and fucked in cow shit<\/title>\n<meta name=\"description\" content=\"Dung Prison, Franky got caught smuggling dung. He is now treated at the Jail by the Guard Lyndra lynn who punishes him in different ways.\" \/>\n<meta name=\"robots\" content=\"index, follow, max-snippet:-1, max-image-preview:large, max-video-preview:-1\" \/>\n<link rel=\"canonical\" href=\"https:\/\/manurefetish.com\/es\/shop\/videos\/dung-prison\/\" \/>\n<meta property=\"og:locale\" content=\"es_ES\" \/>\n<meta property=\"og:type\" content=\"article\" \/>\n<meta property=\"og:title\" content=\"Dung Prison\" \/>\n<meta property=\"og:description\" content=\"Dung Prison, Franky got caught smuggling dung. He is now treated at the Jail by the Guard Lyndra lynn who punishes him in different ways.\" \/>\n<meta property=\"og:url\" content=\"https:\/\/manurefetish.com\/es\/shop\/videos\/dung-prison\/\" \/>\n<meta property=\"og:site_name\" content=\"ManureFetish\" \/>\n<meta property=\"article:publisher\" content=\"https:\/\/www.facebook.com\/manurefetish\/\" \/>\n<meta property=\"article:modified_time\" content=\"2026-03-24T16:11:25+00:00\" \/>\n<meta property=\"og:image\" content=\"https:\/\/manurefetish.com\/wp-content\/uploads\/2022\/02\/JVA-Dung.jpg\" \/>\n\t<meta property=\"og:image:width\" content=\"1728\" \/>\n\t<meta property=\"og:image:height\" content=\"576\" \/>\n\t<meta property=\"og:image:type\" content=\"image\/jpeg\" \/>\n<meta name=\"twitter:card\" content=\"summary_large_image\" \/>\n<meta name=\"twitter:site\" content=\"@Manurefetisch\" \/>\n<script type=\"application\/ld+json\" class=\"yoast-schema-graph\">{\"@context\":\"https:\/\/schema.org\",\"@graph\":[{\"@type\":\"WebPage\",\"@id\":\"https:\/\/manurefetish.com\/shop\/videos\/dung-prison\/\",\"url\":\"https:\/\/manurefetish.com\/shop\/videos\/dung-prison\/\",\"name\":\"Dung Prison - ManureFetish - punished and fucked in cow shit\",\"isPartOf\":{\"@id\":\"https:\/\/manurefetish.com\/#website\"},\"primaryImageOfPage\":{\"@id\":\"https:\/\/manurefetish.com\/shop\/videos\/dung-prison\/#primaryimage\"},\"image\":{\"@id\":\"https:\/\/manurefetish.com\/shop\/videos\/dung-prison\/#primaryimage\"},\"thumbnailUrl\":\"https:\/\/manurefetish.b-cdn.net\/wp-content\/uploads\/2022\/02\/JVA-Dung.jpg\",\"datePublished\":\"2022-02-26T13:17:42+00:00\",\"dateModified\":\"2026-03-24T16:11:25+00:00\",\"description\":\"Dung Prison, Franky got caught smuggling dung. He is now treated at the Jail by the Guard Lyndra lynn who punishes him in different ways.\",\"breadcrumb\":{\"@id\":\"https:\/\/manurefetish.com\/shop\/videos\/dung-prison\/#breadcrumb\"},\"inLanguage\":\"es\",\"potentialAction\":[{\"@type\":\"ReadAction\",\"target\":[\"https:\/\/manurefetish.com\/shop\/videos\/dung-prison\/\"]}]},{\"@type\":\"ImageObject\",\"inLanguage\":\"es\",\"@id\":\"https:\/\/manurefetish.com\/shop\/videos\/dung-prison\/#primaryimage\",\"url\":\"https:\/\/manurefetish.b-cdn.net\/wp-content\/uploads\/2022\/02\/JVA-Dung.jpg\",\"contentUrl\":\"https:\/\/manurefetish.b-cdn.net\/wp-content\/uploads\/2022\/02\/JVA-Dung.jpg\",\"width\":1728,\"height\":576},{\"@type\":\"BreadcrumbList\",\"@id\":\"https:\/\/manurefetish.com\/shop\/videos\/dung-prison\/#breadcrumb\",\"itemListElement\":[{\"@type\":\"ListItem\",\"position\":1,\"name\":\"Home\",\"item\":\"https:\/\/manurefetish.com\/\"},{\"@type\":\"ListItem\",\"position\":2,\"name\":\"Shop\",\"item\":\"https:\/\/manurefetish.com\/shop\/\"},{\"@type\":\"ListItem\",\"position\":3,\"name\":\"Videos\",\"item\":\"https:\/\/manurefetish.com\/product-category\/videos\/\"},{\"@type\":\"ListItem\",\"position\":4,\"name\":\"Dung Prison\"}]},{\"@type\":\"WebSite\",\"@id\":\"https:\/\/manurefetish.com\/#website\",\"url\":\"https:\/\/manurefetish.com\/\",\"name\":\"ManureFetish\",\"description\":\"ManureFetish Shop\",\"publisher\":{\"@id\":\"https:\/\/manurefetish.com\/#organization\"},\"potentialAction\":[{\"@type\":\"SearchAction\",\"target\":{\"@type\":\"EntryPoint\",\"urlTemplate\":\"https:\/\/manurefetish.com\/?s={search_term_string}\"},\"query-input\":{\"@type\":\"PropertyValueSpecification\",\"valueRequired\":true,\"valueName\":\"search_term_string\"}}],\"inLanguage\":\"es\"},{\"@type\":\"Organization\",\"@id\":\"https:\/\/manurefetish.com\/#organization\",\"name\":\"ManureFetish.com\",\"url\":\"https:\/\/manurefetish.com\/\",\"logo\":{\"@type\":\"ImageObject\",\"inLanguage\":\"es\",\"@id\":\"https:\/\/manurefetish.com\/#\/schema\/logo\/image\/\",\"url\":\"https:\/\/manurefetish.com\/wp-content\/uploads\/2019\/06\/1000xmanurefetishcom-michaela-logo-website-shop.png\",\"contentUrl\":\"https:\/\/manurefetish.com\/wp-content\/uploads\/2019\/06\/1000xmanurefetishcom-michaela-logo-website-shop.png\",\"width\":1000,\"height\":632,\"caption\":\"ManureFetish.com\"},\"image\":{\"@id\":\"https:\/\/manurefetish.com\/#\/schema\/logo\/image\/\"},\"sameAs\":[\"https:\/\/www.facebook.com\/manurefetish\/\",\"https:\/\/x.com\/Manurefetisch\",\"https:\/\/www.youtube.com\/c\/ManureFetish\"],\"description\":\"We're creating various fetish content with female and male models alike.\",\"foundingDate\":\"2019-07-04\",\"vatID\":\"DE366928521\",\"numberOfEmployees\":{\"@type\":\"QuantitativeValue\",\"minValue\":\"1\",\"maxValue\":\"10\"}}]}<\/script>\n<meta property=\"og:availability\" content=\"instock\" \/>\n<meta property=\"product:availability\" content=\"instock\" \/>\n<meta property=\"product:retailer_item_id\" content=\"MFW-DP\" \/>\n<meta property=\"product:condition\" content=\"new\" \/>\n<!-- \/ Yoast SEO Premium plugin. -->","yoast_head_json":{"title":"Prisi\u00f3n de Esti\u00e9rcol - ManureFetish - castigado y follado en mierda de vaca","description":"En la C\u00e1rcel del Esti\u00e9rcol, Franky fue pillado traficando con esti\u00e9rcol. Ahora es tratado en la C\u00e1rcel por la Guardia Lyndra lynn que le castiga de diferentes maneras.","robots":{"index":"index","follow":"follow","max-snippet":"max-snippet:-1","max-image-preview":"max-image-preview:large","max-video-preview":"max-video-preview:-1"},"canonical":"https:\/\/manurefetish.com\/es\/shop\/videos\/dung-prison\/","og_locale":"es_ES","og_type":"article","og_title":"Dung Prison","og_description":"Dung Prison, Franky got caught smuggling dung. He is now treated at the Jail by the Guard Lyndra lynn who punishes him in different ways.","og_url":"https:\/\/manurefetish.com\/es\/shop\/videos\/dung-prison\/","og_site_name":"ManureFetish","article_publisher":"https:\/\/www.facebook.com\/manurefetish\/","article_modified_time":"2026-03-24T16:11:25+00:00","og_image":[{"width":1728,"height":576,"url":"https:\/\/manurefetish.com\/wp-content\/uploads\/2022\/02\/JVA-Dung.jpg","type":"image\/jpeg"}],"twitter_card":"summary_large_image","twitter_site":"@Manurefetisch","schema":{"@context":"https:\/\/schema.org","@graph":[{"@type":"WebPage","@id":"https:\/\/manurefetish.com\/shop\/videos\/dung-prison\/","url":"https:\/\/manurefetish.com\/shop\/videos\/dung-prison\/","name":"Prisi\u00f3n de Esti\u00e9rcol - ManureFetish - castigado y follado en mierda de vaca","isPartOf":{"@id":"https:\/\/manurefetish.com\/#website"},"primaryImageOfPage":{"@id":"https:\/\/manurefetish.com\/shop\/videos\/dung-prison\/#primaryimage"},"image":{"@id":"https:\/\/manurefetish.com\/shop\/videos\/dung-prison\/#primaryimage"},"thumbnailUrl":"https:\/\/manurefetish.b-cdn.net\/wp-content\/uploads\/2022\/02\/JVA-Dung.jpg","datePublished":"2022-02-26T13:17:42+00:00","dateModified":"2026-03-24T16:11:25+00:00","description":"En la C\u00e1rcel del Esti\u00e9rcol, Franky fue pillado traficando con esti\u00e9rcol. Ahora es tratado en la C\u00e1rcel por la Guardia Lyndra lynn que le castiga de diferentes maneras.","breadcrumb":{"@id":"https:\/\/manurefetish.com\/shop\/videos\/dung-prison\/#breadcrumb"},"inLanguage":"es","potentialAction":[{"@type":"ReadAction","target":["https:\/\/manurefetish.com\/shop\/videos\/dung-prison\/"]}]},{"@type":"ImageObject","inLanguage":"es","@id":"https:\/\/manurefetish.com\/shop\/videos\/dung-prison\/#primaryimage","url":"https:\/\/manurefetish.b-cdn.net\/wp-content\/uploads\/2022\/02\/JVA-Dung.jpg","contentUrl":"https:\/\/manurefetish.b-cdn.net\/wp-content\/uploads\/2022\/02\/JVA-Dung.jpg","width":1728,"height":576},{"@type":"BreadcrumbList","@id":"https:\/\/manurefetish.com\/shop\/videos\/dung-prison\/#breadcrumb","itemListElement":[{"@type":"ListItem","position":1,"name":"Home","item":"https:\/\/manurefetish.com\/"},{"@type":"ListItem","position":2,"name":"Shop","item":"https:\/\/manurefetish.com\/shop\/"},{"@type":"ListItem","position":3,"name":"Videos","item":"https:\/\/manurefetish.com\/product-category\/videos\/"},{"@type":"ListItem","position":4,"name":"Dung Prison"}]},{"@type":"WebSite","@id":"https:\/\/manurefetish.com\/#website","url":"https:\/\/manurefetish.com\/","name":"ManureFetish","description":"ManureFetish","publisher":{"@id":"https:\/\/manurefetish.com\/#organization"},"potentialAction":[{"@type":"SearchAction","target":{"@type":"EntryPoint","urlTemplate":"https:\/\/manurefetish.com\/?s={search_term_string}"},"query-input":{"@type":"PropertyValueSpecification","valueRequired":true,"valueName":"search_term_string"}}],"inLanguage":"es"},{"@type":"Organization","@id":"https:\/\/manurefetish.com\/#organization","name":"ManureFetish.com","url":"https:\/\/manurefetish.com\/","logo":{"@type":"ImageObject","inLanguage":"es","@id":"https:\/\/manurefetish.com\/#\/schema\/logo\/image\/","url":"https:\/\/manurefetish.com\/wp-content\/uploads\/2019\/06\/1000xmanurefetishcom-michaela-logo-website-shop.png","contentUrl":"https:\/\/manurefetish.com\/wp-content\/uploads\/2019\/06\/1000xmanurefetishcom-michaela-logo-website-shop.png","width":1000,"height":632,"caption":"ManureFetish.com"},"image":{"@id":"https:\/\/manurefetish.com\/#\/schema\/logo\/image\/"},"sameAs":["https:\/\/www.facebook.com\/manurefetish\/","https:\/\/x.com\/Manurefetisch","https:\/\/www.youtube.com\/c\/ManureFetish"],"description":"Estamos creando diversos contenidos fetichistas con modelos femeninos y masculinos por igual.","foundingDate":"2019-07-04","vatID":"DE366928521","numberOfEmployees":{"@type":"QuantitativeValue","minValue":"1","maxValue":"10"}}]},"og_availability":"instock","product_availability":"instock","product_retailer_item_id":"MFW-DP","product_condition":"new"},"_links":{"self":[{"href":"https:\/\/manurefetish.com\/es\/wp-json\/wp\/v2\/product\/46637","targetHints":{"allow":["GET"]}}],"collection":[{"href":"https:\/\/manurefetish.com\/es\/wp-json\/wp\/v2\/product"}],"about":[{"href":"https:\/\/manurefetish.com\/es\/wp-json\/wp\/v2\/types\/product"}],"replies":[{"embeddable":true,"href":"https:\/\/manurefetish.com\/es\/wp-json\/wp\/v2\/comments?post=46637"}],"version-history":[{"count":0,"href":"https:\/\/manurefetish.com\/es\/wp-json\/wp\/v2\/product\/46637\/revisions"}],"wp:featuredmedia":[{"embeddable":true,"href":"https:\/\/manurefetish.com\/es\/wp-json\/wp\/v2\/media\/198968"}],"wp:attachment":[{"href":"https:\/\/manurefetish.com\/es\/wp-json\/wp\/v2\/media?parent=46637"}],"wp:term":[{"taxonomy":"product_brand","embeddable":true,"href":"https:\/\/manurefetish.com\/es\/wp-json\/wp\/v2\/product_brand?post=46637"},{"taxonomy":"product_cat","embeddable":true,"href":"https:\/\/manurefetish.com\/es\/wp-json\/wp\/v2\/product_cat?post=46637"},{"taxonomy":"product_tag","embeddable":true,"href":"https:\/\/manurefetish.com\/es\/wp-json\/wp\/v2\/product_tag?post=46637"}],"curies":[{"name":"wp","href":"https:\/\/api.w.org\/{rel}","templated":true}]}}