{"id":46165,"date":"2022-02-15T16:00:30","date_gmt":"2022-02-15T15:00:30","guid":{"rendered":"https:\/\/manurefetish.com\/?post_type=product&#038;p=46165"},"modified":"2026-03-24T17:11:52","modified_gmt":"2026-03-24T16:11:52","slug":"wicked-betty-in-the-manure-channel-bonus","status":"publish","type":"product","link":"https:\/\/manurefetish.com\/es\/shop\/videos\/wicked-betty-in-the-manure-channel-bonus\/","title":{"rendered":"Wicked Betty en el canal de esti\u00e9rcol Bonus"},"content":{"rendered":"<p><span style=\"font-weight: 400;\">While out for a walk, Betty discovered that the cow barn was open. She went in to look at the cows and pet them. But what did her eyes see there? There was a fuckmachine! So Betty went to lick the nice dildo. But for her it was only the beginning, so she smeared and covered herself again and again with cow dung. Betty began to try out the fuckmachine, first slowly and then faster. In addition to smearing the cow dung she also had to pee. She pushed cow dung in her vagina and peed after that. To cool down a bit, she also climbed into the manure channel to submerge herself completely. After some time, Betty&#8217;s vagina had enough and you went over to her tight asshole. In addition to the pre-stretching with lubricant, she also covers herself over and over again with cow dung. Of course, it did not remain with the single submerging in the channel, so she climbed in the manure channel again and submerges herself completely one more time. After all the fun Betty then relaxed in the manure channel.<\/span><\/p>\n<h2><\/h2>\n<h4><span data-text-color=\"alert\">This is a bonus scene to the main video\u00a0<a href=\"https:\/\/manurefetish.com\/es\/shop\/women\/videos-women\/wicked-betty-in-the-manure-channel\/\" target=\"_blank\" rel=\"noopener\">Wicked Betty en el canal de esti\u00e9rcol<\/a> which features a different camera angle, as well as an additional showering scene and a few behind the scenes.<\/span><\/h4>","protected":false},"excerpt":{"rendered":"<p>While out for a walk, Betty discovered that the cow barn was open. She went in to look at the cows and pet them. But what did her eyes see there? There was a fuckmachine! So Betty went to lick the nice dildo. But for her it was only the beginning, so she smeared and [&hellip;]<\/p>\n","protected":false},"featured_media":199455,"comment_status":"open","ping_status":"closed","template":"","meta":{"_acf_changed":false,"site-sidebar-layout":"default","site-content-layout":"","ast-site-content-layout":"default","site-content-style":"default","site-sidebar-style":"default","ast-global-header-display":"","ast-banner-title-visibility":"","ast-main-header-display":"","ast-hfb-above-header-display":"","ast-hfb-below-header-display":"","ast-hfb-mobile-header-display":"","site-post-title":"","ast-breadcrumbs-content":"","ast-featured-img":"","footer-sml-layout":"","ast-disable-related-posts":"","theme-transparent-header-meta":"default","adv-header-id-meta":"","stick-header-meta":"","header-above-stick-meta":"","header-main-stick-meta":"","header-below-stick-meta":"","astra-migrate-meta-layouts":"set","ast-page-background-enabled":"default","ast-page-background-meta":{"desktop":{"background-color":"var(--ast-global-color-4)","background-image":"","background-repeat":"repeat","background-position":"center center","background-size":"auto","background-attachment":"scroll","background-type":"","background-media":"","overlay-type":"","overlay-color":"","overlay-opacity":"","overlay-gradient":""},"tablet":{"background-color":"","background-image":"","background-repeat":"repeat","background-position":"center center","background-size":"auto","background-attachment":"scroll","background-type":"","background-media":"","overlay-type":"","overlay-color":"","overlay-opacity":"","overlay-gradient":""},"mobile":{"background-color":"","background-image":"","background-repeat":"repeat","background-position":"center center","background-size":"auto","background-attachment":"scroll","background-type":"","background-media":"","overlay-type":"","overlay-color":"","overlay-opacity":"","overlay-gradient":""}},"ast-content-background-meta":{"desktop":{"background-color":"var(--ast-global-color-5)","background-image":"","background-repeat":"repeat","background-position":"center center","background-size":"auto","background-attachment":"scroll","background-type":"","background-media":"","overlay-type":"","overlay-color":"","overlay-opacity":"","overlay-gradient":""},"tablet":{"background-color":"var(--ast-global-color-5)","background-image":"","background-repeat":"repeat","background-position":"center center","background-size":"auto","background-attachment":"scroll","background-type":"","background-media":"","overlay-type":"","overlay-color":"","overlay-opacity":"","overlay-gradient":""},"mobile":{"background-color":"var(--ast-global-color-5)","background-image":"","background-repeat":"repeat","background-position":"center center","background-size":"auto","background-attachment":"scroll","background-type":"","background-media":"","overlay-type":"","overlay-color":"","overlay-opacity":"","overlay-gradient":""}}},"product_brand":[],"product_cat":[4470],"product_tag":[17,317,275,3032,2476,2395,3225,318,66,2281,2621,316,64,3030,2624,2304,2682,54,2419,52,2285,2206,65,35,2482,32,4646,4482,2683,24,277,2477,2478,29,319],"class_list":{"0":"post-46165","1":"product","2":"type-product","3":"status-publish","4":"has-post-thumbnail","6":"product_cat-videos","7":"product_tag-anal","8":"product_tag-asshole","9":"product_tag-bathtub","10":"product_tag-behind-the-scenes","11":"product_tag-betty","12":"product_tag-bikini","13":"product_tag-bonus","14":"product_tag-boobs","15":"product_tag-clothed","16":"product_tag-completely-submerged","17":"product_tag-cow-dung","18":"product_tag-cunt","19":"product_tag-dildo","20":"product_tag-download","21":"product_tag-farm","22":"product_tag-farm-porn","23":"product_tag-fuckmachine","24":"product_tag-full-covered","25":"product_tag-full-hd","26":"product_tag-manure-channel","27":"product_tag-masturbate","28":"product_tag-masturbation","29":"product_tag-naked","30":"product_tag-orgasm","31":"product_tag-peeing","32":"product_tag-pussy","33":"product_tag-season-2","34":"product_tag-sex-in-cowshit","35":"product_tag-sexmachine","36":"product_tag-slurry","37":"product_tag-slurry-bath","38":"product_tag-squirt","39":"product_tag-squirting","40":"product_tag-submerging","41":"product_tag-tits","42":"pa_audio-info-stereo","43":"pa_format-mp4","44":"pa_length-39-minutes","45":"pa_product-type-digital-download-video","46":"pa_product-type-usb-stick","47":"pa_size-99-gb","48":"pa_video-info-1920x1080p-2","49":"desktop-align-center","50":"tablet-align-left","51":"mobile-align-left","53":"first","54":"instock","55":"shipping-taxable","56":"purchasable","57":"product-type-variable","58":"has-default-attributes"},"exclude_global_add_ons":[],"addons":[],"acf":[],"yoast_head":"<!-- This site is optimized with the Yoast SEO Premium plugin v27.1 (Yoast SEO v27.1.1) - https:\/\/yoast.com\/product\/yoast-seo-premium-wordpress\/ -->\n<title>Wicked Betty in the manure channel Bonus - ManureFetish -<\/title>\n<meta name=\"description\" content=\"Wicked Betty in the manure channel Bonus, A special bonus scene with a different camera angle from wicked Betty\" \/>\n<meta name=\"robots\" content=\"index, follow, max-snippet:-1, max-image-preview:large, max-video-preview:-1\" \/>\n<link rel=\"canonical\" href=\"https:\/\/manurefetish.com\/es\/shop\/videos\/wicked-betty-in-the-manure-channel-bonus\/\" \/>\n<meta property=\"og:locale\" content=\"es_ES\" \/>\n<meta property=\"og:type\" content=\"article\" \/>\n<meta property=\"og:title\" content=\"Wicked Betty in the manure channel Bonus\" \/>\n<meta property=\"og:description\" content=\"Wicked Betty in the manure channel Bonus, A special bonus scene with a different camera angle from wicked Betty\" \/>\n<meta property=\"og:url\" content=\"https:\/\/manurefetish.com\/es\/shop\/videos\/wicked-betty-in-the-manure-channel-bonus\/\" \/>\n<meta property=\"og:site_name\" content=\"ManureFetish\" \/>\n<meta property=\"article:publisher\" content=\"https:\/\/www.facebook.com\/manurefetish\/\" \/>\n<meta property=\"article:modified_time\" content=\"2026-03-24T16:11:52+00:00\" \/>\n<meta property=\"og:image\" content=\"https:\/\/manurefetish.com\/wp-content\/uploads\/2022\/02\/wicked-betty-behind.jpg\" \/>\n\t<meta property=\"og:image:width\" content=\"1728\" \/>\n\t<meta property=\"og:image:height\" content=\"576\" \/>\n\t<meta property=\"og:image:type\" content=\"image\/jpeg\" \/>\n<meta name=\"twitter:card\" content=\"summary_large_image\" \/>\n<meta name=\"twitter:site\" content=\"@Manurefetisch\" \/>\n<script type=\"application\/ld+json\" class=\"yoast-schema-graph\">{\"@context\":\"https:\/\/schema.org\",\"@graph\":[{\"@type\":\"WebPage\",\"@id\":\"https:\/\/manurefetish.com\/shop\/videos\/wicked-betty-in-the-manure-channel-bonus\/\",\"url\":\"https:\/\/manurefetish.com\/shop\/videos\/wicked-betty-in-the-manure-channel-bonus\/\",\"name\":\"Wicked Betty in the manure channel Bonus - ManureFetish -\",\"isPartOf\":{\"@id\":\"https:\/\/manurefetish.com\/#website\"},\"primaryImageOfPage\":{\"@id\":\"https:\/\/manurefetish.com\/shop\/videos\/wicked-betty-in-the-manure-channel-bonus\/#primaryimage\"},\"image\":{\"@id\":\"https:\/\/manurefetish.com\/shop\/videos\/wicked-betty-in-the-manure-channel-bonus\/#primaryimage\"},\"thumbnailUrl\":\"https:\/\/manurefetish.b-cdn.net\/wp-content\/uploads\/2022\/02\/wicked-betty-behind.jpg\",\"datePublished\":\"2022-02-15T15:00:30+00:00\",\"dateModified\":\"2026-03-24T16:11:52+00:00\",\"description\":\"Wicked Betty in the manure channel Bonus, A special bonus scene with a different camera angle from wicked Betty\",\"breadcrumb\":{\"@id\":\"https:\/\/manurefetish.com\/shop\/videos\/wicked-betty-in-the-manure-channel-bonus\/#breadcrumb\"},\"inLanguage\":\"es\",\"potentialAction\":[{\"@type\":\"ReadAction\",\"target\":[\"https:\/\/manurefetish.com\/shop\/videos\/wicked-betty-in-the-manure-channel-bonus\/\"]}]},{\"@type\":\"ImageObject\",\"inLanguage\":\"es\",\"@id\":\"https:\/\/manurefetish.com\/shop\/videos\/wicked-betty-in-the-manure-channel-bonus\/#primaryimage\",\"url\":\"https:\/\/manurefetish.b-cdn.net\/wp-content\/uploads\/2022\/02\/wicked-betty-behind.jpg\",\"contentUrl\":\"https:\/\/manurefetish.b-cdn.net\/wp-content\/uploads\/2022\/02\/wicked-betty-behind.jpg\",\"width\":1728,\"height\":576},{\"@type\":\"BreadcrumbList\",\"@id\":\"https:\/\/manurefetish.com\/shop\/videos\/wicked-betty-in-the-manure-channel-bonus\/#breadcrumb\",\"itemListElement\":[{\"@type\":\"ListItem\",\"position\":1,\"name\":\"Home\",\"item\":\"https:\/\/manurefetish.com\/\"},{\"@type\":\"ListItem\",\"position\":2,\"name\":\"Shop\",\"item\":\"https:\/\/manurefetish.com\/shop\/\"},{\"@type\":\"ListItem\",\"position\":3,\"name\":\"Videos\",\"item\":\"https:\/\/manurefetish.com\/product-category\/videos\/\"},{\"@type\":\"ListItem\",\"position\":4,\"name\":\"Wicked Betty in the manure channel Bonus\"}]},{\"@type\":\"WebSite\",\"@id\":\"https:\/\/manurefetish.com\/#website\",\"url\":\"https:\/\/manurefetish.com\/\",\"name\":\"ManureFetish\",\"description\":\"ManureFetish Shop\",\"publisher\":{\"@id\":\"https:\/\/manurefetish.com\/#organization\"},\"potentialAction\":[{\"@type\":\"SearchAction\",\"target\":{\"@type\":\"EntryPoint\",\"urlTemplate\":\"https:\/\/manurefetish.com\/?s={search_term_string}\"},\"query-input\":{\"@type\":\"PropertyValueSpecification\",\"valueRequired\":true,\"valueName\":\"search_term_string\"}}],\"inLanguage\":\"es\"},{\"@type\":\"Organization\",\"@id\":\"https:\/\/manurefetish.com\/#organization\",\"name\":\"ManureFetish.com\",\"url\":\"https:\/\/manurefetish.com\/\",\"logo\":{\"@type\":\"ImageObject\",\"inLanguage\":\"es\",\"@id\":\"https:\/\/manurefetish.com\/#\/schema\/logo\/image\/\",\"url\":\"https:\/\/manurefetish.com\/wp-content\/uploads\/2019\/06\/1000xmanurefetishcom-michaela-logo-website-shop.png\",\"contentUrl\":\"https:\/\/manurefetish.com\/wp-content\/uploads\/2019\/06\/1000xmanurefetishcom-michaela-logo-website-shop.png\",\"width\":1000,\"height\":632,\"caption\":\"ManureFetish.com\"},\"image\":{\"@id\":\"https:\/\/manurefetish.com\/#\/schema\/logo\/image\/\"},\"sameAs\":[\"https:\/\/www.facebook.com\/manurefetish\/\",\"https:\/\/x.com\/Manurefetisch\",\"https:\/\/www.youtube.com\/c\/ManureFetish\"],\"description\":\"We're creating various fetish content with female and male models alike.\",\"foundingDate\":\"2019-07-04\",\"vatID\":\"DE366928521\",\"numberOfEmployees\":{\"@type\":\"QuantitativeValue\",\"minValue\":\"1\",\"maxValue\":\"10\"}}]}<\/script>\n<meta property=\"og:availability\" content=\"instock\" \/>\n<meta property=\"product:availability\" content=\"instock\" \/>\n<meta property=\"product:retailer_item_id\" content=\"MFW-WBMC-BTS\" \/>\n<meta property=\"product:condition\" content=\"new\" \/>\n<!-- \/ Yoast SEO Premium plugin. -->","yoast_head_json":{"title":"Wicked Betty en el canal de esti\u00e9rcol Bonus - ManureFetish -","description":"Bonus de Betty la malvada en el canal del esti\u00e9rcol, Una escena especial extra con un \u00e1ngulo de c\u00e1mara diferente de Betty la malvada","robots":{"index":"index","follow":"follow","max-snippet":"max-snippet:-1","max-image-preview":"max-image-preview:large","max-video-preview":"max-video-preview:-1"},"canonical":"https:\/\/manurefetish.com\/es\/shop\/videos\/wicked-betty-in-the-manure-channel-bonus\/","og_locale":"es_ES","og_type":"article","og_title":"Wicked Betty in the manure channel Bonus","og_description":"Wicked Betty in the manure channel Bonus, A special bonus scene with a different camera angle from wicked Betty","og_url":"https:\/\/manurefetish.com\/es\/shop\/videos\/wicked-betty-in-the-manure-channel-bonus\/","og_site_name":"ManureFetish","article_publisher":"https:\/\/www.facebook.com\/manurefetish\/","article_modified_time":"2026-03-24T16:11:52+00:00","og_image":[{"width":1728,"height":576,"url":"https:\/\/manurefetish.com\/wp-content\/uploads\/2022\/02\/wicked-betty-behind.jpg","type":"image\/jpeg"}],"twitter_card":"summary_large_image","twitter_site":"@Manurefetisch","schema":{"@context":"https:\/\/schema.org","@graph":[{"@type":"WebPage","@id":"https:\/\/manurefetish.com\/shop\/videos\/wicked-betty-in-the-manure-channel-bonus\/","url":"https:\/\/manurefetish.com\/shop\/videos\/wicked-betty-in-the-manure-channel-bonus\/","name":"Wicked Betty en el canal de esti\u00e9rcol Bonus - ManureFetish -","isPartOf":{"@id":"https:\/\/manurefetish.com\/#website"},"primaryImageOfPage":{"@id":"https:\/\/manurefetish.com\/shop\/videos\/wicked-betty-in-the-manure-channel-bonus\/#primaryimage"},"image":{"@id":"https:\/\/manurefetish.com\/shop\/videos\/wicked-betty-in-the-manure-channel-bonus\/#primaryimage"},"thumbnailUrl":"https:\/\/manurefetish.b-cdn.net\/wp-content\/uploads\/2022\/02\/wicked-betty-behind.jpg","datePublished":"2022-02-15T15:00:30+00:00","dateModified":"2026-03-24T16:11:52+00:00","description":"Bonus de Betty la malvada en el canal del esti\u00e9rcol, Una escena especial extra con un \u00e1ngulo de c\u00e1mara diferente de Betty la malvada","breadcrumb":{"@id":"https:\/\/manurefetish.com\/shop\/videos\/wicked-betty-in-the-manure-channel-bonus\/#breadcrumb"},"inLanguage":"es","potentialAction":[{"@type":"ReadAction","target":["https:\/\/manurefetish.com\/shop\/videos\/wicked-betty-in-the-manure-channel-bonus\/"]}]},{"@type":"ImageObject","inLanguage":"es","@id":"https:\/\/manurefetish.com\/shop\/videos\/wicked-betty-in-the-manure-channel-bonus\/#primaryimage","url":"https:\/\/manurefetish.b-cdn.net\/wp-content\/uploads\/2022\/02\/wicked-betty-behind.jpg","contentUrl":"https:\/\/manurefetish.b-cdn.net\/wp-content\/uploads\/2022\/02\/wicked-betty-behind.jpg","width":1728,"height":576},{"@type":"BreadcrumbList","@id":"https:\/\/manurefetish.com\/shop\/videos\/wicked-betty-in-the-manure-channel-bonus\/#breadcrumb","itemListElement":[{"@type":"ListItem","position":1,"name":"Home","item":"https:\/\/manurefetish.com\/"},{"@type":"ListItem","position":2,"name":"Shop","item":"https:\/\/manurefetish.com\/shop\/"},{"@type":"ListItem","position":3,"name":"Videos","item":"https:\/\/manurefetish.com\/product-category\/videos\/"},{"@type":"ListItem","position":4,"name":"Wicked Betty in the manure channel Bonus"}]},{"@type":"WebSite","@id":"https:\/\/manurefetish.com\/#website","url":"https:\/\/manurefetish.com\/","name":"ManureFetish","description":"ManureFetish","publisher":{"@id":"https:\/\/manurefetish.com\/#organization"},"potentialAction":[{"@type":"SearchAction","target":{"@type":"EntryPoint","urlTemplate":"https:\/\/manurefetish.com\/?s={search_term_string}"},"query-input":{"@type":"PropertyValueSpecification","valueRequired":true,"valueName":"search_term_string"}}],"inLanguage":"es"},{"@type":"Organization","@id":"https:\/\/manurefetish.com\/#organization","name":"ManureFetish.com","url":"https:\/\/manurefetish.com\/","logo":{"@type":"ImageObject","inLanguage":"es","@id":"https:\/\/manurefetish.com\/#\/schema\/logo\/image\/","url":"https:\/\/manurefetish.com\/wp-content\/uploads\/2019\/06\/1000xmanurefetishcom-michaela-logo-website-shop.png","contentUrl":"https:\/\/manurefetish.com\/wp-content\/uploads\/2019\/06\/1000xmanurefetishcom-michaela-logo-website-shop.png","width":1000,"height":632,"caption":"ManureFetish.com"},"image":{"@id":"https:\/\/manurefetish.com\/#\/schema\/logo\/image\/"},"sameAs":["https:\/\/www.facebook.com\/manurefetish\/","https:\/\/x.com\/Manurefetisch","https:\/\/www.youtube.com\/c\/ManureFetish"],"description":"Estamos creando diversos contenidos fetichistas con modelos femeninos y masculinos por igual.","foundingDate":"2019-07-04","vatID":"DE366928521","numberOfEmployees":{"@type":"QuantitativeValue","minValue":"1","maxValue":"10"}}]},"og_availability":"instock","product_availability":"instock","product_retailer_item_id":"MFW-WBMC-BTS","product_condition":"new"},"_links":{"self":[{"href":"https:\/\/manurefetish.com\/es\/wp-json\/wp\/v2\/product\/46165","targetHints":{"allow":["GET"]}}],"collection":[{"href":"https:\/\/manurefetish.com\/es\/wp-json\/wp\/v2\/product"}],"about":[{"href":"https:\/\/manurefetish.com\/es\/wp-json\/wp\/v2\/types\/product"}],"replies":[{"embeddable":true,"href":"https:\/\/manurefetish.com\/es\/wp-json\/wp\/v2\/comments?post=46165"}],"version-history":[{"count":0,"href":"https:\/\/manurefetish.com\/es\/wp-json\/wp\/v2\/product\/46165\/revisions"}],"wp:featuredmedia":[{"embeddable":true,"href":"https:\/\/manurefetish.com\/es\/wp-json\/wp\/v2\/media\/199455"}],"wp:attachment":[{"href":"https:\/\/manurefetish.com\/es\/wp-json\/wp\/v2\/media?parent=46165"}],"wp:term":[{"taxonomy":"product_brand","embeddable":true,"href":"https:\/\/manurefetish.com\/es\/wp-json\/wp\/v2\/product_brand?post=46165"},{"taxonomy":"product_cat","embeddable":true,"href":"https:\/\/manurefetish.com\/es\/wp-json\/wp\/v2\/product_cat?post=46165"},{"taxonomy":"product_tag","embeddable":true,"href":"https:\/\/manurefetish.com\/es\/wp-json\/wp\/v2\/product_tag?post=46165"}],"curies":[{"name":"wp","href":"https:\/\/api.w.org\/{rel}","templated":true}]}}