{"id":46153,"date":"2022-02-15T16:00:50","date_gmt":"2022-02-15T15:00:50","guid":{"rendered":"https:\/\/manurefetish.com\/?post_type=product&#038;p=46153"},"modified":"2026-03-24T17:11:48","modified_gmt":"2026-03-24T16:11:48","slug":"bettys-favourite-workout-bonus","status":"publish","type":"product","link":"https:\/\/manurefetish.com\/es\/shop\/videos\/bettys-favourite-workout-bonus\/","title":{"rendered":"Bono de entrenamiento favorito de Bettys"},"content":{"rendered":"<p><span style=\"font-weight: 400;\">Betty tiene un \u00fanico entrenamiento favorito que es al mismo tiempo un tratamiento de spa para ella. Va a su lugar favorito, donde siempre hace ejercicio para mantenerse en forma. Lleva su c\u00f3moda ropa deportiva para hacer ejercicio.<\/span><\/p>\n<p><span style=\"font-weight: 400;\">Entra en el establo y hace algunos estiramientos de piernas; una vez calentada, est\u00e1 lista para el verdadero entrenamiento. Se acerca al canal de esti\u00e9rcol, se sienta en el borde y empieza a mojar sus zapatillas blancas en \u00e9l. Coge un poco del cremoso esti\u00e9rcol de vaca y se lo unta en el cuerpo para cubrirse poco a poco. Cuando se ha aplicado una buena capa de esti\u00e9rcol de vaca, se desliza lentamente hasta la cintura en el canal de esti\u00e9rcol.<\/span><\/p>\n<p><span style=\"font-weight: 400;\">Betty empieza ahora a desvestirse, primero las zapatillas, luego los pantalones y las bragas y finalmente el top y el sujetador. Betty se da un buen ba\u00f1o para quedar completamente cubierta hasta el cuello. Despu\u00e9s sale y se acerca a la carretilla para coger uno de los consoladores que hay all\u00ed. No lo duda y se pone a ello. Se mete el consolador en el co\u00f1o y empieza a foll\u00e1rselo mientras su co\u00f1o y el consolador est\u00e1n cubiertos de esti\u00e9rcol de vaca. Empieza a chupar el consolador mientras se mete un poco de esti\u00e9rcol de vaca en el co\u00f1o. Empieza a masturbarse mientras expulsa parte del esti\u00e9rcol de su co\u00f1o, a la vez que se lo vuelve a meter.<\/span><\/p>\n<p><span style=\"font-weight: 400;\">Cuando se ha llenado el co\u00f1o lo suficiente, coge el largo consolador negro para follarse de nuevo el co\u00f1o. Betty vuelve a meterse en el canal de esti\u00e9rcol, pero esta vez con su juguete, para poder tumbarse all\u00ed completamente cubierta mientras se folla su bonito co\u00f1o. Vuelve a salir del canal para follarse el co\u00f1o en varias posturas con un poco m\u00e1s de relleno y meada. Despu\u00e9s se sumerge completamente en el canal de esti\u00e9rcol para quedar totalmente cubierta de pies a cabeza. Betty se cubre cada vez m\u00e1s y tambi\u00e9n se masturba cada vez m\u00e1s r\u00e1pido hasta alcanzar un buen orgasmo. Una vez terminado su entrenamiento, coge el albornoz y sale del establo. Hasta la pr\u00f3xima.<\/span><\/p>\n<h4><span data-text-color=\"alert\">This is a bonus scene to the main video\u00a0<a href=\"https:\/\/manurefetish.com\/es\/shop\/women\/videos-women\/bettys-favourite-workout\/\" target=\"_blank\" rel=\"noopener\">Betty&#8217;s Favourite Workout<\/a> which features a different camera angle, as well as an additional showering scene and a few behind the scenes.<\/span><\/h4>\n<h4><\/h4>","protected":false},"excerpt":{"rendered":"<p>Betty has one single favourite workout which is at the same time a spa treatment for her. She visits her favourite location where she always exercises to stay fit. She\u2019s wearing her comfy sportswear for her workout. She enters the cowshed and does some leg stretches, after she\u2019s warmed up she\u2019s ready for the real [&hellip;]<\/p>\n","protected":false},"featured_media":198974,"comment_status":"open","ping_status":"closed","template":"","meta":{"_acf_changed":false,"site-sidebar-layout":"default","site-content-layout":"","ast-site-content-layout":"default","site-content-style":"default","site-sidebar-style":"default","ast-global-header-display":"","ast-banner-title-visibility":"","ast-main-header-display":"","ast-hfb-above-header-display":"","ast-hfb-below-header-display":"","ast-hfb-mobile-header-display":"","site-post-title":"","ast-breadcrumbs-content":"","ast-featured-img":"","footer-sml-layout":"","ast-disable-related-posts":"","theme-transparent-header-meta":"default","adv-header-id-meta":"","stick-header-meta":"","header-above-stick-meta":"","header-main-stick-meta":"","header-below-stick-meta":"","astra-migrate-meta-layouts":"set","ast-page-background-enabled":"default","ast-page-background-meta":{"desktop":{"background-color":"var(--ast-global-color-4)","background-image":"","background-repeat":"repeat","background-position":"center center","background-size":"auto","background-attachment":"scroll","background-type":"","background-media":"","overlay-type":"","overlay-color":"","overlay-opacity":"","overlay-gradient":""},"tablet":{"background-color":"","background-image":"","background-repeat":"repeat","background-position":"center center","background-size":"auto","background-attachment":"scroll","background-type":"","background-media":"","overlay-type":"","overlay-color":"","overlay-opacity":"","overlay-gradient":""},"mobile":{"background-color":"","background-image":"","background-repeat":"repeat","background-position":"center center","background-size":"auto","background-attachment":"scroll","background-type":"","background-media":"","overlay-type":"","overlay-color":"","overlay-opacity":"","overlay-gradient":""}},"ast-content-background-meta":{"desktop":{"background-color":"var(--ast-global-color-5)","background-image":"","background-repeat":"repeat","background-position":"center center","background-size":"auto","background-attachment":"scroll","background-type":"","background-media":"","overlay-type":"","overlay-color":"","overlay-opacity":"","overlay-gradient":""},"tablet":{"background-color":"var(--ast-global-color-5)","background-image":"","background-repeat":"repeat","background-position":"center center","background-size":"auto","background-attachment":"scroll","background-type":"","background-media":"","overlay-type":"","overlay-color":"","overlay-opacity":"","overlay-gradient":""},"mobile":{"background-color":"var(--ast-global-color-5)","background-image":"","background-repeat":"repeat","background-position":"center center","background-size":"auto","background-attachment":"scroll","background-type":"","background-media":"","overlay-type":"","overlay-color":"","overlay-opacity":"","overlay-gradient":""}}},"product_brand":[],"product_cat":[4470],"product_tag":[17,317,3032,2476,2601,3225,318,66,2508,2631,2281,2621,118,316,64,2557,3030,2624,2304,2552,54,2419,425,2285,2206,65,35,2636,2482,32,4646,34,4482,24,277,2832,2663,3173,2478,358,29,319,3203],"class_list":{"0":"post-46153","1":"product","2":"type-product","3":"status-publish","4":"has-post-thumbnail","6":"product_cat-videos","7":"product_tag-anal","8":"product_tag-asshole","9":"product_tag-behind-the-scenes","10":"product_tag-betty","11":"product_tag-black-hair","12":"product_tag-bonus","13":"product_tag-boobs","14":"product_tag-clothed","15":"product_tag-clothes","16":"product_tag-completely-covered","17":"product_tag-completely-submerged","18":"product_tag-cow-dung","19":"product_tag-cowshed","20":"product_tag-cunt","21":"product_tag-dildo","22":"product_tag-doggy-style","23":"product_tag-download","24":"product_tag-farm","25":"product_tag-farm-porn","26":"product_tag-fucking","27":"product_tag-full-covered","28":"product_tag-full-hd","29":"product_tag-hair","30":"product_tag-masturbate","31":"product_tag-masturbation","32":"product_tag-naked","33":"product_tag-orgasm","34":"product_tag-panties","35":"product_tag-peeing","36":"product_tag-pussy","37":"product_tag-season-2","38":"product_tag-sex","39":"product_tag-sex-in-cowshit","40":"product_tag-slurry","41":"product_tag-slurry-bath","42":"product_tag-smearing","43":"product_tag-spa","44":"product_tag-squid-game","45":"product_tag-squirting","46":"product_tag-stuffing","47":"product_tag-submerging","48":"product_tag-tits","49":"product_tag-workout","50":"pa_audio-info-stereo","51":"pa_format-mp4","52":"pa_length-51-minutes","53":"pa_product-type-digital-download-video","54":"pa_product-type-usb-stick","55":"pa_size-12-9-gb","56":"pa_video-info-1920x1080p-2","57":"desktop-align-center","58":"tablet-align-left","59":"mobile-align-left","61":"first","62":"instock","63":"shipping-taxable","64":"purchasable","65":"product-type-variable","66":"has-default-attributes"},"exclude_global_add_ons":[],"addons":[],"acf":[],"yoast_head":"<!-- This site is optimized with the Yoast SEO Premium plugin v27.1 (Yoast SEO v27.1.1) - https:\/\/yoast.com\/product\/yoast-seo-premium-wordpress\/ -->\n<title>Bettys Favourite Workout Bonus - ManureFetish<\/title>\n<meta name=\"description\" content=\"Bettys Favourite Workout, Betty is back again, this time she shows us her workout in the cowshit where she trains herself to be peverse\" \/>\n<meta name=\"robots\" content=\"index, follow, max-snippet:-1, max-image-preview:large, max-video-preview:-1\" \/>\n<link rel=\"canonical\" href=\"https:\/\/manurefetish.com\/es\/shop\/videos\/bettys-favourite-workout-bonus\/\" \/>\n<meta property=\"og:locale\" content=\"es_ES\" \/>\n<meta property=\"og:type\" content=\"article\" \/>\n<meta property=\"og:title\" content=\"Bettys Favourite Workout Bonus\" \/>\n<meta property=\"og:description\" content=\"Bettys Favourite Workout, Betty is back again, this time she shows us her workout in the cowshit where she trains herself to be peverse\" \/>\n<meta property=\"og:url\" content=\"https:\/\/manurefetish.com\/es\/shop\/videos\/bettys-favourite-workout-bonus\/\" \/>\n<meta property=\"og:site_name\" content=\"ManureFetish\" \/>\n<meta property=\"article:publisher\" content=\"https:\/\/www.facebook.com\/manurefetish\/\" \/>\n<meta property=\"article:modified_time\" content=\"2026-03-24T16:11:48+00:00\" \/>\n<meta property=\"og:image\" content=\"https:\/\/manurefetish.com\/wp-content\/uploads\/2022\/02\/bettys-favourite-workout-behind-the-secenes.jpg\" \/>\n\t<meta property=\"og:image:width\" content=\"1728\" \/>\n\t<meta property=\"og:image:height\" content=\"576\" \/>\n\t<meta property=\"og:image:type\" content=\"image\/jpeg\" \/>\n<meta name=\"twitter:card\" content=\"summary_large_image\" \/>\n<meta name=\"twitter:site\" content=\"@Manurefetisch\" \/>\n<script type=\"application\/ld+json\" class=\"yoast-schema-graph\">{\"@context\":\"https:\/\/schema.org\",\"@graph\":[{\"@type\":\"WebPage\",\"@id\":\"https:\/\/manurefetish.com\/shop\/videos\/bettys-favourite-workout-bonus\/\",\"url\":\"https:\/\/manurefetish.com\/shop\/videos\/bettys-favourite-workout-bonus\/\",\"name\":\"Bettys Favourite Workout Bonus - ManureFetish\",\"isPartOf\":{\"@id\":\"https:\/\/manurefetish.com\/#website\"},\"primaryImageOfPage\":{\"@id\":\"https:\/\/manurefetish.com\/shop\/videos\/bettys-favourite-workout-bonus\/#primaryimage\"},\"image\":{\"@id\":\"https:\/\/manurefetish.com\/shop\/videos\/bettys-favourite-workout-bonus\/#primaryimage\"},\"thumbnailUrl\":\"https:\/\/manurefetish.b-cdn.net\/wp-content\/uploads\/2022\/02\/bettys-favourite-workout-behind-the-secenes.jpg\",\"datePublished\":\"2022-02-15T15:00:50+00:00\",\"dateModified\":\"2026-03-24T16:11:48+00:00\",\"description\":\"Bettys Favourite Workout, Betty is back again, this time she shows us her workout in the cowshit where she trains herself to be peverse\",\"breadcrumb\":{\"@id\":\"https:\/\/manurefetish.com\/shop\/videos\/bettys-favourite-workout-bonus\/#breadcrumb\"},\"inLanguage\":\"es\",\"potentialAction\":[{\"@type\":\"ReadAction\",\"target\":[\"https:\/\/manurefetish.com\/shop\/videos\/bettys-favourite-workout-bonus\/\"]}]},{\"@type\":\"ImageObject\",\"inLanguage\":\"es\",\"@id\":\"https:\/\/manurefetish.com\/shop\/videos\/bettys-favourite-workout-bonus\/#primaryimage\",\"url\":\"https:\/\/manurefetish.b-cdn.net\/wp-content\/uploads\/2022\/02\/bettys-favourite-workout-behind-the-secenes.jpg\",\"contentUrl\":\"https:\/\/manurefetish.b-cdn.net\/wp-content\/uploads\/2022\/02\/bettys-favourite-workout-behind-the-secenes.jpg\",\"width\":1728,\"height\":576},{\"@type\":\"BreadcrumbList\",\"@id\":\"https:\/\/manurefetish.com\/shop\/videos\/bettys-favourite-workout-bonus\/#breadcrumb\",\"itemListElement\":[{\"@type\":\"ListItem\",\"position\":1,\"name\":\"Home\",\"item\":\"https:\/\/manurefetish.com\/\"},{\"@type\":\"ListItem\",\"position\":2,\"name\":\"Shop\",\"item\":\"https:\/\/manurefetish.com\/shop\/\"},{\"@type\":\"ListItem\",\"position\":3,\"name\":\"Videos\",\"item\":\"https:\/\/manurefetish.com\/product-category\/videos\/\"},{\"@type\":\"ListItem\",\"position\":4,\"name\":\"Bettys Favourite Workout Bonus\"}]},{\"@type\":\"WebSite\",\"@id\":\"https:\/\/manurefetish.com\/#website\",\"url\":\"https:\/\/manurefetish.com\/\",\"name\":\"ManureFetish\",\"description\":\"ManureFetish Shop\",\"publisher\":{\"@id\":\"https:\/\/manurefetish.com\/#organization\"},\"potentialAction\":[{\"@type\":\"SearchAction\",\"target\":{\"@type\":\"EntryPoint\",\"urlTemplate\":\"https:\/\/manurefetish.com\/?s={search_term_string}\"},\"query-input\":{\"@type\":\"PropertyValueSpecification\",\"valueRequired\":true,\"valueName\":\"search_term_string\"}}],\"inLanguage\":\"es\"},{\"@type\":\"Organization\",\"@id\":\"https:\/\/manurefetish.com\/#organization\",\"name\":\"ManureFetish.com\",\"url\":\"https:\/\/manurefetish.com\/\",\"logo\":{\"@type\":\"ImageObject\",\"inLanguage\":\"es\",\"@id\":\"https:\/\/manurefetish.com\/#\/schema\/logo\/image\/\",\"url\":\"https:\/\/manurefetish.com\/wp-content\/uploads\/2019\/06\/1000xmanurefetishcom-michaela-logo-website-shop.png\",\"contentUrl\":\"https:\/\/manurefetish.com\/wp-content\/uploads\/2019\/06\/1000xmanurefetishcom-michaela-logo-website-shop.png\",\"width\":1000,\"height\":632,\"caption\":\"ManureFetish.com\"},\"image\":{\"@id\":\"https:\/\/manurefetish.com\/#\/schema\/logo\/image\/\"},\"sameAs\":[\"https:\/\/www.facebook.com\/manurefetish\/\",\"https:\/\/x.com\/Manurefetisch\",\"https:\/\/www.youtube.com\/c\/ManureFetish\"],\"description\":\"We're creating various fetish content with female and male models alike.\",\"foundingDate\":\"2019-07-04\",\"vatID\":\"DE366928521\",\"numberOfEmployees\":{\"@type\":\"QuantitativeValue\",\"minValue\":\"1\",\"maxValue\":\"10\"}}]}<\/script>\n<meta property=\"og:availability\" content=\"instock\" \/>\n<meta property=\"product:availability\" content=\"instock\" \/>\n<meta property=\"product:retailer_item_id\" content=\"MFW-BFWA-BTS\" \/>\n<meta property=\"product:condition\" content=\"new\" \/>\n<!-- \/ Yoast SEO Premium plugin. -->","yoast_head_json":{"title":"Bono de entrenamiento favorito de Bettys - ManureFetish","description":"Bettys Favourite Workout, Betty est\u00e1 de vuelta, esta vez nos muestra su entrenamiento en la mierda de vaca, donde se entrena a s\u00ed misma para ser malvada.","robots":{"index":"index","follow":"follow","max-snippet":"max-snippet:-1","max-image-preview":"max-image-preview:large","max-video-preview":"max-video-preview:-1"},"canonical":"https:\/\/manurefetish.com\/es\/shop\/videos\/bettys-favourite-workout-bonus\/","og_locale":"es_ES","og_type":"article","og_title":"Bettys Favourite Workout Bonus","og_description":"Bettys Favourite Workout, Betty is back again, this time she shows us her workout in the cowshit where she trains herself to be peverse","og_url":"https:\/\/manurefetish.com\/es\/shop\/videos\/bettys-favourite-workout-bonus\/","og_site_name":"ManureFetish","article_publisher":"https:\/\/www.facebook.com\/manurefetish\/","article_modified_time":"2026-03-24T16:11:48+00:00","og_image":[{"width":1728,"height":576,"url":"https:\/\/manurefetish.com\/wp-content\/uploads\/2022\/02\/bettys-favourite-workout-behind-the-secenes.jpg","type":"image\/jpeg"}],"twitter_card":"summary_large_image","twitter_site":"@Manurefetisch","schema":{"@context":"https:\/\/schema.org","@graph":[{"@type":"WebPage","@id":"https:\/\/manurefetish.com\/shop\/videos\/bettys-favourite-workout-bonus\/","url":"https:\/\/manurefetish.com\/shop\/videos\/bettys-favourite-workout-bonus\/","name":"Bono de entrenamiento favorito de Bettys - ManureFetish","isPartOf":{"@id":"https:\/\/manurefetish.com\/#website"},"primaryImageOfPage":{"@id":"https:\/\/manurefetish.com\/shop\/videos\/bettys-favourite-workout-bonus\/#primaryimage"},"image":{"@id":"https:\/\/manurefetish.com\/shop\/videos\/bettys-favourite-workout-bonus\/#primaryimage"},"thumbnailUrl":"https:\/\/manurefetish.b-cdn.net\/wp-content\/uploads\/2022\/02\/bettys-favourite-workout-behind-the-secenes.jpg","datePublished":"2022-02-15T15:00:50+00:00","dateModified":"2026-03-24T16:11:48+00:00","description":"Bettys Favourite Workout, Betty est\u00e1 de vuelta, esta vez nos muestra su entrenamiento en la mierda de vaca, donde se entrena a s\u00ed misma para ser malvada.","breadcrumb":{"@id":"https:\/\/manurefetish.com\/shop\/videos\/bettys-favourite-workout-bonus\/#breadcrumb"},"inLanguage":"es","potentialAction":[{"@type":"ReadAction","target":["https:\/\/manurefetish.com\/shop\/videos\/bettys-favourite-workout-bonus\/"]}]},{"@type":"ImageObject","inLanguage":"es","@id":"https:\/\/manurefetish.com\/shop\/videos\/bettys-favourite-workout-bonus\/#primaryimage","url":"https:\/\/manurefetish.b-cdn.net\/wp-content\/uploads\/2022\/02\/bettys-favourite-workout-behind-the-secenes.jpg","contentUrl":"https:\/\/manurefetish.b-cdn.net\/wp-content\/uploads\/2022\/02\/bettys-favourite-workout-behind-the-secenes.jpg","width":1728,"height":576},{"@type":"BreadcrumbList","@id":"https:\/\/manurefetish.com\/shop\/videos\/bettys-favourite-workout-bonus\/#breadcrumb","itemListElement":[{"@type":"ListItem","position":1,"name":"Home","item":"https:\/\/manurefetish.com\/"},{"@type":"ListItem","position":2,"name":"Shop","item":"https:\/\/manurefetish.com\/shop\/"},{"@type":"ListItem","position":3,"name":"Videos","item":"https:\/\/manurefetish.com\/product-category\/videos\/"},{"@type":"ListItem","position":4,"name":"Bettys Favourite Workout Bonus"}]},{"@type":"WebSite","@id":"https:\/\/manurefetish.com\/#website","url":"https:\/\/manurefetish.com\/","name":"ManureFetish","description":"ManureFetish","publisher":{"@id":"https:\/\/manurefetish.com\/#organization"},"potentialAction":[{"@type":"SearchAction","target":{"@type":"EntryPoint","urlTemplate":"https:\/\/manurefetish.com\/?s={search_term_string}"},"query-input":{"@type":"PropertyValueSpecification","valueRequired":true,"valueName":"search_term_string"}}],"inLanguage":"es"},{"@type":"Organization","@id":"https:\/\/manurefetish.com\/#organization","name":"ManureFetish.com","url":"https:\/\/manurefetish.com\/","logo":{"@type":"ImageObject","inLanguage":"es","@id":"https:\/\/manurefetish.com\/#\/schema\/logo\/image\/","url":"https:\/\/manurefetish.com\/wp-content\/uploads\/2019\/06\/1000xmanurefetishcom-michaela-logo-website-shop.png","contentUrl":"https:\/\/manurefetish.com\/wp-content\/uploads\/2019\/06\/1000xmanurefetishcom-michaela-logo-website-shop.png","width":1000,"height":632,"caption":"ManureFetish.com"},"image":{"@id":"https:\/\/manurefetish.com\/#\/schema\/logo\/image\/"},"sameAs":["https:\/\/www.facebook.com\/manurefetish\/","https:\/\/x.com\/Manurefetisch","https:\/\/www.youtube.com\/c\/ManureFetish"],"description":"Estamos creando diversos contenidos fetichistas con modelos femeninos y masculinos por igual.","foundingDate":"2019-07-04","vatID":"DE366928521","numberOfEmployees":{"@type":"QuantitativeValue","minValue":"1","maxValue":"10"}}]},"og_availability":"instock","product_availability":"instock","product_retailer_item_id":"MFW-BFWA-BTS","product_condition":"new"},"_links":{"self":[{"href":"https:\/\/manurefetish.com\/es\/wp-json\/wp\/v2\/product\/46153","targetHints":{"allow":["GET"]}}],"collection":[{"href":"https:\/\/manurefetish.com\/es\/wp-json\/wp\/v2\/product"}],"about":[{"href":"https:\/\/manurefetish.com\/es\/wp-json\/wp\/v2\/types\/product"}],"replies":[{"embeddable":true,"href":"https:\/\/manurefetish.com\/es\/wp-json\/wp\/v2\/comments?post=46153"}],"version-history":[{"count":0,"href":"https:\/\/manurefetish.com\/es\/wp-json\/wp\/v2\/product\/46153\/revisions"}],"wp:featuredmedia":[{"embeddable":true,"href":"https:\/\/manurefetish.com\/es\/wp-json\/wp\/v2\/media\/198974"}],"wp:attachment":[{"href":"https:\/\/manurefetish.com\/es\/wp-json\/wp\/v2\/media?parent=46153"}],"wp:term":[{"taxonomy":"product_brand","embeddable":true,"href":"https:\/\/manurefetish.com\/es\/wp-json\/wp\/v2\/product_brand?post=46153"},{"taxonomy":"product_cat","embeddable":true,"href":"https:\/\/manurefetish.com\/es\/wp-json\/wp\/v2\/product_cat?post=46153"},{"taxonomy":"product_tag","embeddable":true,"href":"https:\/\/manurefetish.com\/es\/wp-json\/wp\/v2\/product_tag?post=46153"}],"curies":[{"name":"wp","href":"https:\/\/api.w.org\/{rel}","templated":true}]}}