{"id":38299,"date":"2021-08-25T14:47:31","date_gmt":"2021-08-25T12:47:31","guid":{"rendered":"https:\/\/manurefetish.com\/?post_type=product&#038;p=38299"},"modified":"2026-03-24T17:13:22","modified_gmt":"2026-03-24T16:13:22","slug":"bettys-manure-gulag-photoset","status":"publish","type":"product","link":"https:\/\/manurefetish.com\/es\/shop\/videos\/bettys-manure-gulag-photoset\/","title":{"rendered":"Betty&#8217;s Manure Gulag Photoset"},"content":{"rendered":"<p><span style=\"font-weight: 400;\">En nuestro primer Gangbang Betty es conducida por dos hombres a su propio Manure Gulag. Con un hombre ya la espera en el canal profundo manure. Ella comienza a chupar los dos hombres, mientras que uno est\u00e1 meando en la boca. Despu\u00e9s de que se caliente lo suficiente, Betty se acuesta en el suelo de rejilla para que uno de los hombres puede hacer sus necesidades en la boca Bettys. Ella traga un poco mientras se unta el resto en la cara mientras el otro hombre cubre casi todo su cuerpo. Comienza a complacer a Betty con sus dedos y se intercambian besos marrones sucios. Por supuesto tambi\u00e9n Betty tiene que hacer sus necesidades, que tambi\u00e9n se traga con una sonrisa en la cara. Ahora el mayor de los tres hombres emerge del canal manure y tambi\u00e9n quiere su pedazo de Betty. El disfruta complaciendo a Betty oralmente mientras ella chupa la polla de uno de los tios. Uno de ellos est\u00e1 listo para follarse a Betty, as\u00ed que se la folla en vaquera invertida. Despu\u00e9s de eso los dos se unen al mayor en el canal manure donde le chupan la polla a los m\u00e1s j\u00f3venes y se cubren con la vaca dung. Los cuatro estan ahora en el canal manure donde se cubren aun mas, Betty los besa y se la chupa a todos. Despu\u00e9s de salir uno de los chicos vac\u00eda su vejiga durante casi un minuto y le da a Betty una buena ducha. Empiezan a follar a Betty en misionero y a lo perrito mientras ella le hace una mamada a uno de los tios. Vuelven al canal manure donde Betty le hace una buena mamada hasta que uno de los tios dispara su enorme carga en la cara de Betty. Ahora cubren a Betty completamente y la empujan tan profundo como pueden. Betty ha tenido suficiente diversi\u00f3n, as\u00ed que vuelven a poner el suelo enrejado sobre ella.<\/span><\/p>","protected":false},"excerpt":{"rendered":"<p>In our first Gangbang Betty is led by two men into her own Manure Gulag. With one man already waiting in the deep manure channel. She begins to suck both men off while one is pissing in her mouth. After they get horny enough, Betty lies down on the grid floor so one of the [&hellip;]<\/p>\n","protected":false},"featured_media":38364,"comment_status":"open","ping_status":"closed","template":"","meta":{"_acf_changed":false,"site-sidebar-layout":"default","site-content-layout":"","ast-site-content-layout":"default","site-content-style":"default","site-sidebar-style":"default","ast-global-header-display":"","ast-banner-title-visibility":"","ast-main-header-display":"","ast-hfb-above-header-display":"","ast-hfb-below-header-display":"","ast-hfb-mobile-header-display":"","site-post-title":"","ast-breadcrumbs-content":"","ast-featured-img":"","footer-sml-layout":"","ast-disable-related-posts":"","theme-transparent-header-meta":"default","adv-header-id-meta":"","stick-header-meta":"","header-above-stick-meta":"","header-main-stick-meta":"","header-below-stick-meta":"","astra-migrate-meta-layouts":"set","ast-page-background-enabled":"default","ast-page-background-meta":{"desktop":{"background-color":"var(--ast-global-color-4)","background-image":"","background-repeat":"repeat","background-position":"center center","background-size":"auto","background-attachment":"scroll","background-type":"","background-media":"","overlay-type":"","overlay-color":"","overlay-opacity":"","overlay-gradient":""},"tablet":{"background-color":"","background-image":"","background-repeat":"repeat","background-position":"center center","background-size":"auto","background-attachment":"scroll","background-type":"","background-media":"","overlay-type":"","overlay-color":"","overlay-opacity":"","overlay-gradient":""},"mobile":{"background-color":"","background-image":"","background-repeat":"repeat","background-position":"center center","background-size":"auto","background-attachment":"scroll","background-type":"","background-media":"","overlay-type":"","overlay-color":"","overlay-opacity":"","overlay-gradient":""}},"ast-content-background-meta":{"desktop":{"background-color":"var(--ast-global-color-5)","background-image":"","background-repeat":"repeat","background-position":"center center","background-size":"auto","background-attachment":"scroll","background-type":"","background-media":"","overlay-type":"","overlay-color":"","overlay-opacity":"","overlay-gradient":""},"tablet":{"background-color":"var(--ast-global-color-5)","background-image":"","background-repeat":"repeat","background-position":"center center","background-size":"auto","background-attachment":"scroll","background-type":"","background-media":"","overlay-type":"","overlay-color":"","overlay-opacity":"","overlay-gradient":""},"mobile":{"background-color":"var(--ast-global-color-5)","background-image":"","background-repeat":"repeat","background-position":"center center","background-size":"auto","background-attachment":"scroll","background-type":"","background-media":"","overlay-type":"","overlay-color":"","overlay-opacity":"","overlay-gradient":""}}},"product_brand":[],"product_cat":[4470],"product_tag":[17,317,2476,2555,318,2770,66,19,2621,2869,316,3030,2513,2972,20,334,320,2968,321,2967,54,2419,2966,426,2975,18,2285,2206,65,35,360,2636,2971,2482,349,32,2969,2479,3513,4646,4482,24,277,2201,2832,2575,319,2970,427],"class_list":{"0":"post-38299","1":"product","2":"type-product","3":"status-publish","4":"has-post-thumbnail","6":"product_cat-videos","7":"product_tag-anal","8":"product_tag-asshole","9":"product_tag-betty","10":"product_tag-blowjob","11":"product_tag-boobs","12":"product_tag-close-up","13":"product_tag-clothed","14":"product_tag-cow","15":"product_tag-cow-dung","16":"product_tag-cumshot","17":"product_tag-cunt","18":"product_tag-download","19":"product_tag-dress","20":"product_tag-drinking","21":"product_tag-dung","22":"product_tag-eating","23":"product_tag-feet","24":"product_tag-female","25":"product_tag-foot","26":"product_tag-foursome","27":"product_tag-full-covered","28":"product_tag-full-hd","29":"product_tag-gangbang","30":"product_tag-girl","31":"product_tag-klodysseus","32":"product_tag-manure","33":"product_tag-masturbate","34":"product_tag-masturbation","35":"product_tag-naked","36":"product_tag-orgasm","37":"product_tag-outdoor","38":"product_tag-panties","39":"product_tag-pee","40":"product_tag-peeing","41":"product_tag-photoset","42":"product_tag-pussy","43":"product_tag-reverse-cowgirl","44":"product_tag-sandals","45":"product_tag-scati-own","46":"product_tag-season-2","47":"product_tag-sex-in-cowshit","48":"product_tag-slurry","49":"product_tag-slurry-bath","50":"product_tag-slurry-porn","51":"product_tag-smearing","52":"product_tag-socks","53":"product_tag-tits","54":"product_tag-wet","55":"product_tag-women","56":"pa_format-jpeg","57":"pa_format-zip-archive","58":"pa_image-amount-3056","59":"pa_image-resolution-4096x2160","60":"pa_product-type-digital-download-photoset","61":"pa_product-type-usb-stick","62":"pa_size-6-8-gb","63":"desktop-align-center","64":"tablet-align-left","65":"mobile-align-left","67":"first","68":"instock","69":"shipping-taxable","70":"purchasable","71":"product-type-variable","72":"has-default-attributes"},"exclude_global_add_ons":[],"addons":[],"acf":[],"yoast_head":"<!-- This site is optimized with the Yoast SEO Premium plugin v27.1 (Yoast SEO v27.1.1) - https:\/\/yoast.com\/product\/yoast-seo-premium-wordpress\/ -->\n<title>Betty&#039;s Manure Gulag Photoset - ManureFetish - Pictures from our video<\/title>\n<meta name=\"description\" content=\"Betty&#039;s Manure Gulag Photoset, a nice photoset from Betty&#039;s Gangbang in the manure channel with three other men.\" \/>\n<meta name=\"robots\" content=\"index, follow, max-snippet:-1, max-image-preview:large, max-video-preview:-1\" \/>\n<link rel=\"canonical\" href=\"https:\/\/manurefetish.com\/es\/shop\/videos\/bettys-manure-gulag-photoset\/\" \/>\n<meta property=\"og:locale\" content=\"es_ES\" \/>\n<meta property=\"og:type\" content=\"article\" \/>\n<meta property=\"og:title\" content=\"Betty&#039;s Manure Gulag Photoset\" \/>\n<meta property=\"og:description\" content=\"Betty&#039;s Manure Gulag Photoset, a nice photoset from Betty&#039;s Gangbang in the manure channel with three other men.\" \/>\n<meta property=\"og:url\" content=\"https:\/\/manurefetish.com\/es\/shop\/videos\/bettys-manure-gulag-photoset\/\" \/>\n<meta property=\"og:site_name\" content=\"ManureFetish\" \/>\n<meta property=\"article:publisher\" content=\"https:\/\/www.facebook.com\/manurefetish\/\" \/>\n<meta property=\"article:modified_time\" content=\"2026-03-24T16:13:22+00:00\" \/>\n<meta property=\"og:image\" content=\"https:\/\/manurefetish.com\/wp-content\/uploads\/2021\/08\/bettys-manure-gulag-photoset-manurefetish.jpg\" \/>\n\t<meta property=\"og:image:width\" content=\"1920\" \/>\n\t<meta property=\"og:image:height\" content=\"1080\" \/>\n\t<meta property=\"og:image:type\" content=\"image\/jpeg\" \/>\n<meta name=\"twitter:card\" content=\"summary_large_image\" \/>\n<meta name=\"twitter:site\" content=\"@Manurefetisch\" \/>\n<script type=\"application\/ld+json\" class=\"yoast-schema-graph\">{\"@context\":\"https:\/\/schema.org\",\"@graph\":[{\"@type\":\"WebPage\",\"@id\":\"https:\/\/manurefetish.com\/shop\/videos\/bettys-manure-gulag-photoset\/\",\"url\":\"https:\/\/manurefetish.com\/shop\/videos\/bettys-manure-gulag-photoset\/\",\"name\":\"Betty's Manure Gulag Photoset - ManureFetish - Pictures from our video\",\"isPartOf\":{\"@id\":\"https:\/\/manurefetish.com\/#website\"},\"primaryImageOfPage\":{\"@id\":\"https:\/\/manurefetish.com\/shop\/videos\/bettys-manure-gulag-photoset\/#primaryimage\"},\"image\":{\"@id\":\"https:\/\/manurefetish.com\/shop\/videos\/bettys-manure-gulag-photoset\/#primaryimage\"},\"thumbnailUrl\":\"https:\/\/manurefetish.b-cdn.net\/wp-content\/uploads\/2021\/08\/bettys-manure-gulag-photoset-manurefetish.jpg\",\"datePublished\":\"2021-08-25T12:47:31+00:00\",\"dateModified\":\"2026-03-24T16:13:22+00:00\",\"description\":\"Betty's Manure Gulag Photoset, a nice photoset from Betty's Gangbang in the manure channel with three other men.\",\"breadcrumb\":{\"@id\":\"https:\/\/manurefetish.com\/shop\/videos\/bettys-manure-gulag-photoset\/#breadcrumb\"},\"inLanguage\":\"es\",\"potentialAction\":[{\"@type\":\"ReadAction\",\"target\":[\"https:\/\/manurefetish.com\/shop\/videos\/bettys-manure-gulag-photoset\/\"]}]},{\"@type\":\"ImageObject\",\"inLanguage\":\"es\",\"@id\":\"https:\/\/manurefetish.com\/shop\/videos\/bettys-manure-gulag-photoset\/#primaryimage\",\"url\":\"https:\/\/manurefetish.b-cdn.net\/wp-content\/uploads\/2021\/08\/bettys-manure-gulag-photoset-manurefetish.jpg\",\"contentUrl\":\"https:\/\/manurefetish.b-cdn.net\/wp-content\/uploads\/2021\/08\/bettys-manure-gulag-photoset-manurefetish.jpg\",\"width\":1920,\"height\":1080},{\"@type\":\"BreadcrumbList\",\"@id\":\"https:\/\/manurefetish.com\/shop\/videos\/bettys-manure-gulag-photoset\/#breadcrumb\",\"itemListElement\":[{\"@type\":\"ListItem\",\"position\":1,\"name\":\"Home\",\"item\":\"https:\/\/manurefetish.com\/\"},{\"@type\":\"ListItem\",\"position\":2,\"name\":\"Shop\",\"item\":\"https:\/\/manurefetish.com\/shop\/\"},{\"@type\":\"ListItem\",\"position\":3,\"name\":\"Videos\",\"item\":\"https:\/\/manurefetish.com\/product-category\/videos\/\"},{\"@type\":\"ListItem\",\"position\":4,\"name\":\"Betty&#8217;s Manure Gulag Photoset\"}]},{\"@type\":\"WebSite\",\"@id\":\"https:\/\/manurefetish.com\/#website\",\"url\":\"https:\/\/manurefetish.com\/\",\"name\":\"ManureFetish\",\"description\":\"ManureFetish Shop\",\"publisher\":{\"@id\":\"https:\/\/manurefetish.com\/#organization\"},\"potentialAction\":[{\"@type\":\"SearchAction\",\"target\":{\"@type\":\"EntryPoint\",\"urlTemplate\":\"https:\/\/manurefetish.com\/?s={search_term_string}\"},\"query-input\":{\"@type\":\"PropertyValueSpecification\",\"valueRequired\":true,\"valueName\":\"search_term_string\"}}],\"inLanguage\":\"es\"},{\"@type\":\"Organization\",\"@id\":\"https:\/\/manurefetish.com\/#organization\",\"name\":\"ManureFetish.com\",\"url\":\"https:\/\/manurefetish.com\/\",\"logo\":{\"@type\":\"ImageObject\",\"inLanguage\":\"es\",\"@id\":\"https:\/\/manurefetish.com\/#\/schema\/logo\/image\/\",\"url\":\"https:\/\/manurefetish.com\/wp-content\/uploads\/2019\/06\/1000xmanurefetishcom-michaela-logo-website-shop.png\",\"contentUrl\":\"https:\/\/manurefetish.com\/wp-content\/uploads\/2019\/06\/1000xmanurefetishcom-michaela-logo-website-shop.png\",\"width\":1000,\"height\":632,\"caption\":\"ManureFetish.com\"},\"image\":{\"@id\":\"https:\/\/manurefetish.com\/#\/schema\/logo\/image\/\"},\"sameAs\":[\"https:\/\/www.facebook.com\/manurefetish\/\",\"https:\/\/x.com\/Manurefetisch\",\"https:\/\/www.youtube.com\/c\/ManureFetish\"],\"description\":\"We're creating various fetish content with female and male models alike.\",\"foundingDate\":\"2019-07-04\",\"vatID\":\"DE366928521\",\"numberOfEmployees\":{\"@type\":\"QuantitativeValue\",\"minValue\":\"1\",\"maxValue\":\"10\"}}]}<\/script>\n<meta property=\"og:availability\" content=\"instock\" \/>\n<meta property=\"product:availability\" content=\"instock\" \/>\n<meta property=\"product:retailer_item_id\" content=\"MFW-BMG-1\" \/>\n<meta property=\"product:condition\" content=\"new\" \/>\n<!-- \/ Yoast SEO Premium plugin. -->","yoast_head_json":{"title":"Betty's Manure Gulag Photoset - ManureFetish - Fotos de nuestro v\u00eddeo","description":"Betty's Manure Gulag Photoset, un bonito conjunto de fotos del Gangbang de Betty en el canal del esti\u00e9rcol con otros tres hombres.","robots":{"index":"index","follow":"follow","max-snippet":"max-snippet:-1","max-image-preview":"max-image-preview:large","max-video-preview":"max-video-preview:-1"},"canonical":"https:\/\/manurefetish.com\/es\/shop\/videos\/bettys-manure-gulag-photoset\/","og_locale":"es_ES","og_type":"article","og_title":"Betty's Manure Gulag Photoset","og_description":"Betty's Manure Gulag Photoset, a nice photoset from Betty's Gangbang in the manure channel with three other men.","og_url":"https:\/\/manurefetish.com\/es\/shop\/videos\/bettys-manure-gulag-photoset\/","og_site_name":"ManureFetish","article_publisher":"https:\/\/www.facebook.com\/manurefetish\/","article_modified_time":"2026-03-24T16:13:22+00:00","og_image":[{"width":1920,"height":1080,"url":"https:\/\/manurefetish.com\/wp-content\/uploads\/2021\/08\/bettys-manure-gulag-photoset-manurefetish.jpg","type":"image\/jpeg"}],"twitter_card":"summary_large_image","twitter_site":"@Manurefetisch","schema":{"@context":"https:\/\/schema.org","@graph":[{"@type":"WebPage","@id":"https:\/\/manurefetish.com\/shop\/videos\/bettys-manure-gulag-photoset\/","url":"https:\/\/manurefetish.com\/shop\/videos\/bettys-manure-gulag-photoset\/","name":"Betty's Manure Gulag Photoset - ManureFetish - Fotos de nuestro v\u00eddeo","isPartOf":{"@id":"https:\/\/manurefetish.com\/#website"},"primaryImageOfPage":{"@id":"https:\/\/manurefetish.com\/shop\/videos\/bettys-manure-gulag-photoset\/#primaryimage"},"image":{"@id":"https:\/\/manurefetish.com\/shop\/videos\/bettys-manure-gulag-photoset\/#primaryimage"},"thumbnailUrl":"https:\/\/manurefetish.b-cdn.net\/wp-content\/uploads\/2021\/08\/bettys-manure-gulag-photoset-manurefetish.jpg","datePublished":"2021-08-25T12:47:31+00:00","dateModified":"2026-03-24T16:13:22+00:00","description":"Betty's Manure Gulag Photoset, un bonito conjunto de fotos del Gangbang de Betty en el canal del esti\u00e9rcol con otros tres hombres.","breadcrumb":{"@id":"https:\/\/manurefetish.com\/shop\/videos\/bettys-manure-gulag-photoset\/#breadcrumb"},"inLanguage":"es","potentialAction":[{"@type":"ReadAction","target":["https:\/\/manurefetish.com\/shop\/videos\/bettys-manure-gulag-photoset\/"]}]},{"@type":"ImageObject","inLanguage":"es","@id":"https:\/\/manurefetish.com\/shop\/videos\/bettys-manure-gulag-photoset\/#primaryimage","url":"https:\/\/manurefetish.b-cdn.net\/wp-content\/uploads\/2021\/08\/bettys-manure-gulag-photoset-manurefetish.jpg","contentUrl":"https:\/\/manurefetish.b-cdn.net\/wp-content\/uploads\/2021\/08\/bettys-manure-gulag-photoset-manurefetish.jpg","width":1920,"height":1080},{"@type":"BreadcrumbList","@id":"https:\/\/manurefetish.com\/shop\/videos\/bettys-manure-gulag-photoset\/#breadcrumb","itemListElement":[{"@type":"ListItem","position":1,"name":"Home","item":"https:\/\/manurefetish.com\/"},{"@type":"ListItem","position":2,"name":"Shop","item":"https:\/\/manurefetish.com\/shop\/"},{"@type":"ListItem","position":3,"name":"Videos","item":"https:\/\/manurefetish.com\/product-category\/videos\/"},{"@type":"ListItem","position":4,"name":"Betty&#8217;s Manure Gulag Photoset"}]},{"@type":"WebSite","@id":"https:\/\/manurefetish.com\/#website","url":"https:\/\/manurefetish.com\/","name":"ManureFetish","description":"ManureFetish","publisher":{"@id":"https:\/\/manurefetish.com\/#organization"},"potentialAction":[{"@type":"SearchAction","target":{"@type":"EntryPoint","urlTemplate":"https:\/\/manurefetish.com\/?s={search_term_string}"},"query-input":{"@type":"PropertyValueSpecification","valueRequired":true,"valueName":"search_term_string"}}],"inLanguage":"es"},{"@type":"Organization","@id":"https:\/\/manurefetish.com\/#organization","name":"ManureFetish.com","url":"https:\/\/manurefetish.com\/","logo":{"@type":"ImageObject","inLanguage":"es","@id":"https:\/\/manurefetish.com\/#\/schema\/logo\/image\/","url":"https:\/\/manurefetish.com\/wp-content\/uploads\/2019\/06\/1000xmanurefetishcom-michaela-logo-website-shop.png","contentUrl":"https:\/\/manurefetish.com\/wp-content\/uploads\/2019\/06\/1000xmanurefetishcom-michaela-logo-website-shop.png","width":1000,"height":632,"caption":"ManureFetish.com"},"image":{"@id":"https:\/\/manurefetish.com\/#\/schema\/logo\/image\/"},"sameAs":["https:\/\/www.facebook.com\/manurefetish\/","https:\/\/x.com\/Manurefetisch","https:\/\/www.youtube.com\/c\/ManureFetish"],"description":"Estamos creando diversos contenidos fetichistas con modelos femeninos y masculinos por igual.","foundingDate":"2019-07-04","vatID":"DE366928521","numberOfEmployees":{"@type":"QuantitativeValue","minValue":"1","maxValue":"10"}}]},"og_availability":"instock","product_availability":"instock","product_retailer_item_id":"MFW-BMG-1","product_condition":"new"},"_links":{"self":[{"href":"https:\/\/manurefetish.com\/es\/wp-json\/wp\/v2\/product\/38299","targetHints":{"allow":["GET"]}}],"collection":[{"href":"https:\/\/manurefetish.com\/es\/wp-json\/wp\/v2\/product"}],"about":[{"href":"https:\/\/manurefetish.com\/es\/wp-json\/wp\/v2\/types\/product"}],"replies":[{"embeddable":true,"href":"https:\/\/manurefetish.com\/es\/wp-json\/wp\/v2\/comments?post=38299"}],"version-history":[{"count":0,"href":"https:\/\/manurefetish.com\/es\/wp-json\/wp\/v2\/product\/38299\/revisions"}],"wp:featuredmedia":[{"embeddable":true,"href":"https:\/\/manurefetish.com\/es\/wp-json\/wp\/v2\/media\/38364"}],"wp:attachment":[{"href":"https:\/\/manurefetish.com\/es\/wp-json\/wp\/v2\/media?parent=38299"}],"wp:term":[{"taxonomy":"product_brand","embeddable":true,"href":"https:\/\/manurefetish.com\/es\/wp-json\/wp\/v2\/product_brand?post=38299"},{"taxonomy":"product_cat","embeddable":true,"href":"https:\/\/manurefetish.com\/es\/wp-json\/wp\/v2\/product_cat?post=38299"},{"taxonomy":"product_tag","embeddable":true,"href":"https:\/\/manurefetish.com\/es\/wp-json\/wp\/v2\/product_tag?post=38299"}],"curies":[{"name":"wp","href":"https:\/\/api.w.org\/{rel}","templated":true}]}}