{"id":35356,"date":"2021-06-17T15:55:44","date_gmt":"2021-06-17T13:55:44","guid":{"rendered":"https:\/\/manurefetish.com\/?post_type=product&#038;p=35356"},"modified":"2026-03-24T17:16:01","modified_gmt":"2026-03-24T16:16:01","slug":"cheerleader-cosplay-mud-masturbation","status":"publish","type":"product","link":"https:\/\/manurefetish.com\/es\/shop\/videos\/cheerleader-cosplay-mud-masturbation\/","title":{"rendered":"Cosplay de animadora Masturbaci\u00f3n con barro"},"content":{"rendered":"<p>Lyndra Lynn is a Newcomer, freshly turned 18 Years old and ready to get messy. She contacted us some time ago, because she&#8217;s interested in shooting very dirty scenes.<\/p>\n<p>En su primer v\u00eddeo, explora el barro por primera vez. Siempre quiso jugar y masturbarse en el barro y m\u00e1s tarde, por supuesto, con nosotros, con esti\u00e9rcol de vaca.<\/p>\n<p>She begins to smear the sticky clay between her hands and puts some mud on the bed. She covers her body more and more, which makes her even hornier. She covers her cosplay completely including her white socks. After her dress is covered, she removes her bra and begins to smear her naked beautiful body. She can&#8217;t hold it back anymore, so Lyndra begins to rub her pussy and her breasts. Lyndra Lynn pulls out her magic wand which brings her to a nice big orgasm.<\/p>\n<h3>Included in this purchase the FULL HD &amp; 4K ULTRA HD Version<\/h3>","protected":false},"excerpt":{"rendered":"<p>Lyndra Lynn is a Newcomer, freshly turned 18 Years old and ready to get messy. She contacted us some time ago, because she&#8217;s interested in shooting very dirty scenes. In her first video, she explores mud for the first time. She always wanted to play and masturbate in mud and later, of course with us [&hellip;]<\/p>\n","protected":false},"featured_media":198949,"comment_status":"open","ping_status":"closed","template":"","meta":{"_acf_changed":false,"site-sidebar-layout":"default","site-content-layout":"","ast-site-content-layout":"default","site-content-style":"default","site-sidebar-style":"default","ast-global-header-display":"","ast-banner-title-visibility":"","ast-main-header-display":"","ast-hfb-above-header-display":"","ast-hfb-below-header-display":"","ast-hfb-mobile-header-display":"","site-post-title":"","ast-breadcrumbs-content":"","ast-featured-img":"","footer-sml-layout":"","ast-disable-related-posts":"","theme-transparent-header-meta":"default","adv-header-id-meta":"","stick-header-meta":"","header-above-stick-meta":"","header-main-stick-meta":"","header-below-stick-meta":"","astra-migrate-meta-layouts":"set","ast-page-background-enabled":"default","ast-page-background-meta":{"desktop":{"background-color":"var(--ast-global-color-4)","background-image":"","background-repeat":"repeat","background-position":"center center","background-size":"auto","background-attachment":"scroll","background-type":"","background-media":"","overlay-type":"","overlay-color":"","overlay-opacity":"","overlay-gradient":""},"tablet":{"background-color":"","background-image":"","background-repeat":"repeat","background-position":"center center","background-size":"auto","background-attachment":"scroll","background-type":"","background-media":"","overlay-type":"","overlay-color":"","overlay-opacity":"","overlay-gradient":""},"mobile":{"background-color":"","background-image":"","background-repeat":"repeat","background-position":"center center","background-size":"auto","background-attachment":"scroll","background-type":"","background-media":"","overlay-type":"","overlay-color":"","overlay-opacity":"","overlay-gradient":""}},"ast-content-background-meta":{"desktop":{"background-color":"var(--ast-global-color-5)","background-image":"","background-repeat":"repeat","background-position":"center center","background-size":"auto","background-attachment":"scroll","background-type":"","background-media":"","overlay-type":"","overlay-color":"","overlay-opacity":"","overlay-gradient":""},"tablet":{"background-color":"var(--ast-global-color-5)","background-image":"","background-repeat":"repeat","background-position":"center center","background-size":"auto","background-attachment":"scroll","background-type":"","background-media":"","overlay-type":"","overlay-color":"","overlay-opacity":"","overlay-gradient":""},"mobile":{"background-color":"var(--ast-global-color-5)","background-image":"","background-repeat":"repeat","background-position":"center center","background-size":"auto","background-attachment":"scroll","background-type":"","background-media":"","overlay-type":"","overlay-color":"","overlay-opacity":"","overlay-gradient":""}}},"product_brand":[],"product_cat":[4470],"product_tag":[2838,2839,2843,2837,2842,316,2840,3030,2419,2841,2206,2836,65,2844,32,4646,2832,2368],"class_list":{"0":"post-35356","1":"product","2":"type-product","3":"status-publish","4":"has-post-thumbnail","6":"product_cat-videos","7":"product_tag-bed","8":"product_tag-bedroom","9":"product_tag-cheerleader","10":"product_tag-clay","11":"product_tag-cosplay","12":"product_tag-cunt","13":"product_tag-dirty","14":"product_tag-download","15":"product_tag-full-hd","16":"product_tag-lyndra-lynn","17":"product_tag-masturbation","18":"product_tag-mud","19":"product_tag-naked","20":"product_tag-newcomer","21":"product_tag-pussy","22":"product_tag-season-2","23":"product_tag-smearing","24":"product_tag-ultra-hd","25":"pa_audio-info-stereo","26":"pa_format-mp4","27":"pa_length-12-minutes","28":"pa_product-type-digital-download-video","29":"pa_product-type-usb-stick","30":"pa_size-136-gb","31":"pa_video-info-full-hd-1920x1080p","32":"pa_video-info-ultra-hd-4k","33":"desktop-align-center","34":"tablet-align-left","35":"mobile-align-left","37":"first","38":"instock","39":"shipping-taxable","40":"purchasable","41":"product-type-variable","42":"has-default-attributes"},"exclude_global_add_ons":[],"addons":[],"acf":[],"yoast_head":"<!-- This site is optimized with the Yoast SEO Premium plugin v27.1 (Yoast SEO v27.1.1) - https:\/\/yoast.com\/product\/yoast-seo-premium-wordpress\/ -->\n<title>Cheerleader Cosplay Mud Masturbation - ManureFetish - with lyndra lynn<\/title>\n<meta name=\"description\" content=\"Cheerleader Cosplay Mud Masturbation with Lyndra Lynn. Lyndra Lynn is our Newcomer. She likes dirty things like hentai mud und dung\" \/>\n<meta name=\"robots\" content=\"index, follow, max-snippet:-1, max-image-preview:large, max-video-preview:-1\" \/>\n<link rel=\"canonical\" href=\"https:\/\/manurefetish.com\/es\/shop\/videos\/cheerleader-cosplay-mud-masturbation\/\" \/>\n<meta property=\"og:locale\" content=\"es_ES\" \/>\n<meta property=\"og:type\" content=\"article\" \/>\n<meta property=\"og:title\" content=\"Cheerleader Cosplay Mud Masturbation\" \/>\n<meta property=\"og:description\" content=\"Cheerleader Cosplay Mud Masturbation with Lyndra Lynn. Lyndra Lynn is our Newcomer. She likes dirty things like hentai mud und dung\" \/>\n<meta property=\"og:url\" content=\"https:\/\/manurefetish.com\/es\/shop\/videos\/cheerleader-cosplay-mud-masturbation\/\" \/>\n<meta property=\"og:site_name\" content=\"ManureFetish\" \/>\n<meta property=\"article:publisher\" content=\"https:\/\/www.facebook.com\/manurefetish\/\" \/>\n<meta property=\"article:modified_time\" content=\"2026-03-24T16:16:01+00:00\" \/>\n<meta property=\"og:image\" content=\"https:\/\/manurefetish.com\/wp-content\/uploads\/2021\/06\/Lyndra-Lynn-Cheerleader-Cosplay-schlamm-Masturbation.jpg\" \/>\n\t<meta property=\"og:image:width\" content=\"1728\" \/>\n\t<meta property=\"og:image:height\" content=\"576\" \/>\n\t<meta property=\"og:image:type\" content=\"image\/jpeg\" \/>\n<meta name=\"twitter:card\" content=\"summary_large_image\" \/>\n<meta name=\"twitter:site\" content=\"@Manurefetisch\" \/>\n<script type=\"application\/ld+json\" class=\"yoast-schema-graph\">{\"@context\":\"https:\/\/schema.org\",\"@graph\":[{\"@type\":\"WebPage\",\"@id\":\"https:\/\/manurefetish.com\/shop\/videos\/cheerleader-cosplay-mud-masturbation\/\",\"url\":\"https:\/\/manurefetish.com\/shop\/videos\/cheerleader-cosplay-mud-masturbation\/\",\"name\":\"Cheerleader Cosplay Mud Masturbation - ManureFetish - with lyndra lynn\",\"isPartOf\":{\"@id\":\"https:\/\/manurefetish.com\/#website\"},\"primaryImageOfPage\":{\"@id\":\"https:\/\/manurefetish.com\/shop\/videos\/cheerleader-cosplay-mud-masturbation\/#primaryimage\"},\"image\":{\"@id\":\"https:\/\/manurefetish.com\/shop\/videos\/cheerleader-cosplay-mud-masturbation\/#primaryimage\"},\"thumbnailUrl\":\"https:\/\/manurefetish.b-cdn.net\/wp-content\/uploads\/2021\/06\/Lyndra-Lynn-Cheerleader-Cosplay-schlamm-Masturbation.jpg\",\"datePublished\":\"2021-06-17T13:55:44+00:00\",\"dateModified\":\"2026-03-24T16:16:01+00:00\",\"description\":\"Cheerleader Cosplay Mud Masturbation with Lyndra Lynn. Lyndra Lynn is our Newcomer. She likes dirty things like hentai mud und dung\",\"breadcrumb\":{\"@id\":\"https:\/\/manurefetish.com\/shop\/videos\/cheerleader-cosplay-mud-masturbation\/#breadcrumb\"},\"inLanguage\":\"es\",\"potentialAction\":[{\"@type\":\"ReadAction\",\"target\":[\"https:\/\/manurefetish.com\/shop\/videos\/cheerleader-cosplay-mud-masturbation\/\"]}]},{\"@type\":\"ImageObject\",\"inLanguage\":\"es\",\"@id\":\"https:\/\/manurefetish.com\/shop\/videos\/cheerleader-cosplay-mud-masturbation\/#primaryimage\",\"url\":\"https:\/\/manurefetish.b-cdn.net\/wp-content\/uploads\/2021\/06\/Lyndra-Lynn-Cheerleader-Cosplay-schlamm-Masturbation.jpg\",\"contentUrl\":\"https:\/\/manurefetish.b-cdn.net\/wp-content\/uploads\/2021\/06\/Lyndra-Lynn-Cheerleader-Cosplay-schlamm-Masturbation.jpg\",\"width\":1728,\"height\":576},{\"@type\":\"BreadcrumbList\",\"@id\":\"https:\/\/manurefetish.com\/shop\/videos\/cheerleader-cosplay-mud-masturbation\/#breadcrumb\",\"itemListElement\":[{\"@type\":\"ListItem\",\"position\":1,\"name\":\"Home\",\"item\":\"https:\/\/manurefetish.com\/\"},{\"@type\":\"ListItem\",\"position\":2,\"name\":\"Shop\",\"item\":\"https:\/\/manurefetish.com\/shop\/\"},{\"@type\":\"ListItem\",\"position\":3,\"name\":\"Videos\",\"item\":\"https:\/\/manurefetish.com\/product-category\/videos\/\"},{\"@type\":\"ListItem\",\"position\":4,\"name\":\"Cheerleader Cosplay Mud Masturbation\"}]},{\"@type\":\"WebSite\",\"@id\":\"https:\/\/manurefetish.com\/#website\",\"url\":\"https:\/\/manurefetish.com\/\",\"name\":\"ManureFetish\",\"description\":\"ManureFetish Shop\",\"publisher\":{\"@id\":\"https:\/\/manurefetish.com\/#organization\"},\"potentialAction\":[{\"@type\":\"SearchAction\",\"target\":{\"@type\":\"EntryPoint\",\"urlTemplate\":\"https:\/\/manurefetish.com\/?s={search_term_string}\"},\"query-input\":{\"@type\":\"PropertyValueSpecification\",\"valueRequired\":true,\"valueName\":\"search_term_string\"}}],\"inLanguage\":\"es\"},{\"@type\":\"Organization\",\"@id\":\"https:\/\/manurefetish.com\/#organization\",\"name\":\"ManureFetish.com\",\"url\":\"https:\/\/manurefetish.com\/\",\"logo\":{\"@type\":\"ImageObject\",\"inLanguage\":\"es\",\"@id\":\"https:\/\/manurefetish.com\/#\/schema\/logo\/image\/\",\"url\":\"https:\/\/manurefetish.com\/wp-content\/uploads\/2019\/06\/1000xmanurefetishcom-michaela-logo-website-shop.png\",\"contentUrl\":\"https:\/\/manurefetish.com\/wp-content\/uploads\/2019\/06\/1000xmanurefetishcom-michaela-logo-website-shop.png\",\"width\":1000,\"height\":632,\"caption\":\"ManureFetish.com\"},\"image\":{\"@id\":\"https:\/\/manurefetish.com\/#\/schema\/logo\/image\/\"},\"sameAs\":[\"https:\/\/www.facebook.com\/manurefetish\/\",\"https:\/\/x.com\/Manurefetisch\",\"https:\/\/www.youtube.com\/c\/ManureFetish\"],\"description\":\"We're creating various fetish content with female and male models alike.\",\"foundingDate\":\"2019-07-04\",\"vatID\":\"DE366928521\",\"numberOfEmployees\":{\"@type\":\"QuantitativeValue\",\"minValue\":\"1\",\"maxValue\":\"10\"}}]}<\/script>\n<meta property=\"og:availability\" content=\"instock\" \/>\n<meta property=\"product:availability\" content=\"instock\" \/>\n<meta property=\"product:retailer_item_id\" content=\"LYN-CCMM\" \/>\n<meta property=\"product:condition\" content=\"new\" \/>\n<!-- \/ Yoast SEO Premium plugin. -->","yoast_head_json":{"title":"Cosplay de animadora Masturbaci\u00f3n con barro - ManureFetish - con lyndra lynn","description":"Cosplay de animadora Masturbaci\u00f3n con barro con Lyndra Lynn. Lyndra Lynn es nuestra reci\u00e9n llegada. Le gustan las cosas sucias como el barro hentai y el esti\u00e9rcol.","robots":{"index":"index","follow":"follow","max-snippet":"max-snippet:-1","max-image-preview":"max-image-preview:large","max-video-preview":"max-video-preview:-1"},"canonical":"https:\/\/manurefetish.com\/es\/shop\/videos\/cheerleader-cosplay-mud-masturbation\/","og_locale":"es_ES","og_type":"article","og_title":"Cheerleader Cosplay Mud Masturbation","og_description":"Cheerleader Cosplay Mud Masturbation with Lyndra Lynn. Lyndra Lynn is our Newcomer. She likes dirty things like hentai mud und dung","og_url":"https:\/\/manurefetish.com\/es\/shop\/videos\/cheerleader-cosplay-mud-masturbation\/","og_site_name":"ManureFetish","article_publisher":"https:\/\/www.facebook.com\/manurefetish\/","article_modified_time":"2026-03-24T16:16:01+00:00","og_image":[{"width":1728,"height":576,"url":"https:\/\/manurefetish.com\/wp-content\/uploads\/2021\/06\/Lyndra-Lynn-Cheerleader-Cosplay-schlamm-Masturbation.jpg","type":"image\/jpeg"}],"twitter_card":"summary_large_image","twitter_site":"@Manurefetisch","schema":{"@context":"https:\/\/schema.org","@graph":[{"@type":"WebPage","@id":"https:\/\/manurefetish.com\/shop\/videos\/cheerleader-cosplay-mud-masturbation\/","url":"https:\/\/manurefetish.com\/shop\/videos\/cheerleader-cosplay-mud-masturbation\/","name":"Cosplay de animadora Masturbaci\u00f3n con barro - ManureFetish - con lyndra lynn","isPartOf":{"@id":"https:\/\/manurefetish.com\/#website"},"primaryImageOfPage":{"@id":"https:\/\/manurefetish.com\/shop\/videos\/cheerleader-cosplay-mud-masturbation\/#primaryimage"},"image":{"@id":"https:\/\/manurefetish.com\/shop\/videos\/cheerleader-cosplay-mud-masturbation\/#primaryimage"},"thumbnailUrl":"https:\/\/manurefetish.b-cdn.net\/wp-content\/uploads\/2021\/06\/Lyndra-Lynn-Cheerleader-Cosplay-schlamm-Masturbation.jpg","datePublished":"2021-06-17T13:55:44+00:00","dateModified":"2026-03-24T16:16:01+00:00","description":"Cosplay de animadora Masturbaci\u00f3n con barro con Lyndra Lynn. Lyndra Lynn es nuestra reci\u00e9n llegada. Le gustan las cosas sucias como el barro hentai y el esti\u00e9rcol.","breadcrumb":{"@id":"https:\/\/manurefetish.com\/shop\/videos\/cheerleader-cosplay-mud-masturbation\/#breadcrumb"},"inLanguage":"es","potentialAction":[{"@type":"ReadAction","target":["https:\/\/manurefetish.com\/shop\/videos\/cheerleader-cosplay-mud-masturbation\/"]}]},{"@type":"ImageObject","inLanguage":"es","@id":"https:\/\/manurefetish.com\/shop\/videos\/cheerleader-cosplay-mud-masturbation\/#primaryimage","url":"https:\/\/manurefetish.b-cdn.net\/wp-content\/uploads\/2021\/06\/Lyndra-Lynn-Cheerleader-Cosplay-schlamm-Masturbation.jpg","contentUrl":"https:\/\/manurefetish.b-cdn.net\/wp-content\/uploads\/2021\/06\/Lyndra-Lynn-Cheerleader-Cosplay-schlamm-Masturbation.jpg","width":1728,"height":576},{"@type":"BreadcrumbList","@id":"https:\/\/manurefetish.com\/shop\/videos\/cheerleader-cosplay-mud-masturbation\/#breadcrumb","itemListElement":[{"@type":"ListItem","position":1,"name":"Home","item":"https:\/\/manurefetish.com\/"},{"@type":"ListItem","position":2,"name":"Shop","item":"https:\/\/manurefetish.com\/shop\/"},{"@type":"ListItem","position":3,"name":"Videos","item":"https:\/\/manurefetish.com\/product-category\/videos\/"},{"@type":"ListItem","position":4,"name":"Cheerleader Cosplay Mud Masturbation"}]},{"@type":"WebSite","@id":"https:\/\/manurefetish.com\/#website","url":"https:\/\/manurefetish.com\/","name":"ManureFetish","description":"ManureFetish","publisher":{"@id":"https:\/\/manurefetish.com\/#organization"},"potentialAction":[{"@type":"SearchAction","target":{"@type":"EntryPoint","urlTemplate":"https:\/\/manurefetish.com\/?s={search_term_string}"},"query-input":{"@type":"PropertyValueSpecification","valueRequired":true,"valueName":"search_term_string"}}],"inLanguage":"es"},{"@type":"Organization","@id":"https:\/\/manurefetish.com\/#organization","name":"ManureFetish.com","url":"https:\/\/manurefetish.com\/","logo":{"@type":"ImageObject","inLanguage":"es","@id":"https:\/\/manurefetish.com\/#\/schema\/logo\/image\/","url":"https:\/\/manurefetish.com\/wp-content\/uploads\/2019\/06\/1000xmanurefetishcom-michaela-logo-website-shop.png","contentUrl":"https:\/\/manurefetish.com\/wp-content\/uploads\/2019\/06\/1000xmanurefetishcom-michaela-logo-website-shop.png","width":1000,"height":632,"caption":"ManureFetish.com"},"image":{"@id":"https:\/\/manurefetish.com\/#\/schema\/logo\/image\/"},"sameAs":["https:\/\/www.facebook.com\/manurefetish\/","https:\/\/x.com\/Manurefetisch","https:\/\/www.youtube.com\/c\/ManureFetish"],"description":"Estamos creando diversos contenidos fetichistas con modelos femeninos y masculinos por igual.","foundingDate":"2019-07-04","vatID":"DE366928521","numberOfEmployees":{"@type":"QuantitativeValue","minValue":"1","maxValue":"10"}}]},"og_availability":"instock","product_availability":"instock","product_retailer_item_id":"LYN-CCMM","product_condition":"new"},"_links":{"self":[{"href":"https:\/\/manurefetish.com\/es\/wp-json\/wp\/v2\/product\/35356","targetHints":{"allow":["GET"]}}],"collection":[{"href":"https:\/\/manurefetish.com\/es\/wp-json\/wp\/v2\/product"}],"about":[{"href":"https:\/\/manurefetish.com\/es\/wp-json\/wp\/v2\/types\/product"}],"replies":[{"embeddable":true,"href":"https:\/\/manurefetish.com\/es\/wp-json\/wp\/v2\/comments?post=35356"}],"version-history":[{"count":0,"href":"https:\/\/manurefetish.com\/es\/wp-json\/wp\/v2\/product\/35356\/revisions"}],"wp:featuredmedia":[{"embeddable":true,"href":"https:\/\/manurefetish.com\/es\/wp-json\/wp\/v2\/media\/198949"}],"wp:attachment":[{"href":"https:\/\/manurefetish.com\/es\/wp-json\/wp\/v2\/media?parent=35356"}],"wp:term":[{"taxonomy":"product_brand","embeddable":true,"href":"https:\/\/manurefetish.com\/es\/wp-json\/wp\/v2\/product_brand?post=35356"},{"taxonomy":"product_cat","embeddable":true,"href":"https:\/\/manurefetish.com\/es\/wp-json\/wp\/v2\/product_cat?post=35356"},{"taxonomy":"product_tag","embeddable":true,"href":"https:\/\/manurefetish.com\/es\/wp-json\/wp\/v2\/product_tag?post=35356"}],"curies":[{"name":"wp","href":"https:\/\/api.w.org\/{rel}","templated":true}]}}