{"id":35080,"date":"2021-06-11T10:00:24","date_gmt":"2021-06-11T08:00:24","guid":{"rendered":"https:\/\/manurefetish.com\/?post_type=product&#038;p=35080"},"modified":"2026-03-24T17:16:19","modified_gmt":"2026-03-24T16:16:19","slug":"dasha-and-her-dirty-boots","status":"publish","type":"product","link":"https:\/\/manurefetish.com\/es\/shop\/videos\/dasha-and-her-dirty-boots\/","title":{"rendered":"Dasha y sus botas sucias"},"content":{"rendered":"<p>Dasha (Di) se qued\u00f3 este cubo para ella sola.<\/p>\n<p>Su deseo se ha acumulado durante todo el d\u00eda y ahora es el momento de disfrutar realmente de la noche con el contenido del cubo.<\/p>\n<p>Mientras se cubre con el esti\u00e9rcol de vaca, se le ocurre la idea de llenar sus botas con el esti\u00e9rcol y luego verterlo sobre su cuerpo.<\/p>\n<p>Cuando la ropa est\u00e1 llena de esti\u00e9rcol, Dasha se quita finalmente la ropa para masajearse un poco de excremento de vaca en la piel.<\/p>\n<p>Por \u00faltimo, se hace un dedo y se vierte varias veces botas llenas de esti\u00e9rcol sobre el cuerpo.<\/p>\n<p>Podemos contemplar su maravilloso cuerpo cubierto de mierda, su co\u00f1o h\u00famedo y tambi\u00e9n ver c\u00f3mo ella misma alcanza el cl\u00edmax<\/p>","protected":false},"excerpt":{"rendered":"<p>Dasha (Di) kept this bucket all for herself. Her desire has built up all day long and now it is time to really enjoy the evening with the contents of the bucket. While she is covering herself with the cow dung, she comes up with the idea of filling her boots with the dung and [&hellip;]<\/p>\n","protected":false},"featured_media":198950,"comment_status":"open","ping_status":"closed","template":"","meta":{"_acf_changed":false,"site-sidebar-layout":"default","site-content-layout":"","ast-site-content-layout":"default","site-content-style":"default","site-sidebar-style":"default","ast-global-header-display":"","ast-banner-title-visibility":"","ast-main-header-display":"","ast-hfb-above-header-display":"","ast-hfb-below-header-display":"","ast-hfb-mobile-header-display":"","site-post-title":"","ast-breadcrumbs-content":"","ast-featured-img":"","footer-sml-layout":"","ast-disable-related-posts":"","theme-transparent-header-meta":"default","adv-header-id-meta":"","stick-header-meta":"","header-above-stick-meta":"","header-main-stick-meta":"","header-below-stick-meta":"","astra-migrate-meta-layouts":"set","ast-page-background-enabled":"default","ast-page-background-meta":{"desktop":{"background-color":"var(--ast-global-color-4)","background-image":"","background-repeat":"repeat","background-position":"center center","background-size":"auto","background-attachment":"scroll","background-type":"","background-media":"","overlay-type":"","overlay-color":"","overlay-opacity":"","overlay-gradient":""},"tablet":{"background-color":"","background-image":"","background-repeat":"repeat","background-position":"center center","background-size":"auto","background-attachment":"scroll","background-type":"","background-media":"","overlay-type":"","overlay-color":"","overlay-opacity":"","overlay-gradient":""},"mobile":{"background-color":"","background-image":"","background-repeat":"repeat","background-position":"center center","background-size":"auto","background-attachment":"scroll","background-type":"","background-media":"","overlay-type":"","overlay-color":"","overlay-opacity":"","overlay-gradient":""}},"ast-content-background-meta":{"desktop":{"background-color":"var(--ast-global-color-5)","background-image":"","background-repeat":"repeat","background-position":"center center","background-size":"auto","background-attachment":"scroll","background-type":"","background-media":"","overlay-type":"","overlay-color":"","overlay-opacity":"","overlay-gradient":""},"tablet":{"background-color":"var(--ast-global-color-5)","background-image":"","background-repeat":"repeat","background-position":"center center","background-size":"auto","background-attachment":"scroll","background-type":"","background-media":"","overlay-type":"","overlay-color":"","overlay-opacity":"","overlay-gradient":""},"mobile":{"background-color":"var(--ast-global-color-5)","background-image":"","background-repeat":"repeat","background-position":"center center","background-size":"auto","background-attachment":"scroll","background-type":"","background-media":"","overlay-type":"","overlay-color":"","overlay-opacity":"","overlay-gradient":""}}},"product_brand":[],"product_cat":[4470],"product_tag":[317,318,2675,71,66,19,2621,2607,316,2831,2705,3030,2419,425,18,2285,2206,35,32,2396,3425,4482,24,277,2201,2832,2397],"class_list":{"0":"post-35080","1":"product","2":"type-product","3":"status-publish","4":"has-post-thumbnail","6":"product_cat-videos","7":"product_tag-asshole","8":"product_tag-boobs","9":"product_tag-boots","10":"product_tag-bucket","11":"product_tag-clothed","12":"product_tag-cow","13":"product_tag-cow-dung","14":"product_tag-cowdung","15":"product_tag-cunt","16":"product_tag-dasha","17":"product_tag-di","18":"product_tag-download","19":"product_tag-full-hd","20":"product_tag-hair","21":"product_tag-manure","22":"product_tag-masturbate","23":"product_tag-masturbation","24":"product_tag-orgasm","25":"product_tag-pussy","26":"product_tag-rubber-boots","27":"product_tag-season-1","28":"product_tag-sex-in-cowshit","29":"product_tag-slurry","30":"product_tag-slurry-bath","31":"product_tag-slurry-porn","32":"product_tag-smearing","33":"product_tag-wellies","34":"pa_audio-info-stereo","35":"pa_format-mp4","36":"pa_length-28-minutes","37":"pa_product-type-digital-download-full-hd-video","38":"pa_product-type-digital-download-ultra-hd-video","39":"pa_product-type-usb-stick","40":"pa_size-103-gb","41":"pa_video-info-ultra-hd-4k","42":"desktop-align-center","43":"tablet-align-left","44":"mobile-align-left","46":"first","47":"instock","48":"shipping-taxable","49":"purchasable","50":"product-type-variable"},"exclude_global_add_ons":[],"addons":[],"acf":[],"yoast_head":"<!-- This site is optimized with the Yoast SEO Premium plugin v27.1 (Yoast SEO v27.1.1) - https:\/\/yoast.com\/product\/yoast-seo-premium-wordpress\/ -->\n<title>Dasha and her dirty boots - ManureFetish - bathing in cowshit<\/title>\n<meta name=\"description\" content=\"Dasha and her dirty boots. dasha loves to use the boots as bucket so she can pour the fresh cowshit all over herself.\" \/>\n<meta name=\"robots\" content=\"index, follow, max-snippet:-1, max-image-preview:large, max-video-preview:-1\" \/>\n<link rel=\"canonical\" href=\"https:\/\/manurefetish.com\/es\/shop\/videos\/dasha-and-her-dirty-boots\/\" \/>\n<meta property=\"og:locale\" content=\"es_ES\" \/>\n<meta property=\"og:type\" content=\"article\" \/>\n<meta property=\"og:title\" content=\"Dasha and her dirty boots\" \/>\n<meta property=\"og:description\" content=\"Dasha and her dirty boots. dasha loves to use the boots as bucket so she can pour the fresh cowshit all over herself.\" \/>\n<meta property=\"og:url\" content=\"https:\/\/manurefetish.com\/es\/shop\/videos\/dasha-and-her-dirty-boots\/\" \/>\n<meta property=\"og:site_name\" content=\"ManureFetish\" \/>\n<meta property=\"article:publisher\" content=\"https:\/\/www.facebook.com\/manurefetish\/\" \/>\n<meta property=\"article:modified_time\" content=\"2026-03-24T16:16:19+00:00\" \/>\n<meta property=\"og:image\" content=\"https:\/\/manurefetish.com\/wp-content\/uploads\/2021\/06\/dasha-and-her-dirty-boots.jpg\" \/>\n\t<meta property=\"og:image:width\" content=\"1728\" \/>\n\t<meta property=\"og:image:height\" content=\"576\" \/>\n\t<meta property=\"og:image:type\" content=\"image\/jpeg\" \/>\n<meta name=\"twitter:card\" content=\"summary_large_image\" \/>\n<meta name=\"twitter:site\" content=\"@Manurefetisch\" \/>\n<script type=\"application\/ld+json\" class=\"yoast-schema-graph\">{\"@context\":\"https:\/\/schema.org\",\"@graph\":[{\"@type\":\"WebPage\",\"@id\":\"https:\/\/manurefetish.com\/shop\/videos\/dasha-and-her-dirty-boots\/\",\"url\":\"https:\/\/manurefetish.com\/shop\/videos\/dasha-and-her-dirty-boots\/\",\"name\":\"Dasha and her dirty boots - ManureFetish - bathing in cowshit\",\"isPartOf\":{\"@id\":\"https:\/\/manurefetish.com\/#website\"},\"primaryImageOfPage\":{\"@id\":\"https:\/\/manurefetish.com\/shop\/videos\/dasha-and-her-dirty-boots\/#primaryimage\"},\"image\":{\"@id\":\"https:\/\/manurefetish.com\/shop\/videos\/dasha-and-her-dirty-boots\/#primaryimage\"},\"thumbnailUrl\":\"https:\/\/manurefetish.b-cdn.net\/wp-content\/uploads\/2021\/06\/dasha-and-her-dirty-boots.jpg\",\"datePublished\":\"2021-06-11T08:00:24+00:00\",\"dateModified\":\"2026-03-24T16:16:19+00:00\",\"description\":\"Dasha and her dirty boots. dasha loves to use the boots as bucket so she can pour the fresh cowshit all over herself.\",\"breadcrumb\":{\"@id\":\"https:\/\/manurefetish.com\/shop\/videos\/dasha-and-her-dirty-boots\/#breadcrumb\"},\"inLanguage\":\"es\",\"potentialAction\":[{\"@type\":\"ReadAction\",\"target\":[\"https:\/\/manurefetish.com\/shop\/videos\/dasha-and-her-dirty-boots\/\"]}]},{\"@type\":\"ImageObject\",\"inLanguage\":\"es\",\"@id\":\"https:\/\/manurefetish.com\/shop\/videos\/dasha-and-her-dirty-boots\/#primaryimage\",\"url\":\"https:\/\/manurefetish.b-cdn.net\/wp-content\/uploads\/2021\/06\/dasha-and-her-dirty-boots.jpg\",\"contentUrl\":\"https:\/\/manurefetish.b-cdn.net\/wp-content\/uploads\/2021\/06\/dasha-and-her-dirty-boots.jpg\",\"width\":1728,\"height\":576},{\"@type\":\"BreadcrumbList\",\"@id\":\"https:\/\/manurefetish.com\/shop\/videos\/dasha-and-her-dirty-boots\/#breadcrumb\",\"itemListElement\":[{\"@type\":\"ListItem\",\"position\":1,\"name\":\"Home\",\"item\":\"https:\/\/manurefetish.com\/\"},{\"@type\":\"ListItem\",\"position\":2,\"name\":\"Shop\",\"item\":\"https:\/\/manurefetish.com\/shop\/\"},{\"@type\":\"ListItem\",\"position\":3,\"name\":\"Videos\",\"item\":\"https:\/\/manurefetish.com\/product-category\/videos\/\"},{\"@type\":\"ListItem\",\"position\":4,\"name\":\"Dasha and her dirty boots\"}]},{\"@type\":\"WebSite\",\"@id\":\"https:\/\/manurefetish.com\/#website\",\"url\":\"https:\/\/manurefetish.com\/\",\"name\":\"ManureFetish\",\"description\":\"ManureFetish Shop\",\"publisher\":{\"@id\":\"https:\/\/manurefetish.com\/#organization\"},\"potentialAction\":[{\"@type\":\"SearchAction\",\"target\":{\"@type\":\"EntryPoint\",\"urlTemplate\":\"https:\/\/manurefetish.com\/?s={search_term_string}\"},\"query-input\":{\"@type\":\"PropertyValueSpecification\",\"valueRequired\":true,\"valueName\":\"search_term_string\"}}],\"inLanguage\":\"es\"},{\"@type\":\"Organization\",\"@id\":\"https:\/\/manurefetish.com\/#organization\",\"name\":\"ManureFetish.com\",\"url\":\"https:\/\/manurefetish.com\/\",\"logo\":{\"@type\":\"ImageObject\",\"inLanguage\":\"es\",\"@id\":\"https:\/\/manurefetish.com\/#\/schema\/logo\/image\/\",\"url\":\"https:\/\/manurefetish.com\/wp-content\/uploads\/2019\/06\/1000xmanurefetishcom-michaela-logo-website-shop.png\",\"contentUrl\":\"https:\/\/manurefetish.com\/wp-content\/uploads\/2019\/06\/1000xmanurefetishcom-michaela-logo-website-shop.png\",\"width\":1000,\"height\":632,\"caption\":\"ManureFetish.com\"},\"image\":{\"@id\":\"https:\/\/manurefetish.com\/#\/schema\/logo\/image\/\"},\"sameAs\":[\"https:\/\/www.facebook.com\/manurefetish\/\",\"https:\/\/x.com\/Manurefetisch\",\"https:\/\/www.youtube.com\/c\/ManureFetish\"],\"description\":\"We're creating various fetish content with female and male models alike.\",\"foundingDate\":\"2019-07-04\",\"vatID\":\"DE366928521\",\"numberOfEmployees\":{\"@type\":\"QuantitativeValue\",\"minValue\":\"1\",\"maxValue\":\"10\"}}]}<\/script>\n<meta property=\"og:availability\" content=\"instock\" \/>\n<meta property=\"product:availability\" content=\"instock\" \/>\n<meta property=\"product:retailer_item_id\" content=\"MFW-DAHDB\" \/>\n<meta property=\"product:condition\" content=\"new\" \/>\n<!-- \/ Yoast SEO Premium plugin. -->","yoast_head_json":{"title":"Dasha y sus botas sucias - ManureFetish - ba\u00f1arse en mierda de vaca","description":"Dasha y sus botas sucias. a dasha le encanta usar las botas como cubo para echarse la mierda de vaca fresca por encima.","robots":{"index":"index","follow":"follow","max-snippet":"max-snippet:-1","max-image-preview":"max-image-preview:large","max-video-preview":"max-video-preview:-1"},"canonical":"https:\/\/manurefetish.com\/es\/shop\/videos\/dasha-and-her-dirty-boots\/","og_locale":"es_ES","og_type":"article","og_title":"Dasha and her dirty boots","og_description":"Dasha and her dirty boots. dasha loves to use the boots as bucket so she can pour the fresh cowshit all over herself.","og_url":"https:\/\/manurefetish.com\/es\/shop\/videos\/dasha-and-her-dirty-boots\/","og_site_name":"ManureFetish","article_publisher":"https:\/\/www.facebook.com\/manurefetish\/","article_modified_time":"2026-03-24T16:16:19+00:00","og_image":[{"width":1728,"height":576,"url":"https:\/\/manurefetish.com\/wp-content\/uploads\/2021\/06\/dasha-and-her-dirty-boots.jpg","type":"image\/jpeg"}],"twitter_card":"summary_large_image","twitter_site":"@Manurefetisch","schema":{"@context":"https:\/\/schema.org","@graph":[{"@type":"WebPage","@id":"https:\/\/manurefetish.com\/shop\/videos\/dasha-and-her-dirty-boots\/","url":"https:\/\/manurefetish.com\/shop\/videos\/dasha-and-her-dirty-boots\/","name":"Dasha y sus botas sucias - ManureFetish - ba\u00f1arse en mierda de vaca","isPartOf":{"@id":"https:\/\/manurefetish.com\/#website"},"primaryImageOfPage":{"@id":"https:\/\/manurefetish.com\/shop\/videos\/dasha-and-her-dirty-boots\/#primaryimage"},"image":{"@id":"https:\/\/manurefetish.com\/shop\/videos\/dasha-and-her-dirty-boots\/#primaryimage"},"thumbnailUrl":"https:\/\/manurefetish.b-cdn.net\/wp-content\/uploads\/2021\/06\/dasha-and-her-dirty-boots.jpg","datePublished":"2021-06-11T08:00:24+00:00","dateModified":"2026-03-24T16:16:19+00:00","description":"Dasha y sus botas sucias. a dasha le encanta usar las botas como cubo para echarse la mierda de vaca fresca por encima.","breadcrumb":{"@id":"https:\/\/manurefetish.com\/shop\/videos\/dasha-and-her-dirty-boots\/#breadcrumb"},"inLanguage":"es","potentialAction":[{"@type":"ReadAction","target":["https:\/\/manurefetish.com\/shop\/videos\/dasha-and-her-dirty-boots\/"]}]},{"@type":"ImageObject","inLanguage":"es","@id":"https:\/\/manurefetish.com\/shop\/videos\/dasha-and-her-dirty-boots\/#primaryimage","url":"https:\/\/manurefetish.b-cdn.net\/wp-content\/uploads\/2021\/06\/dasha-and-her-dirty-boots.jpg","contentUrl":"https:\/\/manurefetish.b-cdn.net\/wp-content\/uploads\/2021\/06\/dasha-and-her-dirty-boots.jpg","width":1728,"height":576},{"@type":"BreadcrumbList","@id":"https:\/\/manurefetish.com\/shop\/videos\/dasha-and-her-dirty-boots\/#breadcrumb","itemListElement":[{"@type":"ListItem","position":1,"name":"Home","item":"https:\/\/manurefetish.com\/"},{"@type":"ListItem","position":2,"name":"Shop","item":"https:\/\/manurefetish.com\/shop\/"},{"@type":"ListItem","position":3,"name":"Videos","item":"https:\/\/manurefetish.com\/product-category\/videos\/"},{"@type":"ListItem","position":4,"name":"Dasha and her dirty boots"}]},{"@type":"WebSite","@id":"https:\/\/manurefetish.com\/#website","url":"https:\/\/manurefetish.com\/","name":"ManureFetish","description":"ManureFetish","publisher":{"@id":"https:\/\/manurefetish.com\/#organization"},"potentialAction":[{"@type":"SearchAction","target":{"@type":"EntryPoint","urlTemplate":"https:\/\/manurefetish.com\/?s={search_term_string}"},"query-input":{"@type":"PropertyValueSpecification","valueRequired":true,"valueName":"search_term_string"}}],"inLanguage":"es"},{"@type":"Organization","@id":"https:\/\/manurefetish.com\/#organization","name":"ManureFetish.com","url":"https:\/\/manurefetish.com\/","logo":{"@type":"ImageObject","inLanguage":"es","@id":"https:\/\/manurefetish.com\/#\/schema\/logo\/image\/","url":"https:\/\/manurefetish.com\/wp-content\/uploads\/2019\/06\/1000xmanurefetishcom-michaela-logo-website-shop.png","contentUrl":"https:\/\/manurefetish.com\/wp-content\/uploads\/2019\/06\/1000xmanurefetishcom-michaela-logo-website-shop.png","width":1000,"height":632,"caption":"ManureFetish.com"},"image":{"@id":"https:\/\/manurefetish.com\/#\/schema\/logo\/image\/"},"sameAs":["https:\/\/www.facebook.com\/manurefetish\/","https:\/\/x.com\/Manurefetisch","https:\/\/www.youtube.com\/c\/ManureFetish"],"description":"Estamos creando diversos contenidos fetichistas con modelos femeninos y masculinos por igual.","foundingDate":"2019-07-04","vatID":"DE366928521","numberOfEmployees":{"@type":"QuantitativeValue","minValue":"1","maxValue":"10"}}]},"og_availability":"instock","product_availability":"instock","product_retailer_item_id":"MFW-DAHDB","product_condition":"new"},"_links":{"self":[{"href":"https:\/\/manurefetish.com\/es\/wp-json\/wp\/v2\/product\/35080","targetHints":{"allow":["GET"]}}],"collection":[{"href":"https:\/\/manurefetish.com\/es\/wp-json\/wp\/v2\/product"}],"about":[{"href":"https:\/\/manurefetish.com\/es\/wp-json\/wp\/v2\/types\/product"}],"replies":[{"embeddable":true,"href":"https:\/\/manurefetish.com\/es\/wp-json\/wp\/v2\/comments?post=35080"}],"version-history":[{"count":0,"href":"https:\/\/manurefetish.com\/es\/wp-json\/wp\/v2\/product\/35080\/revisions"}],"wp:featuredmedia":[{"embeddable":true,"href":"https:\/\/manurefetish.com\/es\/wp-json\/wp\/v2\/media\/198950"}],"wp:attachment":[{"href":"https:\/\/manurefetish.com\/es\/wp-json\/wp\/v2\/media?parent=35080"}],"wp:term":[{"taxonomy":"product_brand","embeddable":true,"href":"https:\/\/manurefetish.com\/es\/wp-json\/wp\/v2\/product_brand?post=35080"},{"taxonomy":"product_cat","embeddable":true,"href":"https:\/\/manurefetish.com\/es\/wp-json\/wp\/v2\/product_cat?post=35080"},{"taxonomy":"product_tag","embeddable":true,"href":"https:\/\/manurefetish.com\/es\/wp-json\/wp\/v2\/product_tag?post=35080"}],"curies":[{"name":"wp","href":"https:\/\/api.w.org\/{rel}","templated":true}]}}