{"id":31366,"date":"2021-03-17T15:00:58","date_gmt":"2021-03-17T14:00:58","guid":{"rendered":"https:\/\/manurefetish.com\/?post_type=product&#038;p=31366"},"modified":"2026-03-24T17:16:57","modified_gmt":"2026-03-24T16:16:57","slug":"lesbian-cow-dung-martyrdom","status":"publish","type":"product","link":"https:\/\/manurefetish.com\/es\/shop\/videos\/lesbian-cow-dung-martyrdom\/","title":{"rendered":"Martirio L\u00e9sbico de Esti\u00e9rcol de Vaca"},"content":{"rendered":"<p><span style=\"font-weight: 400;\">Despu\u00e9s de que Di y Milena atrajeran a su novia Mary Craft al granero, las convencieron para que se divirtieran juntas.<\/span><\/p>\n<p>A ambos les divierte y emociona ver c\u00f3mo a Mary Craft le echan el cubo de esti\u00e9rcol por la cabeza nada m\u00e1s empezar.<\/p>\n<p>Milena apenas puede esperar y empuja a Mary Craft al suelo para sentarse directamente sobre la cara de Mary Craft embadurnada de esti\u00e9rcol y hacerse lamer el co\u00f1o.<\/p>\n<p>Luego Di y Milena juegan entre ellas y dejan que su esclava las lama, las manosee y las embadurne tambi\u00e9n. Mary Craft es obligada a lamer los culos untados de esti\u00e9rcol de vaca de sus atormentadoras.<\/p>\n<p>Se convierte en un tr\u00edo l\u00e9sbico con una enorme cantidad de esti\u00e9rcol de vaca como base, co\u00f1os h\u00famedos y varios orgasmos.<\/p>","protected":false},"excerpt":{"rendered":"<p>After Di and Milena had lured their Girlfriend Mary Craft into the barn, they convicned the to have some very messy fun together. It amuses and excites both of them to see how Mary Craft gets the bucket of dung poured over her head right at the beginning. Milena can hardly wait and pushes Mary [&hellip;]<\/p>\n","protected":false},"featured_media":198922,"comment_status":"open","ping_status":"closed","template":"","meta":{"_acf_changed":false,"site-sidebar-layout":"default","site-content-layout":"","ast-site-content-layout":"default","site-content-style":"default","site-sidebar-style":"default","ast-global-header-display":"","ast-banner-title-visibility":"","ast-main-header-display":"","ast-hfb-above-header-display":"","ast-hfb-below-header-display":"","ast-hfb-mobile-header-display":"","site-post-title":"","ast-breadcrumbs-content":"","ast-featured-img":"","footer-sml-layout":"","ast-disable-related-posts":"","theme-transparent-header-meta":"default","adv-header-id-meta":"","stick-header-meta":"","header-above-stick-meta":"","header-main-stick-meta":"","header-below-stick-meta":"","astra-migrate-meta-layouts":"set","ast-page-background-enabled":"default","ast-page-background-meta":{"desktop":{"background-color":"var(--ast-global-color-4)","background-image":"","background-repeat":"repeat","background-position":"center center","background-size":"auto","background-attachment":"scroll","background-type":"","background-media":"","overlay-type":"","overlay-color":"","overlay-opacity":"","overlay-gradient":""},"tablet":{"background-color":"","background-image":"","background-repeat":"repeat","background-position":"center center","background-size":"auto","background-attachment":"scroll","background-type":"","background-media":"","overlay-type":"","overlay-color":"","overlay-opacity":"","overlay-gradient":""},"mobile":{"background-color":"","background-image":"","background-repeat":"repeat","background-position":"center center","background-size":"auto","background-attachment":"scroll","background-type":"","background-media":"","overlay-type":"","overlay-color":"","overlay-opacity":"","overlay-gradient":""}},"ast-content-background-meta":{"desktop":{"background-color":"var(--ast-global-color-5)","background-image":"","background-repeat":"repeat","background-position":"center center","background-size":"auto","background-attachment":"scroll","background-type":"","background-media":"","overlay-type":"","overlay-color":"","overlay-opacity":"","overlay-gradient":""},"tablet":{"background-color":"var(--ast-global-color-5)","background-image":"","background-repeat":"repeat","background-position":"center center","background-size":"auto","background-attachment":"scroll","background-type":"","background-media":"","overlay-type":"","overlay-color":"","overlay-opacity":"","overlay-gradient":""},"mobile":{"background-color":"var(--ast-global-color-5)","background-image":"","background-repeat":"repeat","background-position":"center center","background-size":"auto","background-attachment":"scroll","background-type":"","background-media":"","overlay-type":"","overlay-color":"","overlay-opacity":"","overlay-gradient":""}}},"product_brand":[],"product_cat":[4470],"product_tag":[17,317,2785,2626,318,71,66,2621,2705,64,3030,20,56,320,2800,2419,2707,2789,2788,65,2710,35,2798,32,2553,3425,4482,2201,2787,2784,2205],"class_list":{"0":"post-31366","1":"product","2":"type-product","3":"status-publish","4":"has-post-thumbnail","6":"product_cat-videos","7":"product_tag-anal","8":"product_tag-asshole","9":"product_tag-bdsm","10":"product_tag-blonde","11":"product_tag-boobs","12":"product_tag-bucket","13":"product_tag-clothed","14":"product_tag-cow-dung","15":"product_tag-di","16":"product_tag-dildo","17":"product_tag-download","18":"product_tag-dung","19":"product_tag-erotic","20":"product_tag-feet","21":"product_tag-femdom","22":"product_tag-full-hd","23":"product_tag-lesbian","24":"product_tag-mary-craft","25":"product_tag-milena","26":"product_tag-naked","27":"product_tag-oral","28":"product_tag-orgasm","29":"product_tag-prosthetic-leg","30":"product_tag-pussy","31":"product_tag-pussy-licking","32":"product_tag-season-1","33":"product_tag-sex-in-cowshit","34":"product_tag-slurry-porn","35":"product_tag-sm","36":"product_tag-threesome","37":"product_tag-wet-and-messy","38":"pa_audio-info-stereo","39":"pa_format-mp4","40":"pa_length-69-minutes","41":"pa_product-type-digital-download-full-hd-video","42":"pa_product-type-digital-download-ultra-hd-video","43":"pa_product-type-usb-stick","44":"pa_size-13-gb","45":"pa_video-info-ultra-hd-4k","46":"desktop-align-center","47":"tablet-align-left","48":"mobile-align-left","50":"first","51":"instock","52":"shipping-taxable","53":"purchasable","54":"product-type-variable"},"exclude_global_add_ons":[],"addons":[],"acf":[],"yoast_head":"<!-- This site is optimized with the Yoast SEO Premium plugin v27.1 (Yoast SEO v27.1.1) - https:\/\/yoast.com\/product\/yoast-seo-premium-wordpress\/ -->\n<title>Lesbian Cow Dung Martyrdom - ManureFetish - Lesbian BDSM threesome<\/title>\n<meta name=\"description\" content=\"Lesbian Cow Shit Martyrdom with Di, Milena and Mary Craft. Sexy lesbian cow dung farm sex with three hot girls.\" \/>\n<meta name=\"robots\" content=\"index, follow, max-snippet:-1, max-image-preview:large, max-video-preview:-1\" \/>\n<link rel=\"canonical\" href=\"https:\/\/manurefetish.com\/es\/shop\/videos\/lesbian-cow-dung-martyrdom\/\" \/>\n<meta name=\"twitter:card\" content=\"summary_large_image\" \/>\n<meta name=\"twitter:title\" content=\"Lesbian Cow Dung Martyrdom - ManureFetish - Lesbian BDSM threesome\" \/>\n<meta name=\"twitter:description\" content=\"Lesbian Cow Shit Martyrdom with Di, Milena and Mary Craft. Sexy lesbian cow dung farm sex with three hot girls.\" \/>\n<meta name=\"twitter:image\" content=\"https:\/\/manurefetish.b-cdn.net\/wp-content\/uploads\/2021\/03\/Lesbian-Cowshit-Martyrdom.jpg\" \/>\n<meta name=\"twitter:site\" content=\"@Manurefetisch\" \/>\n<script type=\"application\/ld+json\" class=\"yoast-schema-graph\">{\"@context\":\"https:\/\/schema.org\",\"@graph\":[{\"@type\":\"WebPage\",\"@id\":\"https:\/\/manurefetish.com\/shop\/videos\/lesbian-cow-dung-martyrdom\/\",\"url\":\"https:\/\/manurefetish.com\/shop\/videos\/lesbian-cow-dung-martyrdom\/\",\"name\":\"Lesbian Cow Dung Martyrdom - ManureFetish - Lesbian BDSM threesome\",\"isPartOf\":{\"@id\":\"https:\/\/de.manurefetish.com\/#website\"},\"primaryImageOfPage\":{\"@id\":\"https:\/\/manurefetish.com\/shop\/videos\/lesbian-cow-dung-martyrdom\/#primaryimage\"},\"image\":{\"@id\":\"https:\/\/manurefetish.com\/shop\/videos\/lesbian-cow-dung-martyrdom\/#primaryimage\"},\"thumbnailUrl\":\"https:\/\/manurefetish.b-cdn.net\/wp-content\/uploads\/2021\/03\/Lesbian-Cowshit-Martyrdom.jpg\",\"datePublished\":\"2021-03-17T14:00:58+00:00\",\"dateModified\":\"2026-03-24T16:16:57+00:00\",\"description\":\"Lesbian Cow Shit Martyrdom with Di, Milena and Mary Craft. Sexy lesbian cow dung farm sex with three hot girls.\",\"breadcrumb\":{\"@id\":\"https:\/\/manurefetish.com\/shop\/videos\/lesbian-cow-dung-martyrdom\/#breadcrumb\"},\"inLanguage\":\"es\",\"potentialAction\":[{\"@type\":\"ReadAction\",\"target\":[\"https:\/\/manurefetish.com\/shop\/videos\/lesbian-cow-dung-martyrdom\/\"]}]},{\"@type\":\"ImageObject\",\"inLanguage\":\"es\",\"@id\":\"https:\/\/manurefetish.com\/shop\/videos\/lesbian-cow-dung-martyrdom\/#primaryimage\",\"url\":\"https:\/\/manurefetish.b-cdn.net\/wp-content\/uploads\/2021\/03\/Lesbian-Cowshit-Martyrdom.jpg\",\"contentUrl\":\"https:\/\/manurefetish.b-cdn.net\/wp-content\/uploads\/2021\/03\/Lesbian-Cowshit-Martyrdom.jpg\",\"width\":1728,\"height\":576},{\"@type\":\"BreadcrumbList\",\"@id\":\"https:\/\/manurefetish.com\/shop\/videos\/lesbian-cow-dung-martyrdom\/#breadcrumb\",\"itemListElement\":[{\"@type\":\"ListItem\",\"position\":1,\"name\":\"Home\",\"item\":\"https:\/\/manurefetish.com\/\"},{\"@type\":\"ListItem\",\"position\":2,\"name\":\"Shop\",\"item\":\"https:\/\/manurefetish.com\/shop\/\"},{\"@type\":\"ListItem\",\"position\":3,\"name\":\"Videos\",\"item\":\"https:\/\/manurefetish.com\/product-category\/videos\/\"},{\"@type\":\"ListItem\",\"position\":4,\"name\":\"Lesbian Cow Dung Martyrdom\"}]},{\"@type\":\"WebSite\",\"@id\":\"https:\/\/de.manurefetish.com\/#website\",\"url\":\"https:\/\/de.manurefetish.com\/\",\"name\":\"ManureFetish\",\"description\":\"ManureFetish Shop\",\"publisher\":{\"@id\":\"https:\/\/de.manurefetish.com\/#organization\"},\"potentialAction\":[{\"@type\":\"SearchAction\",\"target\":{\"@type\":\"EntryPoint\",\"urlTemplate\":\"https:\/\/de.manurefetish.com\/?s={search_term_string}\"},\"query-input\":{\"@type\":\"PropertyValueSpecification\",\"valueRequired\":true,\"valueName\":\"search_term_string\"}}],\"inLanguage\":\"es\"},{\"@type\":\"Organization\",\"@id\":\"https:\/\/de.manurefetish.com\/#organization\",\"name\":\"ManureFetish.com\",\"url\":\"https:\/\/de.manurefetish.com\/\",\"logo\":{\"@type\":\"ImageObject\",\"inLanguage\":\"es\",\"@id\":\"https:\/\/de.manurefetish.com\/#\/schema\/logo\/image\/\",\"url\":\"https:\/\/manurefetish.com\/wp-content\/uploads\/2019\/06\/1000xmanurefetishcom-michaela-logo-website-shop.png\",\"contentUrl\":\"https:\/\/manurefetish.com\/wp-content\/uploads\/2019\/06\/1000xmanurefetishcom-michaela-logo-website-shop.png\",\"width\":1000,\"height\":632,\"caption\":\"ManureFetish.com\"},\"image\":{\"@id\":\"https:\/\/de.manurefetish.com\/#\/schema\/logo\/image\/\"},\"sameAs\":[\"https:\/\/www.facebook.com\/manurefetish\/\",\"https:\/\/x.com\/Manurefetisch\",\"https:\/\/www.youtube.com\/c\/ManureFetish\"],\"description\":\"We're creating various fetish content with female and male models alike.\",\"foundingDate\":\"2019-07-04\",\"vatID\":\"DE366928521\",\"numberOfEmployees\":{\"@type\":\"QuantitativeValue\",\"minValue\":\"1\",\"maxValue\":\"10\"}}]}<\/script>\n<meta property=\"og:availability\" content=\"instock\" \/>\n<meta property=\"product:availability\" content=\"instock\" \/>\n<meta property=\"product:retailer_item_id\" content=\"MFW-LCSM\" \/>\n<meta property=\"product:condition\" content=\"new\" \/>\n<!-- \/ Yoast SEO Premium plugin. -->","yoast_head_json":{"title":"Martirio l\u00e9sbico de esti\u00e9rcol de vaca - ManureFetish - Tr\u00edo l\u00e9sbico BDSM","description":"Martirio l\u00e9sbico de mierda de vaca con Di, Milena y Mary Craft. Sexo l\u00e9sbico sexy en una granja de esti\u00e9rcol de vaca con tres chicas calientes.","robots":{"index":"index","follow":"follow","max-snippet":"max-snippet:-1","max-image-preview":"max-image-preview:large","max-video-preview":"max-video-preview:-1"},"canonical":"https:\/\/manurefetish.com\/es\/shop\/videos\/lesbian-cow-dung-martyrdom\/","twitter_card":"summary_large_image","twitter_title":"Lesbian Cow Dung Martyrdom - ManureFetish - Lesbian BDSM threesome","twitter_description":"Lesbian Cow Shit Martyrdom with Di, Milena and Mary Craft. Sexy lesbian cow dung farm sex with three hot girls.","twitter_image":"https:\/\/manurefetish.b-cdn.net\/wp-content\/uploads\/2021\/03\/Lesbian-Cowshit-Martyrdom.jpg","twitter_site":"@Manurefetisch","schema":{"@context":"https:\/\/schema.org","@graph":[{"@type":"WebPage","@id":"https:\/\/manurefetish.com\/shop\/videos\/lesbian-cow-dung-martyrdom\/","url":"https:\/\/manurefetish.com\/shop\/videos\/lesbian-cow-dung-martyrdom\/","name":"Martirio l\u00e9sbico de esti\u00e9rcol de vaca - ManureFetish - Tr\u00edo l\u00e9sbico BDSM","isPartOf":{"@id":"https:\/\/de.manurefetish.com\/#website"},"primaryImageOfPage":{"@id":"https:\/\/manurefetish.com\/shop\/videos\/lesbian-cow-dung-martyrdom\/#primaryimage"},"image":{"@id":"https:\/\/manurefetish.com\/shop\/videos\/lesbian-cow-dung-martyrdom\/#primaryimage"},"thumbnailUrl":"https:\/\/manurefetish.b-cdn.net\/wp-content\/uploads\/2021\/03\/Lesbian-Cowshit-Martyrdom.jpg","datePublished":"2021-03-17T14:00:58+00:00","dateModified":"2026-03-24T16:16:57+00:00","description":"Martirio l\u00e9sbico de mierda de vaca con Di, Milena y Mary Craft. Sexo l\u00e9sbico sexy en una granja de esti\u00e9rcol de vaca con tres chicas calientes.","breadcrumb":{"@id":"https:\/\/manurefetish.com\/shop\/videos\/lesbian-cow-dung-martyrdom\/#breadcrumb"},"inLanguage":"es","potentialAction":[{"@type":"ReadAction","target":["https:\/\/manurefetish.com\/shop\/videos\/lesbian-cow-dung-martyrdom\/"]}]},{"@type":"ImageObject","inLanguage":"es","@id":"https:\/\/manurefetish.com\/shop\/videos\/lesbian-cow-dung-martyrdom\/#primaryimage","url":"https:\/\/manurefetish.b-cdn.net\/wp-content\/uploads\/2021\/03\/Lesbian-Cowshit-Martyrdom.jpg","contentUrl":"https:\/\/manurefetish.b-cdn.net\/wp-content\/uploads\/2021\/03\/Lesbian-Cowshit-Martyrdom.jpg","width":1728,"height":576},{"@type":"BreadcrumbList","@id":"https:\/\/manurefetish.com\/shop\/videos\/lesbian-cow-dung-martyrdom\/#breadcrumb","itemListElement":[{"@type":"ListItem","position":1,"name":"Home","item":"https:\/\/manurefetish.com\/"},{"@type":"ListItem","position":2,"name":"Shop","item":"https:\/\/manurefetish.com\/shop\/"},{"@type":"ListItem","position":3,"name":"Videos","item":"https:\/\/manurefetish.com\/product-category\/videos\/"},{"@type":"ListItem","position":4,"name":"Lesbian Cow Dung Martyrdom"}]},{"@type":"WebSite","@id":"https:\/\/de.manurefetish.com\/#website","url":"https:\/\/de.manurefetish.com\/","name":"ManureFetish","description":"ManureFetish","publisher":{"@id":"https:\/\/de.manurefetish.com\/#organization"},"potentialAction":[{"@type":"SearchAction","target":{"@type":"EntryPoint","urlTemplate":"https:\/\/de.manurefetish.com\/?s={search_term_string}"},"query-input":{"@type":"PropertyValueSpecification","valueRequired":true,"valueName":"search_term_string"}}],"inLanguage":"es"},{"@type":"Organization","@id":"https:\/\/de.manurefetish.com\/#organization","name":"ManureFetish.com","url":"https:\/\/de.manurefetish.com\/","logo":{"@type":"ImageObject","inLanguage":"es","@id":"https:\/\/de.manurefetish.com\/#\/schema\/logo\/image\/","url":"https:\/\/manurefetish.com\/wp-content\/uploads\/2019\/06\/1000xmanurefetishcom-michaela-logo-website-shop.png","contentUrl":"https:\/\/manurefetish.com\/wp-content\/uploads\/2019\/06\/1000xmanurefetishcom-michaela-logo-website-shop.png","width":1000,"height":632,"caption":"ManureFetish.com"},"image":{"@id":"https:\/\/de.manurefetish.com\/#\/schema\/logo\/image\/"},"sameAs":["https:\/\/www.facebook.com\/manurefetish\/","https:\/\/x.com\/Manurefetisch","https:\/\/www.youtube.com\/c\/ManureFetish"],"description":"Estamos creando diversos contenidos fetichistas con modelos femeninos y masculinos por igual.","foundingDate":"2019-07-04","vatID":"DE366928521","numberOfEmployees":{"@type":"QuantitativeValue","minValue":"1","maxValue":"10"}}]},"og_availability":"instock","product_availability":"instock","product_retailer_item_id":"MFW-LCSM","product_condition":"new"},"_links":{"self":[{"href":"https:\/\/manurefetish.com\/es\/wp-json\/wp\/v2\/product\/31366","targetHints":{"allow":["GET"]}}],"collection":[{"href":"https:\/\/manurefetish.com\/es\/wp-json\/wp\/v2\/product"}],"about":[{"href":"https:\/\/manurefetish.com\/es\/wp-json\/wp\/v2\/types\/product"}],"replies":[{"embeddable":true,"href":"https:\/\/manurefetish.com\/es\/wp-json\/wp\/v2\/comments?post=31366"}],"version-history":[{"count":0,"href":"https:\/\/manurefetish.com\/es\/wp-json\/wp\/v2\/product\/31366\/revisions"}],"wp:featuredmedia":[{"embeddable":true,"href":"https:\/\/manurefetish.com\/es\/wp-json\/wp\/v2\/media\/198922"}],"wp:attachment":[{"href":"https:\/\/manurefetish.com\/es\/wp-json\/wp\/v2\/media?parent=31366"}],"wp:term":[{"taxonomy":"product_brand","embeddable":true,"href":"https:\/\/manurefetish.com\/es\/wp-json\/wp\/v2\/product_brand?post=31366"},{"taxonomy":"product_cat","embeddable":true,"href":"https:\/\/manurefetish.com\/es\/wp-json\/wp\/v2\/product_cat?post=31366"},{"taxonomy":"product_tag","embeddable":true,"href":"https:\/\/manurefetish.com\/es\/wp-json\/wp\/v2\/product_tag?post=31366"}],"curies":[{"name":"wp","href":"https:\/\/api.w.org\/{rel}","templated":true}]}}