{"id":30177,"date":"2021-02-14T01:20:59","date_gmt":"2021-02-14T00:20:59","guid":{"rendered":"https:\/\/manurefetish.com\/?post_type=product&#038;p=30177"},"modified":"2026-03-24T17:17:19","modified_gmt":"2026-03-24T16:17:19","slug":"niko-is-disgusted","status":"publish","type":"product","link":"https:\/\/manurefetish.com\/es\/shop\/videos\/niko-is-disgusted\/","title":{"rendered":"Niko est\u00e1 disgustado"},"content":{"rendered":"<p><span style=\"font-weight: 400;\">Niko se toma un descanso de recoger esti\u00e9rcol de caballo, que es su trabajo en la granja de caballos. Siempre le atrajo el olor de los caballos, pero tambi\u00e9n su esti\u00e9rcol. Siempre le pareci\u00f3 algo blando. Esta vez, durante su descanso, se siente atra\u00edda por \u00e9l por alguna raz\u00f3n. Se pone de rodillas y se arrodilla junto al esti\u00e9rcol de caballo que hay en el suelo. Empieza a recogerlo y a olerlo. El olor la excita de alg\u00fan modo. Empieza a cubrirse primero los brazos y luego continuamente con la ropa. Coge el cubo que utiliz\u00f3 para recoger el esti\u00e9rcol anterior y se embadurna a\u00fan m\u00e1s. Niko empieza a desnudarse y a frotarse desnuda con m\u00e1s esti\u00e9rcol. Le cubre todo el cuerpo, le masajea los pechos y el co\u00f1o, lo que la pone a\u00fan m\u00e1s cachonda. Empieza a tocarse el culo con dos dedos y, al cabo de un rato, se introduce el buttplug y cubre su hermoso culo con m\u00e1s esti\u00e9rcol. Su descanso se acaba pronto, as\u00ed que se saca el buttplug del culo y empieza a follarse su co\u00f1o h\u00famedo y cremoso con el consolador hasta que tiene un buen orgasmo. Tras su orgasmo, se da cuenta de lo que ha hecho y se aleja r\u00e1pidamente, asqueada.<\/span><\/p>","protected":false},"excerpt":{"rendered":"<p>Niko takes a break from collecting horse dung, which is her job at the horse farm. She always was drawn to the smell of horses but also their dung. It always seemed kind of soft to her. During her break this time, she drawn to it for some reason. She gets on her knees and [&hellip;]<\/p>\n","protected":false},"featured_media":198928,"comment_status":"open","ping_status":"closed","template":"","meta":{"_acf_changed":false,"site-sidebar-layout":"default","site-content-layout":"","ast-site-content-layout":"default","site-content-style":"default","site-sidebar-style":"default","ast-global-header-display":"","ast-banner-title-visibility":"","ast-main-header-display":"","ast-hfb-above-header-display":"","ast-hfb-below-header-display":"","ast-hfb-mobile-header-display":"","site-post-title":"","ast-breadcrumbs-content":"","ast-featured-img":"","footer-sml-layout":"","ast-disable-related-posts":"","theme-transparent-header-meta":"default","adv-header-id-meta":"","stick-header-meta":"","header-above-stick-meta":"","header-main-stick-meta":"","header-below-stick-meta":"","astra-migrate-meta-layouts":"set","ast-page-background-enabled":"default","ast-page-background-meta":{"desktop":{"background-color":"var(--ast-global-color-4)","background-image":"","background-repeat":"repeat","background-position":"center center","background-size":"auto","background-attachment":"scroll","background-type":"","background-media":"","overlay-type":"","overlay-color":"","overlay-opacity":"","overlay-gradient":""},"tablet":{"background-color":"","background-image":"","background-repeat":"repeat","background-position":"center center","background-size":"auto","background-attachment":"scroll","background-type":"","background-media":"","overlay-type":"","overlay-color":"","overlay-opacity":"","overlay-gradient":""},"mobile":{"background-color":"","background-image":"","background-repeat":"repeat","background-position":"center center","background-size":"auto","background-attachment":"scroll","background-type":"","background-media":"","overlay-type":"","overlay-color":"","overlay-opacity":"","overlay-gradient":""}},"ast-content-background-meta":{"desktop":{"background-color":"var(--ast-global-color-5)","background-image":"","background-repeat":"repeat","background-position":"center center","background-size":"auto","background-attachment":"scroll","background-type":"","background-media":"","overlay-type":"","overlay-color":"","overlay-opacity":"","overlay-gradient":""},"tablet":{"background-color":"var(--ast-global-color-5)","background-image":"","background-repeat":"repeat","background-position":"center center","background-size":"auto","background-attachment":"scroll","background-type":"","background-media":"","overlay-type":"","overlay-color":"","overlay-opacity":"","overlay-gradient":""},"mobile":{"background-color":"var(--ast-global-color-5)","background-image":"","background-repeat":"repeat","background-position":"center center","background-size":"auto","background-attachment":"scroll","background-type":"","background-media":"","overlay-type":"","overlay-color":"","overlay-opacity":"","overlay-gradient":""}}},"product_brand":[],"product_cat":[4470],"product_tag":[17,318,71,22,66,316,64,3030,20,56,320,21,321,2419,2704,67,2206,65,2706,35,32,2396,3425,4482,24,2201,2397],"class_list":{"0":"post-30177","1":"product","2":"type-product","3":"status-publish","4":"has-post-thumbnail","6":"product_cat-videos","7":"product_tag-anal","8":"product_tag-boobs","9":"product_tag-bucket","10":"product_tag-butt-plug","11":"product_tag-clothed","12":"product_tag-cunt","13":"product_tag-dildo","14":"product_tag-download","15":"product_tag-dung","16":"product_tag-erotic","17":"product_tag-feet","18":"product_tag-fetish","19":"product_tag-foot","20":"product_tag-full-hd","21":"product_tag-horse","22":"product_tag-liquid","23":"product_tag-masturbation","24":"product_tag-naked","25":"product_tag-niko","26":"product_tag-orgasm","27":"product_tag-pussy","28":"product_tag-rubber-boots","29":"product_tag-season-1","30":"product_tag-sex-in-cowshit","31":"product_tag-slurry","32":"product_tag-slurry-porn","33":"product_tag-wellies","34":"pa_audio-info-stereo","35":"pa_format-mp4","36":"pa_length-39-minutes","37":"pa_product-type-digital-download-full-hd-video","38":"pa_product-type-digital-download-ultra-hd-video","39":"pa_product-type-usb-stick","40":"pa_productionyear-2702","41":"pa_size-4-61-gb","42":"pa_video-info-full-hd-1920x1080p","43":"desktop-align-center","44":"tablet-align-left","45":"mobile-align-left","47":"first","48":"instock","49":"shipping-taxable","50":"purchasable","51":"product-type-variable"},"exclude_global_add_ons":[],"addons":[],"acf":[],"yoast_head":"<!-- This site is optimized with the Yoast SEO Premium plugin v27.1 (Yoast SEO v27.1.1) - https:\/\/yoast.com\/product\/yoast-seo-premium-wordpress\/ -->\n<title>Niko is Disgusted - ManureFetish - Masturbating in horse dung<\/title>\n<meta name=\"description\" content=\"Niko is disgusted. Niko loves horses, she loves their smell but also the smell of their dung. During her break she is drawn to the dung.\" \/>\n<meta name=\"robots\" content=\"index, follow, max-snippet:-1, max-image-preview:large, max-video-preview:-1\" \/>\n<link rel=\"canonical\" href=\"https:\/\/manurefetish.com\/es\/shop\/videos\/niko-is-disgusted\/\" \/>\n<meta property=\"og:locale\" content=\"es_ES\" \/>\n<meta property=\"og:type\" content=\"article\" \/>\n<meta property=\"og:title\" content=\"Niko is Disgusted\" \/>\n<meta property=\"og:description\" content=\"Niko is disgusted. Niko loves horses, she loves their smell but also the smell of their dung. During her break she is drawn to the dung.\" \/>\n<meta property=\"og:url\" content=\"https:\/\/manurefetish.com\/es\/shop\/videos\/niko-is-disgusted\/\" \/>\n<meta property=\"og:site_name\" content=\"ManureFetish\" \/>\n<meta property=\"article:publisher\" content=\"https:\/\/www.facebook.com\/manurefetish\/\" \/>\n<meta property=\"article:modified_time\" content=\"2026-03-24T16:17:19+00:00\" \/>\n<meta property=\"og:image\" content=\"https:\/\/manurefetish.com\/wp-content\/uploads\/2021\/02\/niko-is-disgusted.jpg\" \/>\n\t<meta property=\"og:image:width\" content=\"1728\" \/>\n\t<meta property=\"og:image:height\" content=\"576\" \/>\n\t<meta property=\"og:image:type\" content=\"image\/jpeg\" \/>\n<meta name=\"twitter:card\" content=\"summary_large_image\" \/>\n<meta name=\"twitter:site\" content=\"@Manurefetisch\" \/>\n<script type=\"application\/ld+json\" class=\"yoast-schema-graph\">{\"@context\":\"https:\/\/schema.org\",\"@graph\":[{\"@type\":\"WebPage\",\"@id\":\"https:\/\/manurefetish.com\/shop\/videos\/niko-is-disgusted\/\",\"url\":\"https:\/\/manurefetish.com\/shop\/videos\/niko-is-disgusted\/\",\"name\":\"Niko is Disgusted - ManureFetish - Masturbating in horse dung\",\"isPartOf\":{\"@id\":\"https:\/\/manurefetish.com\/#website\"},\"primaryImageOfPage\":{\"@id\":\"https:\/\/manurefetish.com\/shop\/videos\/niko-is-disgusted\/#primaryimage\"},\"image\":{\"@id\":\"https:\/\/manurefetish.com\/shop\/videos\/niko-is-disgusted\/#primaryimage\"},\"thumbnailUrl\":\"https:\/\/manurefetish.b-cdn.net\/wp-content\/uploads\/2021\/02\/niko-is-disgusted.jpg\",\"datePublished\":\"2021-02-14T00:20:59+00:00\",\"dateModified\":\"2026-03-24T16:17:19+00:00\",\"description\":\"Niko is disgusted. Niko loves horses, she loves their smell but also the smell of their dung. During her break she is drawn to the dung.\",\"breadcrumb\":{\"@id\":\"https:\/\/manurefetish.com\/shop\/videos\/niko-is-disgusted\/#breadcrumb\"},\"inLanguage\":\"es\",\"potentialAction\":[{\"@type\":\"ReadAction\",\"target\":[\"https:\/\/manurefetish.com\/shop\/videos\/niko-is-disgusted\/\"]}]},{\"@type\":\"ImageObject\",\"inLanguage\":\"es\",\"@id\":\"https:\/\/manurefetish.com\/shop\/videos\/niko-is-disgusted\/#primaryimage\",\"url\":\"https:\/\/manurefetish.b-cdn.net\/wp-content\/uploads\/2021\/02\/niko-is-disgusted.jpg\",\"contentUrl\":\"https:\/\/manurefetish.b-cdn.net\/wp-content\/uploads\/2021\/02\/niko-is-disgusted.jpg\",\"width\":1728,\"height\":576},{\"@type\":\"BreadcrumbList\",\"@id\":\"https:\/\/manurefetish.com\/shop\/videos\/niko-is-disgusted\/#breadcrumb\",\"itemListElement\":[{\"@type\":\"ListItem\",\"position\":1,\"name\":\"Home\",\"item\":\"https:\/\/manurefetish.com\/\"},{\"@type\":\"ListItem\",\"position\":2,\"name\":\"Shop\",\"item\":\"https:\/\/manurefetish.com\/shop\/\"},{\"@type\":\"ListItem\",\"position\":3,\"name\":\"Videos\",\"item\":\"https:\/\/manurefetish.com\/product-category\/videos\/\"},{\"@type\":\"ListItem\",\"position\":4,\"name\":\"Niko is Disgusted\"}]},{\"@type\":\"WebSite\",\"@id\":\"https:\/\/manurefetish.com\/#website\",\"url\":\"https:\/\/manurefetish.com\/\",\"name\":\"ManureFetish\",\"description\":\"ManureFetish Shop\",\"publisher\":{\"@id\":\"https:\/\/manurefetish.com\/#organization\"},\"potentialAction\":[{\"@type\":\"SearchAction\",\"target\":{\"@type\":\"EntryPoint\",\"urlTemplate\":\"https:\/\/manurefetish.com\/?s={search_term_string}\"},\"query-input\":{\"@type\":\"PropertyValueSpecification\",\"valueRequired\":true,\"valueName\":\"search_term_string\"}}],\"inLanguage\":\"es\"},{\"@type\":\"Organization\",\"@id\":\"https:\/\/manurefetish.com\/#organization\",\"name\":\"ManureFetish.com\",\"url\":\"https:\/\/manurefetish.com\/\",\"logo\":{\"@type\":\"ImageObject\",\"inLanguage\":\"es\",\"@id\":\"https:\/\/manurefetish.com\/#\/schema\/logo\/image\/\",\"url\":\"https:\/\/manurefetish.com\/wp-content\/uploads\/2019\/06\/1000xmanurefetishcom-michaela-logo-website-shop.png\",\"contentUrl\":\"https:\/\/manurefetish.com\/wp-content\/uploads\/2019\/06\/1000xmanurefetishcom-michaela-logo-website-shop.png\",\"width\":1000,\"height\":632,\"caption\":\"ManureFetish.com\"},\"image\":{\"@id\":\"https:\/\/manurefetish.com\/#\/schema\/logo\/image\/\"},\"sameAs\":[\"https:\/\/www.facebook.com\/manurefetish\/\",\"https:\/\/x.com\/Manurefetisch\",\"https:\/\/www.youtube.com\/c\/ManureFetish\"],\"description\":\"We're creating various fetish content with female and male models alike.\",\"foundingDate\":\"2019-07-04\",\"vatID\":\"DE366928521\",\"numberOfEmployees\":{\"@type\":\"QuantitativeValue\",\"minValue\":\"1\",\"maxValue\":\"10\"}}]}<\/script>\n<meta property=\"og:availability\" content=\"instock\" \/>\n<meta property=\"product:availability\" content=\"instock\" \/>\n<meta property=\"product:retailer_item_id\" content=\"MFW-NID\" \/>\n<meta property=\"product:condition\" content=\"new\" \/>\n<!-- \/ Yoast SEO Premium plugin. -->","yoast_head_json":{"title":"Niko is Disgusted - ManureFetish - Masturbarse en esti\u00e9rcol de caballo","description":"A Niko le da asco. A Niko le encantan los caballos, le encanta su olor, pero tambi\u00e9n el olor de su esti\u00e9rcol. Durante su descanso se siente atra\u00edda por el esti\u00e9rcol.","robots":{"index":"index","follow":"follow","max-snippet":"max-snippet:-1","max-image-preview":"max-image-preview:large","max-video-preview":"max-video-preview:-1"},"canonical":"https:\/\/manurefetish.com\/es\/shop\/videos\/niko-is-disgusted\/","og_locale":"es_ES","og_type":"article","og_title":"Niko is Disgusted","og_description":"Niko is disgusted. Niko loves horses, she loves their smell but also the smell of their dung. During her break she is drawn to the dung.","og_url":"https:\/\/manurefetish.com\/es\/shop\/videos\/niko-is-disgusted\/","og_site_name":"ManureFetish","article_publisher":"https:\/\/www.facebook.com\/manurefetish\/","article_modified_time":"2026-03-24T16:17:19+00:00","og_image":[{"width":1728,"height":576,"url":"https:\/\/manurefetish.com\/wp-content\/uploads\/2021\/02\/niko-is-disgusted.jpg","type":"image\/jpeg"}],"twitter_card":"summary_large_image","twitter_site":"@Manurefetisch","schema":{"@context":"https:\/\/schema.org","@graph":[{"@type":"WebPage","@id":"https:\/\/manurefetish.com\/shop\/videos\/niko-is-disgusted\/","url":"https:\/\/manurefetish.com\/shop\/videos\/niko-is-disgusted\/","name":"Niko is Disgusted - ManureFetish - Masturbarse en esti\u00e9rcol de caballo","isPartOf":{"@id":"https:\/\/manurefetish.com\/#website"},"primaryImageOfPage":{"@id":"https:\/\/manurefetish.com\/shop\/videos\/niko-is-disgusted\/#primaryimage"},"image":{"@id":"https:\/\/manurefetish.com\/shop\/videos\/niko-is-disgusted\/#primaryimage"},"thumbnailUrl":"https:\/\/manurefetish.b-cdn.net\/wp-content\/uploads\/2021\/02\/niko-is-disgusted.jpg","datePublished":"2021-02-14T00:20:59+00:00","dateModified":"2026-03-24T16:17:19+00:00","description":"A Niko le da asco. A Niko le encantan los caballos, le encanta su olor, pero tambi\u00e9n el olor de su esti\u00e9rcol. Durante su descanso se siente atra\u00edda por el esti\u00e9rcol.","breadcrumb":{"@id":"https:\/\/manurefetish.com\/shop\/videos\/niko-is-disgusted\/#breadcrumb"},"inLanguage":"es","potentialAction":[{"@type":"ReadAction","target":["https:\/\/manurefetish.com\/shop\/videos\/niko-is-disgusted\/"]}]},{"@type":"ImageObject","inLanguage":"es","@id":"https:\/\/manurefetish.com\/shop\/videos\/niko-is-disgusted\/#primaryimage","url":"https:\/\/manurefetish.b-cdn.net\/wp-content\/uploads\/2021\/02\/niko-is-disgusted.jpg","contentUrl":"https:\/\/manurefetish.b-cdn.net\/wp-content\/uploads\/2021\/02\/niko-is-disgusted.jpg","width":1728,"height":576},{"@type":"BreadcrumbList","@id":"https:\/\/manurefetish.com\/shop\/videos\/niko-is-disgusted\/#breadcrumb","itemListElement":[{"@type":"ListItem","position":1,"name":"Home","item":"https:\/\/manurefetish.com\/"},{"@type":"ListItem","position":2,"name":"Shop","item":"https:\/\/manurefetish.com\/shop\/"},{"@type":"ListItem","position":3,"name":"Videos","item":"https:\/\/manurefetish.com\/product-category\/videos\/"},{"@type":"ListItem","position":4,"name":"Niko is Disgusted"}]},{"@type":"WebSite","@id":"https:\/\/manurefetish.com\/#website","url":"https:\/\/manurefetish.com\/","name":"ManureFetish","description":"ManureFetish","publisher":{"@id":"https:\/\/manurefetish.com\/#organization"},"potentialAction":[{"@type":"SearchAction","target":{"@type":"EntryPoint","urlTemplate":"https:\/\/manurefetish.com\/?s={search_term_string}"},"query-input":{"@type":"PropertyValueSpecification","valueRequired":true,"valueName":"search_term_string"}}],"inLanguage":"es"},{"@type":"Organization","@id":"https:\/\/manurefetish.com\/#organization","name":"ManureFetish.com","url":"https:\/\/manurefetish.com\/","logo":{"@type":"ImageObject","inLanguage":"es","@id":"https:\/\/manurefetish.com\/#\/schema\/logo\/image\/","url":"https:\/\/manurefetish.com\/wp-content\/uploads\/2019\/06\/1000xmanurefetishcom-michaela-logo-website-shop.png","contentUrl":"https:\/\/manurefetish.com\/wp-content\/uploads\/2019\/06\/1000xmanurefetishcom-michaela-logo-website-shop.png","width":1000,"height":632,"caption":"ManureFetish.com"},"image":{"@id":"https:\/\/manurefetish.com\/#\/schema\/logo\/image\/"},"sameAs":["https:\/\/www.facebook.com\/manurefetish\/","https:\/\/x.com\/Manurefetisch","https:\/\/www.youtube.com\/c\/ManureFetish"],"description":"Estamos creando diversos contenidos fetichistas con modelos femeninos y masculinos por igual.","foundingDate":"2019-07-04","vatID":"DE366928521","numberOfEmployees":{"@type":"QuantitativeValue","minValue":"1","maxValue":"10"}}]},"og_availability":"instock","product_availability":"instock","product_retailer_item_id":"MFW-NID","product_condition":"new"},"_links":{"self":[{"href":"https:\/\/manurefetish.com\/es\/wp-json\/wp\/v2\/product\/30177","targetHints":{"allow":["GET"]}}],"collection":[{"href":"https:\/\/manurefetish.com\/es\/wp-json\/wp\/v2\/product"}],"about":[{"href":"https:\/\/manurefetish.com\/es\/wp-json\/wp\/v2\/types\/product"}],"replies":[{"embeddable":true,"href":"https:\/\/manurefetish.com\/es\/wp-json\/wp\/v2\/comments?post=30177"}],"version-history":[{"count":0,"href":"https:\/\/manurefetish.com\/es\/wp-json\/wp\/v2\/product\/30177\/revisions"}],"wp:featuredmedia":[{"embeddable":true,"href":"https:\/\/manurefetish.com\/es\/wp-json\/wp\/v2\/media\/198928"}],"wp:attachment":[{"href":"https:\/\/manurefetish.com\/es\/wp-json\/wp\/v2\/media?parent=30177"}],"wp:term":[{"taxonomy":"product_brand","embeddable":true,"href":"https:\/\/manurefetish.com\/es\/wp-json\/wp\/v2\/product_brand?post=30177"},{"taxonomy":"product_cat","embeddable":true,"href":"https:\/\/manurefetish.com\/es\/wp-json\/wp\/v2\/product_cat?post=30177"},{"taxonomy":"product_tag","embeddable":true,"href":"https:\/\/manurefetish.com\/es\/wp-json\/wp\/v2\/product_tag?post=30177"}],"curies":[{"name":"wp","href":"https:\/\/api.w.org\/{rel}","templated":true}]}}