{"id":27736,"date":"2020-11-30T03:45:28","date_gmt":"2020-11-30T02:45:28","guid":{"rendered":"https:\/\/manurefetish.com\/?post_type=product&#038;p=27736"},"modified":"2026-03-24T17:17:55","modified_gmt":"2026-03-24T16:17:55","slug":"frankys-cow-dung-fuckmachine","status":"publish","type":"product","link":"https:\/\/manurefetish.com\/es\/shop\/videos\/frankys-cow-dung-fuckmachine\/","title":{"rendered":"Franky's Cow Dung Fuckmachine"},"content":{"rendered":"<p><span style=\"font-weight: 400;\">A Franky le encanta la bosta de vaca y tambi\u00e9n aprecia un buen orgasmo prost\u00e1tico. As\u00ed que esta vez Franky combina lo mejor de ambos mundos.<\/span><\/p>\n<p><span style=\"font-weight: 400;\">Fue al establo, donde recogi\u00f3 el esti\u00e9rcol de vaca fresco, cremoso y caliente para divertirse de verdad.<\/span><\/p>\n<p><span style=\"font-weight: 400;\">Empieza a cubrirse de pies a cabeza, se mete en la ba\u00f1era llena del esti\u00e9rcol caliente y se cubre cada vez m\u00e1s.<\/span><\/p>\n<p><span style=\"font-weight: 400;\">Empieza a desnudarse y a cubrir su cuerpo desnudo con el humeante esti\u00e9rcol de vaca. Prepara su culo con algunos juguetes m\u00e1s peque\u00f1os, para que quepa el gran consolador de la m\u00e1quina de follar.<\/span><\/p>\n<p><span style=\"font-weight: 400;\">Empieza a introducir lentamente el consolador de la m\u00e1quina de follar, despu\u00e9s de introducirlo pone en marcha la m\u00e1quina. La m\u00e1quina le golpea cada vez m\u00e1s fuerte hasta que su orgasmo prost\u00e1tico se acumula. No puede aguantar m\u00e1s, tiene un orgasmo prost\u00e1tico m\u00faltiple, al principio sale algo de semen de su polla pero tambi\u00e9n bajo la presi\u00f3n empieza a mear sin control. Ha terminado la primera ronda. Se enfr\u00eda un poco, luego se da la vuelta y se tumba boca abajo, para que la m\u00e1quina pueda empezar a machacarle por detr\u00e1s. Le machacan a\u00fan m\u00e1s mientras sumerge la cabeza en la ba\u00f1era llena de esti\u00e9rcol de vaca caliente. Tras un \u00faltimo gran orgasmo, se zambulle de cabeza en la ba\u00f1era, donde se unta m\u00e1s esti\u00e9rcol y empieza a refrescarse.<\/span><\/p>\n<p><strong><span style=\"color: #000000;\">The video contains a lot of anal and smearing cow dung. He coveres every inch of his body while being fucked by the fuckmachine. With two camera angles so you don&#8217;t miss anything.<\/span><\/strong><\/p>","protected":false},"excerpt":{"rendered":"<p>Franky loves cowdung and he also appreciates a good prostate orgasm. So this time Franky combines the best of both worlds. He went to the barn where he collected the fresh and creamy and warm cowdung to have some real fun. He starts covering himself from head to toe, climbs into the tub filled with [&hellip;]<\/p>\n","protected":false},"featured_media":198932,"comment_status":"open","ping_status":"closed","template":"","meta":{"_acf_changed":false,"site-sidebar-layout":"default","site-content-layout":"","ast-site-content-layout":"default","site-content-style":"default","site-sidebar-style":"default","ast-global-header-display":"","ast-banner-title-visibility":"","ast-main-header-display":"","ast-hfb-above-header-display":"","ast-hfb-below-header-display":"","ast-hfb-mobile-header-display":"","site-post-title":"","ast-breadcrumbs-content":"","ast-featured-img":"","footer-sml-layout":"","ast-disable-related-posts":"","theme-transparent-header-meta":"default","adv-header-id-meta":"","stick-header-meta":"","header-above-stick-meta":"","header-main-stick-meta":"","header-below-stick-meta":"","astra-migrate-meta-layouts":"set","ast-page-background-enabled":"default","ast-page-background-meta":{"desktop":{"background-color":"var(--ast-global-color-4)","background-image":"","background-repeat":"repeat","background-position":"center center","background-size":"auto","background-attachment":"scroll","background-type":"","background-media":"","overlay-type":"","overlay-color":"","overlay-opacity":"","overlay-gradient":""},"tablet":{"background-color":"","background-image":"","background-repeat":"repeat","background-position":"center center","background-size":"auto","background-attachment":"scroll","background-type":"","background-media":"","overlay-type":"","overlay-color":"","overlay-opacity":"","overlay-gradient":""},"mobile":{"background-color":"","background-image":"","background-repeat":"repeat","background-position":"center center","background-size":"auto","background-attachment":"scroll","background-type":"","background-media":"","overlay-type":"","overlay-color":"","overlay-opacity":"","overlay-gradient":""}},"ast-content-background-meta":{"desktop":{"background-color":"var(--ast-global-color-5)","background-image":"","background-repeat":"repeat","background-position":"center center","background-size":"auto","background-attachment":"scroll","background-type":"","background-media":"","overlay-type":"","overlay-color":"","overlay-opacity":"","overlay-gradient":""},"tablet":{"background-color":"var(--ast-global-color-5)","background-image":"","background-repeat":"repeat","background-position":"center center","background-size":"auto","background-attachment":"scroll","background-type":"","background-media":"","overlay-type":"","overlay-color":"","overlay-opacity":"","overlay-gradient":""},"mobile":{"background-color":"var(--ast-global-color-5)","background-image":"","background-repeat":"repeat","background-position":"center center","background-size":"auto","background-attachment":"scroll","background-type":"","background-media":"","overlay-type":"","overlay-color":"","overlay-opacity":"","overlay-gradient":""}}},"product_brand":[],"product_cat":[4470],"product_tag":[17,317,2623,71,66,2631,19,2621,118,36,64,3030,20,56,320,321,2438,2682,54,2419,37,67,65,35,2482,2684,2685,2686,3425,4482,2683,277,2201],"class_list":{"0":"post-27736","1":"product","2":"type-product","3":"status-publish","4":"has-post-thumbnail","6":"product_cat-videos","7":"product_tag-anal","8":"product_tag-asshole","9":"product_tag-barn","10":"product_tag-bucket","11":"product_tag-clothed","12":"product_tag-completely-covered","13":"product_tag-cow","14":"product_tag-cow-dung","15":"product_tag-cowshed","16":"product_tag-cum","17":"product_tag-dildo","18":"product_tag-download","19":"product_tag-dung","20":"product_tag-erotic","21":"product_tag-feet","22":"product_tag-foot","23":"product_tag-franky","24":"product_tag-fuckmachine","25":"product_tag-full-covered","26":"product_tag-full-hd","27":"product_tag-jerk-off","28":"product_tag-liquid","29":"product_tag-naked","30":"product_tag-orgasm","31":"product_tag-peeing","32":"product_tag-pgasm","33":"product_tag-prostate","34":"product_tag-prostate-orgasm","35":"product_tag-season-1","36":"product_tag-sex-in-cowshit","37":"product_tag-sexmachine","38":"product_tag-slurry-bath","39":"product_tag-slurry-porn","40":"pa_audio-info-stereo","41":"pa_format-mp4","42":"pa_length-39-minutes","43":"pa_product-type-digital-download-full-hd-video","44":"pa_product-type-digital-download-ultra-hd-video","45":"pa_product-type-usb-stick","46":"pa_size-3-32-gb","47":"pa_video-info-full-hd-1920x1080p","48":"desktop-align-center","49":"tablet-align-left","50":"mobile-align-left","52":"first","53":"instock","54":"featured","55":"shipping-taxable","56":"purchasable","57":"product-type-variable"},"exclude_global_add_ons":[],"addons":[],"acf":[],"yoast_head":"<!-- This site is optimized with the Yoast SEO Premium plugin v27.1 (Yoast SEO v27.1.1) - https:\/\/yoast.com\/product\/yoast-seo-premium-wordpress\/ -->\n<title>Franky&#039;s Cow Dung Fuckmachine - ManureFetish -<\/title>\n<meta name=\"description\" content=\"Franky&#039;s Cow Dung Fuckmachine, Franky brings his new toy to the barn, where a warm tub of collected cowshit awaits him and his ass.\" \/>\n<meta name=\"robots\" content=\"index, follow, max-snippet:-1, max-image-preview:large, max-video-preview:-1\" \/>\n<link rel=\"canonical\" href=\"https:\/\/manurefetish.com\/es\/shop\/videos\/frankys-cow-dung-fuckmachine\/\" \/>\n<meta property=\"og:locale\" content=\"es_ES\" \/>\n<meta property=\"og:type\" content=\"article\" \/>\n<meta property=\"og:title\" content=\"Franky&#039;s Cow Dung Fuckmachine\" \/>\n<meta property=\"og:description\" content=\"Franky&#039;s Cow Dung Fuckmachine, Franky brings his new toy to the barn, where a warm tub of collected cowshit awaits him and his ass.\" \/>\n<meta property=\"og:url\" content=\"https:\/\/manurefetish.com\/es\/shop\/videos\/frankys-cow-dung-fuckmachine\/\" \/>\n<meta property=\"og:site_name\" content=\"ManureFetish\" \/>\n<meta property=\"article:publisher\" content=\"https:\/\/www.facebook.com\/manurefetish\/\" \/>\n<meta property=\"article:modified_time\" content=\"2026-03-24T16:17:55+00:00\" \/>\n<meta property=\"og:image\" content=\"https:\/\/manurefetish.com\/wp-content\/uploads\/2020\/11\/Frankys-Cowshit-Fuckmachine.jpg\" \/>\n\t<meta property=\"og:image:width\" content=\"1728\" \/>\n\t<meta property=\"og:image:height\" content=\"576\" \/>\n\t<meta property=\"og:image:type\" content=\"image\/jpeg\" \/>\n<meta name=\"twitter:card\" content=\"summary_large_image\" \/>\n<meta name=\"twitter:site\" content=\"@Manurefetisch\" \/>\n<script type=\"application\/ld+json\" class=\"yoast-schema-graph\">{\"@context\":\"https:\/\/schema.org\",\"@graph\":[{\"@type\":\"WebPage\",\"@id\":\"https:\/\/manurefetish.com\/shop\/videos\/frankys-cow-dung-fuckmachine\/\",\"url\":\"https:\/\/manurefetish.com\/shop\/videos\/frankys-cow-dung-fuckmachine\/\",\"name\":\"Franky's Cow Dung Fuckmachine - ManureFetish -\",\"isPartOf\":{\"@id\":\"https:\/\/manurefetish.com\/#website\"},\"primaryImageOfPage\":{\"@id\":\"https:\/\/manurefetish.com\/shop\/videos\/frankys-cow-dung-fuckmachine\/#primaryimage\"},\"image\":{\"@id\":\"https:\/\/manurefetish.com\/shop\/videos\/frankys-cow-dung-fuckmachine\/#primaryimage\"},\"thumbnailUrl\":\"https:\/\/manurefetish.b-cdn.net\/wp-content\/uploads\/2020\/11\/Frankys-Cowshit-Fuckmachine.jpg\",\"datePublished\":\"2020-11-30T02:45:28+00:00\",\"dateModified\":\"2026-03-24T16:17:55+00:00\",\"description\":\"Franky's Cow Dung Fuckmachine, Franky brings his new toy to the barn, where a warm tub of collected cowshit awaits him and his ass.\",\"breadcrumb\":{\"@id\":\"https:\/\/manurefetish.com\/shop\/videos\/frankys-cow-dung-fuckmachine\/#breadcrumb\"},\"inLanguage\":\"es\",\"potentialAction\":[{\"@type\":\"ReadAction\",\"target\":[\"https:\/\/manurefetish.com\/shop\/videos\/frankys-cow-dung-fuckmachine\/\"]}]},{\"@type\":\"ImageObject\",\"inLanguage\":\"es\",\"@id\":\"https:\/\/manurefetish.com\/shop\/videos\/frankys-cow-dung-fuckmachine\/#primaryimage\",\"url\":\"https:\/\/manurefetish.b-cdn.net\/wp-content\/uploads\/2020\/11\/Frankys-Cowshit-Fuckmachine.jpg\",\"contentUrl\":\"https:\/\/manurefetish.b-cdn.net\/wp-content\/uploads\/2020\/11\/Frankys-Cowshit-Fuckmachine.jpg\",\"width\":1728,\"height\":576},{\"@type\":\"BreadcrumbList\",\"@id\":\"https:\/\/manurefetish.com\/shop\/videos\/frankys-cow-dung-fuckmachine\/#breadcrumb\",\"itemListElement\":[{\"@type\":\"ListItem\",\"position\":1,\"name\":\"Home\",\"item\":\"https:\/\/manurefetish.com\/\"},{\"@type\":\"ListItem\",\"position\":2,\"name\":\"Shop\",\"item\":\"https:\/\/manurefetish.com\/shop\/\"},{\"@type\":\"ListItem\",\"position\":3,\"name\":\"Videos\",\"item\":\"https:\/\/manurefetish.com\/product-category\/videos\/\"},{\"@type\":\"ListItem\",\"position\":4,\"name\":\"Franky&#8217;s Cow Dung Fuckmachine\"}]},{\"@type\":\"WebSite\",\"@id\":\"https:\/\/manurefetish.com\/#website\",\"url\":\"https:\/\/manurefetish.com\/\",\"name\":\"ManureFetish\",\"description\":\"ManureFetish Shop\",\"publisher\":{\"@id\":\"https:\/\/manurefetish.com\/#organization\"},\"potentialAction\":[{\"@type\":\"SearchAction\",\"target\":{\"@type\":\"EntryPoint\",\"urlTemplate\":\"https:\/\/manurefetish.com\/?s={search_term_string}\"},\"query-input\":{\"@type\":\"PropertyValueSpecification\",\"valueRequired\":true,\"valueName\":\"search_term_string\"}}],\"inLanguage\":\"es\"},{\"@type\":\"Organization\",\"@id\":\"https:\/\/manurefetish.com\/#organization\",\"name\":\"ManureFetish.com\",\"url\":\"https:\/\/manurefetish.com\/\",\"logo\":{\"@type\":\"ImageObject\",\"inLanguage\":\"es\",\"@id\":\"https:\/\/manurefetish.com\/#\/schema\/logo\/image\/\",\"url\":\"https:\/\/manurefetish.com\/wp-content\/uploads\/2019\/06\/1000xmanurefetishcom-michaela-logo-website-shop.png\",\"contentUrl\":\"https:\/\/manurefetish.com\/wp-content\/uploads\/2019\/06\/1000xmanurefetishcom-michaela-logo-website-shop.png\",\"width\":1000,\"height\":632,\"caption\":\"ManureFetish.com\"},\"image\":{\"@id\":\"https:\/\/manurefetish.com\/#\/schema\/logo\/image\/\"},\"sameAs\":[\"https:\/\/www.facebook.com\/manurefetish\/\",\"https:\/\/x.com\/Manurefetisch\",\"https:\/\/www.youtube.com\/c\/ManureFetish\"],\"description\":\"We're creating various fetish content with female and male models alike.\",\"foundingDate\":\"2019-07-04\",\"vatID\":\"DE366928521\",\"numberOfEmployees\":{\"@type\":\"QuantitativeValue\",\"minValue\":\"1\",\"maxValue\":\"10\"}}]}<\/script>\n<meta property=\"og:availability\" content=\"instock\" \/>\n<meta property=\"product:availability\" content=\"instock\" \/>\n<meta property=\"product:retailer_item_id\" content=\"MFM-FCF\" \/>\n<meta property=\"product:condition\" content=\"new\" \/>\n<!-- \/ Yoast SEO Premium plugin. -->","yoast_head_json":{"title":"Franky's Cow Dung Fuckmachine - ManureFetish -","description":"Franky's Cow Dung Fuckmachine, Franky lleva su nuevo juguete al granero, donde le espera a \u00e9l y a su culo una ba\u00f1era caliente de mierda de vaca recogida.","robots":{"index":"index","follow":"follow","max-snippet":"max-snippet:-1","max-image-preview":"max-image-preview:large","max-video-preview":"max-video-preview:-1"},"canonical":"https:\/\/manurefetish.com\/es\/shop\/videos\/frankys-cow-dung-fuckmachine\/","og_locale":"es_ES","og_type":"article","og_title":"Franky's Cow Dung Fuckmachine","og_description":"Franky's Cow Dung Fuckmachine, Franky brings his new toy to the barn, where a warm tub of collected cowshit awaits him and his ass.","og_url":"https:\/\/manurefetish.com\/es\/shop\/videos\/frankys-cow-dung-fuckmachine\/","og_site_name":"ManureFetish","article_publisher":"https:\/\/www.facebook.com\/manurefetish\/","article_modified_time":"2026-03-24T16:17:55+00:00","og_image":[{"width":1728,"height":576,"url":"https:\/\/manurefetish.com\/wp-content\/uploads\/2020\/11\/Frankys-Cowshit-Fuckmachine.jpg","type":"image\/jpeg"}],"twitter_card":"summary_large_image","twitter_site":"@Manurefetisch","schema":{"@context":"https:\/\/schema.org","@graph":[{"@type":"WebPage","@id":"https:\/\/manurefetish.com\/shop\/videos\/frankys-cow-dung-fuckmachine\/","url":"https:\/\/manurefetish.com\/shop\/videos\/frankys-cow-dung-fuckmachine\/","name":"Franky's Cow Dung Fuckmachine - ManureFetish -","isPartOf":{"@id":"https:\/\/manurefetish.com\/#website"},"primaryImageOfPage":{"@id":"https:\/\/manurefetish.com\/shop\/videos\/frankys-cow-dung-fuckmachine\/#primaryimage"},"image":{"@id":"https:\/\/manurefetish.com\/shop\/videos\/frankys-cow-dung-fuckmachine\/#primaryimage"},"thumbnailUrl":"https:\/\/manurefetish.b-cdn.net\/wp-content\/uploads\/2020\/11\/Frankys-Cowshit-Fuckmachine.jpg","datePublished":"2020-11-30T02:45:28+00:00","dateModified":"2026-03-24T16:17:55+00:00","description":"Franky's Cow Dung Fuckmachine, Franky lleva su nuevo juguete al granero, donde le espera a \u00e9l y a su culo una ba\u00f1era caliente de mierda de vaca recogida.","breadcrumb":{"@id":"https:\/\/manurefetish.com\/shop\/videos\/frankys-cow-dung-fuckmachine\/#breadcrumb"},"inLanguage":"es","potentialAction":[{"@type":"ReadAction","target":["https:\/\/manurefetish.com\/shop\/videos\/frankys-cow-dung-fuckmachine\/"]}]},{"@type":"ImageObject","inLanguage":"es","@id":"https:\/\/manurefetish.com\/shop\/videos\/frankys-cow-dung-fuckmachine\/#primaryimage","url":"https:\/\/manurefetish.b-cdn.net\/wp-content\/uploads\/2020\/11\/Frankys-Cowshit-Fuckmachine.jpg","contentUrl":"https:\/\/manurefetish.b-cdn.net\/wp-content\/uploads\/2020\/11\/Frankys-Cowshit-Fuckmachine.jpg","width":1728,"height":576},{"@type":"BreadcrumbList","@id":"https:\/\/manurefetish.com\/shop\/videos\/frankys-cow-dung-fuckmachine\/#breadcrumb","itemListElement":[{"@type":"ListItem","position":1,"name":"Home","item":"https:\/\/manurefetish.com\/"},{"@type":"ListItem","position":2,"name":"Shop","item":"https:\/\/manurefetish.com\/shop\/"},{"@type":"ListItem","position":3,"name":"Videos","item":"https:\/\/manurefetish.com\/product-category\/videos\/"},{"@type":"ListItem","position":4,"name":"Franky&#8217;s Cow Dung Fuckmachine"}]},{"@type":"WebSite","@id":"https:\/\/manurefetish.com\/#website","url":"https:\/\/manurefetish.com\/","name":"ManureFetish","description":"ManureFetish","publisher":{"@id":"https:\/\/manurefetish.com\/#organization"},"potentialAction":[{"@type":"SearchAction","target":{"@type":"EntryPoint","urlTemplate":"https:\/\/manurefetish.com\/?s={search_term_string}"},"query-input":{"@type":"PropertyValueSpecification","valueRequired":true,"valueName":"search_term_string"}}],"inLanguage":"es"},{"@type":"Organization","@id":"https:\/\/manurefetish.com\/#organization","name":"ManureFetish.com","url":"https:\/\/manurefetish.com\/","logo":{"@type":"ImageObject","inLanguage":"es","@id":"https:\/\/manurefetish.com\/#\/schema\/logo\/image\/","url":"https:\/\/manurefetish.com\/wp-content\/uploads\/2019\/06\/1000xmanurefetishcom-michaela-logo-website-shop.png","contentUrl":"https:\/\/manurefetish.com\/wp-content\/uploads\/2019\/06\/1000xmanurefetishcom-michaela-logo-website-shop.png","width":1000,"height":632,"caption":"ManureFetish.com"},"image":{"@id":"https:\/\/manurefetish.com\/#\/schema\/logo\/image\/"},"sameAs":["https:\/\/www.facebook.com\/manurefetish\/","https:\/\/x.com\/Manurefetisch","https:\/\/www.youtube.com\/c\/ManureFetish"],"description":"Estamos creando diversos contenidos fetichistas con modelos femeninos y masculinos por igual.","foundingDate":"2019-07-04","vatID":"DE366928521","numberOfEmployees":{"@type":"QuantitativeValue","minValue":"1","maxValue":"10"}}]},"og_availability":"instock","product_availability":"instock","product_retailer_item_id":"MFM-FCF","product_condition":"new"},"_links":{"self":[{"href":"https:\/\/manurefetish.com\/es\/wp-json\/wp\/v2\/product\/27736","targetHints":{"allow":["GET"]}}],"collection":[{"href":"https:\/\/manurefetish.com\/es\/wp-json\/wp\/v2\/product"}],"about":[{"href":"https:\/\/manurefetish.com\/es\/wp-json\/wp\/v2\/types\/product"}],"replies":[{"embeddable":true,"href":"https:\/\/manurefetish.com\/es\/wp-json\/wp\/v2\/comments?post=27736"}],"version-history":[{"count":0,"href":"https:\/\/manurefetish.com\/es\/wp-json\/wp\/v2\/product\/27736\/revisions"}],"wp:featuredmedia":[{"embeddable":true,"href":"https:\/\/manurefetish.com\/es\/wp-json\/wp\/v2\/media\/198932"}],"wp:attachment":[{"href":"https:\/\/manurefetish.com\/es\/wp-json\/wp\/v2\/media?parent=27736"}],"wp:term":[{"taxonomy":"product_brand","embeddable":true,"href":"https:\/\/manurefetish.com\/es\/wp-json\/wp\/v2\/product_brand?post=27736"},{"taxonomy":"product_cat","embeddable":true,"href":"https:\/\/manurefetish.com\/es\/wp-json\/wp\/v2\/product_cat?post=27736"},{"taxonomy":"product_tag","embeddable":true,"href":"https:\/\/manurefetish.com\/es\/wp-json\/wp\/v2\/product_tag?post=27736"}],"curies":[{"name":"wp","href":"https:\/\/api.w.org\/{rel}","templated":true}]}}