{"id":27278,"date":"2020-12-13T18:58:03","date_gmt":"2020-12-13T17:58:03","guid":{"rendered":"https:\/\/manurefetish.com\/?post_type=product&#038;p=27278"},"modified":"2026-03-24T17:17:47","modified_gmt":"2026-03-24T16:17:47","slug":"city-girl-emilia-manure-spa","status":"publish","type":"product","link":"https:\/\/manurefetish.com\/es\/shop\/videos\/city-girl-emilia-manure-spa\/","title":{"rendered":"City Girl Emilia Esti\u00e9rcol Spa"},"content":{"rendered":"<p>\u00a1La chica de la gran ciudad Emilia descubre en estas fr\u00edas temperaturas su curiosidad por los purines calientes y humeantes!<\/p>\n<p>Para recuperarse de su agotadora vida en la ciudad, Emilia se escapa al campo para tener otros pensamientos.<\/p>\n<p>De repente, algo en su interior la llama a la masa sucia y recoge en secreto litros de esti\u00e9rcol para satisfacer su ansia.<\/p>\n<p>Despu\u00e9s de recoger suficiente masa caliente y maloliente, Emilia se regala un tratamiento de spa en su propio balneario de esti\u00e9rcol.<\/p>\n<p>Mira c\u00f3mo deja que el esti\u00e9rcol de vaca explore cada cent\u00edmetro de su bonito cuerpo, desconcertando todos los sentidos.<\/p>\n<p>Se masajea los pies, torturados por la agitada vida de la ciudad, con mucho placer. No s\u00f3lo cuida de sus pies, sino tambi\u00e9n de sus axilas, muslos, pechos y cuello, \u00a1cubiertos de litros de esti\u00e9rcol!<\/p>\n<p>No se queda s\u00f3lo en un masaje. En el cl\u00edmax de su viaje de descubrimiento, \u00a1Emilia vuelve a dejar que todo el esti\u00e9rcol pase por su cabeza como es debido!<\/p>\n<p>\u00a1Puedes escuchar atentamente, puedes o\u00edr y sentir literalmente la masa caliente y vaporosa entre sus dedos de los pies y de las manos!<\/p>\n<p>Puedes ver en la cara de la chica de la gran ciudad que vali\u00f3 la pena con creces vivir esta experiencia<\/p>\n<p><strong><span style=\"color: #000000;\">El v\u00eddeo contiene un mont\u00f3n de embadurnamientos y jugueteos con esti\u00e9rcol. Cubre cada cent\u00edmetro de su cuerpo. Con bonitos primeros planos de sus pechos, pies, manos, culo, cabeza.<\/span><\/strong><\/p>","protected":false},"excerpt":{"rendered":"<p>The big city girl Emilia discovers in these cold temperatures her curiosity for warm steaming slurry! To recover from her exhausting city life, Emilia escapes to the countryside to get other thoughts. Suddenly, something inside her calls for the dirty mass and she secretly collects gallons of manure to satisfy her craving. After gathering enough [&hellip;]<\/p>\n","protected":false},"featured_media":198930,"comment_status":"open","ping_status":"closed","template":"","meta":{"_acf_changed":false,"site-sidebar-layout":"default","site-content-layout":"","ast-site-content-layout":"default","site-content-style":"default","site-sidebar-style":"default","ast-global-header-display":"","ast-banner-title-visibility":"","ast-main-header-display":"","ast-hfb-above-header-display":"","ast-hfb-below-header-display":"","ast-hfb-mobile-header-display":"","site-post-title":"","ast-breadcrumbs-content":"","ast-featured-img":"","footer-sml-layout":"","ast-disable-related-posts":"","theme-transparent-header-meta":"default","adv-header-id-meta":"","stick-header-meta":"","header-above-stick-meta":"","header-main-stick-meta":"","header-below-stick-meta":"","astra-migrate-meta-layouts":"set","ast-page-background-enabled":"default","ast-page-background-meta":{"desktop":{"background-color":"var(--ast-global-color-4)","background-image":"","background-repeat":"repeat","background-position":"center center","background-size":"auto","background-attachment":"scroll","background-type":"","background-media":"","overlay-type":"","overlay-color":"","overlay-opacity":"","overlay-gradient":""},"tablet":{"background-color":"","background-image":"","background-repeat":"repeat","background-position":"center center","background-size":"auto","background-attachment":"scroll","background-type":"","background-media":"","overlay-type":"","overlay-color":"","overlay-opacity":"","overlay-gradient":""},"mobile":{"background-color":"","background-image":"","background-repeat":"repeat","background-position":"center center","background-size":"auto","background-attachment":"scroll","background-type":"","background-media":"","overlay-type":"","overlay-color":"","overlay-opacity":"","overlay-gradient":""}},"ast-content-background-meta":{"desktop":{"background-color":"var(--ast-global-color-5)","background-image":"","background-repeat":"repeat","background-position":"center center","background-size":"auto","background-attachment":"scroll","background-type":"","background-media":"","overlay-type":"","overlay-color":"","overlay-opacity":"","overlay-gradient":""},"tablet":{"background-color":"var(--ast-global-color-5)","background-image":"","background-repeat":"repeat","background-position":"center center","background-size":"auto","background-attachment":"scroll","background-type":"","background-media":"","overlay-type":"","overlay-color":"","overlay-opacity":"","overlay-gradient":""},"mobile":{"background-color":"var(--ast-global-color-5)","background-image":"","background-repeat":"repeat","background-position":"center center","background-size":"auto","background-attachment":"scroll","background-type":"","background-media":"","overlay-type":"","overlay-color":"","overlay-opacity":"","overlay-gradient":""}}},"product_brand":[],"product_cat":[4470],"product_tag":[2627,2399,2623,318,2632,31,71,2508,2631,19,2621,2607,3030,20,2633,3167,1118,2624,320,21,321,2419,426,2634,2638,2582,18,2629,1122,65,2635,2636,2637,3425,2650,4482,2628,24,2201,2575,2663,2630,319,2625,1069,2664,427],"class_list":{"0":"post-27278","1":"product","2":"type-product","3":"status-publish","4":"has-post-thumbnail","6":"product_cat-videos","7":"product_tag-asmr","8":"product_tag-ass","9":"product_tag-barn","10":"product_tag-boobs","11":"product_tag-bra","12":"product_tag-breasts","13":"product_tag-bucket","14":"product_tag-clothes","15":"product_tag-completely-covered","16":"product_tag-cow","17":"product_tag-cow-dung","18":"product_tag-cowdung","19":"product_tag-download","20":"product_tag-dung","21":"product_tag-elegant-clothing","22":"product_tag-emilia","23":"product_tag-emily","24":"product_tag-farm","25":"product_tag-feet","26":"product_tag-fetish","27":"product_tag-foot","28":"product_tag-full-hd","29":"product_tag-girl","30":"product_tag-glamorous","31":"product_tag-jacket","32":"product_tag-jeans","33":"product_tag-manure","34":"product_tag-messy","35":"product_tag-model-emily","36":"product_tag-naked","37":"product_tag-overknees","38":"product_tag-panties","39":"product_tag-panty","40":"product_tag-season-1","41":"product_tag-sensual","42":"product_tag-sex-in-cowshit","43":"product_tag-shampoo","44":"product_tag-slurry","45":"product_tag-slurry-porn","46":"product_tag-socks","47":"product_tag-spa","48":"product_tag-straw","49":"product_tag-tits","50":"product_tag-village","51":"product_tag-wam","52":"product_tag-wellness","53":"product_tag-women","54":"pa_audio-info-stereo","55":"pa_format-mp4","56":"pa_length-28-minutes","57":"pa_product-type-digital-download-full-hd-video","58":"pa_product-type-digital-download-ultra-hd-video","59":"pa_product-type-usb-stick","60":"pa_productionyear-2198","61":"pa_size-5-57-gb","62":"pa_video-info-full-hd-1920x1080p","63":"desktop-align-center","64":"tablet-align-left","65":"mobile-align-left","67":"first","68":"instock","69":"shipping-taxable","70":"purchasable","71":"product-type-variable"},"exclude_global_add_ons":[],"addons":[],"acf":[],"yoast_head":"<!-- This site is optimized with the Yoast SEO Premium plugin v27.1 (Yoast SEO v27.1.1) - https:\/\/yoast.com\/product\/yoast-seo-premium-wordpress\/ -->\n<title>City Girl Emilia Manure Spa - ManureFetish - glamorous bath in cow dung<\/title>\n<meta name=\"description\" content=\"City Girl Emilia Manure Spa, The big city girl Emilia discovers in these cold temperatures her curiosity for warm steaming slurry!\" \/>\n<meta name=\"robots\" content=\"index, follow, max-snippet:-1, max-image-preview:large, max-video-preview:-1\" \/>\n<link rel=\"canonical\" href=\"https:\/\/manurefetish.com\/es\/shop\/videos\/city-girl-emilia-manure-spa\/\" \/>\n<meta property=\"og:locale\" content=\"es_ES\" \/>\n<meta property=\"og:type\" content=\"article\" \/>\n<meta property=\"og:title\" content=\"City Girl Emilia Manure Spa\" \/>\n<meta property=\"og:description\" content=\"City Girl Emilia Manure Spa, The big city girl Emilia discovers in these cold temperatures her curiosity for warm steaming slurry!\" \/>\n<meta property=\"og:url\" content=\"https:\/\/manurefetish.com\/es\/shop\/videos\/city-girl-emilia-manure-spa\/\" \/>\n<meta property=\"og:site_name\" content=\"ManureFetish\" \/>\n<meta property=\"article:publisher\" content=\"https:\/\/www.facebook.com\/manurefetish\/\" \/>\n<meta property=\"article:modified_time\" content=\"2026-03-24T16:17:47+00:00\" \/>\n<meta property=\"og:image\" content=\"https:\/\/manurefetish.com\/wp-content\/uploads\/2020\/12\/City-girl-emily-manure-spa.jpg\" \/>\n\t<meta property=\"og:image:width\" content=\"1728\" \/>\n\t<meta property=\"og:image:height\" content=\"576\" \/>\n\t<meta property=\"og:image:type\" content=\"image\/jpeg\" \/>\n<meta name=\"twitter:card\" content=\"summary_large_image\" \/>\n<meta name=\"twitter:site\" content=\"@Manurefetisch\" \/>\n<script type=\"application\/ld+json\" class=\"yoast-schema-graph\">{\"@context\":\"https:\/\/schema.org\",\"@graph\":[{\"@type\":\"WebPage\",\"@id\":\"https:\/\/manurefetish.com\/shop\/videos\/city-girl-emilia-manure-spa\/\",\"url\":\"https:\/\/manurefetish.com\/shop\/videos\/city-girl-emilia-manure-spa\/\",\"name\":\"City Girl Emilia Manure Spa - ManureFetish - glamorous bath in cow dung\",\"isPartOf\":{\"@id\":\"https:\/\/manurefetish.com\/#website\"},\"primaryImageOfPage\":{\"@id\":\"https:\/\/manurefetish.com\/shop\/videos\/city-girl-emilia-manure-spa\/#primaryimage\"},\"image\":{\"@id\":\"https:\/\/manurefetish.com\/shop\/videos\/city-girl-emilia-manure-spa\/#primaryimage\"},\"thumbnailUrl\":\"https:\/\/manurefetish.b-cdn.net\/wp-content\/uploads\/2020\/12\/City-girl-emily-manure-spa.jpg\",\"datePublished\":\"2020-12-13T17:58:03+00:00\",\"dateModified\":\"2026-03-24T16:17:47+00:00\",\"description\":\"City Girl Emilia Manure Spa, The big city girl Emilia discovers in these cold temperatures her curiosity for warm steaming slurry!\",\"breadcrumb\":{\"@id\":\"https:\/\/manurefetish.com\/shop\/videos\/city-girl-emilia-manure-spa\/#breadcrumb\"},\"inLanguage\":\"es\",\"potentialAction\":[{\"@type\":\"ReadAction\",\"target\":[\"https:\/\/manurefetish.com\/shop\/videos\/city-girl-emilia-manure-spa\/\"]}]},{\"@type\":\"ImageObject\",\"inLanguage\":\"es\",\"@id\":\"https:\/\/manurefetish.com\/shop\/videos\/city-girl-emilia-manure-spa\/#primaryimage\",\"url\":\"https:\/\/manurefetish.b-cdn.net\/wp-content\/uploads\/2020\/12\/City-girl-emily-manure-spa.jpg\",\"contentUrl\":\"https:\/\/manurefetish.b-cdn.net\/wp-content\/uploads\/2020\/12\/City-girl-emily-manure-spa.jpg\",\"width\":1728,\"height\":576},{\"@type\":\"BreadcrumbList\",\"@id\":\"https:\/\/manurefetish.com\/shop\/videos\/city-girl-emilia-manure-spa\/#breadcrumb\",\"itemListElement\":[{\"@type\":\"ListItem\",\"position\":1,\"name\":\"Home\",\"item\":\"https:\/\/manurefetish.com\/\"},{\"@type\":\"ListItem\",\"position\":2,\"name\":\"Shop\",\"item\":\"https:\/\/manurefetish.com\/shop\/\"},{\"@type\":\"ListItem\",\"position\":3,\"name\":\"Videos\",\"item\":\"https:\/\/manurefetish.com\/product-category\/videos\/\"},{\"@type\":\"ListItem\",\"position\":4,\"name\":\"City Girl Emilia Manure Spa\"}]},{\"@type\":\"WebSite\",\"@id\":\"https:\/\/manurefetish.com\/#website\",\"url\":\"https:\/\/manurefetish.com\/\",\"name\":\"ManureFetish\",\"description\":\"ManureFetish Shop\",\"publisher\":{\"@id\":\"https:\/\/manurefetish.com\/#organization\"},\"potentialAction\":[{\"@type\":\"SearchAction\",\"target\":{\"@type\":\"EntryPoint\",\"urlTemplate\":\"https:\/\/manurefetish.com\/?s={search_term_string}\"},\"query-input\":{\"@type\":\"PropertyValueSpecification\",\"valueRequired\":true,\"valueName\":\"search_term_string\"}}],\"inLanguage\":\"es\"},{\"@type\":\"Organization\",\"@id\":\"https:\/\/manurefetish.com\/#organization\",\"name\":\"ManureFetish.com\",\"url\":\"https:\/\/manurefetish.com\/\",\"logo\":{\"@type\":\"ImageObject\",\"inLanguage\":\"es\",\"@id\":\"https:\/\/manurefetish.com\/#\/schema\/logo\/image\/\",\"url\":\"https:\/\/manurefetish.com\/wp-content\/uploads\/2019\/06\/1000xmanurefetishcom-michaela-logo-website-shop.png\",\"contentUrl\":\"https:\/\/manurefetish.com\/wp-content\/uploads\/2019\/06\/1000xmanurefetishcom-michaela-logo-website-shop.png\",\"width\":1000,\"height\":632,\"caption\":\"ManureFetish.com\"},\"image\":{\"@id\":\"https:\/\/manurefetish.com\/#\/schema\/logo\/image\/\"},\"sameAs\":[\"https:\/\/www.facebook.com\/manurefetish\/\",\"https:\/\/x.com\/Manurefetisch\",\"https:\/\/www.youtube.com\/c\/ManureFetish\"],\"description\":\"We're creating various fetish content with female and male models alike.\",\"foundingDate\":\"2019-07-04\",\"vatID\":\"DE366928521\",\"numberOfEmployees\":{\"@type\":\"QuantitativeValue\",\"minValue\":\"1\",\"maxValue\":\"10\"}}]}<\/script>\n<meta property=\"og:availability\" content=\"instock\" \/>\n<meta property=\"product:availability\" content=\"instock\" \/>\n<meta property=\"product:retailer_item_id\" content=\"MFW-CGEMS\" \/>\n<meta property=\"product:condition\" content=\"new\" \/>\n<!-- \/ Yoast SEO Premium plugin. -->","yoast_head_json":{"title":"City Girl Emilia Manure Spa - ManureFetish - ba\u00f1o glamuroso en esti\u00e9rcol de vaca","description":"City Girl Emilia Manure Spa, \u00a1La gran chica de ciudad Emilia descubre en estas fr\u00edas temperaturas su curiosidad por los purines calientes y humeantes!","robots":{"index":"index","follow":"follow","max-snippet":"max-snippet:-1","max-image-preview":"max-image-preview:large","max-video-preview":"max-video-preview:-1"},"canonical":"https:\/\/manurefetish.com\/es\/shop\/videos\/city-girl-emilia-manure-spa\/","og_locale":"es_ES","og_type":"article","og_title":"City Girl Emilia Manure Spa","og_description":"City Girl Emilia Manure Spa, The big city girl Emilia discovers in these cold temperatures her curiosity for warm steaming slurry!","og_url":"https:\/\/manurefetish.com\/es\/shop\/videos\/city-girl-emilia-manure-spa\/","og_site_name":"ManureFetish","article_publisher":"https:\/\/www.facebook.com\/manurefetish\/","article_modified_time":"2026-03-24T16:17:47+00:00","og_image":[{"width":1728,"height":576,"url":"https:\/\/manurefetish.com\/wp-content\/uploads\/2020\/12\/City-girl-emily-manure-spa.jpg","type":"image\/jpeg"}],"twitter_card":"summary_large_image","twitter_site":"@Manurefetisch","schema":{"@context":"https:\/\/schema.org","@graph":[{"@type":"WebPage","@id":"https:\/\/manurefetish.com\/shop\/videos\/city-girl-emilia-manure-spa\/","url":"https:\/\/manurefetish.com\/shop\/videos\/city-girl-emilia-manure-spa\/","name":"City Girl Emilia Manure Spa - ManureFetish - ba\u00f1o glamuroso en esti\u00e9rcol de vaca","isPartOf":{"@id":"https:\/\/manurefetish.com\/#website"},"primaryImageOfPage":{"@id":"https:\/\/manurefetish.com\/shop\/videos\/city-girl-emilia-manure-spa\/#primaryimage"},"image":{"@id":"https:\/\/manurefetish.com\/shop\/videos\/city-girl-emilia-manure-spa\/#primaryimage"},"thumbnailUrl":"https:\/\/manurefetish.b-cdn.net\/wp-content\/uploads\/2020\/12\/City-girl-emily-manure-spa.jpg","datePublished":"2020-12-13T17:58:03+00:00","dateModified":"2026-03-24T16:17:47+00:00","description":"City Girl Emilia Manure Spa, \u00a1La gran chica de ciudad Emilia descubre en estas fr\u00edas temperaturas su curiosidad por los purines calientes y humeantes!","breadcrumb":{"@id":"https:\/\/manurefetish.com\/shop\/videos\/city-girl-emilia-manure-spa\/#breadcrumb"},"inLanguage":"es","potentialAction":[{"@type":"ReadAction","target":["https:\/\/manurefetish.com\/shop\/videos\/city-girl-emilia-manure-spa\/"]}]},{"@type":"ImageObject","inLanguage":"es","@id":"https:\/\/manurefetish.com\/shop\/videos\/city-girl-emilia-manure-spa\/#primaryimage","url":"https:\/\/manurefetish.b-cdn.net\/wp-content\/uploads\/2020\/12\/City-girl-emily-manure-spa.jpg","contentUrl":"https:\/\/manurefetish.b-cdn.net\/wp-content\/uploads\/2020\/12\/City-girl-emily-manure-spa.jpg","width":1728,"height":576},{"@type":"BreadcrumbList","@id":"https:\/\/manurefetish.com\/shop\/videos\/city-girl-emilia-manure-spa\/#breadcrumb","itemListElement":[{"@type":"ListItem","position":1,"name":"Home","item":"https:\/\/manurefetish.com\/"},{"@type":"ListItem","position":2,"name":"Shop","item":"https:\/\/manurefetish.com\/shop\/"},{"@type":"ListItem","position":3,"name":"Videos","item":"https:\/\/manurefetish.com\/product-category\/videos\/"},{"@type":"ListItem","position":4,"name":"City Girl Emilia Manure Spa"}]},{"@type":"WebSite","@id":"https:\/\/manurefetish.com\/#website","url":"https:\/\/manurefetish.com\/","name":"ManureFetish","description":"ManureFetish","publisher":{"@id":"https:\/\/manurefetish.com\/#organization"},"potentialAction":[{"@type":"SearchAction","target":{"@type":"EntryPoint","urlTemplate":"https:\/\/manurefetish.com\/?s={search_term_string}"},"query-input":{"@type":"PropertyValueSpecification","valueRequired":true,"valueName":"search_term_string"}}],"inLanguage":"es"},{"@type":"Organization","@id":"https:\/\/manurefetish.com\/#organization","name":"ManureFetish.com","url":"https:\/\/manurefetish.com\/","logo":{"@type":"ImageObject","inLanguage":"es","@id":"https:\/\/manurefetish.com\/#\/schema\/logo\/image\/","url":"https:\/\/manurefetish.com\/wp-content\/uploads\/2019\/06\/1000xmanurefetishcom-michaela-logo-website-shop.png","contentUrl":"https:\/\/manurefetish.com\/wp-content\/uploads\/2019\/06\/1000xmanurefetishcom-michaela-logo-website-shop.png","width":1000,"height":632,"caption":"ManureFetish.com"},"image":{"@id":"https:\/\/manurefetish.com\/#\/schema\/logo\/image\/"},"sameAs":["https:\/\/www.facebook.com\/manurefetish\/","https:\/\/x.com\/Manurefetisch","https:\/\/www.youtube.com\/c\/ManureFetish"],"description":"Estamos creando diversos contenidos fetichistas con modelos femeninos y masculinos por igual.","foundingDate":"2019-07-04","vatID":"DE366928521","numberOfEmployees":{"@type":"QuantitativeValue","minValue":"1","maxValue":"10"}}]},"og_availability":"instock","product_availability":"instock","product_retailer_item_id":"MFW-CGEMS","product_condition":"new"},"_links":{"self":[{"href":"https:\/\/manurefetish.com\/es\/wp-json\/wp\/v2\/product\/27278","targetHints":{"allow":["GET"]}}],"collection":[{"href":"https:\/\/manurefetish.com\/es\/wp-json\/wp\/v2\/product"}],"about":[{"href":"https:\/\/manurefetish.com\/es\/wp-json\/wp\/v2\/types\/product"}],"replies":[{"embeddable":true,"href":"https:\/\/manurefetish.com\/es\/wp-json\/wp\/v2\/comments?post=27278"}],"version-history":[{"count":0,"href":"https:\/\/manurefetish.com\/es\/wp-json\/wp\/v2\/product\/27278\/revisions"}],"wp:featuredmedia":[{"embeddable":true,"href":"https:\/\/manurefetish.com\/es\/wp-json\/wp\/v2\/media\/198930"}],"wp:attachment":[{"href":"https:\/\/manurefetish.com\/es\/wp-json\/wp\/v2\/media?parent=27278"}],"wp:term":[{"taxonomy":"product_brand","embeddable":true,"href":"https:\/\/manurefetish.com\/es\/wp-json\/wp\/v2\/product_brand?post=27278"},{"taxonomy":"product_cat","embeddable":true,"href":"https:\/\/manurefetish.com\/es\/wp-json\/wp\/v2\/product_cat?post=27278"},{"taxonomy":"product_tag","embeddable":true,"href":"https:\/\/manurefetish.com\/es\/wp-json\/wp\/v2\/product_tag?post=27278"}],"curies":[{"name":"wp","href":"https:\/\/api.w.org\/{rel}","templated":true}]}}