{"id":203903,"date":"2026-02-27T07:00:25","date_gmt":"2026-02-27T06:00:25","guid":{"rendered":"https:\/\/manurefetish.com\/?post_type=product&#038;p=203903"},"modified":"2026-03-24T15:11:12","modified_gmt":"2026-03-24T14:11:12","slug":"camping-toilet-together","status":"publish","type":"product","link":"https:\/\/manurefetish.com\/es\/shop\/videos\/camping-toilet-together\/","title":{"rendered":"Inodoro para acampada Together"},"content":{"rendered":"<p><span style=\"font-weight: 400;\">Despu\u00e9s de divertirme sola, por supuesto que invit\u00e9 a Franky a divertirse tambi\u00e9n, ya que \u00e9l hab\u00eda grabado toda mi sesi\u00f3n y pude ver que ya ten\u00eda una erecci\u00f3n enorme y que el l\u00edquido preseminal hab\u00eda dejado una mancha h\u00fameda en tus pantalones cortos. Se acerca a m\u00ed y primero juega con mis tetas cremosas y apestosas, pero yo quiero sentirlo dentro de m\u00ed y tambi\u00e9n chupar tu polla goteante. As\u00ed que me pongo de rodillas y te bajo los pantalones cortos. Tu polla est\u00e1 palpitando y dura como una roca. Empiezo a chuparla suavemente para volverlo loco. La siento palpitar en mi boca y creo que est\u00e1 lista, pero a\u00fan hay que limpiarla un poco. T\u00fa te tumbas boca arriba y yo empiezo a untar mierda por todo tu cuerpo con mis pies antes de vaciar un cubo con mierda sobre tu est\u00f3mago para cubrirte a\u00fan m\u00e1s de mierda. Chupo tu polla cubierta de mierda un poco m\u00e1s antes de sentarme sobre ella y cabalgarte. Con toda la mierda en el suelo, est\u00e1 muy resbaladizo, as\u00ed que cambiamos de posici\u00f3n. Ahora t\u00fa quieres follarme a lo perrito, as\u00ed que me doy la vuelta, me pongo de rodillas, t\u00fa deslizas tu polla dentro de m\u00ed y me llenas por completo, estoy tan excitada por ser follada por una polla llena de mierda. T\u00fa me follas con fuerza y me empujas contra la pared. Quiero que te corras, as\u00ed que t\u00fa te tumbas y yo te masturbo hasta que eyaculas una gran cantidad de semen.<\/span><\/p>","protected":false},"excerpt":{"rendered":"<p>After I had my fun alone, of course I would invite Franky to have some fun too, as he filmed my whole session and I could see that he already had a huge boner and also the precum made a wet spot in his shorts. He walks over to me and first plays with my [&hellip;]<\/p>\n","protected":false},"featured_media":203908,"comment_status":"open","ping_status":"closed","template":"","meta":{"_acf_changed":false,"site-sidebar-layout":"default","site-content-layout":"","ast-site-content-layout":"default","site-content-style":"default","site-sidebar-style":"default","ast-global-header-display":"","ast-banner-title-visibility":"","ast-main-header-display":"","ast-hfb-above-header-display":"","ast-hfb-below-header-display":"","ast-hfb-mobile-header-display":"","site-post-title":"","ast-breadcrumbs-content":"","ast-featured-img":"","footer-sml-layout":"","ast-disable-related-posts":"","theme-transparent-header-meta":"default","adv-header-id-meta":"","stick-header-meta":"","header-above-stick-meta":"","header-main-stick-meta":"","header-below-stick-meta":"","astra-migrate-meta-layouts":"set","ast-page-background-enabled":"default","ast-page-background-meta":{"desktop":{"background-color":"var(--ast-global-color-4)","background-image":"","background-repeat":"repeat","background-position":"center center","background-size":"auto","background-attachment":"scroll","background-type":"","background-media":"","overlay-type":"","overlay-color":"","overlay-opacity":"","overlay-gradient":""},"tablet":{"background-color":"","background-image":"","background-repeat":"repeat","background-position":"center center","background-size":"auto","background-attachment":"scroll","background-type":"","background-media":"","overlay-type":"","overlay-color":"","overlay-opacity":"","overlay-gradient":""},"mobile":{"background-color":"","background-image":"","background-repeat":"repeat","background-position":"center center","background-size":"auto","background-attachment":"scroll","background-type":"","background-media":"","overlay-type":"","overlay-color":"","overlay-opacity":"","overlay-gradient":""}},"ast-content-background-meta":{"desktop":{"background-color":"var(--ast-global-color-5)","background-image":"","background-repeat":"repeat","background-position":"center center","background-size":"auto","background-attachment":"scroll","background-type":"","background-media":"","overlay-type":"","overlay-color":"","overlay-opacity":"","overlay-gradient":""},"tablet":{"background-color":"var(--ast-global-color-5)","background-image":"","background-repeat":"repeat","background-position":"center center","background-size":"auto","background-attachment":"scroll","background-type":"","background-media":"","overlay-type":"","overlay-color":"","overlay-opacity":"","overlay-gradient":""},"mobile":{"background-color":"var(--ast-global-color-5)","background-image":"","background-repeat":"repeat","background-position":"center center","background-size":"auto","background-attachment":"scroll","background-type":"","background-media":"","overlay-type":"","overlay-color":"","overlay-opacity":"","overlay-gradient":""}}},"product_brand":[],"product_cat":[4470],"product_tag":[317,4581,2555,318,4571,4644,66,2551,2558,2869,316,64,3933,3030,2513,4568,3523,2438,2419,3861,4573,4572,4556,2841,2285,2206,65,4569,35,4557,4582,4564,3955,4580,32,4502,2969,4167,4135,4645,4578,4579,4588,2650,4233,3509,2832,2575,3298,4108,4567,2368,4643,3233,4574,4577],"class_list":{"0":"post-203903","1":"product","2":"type-product","3":"status-publish","4":"has-post-thumbnail","6":"product_cat-videos","7":"product_tag-asshole","8":"product_tag-bath-in-shit","9":"product_tag-blowjob","10":"product_tag-boobs","11":"product_tag-camping","12":"product_tag-camping-toilet","13":"product_tag-clothed","14":"product_tag-couple","15":"product_tag-cowgirl","16":"product_tag-cumshot","17":"product_tag-cunt","18":"product_tag-dildo","19":"product_tag-doggystyle","20":"product_tag-download","21":"product_tag-dress","22":"product_tag-feed","23":"product_tag-fingering","24":"product_tag-franky","25":"product_tag-full-hd","26":"product_tag-human-dung","27":"product_tag-human-feces","28":"product_tag-human-scat","29":"product_tag-human-shit","30":"product_tag-lyndra-lynn","31":"product_tag-masturbate","32":"product_tag-masturbation","33":"product_tag-naked","34":"product_tag-nude","35":"product_tag-orgasm","36":"product_tag-outhouse","37":"product_tag-outhouse-scat-play","38":"product_tag-outside","39":"product_tag-overknee-2","40":"product_tag-porta-potty","41":"product_tag-pussy","42":"product_tag-red-hair","43":"product_tag-reverse-cowgirl","44":"product_tag-saved-shit","45":"product_tag-scat","46":"product_tag-scat-couple","47":"product_tag-scat-play","48":"product_tag-scat-smearing","49":"product_tag-season-6","50":"product_tag-sensual","51":"product_tag-shit","52":"product_tag-skirt","53":"product_tag-smearing","54":"product_tag-socks","55":"product_tag-solo","56":"product_tag-toilet","57":"product_tag-tounge","58":"product_tag-ultra-hd","59":"product_tag-van","60":"product_tag-waifu","61":"product_tag-waste","62":"product_tag-women-covered-in-shit","63":"pa_length-19-minutes","64":"pa_product-type-digital-download-full-hd-video","65":"pa_product-type-digital-download-ultra-hd-video","66":"pa_product-type-usb-stick","67":"pa_video-info-full-hd-1920x1080p","68":"pa_video-info-ultra-hd-4k","69":"desktop-align-center","70":"tablet-align-left","71":"mobile-align-left","73":"first","74":"instock","75":"shipping-taxable","76":"purchasable","77":"product-type-variable","78":"has-default-attributes"},"exclude_global_add_ons":[],"addons":[],"acf":[],"yoast_head":"<!-- This site is optimized with the Yoast SEO Premium plugin v27.1 (Yoast SEO v27.1.1) - https:\/\/yoast.com\/product\/yoast-seo-premium-wordpress\/ -->\n<title>Camping Toilet Together - ManureFetish<\/title>\n<meta name=\"description\" content=\"Midnight Orgasm In The Outhouse, my most extreme video where climb in an outhouse and cover myself with human shit then masturbate in it.\" \/>\n<meta name=\"robots\" content=\"index, follow, max-snippet:-1, max-image-preview:large, max-video-preview:-1\" \/>\n<link rel=\"canonical\" href=\"https:\/\/manurefetish.com\/es\/shop\/videos\/camping-toilet-together\/\" \/>\n<meta property=\"og:locale\" content=\"es_ES\" \/>\n<meta property=\"og:type\" content=\"article\" \/>\n<meta property=\"og:title\" content=\"Camping Toilet Together\" \/>\n<meta property=\"og:description\" content=\"Midnight Orgasm In The Outhouse, my most extreme video where climb in an outhouse and cover myself with human shit then masturbate in it.\" \/>\n<meta property=\"og:url\" content=\"https:\/\/manurefetish.com\/es\/shop\/videos\/camping-toilet-together\/\" \/>\n<meta property=\"og:site_name\" content=\"ManureFetish\" \/>\n<meta property=\"article:publisher\" content=\"https:\/\/www.facebook.com\/manurefetish\/\" \/>\n<meta property=\"article:modified_time\" content=\"2026-03-24T14:11:12+00:00\" \/>\n<meta property=\"og:image\" content=\"https:\/\/manurefetish.com\/wp-content\/uploads\/2026\/02\/camping-toilet-together.jpg\" \/>\n\t<meta property=\"og:image:width\" content=\"1728\" \/>\n\t<meta property=\"og:image:height\" content=\"576\" \/>\n\t<meta property=\"og:image:type\" content=\"image\/jpeg\" \/>\n<meta name=\"twitter:card\" content=\"summary_large_image\" \/>\n<meta name=\"twitter:site\" content=\"@Manurefetisch\" \/>\n<script type=\"application\/ld+json\" class=\"yoast-schema-graph\">{\"@context\":\"https:\/\/schema.org\",\"@graph\":[{\"@type\":\"WebPage\",\"@id\":\"https:\/\/manurefetish.com\/shop\/videos\/camping-toilet-together\/\",\"url\":\"https:\/\/manurefetish.com\/shop\/videos\/camping-toilet-together\/\",\"name\":\"Camping Toilet Together - ManureFetish\",\"isPartOf\":{\"@id\":\"https:\/\/manurefetish.com\/#website\"},\"primaryImageOfPage\":{\"@id\":\"https:\/\/manurefetish.com\/shop\/videos\/camping-toilet-together\/#primaryimage\"},\"image\":{\"@id\":\"https:\/\/manurefetish.com\/shop\/videos\/camping-toilet-together\/#primaryimage\"},\"thumbnailUrl\":\"https:\/\/manurefetish.b-cdn.net\/wp-content\/uploads\/2026\/02\/camping-toilet-together.jpg\",\"datePublished\":\"2026-02-27T06:00:25+00:00\",\"dateModified\":\"2026-03-24T14:11:12+00:00\",\"description\":\"Midnight Orgasm In The Outhouse, my most extreme video where climb in an outhouse and cover myself with human shit then masturbate in it.\",\"breadcrumb\":{\"@id\":\"https:\/\/manurefetish.com\/shop\/videos\/camping-toilet-together\/#breadcrumb\"},\"inLanguage\":\"es\",\"potentialAction\":[{\"@type\":\"ReadAction\",\"target\":[\"https:\/\/manurefetish.com\/shop\/videos\/camping-toilet-together\/\"]}]},{\"@type\":\"ImageObject\",\"inLanguage\":\"es\",\"@id\":\"https:\/\/manurefetish.com\/shop\/videos\/camping-toilet-together\/#primaryimage\",\"url\":\"https:\/\/manurefetish.b-cdn.net\/wp-content\/uploads\/2026\/02\/camping-toilet-together.jpg\",\"contentUrl\":\"https:\/\/manurefetish.b-cdn.net\/wp-content\/uploads\/2026\/02\/camping-toilet-together.jpg\",\"width\":1728,\"height\":576},{\"@type\":\"BreadcrumbList\",\"@id\":\"https:\/\/manurefetish.com\/shop\/videos\/camping-toilet-together\/#breadcrumb\",\"itemListElement\":[{\"@type\":\"ListItem\",\"position\":1,\"name\":\"Home\",\"item\":\"https:\/\/manurefetish.com\/\"},{\"@type\":\"ListItem\",\"position\":2,\"name\":\"Shop\",\"item\":\"https:\/\/manurefetish.com\/shop\/\"},{\"@type\":\"ListItem\",\"position\":3,\"name\":\"Videos\",\"item\":\"https:\/\/manurefetish.com\/product-category\/videos\/\"},{\"@type\":\"ListItem\",\"position\":4,\"name\":\"Camping Toilet Together\"}]},{\"@type\":\"WebSite\",\"@id\":\"https:\/\/manurefetish.com\/#website\",\"url\":\"https:\/\/manurefetish.com\/\",\"name\":\"ManureFetish\",\"description\":\"ManureFetish Shop\",\"publisher\":{\"@id\":\"https:\/\/manurefetish.com\/#organization\"},\"potentialAction\":[{\"@type\":\"SearchAction\",\"target\":{\"@type\":\"EntryPoint\",\"urlTemplate\":\"https:\/\/manurefetish.com\/?s={search_term_string}\"},\"query-input\":{\"@type\":\"PropertyValueSpecification\",\"valueRequired\":true,\"valueName\":\"search_term_string\"}}],\"inLanguage\":\"es\"},{\"@type\":\"Organization\",\"@id\":\"https:\/\/manurefetish.com\/#organization\",\"name\":\"ManureFetish.com\",\"url\":\"https:\/\/manurefetish.com\/\",\"logo\":{\"@type\":\"ImageObject\",\"inLanguage\":\"es\",\"@id\":\"https:\/\/manurefetish.com\/#\/schema\/logo\/image\/\",\"url\":\"https:\/\/manurefetish.com\/wp-content\/uploads\/2019\/06\/1000xmanurefetishcom-michaela-logo-website-shop.png\",\"contentUrl\":\"https:\/\/manurefetish.com\/wp-content\/uploads\/2019\/06\/1000xmanurefetishcom-michaela-logo-website-shop.png\",\"width\":1000,\"height\":632,\"caption\":\"ManureFetish.com\"},\"image\":{\"@id\":\"https:\/\/manurefetish.com\/#\/schema\/logo\/image\/\"},\"sameAs\":[\"https:\/\/www.facebook.com\/manurefetish\/\",\"https:\/\/x.com\/Manurefetisch\",\"https:\/\/www.youtube.com\/c\/ManureFetish\"],\"description\":\"We're creating various fetish content with female and male models alike.\",\"foundingDate\":\"2019-07-04\",\"vatID\":\"DE366928521\",\"numberOfEmployees\":{\"@type\":\"QuantitativeValue\",\"minValue\":\"1\",\"maxValue\":\"10\"}}]}<\/script>\n<meta property=\"og:availability\" content=\"instock\" \/>\n<meta property=\"product:availability\" content=\"instock\" \/>\n<meta property=\"product:retailer_item_id\" content=\"MFW-CTT\" \/>\n<meta property=\"product:condition\" content=\"new\" \/>\n<!-- \/ Yoast SEO Premium plugin. -->","yoast_head_json":{"title":"Aseo de camping juntos - ManureFetish","description":"Midnight Orgasm In The Outhouse, my most extreme video where climb in an outhouse and cover myself with human shit then masturbate in it.","robots":{"index":"index","follow":"follow","max-snippet":"max-snippet:-1","max-image-preview":"max-image-preview:large","max-video-preview":"max-video-preview:-1"},"canonical":"https:\/\/manurefetish.com\/es\/shop\/videos\/camping-toilet-together\/","og_locale":"es_ES","og_type":"article","og_title":"Camping Toilet Together","og_description":"Midnight Orgasm In The Outhouse, my most extreme video where climb in an outhouse and cover myself with human shit then masturbate in it.","og_url":"https:\/\/manurefetish.com\/es\/shop\/videos\/camping-toilet-together\/","og_site_name":"ManureFetish","article_publisher":"https:\/\/www.facebook.com\/manurefetish\/","article_modified_time":"2026-03-24T14:11:12+00:00","og_image":[{"width":1728,"height":576,"url":"https:\/\/manurefetish.com\/wp-content\/uploads\/2026\/02\/camping-toilet-together.jpg","type":"image\/jpeg"}],"twitter_card":"summary_large_image","twitter_site":"@Manurefetisch","schema":{"@context":"https:\/\/schema.org","@graph":[{"@type":"WebPage","@id":"https:\/\/manurefetish.com\/shop\/videos\/camping-toilet-together\/","url":"https:\/\/manurefetish.com\/shop\/videos\/camping-toilet-together\/","name":"Aseo de camping juntos - ManureFetish","isPartOf":{"@id":"https:\/\/manurefetish.com\/#website"},"primaryImageOfPage":{"@id":"https:\/\/manurefetish.com\/shop\/videos\/camping-toilet-together\/#primaryimage"},"image":{"@id":"https:\/\/manurefetish.com\/shop\/videos\/camping-toilet-together\/#primaryimage"},"thumbnailUrl":"https:\/\/manurefetish.b-cdn.net\/wp-content\/uploads\/2026\/02\/camping-toilet-together.jpg","datePublished":"2026-02-27T06:00:25+00:00","dateModified":"2026-03-24T14:11:12+00:00","description":"Midnight Orgasm In The Outhouse, my most extreme video where climb in an outhouse and cover myself with human shit then masturbate in it.","breadcrumb":{"@id":"https:\/\/manurefetish.com\/shop\/videos\/camping-toilet-together\/#breadcrumb"},"inLanguage":"es","potentialAction":[{"@type":"ReadAction","target":["https:\/\/manurefetish.com\/shop\/videos\/camping-toilet-together\/"]}]},{"@type":"ImageObject","inLanguage":"es","@id":"https:\/\/manurefetish.com\/shop\/videos\/camping-toilet-together\/#primaryimage","url":"https:\/\/manurefetish.b-cdn.net\/wp-content\/uploads\/2026\/02\/camping-toilet-together.jpg","contentUrl":"https:\/\/manurefetish.b-cdn.net\/wp-content\/uploads\/2026\/02\/camping-toilet-together.jpg","width":1728,"height":576},{"@type":"BreadcrumbList","@id":"https:\/\/manurefetish.com\/shop\/videos\/camping-toilet-together\/#breadcrumb","itemListElement":[{"@type":"ListItem","position":1,"name":"Home","item":"https:\/\/manurefetish.com\/"},{"@type":"ListItem","position":2,"name":"Shop","item":"https:\/\/manurefetish.com\/shop\/"},{"@type":"ListItem","position":3,"name":"Videos","item":"https:\/\/manurefetish.com\/product-category\/videos\/"},{"@type":"ListItem","position":4,"name":"Camping Toilet Together"}]},{"@type":"WebSite","@id":"https:\/\/manurefetish.com\/#website","url":"https:\/\/manurefetish.com\/","name":"ManureFetish","description":"ManureFetish","publisher":{"@id":"https:\/\/manurefetish.com\/#organization"},"potentialAction":[{"@type":"SearchAction","target":{"@type":"EntryPoint","urlTemplate":"https:\/\/manurefetish.com\/?s={search_term_string}"},"query-input":{"@type":"PropertyValueSpecification","valueRequired":true,"valueName":"search_term_string"}}],"inLanguage":"es"},{"@type":"Organization","@id":"https:\/\/manurefetish.com\/#organization","name":"ManureFetish.com","url":"https:\/\/manurefetish.com\/","logo":{"@type":"ImageObject","inLanguage":"es","@id":"https:\/\/manurefetish.com\/#\/schema\/logo\/image\/","url":"https:\/\/manurefetish.com\/wp-content\/uploads\/2019\/06\/1000xmanurefetishcom-michaela-logo-website-shop.png","contentUrl":"https:\/\/manurefetish.com\/wp-content\/uploads\/2019\/06\/1000xmanurefetishcom-michaela-logo-website-shop.png","width":1000,"height":632,"caption":"ManureFetish.com"},"image":{"@id":"https:\/\/manurefetish.com\/#\/schema\/logo\/image\/"},"sameAs":["https:\/\/www.facebook.com\/manurefetish\/","https:\/\/x.com\/Manurefetisch","https:\/\/www.youtube.com\/c\/ManureFetish"],"description":"Estamos creando diversos contenidos fetichistas con modelos femeninos y masculinos por igual.","foundingDate":"2019-07-04","vatID":"DE366928521","numberOfEmployees":{"@type":"QuantitativeValue","minValue":"1","maxValue":"10"}}]},"og_availability":"instock","product_availability":"instock","product_retailer_item_id":"MFW-CTT","product_condition":"new"},"_links":{"self":[{"href":"https:\/\/manurefetish.com\/es\/wp-json\/wp\/v2\/product\/203903","targetHints":{"allow":["GET"]}}],"collection":[{"href":"https:\/\/manurefetish.com\/es\/wp-json\/wp\/v2\/product"}],"about":[{"href":"https:\/\/manurefetish.com\/es\/wp-json\/wp\/v2\/types\/product"}],"replies":[{"embeddable":true,"href":"https:\/\/manurefetish.com\/es\/wp-json\/wp\/v2\/comments?post=203903"}],"version-history":[{"count":0,"href":"https:\/\/manurefetish.com\/es\/wp-json\/wp\/v2\/product\/203903\/revisions"}],"wp:featuredmedia":[{"embeddable":true,"href":"https:\/\/manurefetish.com\/es\/wp-json\/wp\/v2\/media\/203908"}],"wp:attachment":[{"href":"https:\/\/manurefetish.com\/es\/wp-json\/wp\/v2\/media?parent=203903"}],"wp:term":[{"taxonomy":"product_brand","embeddable":true,"href":"https:\/\/manurefetish.com\/es\/wp-json\/wp\/v2\/product_brand?post=203903"},{"taxonomy":"product_cat","embeddable":true,"href":"https:\/\/manurefetish.com\/es\/wp-json\/wp\/v2\/product_cat?post=203903"},{"taxonomy":"product_tag","embeddable":true,"href":"https:\/\/manurefetish.com\/es\/wp-json\/wp\/v2\/product_tag?post=203903"}],"curies":[{"name":"wp","href":"https:\/\/api.w.org\/{rel}","templated":true}]}}