{"id":203897,"date":"2026-02-27T07:30:06","date_gmt":"2026-02-27T06:30:06","guid":{"rendered":"https:\/\/manurefetish.com\/?post_type=product&#038;p=203897"},"modified":"2026-04-01T08:06:09","modified_gmt":"2026-04-01T06:06:09","slug":"my-overflowing-camping-toilet","status":"publish","type":"product","link":"https:\/\/manurefetish.com\/es\/shop\/videos\/my-overflowing-camping-toilet\/","title":{"rendered":"Tu inodoro de camping desbordado"},"content":{"rendered":"<p><span style=\"font-weight: 400;\">Durante todo el final del verano he tenido un inodoro de camping en nuestra furgoneta y lo he usado cada vez que ten\u00eda que hacer caca. Ahora, despu\u00e9s de varios meses acumul\u00e1ndolo, por fin ha llegado el momento de divertirme un poco. Algo hizo clic en m\u00ed cuando grab\u00e9 mi letrina . Una sola cagada no es suficiente para m\u00ed, quiero poder cubrir todo mi cuerpo de mierda. Al principio te muestro el inodoro y lo lleno que est\u00e1, ya huele muy fuerte en la furgoneta. Me siento en el borde y la mierda ya empuja contra mis bragas, me levanto, me doy la vuelta y me siento de nuevo para frotar mi culo en el inodoro. Ahora meto las manos en el cremoso desastre, lo unto por todo el asiento, cojo un poco m\u00e1s y empiezo a cubrirme las tetas, lo unto lentamente por todo mi cuerpo. Estoy tan excitada por el olor extremo que no puedo esperar para masturbarme, pero antes de eso me cubro el culo con la mierda cremosa. Ahora es el momento, no puedo esperar m\u00e1s, me bajo las bragas, agarro mi consolador y empiezo a chuparlo mientras me froto el co\u00f1o. Bajo la tapa, pongo el consolador encima del inodoro y empiezo a montarlo. Pruebo muchas posiciones diferentes, foll\u00e1ndome el co\u00f1o y revolc\u00e1ndome en toda mi mierda.\u00a0<\/span><\/p>","protected":false},"excerpt":{"rendered":"<p>Throughout the end of summer I\u2019ve had a camping toilet in our van and used it every time I had to go poop. Now after some months of collecting it\u2019s finally time for me to have some fun. Something clicked in me when I did my outhouse video. A single shit isn\u2019t enough for me, [&hellip;]<\/p>\n","protected":false},"featured_media":203902,"comment_status":"open","ping_status":"closed","template":"","meta":{"_acf_changed":false,"site-sidebar-layout":"default","site-content-layout":"","ast-site-content-layout":"default","site-content-style":"default","site-sidebar-style":"default","ast-global-header-display":"","ast-banner-title-visibility":"","ast-main-header-display":"","ast-hfb-above-header-display":"","ast-hfb-below-header-display":"","ast-hfb-mobile-header-display":"","site-post-title":"","ast-breadcrumbs-content":"","ast-featured-img":"","footer-sml-layout":"","ast-disable-related-posts":"","theme-transparent-header-meta":"default","adv-header-id-meta":"","stick-header-meta":"","header-above-stick-meta":"","header-main-stick-meta":"","header-below-stick-meta":"","astra-migrate-meta-layouts":"set","ast-page-background-enabled":"default","ast-page-background-meta":{"desktop":{"background-color":"var(--ast-global-color-4)","background-image":"","background-repeat":"repeat","background-position":"center center","background-size":"auto","background-attachment":"scroll","background-type":"","background-media":"","overlay-type":"","overlay-color":"","overlay-opacity":"","overlay-gradient":""},"tablet":{"background-color":"","background-image":"","background-repeat":"repeat","background-position":"center center","background-size":"auto","background-attachment":"scroll","background-type":"","background-media":"","overlay-type":"","overlay-color":"","overlay-opacity":"","overlay-gradient":""},"mobile":{"background-color":"","background-image":"","background-repeat":"repeat","background-position":"center center","background-size":"auto","background-attachment":"scroll","background-type":"","background-media":"","overlay-type":"","overlay-color":"","overlay-opacity":"","overlay-gradient":""}},"ast-content-background-meta":{"desktop":{"background-color":"var(--ast-global-color-5)","background-image":"","background-repeat":"repeat","background-position":"center center","background-size":"auto","background-attachment":"scroll","background-type":"","background-media":"","overlay-type":"","overlay-color":"","overlay-opacity":"","overlay-gradient":""},"tablet":{"background-color":"var(--ast-global-color-5)","background-image":"","background-repeat":"repeat","background-position":"center center","background-size":"auto","background-attachment":"scroll","background-type":"","background-media":"","overlay-type":"","overlay-color":"","overlay-opacity":"","overlay-gradient":""},"mobile":{"background-color":"var(--ast-global-color-5)","background-image":"","background-repeat":"repeat","background-position":"center center","background-size":"auto","background-attachment":"scroll","background-type":"","background-media":"","overlay-type":"","overlay-color":"","overlay-opacity":"","overlay-gradient":""}}},"product_brand":[],"product_cat":[4470],"product_tag":[317,4581,318,4571,4644,66,316,64,3030,320,3523,2419,3861,4573,4572,4556,2841,2285,2206,65,4569,35,4557,4582,4564,3955,2971,2482,3539,4580,32,4502,4167,4135,4578,4579,4588,2650,4233,3509,2832,2575,3298,4108,4567,2368,4643,3233,4574,4577],"class_list":{"0":"post-203897","1":"product","2":"type-product","3":"status-publish","4":"has-post-thumbnail","6":"product_cat-videos","7":"product_tag-asshole","8":"product_tag-bath-in-shit","9":"product_tag-boobs","10":"product_tag-camping","11":"product_tag-camping-toilet","12":"product_tag-clothed","13":"product_tag-cunt","14":"product_tag-dildo","15":"product_tag-download","16":"product_tag-feet","17":"product_tag-fingering","18":"product_tag-full-hd","19":"product_tag-human-dung","20":"product_tag-human-feces","21":"product_tag-human-scat","22":"product_tag-human-shit","23":"product_tag-lyndra-lynn","24":"product_tag-masturbate","25":"product_tag-masturbation","26":"product_tag-naked","27":"product_tag-nude","28":"product_tag-orgasm","29":"product_tag-outhouse","30":"product_tag-outhouse-scat-play","31":"product_tag-outside","32":"product_tag-overknee-2","33":"product_tag-pee","34":"product_tag-peeing","35":"product_tag-piss","36":"product_tag-porta-potty","37":"product_tag-pussy","38":"product_tag-red-hair","39":"product_tag-saved-shit","40":"product_tag-scat","41":"product_tag-scat-play","42":"product_tag-scat-smearing","43":"product_tag-season-6","44":"product_tag-sensual","45":"product_tag-shit","46":"product_tag-skirt","47":"product_tag-smearing","48":"product_tag-socks","49":"product_tag-solo","50":"product_tag-toilet","51":"product_tag-tounge","52":"product_tag-ultra-hd","53":"product_tag-van","54":"product_tag-waifu","55":"product_tag-waste","56":"product_tag-women-covered-in-shit","57":"pa_length-51-minutes","58":"pa_product-type-digital-download-full-hd-video","59":"pa_product-type-digital-download-ultra-hd-video","60":"pa_product-type-usb-stick","61":"pa_video-info-full-hd-1920x1080p","62":"pa_video-info-ultra-hd-4k","63":"desktop-align-center","64":"tablet-align-left","65":"mobile-align-left","67":"first","68":"instock","69":"shipping-taxable","70":"purchasable","71":"product-type-variable","72":"has-default-attributes"},"exclude_global_add_ons":[],"addons":[],"acf":[],"yoast_head":"<!-- This site is optimized with the Yoast SEO Premium plugin v27.1 (Yoast SEO v27.1.1) - https:\/\/yoast.com\/product\/yoast-seo-premium-wordpress\/ -->\n<title>My Overflowing Camping Toilet - ManureFetish<\/title>\n<meta name=\"description\" content=\"Midnight Orgasm In The Outhouse, my most extreme video where climb in an outhouse and cover myself with human shit then masturbate in it.\" \/>\n<meta name=\"robots\" content=\"index, follow, max-snippet:-1, max-image-preview:large, max-video-preview:-1\" \/>\n<link rel=\"canonical\" href=\"https:\/\/manurefetish.com\/es\/shop\/videos\/my-overflowing-camping-toilet\/\" \/>\n<meta property=\"og:locale\" content=\"es_ES\" \/>\n<meta property=\"og:type\" content=\"article\" \/>\n<meta property=\"og:title\" content=\"My Overflowing Camping Toilet\" \/>\n<meta property=\"og:description\" content=\"Midnight Orgasm In The Outhouse, my most extreme video where climb in an outhouse and cover myself with human shit then masturbate in it.\" \/>\n<meta property=\"og:url\" content=\"https:\/\/manurefetish.com\/es\/shop\/videos\/my-overflowing-camping-toilet\/\" \/>\n<meta property=\"og:site_name\" content=\"ManureFetish\" \/>\n<meta property=\"article:publisher\" content=\"https:\/\/www.facebook.com\/manurefetish\/\" \/>\n<meta property=\"article:modified_time\" content=\"2026-04-01T06:06:09+00:00\" \/>\n<meta property=\"og:image\" content=\"https:\/\/manurefetish.com\/wp-content\/uploads\/2026\/02\/my-overflowing-camping-toilet.jpg\" \/>\n\t<meta property=\"og:image:width\" content=\"1728\" \/>\n\t<meta property=\"og:image:height\" content=\"576\" \/>\n\t<meta property=\"og:image:type\" content=\"image\/jpeg\" \/>\n<meta name=\"twitter:card\" content=\"summary_large_image\" \/>\n<meta name=\"twitter:site\" content=\"@Manurefetisch\" \/>\n<script type=\"application\/ld+json\" class=\"yoast-schema-graph\">{\"@context\":\"https:\/\/schema.org\",\"@graph\":[{\"@type\":\"WebPage\",\"@id\":\"https:\/\/manurefetish.com\/shop\/videos\/my-overflowing-camping-toilet\/\",\"url\":\"https:\/\/manurefetish.com\/shop\/videos\/my-overflowing-camping-toilet\/\",\"name\":\"My Overflowing Camping Toilet - ManureFetish\",\"isPartOf\":{\"@id\":\"https:\/\/manurefetish.com\/#website\"},\"primaryImageOfPage\":{\"@id\":\"https:\/\/manurefetish.com\/shop\/videos\/my-overflowing-camping-toilet\/#primaryimage\"},\"image\":{\"@id\":\"https:\/\/manurefetish.com\/shop\/videos\/my-overflowing-camping-toilet\/#primaryimage\"},\"thumbnailUrl\":\"https:\/\/manurefetish.b-cdn.net\/wp-content\/uploads\/2026\/02\/my-overflowing-camping-toilet.jpg\",\"datePublished\":\"2026-02-27T06:30:06+00:00\",\"dateModified\":\"2026-04-01T06:06:09+00:00\",\"description\":\"Midnight Orgasm In The Outhouse, my most extreme video where climb in an outhouse and cover myself with human shit then masturbate in it.\",\"breadcrumb\":{\"@id\":\"https:\/\/manurefetish.com\/shop\/videos\/my-overflowing-camping-toilet\/#breadcrumb\"},\"inLanguage\":\"es\",\"potentialAction\":[{\"@type\":\"ReadAction\",\"target\":[\"https:\/\/manurefetish.com\/shop\/videos\/my-overflowing-camping-toilet\/\"]}]},{\"@type\":\"ImageObject\",\"inLanguage\":\"es\",\"@id\":\"https:\/\/manurefetish.com\/shop\/videos\/my-overflowing-camping-toilet\/#primaryimage\",\"url\":\"https:\/\/manurefetish.b-cdn.net\/wp-content\/uploads\/2026\/02\/my-overflowing-camping-toilet.jpg\",\"contentUrl\":\"https:\/\/manurefetish.b-cdn.net\/wp-content\/uploads\/2026\/02\/my-overflowing-camping-toilet.jpg\",\"width\":1728,\"height\":576},{\"@type\":\"BreadcrumbList\",\"@id\":\"https:\/\/manurefetish.com\/shop\/videos\/my-overflowing-camping-toilet\/#breadcrumb\",\"itemListElement\":[{\"@type\":\"ListItem\",\"position\":1,\"name\":\"Home\",\"item\":\"https:\/\/manurefetish.com\/\"},{\"@type\":\"ListItem\",\"position\":2,\"name\":\"Shop\",\"item\":\"https:\/\/manurefetish.com\/shop\/\"},{\"@type\":\"ListItem\",\"position\":3,\"name\":\"Videos\",\"item\":\"https:\/\/manurefetish.com\/product-category\/videos\/\"},{\"@type\":\"ListItem\",\"position\":4,\"name\":\"My Overflowing Camping Toilet\"}]},{\"@type\":\"WebSite\",\"@id\":\"https:\/\/manurefetish.com\/#website\",\"url\":\"https:\/\/manurefetish.com\/\",\"name\":\"ManureFetish\",\"description\":\"ManureFetish Shop\",\"publisher\":{\"@id\":\"https:\/\/manurefetish.com\/#organization\"},\"potentialAction\":[{\"@type\":\"SearchAction\",\"target\":{\"@type\":\"EntryPoint\",\"urlTemplate\":\"https:\/\/manurefetish.com\/?s={search_term_string}\"},\"query-input\":{\"@type\":\"PropertyValueSpecification\",\"valueRequired\":true,\"valueName\":\"search_term_string\"}}],\"inLanguage\":\"es\"},{\"@type\":\"Organization\",\"@id\":\"https:\/\/manurefetish.com\/#organization\",\"name\":\"ManureFetish.com\",\"url\":\"https:\/\/manurefetish.com\/\",\"logo\":{\"@type\":\"ImageObject\",\"inLanguage\":\"es\",\"@id\":\"https:\/\/manurefetish.com\/#\/schema\/logo\/image\/\",\"url\":\"https:\/\/manurefetish.com\/wp-content\/uploads\/2019\/06\/1000xmanurefetishcom-michaela-logo-website-shop.png\",\"contentUrl\":\"https:\/\/manurefetish.com\/wp-content\/uploads\/2019\/06\/1000xmanurefetishcom-michaela-logo-website-shop.png\",\"width\":1000,\"height\":632,\"caption\":\"ManureFetish.com\"},\"image\":{\"@id\":\"https:\/\/manurefetish.com\/#\/schema\/logo\/image\/\"},\"sameAs\":[\"https:\/\/www.facebook.com\/manurefetish\/\",\"https:\/\/x.com\/Manurefetisch\",\"https:\/\/www.youtube.com\/c\/ManureFetish\"],\"description\":\"We're creating various fetish content with female and male models alike.\",\"foundingDate\":\"2019-07-04\",\"vatID\":\"DE366928521\",\"numberOfEmployees\":{\"@type\":\"QuantitativeValue\",\"minValue\":\"1\",\"maxValue\":\"10\"}}]}<\/script>\n<meta property=\"og:availability\" content=\"instock\" \/>\n<meta property=\"product:availability\" content=\"instock\" \/>\n<meta property=\"product:retailer_item_id\" content=\"MFW-MOCT\" \/>\n<meta property=\"product:condition\" content=\"new\" \/>\n<!-- \/ Yoast SEO Premium plugin. -->","yoast_head_json":{"title":"Tu inodoro de camping desbordado - ManureFetish","description":"Midnight Orgasm In The Outhouse, my most extreme video where climb in an outhouse and cover myself with human shit then masturbate in it.","robots":{"index":"index","follow":"follow","max-snippet":"max-snippet:-1","max-image-preview":"max-image-preview:large","max-video-preview":"max-video-preview:-1"},"canonical":"https:\/\/manurefetish.com\/es\/shop\/videos\/my-overflowing-camping-toilet\/","og_locale":"es_ES","og_type":"article","og_title":"My Overflowing Camping Toilet","og_description":"Midnight Orgasm In The Outhouse, my most extreme video where climb in an outhouse and cover myself with human shit then masturbate in it.","og_url":"https:\/\/manurefetish.com\/es\/shop\/videos\/my-overflowing-camping-toilet\/","og_site_name":"ManureFetish","article_publisher":"https:\/\/www.facebook.com\/manurefetish\/","article_modified_time":"2026-04-01T06:06:09+00:00","og_image":[{"width":1728,"height":576,"url":"https:\/\/manurefetish.com\/wp-content\/uploads\/2026\/02\/my-overflowing-camping-toilet.jpg","type":"image\/jpeg"}],"twitter_card":"summary_large_image","twitter_site":"@Manurefetisch","schema":{"@context":"https:\/\/schema.org","@graph":[{"@type":"WebPage","@id":"https:\/\/manurefetish.com\/shop\/videos\/my-overflowing-camping-toilet\/","url":"https:\/\/manurefetish.com\/shop\/videos\/my-overflowing-camping-toilet\/","name":"Tu inodoro de camping desbordado - ManureFetish","isPartOf":{"@id":"https:\/\/manurefetish.com\/#website"},"primaryImageOfPage":{"@id":"https:\/\/manurefetish.com\/shop\/videos\/my-overflowing-camping-toilet\/#primaryimage"},"image":{"@id":"https:\/\/manurefetish.com\/shop\/videos\/my-overflowing-camping-toilet\/#primaryimage"},"thumbnailUrl":"https:\/\/manurefetish.b-cdn.net\/wp-content\/uploads\/2026\/02\/my-overflowing-camping-toilet.jpg","datePublished":"2026-02-27T06:30:06+00:00","dateModified":"2026-04-01T06:06:09+00:00","description":"Midnight Orgasm In The Outhouse, my most extreme video where climb in an outhouse and cover myself with human shit then masturbate in it.","breadcrumb":{"@id":"https:\/\/manurefetish.com\/shop\/videos\/my-overflowing-camping-toilet\/#breadcrumb"},"inLanguage":"es","potentialAction":[{"@type":"ReadAction","target":["https:\/\/manurefetish.com\/shop\/videos\/my-overflowing-camping-toilet\/"]}]},{"@type":"ImageObject","inLanguage":"es","@id":"https:\/\/manurefetish.com\/shop\/videos\/my-overflowing-camping-toilet\/#primaryimage","url":"https:\/\/manurefetish.b-cdn.net\/wp-content\/uploads\/2026\/02\/my-overflowing-camping-toilet.jpg","contentUrl":"https:\/\/manurefetish.b-cdn.net\/wp-content\/uploads\/2026\/02\/my-overflowing-camping-toilet.jpg","width":1728,"height":576},{"@type":"BreadcrumbList","@id":"https:\/\/manurefetish.com\/shop\/videos\/my-overflowing-camping-toilet\/#breadcrumb","itemListElement":[{"@type":"ListItem","position":1,"name":"Home","item":"https:\/\/manurefetish.com\/"},{"@type":"ListItem","position":2,"name":"Shop","item":"https:\/\/manurefetish.com\/shop\/"},{"@type":"ListItem","position":3,"name":"Videos","item":"https:\/\/manurefetish.com\/product-category\/videos\/"},{"@type":"ListItem","position":4,"name":"My Overflowing Camping Toilet"}]},{"@type":"WebSite","@id":"https:\/\/manurefetish.com\/#website","url":"https:\/\/manurefetish.com\/","name":"ManureFetish","description":"ManureFetish","publisher":{"@id":"https:\/\/manurefetish.com\/#organization"},"potentialAction":[{"@type":"SearchAction","target":{"@type":"EntryPoint","urlTemplate":"https:\/\/manurefetish.com\/?s={search_term_string}"},"query-input":{"@type":"PropertyValueSpecification","valueRequired":true,"valueName":"search_term_string"}}],"inLanguage":"es"},{"@type":"Organization","@id":"https:\/\/manurefetish.com\/#organization","name":"ManureFetish.com","url":"https:\/\/manurefetish.com\/","logo":{"@type":"ImageObject","inLanguage":"es","@id":"https:\/\/manurefetish.com\/#\/schema\/logo\/image\/","url":"https:\/\/manurefetish.com\/wp-content\/uploads\/2019\/06\/1000xmanurefetishcom-michaela-logo-website-shop.png","contentUrl":"https:\/\/manurefetish.com\/wp-content\/uploads\/2019\/06\/1000xmanurefetishcom-michaela-logo-website-shop.png","width":1000,"height":632,"caption":"ManureFetish.com"},"image":{"@id":"https:\/\/manurefetish.com\/#\/schema\/logo\/image\/"},"sameAs":["https:\/\/www.facebook.com\/manurefetish\/","https:\/\/x.com\/Manurefetisch","https:\/\/www.youtube.com\/c\/ManureFetish"],"description":"Estamos creando diversos contenidos fetichistas con modelos femeninos y masculinos por igual.","foundingDate":"2019-07-04","vatID":"DE366928521","numberOfEmployees":{"@type":"QuantitativeValue","minValue":"1","maxValue":"10"}}]},"og_availability":"instock","product_availability":"instock","product_retailer_item_id":"MFW-MOCT","product_condition":"new"},"_links":{"self":[{"href":"https:\/\/manurefetish.com\/es\/wp-json\/wp\/v2\/product\/203897","targetHints":{"allow":["GET"]}}],"collection":[{"href":"https:\/\/manurefetish.com\/es\/wp-json\/wp\/v2\/product"}],"about":[{"href":"https:\/\/manurefetish.com\/es\/wp-json\/wp\/v2\/types\/product"}],"replies":[{"embeddable":true,"href":"https:\/\/manurefetish.com\/es\/wp-json\/wp\/v2\/comments?post=203897"}],"version-history":[{"count":0,"href":"https:\/\/manurefetish.com\/es\/wp-json\/wp\/v2\/product\/203897\/revisions"}],"wp:featuredmedia":[{"embeddable":true,"href":"https:\/\/manurefetish.com\/es\/wp-json\/wp\/v2\/media\/203902"}],"wp:attachment":[{"href":"https:\/\/manurefetish.com\/es\/wp-json\/wp\/v2\/media?parent=203897"}],"wp:term":[{"taxonomy":"product_brand","embeddable":true,"href":"https:\/\/manurefetish.com\/es\/wp-json\/wp\/v2\/product_brand?post=203897"},{"taxonomy":"product_cat","embeddable":true,"href":"https:\/\/manurefetish.com\/es\/wp-json\/wp\/v2\/product_cat?post=203897"},{"taxonomy":"product_tag","embeddable":true,"href":"https:\/\/manurefetish.com\/es\/wp-json\/wp\/v2\/product_tag?post=203897"}],"curies":[{"name":"wp","href":"https:\/\/api.w.org\/{rel}","templated":true}]}}