{"id":188831,"date":"2026-02-14T01:00:56","date_gmt":"2026-02-14T00:00:56","guid":{"rendered":"https:\/\/manurefetish.com\/?post_type=product&#038;p=188831"},"modified":"2026-04-01T08:06:09","modified_gmt":"2026-04-01T06:06:09","slug":"manure-sports-cowshit-yoga","status":"publish","type":"product","link":"https:\/\/manurefetish.com\/es\/shop\/videos\/manure-sports-cowshit-yoga\/","title":{"rendered":"Manure Deportes Cowshit Yoga"},"content":{"rendered":"<p><span style=\"font-weight: 400;\">En este c\u00e1lido d\u00eda de verano, Brooke Maddison invit\u00f3 a Lyndra Lynn a hacer una sesi\u00f3n de yoga en el establo. Ambas preparan sus esterillas de yoga y comienzan con sus primeros ejercicios. A medida que contin\u00faan con su entrenamiento, tumbadas boca abajo, se deslizan lentamente hacia el canal de esti\u00e9rcol. Ahora puede comenzar la verdadera diversi\u00f3n, ya que se sumergen lentamente en la cremosa mierda de vaca. Cuando est\u00e1n a mitad de camino, salen y sacan sus juguetes para chuparlos primero. Ambas comienzan a cubrirse mutuamente con esti\u00e9rcol antes de desnudarse por completo. Comienzan a masturbarse mientras chupan el consolador y untan esti\u00e9rcol por todo su cuerpo. Les encanta su nueva sesi\u00f3n de entrenamiento en el establo. Mientras contin\u00faan foll\u00e1ndose mutuamente en el esti\u00e9rcol.<\/span><\/p>","protected":false},"excerpt":{"rendered":"<p>On this warm summer day Brooke Maddison invited Lyndra Lynn over to do a yoga session in the cowshed. They both prepare their yoga mat and start out with their first exercises. As their workout continues while they lie both on their stomach they slowly slide back towards the manure channel. Now the real fun [&hellip;]<\/p>\n","protected":false},"featured_media":203106,"comment_status":"open","ping_status":"closed","template":"","meta":{"_acf_changed":false,"site-sidebar-layout":"default","site-content-layout":"","ast-site-content-layout":"default","site-content-style":"default","site-sidebar-style":"default","ast-global-header-display":"","ast-banner-title-visibility":"","ast-main-header-display":"","ast-hfb-above-header-display":"","ast-hfb-below-header-display":"","ast-hfb-mobile-header-display":"","site-post-title":"","ast-breadcrumbs-content":"","ast-featured-img":"","footer-sml-layout":"","ast-disable-related-posts":"","theme-transparent-header-meta":"default","adv-header-id-meta":"","stick-header-meta":"","header-above-stick-meta":"","header-main-stick-meta":"","header-below-stick-meta":"","astra-migrate-meta-layouts":"set","ast-page-background-enabled":"default","ast-page-background-meta":{"desktop":{"background-color":"var(--ast-global-color-4)","background-image":"","background-repeat":"repeat","background-position":"center center","background-size":"auto","background-attachment":"scroll","background-type":"","background-media":"","overlay-type":"","overlay-color":"","overlay-opacity":"","overlay-gradient":""},"tablet":{"background-color":"","background-image":"","background-repeat":"repeat","background-position":"center center","background-size":"auto","background-attachment":"scroll","background-type":"","background-media":"","overlay-type":"","overlay-color":"","overlay-opacity":"","overlay-gradient":""},"mobile":{"background-color":"","background-image":"","background-repeat":"repeat","background-position":"center center","background-size":"auto","background-attachment":"scroll","background-type":"","background-media":"","overlay-type":"","overlay-color":"","overlay-opacity":"","overlay-gradient":""}},"ast-content-background-meta":{"desktop":{"background-color":"var(--ast-global-color-5)","background-image":"","background-repeat":"repeat","background-position":"center center","background-size":"auto","background-attachment":"scroll","background-type":"","background-media":"","overlay-type":"","overlay-color":"","overlay-opacity":"","overlay-gradient":""},"tablet":{"background-color":"var(--ast-global-color-5)","background-image":"","background-repeat":"repeat","background-position":"center center","background-size":"auto","background-attachment":"scroll","background-type":"","background-media":"","overlay-type":"","overlay-color":"","overlay-opacity":"","overlay-gradient":""},"mobile":{"background-color":"var(--ast-global-color-5)","background-image":"","background-repeat":"repeat","background-position":"center center","background-size":"auto","background-attachment":"scroll","background-type":"","background-media":"","overlay-type":"","overlay-color":"","overlay-opacity":"","overlay-gradient":""}}},"product_brand":[],"product_cat":[4470],"product_tag":[17,4244,4548,4196,317,4642,2555,318,2632,3952,66,2508,2631,2281,4547,2621,4497,118,316,64,3030,56,2624,320,54,2419,4483,4528,3458,2707,2841,18,52,3918,65,35,2637,32,4135,4588,4482,3778,3562,2832,2590,3490,29,319,2368,2676,4100,3488],"class_list":{"0":"post-188831","1":"product","2":"type-product","3":"status-publish","4":"has-post-thumbnail","6":"product_cat-videos","7":"product_tag-anal","8":"product_tag-anal-hook","9":"product_tag-anal-in-cowshit","10":"product_tag-animal-scat","11":"product_tag-asshole","12":"product_tag-assplay","13":"product_tag-blowjob","14":"product_tag-boobs","15":"product_tag-bra","16":"product_tag-brooke-maddison","17":"product_tag-clothed","18":"product_tag-clothes","19":"product_tag-completely-covered","20":"product_tag-completely-submerged","21":"product_tag-couple-in-cowshit","22":"product_tag-cow-dung","23":"product_tag-cows","24":"product_tag-cowshed","25":"product_tag-cunt","26":"product_tag-dildo","27":"product_tag-download","28":"product_tag-erotic","29":"product_tag-farm","30":"product_tag-feet","31":"product_tag-full-covered","32":"product_tag-full-hd","33":"product_tag-girl-in-cowshit","34":"product_tag-girls-in-cowshit","35":"product_tag-leggings","36":"product_tag-lesbian","37":"product_tag-lyndra-lynn","38":"product_tag-manure","39":"product_tag-manure-channel","40":"product_tag-manure-sports","41":"product_tag-naked","42":"product_tag-orgasm","43":"product_tag-panty","44":"product_tag-pussy","45":"product_tag-scat","46":"product_tag-season-6","47":"product_tag-sex-in-cowshit","48":"product_tag-sextoys-2","49":"product_tag-sexy","50":"product_tag-smearing","51":"product_tag-sneaker","52":"product_tag-sport-shorts","53":"product_tag-submerging","54":"product_tag-tits","55":"product_tag-ultra-hd","56":"product_tag-underwear","57":"product_tag-yoga","58":"product_tag-yoga-pants","59":"pa_length-47-minutes","60":"pa_product-type-digital-download-full-hd-video","61":"pa_product-type-digital-download-ultra-hd-video","62":"pa_product-type-usb-stick","63":"pa_video-info-full-hd-1920x1080p","64":"pa_video-info-ultra-hd-4k","65":"desktop-align-center","66":"tablet-align-left","67":"mobile-align-left","69":"first","70":"instock","71":"shipping-taxable","72":"purchasable","73":"product-type-variable","74":"has-default-attributes"},"exclude_global_add_ons":[],"addons":[],"acf":[],"yoast_head":"<!-- This site is optimized with the Yoast SEO Premium plugin v27.1 (Yoast SEO v27.1.1) - https:\/\/yoast.com\/product\/yoast-seo-premium-wordpress\/ -->\n<title>Manure Sports Cowshit Yoga - ManureFetish -<\/title>\n<meta name=\"description\" content=\"Brooke Maddison And Her Anal Manure Master, her first time getting fucked in the cowshed in lots of creamy cowshit.\" \/>\n<meta name=\"robots\" content=\"index, follow, max-snippet:-1, max-image-preview:large, max-video-preview:-1\" \/>\n<link rel=\"canonical\" href=\"https:\/\/manurefetish.com\/es\/shop\/videos\/manure-sports-cowshit-yoga\/\" \/>\n<meta property=\"og:locale\" content=\"es_ES\" \/>\n<meta property=\"og:type\" content=\"article\" \/>\n<meta property=\"og:title\" content=\"Manure Sports Cowshit Yoga\" \/>\n<meta property=\"og:description\" content=\"Brooke Maddison And Her Anal Manure Master, her first time getting fucked in the cowshed in lots of creamy cowshit.\" \/>\n<meta property=\"og:url\" content=\"https:\/\/manurefetish.com\/es\/shop\/videos\/manure-sports-cowshit-yoga\/\" \/>\n<meta property=\"og:site_name\" content=\"ManureFetish\" \/>\n<meta property=\"article:publisher\" content=\"https:\/\/www.facebook.com\/manurefetish\/\" \/>\n<meta property=\"article:modified_time\" content=\"2026-04-01T06:06:09+00:00\" \/>\n<meta property=\"og:image\" content=\"https:\/\/manurefetish.com\/wp-content\/uploads\/2026\/02\/manure-sports-cowshit-yoga-brooke-maddison-lyndra-lynn.jpg\" \/>\n\t<meta property=\"og:image:width\" content=\"1728\" \/>\n\t<meta property=\"og:image:height\" content=\"576\" \/>\n\t<meta property=\"og:image:type\" content=\"image\/jpeg\" \/>\n<meta name=\"twitter:card\" content=\"summary_large_image\" \/>\n<meta name=\"twitter:site\" content=\"@Manurefetisch\" \/>\n<script type=\"application\/ld+json\" class=\"yoast-schema-graph\">{\"@context\":\"https:\/\/schema.org\",\"@graph\":[{\"@type\":\"WebPage\",\"@id\":\"https:\/\/manurefetish.com\/shop\/videos\/manure-sports-cowshit-yoga\/\",\"url\":\"https:\/\/manurefetish.com\/shop\/videos\/manure-sports-cowshit-yoga\/\",\"name\":\"Manure Sports Cowshit Yoga - ManureFetish -\",\"isPartOf\":{\"@id\":\"https:\/\/manurefetish.com\/#website\"},\"primaryImageOfPage\":{\"@id\":\"https:\/\/manurefetish.com\/shop\/videos\/manure-sports-cowshit-yoga\/#primaryimage\"},\"image\":{\"@id\":\"https:\/\/manurefetish.com\/shop\/videos\/manure-sports-cowshit-yoga\/#primaryimage\"},\"thumbnailUrl\":\"https:\/\/manurefetish.b-cdn.net\/wp-content\/uploads\/2026\/02\/manure-sports-cowshit-yoga-brooke-maddison-lyndra-lynn.jpg\",\"datePublished\":\"2026-02-14T00:00:56+00:00\",\"dateModified\":\"2026-04-01T06:06:09+00:00\",\"description\":\"Brooke Maddison And Her Anal Manure Master, her first time getting fucked in the cowshed in lots of creamy cowshit.\",\"breadcrumb\":{\"@id\":\"https:\/\/manurefetish.com\/shop\/videos\/manure-sports-cowshit-yoga\/#breadcrumb\"},\"inLanguage\":\"es\",\"potentialAction\":[{\"@type\":\"ReadAction\",\"target\":[\"https:\/\/manurefetish.com\/shop\/videos\/manure-sports-cowshit-yoga\/\"]}]},{\"@type\":\"ImageObject\",\"inLanguage\":\"es\",\"@id\":\"https:\/\/manurefetish.com\/shop\/videos\/manure-sports-cowshit-yoga\/#primaryimage\",\"url\":\"https:\/\/manurefetish.b-cdn.net\/wp-content\/uploads\/2026\/02\/manure-sports-cowshit-yoga-brooke-maddison-lyndra-lynn.jpg\",\"contentUrl\":\"https:\/\/manurefetish.b-cdn.net\/wp-content\/uploads\/2026\/02\/manure-sports-cowshit-yoga-brooke-maddison-lyndra-lynn.jpg\",\"width\":1728,\"height\":576},{\"@type\":\"BreadcrumbList\",\"@id\":\"https:\/\/manurefetish.com\/shop\/videos\/manure-sports-cowshit-yoga\/#breadcrumb\",\"itemListElement\":[{\"@type\":\"ListItem\",\"position\":1,\"name\":\"Home\",\"item\":\"https:\/\/manurefetish.com\/\"},{\"@type\":\"ListItem\",\"position\":2,\"name\":\"Shop\",\"item\":\"https:\/\/manurefetish.com\/shop\/\"},{\"@type\":\"ListItem\",\"position\":3,\"name\":\"Videos\",\"item\":\"https:\/\/manurefetish.com\/product-category\/videos\/\"},{\"@type\":\"ListItem\",\"position\":4,\"name\":\"Manure Sports Cowshit Yoga\"}]},{\"@type\":\"WebSite\",\"@id\":\"https:\/\/manurefetish.com\/#website\",\"url\":\"https:\/\/manurefetish.com\/\",\"name\":\"ManureFetish\",\"description\":\"ManureFetish Shop\",\"publisher\":{\"@id\":\"https:\/\/manurefetish.com\/#organization\"},\"potentialAction\":[{\"@type\":\"SearchAction\",\"target\":{\"@type\":\"EntryPoint\",\"urlTemplate\":\"https:\/\/manurefetish.com\/?s={search_term_string}\"},\"query-input\":{\"@type\":\"PropertyValueSpecification\",\"valueRequired\":true,\"valueName\":\"search_term_string\"}}],\"inLanguage\":\"es\"},{\"@type\":\"Organization\",\"@id\":\"https:\/\/manurefetish.com\/#organization\",\"name\":\"ManureFetish.com\",\"url\":\"https:\/\/manurefetish.com\/\",\"logo\":{\"@type\":\"ImageObject\",\"inLanguage\":\"es\",\"@id\":\"https:\/\/manurefetish.com\/#\/schema\/logo\/image\/\",\"url\":\"https:\/\/manurefetish.com\/wp-content\/uploads\/2019\/06\/1000xmanurefetishcom-michaela-logo-website-shop.png\",\"contentUrl\":\"https:\/\/manurefetish.com\/wp-content\/uploads\/2019\/06\/1000xmanurefetishcom-michaela-logo-website-shop.png\",\"width\":1000,\"height\":632,\"caption\":\"ManureFetish.com\"},\"image\":{\"@id\":\"https:\/\/manurefetish.com\/#\/schema\/logo\/image\/\"},\"sameAs\":[\"https:\/\/www.facebook.com\/manurefetish\/\",\"https:\/\/x.com\/Manurefetisch\",\"https:\/\/www.youtube.com\/c\/ManureFetish\"],\"description\":\"We're creating various fetish content with female and male models alike.\",\"foundingDate\":\"2019-07-04\",\"vatID\":\"DE366928521\",\"numberOfEmployees\":{\"@type\":\"QuantitativeValue\",\"minValue\":\"1\",\"maxValue\":\"10\"}}]}<\/script>\n<meta property=\"og:availability\" content=\"instock\" \/>\n<meta property=\"product:availability\" content=\"instock\" \/>\n<meta property=\"product:retailer_item_id\" content=\"MFW-MSCSY\" \/>\n<meta property=\"product:condition\" content=\"new\" \/>\n<!-- \/ Yoast SEO Premium plugin. -->","yoast_head_json":{"title":"Manure Sports Cowshit Yoga - ManureFetish -","description":"Brooke Maddison And Her Anal Manure Master, her first time getting fucked in the cowshed in lots of creamy cowshit.","robots":{"index":"index","follow":"follow","max-snippet":"max-snippet:-1","max-image-preview":"max-image-preview:large","max-video-preview":"max-video-preview:-1"},"canonical":"https:\/\/manurefetish.com\/es\/shop\/videos\/manure-sports-cowshit-yoga\/","og_locale":"es_ES","og_type":"article","og_title":"Manure Sports Cowshit Yoga","og_description":"Brooke Maddison And Her Anal Manure Master, her first time getting fucked in the cowshed in lots of creamy cowshit.","og_url":"https:\/\/manurefetish.com\/es\/shop\/videos\/manure-sports-cowshit-yoga\/","og_site_name":"ManureFetish","article_publisher":"https:\/\/www.facebook.com\/manurefetish\/","article_modified_time":"2026-04-01T06:06:09+00:00","og_image":[{"width":1728,"height":576,"url":"https:\/\/manurefetish.com\/wp-content\/uploads\/2026\/02\/manure-sports-cowshit-yoga-brooke-maddison-lyndra-lynn.jpg","type":"image\/jpeg"}],"twitter_card":"summary_large_image","twitter_site":"@Manurefetisch","schema":{"@context":"https:\/\/schema.org","@graph":[{"@type":"WebPage","@id":"https:\/\/manurefetish.com\/shop\/videos\/manure-sports-cowshit-yoga\/","url":"https:\/\/manurefetish.com\/shop\/videos\/manure-sports-cowshit-yoga\/","name":"Manure Sports Cowshit Yoga - ManureFetish -","isPartOf":{"@id":"https:\/\/manurefetish.com\/#website"},"primaryImageOfPage":{"@id":"https:\/\/manurefetish.com\/shop\/videos\/manure-sports-cowshit-yoga\/#primaryimage"},"image":{"@id":"https:\/\/manurefetish.com\/shop\/videos\/manure-sports-cowshit-yoga\/#primaryimage"},"thumbnailUrl":"https:\/\/manurefetish.b-cdn.net\/wp-content\/uploads\/2026\/02\/manure-sports-cowshit-yoga-brooke-maddison-lyndra-lynn.jpg","datePublished":"2026-02-14T00:00:56+00:00","dateModified":"2026-04-01T06:06:09+00:00","description":"Brooke Maddison And Her Anal Manure Master, her first time getting fucked in the cowshed in lots of creamy cowshit.","breadcrumb":{"@id":"https:\/\/manurefetish.com\/shop\/videos\/manure-sports-cowshit-yoga\/#breadcrumb"},"inLanguage":"es","potentialAction":[{"@type":"ReadAction","target":["https:\/\/manurefetish.com\/shop\/videos\/manure-sports-cowshit-yoga\/"]}]},{"@type":"ImageObject","inLanguage":"es","@id":"https:\/\/manurefetish.com\/shop\/videos\/manure-sports-cowshit-yoga\/#primaryimage","url":"https:\/\/manurefetish.b-cdn.net\/wp-content\/uploads\/2026\/02\/manure-sports-cowshit-yoga-brooke-maddison-lyndra-lynn.jpg","contentUrl":"https:\/\/manurefetish.b-cdn.net\/wp-content\/uploads\/2026\/02\/manure-sports-cowshit-yoga-brooke-maddison-lyndra-lynn.jpg","width":1728,"height":576},{"@type":"BreadcrumbList","@id":"https:\/\/manurefetish.com\/shop\/videos\/manure-sports-cowshit-yoga\/#breadcrumb","itemListElement":[{"@type":"ListItem","position":1,"name":"Home","item":"https:\/\/manurefetish.com\/"},{"@type":"ListItem","position":2,"name":"Shop","item":"https:\/\/manurefetish.com\/shop\/"},{"@type":"ListItem","position":3,"name":"Videos","item":"https:\/\/manurefetish.com\/product-category\/videos\/"},{"@type":"ListItem","position":4,"name":"Manure Sports Cowshit Yoga"}]},{"@type":"WebSite","@id":"https:\/\/manurefetish.com\/#website","url":"https:\/\/manurefetish.com\/","name":"ManureFetish","description":"ManureFetish","publisher":{"@id":"https:\/\/manurefetish.com\/#organization"},"potentialAction":[{"@type":"SearchAction","target":{"@type":"EntryPoint","urlTemplate":"https:\/\/manurefetish.com\/?s={search_term_string}"},"query-input":{"@type":"PropertyValueSpecification","valueRequired":true,"valueName":"search_term_string"}}],"inLanguage":"es"},{"@type":"Organization","@id":"https:\/\/manurefetish.com\/#organization","name":"ManureFetish.com","url":"https:\/\/manurefetish.com\/","logo":{"@type":"ImageObject","inLanguage":"es","@id":"https:\/\/manurefetish.com\/#\/schema\/logo\/image\/","url":"https:\/\/manurefetish.com\/wp-content\/uploads\/2019\/06\/1000xmanurefetishcom-michaela-logo-website-shop.png","contentUrl":"https:\/\/manurefetish.com\/wp-content\/uploads\/2019\/06\/1000xmanurefetishcom-michaela-logo-website-shop.png","width":1000,"height":632,"caption":"ManureFetish.com"},"image":{"@id":"https:\/\/manurefetish.com\/#\/schema\/logo\/image\/"},"sameAs":["https:\/\/www.facebook.com\/manurefetish\/","https:\/\/x.com\/Manurefetisch","https:\/\/www.youtube.com\/c\/ManureFetish"],"description":"Estamos creando diversos contenidos fetichistas con modelos femeninos y masculinos por igual.","foundingDate":"2019-07-04","vatID":"DE366928521","numberOfEmployees":{"@type":"QuantitativeValue","minValue":"1","maxValue":"10"}}]},"og_availability":"instock","product_availability":"instock","product_retailer_item_id":"MFW-MSCSY","product_condition":"new"},"_links":{"self":[{"href":"https:\/\/manurefetish.com\/es\/wp-json\/wp\/v2\/product\/188831","targetHints":{"allow":["GET"]}}],"collection":[{"href":"https:\/\/manurefetish.com\/es\/wp-json\/wp\/v2\/product"}],"about":[{"href":"https:\/\/manurefetish.com\/es\/wp-json\/wp\/v2\/types\/product"}],"replies":[{"embeddable":true,"href":"https:\/\/manurefetish.com\/es\/wp-json\/wp\/v2\/comments?post=188831"}],"version-history":[{"count":0,"href":"https:\/\/manurefetish.com\/es\/wp-json\/wp\/v2\/product\/188831\/revisions"}],"wp:featuredmedia":[{"embeddable":true,"href":"https:\/\/manurefetish.com\/es\/wp-json\/wp\/v2\/media\/203106"}],"wp:attachment":[{"href":"https:\/\/manurefetish.com\/es\/wp-json\/wp\/v2\/media?parent=188831"}],"wp:term":[{"taxonomy":"product_brand","embeddable":true,"href":"https:\/\/manurefetish.com\/es\/wp-json\/wp\/v2\/product_brand?post=188831"},{"taxonomy":"product_cat","embeddable":true,"href":"https:\/\/manurefetish.com\/es\/wp-json\/wp\/v2\/product_cat?post=188831"},{"taxonomy":"product_tag","embeddable":true,"href":"https:\/\/manurefetish.com\/es\/wp-json\/wp\/v2\/product_tag?post=188831"}],"curies":[{"name":"wp","href":"https:\/\/api.w.org\/{rel}","templated":true}]}}