{"id":188827,"date":"2025-10-14T16:00:17","date_gmt":"2025-10-14T14:00:17","guid":{"rendered":"https:\/\/manurefetish.com\/?post_type=product&#038;p=188827"},"modified":"2026-03-24T15:12:33","modified_gmt":"2026-03-24T14:12:33","slug":"brooke-maddison-clumsy-in-cowdung","status":"publish","type":"product","link":"https:\/\/manurefetish.com\/es\/shop\/videos\/brooke-maddison-clumsy-in-cowdung\/","title":{"rendered":"Brooke Maddison Torpe en el esti\u00e9rcol de vaca"},"content":{"rendered":"<p><span style=\"font-weight: 400;\">Quer\u00eda quedar con unos amigos y esperaba una respuesta mientras Brooke Maddison caminaba por el establo. Al no prestar atenci\u00f3n, tropieza y su tel\u00e9fono cae en el canal de esti\u00e9rcol. Segu\u00eda esperando una respuesta, as\u00ed que tuvo que recuperar su tel\u00e9fono. Se sienta justo en el borde del canal de esti\u00e9rcol y empieza a buscar su tel\u00e9fono. No tiene m\u00e1s remedio que deslizarse por el canal de esti\u00e9rcol para recuperarlo. Escarba con las manos para encontrarlo. Mientras se mueve entre la mierda de vaca cremosa, encuentra una bolsa con un objeto alargado dentro, lo aparta para investigarlo m\u00e1s tarde. Encuentra su tel\u00e9fono, pero ya no funciona. Est\u00e1 muy disgustada por ello, pero tambi\u00e9n quiere comprobar qu\u00e9 hay en la bolsa que encontr\u00f3. Al abrirla ve que es un consolador, alguien debe haberlo colocado u olvidado all\u00ed. Como ya tiene las piernas y las manos cubiertas de mierda de vaca y le gusta mucho esa sensaci\u00f3n que la excita, empieza su sucia aventura chupando el juguete y unt\u00e1ndose el cuerpo de mierda de vaca. Disfruta cubri\u00e9ndose cada vez m\u00e1s y tambi\u00e9n sumergi\u00e9ndose en toda esa cremosa mierda de vaca mientras se masturba.<\/span><\/p>","protected":false},"excerpt":{"rendered":"<p>She wanted to meet some friends and was waiting for an answer while Brooke Maddison walked through the cowshed. Not paying attention she trips and her phone falls into the manure channel. She was still waiting for an answer so she had to get her phone back. She sits right on the edge of the [&hellip;]<\/p>\n","protected":false},"featured_media":199398,"comment_status":"open","ping_status":"closed","template":"","meta":{"_acf_changed":false,"site-sidebar-layout":"default","site-content-layout":"","ast-site-content-layout":"default","site-content-style":"default","site-sidebar-style":"default","ast-global-header-display":"","ast-banner-title-visibility":"","ast-main-header-display":"","ast-hfb-above-header-display":"","ast-hfb-below-header-display":"","ast-hfb-mobile-header-display":"","site-post-title":"","ast-breadcrumbs-content":"","ast-featured-img":"","footer-sml-layout":"","ast-disable-related-posts":"","theme-transparent-header-meta":"default","adv-header-id-meta":"","stick-header-meta":"","header-above-stick-meta":"","header-main-stick-meta":"","header-below-stick-meta":"","astra-migrate-meta-layouts":"set","ast-page-background-enabled":"default","ast-page-background-meta":{"desktop":{"background-color":"var(--ast-global-color-4)","background-image":"","background-repeat":"repeat","background-position":"center center","background-size":"auto","background-attachment":"scroll","background-type":"","background-media":"","overlay-type":"","overlay-color":"","overlay-opacity":"","overlay-gradient":""},"tablet":{"background-color":"","background-image":"","background-repeat":"repeat","background-position":"center center","background-size":"auto","background-attachment":"scroll","background-type":"","background-media":"","overlay-type":"","overlay-color":"","overlay-opacity":"","overlay-gradient":""},"mobile":{"background-color":"","background-image":"","background-repeat":"repeat","background-position":"center center","background-size":"auto","background-attachment":"scroll","background-type":"","background-media":"","overlay-type":"","overlay-color":"","overlay-opacity":"","overlay-gradient":""}},"ast-content-background-meta":{"desktop":{"background-color":"var(--ast-global-color-5)","background-image":"","background-repeat":"repeat","background-position":"center center","background-size":"auto","background-attachment":"scroll","background-type":"","background-media":"","overlay-type":"","overlay-color":"","overlay-opacity":"","overlay-gradient":""},"tablet":{"background-color":"var(--ast-global-color-5)","background-image":"","background-repeat":"repeat","background-position":"center center","background-size":"auto","background-attachment":"scroll","background-type":"","background-media":"","overlay-type":"","overlay-color":"","overlay-opacity":"","overlay-gradient":""},"mobile":{"background-color":"var(--ast-global-color-5)","background-image":"","background-repeat":"repeat","background-position":"center center","background-size":"auto","background-attachment":"scroll","background-type":"","background-media":"","overlay-type":"","overlay-color":"","overlay-opacity":"","overlay-gradient":""}}},"product_brand":[],"product_cat":[4470],"product_tag":[4196,317,318,2675,2632,3952,66,2508,2631,2281,2621,118,3830,316,64,3030,56,54,2419,4483,3510,2582,18,52,65,35,2637,32,4135,4588,4482,3778,3562,2832,29,319,2368,2676],"class_list":{"0":"post-188827","1":"product","2":"type-product","3":"status-publish","4":"has-post-thumbnail","6":"product_cat-videos","7":"product_tag-animal-scat","8":"product_tag-asshole","9":"product_tag-boobs","10":"product_tag-boots","11":"product_tag-bra","12":"product_tag-brooke-maddison","13":"product_tag-clothed","14":"product_tag-clothes","15":"product_tag-completely-covered","16":"product_tag-completely-submerged","17":"product_tag-cow-dung","18":"product_tag-cowshed","19":"product_tag-cowshit","20":"product_tag-cunt","21":"product_tag-dildo","22":"product_tag-download","23":"product_tag-erotic","24":"product_tag-full-covered","25":"product_tag-full-hd","26":"product_tag-girl-in-cowshit","27":"product_tag-high-heels","28":"product_tag-jeans","29":"product_tag-manure","30":"product_tag-manure-channel","31":"product_tag-naked","32":"product_tag-orgasm","33":"product_tag-panty","34":"product_tag-pussy","35":"product_tag-scat","36":"product_tag-season-6","37":"product_tag-sex-in-cowshit","38":"product_tag-sextoys-2","39":"product_tag-sexy","40":"product_tag-smearing","41":"product_tag-submerging","42":"product_tag-tits","43":"product_tag-ultra-hd","44":"product_tag-underwear","45":"pa_length-39-minutes","46":"pa_product-type-digital-download-full-hd-video","47":"pa_product-type-digital-download-ultra-hd-video","48":"pa_product-type-usb-stick","49":"pa_video-info-full-hd-1920x1080p","50":"pa_video-info-ultra-hd-4k","51":"desktop-align-center","52":"tablet-align-left","53":"mobile-align-left","55":"first","56":"instock","57":"shipping-taxable","58":"purchasable","59":"product-type-variable","60":"has-default-attributes"},"exclude_global_add_ons":[],"addons":[],"acf":[],"yoast_head":"<!-- This site is optimized with the Yoast SEO Premium plugin v27.1 (Yoast SEO v27.1.1) - https:\/\/yoast.com\/product\/yoast-seo-premium-wordpress\/ -->\n<title>Brooke Maddison Clumsy In Cowdung - ManureFetish -<\/title>\n<meta name=\"description\" content=\"Brooke Maddison And Her Anal Manure Master, her first time getting fucked in the cowshed in lots of creamy cowshit.\" \/>\n<meta name=\"robots\" content=\"index, follow, max-snippet:-1, max-image-preview:large, max-video-preview:-1\" \/>\n<link rel=\"canonical\" href=\"https:\/\/manurefetish.com\/es\/shop\/videos\/brooke-maddison-clumsy-in-cowdung\/\" \/>\n<meta property=\"og:locale\" content=\"es_ES\" \/>\n<meta property=\"og:type\" content=\"article\" \/>\n<meta property=\"og:title\" content=\"Brooke Maddison Clumsy In Cowdung\" \/>\n<meta property=\"og:description\" content=\"Brooke Maddison And Her Anal Manure Master, her first time getting fucked in the cowshed in lots of creamy cowshit.\" \/>\n<meta property=\"og:url\" content=\"https:\/\/manurefetish.com\/es\/shop\/videos\/brooke-maddison-clumsy-in-cowdung\/\" \/>\n<meta property=\"og:site_name\" content=\"ManureFetish\" \/>\n<meta property=\"article:publisher\" content=\"https:\/\/www.facebook.com\/manurefetish\/\" \/>\n<meta property=\"article:modified_time\" content=\"2026-03-24T14:12:33+00:00\" \/>\n<meta property=\"og:image\" content=\"https:\/\/manurefetish.com\/wp-content\/uploads\/2025\/10\/clumsy-in-cow-dung.jpg\" \/>\n\t<meta property=\"og:image:width\" content=\"1728\" \/>\n\t<meta property=\"og:image:height\" content=\"576\" \/>\n\t<meta property=\"og:image:type\" content=\"image\/jpeg\" \/>\n<meta name=\"twitter:card\" content=\"summary_large_image\" \/>\n<meta name=\"twitter:site\" content=\"@Manurefetisch\" \/>\n<script type=\"application\/ld+json\" class=\"yoast-schema-graph\">{\"@context\":\"https:\/\/schema.org\",\"@graph\":[{\"@type\":\"WebPage\",\"@id\":\"https:\/\/manurefetish.com\/shop\/videos\/brooke-maddison-clumsy-in-cowdung\/\",\"url\":\"https:\/\/manurefetish.com\/shop\/videos\/brooke-maddison-clumsy-in-cowdung\/\",\"name\":\"Brooke Maddison Clumsy In Cowdung - ManureFetish -\",\"isPartOf\":{\"@id\":\"https:\/\/manurefetish.com\/#website\"},\"primaryImageOfPage\":{\"@id\":\"https:\/\/manurefetish.com\/shop\/videos\/brooke-maddison-clumsy-in-cowdung\/#primaryimage\"},\"image\":{\"@id\":\"https:\/\/manurefetish.com\/shop\/videos\/brooke-maddison-clumsy-in-cowdung\/#primaryimage\"},\"thumbnailUrl\":\"https:\/\/manurefetish.b-cdn.net\/wp-content\/uploads\/2025\/10\/clumsy-in-cow-dung.jpg\",\"datePublished\":\"2025-10-14T14:00:17+00:00\",\"dateModified\":\"2026-03-24T14:12:33+00:00\",\"description\":\"Brooke Maddison And Her Anal Manure Master, her first time getting fucked in the cowshed in lots of creamy cowshit.\",\"breadcrumb\":{\"@id\":\"https:\/\/manurefetish.com\/shop\/videos\/brooke-maddison-clumsy-in-cowdung\/#breadcrumb\"},\"inLanguage\":\"es\",\"potentialAction\":[{\"@type\":\"ReadAction\",\"target\":[\"https:\/\/manurefetish.com\/shop\/videos\/brooke-maddison-clumsy-in-cowdung\/\"]}]},{\"@type\":\"ImageObject\",\"inLanguage\":\"es\",\"@id\":\"https:\/\/manurefetish.com\/shop\/videos\/brooke-maddison-clumsy-in-cowdung\/#primaryimage\",\"url\":\"https:\/\/manurefetish.b-cdn.net\/wp-content\/uploads\/2025\/10\/clumsy-in-cow-dung.jpg\",\"contentUrl\":\"https:\/\/manurefetish.b-cdn.net\/wp-content\/uploads\/2025\/10\/clumsy-in-cow-dung.jpg\",\"width\":1728,\"height\":576},{\"@type\":\"BreadcrumbList\",\"@id\":\"https:\/\/manurefetish.com\/shop\/videos\/brooke-maddison-clumsy-in-cowdung\/#breadcrumb\",\"itemListElement\":[{\"@type\":\"ListItem\",\"position\":1,\"name\":\"Home\",\"item\":\"https:\/\/manurefetish.com\/\"},{\"@type\":\"ListItem\",\"position\":2,\"name\":\"Shop\",\"item\":\"https:\/\/manurefetish.com\/shop\/\"},{\"@type\":\"ListItem\",\"position\":3,\"name\":\"Videos\",\"item\":\"https:\/\/manurefetish.com\/product-category\/videos\/\"},{\"@type\":\"ListItem\",\"position\":4,\"name\":\"Brooke Maddison Clumsy In Cowdung\"}]},{\"@type\":\"WebSite\",\"@id\":\"https:\/\/manurefetish.com\/#website\",\"url\":\"https:\/\/manurefetish.com\/\",\"name\":\"ManureFetish\",\"description\":\"ManureFetish Shop\",\"publisher\":{\"@id\":\"https:\/\/manurefetish.com\/#organization\"},\"potentialAction\":[{\"@type\":\"SearchAction\",\"target\":{\"@type\":\"EntryPoint\",\"urlTemplate\":\"https:\/\/manurefetish.com\/?s={search_term_string}\"},\"query-input\":{\"@type\":\"PropertyValueSpecification\",\"valueRequired\":true,\"valueName\":\"search_term_string\"}}],\"inLanguage\":\"es\"},{\"@type\":\"Organization\",\"@id\":\"https:\/\/manurefetish.com\/#organization\",\"name\":\"ManureFetish.com\",\"url\":\"https:\/\/manurefetish.com\/\",\"logo\":{\"@type\":\"ImageObject\",\"inLanguage\":\"es\",\"@id\":\"https:\/\/manurefetish.com\/#\/schema\/logo\/image\/\",\"url\":\"https:\/\/manurefetish.com\/wp-content\/uploads\/2019\/06\/1000xmanurefetishcom-michaela-logo-website-shop.png\",\"contentUrl\":\"https:\/\/manurefetish.com\/wp-content\/uploads\/2019\/06\/1000xmanurefetishcom-michaela-logo-website-shop.png\",\"width\":1000,\"height\":632,\"caption\":\"ManureFetish.com\"},\"image\":{\"@id\":\"https:\/\/manurefetish.com\/#\/schema\/logo\/image\/\"},\"sameAs\":[\"https:\/\/www.facebook.com\/manurefetish\/\",\"https:\/\/x.com\/Manurefetisch\",\"https:\/\/www.youtube.com\/c\/ManureFetish\"],\"description\":\"We're creating various fetish content with female and male models alike.\",\"foundingDate\":\"2019-07-04\",\"vatID\":\"DE366928521\",\"numberOfEmployees\":{\"@type\":\"QuantitativeValue\",\"minValue\":\"1\",\"maxValue\":\"10\"}}]}<\/script>\n<meta property=\"og:availability\" content=\"instock\" \/>\n<meta property=\"product:availability\" content=\"instock\" \/>\n<meta property=\"product:retailer_item_id\" content=\"MFW-BMCICD\" \/>\n<meta property=\"product:condition\" content=\"new\" \/>\n<!-- \/ Yoast SEO Premium plugin. -->","yoast_head_json":{"title":"Brooke Maddison torpe en esti\u00e9rcol de vaca - ManureFetish -","description":"Brooke Maddison And Her Anal Manure Master, her first time getting fucked in the cowshed in lots of creamy cowshit.","robots":{"index":"index","follow":"follow","max-snippet":"max-snippet:-1","max-image-preview":"max-image-preview:large","max-video-preview":"max-video-preview:-1"},"canonical":"https:\/\/manurefetish.com\/es\/shop\/videos\/brooke-maddison-clumsy-in-cowdung\/","og_locale":"es_ES","og_type":"article","og_title":"Brooke Maddison Clumsy In Cowdung","og_description":"Brooke Maddison And Her Anal Manure Master, her first time getting fucked in the cowshed in lots of creamy cowshit.","og_url":"https:\/\/manurefetish.com\/es\/shop\/videos\/brooke-maddison-clumsy-in-cowdung\/","og_site_name":"ManureFetish","article_publisher":"https:\/\/www.facebook.com\/manurefetish\/","article_modified_time":"2026-03-24T14:12:33+00:00","og_image":[{"width":1728,"height":576,"url":"https:\/\/manurefetish.com\/wp-content\/uploads\/2025\/10\/clumsy-in-cow-dung.jpg","type":"image\/jpeg"}],"twitter_card":"summary_large_image","twitter_site":"@Manurefetisch","schema":{"@context":"https:\/\/schema.org","@graph":[{"@type":"WebPage","@id":"https:\/\/manurefetish.com\/shop\/videos\/brooke-maddison-clumsy-in-cowdung\/","url":"https:\/\/manurefetish.com\/shop\/videos\/brooke-maddison-clumsy-in-cowdung\/","name":"Brooke Maddison torpe en esti\u00e9rcol de vaca - ManureFetish -","isPartOf":{"@id":"https:\/\/manurefetish.com\/#website"},"primaryImageOfPage":{"@id":"https:\/\/manurefetish.com\/shop\/videos\/brooke-maddison-clumsy-in-cowdung\/#primaryimage"},"image":{"@id":"https:\/\/manurefetish.com\/shop\/videos\/brooke-maddison-clumsy-in-cowdung\/#primaryimage"},"thumbnailUrl":"https:\/\/manurefetish.b-cdn.net\/wp-content\/uploads\/2025\/10\/clumsy-in-cow-dung.jpg","datePublished":"2025-10-14T14:00:17+00:00","dateModified":"2026-03-24T14:12:33+00:00","description":"Brooke Maddison And Her Anal Manure Master, her first time getting fucked in the cowshed in lots of creamy cowshit.","breadcrumb":{"@id":"https:\/\/manurefetish.com\/shop\/videos\/brooke-maddison-clumsy-in-cowdung\/#breadcrumb"},"inLanguage":"es","potentialAction":[{"@type":"ReadAction","target":["https:\/\/manurefetish.com\/shop\/videos\/brooke-maddison-clumsy-in-cowdung\/"]}]},{"@type":"ImageObject","inLanguage":"es","@id":"https:\/\/manurefetish.com\/shop\/videos\/brooke-maddison-clumsy-in-cowdung\/#primaryimage","url":"https:\/\/manurefetish.b-cdn.net\/wp-content\/uploads\/2025\/10\/clumsy-in-cow-dung.jpg","contentUrl":"https:\/\/manurefetish.b-cdn.net\/wp-content\/uploads\/2025\/10\/clumsy-in-cow-dung.jpg","width":1728,"height":576},{"@type":"BreadcrumbList","@id":"https:\/\/manurefetish.com\/shop\/videos\/brooke-maddison-clumsy-in-cowdung\/#breadcrumb","itemListElement":[{"@type":"ListItem","position":1,"name":"Home","item":"https:\/\/manurefetish.com\/"},{"@type":"ListItem","position":2,"name":"Shop","item":"https:\/\/manurefetish.com\/shop\/"},{"@type":"ListItem","position":3,"name":"Videos","item":"https:\/\/manurefetish.com\/product-category\/videos\/"},{"@type":"ListItem","position":4,"name":"Brooke Maddison Clumsy In Cowdung"}]},{"@type":"WebSite","@id":"https:\/\/manurefetish.com\/#website","url":"https:\/\/manurefetish.com\/","name":"ManureFetish","description":"ManureFetish","publisher":{"@id":"https:\/\/manurefetish.com\/#organization"},"potentialAction":[{"@type":"SearchAction","target":{"@type":"EntryPoint","urlTemplate":"https:\/\/manurefetish.com\/?s={search_term_string}"},"query-input":{"@type":"PropertyValueSpecification","valueRequired":true,"valueName":"search_term_string"}}],"inLanguage":"es"},{"@type":"Organization","@id":"https:\/\/manurefetish.com\/#organization","name":"ManureFetish.com","url":"https:\/\/manurefetish.com\/","logo":{"@type":"ImageObject","inLanguage":"es","@id":"https:\/\/manurefetish.com\/#\/schema\/logo\/image\/","url":"https:\/\/manurefetish.com\/wp-content\/uploads\/2019\/06\/1000xmanurefetishcom-michaela-logo-website-shop.png","contentUrl":"https:\/\/manurefetish.com\/wp-content\/uploads\/2019\/06\/1000xmanurefetishcom-michaela-logo-website-shop.png","width":1000,"height":632,"caption":"ManureFetish.com"},"image":{"@id":"https:\/\/manurefetish.com\/#\/schema\/logo\/image\/"},"sameAs":["https:\/\/www.facebook.com\/manurefetish\/","https:\/\/x.com\/Manurefetisch","https:\/\/www.youtube.com\/c\/ManureFetish"],"description":"Estamos creando diversos contenidos fetichistas con modelos femeninos y masculinos por igual.","foundingDate":"2019-07-04","vatID":"DE366928521","numberOfEmployees":{"@type":"QuantitativeValue","minValue":"1","maxValue":"10"}}]},"og_availability":"instock","product_availability":"instock","product_retailer_item_id":"MFW-BMCICD","product_condition":"new"},"_links":{"self":[{"href":"https:\/\/manurefetish.com\/es\/wp-json\/wp\/v2\/product\/188827","targetHints":{"allow":["GET"]}}],"collection":[{"href":"https:\/\/manurefetish.com\/es\/wp-json\/wp\/v2\/product"}],"about":[{"href":"https:\/\/manurefetish.com\/es\/wp-json\/wp\/v2\/types\/product"}],"replies":[{"embeddable":true,"href":"https:\/\/manurefetish.com\/es\/wp-json\/wp\/v2\/comments?post=188827"}],"version-history":[{"count":0,"href":"https:\/\/manurefetish.com\/es\/wp-json\/wp\/v2\/product\/188827\/revisions"}],"wp:featuredmedia":[{"embeddable":true,"href":"https:\/\/manurefetish.com\/es\/wp-json\/wp\/v2\/media\/199398"}],"wp:attachment":[{"href":"https:\/\/manurefetish.com\/es\/wp-json\/wp\/v2\/media?parent=188827"}],"wp:term":[{"taxonomy":"product_brand","embeddable":true,"href":"https:\/\/manurefetish.com\/es\/wp-json\/wp\/v2\/product_brand?post=188827"},{"taxonomy":"product_cat","embeddable":true,"href":"https:\/\/manurefetish.com\/es\/wp-json\/wp\/v2\/product_cat?post=188827"},{"taxonomy":"product_tag","embeddable":true,"href":"https:\/\/manurefetish.com\/es\/wp-json\/wp\/v2\/product_tag?post=188827"}],"curies":[{"name":"wp","href":"https:\/\/api.w.org\/{rel}","templated":true}]}}