{"id":188822,"date":"2026-01-12T13:00:30","date_gmt":"2026-01-12T12:00:30","guid":{"rendered":"https:\/\/manurefetish.com\/?post_type=product&#038;p=188822"},"modified":"2026-03-24T15:11:48","modified_gmt":"2026-03-24T14:11:48","slug":"brooke-maddison-sneaky-fun-in-the-cowshed","status":"publish","type":"product","link":"https:\/\/manurefetish.com\/es\/shop\/videos\/brooke-maddison-sneaky-fun-in-the-cowshed\/","title":{"rendered":"Brooke Maddison Diversi\u00f3n furtiva en el establo"},"content":{"rendered":"<p><span style=\"font-weight: 400;\">Siempre pensando en el establo y en la cremosa mierda de vaca del canal de esti\u00e9rcol, Brooke Maddison decide colarse en el establo para volver a divertirse de forma obscena. Al entrar, mira a su alrededor para asegurarse de que no hay nadie. Luego se sienta en el borde del canal de esti\u00e9rcol, agarra el primer trozo de mierda de vaca y lo unta en sus bragas, frotando su co\u00f1o a trav\u00e9s de \u00e9l, sintiendo la sensaci\u00f3n. Luego saca su juguete y comienza a chuparlo sensualmente, antes de deslizarse en el canal de esti\u00e9rcol. En el canal de esti\u00e9rcol, lo absorbe todo y disfruta de la sensaci\u00f3n de la mierda de vaca alrededor de sus piernas. Brooke entonces agarra un poco de mierda de vaca y se la unta alrededor de su perfecto culo. Ahora est\u00e1 lista, se sumerge lentamente cada vez m\u00e1s hasta que solo le queda la cabeza fuera de la mierda de vaca. Ahora que est\u00e1 completamente cubierta de mierda de vaca, est\u00e1 lista para masturbarse y darlo todo.<\/span><\/p>","protected":false},"excerpt":{"rendered":"<p>Always thinking about the cowshed and the creamy cowshit in the manure channel, Brooke Maddison decides to sneak in the cowshed to have some dirty fun again. As she walks in she looks around just to be sure nobody is there. Then she sits on the edge of the manure channel, grabbing the first bit [&hellip;]<\/p>\n","protected":false},"featured_media":199461,"comment_status":"open","ping_status":"closed","template":"","meta":{"_acf_changed":false,"site-sidebar-layout":"default","site-content-layout":"","ast-site-content-layout":"default","site-content-style":"default","site-sidebar-style":"default","ast-global-header-display":"","ast-banner-title-visibility":"","ast-main-header-display":"","ast-hfb-above-header-display":"","ast-hfb-below-header-display":"","ast-hfb-mobile-header-display":"","site-post-title":"","ast-breadcrumbs-content":"","ast-featured-img":"","footer-sml-layout":"","ast-disable-related-posts":"","theme-transparent-header-meta":"default","adv-header-id-meta":"","stick-header-meta":"","header-above-stick-meta":"","header-main-stick-meta":"","header-below-stick-meta":"","astra-migrate-meta-layouts":"set","ast-page-background-enabled":"default","ast-page-background-meta":{"desktop":{"background-color":"var(--ast-global-color-4)","background-image":"","background-repeat":"repeat","background-position":"center center","background-size":"auto","background-attachment":"scroll","background-type":"","background-media":"","overlay-type":"","overlay-color":"","overlay-opacity":"","overlay-gradient":""},"tablet":{"background-color":"","background-image":"","background-repeat":"repeat","background-position":"center center","background-size":"auto","background-attachment":"scroll","background-type":"","background-media":"","overlay-type":"","overlay-color":"","overlay-opacity":"","overlay-gradient":""},"mobile":{"background-color":"","background-image":"","background-repeat":"repeat","background-position":"center center","background-size":"auto","background-attachment":"scroll","background-type":"","background-media":"","overlay-type":"","overlay-color":"","overlay-opacity":"","overlay-gradient":""}},"ast-content-background-meta":{"desktop":{"background-color":"var(--ast-global-color-5)","background-image":"","background-repeat":"repeat","background-position":"center center","background-size":"auto","background-attachment":"scroll","background-type":"","background-media":"","overlay-type":"","overlay-color":"","overlay-opacity":"","overlay-gradient":""},"tablet":{"background-color":"var(--ast-global-color-5)","background-image":"","background-repeat":"repeat","background-position":"center center","background-size":"auto","background-attachment":"scroll","background-type":"","background-media":"","overlay-type":"","overlay-color":"","overlay-opacity":"","overlay-gradient":""},"mobile":{"background-color":"var(--ast-global-color-5)","background-image":"","background-repeat":"repeat","background-position":"center center","background-size":"auto","background-attachment":"scroll","background-type":"","background-media":"","overlay-type":"","overlay-color":"","overlay-opacity":"","overlay-gradient":""}}},"product_brand":[],"product_cat":[4470],"product_tag":[317,318,2675,2632,3952,66,2508,2631,2281,2621,118,316,64,3030,2513,56,320,54,2419,4483,3510,18,52,65,4569,35,2637,32,4588,3778,3562,2832,29,319,2368,2676],"class_list":{"0":"post-188822","1":"product","2":"type-product","3":"status-publish","4":"has-post-thumbnail","6":"product_cat-videos","7":"product_tag-asshole","8":"product_tag-boobs","9":"product_tag-boots","10":"product_tag-bra","11":"product_tag-brooke-maddison","12":"product_tag-clothed","13":"product_tag-clothes","14":"product_tag-completely-covered","15":"product_tag-completely-submerged","16":"product_tag-cow-dung","17":"product_tag-cowshed","18":"product_tag-cunt","19":"product_tag-dildo","20":"product_tag-download","21":"product_tag-dress","22":"product_tag-erotic","23":"product_tag-feet","24":"product_tag-full-covered","25":"product_tag-full-hd","26":"product_tag-girl-in-cowshit","27":"product_tag-high-heels","28":"product_tag-manure","29":"product_tag-manure-channel","30":"product_tag-naked","31":"product_tag-nude","32":"product_tag-orgasm","33":"product_tag-panty","34":"product_tag-pussy","35":"product_tag-season-6","36":"product_tag-sextoys-2","37":"product_tag-sexy","38":"product_tag-smearing","39":"product_tag-submerging","40":"product_tag-tits","41":"product_tag-ultra-hd","42":"product_tag-underwear","43":"pa_length-42-minutes","44":"pa_product-type-digital-download-full-hd-video","45":"pa_product-type-digital-download-ultra-hd-video","46":"pa_product-type-usb-stick","47":"pa_video-info-full-hd-1920x1080p","48":"pa_video-info-ultra-hd-4k","49":"desktop-align-center","50":"tablet-align-left","51":"mobile-align-left","53":"first","54":"instock","55":"shipping-taxable","56":"purchasable","57":"product-type-variable","58":"has-default-attributes"},"exclude_global_add_ons":[],"addons":[],"acf":[],"yoast_head":"<!-- This site is optimized with the Yoast SEO Premium plugin v27.1 (Yoast SEO v27.1.1) - https:\/\/yoast.com\/product\/yoast-seo-premium-wordpress\/ -->\n<title>Brooke Maddison Sneaky Fun In The Cowshed - ManureFetish -<\/title>\n<meta name=\"description\" content=\"Brooke Maddison And Her Anal Manure Master, her first time getting fucked in the cowshed in lots of creamy cowshit.\" \/>\n<meta name=\"robots\" content=\"index, follow, max-snippet:-1, max-image-preview:large, max-video-preview:-1\" \/>\n<link rel=\"canonical\" href=\"https:\/\/manurefetish.com\/es\/shop\/videos\/brooke-maddison-sneaky-fun-in-the-cowshed\/\" \/>\n<meta name=\"twitter:card\" content=\"summary_large_image\" \/>\n<meta name=\"twitter:title\" content=\"Brooke Maddison Sneaky Fun In The Cowshed - ManureFetish -\" \/>\n<meta name=\"twitter:description\" content=\"Brooke Maddison And Her Anal Manure Master, her first time getting fucked in the cowshed in lots of creamy cowshit.\" \/>\n<meta name=\"twitter:image\" content=\"https:\/\/manurefetish.b-cdn.net\/wp-content\/uploads\/2025\/09\/sneaky-fun-in-the-cowshed.jpg\" \/>\n<meta name=\"twitter:site\" content=\"@Manurefetisch\" \/>\n<script type=\"application\/ld+json\" class=\"yoast-schema-graph\">{\"@context\":\"https:\/\/schema.org\",\"@graph\":[{\"@type\":\"WebPage\",\"@id\":\"https:\/\/manurefetish.com\/shop\/videos\/brooke-maddison-sneaky-fun-in-the-cowshed\/\",\"url\":\"https:\/\/manurefetish.com\/shop\/videos\/brooke-maddison-sneaky-fun-in-the-cowshed\/\",\"name\":\"Brooke Maddison Sneaky Fun In The Cowshed - ManureFetish -\",\"isPartOf\":{\"@id\":\"https:\/\/de.manurefetish.com\/#website\"},\"primaryImageOfPage\":{\"@id\":\"https:\/\/manurefetish.com\/shop\/videos\/brooke-maddison-sneaky-fun-in-the-cowshed\/#primaryimage\"},\"image\":{\"@id\":\"https:\/\/manurefetish.com\/shop\/videos\/brooke-maddison-sneaky-fun-in-the-cowshed\/#primaryimage\"},\"thumbnailUrl\":\"https:\/\/manurefetish.b-cdn.net\/wp-content\/uploads\/2025\/09\/sneaky-fun-in-the-cowshed.jpg\",\"datePublished\":\"2026-01-12T12:00:30+00:00\",\"dateModified\":\"2026-03-24T14:11:48+00:00\",\"description\":\"Brooke Maddison And Her Anal Manure Master, her first time getting fucked in the cowshed in lots of creamy cowshit.\",\"breadcrumb\":{\"@id\":\"https:\/\/manurefetish.com\/shop\/videos\/brooke-maddison-sneaky-fun-in-the-cowshed\/#breadcrumb\"},\"inLanguage\":\"es\",\"potentialAction\":[{\"@type\":\"ReadAction\",\"target\":[\"https:\/\/manurefetish.com\/shop\/videos\/brooke-maddison-sneaky-fun-in-the-cowshed\/\"]}]},{\"@type\":\"ImageObject\",\"inLanguage\":\"es\",\"@id\":\"https:\/\/manurefetish.com\/shop\/videos\/brooke-maddison-sneaky-fun-in-the-cowshed\/#primaryimage\",\"url\":\"https:\/\/manurefetish.b-cdn.net\/wp-content\/uploads\/2025\/09\/sneaky-fun-in-the-cowshed.jpg\",\"contentUrl\":\"https:\/\/manurefetish.b-cdn.net\/wp-content\/uploads\/2025\/09\/sneaky-fun-in-the-cowshed.jpg\",\"width\":1728,\"height\":576},{\"@type\":\"BreadcrumbList\",\"@id\":\"https:\/\/manurefetish.com\/shop\/videos\/brooke-maddison-sneaky-fun-in-the-cowshed\/#breadcrumb\",\"itemListElement\":[{\"@type\":\"ListItem\",\"position\":1,\"name\":\"Home\",\"item\":\"https:\/\/manurefetish.com\/\"},{\"@type\":\"ListItem\",\"position\":2,\"name\":\"Shop\",\"item\":\"https:\/\/manurefetish.com\/shop\/\"},{\"@type\":\"ListItem\",\"position\":3,\"name\":\"Videos\",\"item\":\"https:\/\/manurefetish.com\/product-category\/videos\/\"},{\"@type\":\"ListItem\",\"position\":4,\"name\":\"Brooke Maddison Sneaky Fun In The Cowshed\"}]},{\"@type\":\"WebSite\",\"@id\":\"https:\/\/de.manurefetish.com\/#website\",\"url\":\"https:\/\/de.manurefetish.com\/\",\"name\":\"ManureFetish\",\"description\":\"ManureFetish Shop\",\"publisher\":{\"@id\":\"https:\/\/de.manurefetish.com\/#organization\"},\"potentialAction\":[{\"@type\":\"SearchAction\",\"target\":{\"@type\":\"EntryPoint\",\"urlTemplate\":\"https:\/\/de.manurefetish.com\/?s={search_term_string}\"},\"query-input\":{\"@type\":\"PropertyValueSpecification\",\"valueRequired\":true,\"valueName\":\"search_term_string\"}}],\"inLanguage\":\"es\"},{\"@type\":\"Organization\",\"@id\":\"https:\/\/de.manurefetish.com\/#organization\",\"name\":\"ManureFetish.com\",\"url\":\"https:\/\/de.manurefetish.com\/\",\"logo\":{\"@type\":\"ImageObject\",\"inLanguage\":\"es\",\"@id\":\"https:\/\/de.manurefetish.com\/#\/schema\/logo\/image\/\",\"url\":\"https:\/\/manurefetish.com\/wp-content\/uploads\/2019\/06\/1000xmanurefetishcom-michaela-logo-website-shop.png\",\"contentUrl\":\"https:\/\/manurefetish.com\/wp-content\/uploads\/2019\/06\/1000xmanurefetishcom-michaela-logo-website-shop.png\",\"width\":1000,\"height\":632,\"caption\":\"ManureFetish.com\"},\"image\":{\"@id\":\"https:\/\/de.manurefetish.com\/#\/schema\/logo\/image\/\"},\"sameAs\":[\"https:\/\/www.facebook.com\/manurefetish\/\",\"https:\/\/x.com\/Manurefetisch\",\"https:\/\/www.youtube.com\/c\/ManureFetish\"],\"description\":\"We're creating various fetish content with female and male models alike.\",\"foundingDate\":\"2019-07-04\",\"vatID\":\"DE366928521\",\"numberOfEmployees\":{\"@type\":\"QuantitativeValue\",\"minValue\":\"1\",\"maxValue\":\"10\"}}]}<\/script>\n<meta property=\"og:availability\" content=\"instock\" \/>\n<meta property=\"product:availability\" content=\"instock\" \/>\n<meta property=\"product:retailer_item_id\" content=\"MFW-BMSFITCS\" \/>\n<meta property=\"product:condition\" content=\"new\" \/>\n<!-- \/ Yoast SEO Premium plugin. -->","yoast_head_json":{"title":"Brooke Maddison Diversi\u00f3n furtiva en el establo - ManureFetish","description":"Brooke Maddison And Her Anal Manure Master, her first time getting fucked in the cowshed in lots of creamy cowshit.","robots":{"index":"index","follow":"follow","max-snippet":"max-snippet:-1","max-image-preview":"max-image-preview:large","max-video-preview":"max-video-preview:-1"},"canonical":"https:\/\/manurefetish.com\/es\/shop\/videos\/brooke-maddison-sneaky-fun-in-the-cowshed\/","twitter_card":"summary_large_image","twitter_title":"Brooke Maddison Sneaky Fun In The Cowshed - ManureFetish -","twitter_description":"Brooke Maddison And Her Anal Manure Master, her first time getting fucked in the cowshed in lots of creamy cowshit.","twitter_image":"https:\/\/manurefetish.b-cdn.net\/wp-content\/uploads\/2025\/09\/sneaky-fun-in-the-cowshed.jpg","twitter_site":"@Manurefetisch","schema":{"@context":"https:\/\/schema.org","@graph":[{"@type":"WebPage","@id":"https:\/\/manurefetish.com\/shop\/videos\/brooke-maddison-sneaky-fun-in-the-cowshed\/","url":"https:\/\/manurefetish.com\/shop\/videos\/brooke-maddison-sneaky-fun-in-the-cowshed\/","name":"Brooke Maddison Diversi\u00f3n furtiva en el establo - ManureFetish","isPartOf":{"@id":"https:\/\/de.manurefetish.com\/#website"},"primaryImageOfPage":{"@id":"https:\/\/manurefetish.com\/shop\/videos\/brooke-maddison-sneaky-fun-in-the-cowshed\/#primaryimage"},"image":{"@id":"https:\/\/manurefetish.com\/shop\/videos\/brooke-maddison-sneaky-fun-in-the-cowshed\/#primaryimage"},"thumbnailUrl":"https:\/\/manurefetish.b-cdn.net\/wp-content\/uploads\/2025\/09\/sneaky-fun-in-the-cowshed.jpg","datePublished":"2026-01-12T12:00:30+00:00","dateModified":"2026-03-24T14:11:48+00:00","description":"Brooke Maddison And Her Anal Manure Master, her first time getting fucked in the cowshed in lots of creamy cowshit.","breadcrumb":{"@id":"https:\/\/manurefetish.com\/shop\/videos\/brooke-maddison-sneaky-fun-in-the-cowshed\/#breadcrumb"},"inLanguage":"es","potentialAction":[{"@type":"ReadAction","target":["https:\/\/manurefetish.com\/shop\/videos\/brooke-maddison-sneaky-fun-in-the-cowshed\/"]}]},{"@type":"ImageObject","inLanguage":"es","@id":"https:\/\/manurefetish.com\/shop\/videos\/brooke-maddison-sneaky-fun-in-the-cowshed\/#primaryimage","url":"https:\/\/manurefetish.b-cdn.net\/wp-content\/uploads\/2025\/09\/sneaky-fun-in-the-cowshed.jpg","contentUrl":"https:\/\/manurefetish.b-cdn.net\/wp-content\/uploads\/2025\/09\/sneaky-fun-in-the-cowshed.jpg","width":1728,"height":576},{"@type":"BreadcrumbList","@id":"https:\/\/manurefetish.com\/shop\/videos\/brooke-maddison-sneaky-fun-in-the-cowshed\/#breadcrumb","itemListElement":[{"@type":"ListItem","position":1,"name":"Home","item":"https:\/\/manurefetish.com\/"},{"@type":"ListItem","position":2,"name":"Shop","item":"https:\/\/manurefetish.com\/shop\/"},{"@type":"ListItem","position":3,"name":"Videos","item":"https:\/\/manurefetish.com\/product-category\/videos\/"},{"@type":"ListItem","position":4,"name":"Brooke Maddison Sneaky Fun In The Cowshed"}]},{"@type":"WebSite","@id":"https:\/\/de.manurefetish.com\/#website","url":"https:\/\/de.manurefetish.com\/","name":"ManureFetish","description":"ManureFetish","publisher":{"@id":"https:\/\/de.manurefetish.com\/#organization"},"potentialAction":[{"@type":"SearchAction","target":{"@type":"EntryPoint","urlTemplate":"https:\/\/de.manurefetish.com\/?s={search_term_string}"},"query-input":{"@type":"PropertyValueSpecification","valueRequired":true,"valueName":"search_term_string"}}],"inLanguage":"es"},{"@type":"Organization","@id":"https:\/\/de.manurefetish.com\/#organization","name":"ManureFetish.com","url":"https:\/\/de.manurefetish.com\/","logo":{"@type":"ImageObject","inLanguage":"es","@id":"https:\/\/de.manurefetish.com\/#\/schema\/logo\/image\/","url":"https:\/\/manurefetish.com\/wp-content\/uploads\/2019\/06\/1000xmanurefetishcom-michaela-logo-website-shop.png","contentUrl":"https:\/\/manurefetish.com\/wp-content\/uploads\/2019\/06\/1000xmanurefetishcom-michaela-logo-website-shop.png","width":1000,"height":632,"caption":"ManureFetish.com"},"image":{"@id":"https:\/\/de.manurefetish.com\/#\/schema\/logo\/image\/"},"sameAs":["https:\/\/www.facebook.com\/manurefetish\/","https:\/\/x.com\/Manurefetisch","https:\/\/www.youtube.com\/c\/ManureFetish"],"description":"Estamos creando diversos contenidos fetichistas con modelos femeninos y masculinos por igual.","foundingDate":"2019-07-04","vatID":"DE366928521","numberOfEmployees":{"@type":"QuantitativeValue","minValue":"1","maxValue":"10"}}]},"og_availability":"instock","product_availability":"instock","product_retailer_item_id":"MFW-BMSFITCS","product_condition":"new"},"_links":{"self":[{"href":"https:\/\/manurefetish.com\/es\/wp-json\/wp\/v2\/product\/188822","targetHints":{"allow":["GET"]}}],"collection":[{"href":"https:\/\/manurefetish.com\/es\/wp-json\/wp\/v2\/product"}],"about":[{"href":"https:\/\/manurefetish.com\/es\/wp-json\/wp\/v2\/types\/product"}],"replies":[{"embeddable":true,"href":"https:\/\/manurefetish.com\/es\/wp-json\/wp\/v2\/comments?post=188822"}],"version-history":[{"count":0,"href":"https:\/\/manurefetish.com\/es\/wp-json\/wp\/v2\/product\/188822\/revisions"}],"wp:featuredmedia":[{"embeddable":true,"href":"https:\/\/manurefetish.com\/es\/wp-json\/wp\/v2\/media\/199461"}],"wp:attachment":[{"href":"https:\/\/manurefetish.com\/es\/wp-json\/wp\/v2\/media?parent=188822"}],"wp:term":[{"taxonomy":"product_brand","embeddable":true,"href":"https:\/\/manurefetish.com\/es\/wp-json\/wp\/v2\/product_brand?post=188822"},{"taxonomy":"product_cat","embeddable":true,"href":"https:\/\/manurefetish.com\/es\/wp-json\/wp\/v2\/product_cat?post=188822"},{"taxonomy":"product_tag","embeddable":true,"href":"https:\/\/manurefetish.com\/es\/wp-json\/wp\/v2\/product_tag?post=188822"}],"curies":[{"name":"wp","href":"https:\/\/api.w.org\/{rel}","templated":true}]}}