{"id":188811,"date":"2025-11-09T13:37:42","date_gmt":"2025-11-09T12:37:42","guid":{"rendered":"https:\/\/manurefetish.com\/?post_type=product&#038;p=188811"},"modified":"2026-05-09T22:07:43","modified_gmt":"2026-05-09T20:07:43","slug":"maria-anjel-lyndra-lynn-herogasm","status":"publish","type":"product","link":"https:\/\/manurefetish.com\/es\/shop\/videos\/maria-anjel-lyndra-lynn-herogasm\/","title":{"rendered":"Maria Anjel Lyndra Lynn Herogasmo"},"content":{"rendered":"<p>Poison Ivy mostrarle Catwoman lugar favorito de la granja, donde va para regenerar energ\u00edas. Caminan por el establo hasta llegar a un lugar muy sucio, lleno de excrementos cremosos de vaca. Desde el principio, saca dos consoladores y ambas comienzan a chuparlos de inmediato. Luego, comienza a cubrir catwoman , abriendo su cremallera para untarle el excremento en su cuerpo firme y llenar su traje con los excrementos de vaca. Catwoman empieza a disfrutar Catwoman su tiempo con Poison Ivy el esti\u00e9rcol. Ambas se arrastran hasta otro lugar a\u00fan m\u00e1s cremoso, donde empiezan a desnudarse por completo. Empiezan a cubrirse todo el cuerpo con el esti\u00e9rcol cremoso antes de tocarse sensualmente. Las chicas se ponen cada vez m\u00e1s cachondas y no pueden resistirse a usar los juguetes para follarse entre ellas.<\/p>","protected":false},"excerpt":{"rendered":"<p>Poison Ivy wants to show Catwoman her favorite place where she comes to on the farm to regenerate her energy. They walk through the cowshed to really messy places with lots of creamy cowshit. Right from the start she brings out two dildos and both begin right away to suck on them. Then she begins [&hellip;]<\/p>\n","protected":false},"featured_media":199388,"comment_status":"open","ping_status":"closed","template":"","meta":{"_acf_changed":false,"site-sidebar-layout":"default","site-content-layout":"","ast-site-content-layout":"default","site-content-style":"default","site-sidebar-style":"default","ast-global-header-display":"","ast-banner-title-visibility":"","ast-main-header-display":"","ast-hfb-above-header-display":"","ast-hfb-below-header-display":"","ast-hfb-mobile-header-display":"","site-post-title":"","ast-breadcrumbs-content":"","ast-featured-img":"","footer-sml-layout":"","ast-disable-related-posts":"","theme-transparent-header-meta":"default","adv-header-id-meta":"","stick-header-meta":"","header-above-stick-meta":"","header-main-stick-meta":"","header-below-stick-meta":"","astra-migrate-meta-layouts":"set","ast-page-background-enabled":"default","ast-page-background-meta":{"desktop":{"background-color":"var(--ast-global-color-4)","background-image":"","background-repeat":"repeat","background-position":"center center","background-size":"auto","background-attachment":"scroll","background-type":"","background-media":"","overlay-type":"","overlay-color":"","overlay-opacity":"","overlay-gradient":""},"tablet":{"background-color":"","background-image":"","background-repeat":"repeat","background-position":"center center","background-size":"auto","background-attachment":"scroll","background-type":"","background-media":"","overlay-type":"","overlay-color":"","overlay-opacity":"","overlay-gradient":""},"mobile":{"background-color":"","background-image":"","background-repeat":"repeat","background-position":"center center","background-size":"auto","background-attachment":"scroll","background-type":"","background-media":"","overlay-type":"","overlay-color":"","overlay-opacity":"","overlay-gradient":""}},"ast-content-background-meta":{"desktop":{"background-color":"var(--ast-global-color-5)","background-image":"","background-repeat":"repeat","background-position":"center center","background-size":"auto","background-attachment":"scroll","background-type":"","background-media":"","overlay-type":"","overlay-color":"","overlay-opacity":"","overlay-gradient":""},"tablet":{"background-color":"var(--ast-global-color-5)","background-image":"","background-repeat":"repeat","background-position":"center center","background-size":"auto","background-attachment":"scroll","background-type":"","background-media":"","overlay-type":"","overlay-color":"","overlay-opacity":"","overlay-gradient":""},"mobile":{"background-color":"var(--ast-global-color-5)","background-image":"","background-repeat":"repeat","background-position":"center center","background-size":"auto","background-attachment":"scroll","background-type":"","background-media":"","overlay-type":"","overlay-color":"","overlay-opacity":"","overlay-gradient":""}}},"product_brand":[],"product_cat":[4470],"product_tag":[4300,17,4196,317,318,3414,2842,4526,2621,2558,118,3830,316,64,3933,3030,20,2624,3523,2419,4483,4600,4601,4528,4602,2707,2841,18,4301,2285,4595,2206,2629,3174,65,35,4527,4587,4586,4603,32,4518,4588,2650,4585,24,2832,29,4280,319,4281,2368],"class_list":{"0":"post-188811","1":"product","2":"type-product","3":"status-publish","4":"has-post-thumbnail","6":"product_cat-videos","7":"product_tag-alt-anjel","8":"product_tag-anal","9":"product_tag-animal-scat","10":"product_tag-asshole","11":"product_tag-boobs","12":"product_tag-catwoman","13":"product_tag-cosplay","14":"product_tag-covered-in-cowshit","15":"product_tag-cow-dung","16":"product_tag-cowgirl","17":"product_tag-cowshed","18":"product_tag-cowshit","19":"product_tag-cunt","20":"product_tag-dildo","21":"product_tag-doggystyle","22":"product_tag-download","23":"product_tag-dung","24":"product_tag-farm","25":"product_tag-fingering","26":"product_tag-full-hd","27":"product_tag-girl-in-cowshit","28":"product_tag-girl-on-girl","29":"product_tag-girls","30":"product_tag-girls-in-cowshit","31":"product_tag-heros","32":"product_tag-lesbian","33":"product_tag-lyndra-lynn","34":"product_tag-manure","35":"product_tag-maria-anjel","36":"product_tag-masturbate","37":"product_tag-masturbating-in-cowshit","38":"product_tag-masturbation","39":"product_tag-messy","40":"product_tag-missionary","41":"product_tag-naked","42":"product_tag-orgasm","43":"product_tag-orgasm-in-cowshit","44":"product_tag-penetration","45":"product_tag-petite","46":"product_tag-poison-ivy","47":"product_tag-pussy","48":"product_tag-pussy-penetration","49":"product_tag-season-6","50":"product_tag-sensual","51":"product_tag-skinny","52":"product_tag-slurry","53":"product_tag-smearing","54":"product_tag-submerging","55":"product_tag-sucking","56":"product_tag-tits","57":"product_tag-toes","58":"product_tag-ultra-hd","59":"pa_length-55-minutes","60":"pa_product-type-digital-download-full-hd-video","61":"pa_product-type-digital-download-ultra-hd-video","62":"pa_product-type-usb-stick","63":"pa_video-info-full-hd-1920x1080p","64":"pa_video-info-ultra-hd-4k","65":"desktop-align-center","66":"tablet-align-left","67":"mobile-align-left","69":"first","70":"instock","71":"shipping-taxable","72":"purchasable","73":"product-type-variable","74":"has-default-attributes"},"exclude_global_add_ons":[],"addons":[],"acf":[],"yoast_head":"<!-- This site is optimized with the Yoast SEO Premium plugin v27.1 (Yoast SEO v27.1.1) - https:\/\/yoast.com\/product\/yoast-seo-premium-wordpress\/ -->\n<title>Maria Anjel Lyndra Lynn Herogasm - ManureFetish<\/title>\n<meta name=\"description\" content=\"Maria Anjel Lyndra Lynn Herogasm, Poison Ivy wants to show Catwoman her favorite place on the farm where she regenerates her energy.\" \/>\n<meta name=\"robots\" content=\"index, follow, max-snippet:-1, max-image-preview:large, max-video-preview:-1\" \/>\n<link rel=\"canonical\" href=\"https:\/\/manurefetish.com\/es\/shop\/videos\/maria-anjel-lyndra-lynn-herogasm\/\" \/>\n<meta property=\"og:locale\" content=\"es_ES\" \/>\n<meta property=\"og:type\" content=\"article\" \/>\n<meta property=\"og:title\" content=\"Maria Anjel Lyndra Lynn Herogasm\" \/>\n<meta property=\"og:description\" content=\"Maria Anjel Lyndra Lynn Herogasm, Poison Ivy wants to show Catwoman her favorite place on the farm where she regenerates her energy.\" \/>\n<meta property=\"og:url\" content=\"https:\/\/manurefetish.com\/es\/shop\/videos\/maria-anjel-lyndra-lynn-herogasm\/\" \/>\n<meta property=\"og:site_name\" content=\"ManureFetish\" \/>\n<meta property=\"article:publisher\" content=\"https:\/\/www.facebook.com\/manurefetish\/\" \/>\n<meta property=\"article:modified_time\" content=\"2026-05-09T20:07:43+00:00\" \/>\n<meta property=\"og:image\" content=\"https:\/\/manurefetish.com\/wp-content\/uploads\/2025\/11\/herogasm.jpg\" \/>\n\t<meta property=\"og:image:width\" content=\"1728\" \/>\n\t<meta property=\"og:image:height\" content=\"576\" \/>\n\t<meta property=\"og:image:type\" content=\"image\/jpeg\" \/>\n<meta name=\"twitter:card\" content=\"summary_large_image\" \/>\n<meta name=\"twitter:site\" content=\"@Manurefetisch\" \/>\n<script type=\"application\/ld+json\" class=\"yoast-schema-graph\">{\"@context\":\"https:\/\/schema.org\",\"@graph\":[{\"@type\":\"WebPage\",\"@id\":\"https:\/\/manurefetish.com\/shop\/videos\/maria-anjel-lyndra-lynn-herogasm\/\",\"url\":\"https:\/\/manurefetish.com\/shop\/videos\/maria-anjel-lyndra-lynn-herogasm\/\",\"name\":\"Maria Anjel Lyndra Lynn Herogasm - ManureFetish\",\"isPartOf\":{\"@id\":\"https:\/\/manurefetish.com\/#website\"},\"primaryImageOfPage\":{\"@id\":\"https:\/\/manurefetish.com\/shop\/videos\/maria-anjel-lyndra-lynn-herogasm\/#primaryimage\"},\"image\":{\"@id\":\"https:\/\/manurefetish.com\/shop\/videos\/maria-anjel-lyndra-lynn-herogasm\/#primaryimage\"},\"thumbnailUrl\":\"https:\/\/manurefetish.b-cdn.net\/wp-content\/uploads\/2025\/11\/herogasm.jpg\",\"datePublished\":\"2025-11-09T12:37:42+00:00\",\"dateModified\":\"2026-05-09T20:07:43+00:00\",\"description\":\"Maria Anjel Lyndra Lynn Herogasm, Poison Ivy wants to show Catwoman her favorite place on the farm where she regenerates her energy.\",\"breadcrumb\":{\"@id\":\"https:\/\/manurefetish.com\/shop\/videos\/maria-anjel-lyndra-lynn-herogasm\/#breadcrumb\"},\"inLanguage\":\"es\",\"potentialAction\":[{\"@type\":\"ReadAction\",\"target\":[\"https:\/\/manurefetish.com\/shop\/videos\/maria-anjel-lyndra-lynn-herogasm\/\"]}]},{\"@type\":\"ImageObject\",\"inLanguage\":\"es\",\"@id\":\"https:\/\/manurefetish.com\/shop\/videos\/maria-anjel-lyndra-lynn-herogasm\/#primaryimage\",\"url\":\"https:\/\/manurefetish.b-cdn.net\/wp-content\/uploads\/2025\/11\/herogasm.jpg\",\"contentUrl\":\"https:\/\/manurefetish.b-cdn.net\/wp-content\/uploads\/2025\/11\/herogasm.jpg\",\"width\":1728,\"height\":576},{\"@type\":\"BreadcrumbList\",\"@id\":\"https:\/\/manurefetish.com\/shop\/videos\/maria-anjel-lyndra-lynn-herogasm\/#breadcrumb\",\"itemListElement\":[{\"@type\":\"ListItem\",\"position\":1,\"name\":\"Home\",\"item\":\"https:\/\/manurefetish.com\/\"},{\"@type\":\"ListItem\",\"position\":2,\"name\":\"Shop\",\"item\":\"https:\/\/manurefetish.com\/shop\/\"},{\"@type\":\"ListItem\",\"position\":3,\"name\":\"Videos\",\"item\":\"https:\/\/manurefetish.com\/product-category\/videos\/\"},{\"@type\":\"ListItem\",\"position\":4,\"name\":\"Maria Anjel Lyndra Lynn Herogasm\"}]},{\"@type\":\"WebSite\",\"@id\":\"https:\/\/manurefetish.com\/#website\",\"url\":\"https:\/\/manurefetish.com\/\",\"name\":\"ManureFetish\",\"description\":\"ManureFetish Shop\",\"publisher\":{\"@id\":\"https:\/\/manurefetish.com\/#organization\"},\"potentialAction\":[{\"@type\":\"SearchAction\",\"target\":{\"@type\":\"EntryPoint\",\"urlTemplate\":\"https:\/\/manurefetish.com\/?s={search_term_string}\"},\"query-input\":{\"@type\":\"PropertyValueSpecification\",\"valueRequired\":true,\"valueName\":\"search_term_string\"}}],\"inLanguage\":\"es\"},{\"@type\":\"Organization\",\"@id\":\"https:\/\/manurefetish.com\/#organization\",\"name\":\"ManureFetish.com\",\"url\":\"https:\/\/manurefetish.com\/\",\"logo\":{\"@type\":\"ImageObject\",\"inLanguage\":\"es\",\"@id\":\"https:\/\/manurefetish.com\/#\/schema\/logo\/image\/\",\"url\":\"https:\/\/manurefetish.com\/wp-content\/uploads\/2019\/06\/1000xmanurefetishcom-michaela-logo-website-shop.png\",\"contentUrl\":\"https:\/\/manurefetish.com\/wp-content\/uploads\/2019\/06\/1000xmanurefetishcom-michaela-logo-website-shop.png\",\"width\":1000,\"height\":632,\"caption\":\"ManureFetish.com\"},\"image\":{\"@id\":\"https:\/\/manurefetish.com\/#\/schema\/logo\/image\/\"},\"sameAs\":[\"https:\/\/www.facebook.com\/manurefetish\/\",\"https:\/\/x.com\/Manurefetisch\",\"https:\/\/www.youtube.com\/c\/ManureFetish\"],\"description\":\"We're creating various fetish content with female and male models alike.\",\"foundingDate\":\"2019-07-04\",\"vatID\":\"DE366928521\",\"numberOfEmployees\":{\"@type\":\"QuantitativeValue\",\"minValue\":\"1\",\"maxValue\":\"10\"}}]}<\/script>\n<meta property=\"og:availability\" content=\"instock\" \/>\n<meta property=\"product:availability\" content=\"instock\" \/>\n<meta property=\"product:retailer_item_id\" content=\"MFW-MALLHG\" \/>\n<meta property=\"product:condition\" content=\"new\" \/>\n<!-- \/ Yoast SEO Premium plugin. -->","yoast_head_json":{"title":"Maria Anjel Lyndra Lynn Herogasmo - ManureFetish","description":"Maria Anjel Lyndra Lynn Herogasm, Poison Ivy wants to show Catwoman her favorite place on the farm where she regenerates her energy.","robots":{"index":"index","follow":"follow","max-snippet":"max-snippet:-1","max-image-preview":"max-image-preview:large","max-video-preview":"max-video-preview:-1"},"canonical":"https:\/\/manurefetish.com\/es\/shop\/videos\/maria-anjel-lyndra-lynn-herogasm\/","og_locale":"es_ES","og_type":"article","og_title":"Maria Anjel Lyndra Lynn Herogasm","og_description":"Maria Anjel Lyndra Lynn Herogasm, Poison Ivy wants to show Catwoman her favorite place on the farm where she regenerates her energy.","og_url":"https:\/\/manurefetish.com\/es\/shop\/videos\/maria-anjel-lyndra-lynn-herogasm\/","og_site_name":"ManureFetish","article_publisher":"https:\/\/www.facebook.com\/manurefetish\/","article_modified_time":"2026-05-09T20:07:43+00:00","og_image":[{"width":1728,"height":576,"url":"https:\/\/manurefetish.com\/wp-content\/uploads\/2025\/11\/herogasm.jpg","type":"image\/jpeg"}],"twitter_card":"summary_large_image","twitter_site":"@Manurefetisch","schema":{"@context":"https:\/\/schema.org","@graph":[{"@type":"WebPage","@id":"https:\/\/manurefetish.com\/shop\/videos\/maria-anjel-lyndra-lynn-herogasm\/","url":"https:\/\/manurefetish.com\/shop\/videos\/maria-anjel-lyndra-lynn-herogasm\/","name":"Maria Anjel Lyndra Lynn Herogasmo - ManureFetish","isPartOf":{"@id":"https:\/\/manurefetish.com\/#website"},"primaryImageOfPage":{"@id":"https:\/\/manurefetish.com\/shop\/videos\/maria-anjel-lyndra-lynn-herogasm\/#primaryimage"},"image":{"@id":"https:\/\/manurefetish.com\/shop\/videos\/maria-anjel-lyndra-lynn-herogasm\/#primaryimage"},"thumbnailUrl":"https:\/\/manurefetish.b-cdn.net\/wp-content\/uploads\/2025\/11\/herogasm.jpg","datePublished":"2025-11-09T12:37:42+00:00","dateModified":"2026-05-09T20:07:43+00:00","description":"Maria Anjel Lyndra Lynn Herogasm, Poison Ivy wants to show Catwoman her favorite place on the farm where she regenerates her energy.","breadcrumb":{"@id":"https:\/\/manurefetish.com\/shop\/videos\/maria-anjel-lyndra-lynn-herogasm\/#breadcrumb"},"inLanguage":"es","potentialAction":[{"@type":"ReadAction","target":["https:\/\/manurefetish.com\/shop\/videos\/maria-anjel-lyndra-lynn-herogasm\/"]}]},{"@type":"ImageObject","inLanguage":"es","@id":"https:\/\/manurefetish.com\/shop\/videos\/maria-anjel-lyndra-lynn-herogasm\/#primaryimage","url":"https:\/\/manurefetish.b-cdn.net\/wp-content\/uploads\/2025\/11\/herogasm.jpg","contentUrl":"https:\/\/manurefetish.b-cdn.net\/wp-content\/uploads\/2025\/11\/herogasm.jpg","width":1728,"height":576},{"@type":"BreadcrumbList","@id":"https:\/\/manurefetish.com\/shop\/videos\/maria-anjel-lyndra-lynn-herogasm\/#breadcrumb","itemListElement":[{"@type":"ListItem","position":1,"name":"Home","item":"https:\/\/manurefetish.com\/"},{"@type":"ListItem","position":2,"name":"Shop","item":"https:\/\/manurefetish.com\/shop\/"},{"@type":"ListItem","position":3,"name":"Videos","item":"https:\/\/manurefetish.com\/product-category\/videos\/"},{"@type":"ListItem","position":4,"name":"Maria Anjel Lyndra Lynn Herogasm"}]},{"@type":"WebSite","@id":"https:\/\/manurefetish.com\/#website","url":"https:\/\/manurefetish.com\/","name":"ManureFetish","description":"ManureFetish","publisher":{"@id":"https:\/\/manurefetish.com\/#organization"},"potentialAction":[{"@type":"SearchAction","target":{"@type":"EntryPoint","urlTemplate":"https:\/\/manurefetish.com\/?s={search_term_string}"},"query-input":{"@type":"PropertyValueSpecification","valueRequired":true,"valueName":"search_term_string"}}],"inLanguage":"es"},{"@type":"Organization","@id":"https:\/\/manurefetish.com\/#organization","name":"ManureFetish.com","url":"https:\/\/manurefetish.com\/","logo":{"@type":"ImageObject","inLanguage":"es","@id":"https:\/\/manurefetish.com\/#\/schema\/logo\/image\/","url":"https:\/\/manurefetish.com\/wp-content\/uploads\/2019\/06\/1000xmanurefetishcom-michaela-logo-website-shop.png","contentUrl":"https:\/\/manurefetish.com\/wp-content\/uploads\/2019\/06\/1000xmanurefetishcom-michaela-logo-website-shop.png","width":1000,"height":632,"caption":"ManureFetish.com"},"image":{"@id":"https:\/\/manurefetish.com\/#\/schema\/logo\/image\/"},"sameAs":["https:\/\/www.facebook.com\/manurefetish\/","https:\/\/x.com\/Manurefetisch","https:\/\/www.youtube.com\/c\/ManureFetish"],"description":"Estamos creando diversos contenidos fetichistas con modelos femeninos y masculinos por igual.","foundingDate":"2019-07-04","vatID":"DE366928521","numberOfEmployees":{"@type":"QuantitativeValue","minValue":"1","maxValue":"10"}}]},"og_availability":"instock","product_availability":"instock","product_retailer_item_id":"MFW-MALLHG","product_condition":"new"},"_links":{"self":[{"href":"https:\/\/manurefetish.com\/es\/wp-json\/wp\/v2\/product\/188811","targetHints":{"allow":["GET"]}}],"collection":[{"href":"https:\/\/manurefetish.com\/es\/wp-json\/wp\/v2\/product"}],"about":[{"href":"https:\/\/manurefetish.com\/es\/wp-json\/wp\/v2\/types\/product"}],"replies":[{"embeddable":true,"href":"https:\/\/manurefetish.com\/es\/wp-json\/wp\/v2\/comments?post=188811"}],"version-history":[{"count":0,"href":"https:\/\/manurefetish.com\/es\/wp-json\/wp\/v2\/product\/188811\/revisions"}],"wp:featuredmedia":[{"embeddable":true,"href":"https:\/\/manurefetish.com\/es\/wp-json\/wp\/v2\/media\/199388"}],"wp:attachment":[{"href":"https:\/\/manurefetish.com\/es\/wp-json\/wp\/v2\/media?parent=188811"}],"wp:term":[{"taxonomy":"product_brand","embeddable":true,"href":"https:\/\/manurefetish.com\/es\/wp-json\/wp\/v2\/product_brand?post=188811"},{"taxonomy":"product_cat","embeddable":true,"href":"https:\/\/manurefetish.com\/es\/wp-json\/wp\/v2\/product_cat?post=188811"},{"taxonomy":"product_tag","embeddable":true,"href":"https:\/\/manurefetish.com\/es\/wp-json\/wp\/v2\/product_tag?post=188811"}],"curies":[{"name":"wp","href":"https:\/\/api.w.org\/{rel}","templated":true}]}}