{"id":188800,"date":"2025-12-19T20:55:25","date_gmt":"2025-12-19T19:55:25","guid":{"rendered":"https:\/\/manurefetish.com\/?post_type=product&#038;p=188800"},"modified":"2026-03-31T20:56:37","modified_gmt":"2026-03-31T18:56:37","slug":"maria-anjel-orgasm-in-the-milking-room","status":"publish","type":"product","link":"https:\/\/manurefetish.com\/es\/shop\/videos\/maria-anjel-orgasm-in-the-milking-room\/","title":{"rendered":"Maria Anjel Orgasmo En La Sala De Orde\u00f1o"},"content":{"rendered":"<p><span style=\"font-weight: 400;\">The work day on the farm comes to an end, Maria Anjel makes her rounds to check if everything is in order in the Milking room with the automatic Milking machine. The Manure tray where all the cowshit is landing during the milking is nearly overflowing. Anjel is intrigued by it and always loved the smell of cowshit. So she begins to smear some of the cowshit on her apron. Being filthy is really her thing, so she covers her apron even more. Then she takes it off and puts it on top of the cowshit. Anjel pushes her face right into the creamy shit and smears a good handful on her head. Now she\u2019s really horny and sits on the edge masturbating her pussy through her jeans jumpsuit and covering every part of it with cowshit. That\u2019s not enough for her, she wants more, so she climbs into the manure tray, it overflows instantly making a complete mess in the milking room.<\/span><span style=\"font-weight: 400;\"><br \/>\n<\/span><span style=\"font-weight: 400;\">As she sinks deeper into it even more cowshit is overflowing. As she re-emerges her beautiful body is completely covered in cowshit, her wellies also filled to the top and overflowing. Anjel sits back on the edge of the tray and begins to masturbate. Now she takes of her clothes piece by piece covering her sexy body again with cowshit and starts really enjoying being covered in all that cowshit and masturbating in every position she can think of..\u00a0\u00a0<\/span><\/p>","protected":false},"excerpt":{"rendered":"<p>The work day on the farm comes to an end, Maria Anjel makes her rounds to check if everything is in order in the Milking room with the automatic Milking machine. The Manure tray where all the cowshit is landing during the milking is nearly overflowing. Anjel is intrigued by it and always loved the [&hellip;]<\/p>\n","protected":false},"featured_media":199383,"comment_status":"open","ping_status":"closed","template":"","meta":{"_acf_changed":false,"site-sidebar-layout":"default","site-content-layout":"","ast-site-content-layout":"default","site-content-style":"default","site-sidebar-style":"default","ast-global-header-display":"","ast-banner-title-visibility":"","ast-main-header-display":"","ast-hfb-above-header-display":"","ast-hfb-below-header-display":"","ast-hfb-mobile-header-display":"","site-post-title":"","ast-breadcrumbs-content":"","ast-featured-img":"","footer-sml-layout":"","ast-disable-related-posts":"","theme-transparent-header-meta":"default","adv-header-id-meta":"","stick-header-meta":"","header-above-stick-meta":"","header-main-stick-meta":"","header-below-stick-meta":"","astra-migrate-meta-layouts":"set","ast-page-background-enabled":"default","ast-page-background-meta":{"desktop":{"background-color":"var(--ast-global-color-4)","background-image":"","background-repeat":"repeat","background-position":"center center","background-size":"auto","background-attachment":"scroll","background-type":"","background-media":"","overlay-type":"","overlay-color":"","overlay-opacity":"","overlay-gradient":""},"tablet":{"background-color":"","background-image":"","background-repeat":"repeat","background-position":"center center","background-size":"auto","background-attachment":"scroll","background-type":"","background-media":"","overlay-type":"","overlay-color":"","overlay-opacity":"","overlay-gradient":""},"mobile":{"background-color":"","background-image":"","background-repeat":"repeat","background-position":"center center","background-size":"auto","background-attachment":"scroll","background-type":"","background-media":"","overlay-type":"","overlay-color":"","overlay-opacity":"","overlay-gradient":""}},"ast-content-background-meta":{"desktop":{"background-color":"var(--ast-global-color-5)","background-image":"","background-repeat":"repeat","background-position":"center center","background-size":"auto","background-attachment":"scroll","background-type":"","background-media":"","overlay-type":"","overlay-color":"","overlay-opacity":"","overlay-gradient":""},"tablet":{"background-color":"var(--ast-global-color-5)","background-image":"","background-repeat":"repeat","background-position":"center center","background-size":"auto","background-attachment":"scroll","background-type":"","background-media":"","overlay-type":"","overlay-color":"","overlay-opacity":"","overlay-gradient":""},"mobile":{"background-color":"var(--ast-global-color-5)","background-image":"","background-repeat":"repeat","background-position":"center center","background-size":"auto","background-attachment":"scroll","background-type":"","background-media":"","overlay-type":"","overlay-color":"","overlay-opacity":"","overlay-gradient":""}}},"product_brand":[],"product_cat":[4470],"product_tag":[4300,4196,4632,317,318,4526,2621,2558,118,3830,316,64,3933,3030,20,2624,3523,2419,4483,2582,3559,18,4301,2285,4595,2206,2629,4633,4485,3174,65,35,4527,4587,4586,32,4518,2396,4588,2650,4585,24,2832,29,4280,319,4281,2368,2397],"class_list":{"0":"post-188800","1":"product","2":"type-product","3":"status-publish","4":"has-post-thumbnail","6":"product_cat-videos","7":"product_tag-alt-anjel","8":"product_tag-animal-scat","9":"product_tag-apron","10":"product_tag-asshole","11":"product_tag-boobs","12":"product_tag-covered-in-cowshit","13":"product_tag-cow-dung","14":"product_tag-cowgirl","15":"product_tag-cowshed","16":"product_tag-cowshit","17":"product_tag-cunt","18":"product_tag-dildo","19":"product_tag-doggystyle","20":"product_tag-download","21":"product_tag-dung","22":"product_tag-farm","23":"product_tag-fingering","24":"product_tag-full-hd","25":"product_tag-girl-in-cowshit","26":"product_tag-jeans","27":"product_tag-jumpsuit","28":"product_tag-manure","29":"product_tag-maria-anjel","30":"product_tag-masturbate","31":"product_tag-masturbating-in-cowshit","32":"product_tag-masturbation","33":"product_tag-messy","34":"product_tag-milking","35":"product_tag-milking-room","36":"product_tag-missionary","37":"product_tag-naked","38":"product_tag-orgasm","39":"product_tag-orgasm-in-cowshit","40":"product_tag-penetration","41":"product_tag-petite","42":"product_tag-pussy","43":"product_tag-pussy-penetration","44":"product_tag-rubber-boots","45":"product_tag-season-6","46":"product_tag-sensual","47":"product_tag-skinny","48":"product_tag-slurry","49":"product_tag-smearing","50":"product_tag-submerging","51":"product_tag-sucking","52":"product_tag-tits","53":"product_tag-toes","54":"product_tag-ultra-hd","55":"product_tag-wellies","56":"pa_length-47-minutes","57":"pa_product-type-digital-download-full-hd-video","58":"pa_product-type-digital-download-ultra-hd-video","59":"pa_product-type-usb-stick","60":"pa_video-info-full-hd-1920x1080p","61":"pa_video-info-ultra-hd-4k","62":"desktop-align-center","63":"tablet-align-left","64":"mobile-align-left","66":"first","67":"instock","68":"shipping-taxable","69":"purchasable","70":"product-type-variable","71":"has-default-attributes"},"exclude_global_add_ons":[],"addons":[],"acf":[],"yoast_head":"<!-- This site is optimized with the Yoast SEO Premium plugin v27.1 (Yoast SEO v27.1.1) - https:\/\/yoast.com\/product\/yoast-seo-premium-wordpress\/ -->\n<title>Maria Anjel Orgasm In The Milking Room - ManureFetish<\/title>\n<meta name=\"description\" content=\"Maria Anjel Returns To The Cowshed, now she&#039;s ready for more, more cowshit, more pussy penetration and orgasm covered in shit.\" \/>\n<meta name=\"robots\" content=\"index, follow, max-snippet:-1, max-image-preview:large, max-video-preview:-1\" \/>\n<link rel=\"canonical\" href=\"https:\/\/manurefetish.com\/es\/shop\/videos\/maria-anjel-orgasm-in-the-milking-room\/\" \/>\n<meta name=\"twitter:card\" content=\"summary_large_image\" \/>\n<meta name=\"twitter:title\" content=\"Maria Anjel Orgasm In The Milking Room - ManureFetish\" \/>\n<meta name=\"twitter:description\" content=\"Maria Anjel Returns To The Cowshed, now she&#039;s ready for more, more cowshit, more pussy penetration and orgasm covered in shit.\" \/>\n<meta name=\"twitter:image\" content=\"https:\/\/manurefetish.b-cdn.net\/wp-content\/uploads\/2025\/12\/orgasm-in-the-milking-room.jpg\" \/>\n<meta name=\"twitter:site\" content=\"@Manurefetisch\" \/>\n<script type=\"application\/ld+json\" class=\"yoast-schema-graph\">{\"@context\":\"https:\/\/schema.org\",\"@graph\":[{\"@type\":\"WebPage\",\"@id\":\"https:\/\/manurefetish.com\/shop\/videos\/maria-anjel-orgasm-in-the-milking-room\/\",\"url\":\"https:\/\/manurefetish.com\/shop\/videos\/maria-anjel-orgasm-in-the-milking-room\/\",\"name\":\"Maria Anjel Orgasm In The Milking Room - ManureFetish\",\"isPartOf\":{\"@id\":\"https:\/\/de.manurefetish.com\/#website\"},\"primaryImageOfPage\":{\"@id\":\"https:\/\/manurefetish.com\/shop\/videos\/maria-anjel-orgasm-in-the-milking-room\/#primaryimage\"},\"image\":{\"@id\":\"https:\/\/manurefetish.com\/shop\/videos\/maria-anjel-orgasm-in-the-milking-room\/#primaryimage\"},\"thumbnailUrl\":\"https:\/\/manurefetish.b-cdn.net\/wp-content\/uploads\/2025\/12\/orgasm-in-the-milking-room.jpg\",\"datePublished\":\"2025-12-19T19:55:25+00:00\",\"dateModified\":\"2026-03-31T18:56:37+00:00\",\"description\":\"Maria Anjel Returns To The Cowshed, now she's ready for more, more cowshit, more pussy penetration and orgasm covered in shit.\",\"breadcrumb\":{\"@id\":\"https:\/\/manurefetish.com\/shop\/videos\/maria-anjel-orgasm-in-the-milking-room\/#breadcrumb\"},\"inLanguage\":\"es\",\"potentialAction\":[{\"@type\":\"ReadAction\",\"target\":[\"https:\/\/manurefetish.com\/shop\/videos\/maria-anjel-orgasm-in-the-milking-room\/\"]}]},{\"@type\":\"ImageObject\",\"inLanguage\":\"es\",\"@id\":\"https:\/\/manurefetish.com\/shop\/videos\/maria-anjel-orgasm-in-the-milking-room\/#primaryimage\",\"url\":\"https:\/\/manurefetish.b-cdn.net\/wp-content\/uploads\/2025\/12\/orgasm-in-the-milking-room.jpg\",\"contentUrl\":\"https:\/\/manurefetish.b-cdn.net\/wp-content\/uploads\/2025\/12\/orgasm-in-the-milking-room.jpg\",\"width\":1728,\"height\":576},{\"@type\":\"BreadcrumbList\",\"@id\":\"https:\/\/manurefetish.com\/shop\/videos\/maria-anjel-orgasm-in-the-milking-room\/#breadcrumb\",\"itemListElement\":[{\"@type\":\"ListItem\",\"position\":1,\"name\":\"Home\",\"item\":\"https:\/\/manurefetish.com\/\"},{\"@type\":\"ListItem\",\"position\":2,\"name\":\"Shop\",\"item\":\"https:\/\/manurefetish.com\/shop\/\"},{\"@type\":\"ListItem\",\"position\":3,\"name\":\"Videos\",\"item\":\"https:\/\/manurefetish.com\/product-category\/videos\/\"},{\"@type\":\"ListItem\",\"position\":4,\"name\":\"Maria Anjel Orgasm In The Milking Room\"}]},{\"@type\":\"WebSite\",\"@id\":\"https:\/\/de.manurefetish.com\/#website\",\"url\":\"https:\/\/de.manurefetish.com\/\",\"name\":\"ManureFetish\",\"description\":\"ManureFetish Shop\",\"publisher\":{\"@id\":\"https:\/\/de.manurefetish.com\/#organization\"},\"potentialAction\":[{\"@type\":\"SearchAction\",\"target\":{\"@type\":\"EntryPoint\",\"urlTemplate\":\"https:\/\/de.manurefetish.com\/?s={search_term_string}\"},\"query-input\":{\"@type\":\"PropertyValueSpecification\",\"valueRequired\":true,\"valueName\":\"search_term_string\"}}],\"inLanguage\":\"es\"},{\"@type\":\"Organization\",\"@id\":\"https:\/\/de.manurefetish.com\/#organization\",\"name\":\"ManureFetish.com\",\"url\":\"https:\/\/de.manurefetish.com\/\",\"logo\":{\"@type\":\"ImageObject\",\"inLanguage\":\"es\",\"@id\":\"https:\/\/de.manurefetish.com\/#\/schema\/logo\/image\/\",\"url\":\"https:\/\/manurefetish.com\/wp-content\/uploads\/2019\/06\/1000xmanurefetishcom-michaela-logo-website-shop.png\",\"contentUrl\":\"https:\/\/manurefetish.com\/wp-content\/uploads\/2019\/06\/1000xmanurefetishcom-michaela-logo-website-shop.png\",\"width\":1000,\"height\":632,\"caption\":\"ManureFetish.com\"},\"image\":{\"@id\":\"https:\/\/de.manurefetish.com\/#\/schema\/logo\/image\/\"},\"sameAs\":[\"https:\/\/www.facebook.com\/manurefetish\/\",\"https:\/\/x.com\/Manurefetisch\",\"https:\/\/www.youtube.com\/c\/ManureFetish\"],\"description\":\"We're creating various fetish content with female and male models alike.\",\"foundingDate\":\"2019-07-04\",\"vatID\":\"DE366928521\",\"numberOfEmployees\":{\"@type\":\"QuantitativeValue\",\"minValue\":\"1\",\"maxValue\":\"10\"}}]}<\/script>\n<meta property=\"og:availability\" content=\"instock\" \/>\n<meta property=\"product:availability\" content=\"instock\" \/>\n<meta property=\"product:retailer_item_id\" content=\"MFW-MAOITMR\" \/>\n<meta property=\"product:condition\" content=\"new\" \/>\n<!-- \/ Yoast SEO Premium plugin. -->","yoast_head_json":{"title":"Maria Anjel Orgasm In The Milking Room - ManureFetish","description":"Maria Anjel vuelve al Cowshed, ahora est\u00e1 lista para m\u00e1s, m\u00e1s mierda de vaca, m\u00e1s penetraci\u00f3n de co\u00f1o y orgasmo cubierto de mierda.","robots":{"index":"index","follow":"follow","max-snippet":"max-snippet:-1","max-image-preview":"max-image-preview:large","max-video-preview":"max-video-preview:-1"},"canonical":"https:\/\/manurefetish.com\/es\/shop\/videos\/maria-anjel-orgasm-in-the-milking-room\/","twitter_card":"summary_large_image","twitter_title":"Maria Anjel Orgasm In The Milking Room - ManureFetish","twitter_description":"Maria Anjel Returns To The Cowshed, now she's ready for more, more cowshit, more pussy penetration and orgasm covered in shit.","twitter_image":"https:\/\/manurefetish.b-cdn.net\/wp-content\/uploads\/2025\/12\/orgasm-in-the-milking-room.jpg","twitter_site":"@Manurefetisch","schema":{"@context":"https:\/\/schema.org","@graph":[{"@type":"WebPage","@id":"https:\/\/manurefetish.com\/shop\/videos\/maria-anjel-orgasm-in-the-milking-room\/","url":"https:\/\/manurefetish.com\/shop\/videos\/maria-anjel-orgasm-in-the-milking-room\/","name":"Maria Anjel Orgasm In The Milking Room - ManureFetish","isPartOf":{"@id":"https:\/\/de.manurefetish.com\/#website"},"primaryImageOfPage":{"@id":"https:\/\/manurefetish.com\/shop\/videos\/maria-anjel-orgasm-in-the-milking-room\/#primaryimage"},"image":{"@id":"https:\/\/manurefetish.com\/shop\/videos\/maria-anjel-orgasm-in-the-milking-room\/#primaryimage"},"thumbnailUrl":"https:\/\/manurefetish.b-cdn.net\/wp-content\/uploads\/2025\/12\/orgasm-in-the-milking-room.jpg","datePublished":"2025-12-19T19:55:25+00:00","dateModified":"2026-03-31T18:56:37+00:00","description":"Maria Anjel vuelve al Cowshed, ahora est\u00e1 lista para m\u00e1s, m\u00e1s mierda de vaca, m\u00e1s penetraci\u00f3n de co\u00f1o y orgasmo cubierto de mierda.","breadcrumb":{"@id":"https:\/\/manurefetish.com\/shop\/videos\/maria-anjel-orgasm-in-the-milking-room\/#breadcrumb"},"inLanguage":"es","potentialAction":[{"@type":"ReadAction","target":["https:\/\/manurefetish.com\/shop\/videos\/maria-anjel-orgasm-in-the-milking-room\/"]}]},{"@type":"ImageObject","inLanguage":"es","@id":"https:\/\/manurefetish.com\/shop\/videos\/maria-anjel-orgasm-in-the-milking-room\/#primaryimage","url":"https:\/\/manurefetish.b-cdn.net\/wp-content\/uploads\/2025\/12\/orgasm-in-the-milking-room.jpg","contentUrl":"https:\/\/manurefetish.b-cdn.net\/wp-content\/uploads\/2025\/12\/orgasm-in-the-milking-room.jpg","width":1728,"height":576},{"@type":"BreadcrumbList","@id":"https:\/\/manurefetish.com\/shop\/videos\/maria-anjel-orgasm-in-the-milking-room\/#breadcrumb","itemListElement":[{"@type":"ListItem","position":1,"name":"Home","item":"https:\/\/manurefetish.com\/"},{"@type":"ListItem","position":2,"name":"Shop","item":"https:\/\/manurefetish.com\/shop\/"},{"@type":"ListItem","position":3,"name":"Videos","item":"https:\/\/manurefetish.com\/product-category\/videos\/"},{"@type":"ListItem","position":4,"name":"Maria Anjel Orgasm In The Milking Room"}]},{"@type":"WebSite","@id":"https:\/\/de.manurefetish.com\/#website","url":"https:\/\/de.manurefetish.com\/","name":"ManureFetish","description":"ManureFetish","publisher":{"@id":"https:\/\/de.manurefetish.com\/#organization"},"potentialAction":[{"@type":"SearchAction","target":{"@type":"EntryPoint","urlTemplate":"https:\/\/de.manurefetish.com\/?s={search_term_string}"},"query-input":{"@type":"PropertyValueSpecification","valueRequired":true,"valueName":"search_term_string"}}],"inLanguage":"es"},{"@type":"Organization","@id":"https:\/\/de.manurefetish.com\/#organization","name":"ManureFetish.com","url":"https:\/\/de.manurefetish.com\/","logo":{"@type":"ImageObject","inLanguage":"es","@id":"https:\/\/de.manurefetish.com\/#\/schema\/logo\/image\/","url":"https:\/\/manurefetish.com\/wp-content\/uploads\/2019\/06\/1000xmanurefetishcom-michaela-logo-website-shop.png","contentUrl":"https:\/\/manurefetish.com\/wp-content\/uploads\/2019\/06\/1000xmanurefetishcom-michaela-logo-website-shop.png","width":1000,"height":632,"caption":"ManureFetish.com"},"image":{"@id":"https:\/\/de.manurefetish.com\/#\/schema\/logo\/image\/"},"sameAs":["https:\/\/www.facebook.com\/manurefetish\/","https:\/\/x.com\/Manurefetisch","https:\/\/www.youtube.com\/c\/ManureFetish"],"description":"Estamos creando diversos contenidos fetichistas con modelos femeninos y masculinos por igual.","foundingDate":"2019-07-04","vatID":"DE366928521","numberOfEmployees":{"@type":"QuantitativeValue","minValue":"1","maxValue":"10"}}]},"og_availability":"instock","product_availability":"instock","product_retailer_item_id":"MFW-MAOITMR","product_condition":"new"},"_links":{"self":[{"href":"https:\/\/manurefetish.com\/es\/wp-json\/wp\/v2\/product\/188800","targetHints":{"allow":["GET"]}}],"collection":[{"href":"https:\/\/manurefetish.com\/es\/wp-json\/wp\/v2\/product"}],"about":[{"href":"https:\/\/manurefetish.com\/es\/wp-json\/wp\/v2\/types\/product"}],"replies":[{"embeddable":true,"href":"https:\/\/manurefetish.com\/es\/wp-json\/wp\/v2\/comments?post=188800"}],"version-history":[{"count":0,"href":"https:\/\/manurefetish.com\/es\/wp-json\/wp\/v2\/product\/188800\/revisions"}],"wp:featuredmedia":[{"embeddable":true,"href":"https:\/\/manurefetish.com\/es\/wp-json\/wp\/v2\/media\/199383"}],"wp:attachment":[{"href":"https:\/\/manurefetish.com\/es\/wp-json\/wp\/v2\/media?parent=188800"}],"wp:term":[{"taxonomy":"product_brand","embeddable":true,"href":"https:\/\/manurefetish.com\/es\/wp-json\/wp\/v2\/product_brand?post=188800"},{"taxonomy":"product_cat","embeddable":true,"href":"https:\/\/manurefetish.com\/es\/wp-json\/wp\/v2\/product_cat?post=188800"},{"taxonomy":"product_tag","embeddable":true,"href":"https:\/\/manurefetish.com\/es\/wp-json\/wp\/v2\/product_tag?post=188800"}],"curies":[{"name":"wp","href":"https:\/\/api.w.org\/{rel}","templated":true}]}}