{"id":188791,"date":"2025-10-31T13:53:55","date_gmt":"2025-10-31T12:53:55","guid":{"rendered":"https:\/\/manurefetish.com\/?post_type=product&#038;p=188791"},"modified":"2026-03-27T02:04:06","modified_gmt":"2026-03-27T01:04:06","slug":"maria-anjel-and-her-cowshit-lagoon","status":"publish","type":"product","link":"https:\/\/manurefetish.com\/es\/shop\/videos\/maria-anjel-and-her-cowshit-lagoon\/","title":{"rendered":"Mar\u00eda Anjel y su laguna de mierda de vaca"},"content":{"rendered":"<p><span style=\"font-weight: 400;\">La nueva granja es muy emocionante para Mar\u00eda, tantos lugares por descubrir, tanta diversi\u00f3n. Detr\u00e1s del establo hay un estercolero que parece muy prometedor. Parece que tiene un gran charco de mierda de vaca cremosa en el centro. Mar\u00eda no lo duda y se acerca al estercolero hasta el centro, donde se sienta. Mete primero los pies empujando a trav\u00e9s de la costra marr\u00f3n y debajo est\u00e1 tan cremosa como ella pensaba. Mar\u00eda se embadurna sensualmente de mierda de vaca los leggings, antes de coger m\u00e1s en las manos y disfrutar de la sensaci\u00f3n de chorrear. Con las manos llenas de mierda de vaca, cubre sus perfectas tetas, ahora est\u00e1 realmente excitada as\u00ed que coge su juguete, empieza a chuparlo y a masturbarse a trav\u00e9s de sus leggings cubiertos de mierda. Maria Anjel est\u00e1 ahora en su elemento, se deja llevar completamente y disfruta cada minuto, cubri\u00e9ndose de mierda de vaca, tumb\u00e1ndose en el cremoso charco mientras folla con sus dedos y su consolador.<\/span><\/p>","protected":false},"excerpt":{"rendered":"<p>The new farm is really exciting for Maria, so many places to discover, so much fun to have. Behind the cowshed there\u2019s a dunghill which looks really promising. It seems like it has a large puddle of creamy cowshit in the middle. Maria doesn\u2019t hesitate and walks right over the dunghill closer to the middle, [&hellip;]<\/p>\n","protected":false},"featured_media":199390,"comment_status":"open","ping_status":"closed","template":"","meta":{"_acf_changed":false,"site-sidebar-layout":"default","site-content-layout":"","ast-site-content-layout":"default","site-content-style":"default","site-sidebar-style":"default","ast-global-header-display":"","ast-banner-title-visibility":"","ast-main-header-display":"","ast-hfb-above-header-display":"","ast-hfb-below-header-display":"","ast-hfb-mobile-header-display":"","site-post-title":"","ast-breadcrumbs-content":"","ast-featured-img":"","footer-sml-layout":"","ast-disable-related-posts":"","theme-transparent-header-meta":"default","adv-header-id-meta":"","stick-header-meta":"","header-above-stick-meta":"","header-main-stick-meta":"","header-below-stick-meta":"","astra-migrate-meta-layouts":"set","ast-page-background-enabled":"default","ast-page-background-meta":{"desktop":{"background-color":"var(--ast-global-color-4)","background-image":"","background-repeat":"repeat","background-position":"center center","background-size":"auto","background-attachment":"scroll","background-type":"","background-media":"","overlay-type":"","overlay-color":"","overlay-opacity":"","overlay-gradient":""},"tablet":{"background-color":"","background-image":"","background-repeat":"repeat","background-position":"center center","background-size":"auto","background-attachment":"scroll","background-type":"","background-media":"","overlay-type":"","overlay-color":"","overlay-opacity":"","overlay-gradient":""},"mobile":{"background-color":"","background-image":"","background-repeat":"repeat","background-position":"center center","background-size":"auto","background-attachment":"scroll","background-type":"","background-media":"","overlay-type":"","overlay-color":"","overlay-opacity":"","overlay-gradient":""}},"ast-content-background-meta":{"desktop":{"background-color":"var(--ast-global-color-5)","background-image":"","background-repeat":"repeat","background-position":"center center","background-size":"auto","background-attachment":"scroll","background-type":"","background-media":"","overlay-type":"","overlay-color":"","overlay-opacity":"","overlay-gradient":""},"tablet":{"background-color":"var(--ast-global-color-5)","background-image":"","background-repeat":"repeat","background-position":"center center","background-size":"auto","background-attachment":"scroll","background-type":"","background-media":"","overlay-type":"","overlay-color":"","overlay-opacity":"","overlay-gradient":""},"mobile":{"background-color":"var(--ast-global-color-5)","background-image":"","background-repeat":"repeat","background-position":"center center","background-size":"auto","background-attachment":"scroll","background-type":"","background-media":"","overlay-type":"","overlay-color":"","overlay-opacity":"","overlay-gradient":""}}},"product_brand":[],"product_cat":[4470],"product_tag":[4300,17,4196,317,318,4526,2621,2558,118,3830,316,64,3933,3030,20,2603,2624,3523,2419,4483,2582,3458,18,4301,2285,4595,2206,2629,3174,4515,65,35,4527,360,4587,4586,32,4518,3299,4588,2650,4585,24,2832,3920,4280,319,4281,2368],"class_list":{"0":"post-188791","1":"product","2":"type-product","3":"status-publish","4":"has-post-thumbnail","6":"product_cat-videos","7":"product_tag-alt-anjel","8":"product_tag-anal","9":"product_tag-animal-scat","10":"product_tag-asshole","11":"product_tag-boobs","12":"product_tag-covered-in-cowshit","13":"product_tag-cow-dung","14":"product_tag-cowgirl","15":"product_tag-cowshed","16":"product_tag-cowshit","17":"product_tag-cunt","18":"product_tag-dildo","19":"product_tag-doggystyle","20":"product_tag-download","21":"product_tag-dung","22":"product_tag-dunghill","23":"product_tag-farm","24":"product_tag-fingering","25":"product_tag-full-hd","26":"product_tag-girl-in-cowshit","27":"product_tag-jeans","28":"product_tag-leggings","29":"product_tag-manure","30":"product_tag-maria-anjel","31":"product_tag-masturbate","32":"product_tag-masturbating-in-cowshit","33":"product_tag-masturbation","34":"product_tag-messy","35":"product_tag-missionary","36":"product_tag-muckheap","37":"product_tag-naked","38":"product_tag-orgasm","39":"product_tag-orgasm-in-cowshit","40":"product_tag-outdoor","41":"product_tag-penetration","42":"product_tag-petite","43":"product_tag-pussy","44":"product_tag-pussy-penetration","45":"product_tag-riding","46":"product_tag-season-6","47":"product_tag-sensual","48":"product_tag-skinny","49":"product_tag-slurry","50":"product_tag-smearing","51":"product_tag-sportswear","52":"product_tag-sucking","53":"product_tag-tits","54":"product_tag-toes","55":"product_tag-ultra-hd","56":"pa_length-51-minutes","57":"pa_product-type-digital-download-full-hd-video","58":"pa_product-type-digital-download-ultra-hd-video","59":"pa_product-type-usb-stick","60":"pa_video-info-full-hd-1920x1080p","61":"pa_video-info-ultra-hd-4k","62":"desktop-align-center","63":"tablet-align-left","64":"mobile-align-left","66":"first","67":"instock","68":"shipping-taxable","69":"purchasable","70":"product-type-variable","71":"has-default-attributes"},"exclude_global_add_ons":[],"addons":[],"acf":[],"yoast_head":"<!-- This site is optimized with the Yoast SEO Premium plugin v27.1 (Yoast SEO v27.1.1) - https:\/\/yoast.com\/product\/yoast-seo-premium-wordpress\/ -->\n<title>Maria Anjel And Her Cowshit Lagoon - ManureFetish<\/title>\n<meta name=\"description\" content=\"Maria Anjel And Her Cowshit Lagoon, she finds a dunghill behind the cowshit with a really creamy puddle in the middle of it.\" \/>\n<meta name=\"robots\" content=\"index, follow, max-snippet:-1, max-image-preview:large, max-video-preview:-1\" \/>\n<link rel=\"canonical\" href=\"https:\/\/manurefetish.com\/es\/shop\/videos\/maria-anjel-and-her-cowshit-lagoon\/\" \/>\n<meta property=\"og:locale\" content=\"es_ES\" \/>\n<meta property=\"og:type\" content=\"article\" \/>\n<meta property=\"og:title\" content=\"Maria Anjel And Her Cowshit Lagoon\" \/>\n<meta property=\"og:description\" content=\"Maria Anjel And Her Cowshit Lagoon, she finds a dunghill behind the cowshit with a really creamy puddle in the middle of it.\" \/>\n<meta property=\"og:url\" content=\"https:\/\/manurefetish.com\/es\/shop\/videos\/maria-anjel-and-her-cowshit-lagoon\/\" \/>\n<meta property=\"og:site_name\" content=\"ManureFetish\" \/>\n<meta property=\"article:publisher\" content=\"https:\/\/www.facebook.com\/manurefetish\/\" \/>\n<meta property=\"article:modified_time\" content=\"2026-03-27T01:04:06+00:00\" \/>\n<meta property=\"og:image\" content=\"https:\/\/manurefetish.com\/wp-content\/uploads\/2025\/10\/maria-anjel-and-her-cowshit-lagoon.jpg\" \/>\n\t<meta property=\"og:image:width\" content=\"1728\" \/>\n\t<meta property=\"og:image:height\" content=\"576\" \/>\n\t<meta property=\"og:image:type\" content=\"image\/jpeg\" \/>\n<meta name=\"twitter:card\" content=\"summary_large_image\" \/>\n<meta name=\"twitter:site\" content=\"@Manurefetisch\" \/>\n<script type=\"application\/ld+json\" class=\"yoast-schema-graph\">{\"@context\":\"https:\/\/schema.org\",\"@graph\":[{\"@type\":\"WebPage\",\"@id\":\"https:\/\/manurefetish.com\/shop\/videos\/maria-anjel-and-her-cowshit-lagoon\/\",\"url\":\"https:\/\/manurefetish.com\/shop\/videos\/maria-anjel-and-her-cowshit-lagoon\/\",\"name\":\"Maria Anjel And Her Cowshit Lagoon - ManureFetish\",\"isPartOf\":{\"@id\":\"https:\/\/manurefetish.com\/#website\"},\"primaryImageOfPage\":{\"@id\":\"https:\/\/manurefetish.com\/shop\/videos\/maria-anjel-and-her-cowshit-lagoon\/#primaryimage\"},\"image\":{\"@id\":\"https:\/\/manurefetish.com\/shop\/videos\/maria-anjel-and-her-cowshit-lagoon\/#primaryimage\"},\"thumbnailUrl\":\"https:\/\/manurefetish.b-cdn.net\/wp-content\/uploads\/2025\/10\/maria-anjel-and-her-cowshit-lagoon.jpg\",\"datePublished\":\"2025-10-31T12:53:55+00:00\",\"dateModified\":\"2026-03-27T01:04:06+00:00\",\"description\":\"Maria Anjel And Her Cowshit Lagoon, she finds a dunghill behind the cowshit with a really creamy puddle in the middle of it.\",\"breadcrumb\":{\"@id\":\"https:\/\/manurefetish.com\/shop\/videos\/maria-anjel-and-her-cowshit-lagoon\/#breadcrumb\"},\"inLanguage\":\"es\",\"potentialAction\":[{\"@type\":\"ReadAction\",\"target\":[\"https:\/\/manurefetish.com\/shop\/videos\/maria-anjel-and-her-cowshit-lagoon\/\"]}]},{\"@type\":\"ImageObject\",\"inLanguage\":\"es\",\"@id\":\"https:\/\/manurefetish.com\/shop\/videos\/maria-anjel-and-her-cowshit-lagoon\/#primaryimage\",\"url\":\"https:\/\/manurefetish.b-cdn.net\/wp-content\/uploads\/2025\/10\/maria-anjel-and-her-cowshit-lagoon.jpg\",\"contentUrl\":\"https:\/\/manurefetish.b-cdn.net\/wp-content\/uploads\/2025\/10\/maria-anjel-and-her-cowshit-lagoon.jpg\",\"width\":1728,\"height\":576},{\"@type\":\"BreadcrumbList\",\"@id\":\"https:\/\/manurefetish.com\/shop\/videos\/maria-anjel-and-her-cowshit-lagoon\/#breadcrumb\",\"itemListElement\":[{\"@type\":\"ListItem\",\"position\":1,\"name\":\"Home\",\"item\":\"https:\/\/manurefetish.com\/\"},{\"@type\":\"ListItem\",\"position\":2,\"name\":\"Shop\",\"item\":\"https:\/\/manurefetish.com\/shop\/\"},{\"@type\":\"ListItem\",\"position\":3,\"name\":\"Videos\",\"item\":\"https:\/\/manurefetish.com\/product-category\/videos\/\"},{\"@type\":\"ListItem\",\"position\":4,\"name\":\"Maria Anjel And Her Cowshit Lagoon\"}]},{\"@type\":\"WebSite\",\"@id\":\"https:\/\/manurefetish.com\/#website\",\"url\":\"https:\/\/manurefetish.com\/\",\"name\":\"ManureFetish\",\"description\":\"ManureFetish Shop\",\"publisher\":{\"@id\":\"https:\/\/manurefetish.com\/#organization\"},\"potentialAction\":[{\"@type\":\"SearchAction\",\"target\":{\"@type\":\"EntryPoint\",\"urlTemplate\":\"https:\/\/manurefetish.com\/?s={search_term_string}\"},\"query-input\":{\"@type\":\"PropertyValueSpecification\",\"valueRequired\":true,\"valueName\":\"search_term_string\"}}],\"inLanguage\":\"es\"},{\"@type\":\"Organization\",\"@id\":\"https:\/\/manurefetish.com\/#organization\",\"name\":\"ManureFetish.com\",\"url\":\"https:\/\/manurefetish.com\/\",\"logo\":{\"@type\":\"ImageObject\",\"inLanguage\":\"es\",\"@id\":\"https:\/\/manurefetish.com\/#\/schema\/logo\/image\/\",\"url\":\"https:\/\/manurefetish.com\/wp-content\/uploads\/2019\/06\/1000xmanurefetishcom-michaela-logo-website-shop.png\",\"contentUrl\":\"https:\/\/manurefetish.com\/wp-content\/uploads\/2019\/06\/1000xmanurefetishcom-michaela-logo-website-shop.png\",\"width\":1000,\"height\":632,\"caption\":\"ManureFetish.com\"},\"image\":{\"@id\":\"https:\/\/manurefetish.com\/#\/schema\/logo\/image\/\"},\"sameAs\":[\"https:\/\/www.facebook.com\/manurefetish\/\",\"https:\/\/x.com\/Manurefetisch\",\"https:\/\/www.youtube.com\/c\/ManureFetish\"],\"description\":\"We're creating various fetish content with female and male models alike.\",\"foundingDate\":\"2019-07-04\",\"vatID\":\"DE366928521\",\"numberOfEmployees\":{\"@type\":\"QuantitativeValue\",\"minValue\":\"1\",\"maxValue\":\"10\"}}]}<\/script>\n<meta property=\"og:availability\" content=\"instock\" \/>\n<meta property=\"product:availability\" content=\"instock\" \/>\n<meta property=\"product:retailer_item_id\" content=\"MFW-MAAHCSL\" \/>\n<meta property=\"product:condition\" content=\"new\" \/>\n<!-- \/ Yoast SEO Premium plugin. -->","yoast_head_json":{"title":"Maria Anjel Y Su Laguna De Mierda De Vaca - ManureFetish","description":"Maria Anjel Y Su Laguna De Mierda De Vaca, encuentra un estercolero detr\u00e1s de la mierda de vaca con un charco muy cremoso en medio.","robots":{"index":"index","follow":"follow","max-snippet":"max-snippet:-1","max-image-preview":"max-image-preview:large","max-video-preview":"max-video-preview:-1"},"canonical":"https:\/\/manurefetish.com\/es\/shop\/videos\/maria-anjel-and-her-cowshit-lagoon\/","og_locale":"es_ES","og_type":"article","og_title":"Maria Anjel And Her Cowshit Lagoon","og_description":"Maria Anjel And Her Cowshit Lagoon, she finds a dunghill behind the cowshit with a really creamy puddle in the middle of it.","og_url":"https:\/\/manurefetish.com\/es\/shop\/videos\/maria-anjel-and-her-cowshit-lagoon\/","og_site_name":"ManureFetish","article_publisher":"https:\/\/www.facebook.com\/manurefetish\/","article_modified_time":"2026-03-27T01:04:06+00:00","og_image":[{"width":1728,"height":576,"url":"https:\/\/manurefetish.com\/wp-content\/uploads\/2025\/10\/maria-anjel-and-her-cowshit-lagoon.jpg","type":"image\/jpeg"}],"twitter_card":"summary_large_image","twitter_site":"@Manurefetisch","schema":{"@context":"https:\/\/schema.org","@graph":[{"@type":"WebPage","@id":"https:\/\/manurefetish.com\/shop\/videos\/maria-anjel-and-her-cowshit-lagoon\/","url":"https:\/\/manurefetish.com\/shop\/videos\/maria-anjel-and-her-cowshit-lagoon\/","name":"Maria Anjel Y Su Laguna De Mierda De Vaca - ManureFetish","isPartOf":{"@id":"https:\/\/manurefetish.com\/#website"},"primaryImageOfPage":{"@id":"https:\/\/manurefetish.com\/shop\/videos\/maria-anjel-and-her-cowshit-lagoon\/#primaryimage"},"image":{"@id":"https:\/\/manurefetish.com\/shop\/videos\/maria-anjel-and-her-cowshit-lagoon\/#primaryimage"},"thumbnailUrl":"https:\/\/manurefetish.b-cdn.net\/wp-content\/uploads\/2025\/10\/maria-anjel-and-her-cowshit-lagoon.jpg","datePublished":"2025-10-31T12:53:55+00:00","dateModified":"2026-03-27T01:04:06+00:00","description":"Maria Anjel Y Su Laguna De Mierda De Vaca, encuentra un estercolero detr\u00e1s de la mierda de vaca con un charco muy cremoso en medio.","breadcrumb":{"@id":"https:\/\/manurefetish.com\/shop\/videos\/maria-anjel-and-her-cowshit-lagoon\/#breadcrumb"},"inLanguage":"es","potentialAction":[{"@type":"ReadAction","target":["https:\/\/manurefetish.com\/shop\/videos\/maria-anjel-and-her-cowshit-lagoon\/"]}]},{"@type":"ImageObject","inLanguage":"es","@id":"https:\/\/manurefetish.com\/shop\/videos\/maria-anjel-and-her-cowshit-lagoon\/#primaryimage","url":"https:\/\/manurefetish.b-cdn.net\/wp-content\/uploads\/2025\/10\/maria-anjel-and-her-cowshit-lagoon.jpg","contentUrl":"https:\/\/manurefetish.b-cdn.net\/wp-content\/uploads\/2025\/10\/maria-anjel-and-her-cowshit-lagoon.jpg","width":1728,"height":576},{"@type":"BreadcrumbList","@id":"https:\/\/manurefetish.com\/shop\/videos\/maria-anjel-and-her-cowshit-lagoon\/#breadcrumb","itemListElement":[{"@type":"ListItem","position":1,"name":"Home","item":"https:\/\/manurefetish.com\/"},{"@type":"ListItem","position":2,"name":"Shop","item":"https:\/\/manurefetish.com\/shop\/"},{"@type":"ListItem","position":3,"name":"Videos","item":"https:\/\/manurefetish.com\/product-category\/videos\/"},{"@type":"ListItem","position":4,"name":"Maria Anjel And Her Cowshit Lagoon"}]},{"@type":"WebSite","@id":"https:\/\/manurefetish.com\/#website","url":"https:\/\/manurefetish.com\/","name":"ManureFetish","description":"ManureFetish","publisher":{"@id":"https:\/\/manurefetish.com\/#organization"},"potentialAction":[{"@type":"SearchAction","target":{"@type":"EntryPoint","urlTemplate":"https:\/\/manurefetish.com\/?s={search_term_string}"},"query-input":{"@type":"PropertyValueSpecification","valueRequired":true,"valueName":"search_term_string"}}],"inLanguage":"es"},{"@type":"Organization","@id":"https:\/\/manurefetish.com\/#organization","name":"ManureFetish.com","url":"https:\/\/manurefetish.com\/","logo":{"@type":"ImageObject","inLanguage":"es","@id":"https:\/\/manurefetish.com\/#\/schema\/logo\/image\/","url":"https:\/\/manurefetish.com\/wp-content\/uploads\/2019\/06\/1000xmanurefetishcom-michaela-logo-website-shop.png","contentUrl":"https:\/\/manurefetish.com\/wp-content\/uploads\/2019\/06\/1000xmanurefetishcom-michaela-logo-website-shop.png","width":1000,"height":632,"caption":"ManureFetish.com"},"image":{"@id":"https:\/\/manurefetish.com\/#\/schema\/logo\/image\/"},"sameAs":["https:\/\/www.facebook.com\/manurefetish\/","https:\/\/x.com\/Manurefetisch","https:\/\/www.youtube.com\/c\/ManureFetish"],"description":"Estamos creando diversos contenidos fetichistas con modelos femeninos y masculinos por igual.","foundingDate":"2019-07-04","vatID":"DE366928521","numberOfEmployees":{"@type":"QuantitativeValue","minValue":"1","maxValue":"10"}}]},"og_availability":"instock","product_availability":"instock","product_retailer_item_id":"MFW-MAAHCSL","product_condition":"new"},"_links":{"self":[{"href":"https:\/\/manurefetish.com\/es\/wp-json\/wp\/v2\/product\/188791","targetHints":{"allow":["GET"]}}],"collection":[{"href":"https:\/\/manurefetish.com\/es\/wp-json\/wp\/v2\/product"}],"about":[{"href":"https:\/\/manurefetish.com\/es\/wp-json\/wp\/v2\/types\/product"}],"replies":[{"embeddable":true,"href":"https:\/\/manurefetish.com\/es\/wp-json\/wp\/v2\/comments?post=188791"}],"version-history":[{"count":0,"href":"https:\/\/manurefetish.com\/es\/wp-json\/wp\/v2\/product\/188791\/revisions"}],"wp:featuredmedia":[{"embeddable":true,"href":"https:\/\/manurefetish.com\/es\/wp-json\/wp\/v2\/media\/199390"}],"wp:attachment":[{"href":"https:\/\/manurefetish.com\/es\/wp-json\/wp\/v2\/media?parent=188791"}],"wp:term":[{"taxonomy":"product_brand","embeddable":true,"href":"https:\/\/manurefetish.com\/es\/wp-json\/wp\/v2\/product_brand?post=188791"},{"taxonomy":"product_cat","embeddable":true,"href":"https:\/\/manurefetish.com\/es\/wp-json\/wp\/v2\/product_cat?post=188791"},{"taxonomy":"product_tag","embeddable":true,"href":"https:\/\/manurefetish.com\/es\/wp-json\/wp\/v2\/product_tag?post=188791"}],"curies":[{"name":"wp","href":"https:\/\/api.w.org\/{rel}","templated":true}]}}