{"id":188776,"date":"2025-12-01T01:00:43","date_gmt":"2025-12-01T00:00:43","guid":{"rendered":"https:\/\/manurefetish.com\/?post_type=product&#038;p=188776"},"modified":"2026-04-30T00:51:19","modified_gmt":"2026-04-29T22:51:19","slug":"kaitlyn-katsaros-lyndra-lynn-two-girls-one-farm","status":"publish","type":"product","link":"https:\/\/manurefetish.com\/es\/shop\/videos\/kaitlyn-katsaros-lyndra-lynn-two-girls-one-farm\/","title":{"rendered":"Kaitlyn Katsaros Lyndra Lynn - Dos chicas, una granja"},"content":{"rendered":"<p>Dos chicas y una granja, Kaitlyn Katsaros y Lyndra Lynn juntas en un hermoso d\u00eda, dispuestas a explorar todo lo que la granja tiene que ofrecer. Cuando cruzan el patio, ven la pocilga, con un cerdo ya fuera esperando. Entran juntas en la pocilga y no pueden creer la cantidad de mierda de cerdo que hay por ah\u00ed. Inmediatamente empiezan a cubrirse mutuamente, ensuci\u00e1ndose la ropa y los cuerpos. Lyndra lame y folla el co\u00f1o de Kaitlyns con su lengua y juguetes. Ambas chicas quieren explorar m\u00e1s, as\u00ed que caminan por el establo hasta un estercolero realmente cremoso con montones de mierda de vaca. Ambas se suben a \u00e9l y se hunden lentamente en la cremosa mierda. Ambas disfrutan la una de la otra, mientras se meten los dedos y se follan sus co\u00f1os y culos. Ahora est\u00e1n completamente cubiertos de mierda de cerdo y de vaca, pero no tienen bastante, saben que la granja tiene a\u00fan m\u00e1s que ofrecer, as\u00ed que bajan del estercolero y entran en el establo. Dentro del establo, todo el suelo est\u00e1 cubierto de cremosa mierda de vaca. No pueden creer lo que ven, esto es un para\u00edso para ellos. Se revuelcan por el suelo disfrutando de la sensaci\u00f3n de estar completamente cubiertos de toda esa mierda. Se follan como si no hubiera un ma\u00f1ana. Al cabo de un rato ambos deciden volver al principio en la pocilga para echar un \u00faltimo buen polvo all\u00ed.<\/p>","protected":false},"excerpt":{"rendered":"<p>Two girls and one farm, Kaitlyn Katsaros and Lyndra Lynn together on a beautiful day, ready to explore everything the farm has to offer. As they walk across the yard, they see the pig pen, with one pig already outside waiting. They get in the pig pen together and can\u2019t believe how much pigshit is [&hellip;]<\/p>\n","protected":false},"featured_media":199386,"comment_status":"open","ping_status":"closed","template":"","meta":{"_acf_changed":false,"site-sidebar-layout":"default","site-content-layout":"","ast-site-content-layout":"default","site-content-style":"default","site-sidebar-style":"default","ast-global-header-display":"","ast-banner-title-visibility":"","ast-main-header-display":"","ast-hfb-above-header-display":"","ast-hfb-below-header-display":"","ast-hfb-mobile-header-display":"","site-post-title":"","ast-breadcrumbs-content":"","ast-featured-img":"","footer-sml-layout":"","ast-disable-related-posts":"","theme-transparent-header-meta":"default","adv-header-id-meta":"","stick-header-meta":"","header-above-stick-meta":"","header-main-stick-meta":"","header-below-stick-meta":"","astra-migrate-meta-layouts":"set","ast-page-background-enabled":"default","ast-page-background-meta":{"desktop":{"background-color":"var(--ast-global-color-4)","background-image":"","background-repeat":"repeat","background-position":"center center","background-size":"auto","background-attachment":"scroll","background-type":"","background-media":"","overlay-type":"","overlay-color":"","overlay-opacity":"","overlay-gradient":""},"tablet":{"background-color":"","background-image":"","background-repeat":"repeat","background-position":"center center","background-size":"auto","background-attachment":"scroll","background-type":"","background-media":"","overlay-type":"","overlay-color":"","overlay-opacity":"","overlay-gradient":""},"mobile":{"background-color":"","background-image":"","background-repeat":"repeat","background-position":"center center","background-size":"auto","background-attachment":"scroll","background-type":"","background-media":"","overlay-type":"","overlay-color":"","overlay-opacity":"","overlay-gradient":""}},"ast-content-background-meta":{"desktop":{"background-color":"var(--ast-global-color-5)","background-image":"","background-repeat":"repeat","background-position":"center center","background-size":"auto","background-attachment":"scroll","background-type":"","background-media":"","overlay-type":"","overlay-color":"","overlay-opacity":"","overlay-gradient":""},"tablet":{"background-color":"var(--ast-global-color-5)","background-image":"","background-repeat":"repeat","background-position":"center center","background-size":"auto","background-attachment":"scroll","background-type":"","background-media":"","overlay-type":"","overlay-color":"","overlay-opacity":"","overlay-gradient":""},"mobile":{"background-color":"var(--ast-global-color-5)","background-image":"","background-repeat":"repeat","background-position":"center center","background-size":"auto","background-attachment":"scroll","background-type":"","background-media":"","overlay-type":"","overlay-color":"","overlay-opacity":"","overlay-gradient":""}}},"product_brand":[],"product_cat":[4470],"product_tag":[2577,17,3433,4196,317,2555,3435,318,2675,2632,2551,2621,118,3830,2771,316,64,3865,3933,3489,3030,20,4260,2603,2624,4530,4378,3456,3457,320,4519,4622,3523,3334,2419,4483,4528,4618,1126,4276,3458,2707,4529,3827,2841,3894,18,2285,2206,2629,3174,4620,65,35,360,2904,4489,4619,4270,4488,4523,4137,4355,4387,32,2553,4135,3540,4588,2650,4482,3778,4377,3740,3509,4386,4385,24,2832,4621,29,4280,4282,4281,2368,4278,4379,4380],"class_list":{"0":"post-188776","1":"product","2":"type-product","3":"status-publish","4":"has-post-thumbnail","6":"product_cat-videos","7":"product_tag-2577","8":"product_tag-anal","9":"product_tag-animal-poop","10":"product_tag-animal-scat","11":"product_tag-asshole","12":"product_tag-blowjob","13":"product_tag-bondage-2","14":"product_tag-boobs","15":"product_tag-boots","16":"product_tag-bra","17":"product_tag-couple","18":"product_tag-cow-dung","19":"product_tag-cowshed","20":"product_tag-cowshit","21":"product_tag-creamy","22":"product_tag-cunt","23":"product_tag-dildo","24":"product_tag-dirndl","25":"product_tag-doggystyle","26":"product_tag-double-dildo","27":"product_tag-download","28":"product_tag-dung","29":"product_tag-dung-pile","30":"product_tag-dunghill","31":"product_tag-farm","32":"product_tag-farmgirls","33":"product_tag-farmhand","34":"product_tag-fart","35":"product_tag-farting","36":"product_tag-feet","37":"product_tag-feet-licking","38":"product_tag-female-orgasm","39":"product_tag-fingering","40":"product_tag-fisting","41":"product_tag-full-hd","42":"product_tag-girl-in-cowshit","43":"product_tag-girls-in-cowshit","44":"product_tag-girls-in-pigshit","45":"product_tag-indoor","46":"product_tag-kaitlyn-katsaros","47":"product_tag-leggings","48":"product_tag-lesbian","49":"product_tag-lesbians-in-cowshit","50":"product_tag-licking","51":"product_tag-lyndra-lynn","52":"product_tag-lyndra-lynns-filme-2","53":"product_tag-manure","54":"product_tag-masturbate","55":"product_tag-masturbation","56":"product_tag-messy","57":"product_tag-missionary","58":"product_tag-muck-pile","59":"product_tag-naked","60":"product_tag-orgasm","61":"product_tag-outdoor","62":"product_tag-pig","63":"product_tag-pig-pen","64":"product_tag-pig-poop","65":"product_tag-pig-shit","66":"product_tag-pigs","67":"product_tag-pigshit","68":"product_tag-pooping","69":"product_tag-puke","70":"product_tag-punches","71":"product_tag-pussy","72":"product_tag-pussy-licking","73":"product_tag-scat","74":"product_tag-scissoring","75":"product_tag-season-6","76":"product_tag-sensual","77":"product_tag-sex-in-cowshit","78":"product_tag-sextoys-2","79":"product_tag-shovel","80":"product_tag-sinking","81":"product_tag-skirt","82":"product_tag-slapping","83":"product_tag-slaps","84":"product_tag-slurry","85":"product_tag-smearing","86":"product_tag-stuck","87":"product_tag-submerging","88":"product_tag-sucking","89":"product_tag-toe-licking","90":"product_tag-toes","91":"product_tag-ultra-hd","92":"product_tag-vomit","93":"product_tag-vomitting","94":"product_tag-worker","95":"pa_length-48-minutes","96":"pa_product-type-digital-download-full-hd-video","97":"pa_product-type-digital-download-ultra-hd-video","98":"pa_product-type-usb-stick","99":"pa_video-info-full-hd-1920x1080p","100":"pa_video-info-ultra-hd-4k","101":"desktop-align-center","102":"tablet-align-left","103":"mobile-align-left","105":"first","106":"instock","107":"shipping-taxable","108":"purchasable","109":"product-type-variable"},"exclude_global_add_ons":[],"addons":[],"acf":[],"yoast_head":"<!-- This site is optimized with the Yoast SEO Premium plugin v27.1 (Yoast SEO v27.1.1) - https:\/\/yoast.com\/product\/yoast-seo-premium-wordpress\/ -->\n<title>Kaitlyn Katsaros Lyndra Lynn - Two Girls One Farm - ManureFetish<\/title>\n<meta name=\"description\" content=\"Kaitlyn Katsaros Lyndra Lynn - Farm Life Of Cowshit Lovers, Lyndra and Kaitlyn on a big tour on the farm, with lots of sex and cowshit.\" \/>\n<meta name=\"robots\" content=\"index, follow, max-snippet:-1, max-image-preview:large, max-video-preview:-1\" \/>\n<link rel=\"canonical\" href=\"https:\/\/manurefetish.com\/es\/shop\/videos\/kaitlyn-katsaros-lyndra-lynn-two-girls-one-farm\/\" \/>\n<meta name=\"twitter:card\" content=\"summary_large_image\" \/>\n<meta name=\"twitter:title\" content=\"Kaitlyn Katsaros Lyndra Lynn - Two Girls One Farm - ManureFetish\" \/>\n<meta name=\"twitter:description\" content=\"Kaitlyn Katsaros Lyndra Lynn - Farm Life Of Cowshit Lovers, Lyndra and Kaitlyn on a big tour on the farm, with lots of sex and cowshit.\" \/>\n<meta name=\"twitter:image\" content=\"https:\/\/manurefetish.b-cdn.net\/wp-content\/uploads\/2025\/12\/two-girls-one-farm.jpg\" \/>\n<meta name=\"twitter:site\" content=\"@Manurefetisch\" \/>\n<script type=\"application\/ld+json\" class=\"yoast-schema-graph\">{\"@context\":\"https:\/\/schema.org\",\"@graph\":[{\"@type\":\"WebPage\",\"@id\":\"https:\/\/manurefetish.com\/shop\/videos\/kaitlyn-katsaros-lyndra-lynn-two-girls-one-farm\/\",\"url\":\"https:\/\/manurefetish.com\/shop\/videos\/kaitlyn-katsaros-lyndra-lynn-two-girls-one-farm\/\",\"name\":\"Kaitlyn Katsaros Lyndra Lynn - Two Girls One Farm - ManureFetish\",\"isPartOf\":{\"@id\":\"https:\/\/de.manurefetish.com\/#website\"},\"primaryImageOfPage\":{\"@id\":\"https:\/\/manurefetish.com\/shop\/videos\/kaitlyn-katsaros-lyndra-lynn-two-girls-one-farm\/#primaryimage\"},\"image\":{\"@id\":\"https:\/\/manurefetish.com\/shop\/videos\/kaitlyn-katsaros-lyndra-lynn-two-girls-one-farm\/#primaryimage\"},\"thumbnailUrl\":\"https:\/\/manurefetish.b-cdn.net\/wp-content\/uploads\/2025\/12\/two-girls-one-farm.jpg\",\"datePublished\":\"2025-12-01T00:00:43+00:00\",\"dateModified\":\"2026-04-29T22:51:19+00:00\",\"description\":\"Kaitlyn Katsaros Lyndra Lynn - Farm Life Of Cowshit Lovers, Lyndra and Kaitlyn on a big tour on the farm, with lots of sex and cowshit.\",\"breadcrumb\":{\"@id\":\"https:\/\/manurefetish.com\/shop\/videos\/kaitlyn-katsaros-lyndra-lynn-two-girls-one-farm\/#breadcrumb\"},\"inLanguage\":\"es\",\"potentialAction\":[{\"@type\":\"ReadAction\",\"target\":[\"https:\/\/manurefetish.com\/shop\/videos\/kaitlyn-katsaros-lyndra-lynn-two-girls-one-farm\/\"]}]},{\"@type\":\"ImageObject\",\"inLanguage\":\"es\",\"@id\":\"https:\/\/manurefetish.com\/shop\/videos\/kaitlyn-katsaros-lyndra-lynn-two-girls-one-farm\/#primaryimage\",\"url\":\"https:\/\/manurefetish.b-cdn.net\/wp-content\/uploads\/2025\/12\/two-girls-one-farm.jpg\",\"contentUrl\":\"https:\/\/manurefetish.b-cdn.net\/wp-content\/uploads\/2025\/12\/two-girls-one-farm.jpg\",\"width\":1728,\"height\":576},{\"@type\":\"BreadcrumbList\",\"@id\":\"https:\/\/manurefetish.com\/shop\/videos\/kaitlyn-katsaros-lyndra-lynn-two-girls-one-farm\/#breadcrumb\",\"itemListElement\":[{\"@type\":\"ListItem\",\"position\":1,\"name\":\"Home\",\"item\":\"https:\/\/manurefetish.com\/\"},{\"@type\":\"ListItem\",\"position\":2,\"name\":\"Shop\",\"item\":\"https:\/\/manurefetish.com\/shop\/\"},{\"@type\":\"ListItem\",\"position\":3,\"name\":\"Videos\",\"item\":\"https:\/\/manurefetish.com\/product-category\/videos\/\"},{\"@type\":\"ListItem\",\"position\":4,\"name\":\"Kaitlyn Katsaros Lyndra Lynn &#8211; Two Girls One Farm\"}]},{\"@type\":\"WebSite\",\"@id\":\"https:\/\/de.manurefetish.com\/#website\",\"url\":\"https:\/\/de.manurefetish.com\/\",\"name\":\"ManureFetish\",\"description\":\"ManureFetish Shop\",\"publisher\":{\"@id\":\"https:\/\/de.manurefetish.com\/#organization\"},\"potentialAction\":[{\"@type\":\"SearchAction\",\"target\":{\"@type\":\"EntryPoint\",\"urlTemplate\":\"https:\/\/de.manurefetish.com\/?s={search_term_string}\"},\"query-input\":{\"@type\":\"PropertyValueSpecification\",\"valueRequired\":true,\"valueName\":\"search_term_string\"}}],\"inLanguage\":\"es\"},{\"@type\":\"Organization\",\"@id\":\"https:\/\/de.manurefetish.com\/#organization\",\"name\":\"ManureFetish.com\",\"url\":\"https:\/\/de.manurefetish.com\/\",\"logo\":{\"@type\":\"ImageObject\",\"inLanguage\":\"es\",\"@id\":\"https:\/\/de.manurefetish.com\/#\/schema\/logo\/image\/\",\"url\":\"https:\/\/manurefetish.com\/wp-content\/uploads\/2019\/06\/1000xmanurefetishcom-michaela-logo-website-shop.png\",\"contentUrl\":\"https:\/\/manurefetish.com\/wp-content\/uploads\/2019\/06\/1000xmanurefetishcom-michaela-logo-website-shop.png\",\"width\":1000,\"height\":632,\"caption\":\"ManureFetish.com\"},\"image\":{\"@id\":\"https:\/\/de.manurefetish.com\/#\/schema\/logo\/image\/\"},\"sameAs\":[\"https:\/\/www.facebook.com\/manurefetish\/\",\"https:\/\/x.com\/Manurefetisch\",\"https:\/\/www.youtube.com\/c\/ManureFetish\"],\"description\":\"We're creating various fetish content with female and male models alike.\",\"foundingDate\":\"2019-07-04\",\"vatID\":\"DE366928521\",\"numberOfEmployees\":{\"@type\":\"QuantitativeValue\",\"minValue\":\"1\",\"maxValue\":\"10\"}}]}<\/script>\n<meta property=\"og:availability\" content=\"instock\" \/>\n<meta property=\"product:availability\" content=\"instock\" \/>\n<meta property=\"product:retailer_item_id\" content=\"MFW-KKLL-TGOF\" \/>\n<meta property=\"product:condition\" content=\"new\" \/>\n<!-- \/ Yoast SEO Premium plugin. -->","yoast_head_json":{"title":"Kaitlyn Katsaros Lyndra Lynn - Dos chicas una granja - ManureFetish","description":"Kaitlyn Katsaros Lyndra Lynn - Farm Life Of Cowshit Amantes, Lyndra y Kaitlyn en una gran excursi\u00f3n por la granja, con mucho sexo y mierda de vaca.","robots":{"index":"index","follow":"follow","max-snippet":"max-snippet:-1","max-image-preview":"max-image-preview:large","max-video-preview":"max-video-preview:-1"},"canonical":"https:\/\/manurefetish.com\/es\/shop\/videos\/kaitlyn-katsaros-lyndra-lynn-two-girls-one-farm\/","twitter_card":"summary_large_image","twitter_title":"Kaitlyn Katsaros Lyndra Lynn - Two Girls One Farm - ManureFetish","twitter_description":"Kaitlyn Katsaros Lyndra Lynn - Farm Life Of Cowshit Lovers, Lyndra and Kaitlyn on a big tour on the farm, with lots of sex and cowshit.","twitter_image":"https:\/\/manurefetish.b-cdn.net\/wp-content\/uploads\/2025\/12\/two-girls-one-farm.jpg","twitter_site":"@Manurefetisch","schema":{"@context":"https:\/\/schema.org","@graph":[{"@type":"WebPage","@id":"https:\/\/manurefetish.com\/shop\/videos\/kaitlyn-katsaros-lyndra-lynn-two-girls-one-farm\/","url":"https:\/\/manurefetish.com\/shop\/videos\/kaitlyn-katsaros-lyndra-lynn-two-girls-one-farm\/","name":"Kaitlyn Katsaros Lyndra Lynn - Dos chicas una granja - ManureFetish","isPartOf":{"@id":"https:\/\/de.manurefetish.com\/#website"},"primaryImageOfPage":{"@id":"https:\/\/manurefetish.com\/shop\/videos\/kaitlyn-katsaros-lyndra-lynn-two-girls-one-farm\/#primaryimage"},"image":{"@id":"https:\/\/manurefetish.com\/shop\/videos\/kaitlyn-katsaros-lyndra-lynn-two-girls-one-farm\/#primaryimage"},"thumbnailUrl":"https:\/\/manurefetish.b-cdn.net\/wp-content\/uploads\/2025\/12\/two-girls-one-farm.jpg","datePublished":"2025-12-01T00:00:43+00:00","dateModified":"2026-04-29T22:51:19+00:00","description":"Kaitlyn Katsaros Lyndra Lynn - Farm Life Of Cowshit Amantes, Lyndra y Kaitlyn en una gran excursi\u00f3n por la granja, con mucho sexo y mierda de vaca.","breadcrumb":{"@id":"https:\/\/manurefetish.com\/shop\/videos\/kaitlyn-katsaros-lyndra-lynn-two-girls-one-farm\/#breadcrumb"},"inLanguage":"es","potentialAction":[{"@type":"ReadAction","target":["https:\/\/manurefetish.com\/shop\/videos\/kaitlyn-katsaros-lyndra-lynn-two-girls-one-farm\/"]}]},{"@type":"ImageObject","inLanguage":"es","@id":"https:\/\/manurefetish.com\/shop\/videos\/kaitlyn-katsaros-lyndra-lynn-two-girls-one-farm\/#primaryimage","url":"https:\/\/manurefetish.b-cdn.net\/wp-content\/uploads\/2025\/12\/two-girls-one-farm.jpg","contentUrl":"https:\/\/manurefetish.b-cdn.net\/wp-content\/uploads\/2025\/12\/two-girls-one-farm.jpg","width":1728,"height":576},{"@type":"BreadcrumbList","@id":"https:\/\/manurefetish.com\/shop\/videos\/kaitlyn-katsaros-lyndra-lynn-two-girls-one-farm\/#breadcrumb","itemListElement":[{"@type":"ListItem","position":1,"name":"Home","item":"https:\/\/manurefetish.com\/"},{"@type":"ListItem","position":2,"name":"Shop","item":"https:\/\/manurefetish.com\/shop\/"},{"@type":"ListItem","position":3,"name":"Videos","item":"https:\/\/manurefetish.com\/product-category\/videos\/"},{"@type":"ListItem","position":4,"name":"Kaitlyn Katsaros Lyndra Lynn &#8211; Two Girls One Farm"}]},{"@type":"WebSite","@id":"https:\/\/de.manurefetish.com\/#website","url":"https:\/\/de.manurefetish.com\/","name":"ManureFetish","description":"ManureFetish","publisher":{"@id":"https:\/\/de.manurefetish.com\/#organization"},"potentialAction":[{"@type":"SearchAction","target":{"@type":"EntryPoint","urlTemplate":"https:\/\/de.manurefetish.com\/?s={search_term_string}"},"query-input":{"@type":"PropertyValueSpecification","valueRequired":true,"valueName":"search_term_string"}}],"inLanguage":"es"},{"@type":"Organization","@id":"https:\/\/de.manurefetish.com\/#organization","name":"ManureFetish.com","url":"https:\/\/de.manurefetish.com\/","logo":{"@type":"ImageObject","inLanguage":"es","@id":"https:\/\/de.manurefetish.com\/#\/schema\/logo\/image\/","url":"https:\/\/manurefetish.com\/wp-content\/uploads\/2019\/06\/1000xmanurefetishcom-michaela-logo-website-shop.png","contentUrl":"https:\/\/manurefetish.com\/wp-content\/uploads\/2019\/06\/1000xmanurefetishcom-michaela-logo-website-shop.png","width":1000,"height":632,"caption":"ManureFetish.com"},"image":{"@id":"https:\/\/de.manurefetish.com\/#\/schema\/logo\/image\/"},"sameAs":["https:\/\/www.facebook.com\/manurefetish\/","https:\/\/x.com\/Manurefetisch","https:\/\/www.youtube.com\/c\/ManureFetish"],"description":"Estamos creando diversos contenidos fetichistas con modelos femeninos y masculinos por igual.","foundingDate":"2019-07-04","vatID":"DE366928521","numberOfEmployees":{"@type":"QuantitativeValue","minValue":"1","maxValue":"10"}}]},"og_availability":"instock","product_availability":"instock","product_retailer_item_id":"MFW-KKLL-TGOF","product_condition":"new"},"_links":{"self":[{"href":"https:\/\/manurefetish.com\/es\/wp-json\/wp\/v2\/product\/188776","targetHints":{"allow":["GET"]}}],"collection":[{"href":"https:\/\/manurefetish.com\/es\/wp-json\/wp\/v2\/product"}],"about":[{"href":"https:\/\/manurefetish.com\/es\/wp-json\/wp\/v2\/types\/product"}],"replies":[{"embeddable":true,"href":"https:\/\/manurefetish.com\/es\/wp-json\/wp\/v2\/comments?post=188776"}],"version-history":[{"count":0,"href":"https:\/\/manurefetish.com\/es\/wp-json\/wp\/v2\/product\/188776\/revisions"}],"wp:featuredmedia":[{"embeddable":true,"href":"https:\/\/manurefetish.com\/es\/wp-json\/wp\/v2\/media\/199386"}],"wp:attachment":[{"href":"https:\/\/manurefetish.com\/es\/wp-json\/wp\/v2\/media?parent=188776"}],"wp:term":[{"taxonomy":"product_brand","embeddable":true,"href":"https:\/\/manurefetish.com\/es\/wp-json\/wp\/v2\/product_brand?post=188776"},{"taxonomy":"product_cat","embeddable":true,"href":"https:\/\/manurefetish.com\/es\/wp-json\/wp\/v2\/product_cat?post=188776"},{"taxonomy":"product_tag","embeddable":true,"href":"https:\/\/manurefetish.com\/es\/wp-json\/wp\/v2\/product_tag?post=188776"}],"curies":[{"name":"wp","href":"https:\/\/api.w.org\/{rel}","templated":true}]}}