{"id":188771,"date":"2026-01-02T13:00:45","date_gmt":"2026-01-02T12:00:45","guid":{"rendered":"https:\/\/manurefetish.com\/?post_type=product&#038;p=188771"},"modified":"2026-03-24T15:11:49","modified_gmt":"2026-03-24T14:11:49","slug":"kaitlyn-katsaros-fucked-on-the-dunghill","status":"publish","type":"product","link":"https:\/\/manurefetish.com\/es\/shop\/videos\/kaitlyn-katsaros-fucked-on-the-dunghill\/","title":{"rendered":"Kaitlyn Katsaros Follada En La Cuesta"},"content":{"rendered":"<p>Es una noche agradable en la granja, Kaitlyn y su novio van a una cita especial juntos. Kaitlyn Katsaros encontr\u00f3 otro lugar agradable en la granja que pueden probar juntos. En el borde de la dunghill Kaitlyn explica a su novio que esto es un poco diferente que el otro lugar, pero que ambos lo disfruten tambi\u00e9n. Su novio la empuja dentro de la Dunghill, Kaitlyn est\u00e1 completamente cubierta de cowshit al principio molesta pero r\u00e1pidamente se excita por el olor que desprende. Ella comienza a darle una buena mamada, antes de que \u00e9l comienza a follarla. Ambos disfrutan mucho de su tiempo juntos en el dunghill, follando por todas partes y dentro de ella en todas las posiciones que se te ocurran.<\/p>","protected":false},"excerpt":{"rendered":"<p>It&#8217;s a nice evening on the farm, Kaitlyn and her Boyfriend are going on a special date together. Kaitlyn Katsaros found another nice spot on the farm which they can try out together. At the edge of the dunghill Kaitlyn explains to her Boyfriend that this is a bit different then the other place but [&hellip;]<\/p>\n","protected":false},"featured_media":199334,"comment_status":"open","ping_status":"closed","template":"","meta":{"_acf_changed":false,"site-sidebar-layout":"default","site-content-layout":"","ast-site-content-layout":"default","site-content-style":"default","site-sidebar-style":"default","ast-global-header-display":"","ast-banner-title-visibility":"","ast-main-header-display":"","ast-hfb-above-header-display":"","ast-hfb-below-header-display":"","ast-hfb-mobile-header-display":"","site-post-title":"","ast-breadcrumbs-content":"","ast-featured-img":"","footer-sml-layout":"","ast-disable-related-posts":"","theme-transparent-header-meta":"default","adv-header-id-meta":"","stick-header-meta":"","header-above-stick-meta":"","header-main-stick-meta":"","header-below-stick-meta":"","astra-migrate-meta-layouts":"set","ast-page-background-enabled":"default","ast-page-background-meta":{"desktop":{"background-color":"var(--ast-global-color-4)","background-image":"","background-repeat":"repeat","background-position":"center center","background-size":"auto","background-attachment":"scroll","background-type":"","background-media":"","overlay-type":"","overlay-color":"","overlay-opacity":"","overlay-gradient":""},"tablet":{"background-color":"","background-image":"","background-repeat":"repeat","background-position":"center center","background-size":"auto","background-attachment":"scroll","background-type":"","background-media":"","overlay-type":"","overlay-color":"","overlay-opacity":"","overlay-gradient":""},"mobile":{"background-color":"","background-image":"","background-repeat":"repeat","background-position":"center center","background-size":"auto","background-attachment":"scroll","background-type":"","background-media":"","overlay-type":"","overlay-color":"","overlay-opacity":"","overlay-gradient":""}},"ast-content-background-meta":{"desktop":{"background-color":"var(--ast-global-color-5)","background-image":"","background-repeat":"repeat","background-position":"center center","background-size":"auto","background-attachment":"scroll","background-type":"","background-media":"","overlay-type":"","overlay-color":"","overlay-opacity":"","overlay-gradient":""},"tablet":{"background-color":"var(--ast-global-color-5)","background-image":"","background-repeat":"repeat","background-position":"center center","background-size":"auto","background-attachment":"scroll","background-type":"","background-media":"","overlay-type":"","overlay-color":"","overlay-opacity":"","overlay-gradient":""},"mobile":{"background-color":"var(--ast-global-color-5)","background-image":"","background-repeat":"repeat","background-position":"center center","background-size":"auto","background-attachment":"scroll","background-type":"","background-media":"","overlay-type":"","overlay-color":"","overlay-opacity":"","overlay-gradient":""}}},"product_brand":[],"product_cat":[4470],"product_tag":[17,4511,4319,3433,4196,4520,317,2555,3435,318,4140,2632,4513,2551,4547,2621,118,3830,2771,316,4509,4510,4508,3933,3030,20,4516,4260,2603,2624,320,4519,2968,3523,4521,2552,2419,4483,4276,3827,3424,18,2285,2206,4507,2629,3174,2602,4515,65,35,360,4355,4512,32,4518,2969,4517,3108,4135,4588,2650,34,4482,4233,4514,24,2832,4280,4282,4281,2368,4278,4279],"class_list":{"0":"post-188771","1":"product","2":"type-product","3":"status-publish","4":"has-post-thumbnail","6":"product_cat-videos","7":"product_tag-anal","8":"product_tag-anal-fuck","9":"product_tag-anal-sex","10":"product_tag-animal-poop","11":"product_tag-animal-scat","12":"product_tag-ass-licking","13":"product_tag-asshole","14":"product_tag-blowjob","15":"product_tag-bondage-2","16":"product_tag-boobs","17":"product_tag-boyfriend","18":"product_tag-bra","19":"product_tag-chocking","20":"product_tag-couple","21":"product_tag-couple-in-cowshit","22":"product_tag-cow-dung","23":"product_tag-cowshed","24":"product_tag-cowshit","25":"product_tag-creamy","26":"product_tag-cunt","27":"product_tag-dap","28":"product_tag-deep-anal-penetration","29":"product_tag-deep-throat","30":"product_tag-doggystyle","31":"product_tag-download","32":"product_tag-dung","33":"product_tag-dung-hill","34":"product_tag-dung-pile","35":"product_tag-dunghill","36":"product_tag-farm","37":"product_tag-feet","38":"product_tag-feet-licking","39":"product_tag-female","40":"product_tag-fingering","41":"product_tag-fucked-in-cowshit","42":"product_tag-fucking","43":"product_tag-full-hd","44":"product_tag-girl-in-cowshit","45":"product_tag-kaitlyn-katsaros","46":"product_tag-licking","47":"product_tag-male","48":"product_tag-manure","49":"product_tag-masturbate","50":"product_tag-masturbation","51":"product_tag-maxbrownxxx","52":"product_tag-messy","53":"product_tag-missionary","54":"product_tag-muck-heap","55":"product_tag-muckheap","56":"product_tag-naked","57":"product_tag-orgasm","58":"product_tag-outdoor","59":"product_tag-puke","60":"product_tag-punching","61":"product_tag-pussy","62":"product_tag-pussy-penetration","63":"product_tag-reverse-cowgirl","64":"product_tag-rimjob","65":"product_tag-rimming","66":"product_tag-scat","67":"product_tag-season-6","68":"product_tag-sensual","69":"product_tag-sex","70":"product_tag-sex-in-cowshit","71":"product_tag-shit","72":"product_tag-slamming","73":"product_tag-slurry","74":"product_tag-smearing","75":"product_tag-sucking","76":"product_tag-toe-licking","77":"product_tag-toes","78":"product_tag-ultra-hd","79":"product_tag-vomit","80":"product_tag-vomiting","81":"pa_length-56-minutes","82":"pa_product-type-digital-download-full-hd-video","83":"pa_product-type-digital-download-ultra-hd-video","84":"pa_product-type-usb-stick","85":"pa_video-info-full-hd-1920x1080p","86":"pa_video-info-ultra-hd-4k","87":"desktop-align-center","88":"tablet-align-left","89":"mobile-align-left","91":"first","92":"instock","93":"shipping-taxable","94":"purchasable","95":"product-type-variable"},"exclude_global_add_ons":[],"addons":[],"acf":[],"yoast_head":"<!-- This site is optimized with the Yoast SEO Premium plugin v27.1 (Yoast SEO v27.1.1) - https:\/\/yoast.com\/product\/yoast-seo-premium-wordpress\/ -->\n<title>Kaitlyn Katsaros Fucked On The Dunghill - ManureFetish<\/title>\n<meta name=\"description\" content=\"Kaitlyn Katsaros Fucked On The Dunghill, together with her Boyfriend Max she has a very messy cowshitty date on the dughill.\" \/>\n<meta name=\"robots\" content=\"index, follow, max-snippet:-1, max-image-preview:large, max-video-preview:-1\" \/>\n<link rel=\"canonical\" href=\"https:\/\/manurefetish.com\/es\/shop\/videos\/kaitlyn-katsaros-fucked-on-the-dunghill\/\" \/>\n<meta property=\"og:locale\" content=\"es_ES\" \/>\n<meta property=\"og:type\" content=\"article\" \/>\n<meta property=\"og:title\" content=\"Kaitlyn Katsaros Fucked On The Dunghill\" \/>\n<meta property=\"og:description\" content=\"Kaitlyn Katsaros Fucked On The Dunghill, together with her Boyfriend Max she has a very messy cowshitty date on the dughill.\" \/>\n<meta property=\"og:url\" content=\"https:\/\/manurefetish.com\/es\/shop\/videos\/kaitlyn-katsaros-fucked-on-the-dunghill\/\" \/>\n<meta property=\"og:site_name\" content=\"ManureFetish\" \/>\n<meta property=\"article:publisher\" content=\"https:\/\/www.facebook.com\/manurefetish\/\" \/>\n<meta property=\"article:modified_time\" content=\"2026-03-24T14:11:49+00:00\" \/>\n<meta property=\"og:image\" content=\"https:\/\/manurefetish.com\/wp-content\/uploads\/2025\/09\/fucked-on-the-dunghill.jpg\" \/>\n\t<meta property=\"og:image:width\" content=\"1728\" \/>\n\t<meta property=\"og:image:height\" content=\"576\" \/>\n\t<meta property=\"og:image:type\" content=\"image\/jpeg\" \/>\n<meta name=\"twitter:card\" content=\"summary_large_image\" \/>\n<meta name=\"twitter:site\" content=\"@Manurefetisch\" \/>\n<script type=\"application\/ld+json\" class=\"yoast-schema-graph\">{\"@context\":\"https:\/\/schema.org\",\"@graph\":[{\"@type\":\"WebPage\",\"@id\":\"https:\/\/manurefetish.com\/shop\/videos\/kaitlyn-katsaros-fucked-on-the-dunghill\/\",\"url\":\"https:\/\/manurefetish.com\/shop\/videos\/kaitlyn-katsaros-fucked-on-the-dunghill\/\",\"name\":\"Kaitlyn Katsaros Fucked On The Dunghill - ManureFetish\",\"isPartOf\":{\"@id\":\"https:\/\/manurefetish.com\/#website\"},\"primaryImageOfPage\":{\"@id\":\"https:\/\/manurefetish.com\/shop\/videos\/kaitlyn-katsaros-fucked-on-the-dunghill\/#primaryimage\"},\"image\":{\"@id\":\"https:\/\/manurefetish.com\/shop\/videos\/kaitlyn-katsaros-fucked-on-the-dunghill\/#primaryimage\"},\"thumbnailUrl\":\"https:\/\/manurefetish.b-cdn.net\/wp-content\/uploads\/2025\/09\/fucked-on-the-dunghill.jpg\",\"datePublished\":\"2026-01-02T12:00:45+00:00\",\"dateModified\":\"2026-03-24T14:11:49+00:00\",\"description\":\"Kaitlyn Katsaros Fucked On The Dunghill, together with her Boyfriend Max she has a very messy cowshitty date on the dughill.\",\"breadcrumb\":{\"@id\":\"https:\/\/manurefetish.com\/shop\/videos\/kaitlyn-katsaros-fucked-on-the-dunghill\/#breadcrumb\"},\"inLanguage\":\"es\",\"potentialAction\":[{\"@type\":\"ReadAction\",\"target\":[\"https:\/\/manurefetish.com\/shop\/videos\/kaitlyn-katsaros-fucked-on-the-dunghill\/\"]}]},{\"@type\":\"ImageObject\",\"inLanguage\":\"es\",\"@id\":\"https:\/\/manurefetish.com\/shop\/videos\/kaitlyn-katsaros-fucked-on-the-dunghill\/#primaryimage\",\"url\":\"https:\/\/manurefetish.b-cdn.net\/wp-content\/uploads\/2025\/09\/fucked-on-the-dunghill.jpg\",\"contentUrl\":\"https:\/\/manurefetish.b-cdn.net\/wp-content\/uploads\/2025\/09\/fucked-on-the-dunghill.jpg\",\"width\":1728,\"height\":576},{\"@type\":\"BreadcrumbList\",\"@id\":\"https:\/\/manurefetish.com\/shop\/videos\/kaitlyn-katsaros-fucked-on-the-dunghill\/#breadcrumb\",\"itemListElement\":[{\"@type\":\"ListItem\",\"position\":1,\"name\":\"Home\",\"item\":\"https:\/\/manurefetish.com\/\"},{\"@type\":\"ListItem\",\"position\":2,\"name\":\"Shop\",\"item\":\"https:\/\/manurefetish.com\/shop\/\"},{\"@type\":\"ListItem\",\"position\":3,\"name\":\"Videos\",\"item\":\"https:\/\/manurefetish.com\/product-category\/videos\/\"},{\"@type\":\"ListItem\",\"position\":4,\"name\":\"Kaitlyn Katsaros Fucked On The Dunghill\"}]},{\"@type\":\"WebSite\",\"@id\":\"https:\/\/manurefetish.com\/#website\",\"url\":\"https:\/\/manurefetish.com\/\",\"name\":\"ManureFetish\",\"description\":\"ManureFetish Shop\",\"publisher\":{\"@id\":\"https:\/\/manurefetish.com\/#organization\"},\"potentialAction\":[{\"@type\":\"SearchAction\",\"target\":{\"@type\":\"EntryPoint\",\"urlTemplate\":\"https:\/\/manurefetish.com\/?s={search_term_string}\"},\"query-input\":{\"@type\":\"PropertyValueSpecification\",\"valueRequired\":true,\"valueName\":\"search_term_string\"}}],\"inLanguage\":\"es\"},{\"@type\":\"Organization\",\"@id\":\"https:\/\/manurefetish.com\/#organization\",\"name\":\"ManureFetish.com\",\"url\":\"https:\/\/manurefetish.com\/\",\"logo\":{\"@type\":\"ImageObject\",\"inLanguage\":\"es\",\"@id\":\"https:\/\/manurefetish.com\/#\/schema\/logo\/image\/\",\"url\":\"https:\/\/manurefetish.com\/wp-content\/uploads\/2019\/06\/1000xmanurefetishcom-michaela-logo-website-shop.png\",\"contentUrl\":\"https:\/\/manurefetish.com\/wp-content\/uploads\/2019\/06\/1000xmanurefetishcom-michaela-logo-website-shop.png\",\"width\":1000,\"height\":632,\"caption\":\"ManureFetish.com\"},\"image\":{\"@id\":\"https:\/\/manurefetish.com\/#\/schema\/logo\/image\/\"},\"sameAs\":[\"https:\/\/www.facebook.com\/manurefetish\/\",\"https:\/\/x.com\/Manurefetisch\",\"https:\/\/www.youtube.com\/c\/ManureFetish\"],\"description\":\"We're creating various fetish content with female and male models alike.\",\"foundingDate\":\"2019-07-04\",\"vatID\":\"DE366928521\",\"numberOfEmployees\":{\"@type\":\"QuantitativeValue\",\"minValue\":\"1\",\"maxValue\":\"10\"}}]}<\/script>\n<meta property=\"og:availability\" content=\"instock\" \/>\n<meta property=\"product:availability\" content=\"instock\" \/>\n<meta property=\"product:retailer_item_id\" content=\"MFW-KKFOTDH\" \/>\n<meta property=\"product:condition\" content=\"new\" \/>\n<!-- \/ Yoast SEO Premium plugin. -->","yoast_head_json":{"title":"Kaitlyn Katsaros follada en el estercolero - ManureFetish","description":"Kaitlyn Katsaros Follada En El Desfiladero, junto a su Novio Max tiene una cita de mierda en el desfiladero.","robots":{"index":"index","follow":"follow","max-snippet":"max-snippet:-1","max-image-preview":"max-image-preview:large","max-video-preview":"max-video-preview:-1"},"canonical":"https:\/\/manurefetish.com\/es\/shop\/videos\/kaitlyn-katsaros-fucked-on-the-dunghill\/","og_locale":"es_ES","og_type":"article","og_title":"Kaitlyn Katsaros Fucked On The Dunghill","og_description":"Kaitlyn Katsaros Fucked On The Dunghill, together with her Boyfriend Max she has a very messy cowshitty date on the dughill.","og_url":"https:\/\/manurefetish.com\/es\/shop\/videos\/kaitlyn-katsaros-fucked-on-the-dunghill\/","og_site_name":"ManureFetish","article_publisher":"https:\/\/www.facebook.com\/manurefetish\/","article_modified_time":"2026-03-24T14:11:49+00:00","og_image":[{"width":1728,"height":576,"url":"https:\/\/manurefetish.com\/wp-content\/uploads\/2025\/09\/fucked-on-the-dunghill.jpg","type":"image\/jpeg"}],"twitter_card":"summary_large_image","twitter_site":"@Manurefetisch","schema":{"@context":"https:\/\/schema.org","@graph":[{"@type":"WebPage","@id":"https:\/\/manurefetish.com\/shop\/videos\/kaitlyn-katsaros-fucked-on-the-dunghill\/","url":"https:\/\/manurefetish.com\/shop\/videos\/kaitlyn-katsaros-fucked-on-the-dunghill\/","name":"Kaitlyn Katsaros follada en el estercolero - ManureFetish","isPartOf":{"@id":"https:\/\/manurefetish.com\/#website"},"primaryImageOfPage":{"@id":"https:\/\/manurefetish.com\/shop\/videos\/kaitlyn-katsaros-fucked-on-the-dunghill\/#primaryimage"},"image":{"@id":"https:\/\/manurefetish.com\/shop\/videos\/kaitlyn-katsaros-fucked-on-the-dunghill\/#primaryimage"},"thumbnailUrl":"https:\/\/manurefetish.b-cdn.net\/wp-content\/uploads\/2025\/09\/fucked-on-the-dunghill.jpg","datePublished":"2026-01-02T12:00:45+00:00","dateModified":"2026-03-24T14:11:49+00:00","description":"Kaitlyn Katsaros Follada En El Desfiladero, junto a su Novio Max tiene una cita de mierda en el desfiladero.","breadcrumb":{"@id":"https:\/\/manurefetish.com\/shop\/videos\/kaitlyn-katsaros-fucked-on-the-dunghill\/#breadcrumb"},"inLanguage":"es","potentialAction":[{"@type":"ReadAction","target":["https:\/\/manurefetish.com\/shop\/videos\/kaitlyn-katsaros-fucked-on-the-dunghill\/"]}]},{"@type":"ImageObject","inLanguage":"es","@id":"https:\/\/manurefetish.com\/shop\/videos\/kaitlyn-katsaros-fucked-on-the-dunghill\/#primaryimage","url":"https:\/\/manurefetish.b-cdn.net\/wp-content\/uploads\/2025\/09\/fucked-on-the-dunghill.jpg","contentUrl":"https:\/\/manurefetish.b-cdn.net\/wp-content\/uploads\/2025\/09\/fucked-on-the-dunghill.jpg","width":1728,"height":576},{"@type":"BreadcrumbList","@id":"https:\/\/manurefetish.com\/shop\/videos\/kaitlyn-katsaros-fucked-on-the-dunghill\/#breadcrumb","itemListElement":[{"@type":"ListItem","position":1,"name":"Home","item":"https:\/\/manurefetish.com\/"},{"@type":"ListItem","position":2,"name":"Shop","item":"https:\/\/manurefetish.com\/shop\/"},{"@type":"ListItem","position":3,"name":"Videos","item":"https:\/\/manurefetish.com\/product-category\/videos\/"},{"@type":"ListItem","position":4,"name":"Kaitlyn Katsaros Fucked On The Dunghill"}]},{"@type":"WebSite","@id":"https:\/\/manurefetish.com\/#website","url":"https:\/\/manurefetish.com\/","name":"ManureFetish","description":"ManureFetish","publisher":{"@id":"https:\/\/manurefetish.com\/#organization"},"potentialAction":[{"@type":"SearchAction","target":{"@type":"EntryPoint","urlTemplate":"https:\/\/manurefetish.com\/?s={search_term_string}"},"query-input":{"@type":"PropertyValueSpecification","valueRequired":true,"valueName":"search_term_string"}}],"inLanguage":"es"},{"@type":"Organization","@id":"https:\/\/manurefetish.com\/#organization","name":"ManureFetish.com","url":"https:\/\/manurefetish.com\/","logo":{"@type":"ImageObject","inLanguage":"es","@id":"https:\/\/manurefetish.com\/#\/schema\/logo\/image\/","url":"https:\/\/manurefetish.com\/wp-content\/uploads\/2019\/06\/1000xmanurefetishcom-michaela-logo-website-shop.png","contentUrl":"https:\/\/manurefetish.com\/wp-content\/uploads\/2019\/06\/1000xmanurefetishcom-michaela-logo-website-shop.png","width":1000,"height":632,"caption":"ManureFetish.com"},"image":{"@id":"https:\/\/manurefetish.com\/#\/schema\/logo\/image\/"},"sameAs":["https:\/\/www.facebook.com\/manurefetish\/","https:\/\/x.com\/Manurefetisch","https:\/\/www.youtube.com\/c\/ManureFetish"],"description":"Estamos creando diversos contenidos fetichistas con modelos femeninos y masculinos por igual.","foundingDate":"2019-07-04","vatID":"DE366928521","numberOfEmployees":{"@type":"QuantitativeValue","minValue":"1","maxValue":"10"}}]},"og_availability":"instock","product_availability":"instock","product_retailer_item_id":"MFW-KKFOTDH","product_condition":"new"},"_links":{"self":[{"href":"https:\/\/manurefetish.com\/es\/wp-json\/wp\/v2\/product\/188771","targetHints":{"allow":["GET"]}}],"collection":[{"href":"https:\/\/manurefetish.com\/es\/wp-json\/wp\/v2\/product"}],"about":[{"href":"https:\/\/manurefetish.com\/es\/wp-json\/wp\/v2\/types\/product"}],"replies":[{"embeddable":true,"href":"https:\/\/manurefetish.com\/es\/wp-json\/wp\/v2\/comments?post=188771"}],"version-history":[{"count":0,"href":"https:\/\/manurefetish.com\/es\/wp-json\/wp\/v2\/product\/188771\/revisions"}],"wp:featuredmedia":[{"embeddable":true,"href":"https:\/\/manurefetish.com\/es\/wp-json\/wp\/v2\/media\/199334"}],"wp:attachment":[{"href":"https:\/\/manurefetish.com\/es\/wp-json\/wp\/v2\/media?parent=188771"}],"wp:term":[{"taxonomy":"product_brand","embeddable":true,"href":"https:\/\/manurefetish.com\/es\/wp-json\/wp\/v2\/product_brand?post=188771"},{"taxonomy":"product_cat","embeddable":true,"href":"https:\/\/manurefetish.com\/es\/wp-json\/wp\/v2\/product_cat?post=188771"},{"taxonomy":"product_tag","embeddable":true,"href":"https:\/\/manurefetish.com\/es\/wp-json\/wp\/v2\/product_tag?post=188771"}],"curies":[{"name":"wp","href":"https:\/\/api.w.org\/{rel}","templated":true}]}}