{"id":188751,"date":"2026-03-09T07:00:25","date_gmt":"2026-03-09T06:00:25","guid":{"rendered":"https:\/\/manurefetish.com\/?post_type=product&#038;p=188751"},"modified":"2026-04-01T08:06:09","modified_gmt":"2026-04-01T06:06:09","slug":"kaitlyn-katsaros-shitty-day-on-the-farm","status":"publish","type":"product","link":"https:\/\/manurefetish.com\/es\/shop\/videos\/kaitlyn-katsaros-shitty-day-on-the-farm\/","title":{"rendered":"Kaitlyn Katsaros D\u00eda de mierda en la granja"},"content":{"rendered":"<p><span style=\"font-weight: 400;\">Va a ser un d\u00eda de mierda en la granja para Kaitlyn. Mientras camina por la granja, encuentra el prado con las vacas detr\u00e1s del establo. Kaitlyn se acerca al prado y ve un mont\u00f3n de hamburguesas de vaca tiradas por ah\u00ed. Algunas peque\u00f1as, otras grandes, ella mete los pies en la primera unt\u00e1ndola alrededor de sus zapatos para la siguiente hamburguesa salta dentro con toda la mierda de vaca salpicando alrededor. Le gusta mucho su sonido y su olor. Kaitlyn encuentra una hamburguesa de vaca sorprendentemente grande, en la que salta y resbala. Ahora sus vaqueros est\u00e1n cubiertos de cremosa mierda de vaca. Mientras contin\u00faa por el prado, se sienta en otra grande, donde se sienta en ella y cubre toda su ropa con ella. Entonces ve el gran charco de barro que est\u00e1 mezclado con mierda de vaca. Kaitlyn salta dentro y se cubre todo el cuerpo antes de masturbarse en \u00e9l. Quiere m\u00e1s mierda de vaca, as\u00ed que entra en el establo, donde todo el suelo est\u00e1 cubierto de mierda de vaca l\u00edquida y cremosa. Se quita la ropa cubierta de barro y mierda y cubre su cuerpo desnudo con m\u00e1s mierda. Kaitlyn se abre camino por el establo y a cada metro se ensucia m\u00e1s.<\/span><\/p>","protected":false},"excerpt":{"rendered":"<p>It\u2019s going to be a shitty day on the farm for Kaitlyn. As she walks around on the farm, she finds the pasture with the cows behind the cowshed. Kaitlyn gets closer to the paddock and sees a lot of cow patties lying around. Some small, some large, she pushes her feet in the first [&hellip;]<\/p>\n","protected":false},"featured_media":199389,"comment_status":"open","ping_status":"closed","template":"","meta":{"_acf_changed":false,"site-sidebar-layout":"default","site-content-layout":"","ast-site-content-layout":"default","site-content-style":"default","site-sidebar-style":"default","ast-global-header-display":"","ast-banner-title-visibility":"","ast-main-header-display":"","ast-hfb-above-header-display":"","ast-hfb-below-header-display":"","ast-hfb-mobile-header-display":"","site-post-title":"","ast-breadcrumbs-content":"","ast-featured-img":"","footer-sml-layout":"","ast-disable-related-posts":"","theme-transparent-header-meta":"default","adv-header-id-meta":"","stick-header-meta":"","header-above-stick-meta":"","header-main-stick-meta":"","header-below-stick-meta":"","astra-migrate-meta-layouts":"set","ast-page-background-enabled":"default","ast-page-background-meta":{"desktop":{"background-color":"var(--ast-global-color-4)","background-image":"","background-repeat":"repeat","background-position":"center center","background-size":"auto","background-attachment":"scroll","background-type":"","background-media":"","overlay-type":"","overlay-color":"","overlay-opacity":"","overlay-gradient":""},"tablet":{"background-color":"","background-image":"","background-repeat":"repeat","background-position":"center center","background-size":"auto","background-attachment":"scroll","background-type":"","background-media":"","overlay-type":"","overlay-color":"","overlay-opacity":"","overlay-gradient":""},"mobile":{"background-color":"","background-image":"","background-repeat":"repeat","background-position":"center center","background-size":"auto","background-attachment":"scroll","background-type":"","background-media":"","overlay-type":"","overlay-color":"","overlay-opacity":"","overlay-gradient":""}},"ast-content-background-meta":{"desktop":{"background-color":"var(--ast-global-color-5)","background-image":"","background-repeat":"repeat","background-position":"center center","background-size":"auto","background-attachment":"scroll","background-type":"","background-media":"","overlay-type":"","overlay-color":"","overlay-opacity":"","overlay-gradient":""},"tablet":{"background-color":"var(--ast-global-color-5)","background-image":"","background-repeat":"repeat","background-position":"center center","background-size":"auto","background-attachment":"scroll","background-type":"","background-media":"","overlay-type":"","overlay-color":"","overlay-opacity":"","overlay-gradient":""},"mobile":{"background-color":"var(--ast-global-color-5)","background-image":"","background-repeat":"repeat","background-position":"center center","background-size":"auto","background-attachment":"scroll","background-type":"","background-media":"","overlay-type":"","overlay-color":"","overlay-opacity":"","overlay-gradient":""}}},"product_brand":[],"product_cat":[4470],"product_tag":[17,3433,4196,317,318,2632,19,4503,2942,4497,118,2771,316,4508,3933,3030,20,2624,320,2968,3523,2419,4483,2582,4276,3827,18,2285,4595,2206,2629,2836,4499,65,35,4527,360,4610,4609,4587,32,4588,2650,4233,24,2832,4281,2368,4611],"class_list":{"0":"post-188751","1":"product","2":"type-product","3":"status-publish","4":"has-post-thumbnail","6":"product_cat-videos","7":"product_tag-anal","8":"product_tag-animal-poop","9":"product_tag-animal-scat","10":"product_tag-asshole","11":"product_tag-boobs","12":"product_tag-bra","13":"product_tag-cow","14":"product_tag-cow-patties","15":"product_tag-cow-patty","16":"product_tag-cows","17":"product_tag-cowshed","18":"product_tag-creamy","19":"product_tag-cunt","20":"product_tag-deep-throat","21":"product_tag-doggystyle","22":"product_tag-download","23":"product_tag-dung","24":"product_tag-farm","25":"product_tag-feet","26":"product_tag-female","27":"product_tag-fingering","28":"product_tag-full-hd","29":"product_tag-girl-in-cowshit","30":"product_tag-jeans","31":"product_tag-kaitlyn-katsaros","32":"product_tag-licking","33":"product_tag-manure","34":"product_tag-masturbate","35":"product_tag-masturbating-in-cowshit","36":"product_tag-masturbation","37":"product_tag-messy","38":"product_tag-mud","39":"product_tag-mud-puddle","40":"product_tag-naked","41":"product_tag-orgasm","42":"product_tag-orgasm-in-cowshit","43":"product_tag-outdoor","44":"product_tag-paddock","45":"product_tag-pasture","46":"product_tag-penetration","47":"product_tag-pussy","48":"product_tag-season-6","49":"product_tag-sensual","50":"product_tag-shit","51":"product_tag-slurry","52":"product_tag-smearing","53":"product_tag-toes","54":"product_tag-ultra-hd","55":"product_tag-vagina","56":"pa_length-57-minutes","57":"pa_product-type-digital-download-full-hd-video","58":"pa_product-type-digital-download-ultra-hd-video","59":"pa_product-type-usb-stick","60":"pa_video-info-full-hd-1920x1080p","61":"pa_video-info-ultra-hd-4k","62":"desktop-align-center","63":"tablet-align-left","64":"mobile-align-left","66":"first","67":"instock","68":"shipping-taxable","69":"purchasable","70":"product-type-variable"},"exclude_global_add_ons":[],"addons":[],"acf":[],"yoast_head":"<!-- This site is optimized with the Yoast SEO Premium plugin v27.1 (Yoast SEO v27.1.1) - https:\/\/yoast.com\/product\/yoast-seo-premium-wordpress\/ -->\n<title>Kaitlyn Katsaros Shitty Day On The Farm - ManureFetish<\/title>\n<meta name=\"description\" content=\"Kaitlyn Katsaros Shitty Day On The Farm, first she walks around the pasture through cowshit then inside the cowshed she has a lot of fun.\" \/>\n<meta name=\"robots\" content=\"index, follow, max-snippet:-1, max-image-preview:large, max-video-preview:-1\" \/>\n<link rel=\"canonical\" href=\"https:\/\/manurefetish.com\/es\/shop\/videos\/kaitlyn-katsaros-shitty-day-on-the-farm\/\" \/>\n<meta property=\"og:locale\" content=\"es_ES\" \/>\n<meta property=\"og:type\" content=\"article\" \/>\n<meta property=\"og:title\" content=\"Kaitlyn Katsaros Shitty Day On The Farm\" \/>\n<meta property=\"og:description\" content=\"Kaitlyn Katsaros Shitty Day On The Farm, first she walks around the pasture through cowshit then inside the cowshed she has a lot of fun.\" \/>\n<meta property=\"og:url\" content=\"https:\/\/manurefetish.com\/es\/shop\/videos\/kaitlyn-katsaros-shitty-day-on-the-farm\/\" \/>\n<meta property=\"og:site_name\" content=\"ManureFetish\" \/>\n<meta property=\"article:publisher\" content=\"https:\/\/www.facebook.com\/manurefetish\/\" \/>\n<meta property=\"article:modified_time\" content=\"2026-04-01T06:06:09+00:00\" \/>\n<meta property=\"og:image\" content=\"https:\/\/manurefetish.com\/wp-content\/uploads\/2025\/11\/shitty-day-on-the-farm.jpg\" \/>\n\t<meta property=\"og:image:width\" content=\"1728\" \/>\n\t<meta property=\"og:image:height\" content=\"576\" \/>\n\t<meta property=\"og:image:type\" content=\"image\/jpeg\" \/>\n<meta name=\"twitter:card\" content=\"summary_large_image\" \/>\n<meta name=\"twitter:site\" content=\"@Manurefetisch\" \/>\n<script type=\"application\/ld+json\" class=\"yoast-schema-graph\">{\"@context\":\"https:\/\/schema.org\",\"@graph\":[{\"@type\":\"WebPage\",\"@id\":\"https:\/\/manurefetish.com\/shop\/videos\/kaitlyn-katsaros-shitty-day-on-the-farm\/\",\"url\":\"https:\/\/manurefetish.com\/shop\/videos\/kaitlyn-katsaros-shitty-day-on-the-farm\/\",\"name\":\"Kaitlyn Katsaros Shitty Day On The Farm - ManureFetish\",\"isPartOf\":{\"@id\":\"https:\/\/manurefetish.com\/#website\"},\"primaryImageOfPage\":{\"@id\":\"https:\/\/manurefetish.com\/shop\/videos\/kaitlyn-katsaros-shitty-day-on-the-farm\/#primaryimage\"},\"image\":{\"@id\":\"https:\/\/manurefetish.com\/shop\/videos\/kaitlyn-katsaros-shitty-day-on-the-farm\/#primaryimage\"},\"thumbnailUrl\":\"https:\/\/manurefetish.b-cdn.net\/wp-content\/uploads\/2025\/11\/shitty-day-on-the-farm.jpg\",\"datePublished\":\"2026-03-09T06:00:25+00:00\",\"dateModified\":\"2026-04-01T06:06:09+00:00\",\"description\":\"Kaitlyn Katsaros Shitty Day On The Farm, first she walks around the pasture through cowshit then inside the cowshed she has a lot of fun.\",\"breadcrumb\":{\"@id\":\"https:\/\/manurefetish.com\/shop\/videos\/kaitlyn-katsaros-shitty-day-on-the-farm\/#breadcrumb\"},\"inLanguage\":\"es\",\"potentialAction\":[{\"@type\":\"ReadAction\",\"target\":[\"https:\/\/manurefetish.com\/shop\/videos\/kaitlyn-katsaros-shitty-day-on-the-farm\/\"]}]},{\"@type\":\"ImageObject\",\"inLanguage\":\"es\",\"@id\":\"https:\/\/manurefetish.com\/shop\/videos\/kaitlyn-katsaros-shitty-day-on-the-farm\/#primaryimage\",\"url\":\"https:\/\/manurefetish.b-cdn.net\/wp-content\/uploads\/2025\/11\/shitty-day-on-the-farm.jpg\",\"contentUrl\":\"https:\/\/manurefetish.b-cdn.net\/wp-content\/uploads\/2025\/11\/shitty-day-on-the-farm.jpg\",\"width\":1728,\"height\":576},{\"@type\":\"BreadcrumbList\",\"@id\":\"https:\/\/manurefetish.com\/shop\/videos\/kaitlyn-katsaros-shitty-day-on-the-farm\/#breadcrumb\",\"itemListElement\":[{\"@type\":\"ListItem\",\"position\":1,\"name\":\"Home\",\"item\":\"https:\/\/manurefetish.com\/\"},{\"@type\":\"ListItem\",\"position\":2,\"name\":\"Shop\",\"item\":\"https:\/\/manurefetish.com\/shop\/\"},{\"@type\":\"ListItem\",\"position\":3,\"name\":\"Videos\",\"item\":\"https:\/\/manurefetish.com\/product-category\/videos\/\"},{\"@type\":\"ListItem\",\"position\":4,\"name\":\"Kaitlyn Katsaros Shitty Day On The Farm\"}]},{\"@type\":\"WebSite\",\"@id\":\"https:\/\/manurefetish.com\/#website\",\"url\":\"https:\/\/manurefetish.com\/\",\"name\":\"ManureFetish\",\"description\":\"ManureFetish Shop\",\"publisher\":{\"@id\":\"https:\/\/manurefetish.com\/#organization\"},\"potentialAction\":[{\"@type\":\"SearchAction\",\"target\":{\"@type\":\"EntryPoint\",\"urlTemplate\":\"https:\/\/manurefetish.com\/?s={search_term_string}\"},\"query-input\":{\"@type\":\"PropertyValueSpecification\",\"valueRequired\":true,\"valueName\":\"search_term_string\"}}],\"inLanguage\":\"es\"},{\"@type\":\"Organization\",\"@id\":\"https:\/\/manurefetish.com\/#organization\",\"name\":\"ManureFetish.com\",\"url\":\"https:\/\/manurefetish.com\/\",\"logo\":{\"@type\":\"ImageObject\",\"inLanguage\":\"es\",\"@id\":\"https:\/\/manurefetish.com\/#\/schema\/logo\/image\/\",\"url\":\"https:\/\/manurefetish.com\/wp-content\/uploads\/2019\/06\/1000xmanurefetishcom-michaela-logo-website-shop.png\",\"contentUrl\":\"https:\/\/manurefetish.com\/wp-content\/uploads\/2019\/06\/1000xmanurefetishcom-michaela-logo-website-shop.png\",\"width\":1000,\"height\":632,\"caption\":\"ManureFetish.com\"},\"image\":{\"@id\":\"https:\/\/manurefetish.com\/#\/schema\/logo\/image\/\"},\"sameAs\":[\"https:\/\/www.facebook.com\/manurefetish\/\",\"https:\/\/x.com\/Manurefetisch\",\"https:\/\/www.youtube.com\/c\/ManureFetish\"],\"description\":\"We're creating various fetish content with female and male models alike.\",\"foundingDate\":\"2019-07-04\",\"vatID\":\"DE366928521\",\"numberOfEmployees\":{\"@type\":\"QuantitativeValue\",\"minValue\":\"1\",\"maxValue\":\"10\"}}]}<\/script>\n<meta property=\"og:availability\" content=\"instock\" \/>\n<meta property=\"product:availability\" content=\"instock\" \/>\n<meta property=\"product:retailer_item_id\" content=\"MFW-KK-SDOTF\" \/>\n<meta property=\"product:condition\" content=\"new\" \/>\n<!-- \/ Yoast SEO Premium plugin. -->","yoast_head_json":{"title":"Kaitlyn Katsaros D\u00eda de mierda en la granja - ManureFetish","description":"Kaitlyn Katsaros D\u00eda de mierda en la granja, primero pasea por el prado entre la mierda de vaca y luego dentro del establo se divierte mucho.","robots":{"index":"index","follow":"follow","max-snippet":"max-snippet:-1","max-image-preview":"max-image-preview:large","max-video-preview":"max-video-preview:-1"},"canonical":"https:\/\/manurefetish.com\/es\/shop\/videos\/kaitlyn-katsaros-shitty-day-on-the-farm\/","og_locale":"es_ES","og_type":"article","og_title":"Kaitlyn Katsaros Shitty Day On The Farm","og_description":"Kaitlyn Katsaros Shitty Day On The Farm, first she walks around the pasture through cowshit then inside the cowshed she has a lot of fun.","og_url":"https:\/\/manurefetish.com\/es\/shop\/videos\/kaitlyn-katsaros-shitty-day-on-the-farm\/","og_site_name":"ManureFetish","article_publisher":"https:\/\/www.facebook.com\/manurefetish\/","article_modified_time":"2026-04-01T06:06:09+00:00","og_image":[{"width":1728,"height":576,"url":"https:\/\/manurefetish.com\/wp-content\/uploads\/2025\/11\/shitty-day-on-the-farm.jpg","type":"image\/jpeg"}],"twitter_card":"summary_large_image","twitter_site":"@Manurefetisch","schema":{"@context":"https:\/\/schema.org","@graph":[{"@type":"WebPage","@id":"https:\/\/manurefetish.com\/shop\/videos\/kaitlyn-katsaros-shitty-day-on-the-farm\/","url":"https:\/\/manurefetish.com\/shop\/videos\/kaitlyn-katsaros-shitty-day-on-the-farm\/","name":"Kaitlyn Katsaros D\u00eda de mierda en la granja - ManureFetish","isPartOf":{"@id":"https:\/\/manurefetish.com\/#website"},"primaryImageOfPage":{"@id":"https:\/\/manurefetish.com\/shop\/videos\/kaitlyn-katsaros-shitty-day-on-the-farm\/#primaryimage"},"image":{"@id":"https:\/\/manurefetish.com\/shop\/videos\/kaitlyn-katsaros-shitty-day-on-the-farm\/#primaryimage"},"thumbnailUrl":"https:\/\/manurefetish.b-cdn.net\/wp-content\/uploads\/2025\/11\/shitty-day-on-the-farm.jpg","datePublished":"2026-03-09T06:00:25+00:00","dateModified":"2026-04-01T06:06:09+00:00","description":"Kaitlyn Katsaros D\u00eda de mierda en la granja, primero pasea por el prado entre la mierda de vaca y luego dentro del establo se divierte mucho.","breadcrumb":{"@id":"https:\/\/manurefetish.com\/shop\/videos\/kaitlyn-katsaros-shitty-day-on-the-farm\/#breadcrumb"},"inLanguage":"es","potentialAction":[{"@type":"ReadAction","target":["https:\/\/manurefetish.com\/shop\/videos\/kaitlyn-katsaros-shitty-day-on-the-farm\/"]}]},{"@type":"ImageObject","inLanguage":"es","@id":"https:\/\/manurefetish.com\/shop\/videos\/kaitlyn-katsaros-shitty-day-on-the-farm\/#primaryimage","url":"https:\/\/manurefetish.b-cdn.net\/wp-content\/uploads\/2025\/11\/shitty-day-on-the-farm.jpg","contentUrl":"https:\/\/manurefetish.b-cdn.net\/wp-content\/uploads\/2025\/11\/shitty-day-on-the-farm.jpg","width":1728,"height":576},{"@type":"BreadcrumbList","@id":"https:\/\/manurefetish.com\/shop\/videos\/kaitlyn-katsaros-shitty-day-on-the-farm\/#breadcrumb","itemListElement":[{"@type":"ListItem","position":1,"name":"Home","item":"https:\/\/manurefetish.com\/"},{"@type":"ListItem","position":2,"name":"Shop","item":"https:\/\/manurefetish.com\/shop\/"},{"@type":"ListItem","position":3,"name":"Videos","item":"https:\/\/manurefetish.com\/product-category\/videos\/"},{"@type":"ListItem","position":4,"name":"Kaitlyn Katsaros Shitty Day On The Farm"}]},{"@type":"WebSite","@id":"https:\/\/manurefetish.com\/#website","url":"https:\/\/manurefetish.com\/","name":"ManureFetish","description":"ManureFetish","publisher":{"@id":"https:\/\/manurefetish.com\/#organization"},"potentialAction":[{"@type":"SearchAction","target":{"@type":"EntryPoint","urlTemplate":"https:\/\/manurefetish.com\/?s={search_term_string}"},"query-input":{"@type":"PropertyValueSpecification","valueRequired":true,"valueName":"search_term_string"}}],"inLanguage":"es"},{"@type":"Organization","@id":"https:\/\/manurefetish.com\/#organization","name":"ManureFetish.com","url":"https:\/\/manurefetish.com\/","logo":{"@type":"ImageObject","inLanguage":"es","@id":"https:\/\/manurefetish.com\/#\/schema\/logo\/image\/","url":"https:\/\/manurefetish.com\/wp-content\/uploads\/2019\/06\/1000xmanurefetishcom-michaela-logo-website-shop.png","contentUrl":"https:\/\/manurefetish.com\/wp-content\/uploads\/2019\/06\/1000xmanurefetishcom-michaela-logo-website-shop.png","width":1000,"height":632,"caption":"ManureFetish.com"},"image":{"@id":"https:\/\/manurefetish.com\/#\/schema\/logo\/image\/"},"sameAs":["https:\/\/www.facebook.com\/manurefetish\/","https:\/\/x.com\/Manurefetisch","https:\/\/www.youtube.com\/c\/ManureFetish"],"description":"Estamos creando diversos contenidos fetichistas con modelos femeninos y masculinos por igual.","foundingDate":"2019-07-04","vatID":"DE366928521","numberOfEmployees":{"@type":"QuantitativeValue","minValue":"1","maxValue":"10"}}]},"og_availability":"instock","product_availability":"instock","product_retailer_item_id":"MFW-KK-SDOTF","product_condition":"new"},"_links":{"self":[{"href":"https:\/\/manurefetish.com\/es\/wp-json\/wp\/v2\/product\/188751","targetHints":{"allow":["GET"]}}],"collection":[{"href":"https:\/\/manurefetish.com\/es\/wp-json\/wp\/v2\/product"}],"about":[{"href":"https:\/\/manurefetish.com\/es\/wp-json\/wp\/v2\/types\/product"}],"replies":[{"embeddable":true,"href":"https:\/\/manurefetish.com\/es\/wp-json\/wp\/v2\/comments?post=188751"}],"version-history":[{"count":0,"href":"https:\/\/manurefetish.com\/es\/wp-json\/wp\/v2\/product\/188751\/revisions"}],"wp:featuredmedia":[{"embeddable":true,"href":"https:\/\/manurefetish.com\/es\/wp-json\/wp\/v2\/media\/199389"}],"wp:attachment":[{"href":"https:\/\/manurefetish.com\/es\/wp-json\/wp\/v2\/media?parent=188751"}],"wp:term":[{"taxonomy":"product_brand","embeddable":true,"href":"https:\/\/manurefetish.com\/es\/wp-json\/wp\/v2\/product_brand?post=188751"},{"taxonomy":"product_cat","embeddable":true,"href":"https:\/\/manurefetish.com\/es\/wp-json\/wp\/v2\/product_cat?post=188751"},{"taxonomy":"product_tag","embeddable":true,"href":"https:\/\/manurefetish.com\/es\/wp-json\/wp\/v2\/product_tag?post=188751"}],"curies":[{"name":"wp","href":"https:\/\/api.w.org\/{rel}","templated":true}]}}