{"id":188619,"date":"2025-09-30T13:54:53","date_gmt":"2025-09-30T11:54:53","guid":{"rendered":"https:\/\/manurefetish.com\/?post_type=product&#038;p=188619"},"modified":"2026-03-24T15:12:45","modified_gmt":"2026-03-24T14:12:45","slug":"kaitlyn-katsaros-going-crazy-in-pigshit","status":"publish","type":"product","link":"https:\/\/manurefetish.com\/es\/shop\/videos\/kaitlyn-katsaros-going-crazy-in-pigshit\/","title":{"rendered":"Kaitlyn Katsaros se vuelve loca en la mierda de cerdo"},"content":{"rendered":"<p><span style=\"font-weight: 400;\">Le encanta la mierda de vaca, pero mientras pasea por la granja, Kaitlyn descubre otro corral con un olor muy fuerte. Se acerca a \u00e9l y desde el principio se da cuenta de que no es mierda de vaca, sino de cerdo. Siempre quiso probarla, todo tipo de mierda quiere probarla al menos una vez. Empieza enseguida a cubrirse la ropa y el cuerpo con la mierda de cerdo realmente apestosa. Rellena sus leggings y bragas con ella para sentir la agradable sensaci\u00f3n sobre ella. Kaitlyn se quita las botas de agua y empieza a untar a\u00fan m\u00e1s mierda en la suela para lamerla. Disfruta mucho de la mierda de cerdo mientras saca su primer juguete, para follarse el culo y el co\u00f1o con \u00e9l. Se revuelca en la pocilga como si fuera una cerdita, disfruta cubierta de toda esa mierda de cerdo, mientras se folla sus dos agujeros. Tambi\u00e9n se mete mierda de cerdo en la boca y la mastica, lo que la excita much\u00edsimo, y la lleva a amar a\u00fan m\u00e1s la mierda de cerdo.<\/span><\/p>","protected":false},"excerpt":{"rendered":"<p>She loves cowshit but as she\u2019s walking around the farm, Kaitlyn discovers another pen with a really strong smell. She walks over to it and she can tell right from the start that this isn\u2019t cowshit instead it\u2019s pigshit. She always wanted to try it out, every type of shit she wants to try out [&hellip;]<\/p>\n","protected":false},"featured_media":199401,"comment_status":"open","ping_status":"closed","template":"","meta":{"_acf_changed":false,"site-sidebar-layout":"default","site-content-layout":"","ast-site-content-layout":"default","site-content-style":"default","site-sidebar-style":"default","ast-global-header-display":"","ast-banner-title-visibility":"","ast-main-header-display":"","ast-hfb-above-header-display":"","ast-hfb-below-header-display":"","ast-hfb-mobile-header-display":"","site-post-title":"","ast-breadcrumbs-content":"","ast-featured-img":"","footer-sml-layout":"","ast-disable-related-posts":"","theme-transparent-header-meta":"default","adv-header-id-meta":"","stick-header-meta":"","header-above-stick-meta":"","header-main-stick-meta":"","header-below-stick-meta":"","astra-migrate-meta-layouts":"set","ast-page-background-enabled":"default","ast-page-background-meta":{"desktop":{"background-color":"var(--ast-global-color-4)","background-image":"","background-repeat":"repeat","background-position":"center center","background-size":"auto","background-attachment":"scroll","background-type":"","background-media":"","overlay-type":"","overlay-color":"","overlay-opacity":"","overlay-gradient":""},"tablet":{"background-color":"","background-image":"","background-repeat":"repeat","background-position":"center center","background-size":"auto","background-attachment":"scroll","background-type":"","background-media":"","overlay-type":"","overlay-color":"","overlay-opacity":"","overlay-gradient":""},"mobile":{"background-color":"","background-image":"","background-repeat":"repeat","background-position":"center center","background-size":"auto","background-attachment":"scroll","background-type":"","background-media":"","overlay-type":"","overlay-color":"","overlay-opacity":"","overlay-gradient":""}},"ast-content-background-meta":{"desktop":{"background-color":"var(--ast-global-color-5)","background-image":"","background-repeat":"repeat","background-position":"center center","background-size":"auto","background-attachment":"scroll","background-type":"","background-media":"","overlay-type":"","overlay-color":"","overlay-opacity":"","overlay-gradient":""},"tablet":{"background-color":"var(--ast-global-color-5)","background-image":"","background-repeat":"repeat","background-position":"center center","background-size":"auto","background-attachment":"scroll","background-type":"","background-media":"","overlay-type":"","overlay-color":"","overlay-opacity":"","overlay-gradient":""},"mobile":{"background-color":"var(--ast-global-color-5)","background-image":"","background-repeat":"repeat","background-position":"center center","background-size":"auto","background-attachment":"scroll","background-type":"","background-media":"","overlay-type":"","overlay-color":"","overlay-opacity":"","overlay-gradient":""}}},"product_brand":[],"product_cat":[4470],"product_tag":[17,4511,3433,4196,317,318,2632,2771,316,4508,3933,3030,20,4260,2624,320,2968,3523,4139,2419,4490,4276,3827,18,2285,2206,4491,2629,65,35,4524,360,4587,4489,4270,4488,4523,32,4588,2650,34,4233,4514,24,2832,4281,2368],"class_list":{"0":"post-188619","1":"product","2":"type-product","3":"status-publish","4":"has-post-thumbnail","6":"product_cat-videos","7":"product_tag-anal","8":"product_tag-anal-fuck","9":"product_tag-animal-poop","10":"product_tag-animal-scat","11":"product_tag-asshole","12":"product_tag-boobs","13":"product_tag-bra","14":"product_tag-creamy","15":"product_tag-cunt","16":"product_tag-deep-throat","17":"product_tag-doggystyle","18":"product_tag-download","19":"product_tag-dung","20":"product_tag-dung-pile","21":"product_tag-farm","22":"product_tag-feet","23":"product_tag-female","24":"product_tag-fingering","25":"product_tag-first-time","26":"product_tag-full-hd","27":"product_tag-girl-in-pig-shit","28":"product_tag-kaitlyn-katsaros","29":"product_tag-licking","30":"product_tag-manure","31":"product_tag-masturbate","32":"product_tag-masturbation","33":"product_tag-masturbation-in-pig-shit","34":"product_tag-messy","35":"product_tag-naked","36":"product_tag-orgasm","37":"product_tag-orgasm-in-pig-shit","38":"product_tag-outdoor","39":"product_tag-penetration","40":"product_tag-pig-pen","41":"product_tag-pig-shit","42":"product_tag-pigs","43":"product_tag-pigshit","44":"product_tag-pussy","45":"product_tag-season-6","46":"product_tag-sensual","47":"product_tag-sex","48":"product_tag-shit","49":"product_tag-slamming","50":"product_tag-slurry","51":"product_tag-smearing","52":"product_tag-toes","53":"product_tag-ultra-hd","54":"pa_length-43-minutes","55":"pa_product-type-digital-download-full-hd-video","56":"pa_product-type-digital-download-ultra-hd-video","57":"pa_product-type-usb-stick","58":"pa_video-info-full-hd-1920x1080p","59":"pa_video-info-ultra-hd-4k","60":"desktop-align-center","61":"tablet-align-left","62":"mobile-align-left","64":"first","65":"instock","66":"shipping-taxable","67":"purchasable","68":"product-type-variable"},"exclude_global_add_ons":[],"addons":[],"acf":[],"yoast_head":"<!-- This site is optimized with the Yoast SEO Premium plugin v27.1 (Yoast SEO v27.1.1) - https:\/\/yoast.com\/product\/yoast-seo-premium-wordpress\/ -->\n<title>Kaitlyn Katsaros Going Crazy In Pigshit - ManureFetish<\/title>\n<meta name=\"description\" content=\"Kaitlyn Katsaros Going Crazy In Pigshit, she loves cowshit but this time she finds some pigshit which also really turned her on.\" \/>\n<meta name=\"robots\" content=\"index, follow, max-snippet:-1, max-image-preview:large, max-video-preview:-1\" \/>\n<link rel=\"canonical\" href=\"https:\/\/manurefetish.com\/es\/shop\/videos\/kaitlyn-katsaros-going-crazy-in-pigshit\/\" \/>\n<meta name=\"twitter:card\" content=\"summary_large_image\" \/>\n<meta name=\"twitter:title\" content=\"Kaitlyn Katsaros Going Crazy In Pigshit - ManureFetish\" \/>\n<meta name=\"twitter:description\" content=\"Kaitlyn Katsaros Going Crazy In Pigshit, she loves cowshit but this time she finds some pigshit which also really turned her on.\" \/>\n<meta name=\"twitter:image\" content=\"https:\/\/manurefetish.b-cdn.net\/wp-content\/uploads\/2025\/09\/going-crazy-in-pig-shit.jpg\" \/>\n<meta name=\"twitter:site\" content=\"@Manurefetisch\" \/>\n<script type=\"application\/ld+json\" class=\"yoast-schema-graph\">{\"@context\":\"https:\/\/schema.org\",\"@graph\":[{\"@type\":\"WebPage\",\"@id\":\"https:\/\/manurefetish.com\/shop\/videos\/kaitlyn-katsaros-going-crazy-in-pigshit\/\",\"url\":\"https:\/\/manurefetish.com\/shop\/videos\/kaitlyn-katsaros-going-crazy-in-pigshit\/\",\"name\":\"Kaitlyn Katsaros Going Crazy In Pigshit - ManureFetish\",\"isPartOf\":{\"@id\":\"https:\/\/de.manurefetish.com\/#website\"},\"primaryImageOfPage\":{\"@id\":\"https:\/\/manurefetish.com\/shop\/videos\/kaitlyn-katsaros-going-crazy-in-pigshit\/#primaryimage\"},\"image\":{\"@id\":\"https:\/\/manurefetish.com\/shop\/videos\/kaitlyn-katsaros-going-crazy-in-pigshit\/#primaryimage\"},\"thumbnailUrl\":\"https:\/\/manurefetish.b-cdn.net\/wp-content\/uploads\/2025\/09\/going-crazy-in-pig-shit.jpg\",\"datePublished\":\"2025-09-30T11:54:53+00:00\",\"dateModified\":\"2026-03-24T14:12:45+00:00\",\"description\":\"Kaitlyn Katsaros Going Crazy In Pigshit, she loves cowshit but this time she finds some pigshit which also really turned her on.\",\"breadcrumb\":{\"@id\":\"https:\/\/manurefetish.com\/shop\/videos\/kaitlyn-katsaros-going-crazy-in-pigshit\/#breadcrumb\"},\"inLanguage\":\"es\",\"potentialAction\":[{\"@type\":\"ReadAction\",\"target\":[\"https:\/\/manurefetish.com\/shop\/videos\/kaitlyn-katsaros-going-crazy-in-pigshit\/\"]}]},{\"@type\":\"ImageObject\",\"inLanguage\":\"es\",\"@id\":\"https:\/\/manurefetish.com\/shop\/videos\/kaitlyn-katsaros-going-crazy-in-pigshit\/#primaryimage\",\"url\":\"https:\/\/manurefetish.b-cdn.net\/wp-content\/uploads\/2025\/09\/going-crazy-in-pig-shit.jpg\",\"contentUrl\":\"https:\/\/manurefetish.b-cdn.net\/wp-content\/uploads\/2025\/09\/going-crazy-in-pig-shit.jpg\",\"width\":1728,\"height\":576},{\"@type\":\"BreadcrumbList\",\"@id\":\"https:\/\/manurefetish.com\/shop\/videos\/kaitlyn-katsaros-going-crazy-in-pigshit\/#breadcrumb\",\"itemListElement\":[{\"@type\":\"ListItem\",\"position\":1,\"name\":\"Home\",\"item\":\"https:\/\/manurefetish.com\/\"},{\"@type\":\"ListItem\",\"position\":2,\"name\":\"Shop\",\"item\":\"https:\/\/manurefetish.com\/shop\/\"},{\"@type\":\"ListItem\",\"position\":3,\"name\":\"Videos\",\"item\":\"https:\/\/manurefetish.com\/product-category\/videos\/\"},{\"@type\":\"ListItem\",\"position\":4,\"name\":\"Kaitlyn Katsaros Going Crazy In Pigshit\"}]},{\"@type\":\"WebSite\",\"@id\":\"https:\/\/de.manurefetish.com\/#website\",\"url\":\"https:\/\/de.manurefetish.com\/\",\"name\":\"ManureFetish\",\"description\":\"ManureFetish Shop\",\"publisher\":{\"@id\":\"https:\/\/de.manurefetish.com\/#organization\"},\"potentialAction\":[{\"@type\":\"SearchAction\",\"target\":{\"@type\":\"EntryPoint\",\"urlTemplate\":\"https:\/\/de.manurefetish.com\/?s={search_term_string}\"},\"query-input\":{\"@type\":\"PropertyValueSpecification\",\"valueRequired\":true,\"valueName\":\"search_term_string\"}}],\"inLanguage\":\"es\"},{\"@type\":\"Organization\",\"@id\":\"https:\/\/de.manurefetish.com\/#organization\",\"name\":\"ManureFetish.com\",\"url\":\"https:\/\/de.manurefetish.com\/\",\"logo\":{\"@type\":\"ImageObject\",\"inLanguage\":\"es\",\"@id\":\"https:\/\/de.manurefetish.com\/#\/schema\/logo\/image\/\",\"url\":\"https:\/\/manurefetish.com\/wp-content\/uploads\/2019\/06\/1000xmanurefetishcom-michaela-logo-website-shop.png\",\"contentUrl\":\"https:\/\/manurefetish.com\/wp-content\/uploads\/2019\/06\/1000xmanurefetishcom-michaela-logo-website-shop.png\",\"width\":1000,\"height\":632,\"caption\":\"ManureFetish.com\"},\"image\":{\"@id\":\"https:\/\/de.manurefetish.com\/#\/schema\/logo\/image\/\"},\"sameAs\":[\"https:\/\/www.facebook.com\/manurefetish\/\",\"https:\/\/x.com\/Manurefetisch\",\"https:\/\/www.youtube.com\/c\/ManureFetish\"],\"description\":\"We're creating various fetish content with female and male models alike.\",\"foundingDate\":\"2019-07-04\",\"vatID\":\"DE366928521\",\"numberOfEmployees\":{\"@type\":\"QuantitativeValue\",\"minValue\":\"1\",\"maxValue\":\"10\"}}]}<\/script>\n<meta property=\"og:availability\" content=\"instock\" \/>\n<meta property=\"product:availability\" content=\"instock\" \/>\n<meta property=\"product:retailer_item_id\" content=\"MFW-KK-GCIPS\" \/>\n<meta property=\"product:condition\" content=\"new\" \/>\n<!-- \/ Yoast SEO Premium plugin. -->","yoast_head_json":{"title":"Kaitlyn Katsaros enloquecida en mierda de cerdo - ManureFetish","description":"Kaitlyn Katsaros se vuelve loca en la mierda de cerdo, le encanta la mierda de vaca pero esta vez encuentra mierda de cerdo que tambi\u00e9n la excita mucho.","robots":{"index":"index","follow":"follow","max-snippet":"max-snippet:-1","max-image-preview":"max-image-preview:large","max-video-preview":"max-video-preview:-1"},"canonical":"https:\/\/manurefetish.com\/es\/shop\/videos\/kaitlyn-katsaros-going-crazy-in-pigshit\/","twitter_card":"summary_large_image","twitter_title":"Kaitlyn Katsaros Going Crazy In Pigshit - ManureFetish","twitter_description":"Kaitlyn Katsaros Going Crazy In Pigshit, she loves cowshit but this time she finds some pigshit which also really turned her on.","twitter_image":"https:\/\/manurefetish.b-cdn.net\/wp-content\/uploads\/2025\/09\/going-crazy-in-pig-shit.jpg","twitter_site":"@Manurefetisch","schema":{"@context":"https:\/\/schema.org","@graph":[{"@type":"WebPage","@id":"https:\/\/manurefetish.com\/shop\/videos\/kaitlyn-katsaros-going-crazy-in-pigshit\/","url":"https:\/\/manurefetish.com\/shop\/videos\/kaitlyn-katsaros-going-crazy-in-pigshit\/","name":"Kaitlyn Katsaros enloquecida en mierda de cerdo - ManureFetish","isPartOf":{"@id":"https:\/\/de.manurefetish.com\/#website"},"primaryImageOfPage":{"@id":"https:\/\/manurefetish.com\/shop\/videos\/kaitlyn-katsaros-going-crazy-in-pigshit\/#primaryimage"},"image":{"@id":"https:\/\/manurefetish.com\/shop\/videos\/kaitlyn-katsaros-going-crazy-in-pigshit\/#primaryimage"},"thumbnailUrl":"https:\/\/manurefetish.b-cdn.net\/wp-content\/uploads\/2025\/09\/going-crazy-in-pig-shit.jpg","datePublished":"2025-09-30T11:54:53+00:00","dateModified":"2026-03-24T14:12:45+00:00","description":"Kaitlyn Katsaros se vuelve loca en la mierda de cerdo, le encanta la mierda de vaca pero esta vez encuentra mierda de cerdo que tambi\u00e9n la excita mucho.","breadcrumb":{"@id":"https:\/\/manurefetish.com\/shop\/videos\/kaitlyn-katsaros-going-crazy-in-pigshit\/#breadcrumb"},"inLanguage":"es","potentialAction":[{"@type":"ReadAction","target":["https:\/\/manurefetish.com\/shop\/videos\/kaitlyn-katsaros-going-crazy-in-pigshit\/"]}]},{"@type":"ImageObject","inLanguage":"es","@id":"https:\/\/manurefetish.com\/shop\/videos\/kaitlyn-katsaros-going-crazy-in-pigshit\/#primaryimage","url":"https:\/\/manurefetish.b-cdn.net\/wp-content\/uploads\/2025\/09\/going-crazy-in-pig-shit.jpg","contentUrl":"https:\/\/manurefetish.b-cdn.net\/wp-content\/uploads\/2025\/09\/going-crazy-in-pig-shit.jpg","width":1728,"height":576},{"@type":"BreadcrumbList","@id":"https:\/\/manurefetish.com\/shop\/videos\/kaitlyn-katsaros-going-crazy-in-pigshit\/#breadcrumb","itemListElement":[{"@type":"ListItem","position":1,"name":"Home","item":"https:\/\/manurefetish.com\/"},{"@type":"ListItem","position":2,"name":"Shop","item":"https:\/\/manurefetish.com\/shop\/"},{"@type":"ListItem","position":3,"name":"Videos","item":"https:\/\/manurefetish.com\/product-category\/videos\/"},{"@type":"ListItem","position":4,"name":"Kaitlyn Katsaros Going Crazy In Pigshit"}]},{"@type":"WebSite","@id":"https:\/\/de.manurefetish.com\/#website","url":"https:\/\/de.manurefetish.com\/","name":"ManureFetish","description":"ManureFetish","publisher":{"@id":"https:\/\/de.manurefetish.com\/#organization"},"potentialAction":[{"@type":"SearchAction","target":{"@type":"EntryPoint","urlTemplate":"https:\/\/de.manurefetish.com\/?s={search_term_string}"},"query-input":{"@type":"PropertyValueSpecification","valueRequired":true,"valueName":"search_term_string"}}],"inLanguage":"es"},{"@type":"Organization","@id":"https:\/\/de.manurefetish.com\/#organization","name":"ManureFetish.com","url":"https:\/\/de.manurefetish.com\/","logo":{"@type":"ImageObject","inLanguage":"es","@id":"https:\/\/de.manurefetish.com\/#\/schema\/logo\/image\/","url":"https:\/\/manurefetish.com\/wp-content\/uploads\/2019\/06\/1000xmanurefetishcom-michaela-logo-website-shop.png","contentUrl":"https:\/\/manurefetish.com\/wp-content\/uploads\/2019\/06\/1000xmanurefetishcom-michaela-logo-website-shop.png","width":1000,"height":632,"caption":"ManureFetish.com"},"image":{"@id":"https:\/\/de.manurefetish.com\/#\/schema\/logo\/image\/"},"sameAs":["https:\/\/www.facebook.com\/manurefetish\/","https:\/\/x.com\/Manurefetisch","https:\/\/www.youtube.com\/c\/ManureFetish"],"description":"Estamos creando diversos contenidos fetichistas con modelos femeninos y masculinos por igual.","foundingDate":"2019-07-04","vatID":"DE366928521","numberOfEmployees":{"@type":"QuantitativeValue","minValue":"1","maxValue":"10"}}]},"og_availability":"instock","product_availability":"instock","product_retailer_item_id":"MFW-KK-GCIPS","product_condition":"new"},"_links":{"self":[{"href":"https:\/\/manurefetish.com\/es\/wp-json\/wp\/v2\/product\/188619","targetHints":{"allow":["GET"]}}],"collection":[{"href":"https:\/\/manurefetish.com\/es\/wp-json\/wp\/v2\/product"}],"about":[{"href":"https:\/\/manurefetish.com\/es\/wp-json\/wp\/v2\/types\/product"}],"replies":[{"embeddable":true,"href":"https:\/\/manurefetish.com\/es\/wp-json\/wp\/v2\/comments?post=188619"}],"version-history":[{"count":0,"href":"https:\/\/manurefetish.com\/es\/wp-json\/wp\/v2\/product\/188619\/revisions"}],"wp:featuredmedia":[{"embeddable":true,"href":"https:\/\/manurefetish.com\/es\/wp-json\/wp\/v2\/media\/199401"}],"wp:attachment":[{"href":"https:\/\/manurefetish.com\/es\/wp-json\/wp\/v2\/media?parent=188619"}],"wp:term":[{"taxonomy":"product_brand","embeddable":true,"href":"https:\/\/manurefetish.com\/es\/wp-json\/wp\/v2\/product_brand?post=188619"},{"taxonomy":"product_cat","embeddable":true,"href":"https:\/\/manurefetish.com\/es\/wp-json\/wp\/v2\/product_cat?post=188619"},{"taxonomy":"product_tag","embeddable":true,"href":"https:\/\/manurefetish.com\/es\/wp-json\/wp\/v2\/product_tag?post=188619"}],"curies":[{"name":"wp","href":"https:\/\/api.w.org\/{rel}","templated":true}]}}