{"id":184738,"date":"2025-09-04T02:36:03","date_gmt":"2025-09-04T00:36:03","guid":{"rendered":"https:\/\/manurefetish.com\/?post_type=product&#038;p=184738"},"modified":"2026-03-24T15:13:01","modified_gmt":"2026-03-24T14:13:01","slug":"the-manure-monster-lyndra-lynn-and-franky","status":"publish","type":"product","link":"https:\/\/manurefetish.com\/es\/shop\/videos\/the-manure-monster-lyndra-lynn-and-franky\/","title":{"rendered":"El monstruo del esti\u00e9rcol Lyndra Lynn y Franky"},"content":{"rendered":"<p><span style=\"font-weight: 400;\">Un d\u00eda normal en la granja, Lyndra Lynn recibe una invitaci\u00f3n para una reuni\u00f3n en el establo. Encuentra el canal de esti\u00e9rcol abierto y ve que algo se mueve all\u00ed. Tiene algo de tiempo, as\u00ed que quiere investigarlo. Se sienta e intenta sentir con los pies si hay algo all\u00ed. De repente, alguien que sale de la caca de vaca la agarra y tira de ella hacia abajo. Cuando se tranquiliza, ve que es Franky, que fingi\u00f3 la reuni\u00f3n de negocios s\u00f3lo para atraerla al establo. Se agarra la polla y quiere que Lyndra se la chupe, ella no lo duda y empieza a chuparle la polla cubierta de mierda de vaca. All\u00ed mismo lo sabe, ella est\u00e1 abierta a todo, as\u00ed que despu\u00e9s de la mamada se enrollan un poco. Entonces ocurre algo que Franky sorprende, Lyndra tiene que cagar, as\u00ed que se tumba de lado mientras expulsa una enorme cantidad de mierda, Franky no lo duda y coge el primer trozo de mierda con la boca y se lo traga, el sobrante lo coge para cubrir a Lyndra con \u00e9l. Luego ambos siguen foll\u00e1ndose en distintas posturas alrededor del canal de esti\u00e9rcol.\u00a0<\/span><\/p>","protected":false},"excerpt":{"rendered":"<p>A normal day on the farm, Lyndra Lynn got an invitation to a meeting in the cowshed. She finds the open manure channel and sees something in there moving. She has some time, so she wants to investigate it. She sits down and tries to feel with her feet if something is there. Suddenly someone [&hellip;]<\/p>\n","protected":false},"featured_media":199345,"comment_status":"open","ping_status":"closed","template":"","meta":{"_acf_changed":false,"site-sidebar-layout":"default","site-content-layout":"","ast-site-content-layout":"default","site-content-style":"default","site-sidebar-style":"default","ast-global-header-display":"","ast-banner-title-visibility":"","ast-main-header-display":"","ast-hfb-above-header-display":"","ast-hfb-below-header-display":"","ast-hfb-mobile-header-display":"","site-post-title":"","ast-breadcrumbs-content":"","ast-featured-img":"","footer-sml-layout":"","ast-disable-related-posts":"","theme-transparent-header-meta":"default","adv-header-id-meta":"","stick-header-meta":"","header-above-stick-meta":"","header-main-stick-meta":"","header-below-stick-meta":"","astra-migrate-meta-layouts":"set","ast-page-background-enabled":"default","ast-page-background-meta":{"desktop":{"background-color":"var(--ast-global-color-4)","background-image":"","background-repeat":"repeat","background-position":"center center","background-size":"auto","background-attachment":"scroll","background-type":"","background-media":"","overlay-type":"","overlay-color":"","overlay-opacity":"","overlay-gradient":""},"tablet":{"background-color":"","background-image":"","background-repeat":"repeat","background-position":"center center","background-size":"auto","background-attachment":"scroll","background-type":"","background-media":"","overlay-type":"","overlay-color":"","overlay-opacity":"","overlay-gradient":""},"mobile":{"background-color":"","background-image":"","background-repeat":"repeat","background-position":"center center","background-size":"auto","background-attachment":"scroll","background-type":"","background-media":"","overlay-type":"","overlay-color":"","overlay-opacity":"","overlay-gradient":""}},"ast-content-background-meta":{"desktop":{"background-color":"var(--ast-global-color-5)","background-image":"","background-repeat":"repeat","background-position":"center center","background-size":"auto","background-attachment":"scroll","background-type":"","background-media":"","overlay-type":"","overlay-color":"","overlay-opacity":"","overlay-gradient":""},"tablet":{"background-color":"var(--ast-global-color-5)","background-image":"","background-repeat":"repeat","background-position":"center center","background-size":"auto","background-attachment":"scroll","background-type":"","background-media":"","overlay-type":"","overlay-color":"","overlay-opacity":"","overlay-gradient":""},"mobile":{"background-color":"var(--ast-global-color-5)","background-image":"","background-repeat":"repeat","background-position":"center center","background-size":"auto","background-attachment":"scroll","background-type":"","background-media":"","overlay-type":"","overlay-color":"","overlay-opacity":"","overlay-gradient":""}}},"product_brand":[],"product_cat":[4470],"product_tag":[4196,317,3295,318,3667,66,4560,2551,19,4503,4500,4497,118,3830,316,64,3030,2624,3523,2438,4559,2419,4483,3861,4573,4572,4556,2841,18,52,2285,2206,4484,35,4137,32,4502,4135,4170,4588,2650,4482,4169,4187,24,2832,2630,4434,29,2368,3233],"class_list":{"0":"post-184738","1":"product","2":"type-product","3":"status-publish","4":"has-post-thumbnail","6":"product_cat-videos","7":"product_tag-animal-scat","8":"product_tag-asshole","9":"product_tag-basin","10":"product_tag-boobs","11":"product_tag-business","12":"product_tag-clothed","13":"product_tag-coprophilia","14":"product_tag-couple","15":"product_tag-cow","16":"product_tag-cow-patties","17":"product_tag-cow-shit","18":"product_tag-cows","19":"product_tag-cowshed","20":"product_tag-cowshit","21":"product_tag-cunt","22":"product_tag-dildo","23":"product_tag-download","24":"product_tag-farm","25":"product_tag-fingering","26":"product_tag-franky","27":"product_tag-fucking-in-cowshit","28":"product_tag-full-hd","29":"product_tag-girl-in-cowshit","30":"product_tag-human-dung","31":"product_tag-human-feces","32":"product_tag-human-scat","33":"product_tag-human-shit","34":"product_tag-lyndra-lynn","35":"product_tag-manure","36":"product_tag-manure-channel","37":"product_tag-masturbate","38":"product_tag-masturbation","39":"product_tag-masturbation-in-cowshit","40":"product_tag-orgasm","41":"product_tag-pooping","42":"product_tag-pussy","43":"product_tag-red-hair","44":"product_tag-scat","45":"product_tag-scat-eating","46":"product_tag-season-6","47":"product_tag-sensual","48":"product_tag-sex-in-cowshit","49":"product_tag-shit-eating","50":"product_tag-shitting","51":"product_tag-slurry","52":"product_tag-smearing","53":"product_tag-straw","54":"product_tag-submerged","55":"product_tag-submerging","56":"product_tag-ultra-hd","57":"product_tag-waifu","58":"pa_length-42-minutes","59":"pa_product-type-digital-download-full-hd-video","60":"pa_product-type-digital-download-ultra-hd-video","61":"pa_product-type-usb-stick","62":"pa_video-info-full-hd-1920x1080p","63":"pa_video-info-ultra-hd-4k","64":"desktop-align-center","65":"tablet-align-left","66":"mobile-align-left","68":"first","69":"instock","70":"shipping-taxable","71":"purchasable","72":"product-type-variable"},"exclude_global_add_ons":[],"addons":[],"acf":[],"yoast_head":"<!-- This site is optimized with the Yoast SEO Premium plugin v27.1 (Yoast SEO v27.1.1) - https:\/\/yoast.com\/product\/yoast-seo-premium-wordpress\/ -->\n<title>The Manure Monster Lyndra Lynn and Franky - ManureFetish<\/title>\n<meta name=\"description\" content=\"Ankle Deep In Cowshit, Lyndra Lynn arrives at the new farm and is a bit lost as she&#039;s looking for the cows but finds only a massive amount of cowshit.\" \/>\n<meta name=\"robots\" content=\"index, follow, max-snippet:-1, max-image-preview:large, max-video-preview:-1\" \/>\n<link rel=\"canonical\" href=\"https:\/\/manurefetish.com\/es\/shop\/videos\/the-manure-monster-lyndra-lynn-and-franky\/\" \/>\n<meta property=\"og:locale\" content=\"es_ES\" \/>\n<meta property=\"og:type\" content=\"article\" \/>\n<meta property=\"og:title\" content=\"The Manure Monster Lyndra Lynn and Franky\" \/>\n<meta property=\"og:description\" content=\"Ankle Deep In Cowshit, Lyndra Lynn arrives at the new farm and is a bit lost as she&#039;s looking for the cows but finds only a massive amount of cowshit.\" \/>\n<meta property=\"og:url\" content=\"https:\/\/manurefetish.com\/es\/shop\/videos\/the-manure-monster-lyndra-lynn-and-franky\/\" \/>\n<meta property=\"og:site_name\" content=\"ManureFetish\" \/>\n<meta property=\"article:publisher\" content=\"https:\/\/www.facebook.com\/manurefetish\/\" \/>\n<meta property=\"article:modified_time\" content=\"2026-03-24T14:13:01+00:00\" \/>\n<meta property=\"og:image\" content=\"https:\/\/manurefetish.com\/wp-content\/uploads\/2025\/09\/manure-monster.jpg\" \/>\n\t<meta property=\"og:image:width\" content=\"1728\" \/>\n\t<meta property=\"og:image:height\" content=\"576\" \/>\n\t<meta property=\"og:image:type\" content=\"image\/jpeg\" \/>\n<meta name=\"twitter:card\" content=\"summary_large_image\" \/>\n<meta name=\"twitter:site\" content=\"@Manurefetisch\" \/>\n<script type=\"application\/ld+json\" class=\"yoast-schema-graph\">{\"@context\":\"https:\/\/schema.org\",\"@graph\":[{\"@type\":\"WebPage\",\"@id\":\"https:\/\/manurefetish.com\/shop\/videos\/the-manure-monster-lyndra-lynn-and-franky\/\",\"url\":\"https:\/\/manurefetish.com\/shop\/videos\/the-manure-monster-lyndra-lynn-and-franky\/\",\"name\":\"The Manure Monster Lyndra Lynn and Franky - ManureFetish\",\"isPartOf\":{\"@id\":\"https:\/\/manurefetish.com\/#website\"},\"primaryImageOfPage\":{\"@id\":\"https:\/\/manurefetish.com\/shop\/videos\/the-manure-monster-lyndra-lynn-and-franky\/#primaryimage\"},\"image\":{\"@id\":\"https:\/\/manurefetish.com\/shop\/videos\/the-manure-monster-lyndra-lynn-and-franky\/#primaryimage\"},\"thumbnailUrl\":\"https:\/\/manurefetish.b-cdn.net\/wp-content\/uploads\/2025\/09\/manure-monster.jpg\",\"datePublished\":\"2025-09-04T00:36:03+00:00\",\"dateModified\":\"2026-03-24T14:13:01+00:00\",\"description\":\"Ankle Deep In Cowshit, Lyndra Lynn arrives at the new farm and is a bit lost as she's looking for the cows but finds only a massive amount of cowshit.\",\"breadcrumb\":{\"@id\":\"https:\/\/manurefetish.com\/shop\/videos\/the-manure-monster-lyndra-lynn-and-franky\/#breadcrumb\"},\"inLanguage\":\"es\",\"potentialAction\":[{\"@type\":\"ReadAction\",\"target\":[\"https:\/\/manurefetish.com\/shop\/videos\/the-manure-monster-lyndra-lynn-and-franky\/\"]}]},{\"@type\":\"ImageObject\",\"inLanguage\":\"es\",\"@id\":\"https:\/\/manurefetish.com\/shop\/videos\/the-manure-monster-lyndra-lynn-and-franky\/#primaryimage\",\"url\":\"https:\/\/manurefetish.b-cdn.net\/wp-content\/uploads\/2025\/09\/manure-monster.jpg\",\"contentUrl\":\"https:\/\/manurefetish.b-cdn.net\/wp-content\/uploads\/2025\/09\/manure-monster.jpg\",\"width\":1728,\"height\":576},{\"@type\":\"BreadcrumbList\",\"@id\":\"https:\/\/manurefetish.com\/shop\/videos\/the-manure-monster-lyndra-lynn-and-franky\/#breadcrumb\",\"itemListElement\":[{\"@type\":\"ListItem\",\"position\":1,\"name\":\"Home\",\"item\":\"https:\/\/manurefetish.com\/\"},{\"@type\":\"ListItem\",\"position\":2,\"name\":\"Shop\",\"item\":\"https:\/\/manurefetish.com\/shop\/\"},{\"@type\":\"ListItem\",\"position\":3,\"name\":\"Videos\",\"item\":\"https:\/\/manurefetish.com\/product-category\/videos\/\"},{\"@type\":\"ListItem\",\"position\":4,\"name\":\"The Manure Monster Lyndra Lynn and Franky\"}]},{\"@type\":\"WebSite\",\"@id\":\"https:\/\/manurefetish.com\/#website\",\"url\":\"https:\/\/manurefetish.com\/\",\"name\":\"ManureFetish\",\"description\":\"ManureFetish Shop\",\"publisher\":{\"@id\":\"https:\/\/manurefetish.com\/#organization\"},\"potentialAction\":[{\"@type\":\"SearchAction\",\"target\":{\"@type\":\"EntryPoint\",\"urlTemplate\":\"https:\/\/manurefetish.com\/?s={search_term_string}\"},\"query-input\":{\"@type\":\"PropertyValueSpecification\",\"valueRequired\":true,\"valueName\":\"search_term_string\"}}],\"inLanguage\":\"es\"},{\"@type\":\"Organization\",\"@id\":\"https:\/\/manurefetish.com\/#organization\",\"name\":\"ManureFetish.com\",\"url\":\"https:\/\/manurefetish.com\/\",\"logo\":{\"@type\":\"ImageObject\",\"inLanguage\":\"es\",\"@id\":\"https:\/\/manurefetish.com\/#\/schema\/logo\/image\/\",\"url\":\"https:\/\/manurefetish.com\/wp-content\/uploads\/2019\/06\/1000xmanurefetishcom-michaela-logo-website-shop.png\",\"contentUrl\":\"https:\/\/manurefetish.com\/wp-content\/uploads\/2019\/06\/1000xmanurefetishcom-michaela-logo-website-shop.png\",\"width\":1000,\"height\":632,\"caption\":\"ManureFetish.com\"},\"image\":{\"@id\":\"https:\/\/manurefetish.com\/#\/schema\/logo\/image\/\"},\"sameAs\":[\"https:\/\/www.facebook.com\/manurefetish\/\",\"https:\/\/x.com\/Manurefetisch\",\"https:\/\/www.youtube.com\/c\/ManureFetish\"],\"description\":\"We're creating various fetish content with female and male models alike.\",\"foundingDate\":\"2019-07-04\",\"vatID\":\"DE366928521\",\"numberOfEmployees\":{\"@type\":\"QuantitativeValue\",\"minValue\":\"1\",\"maxValue\":\"10\"}}]}<\/script>\n<meta property=\"og:availability\" content=\"instock\" \/>\n<meta property=\"product:availability\" content=\"instock\" \/>\n<meta property=\"product:retailer_item_id\" content=\"MFW-TMM\" \/>\n<meta property=\"product:condition\" content=\"new\" \/>\n<!-- \/ Yoast SEO Premium plugin. -->","yoast_head_json":{"title":"El monstruo del esti\u00e9rcol Lyndra Lynn y Franky - ManureFetish","description":"Tobillo hundido en mierda de vaca, Lyndra Lynn llega a la nueva granja y est\u00e1 un poco perdida, ya que busca a las vacas, pero s\u00f3lo encuentra una enorme cantidad de mierda de vaca.","robots":{"index":"index","follow":"follow","max-snippet":"max-snippet:-1","max-image-preview":"max-image-preview:large","max-video-preview":"max-video-preview:-1"},"canonical":"https:\/\/manurefetish.com\/es\/shop\/videos\/the-manure-monster-lyndra-lynn-and-franky\/","og_locale":"es_ES","og_type":"article","og_title":"The Manure Monster Lyndra Lynn and Franky","og_description":"Ankle Deep In Cowshit, Lyndra Lynn arrives at the new farm and is a bit lost as she's looking for the cows but finds only a massive amount of cowshit.","og_url":"https:\/\/manurefetish.com\/es\/shop\/videos\/the-manure-monster-lyndra-lynn-and-franky\/","og_site_name":"ManureFetish","article_publisher":"https:\/\/www.facebook.com\/manurefetish\/","article_modified_time":"2026-03-24T14:13:01+00:00","og_image":[{"width":1728,"height":576,"url":"https:\/\/manurefetish.com\/wp-content\/uploads\/2025\/09\/manure-monster.jpg","type":"image\/jpeg"}],"twitter_card":"summary_large_image","twitter_site":"@Manurefetisch","schema":{"@context":"https:\/\/schema.org","@graph":[{"@type":"WebPage","@id":"https:\/\/manurefetish.com\/shop\/videos\/the-manure-monster-lyndra-lynn-and-franky\/","url":"https:\/\/manurefetish.com\/shop\/videos\/the-manure-monster-lyndra-lynn-and-franky\/","name":"El monstruo del esti\u00e9rcol Lyndra Lynn y Franky - ManureFetish","isPartOf":{"@id":"https:\/\/manurefetish.com\/#website"},"primaryImageOfPage":{"@id":"https:\/\/manurefetish.com\/shop\/videos\/the-manure-monster-lyndra-lynn-and-franky\/#primaryimage"},"image":{"@id":"https:\/\/manurefetish.com\/shop\/videos\/the-manure-monster-lyndra-lynn-and-franky\/#primaryimage"},"thumbnailUrl":"https:\/\/manurefetish.b-cdn.net\/wp-content\/uploads\/2025\/09\/manure-monster.jpg","datePublished":"2025-09-04T00:36:03+00:00","dateModified":"2026-03-24T14:13:01+00:00","description":"Tobillo hundido en mierda de vaca, Lyndra Lynn llega a la nueva granja y est\u00e1 un poco perdida, ya que busca a las vacas, pero s\u00f3lo encuentra una enorme cantidad de mierda de vaca.","breadcrumb":{"@id":"https:\/\/manurefetish.com\/shop\/videos\/the-manure-monster-lyndra-lynn-and-franky\/#breadcrumb"},"inLanguage":"es","potentialAction":[{"@type":"ReadAction","target":["https:\/\/manurefetish.com\/shop\/videos\/the-manure-monster-lyndra-lynn-and-franky\/"]}]},{"@type":"ImageObject","inLanguage":"es","@id":"https:\/\/manurefetish.com\/shop\/videos\/the-manure-monster-lyndra-lynn-and-franky\/#primaryimage","url":"https:\/\/manurefetish.b-cdn.net\/wp-content\/uploads\/2025\/09\/manure-monster.jpg","contentUrl":"https:\/\/manurefetish.b-cdn.net\/wp-content\/uploads\/2025\/09\/manure-monster.jpg","width":1728,"height":576},{"@type":"BreadcrumbList","@id":"https:\/\/manurefetish.com\/shop\/videos\/the-manure-monster-lyndra-lynn-and-franky\/#breadcrumb","itemListElement":[{"@type":"ListItem","position":1,"name":"Home","item":"https:\/\/manurefetish.com\/"},{"@type":"ListItem","position":2,"name":"Shop","item":"https:\/\/manurefetish.com\/shop\/"},{"@type":"ListItem","position":3,"name":"Videos","item":"https:\/\/manurefetish.com\/product-category\/videos\/"},{"@type":"ListItem","position":4,"name":"The Manure Monster Lyndra Lynn and Franky"}]},{"@type":"WebSite","@id":"https:\/\/manurefetish.com\/#website","url":"https:\/\/manurefetish.com\/","name":"ManureFetish","description":"ManureFetish","publisher":{"@id":"https:\/\/manurefetish.com\/#organization"},"potentialAction":[{"@type":"SearchAction","target":{"@type":"EntryPoint","urlTemplate":"https:\/\/manurefetish.com\/?s={search_term_string}"},"query-input":{"@type":"PropertyValueSpecification","valueRequired":true,"valueName":"search_term_string"}}],"inLanguage":"es"},{"@type":"Organization","@id":"https:\/\/manurefetish.com\/#organization","name":"ManureFetish.com","url":"https:\/\/manurefetish.com\/","logo":{"@type":"ImageObject","inLanguage":"es","@id":"https:\/\/manurefetish.com\/#\/schema\/logo\/image\/","url":"https:\/\/manurefetish.com\/wp-content\/uploads\/2019\/06\/1000xmanurefetishcom-michaela-logo-website-shop.png","contentUrl":"https:\/\/manurefetish.com\/wp-content\/uploads\/2019\/06\/1000xmanurefetishcom-michaela-logo-website-shop.png","width":1000,"height":632,"caption":"ManureFetish.com"},"image":{"@id":"https:\/\/manurefetish.com\/#\/schema\/logo\/image\/"},"sameAs":["https:\/\/www.facebook.com\/manurefetish\/","https:\/\/x.com\/Manurefetisch","https:\/\/www.youtube.com\/c\/ManureFetish"],"description":"Estamos creando diversos contenidos fetichistas con modelos femeninos y masculinos por igual.","foundingDate":"2019-07-04","vatID":"DE366928521","numberOfEmployees":{"@type":"QuantitativeValue","minValue":"1","maxValue":"10"}}]},"og_availability":"instock","product_availability":"instock","product_retailer_item_id":"MFW-TMM","product_condition":"new"},"_links":{"self":[{"href":"https:\/\/manurefetish.com\/es\/wp-json\/wp\/v2\/product\/184738","targetHints":{"allow":["GET"]}}],"collection":[{"href":"https:\/\/manurefetish.com\/es\/wp-json\/wp\/v2\/product"}],"about":[{"href":"https:\/\/manurefetish.com\/es\/wp-json\/wp\/v2\/types\/product"}],"replies":[{"embeddable":true,"href":"https:\/\/manurefetish.com\/es\/wp-json\/wp\/v2\/comments?post=184738"}],"version-history":[{"count":0,"href":"https:\/\/manurefetish.com\/es\/wp-json\/wp\/v2\/product\/184738\/revisions"}],"wp:featuredmedia":[{"embeddable":true,"href":"https:\/\/manurefetish.com\/es\/wp-json\/wp\/v2\/media\/199345"}],"wp:attachment":[{"href":"https:\/\/manurefetish.com\/es\/wp-json\/wp\/v2\/media?parent=184738"}],"wp:term":[{"taxonomy":"product_brand","embeddable":true,"href":"https:\/\/manurefetish.com\/es\/wp-json\/wp\/v2\/product_brand?post=184738"},{"taxonomy":"product_cat","embeddable":true,"href":"https:\/\/manurefetish.com\/es\/wp-json\/wp\/v2\/product_cat?post=184738"},{"taxonomy":"product_tag","embeddable":true,"href":"https:\/\/manurefetish.com\/es\/wp-json\/wp\/v2\/product_tag?post=184738"}],"curies":[{"name":"wp","href":"https:\/\/api.w.org\/{rel}","templated":true}]}}