{"id":182218,"date":"2025-07-24T13:00:54","date_gmt":"2025-07-24T11:00:54","guid":{"rendered":"https:\/\/manurefetish.com\/?post_type=product&#038;p=182218"},"modified":"2026-03-24T15:13:00","modified_gmt":"2026-03-24T14:13:00","slug":"kyra-sex-first-experience-with-cowshit","status":"publish","type":"product","link":"https:\/\/manurefetish.com\/es\/shop\/videos\/kyra-sex-first-experience-with-cowshit\/","title":{"rendered":"Kyra Sex Primera Experiencia Con Caca De Vaca"},"content":{"rendered":"<p><span style=\"font-weight: 400;\">Ha llegado a la granja Kyra Sex por fin est\u00e1 aqu\u00ed, sus fans saben exactamente qu\u00e9 esperar y si a\u00fan no eres fan, lo ser\u00e1s. Es completamente natural, lleva un sexy conjunto deportivo con leggings calientes y un sexy crop top. Camina directa hacia el canal de esti\u00e9rcol, echa un vistazo profundo, lo rodea y coge el cubo, ensuci\u00e1ndose las manos. Huele la mierda de vaca fresca y le intriga su fuerte olor. Se sienta y empieza a cubrirse primero la ropa, antes de quitarse el top y untarse los pechos con la mierda de vaca. Se desnuda hasta quedar en ropa interior y se unta m\u00e1s mierda de vaca en el cuerpo desnudo. Coge el cubo, lo llena de mierda de vaca y se lo echa por la cabeza. Ahora est\u00e1 muy excitada y empieza a meterse los dedos en el culo y el co\u00f1o. Quiere la experiencia completa, as\u00ed que se desliza por el canal de esti\u00e9rcol y se sumerge por primera vez. Ahora que est\u00e1 completamente cubierta de mierda de vaca y lista para met\u00e9rsela hasta el fondo, empieza a masturbarse y a follarse en distintas posturas dentro y fuera del canal de esti\u00e9rcol, esparciendo mierda de vaca por todas partes. Se folla duro su sucio culo con diferentes juguetes, estir\u00e1ndolo de verdad. Disfruta plenamente en la cremosa y apestosa porquer\u00eda.<\/span><\/p>","protected":false},"excerpt":{"rendered":"<p>She has arrived on the farm Kyra Sex is finally here, her fans know exactly what to expect and if you\u2019re not a fan yet, you will be. She\u2019s a complete natural, wearing a sexy sports outfit with hot leggings and a sexy crop top. She\u2019s walking right to the manure channel, taking a deep [&hellip;]<\/p>\n","protected":false},"featured_media":199375,"comment_status":"open","ping_status":"closed","template":"","meta":{"_acf_changed":false,"site-sidebar-layout":"default","site-content-layout":"","ast-site-content-layout":"default","site-content-style":"default","site-sidebar-style":"default","ast-global-header-display":"","ast-banner-title-visibility":"","ast-main-header-display":"","ast-hfb-above-header-display":"","ast-hfb-below-header-display":"","ast-hfb-mobile-header-display":"","site-post-title":"","ast-breadcrumbs-content":"","ast-featured-img":"","footer-sml-layout":"","ast-disable-related-posts":"","theme-transparent-header-meta":"default","adv-header-id-meta":"","stick-header-meta":"","header-above-stick-meta":"","header-main-stick-meta":"","header-below-stick-meta":"","astra-migrate-meta-layouts":"set","ast-page-background-enabled":"default","ast-page-background-meta":{"desktop":{"background-color":"var(--ast-global-color-4)","background-image":"","background-repeat":"repeat","background-position":"center center","background-size":"auto","background-attachment":"scroll","background-type":"","background-media":"","overlay-type":"","overlay-color":"","overlay-opacity":"","overlay-gradient":""},"tablet":{"background-color":"","background-image":"","background-repeat":"repeat","background-position":"center center","background-size":"auto","background-attachment":"scroll","background-type":"","background-media":"","overlay-type":"","overlay-color":"","overlay-opacity":"","overlay-gradient":""},"mobile":{"background-color":"","background-image":"","background-repeat":"repeat","background-position":"center center","background-size":"auto","background-attachment":"scroll","background-type":"","background-media":"","overlay-type":"","overlay-color":"","overlay-opacity":"","overlay-gradient":""}},"ast-content-background-meta":{"desktop":{"background-color":"var(--ast-global-color-5)","background-image":"","background-repeat":"repeat","background-position":"center center","background-size":"auto","background-attachment":"scroll","background-type":"","background-media":"","overlay-type":"","overlay-color":"","overlay-opacity":"","overlay-gradient":""},"tablet":{"background-color":"var(--ast-global-color-5)","background-image":"","background-repeat":"repeat","background-position":"center center","background-size":"auto","background-attachment":"scroll","background-type":"","background-media":"","overlay-type":"","overlay-color":"","overlay-opacity":"","overlay-gradient":""},"mobile":{"background-color":"var(--ast-global-color-5)","background-image":"","background-repeat":"repeat","background-position":"center center","background-size":"auto","background-attachment":"scroll","background-type":"","background-media":"","overlay-type":"","overlay-color":"","overlay-opacity":"","overlay-gradient":""}}},"product_brand":[],"product_cat":[4470],"product_tag":[4511,4641,4543,4196,317,4501,2626,318,71,66,19,4500,4497,118,3830,316,64,4545,3030,2624,3523,3334,2419,4483,4541,3458,18,52,2285,2206,4484,35,4640,32,4502,4588,2650,24,2832,3920,358,29,2368,3233],"class_list":{"0":"post-182218","1":"product","2":"type-product","3":"status-publish","4":"has-post-thumbnail","6":"product_cat-videos","7":"product_tag-anal-fuck","8":"product_tag-anal-gape","9":"product_tag-anal-play","10":"product_tag-animal-scat","11":"product_tag-asshole","12":"product_tag-biker","13":"product_tag-blonde","14":"product_tag-boobs","15":"product_tag-bucket","16":"product_tag-clothed","17":"product_tag-cow","18":"product_tag-cow-shit","19":"product_tag-cows","20":"product_tag-cowshed","21":"product_tag-cowshit","22":"product_tag-cunt","23":"product_tag-dildo","24":"product_tag-dirty-hair","25":"product_tag-download","26":"product_tag-farm","27":"product_tag-fingering","28":"product_tag-fisting","29":"product_tag-full-hd","30":"product_tag-girl-in-cowshit","31":"product_tag-kyra-sex","32":"product_tag-leggings","33":"product_tag-manure","34":"product_tag-manure-channel","35":"product_tag-masturbate","36":"product_tag-masturbation","37":"product_tag-masturbation-in-cowshit","38":"product_tag-orgasm","39":"product_tag-prolapse","40":"product_tag-pussy","41":"product_tag-red-hair","42":"product_tag-season-6","43":"product_tag-sensual","44":"product_tag-slurry","45":"product_tag-smearing","46":"product_tag-sportswear","47":"product_tag-stuffing","48":"product_tag-submerging","49":"product_tag-ultra-hd","50":"product_tag-waifu","51":"pa_length-53-minutes","52":"pa_product-type-digital-download-full-hd-video","53":"pa_product-type-digital-download-ultra-hd-video","54":"pa_product-type-usb-stick","55":"pa_video-info-full-hd-1920x1080p","56":"pa_video-info-ultra-hd-4k","57":"desktop-align-center","58":"tablet-align-left","59":"mobile-align-left","61":"first","62":"instock","63":"shipping-taxable","64":"purchasable","65":"product-type-variable"},"exclude_global_add_ons":[],"addons":[],"acf":[],"yoast_head":"<!-- This site is optimized with the Yoast SEO Premium plugin v27.1 (Yoast SEO v27.1.1) - https:\/\/yoast.com\/product\/yoast-seo-premium-wordpress\/ -->\n<title>Kyra Sex First Experience With Cowshit - ManureFetish<\/title>\n<meta name=\"description\" content=\"Kyra Sex First Experience With Cowshit. it&#039;s Kyra Sex first visit on the farm, she always wanted to try out the creamy manure.\" \/>\n<meta name=\"robots\" content=\"index, follow, max-snippet:-1, max-image-preview:large, max-video-preview:-1\" \/>\n<link rel=\"canonical\" href=\"https:\/\/manurefetish.com\/es\/shop\/videos\/kyra-sex-first-experience-with-cowshit\/\" \/>\n<meta property=\"og:locale\" content=\"es_ES\" \/>\n<meta property=\"og:type\" content=\"article\" \/>\n<meta property=\"og:title\" content=\"Kyra Sex First Experience With Cowshit\" \/>\n<meta property=\"og:description\" content=\"Kyra Sex First Experience With Cowshit. it&#039;s Kyra Sex first visit on the farm, she always wanted to try out the creamy manure.\" \/>\n<meta property=\"og:url\" content=\"https:\/\/manurefetish.com\/es\/shop\/videos\/kyra-sex-first-experience-with-cowshit\/\" \/>\n<meta property=\"og:site_name\" content=\"ManureFetish\" \/>\n<meta property=\"article:publisher\" content=\"https:\/\/www.facebook.com\/manurefetish\/\" \/>\n<meta property=\"article:modified_time\" content=\"2026-03-24T14:13:00+00:00\" \/>\n<meta property=\"og:image\" content=\"https:\/\/manurefetish.com\/wp-content\/uploads\/2025\/07\/kyra-sex-experince-with-cowshit.jpg\" \/>\n\t<meta property=\"og:image:width\" content=\"1728\" \/>\n\t<meta property=\"og:image:height\" content=\"576\" \/>\n\t<meta property=\"og:image:type\" content=\"image\/jpeg\" \/>\n<meta name=\"twitter:card\" content=\"summary_large_image\" \/>\n<meta name=\"twitter:site\" content=\"@Manurefetisch\" \/>\n<script type=\"application\/ld+json\" class=\"yoast-schema-graph\">{\"@context\":\"https:\/\/schema.org\",\"@graph\":[{\"@type\":\"WebPage\",\"@id\":\"https:\/\/manurefetish.com\/shop\/videos\/kyra-sex-first-experience-with-cowshit\/\",\"url\":\"https:\/\/manurefetish.com\/shop\/videos\/kyra-sex-first-experience-with-cowshit\/\",\"name\":\"Kyra Sex First Experience With Cowshit - ManureFetish\",\"isPartOf\":{\"@id\":\"https:\/\/manurefetish.com\/#website\"},\"primaryImageOfPage\":{\"@id\":\"https:\/\/manurefetish.com\/shop\/videos\/kyra-sex-first-experience-with-cowshit\/#primaryimage\"},\"image\":{\"@id\":\"https:\/\/manurefetish.com\/shop\/videos\/kyra-sex-first-experience-with-cowshit\/#primaryimage\"},\"thumbnailUrl\":\"https:\/\/manurefetish.b-cdn.net\/wp-content\/uploads\/2025\/07\/kyra-sex-experince-with-cowshit.jpg\",\"datePublished\":\"2025-07-24T11:00:54+00:00\",\"dateModified\":\"2026-03-24T14:13:00+00:00\",\"description\":\"Kyra Sex First Experience With Cowshit. it's Kyra Sex first visit on the farm, she always wanted to try out the creamy manure.\",\"breadcrumb\":{\"@id\":\"https:\/\/manurefetish.com\/shop\/videos\/kyra-sex-first-experience-with-cowshit\/#breadcrumb\"},\"inLanguage\":\"es\",\"potentialAction\":[{\"@type\":\"ReadAction\",\"target\":[\"https:\/\/manurefetish.com\/shop\/videos\/kyra-sex-first-experience-with-cowshit\/\"]}]},{\"@type\":\"ImageObject\",\"inLanguage\":\"es\",\"@id\":\"https:\/\/manurefetish.com\/shop\/videos\/kyra-sex-first-experience-with-cowshit\/#primaryimage\",\"url\":\"https:\/\/manurefetish.b-cdn.net\/wp-content\/uploads\/2025\/07\/kyra-sex-experince-with-cowshit.jpg\",\"contentUrl\":\"https:\/\/manurefetish.b-cdn.net\/wp-content\/uploads\/2025\/07\/kyra-sex-experince-with-cowshit.jpg\",\"width\":1728,\"height\":576},{\"@type\":\"BreadcrumbList\",\"@id\":\"https:\/\/manurefetish.com\/shop\/videos\/kyra-sex-first-experience-with-cowshit\/#breadcrumb\",\"itemListElement\":[{\"@type\":\"ListItem\",\"position\":1,\"name\":\"Home\",\"item\":\"https:\/\/manurefetish.com\/\"},{\"@type\":\"ListItem\",\"position\":2,\"name\":\"Shop\",\"item\":\"https:\/\/manurefetish.com\/shop\/\"},{\"@type\":\"ListItem\",\"position\":3,\"name\":\"Videos\",\"item\":\"https:\/\/manurefetish.com\/product-category\/videos\/\"},{\"@type\":\"ListItem\",\"position\":4,\"name\":\"Kyra Sex First Experience With Cowshit\"}]},{\"@type\":\"WebSite\",\"@id\":\"https:\/\/manurefetish.com\/#website\",\"url\":\"https:\/\/manurefetish.com\/\",\"name\":\"ManureFetish\",\"description\":\"ManureFetish Shop\",\"publisher\":{\"@id\":\"https:\/\/manurefetish.com\/#organization\"},\"potentialAction\":[{\"@type\":\"SearchAction\",\"target\":{\"@type\":\"EntryPoint\",\"urlTemplate\":\"https:\/\/manurefetish.com\/?s={search_term_string}\"},\"query-input\":{\"@type\":\"PropertyValueSpecification\",\"valueRequired\":true,\"valueName\":\"search_term_string\"}}],\"inLanguage\":\"es\"},{\"@type\":\"Organization\",\"@id\":\"https:\/\/manurefetish.com\/#organization\",\"name\":\"ManureFetish.com\",\"url\":\"https:\/\/manurefetish.com\/\",\"logo\":{\"@type\":\"ImageObject\",\"inLanguage\":\"es\",\"@id\":\"https:\/\/manurefetish.com\/#\/schema\/logo\/image\/\",\"url\":\"https:\/\/manurefetish.com\/wp-content\/uploads\/2019\/06\/1000xmanurefetishcom-michaela-logo-website-shop.png\",\"contentUrl\":\"https:\/\/manurefetish.com\/wp-content\/uploads\/2019\/06\/1000xmanurefetishcom-michaela-logo-website-shop.png\",\"width\":1000,\"height\":632,\"caption\":\"ManureFetish.com\"},\"image\":{\"@id\":\"https:\/\/manurefetish.com\/#\/schema\/logo\/image\/\"},\"sameAs\":[\"https:\/\/www.facebook.com\/manurefetish\/\",\"https:\/\/x.com\/Manurefetisch\",\"https:\/\/www.youtube.com\/c\/ManureFetish\"],\"description\":\"We're creating various fetish content with female and male models alike.\",\"foundingDate\":\"2019-07-04\",\"vatID\":\"DE366928521\",\"numberOfEmployees\":{\"@type\":\"QuantitativeValue\",\"minValue\":\"1\",\"maxValue\":\"10\"}}]}<\/script>\n<meta property=\"og:availability\" content=\"instock\" \/>\n<meta property=\"product:availability\" content=\"instock\" \/>\n<meta property=\"product:retailer_item_id\" content=\"MFW-KS-FWCS\" \/>\n<meta property=\"product:condition\" content=\"new\" \/>\n<!-- \/ Yoast SEO Premium plugin. -->","yoast_head_json":{"title":"Kyra Sex Primera Experiencia Con Caca De Vaca - ManureFetish","description":"Kyra Sex Primera Experiencia Con Mierda De Vaca. es la primera visita de Kyra Sex a la granja, siempre quiso probar el cremoso esti\u00e9rcol.","robots":{"index":"index","follow":"follow","max-snippet":"max-snippet:-1","max-image-preview":"max-image-preview:large","max-video-preview":"max-video-preview:-1"},"canonical":"https:\/\/manurefetish.com\/es\/shop\/videos\/kyra-sex-first-experience-with-cowshit\/","og_locale":"es_ES","og_type":"article","og_title":"Kyra Sex First Experience With Cowshit","og_description":"Kyra Sex First Experience With Cowshit. it's Kyra Sex first visit on the farm, she always wanted to try out the creamy manure.","og_url":"https:\/\/manurefetish.com\/es\/shop\/videos\/kyra-sex-first-experience-with-cowshit\/","og_site_name":"ManureFetish","article_publisher":"https:\/\/www.facebook.com\/manurefetish\/","article_modified_time":"2026-03-24T14:13:00+00:00","og_image":[{"width":1728,"height":576,"url":"https:\/\/manurefetish.com\/wp-content\/uploads\/2025\/07\/kyra-sex-experince-with-cowshit.jpg","type":"image\/jpeg"}],"twitter_card":"summary_large_image","twitter_site":"@Manurefetisch","schema":{"@context":"https:\/\/schema.org","@graph":[{"@type":"WebPage","@id":"https:\/\/manurefetish.com\/shop\/videos\/kyra-sex-first-experience-with-cowshit\/","url":"https:\/\/manurefetish.com\/shop\/videos\/kyra-sex-first-experience-with-cowshit\/","name":"Kyra Sex Primera Experiencia Con Caca De Vaca - ManureFetish","isPartOf":{"@id":"https:\/\/manurefetish.com\/#website"},"primaryImageOfPage":{"@id":"https:\/\/manurefetish.com\/shop\/videos\/kyra-sex-first-experience-with-cowshit\/#primaryimage"},"image":{"@id":"https:\/\/manurefetish.com\/shop\/videos\/kyra-sex-first-experience-with-cowshit\/#primaryimage"},"thumbnailUrl":"https:\/\/manurefetish.b-cdn.net\/wp-content\/uploads\/2025\/07\/kyra-sex-experince-with-cowshit.jpg","datePublished":"2025-07-24T11:00:54+00:00","dateModified":"2026-03-24T14:13:00+00:00","description":"Kyra Sex Primera Experiencia Con Mierda De Vaca. es la primera visita de Kyra Sex a la granja, siempre quiso probar el cremoso esti\u00e9rcol.","breadcrumb":{"@id":"https:\/\/manurefetish.com\/shop\/videos\/kyra-sex-first-experience-with-cowshit\/#breadcrumb"},"inLanguage":"es","potentialAction":[{"@type":"ReadAction","target":["https:\/\/manurefetish.com\/shop\/videos\/kyra-sex-first-experience-with-cowshit\/"]}]},{"@type":"ImageObject","inLanguage":"es","@id":"https:\/\/manurefetish.com\/shop\/videos\/kyra-sex-first-experience-with-cowshit\/#primaryimage","url":"https:\/\/manurefetish.b-cdn.net\/wp-content\/uploads\/2025\/07\/kyra-sex-experince-with-cowshit.jpg","contentUrl":"https:\/\/manurefetish.b-cdn.net\/wp-content\/uploads\/2025\/07\/kyra-sex-experince-with-cowshit.jpg","width":1728,"height":576},{"@type":"BreadcrumbList","@id":"https:\/\/manurefetish.com\/shop\/videos\/kyra-sex-first-experience-with-cowshit\/#breadcrumb","itemListElement":[{"@type":"ListItem","position":1,"name":"Home","item":"https:\/\/manurefetish.com\/"},{"@type":"ListItem","position":2,"name":"Shop","item":"https:\/\/manurefetish.com\/shop\/"},{"@type":"ListItem","position":3,"name":"Videos","item":"https:\/\/manurefetish.com\/product-category\/videos\/"},{"@type":"ListItem","position":4,"name":"Kyra Sex First Experience With Cowshit"}]},{"@type":"WebSite","@id":"https:\/\/manurefetish.com\/#website","url":"https:\/\/manurefetish.com\/","name":"ManureFetish","description":"ManureFetish","publisher":{"@id":"https:\/\/manurefetish.com\/#organization"},"potentialAction":[{"@type":"SearchAction","target":{"@type":"EntryPoint","urlTemplate":"https:\/\/manurefetish.com\/?s={search_term_string}"},"query-input":{"@type":"PropertyValueSpecification","valueRequired":true,"valueName":"search_term_string"}}],"inLanguage":"es"},{"@type":"Organization","@id":"https:\/\/manurefetish.com\/#organization","name":"ManureFetish.com","url":"https:\/\/manurefetish.com\/","logo":{"@type":"ImageObject","inLanguage":"es","@id":"https:\/\/manurefetish.com\/#\/schema\/logo\/image\/","url":"https:\/\/manurefetish.com\/wp-content\/uploads\/2019\/06\/1000xmanurefetishcom-michaela-logo-website-shop.png","contentUrl":"https:\/\/manurefetish.com\/wp-content\/uploads\/2019\/06\/1000xmanurefetishcom-michaela-logo-website-shop.png","width":1000,"height":632,"caption":"ManureFetish.com"},"image":{"@id":"https:\/\/manurefetish.com\/#\/schema\/logo\/image\/"},"sameAs":["https:\/\/www.facebook.com\/manurefetish\/","https:\/\/x.com\/Manurefetisch","https:\/\/www.youtube.com\/c\/ManureFetish"],"description":"Estamos creando diversos contenidos fetichistas con modelos femeninos y masculinos por igual.","foundingDate":"2019-07-04","vatID":"DE366928521","numberOfEmployees":{"@type":"QuantitativeValue","minValue":"1","maxValue":"10"}}]},"og_availability":"instock","product_availability":"instock","product_retailer_item_id":"MFW-KS-FWCS","product_condition":"new"},"_links":{"self":[{"href":"https:\/\/manurefetish.com\/es\/wp-json\/wp\/v2\/product\/182218","targetHints":{"allow":["GET"]}}],"collection":[{"href":"https:\/\/manurefetish.com\/es\/wp-json\/wp\/v2\/product"}],"about":[{"href":"https:\/\/manurefetish.com\/es\/wp-json\/wp\/v2\/types\/product"}],"replies":[{"embeddable":true,"href":"https:\/\/manurefetish.com\/es\/wp-json\/wp\/v2\/comments?post=182218"}],"version-history":[{"count":0,"href":"https:\/\/manurefetish.com\/es\/wp-json\/wp\/v2\/product\/182218\/revisions"}],"wp:featuredmedia":[{"embeddable":true,"href":"https:\/\/manurefetish.com\/es\/wp-json\/wp\/v2\/media\/199375"}],"wp:attachment":[{"href":"https:\/\/manurefetish.com\/es\/wp-json\/wp\/v2\/media?parent=182218"}],"wp:term":[{"taxonomy":"product_brand","embeddable":true,"href":"https:\/\/manurefetish.com\/es\/wp-json\/wp\/v2\/product_brand?post=182218"},{"taxonomy":"product_cat","embeddable":true,"href":"https:\/\/manurefetish.com\/es\/wp-json\/wp\/v2\/product_cat?post=182218"},{"taxonomy":"product_tag","embeddable":true,"href":"https:\/\/manurefetish.com\/es\/wp-json\/wp\/v2\/product_tag?post=182218"}],"curies":[{"name":"wp","href":"https:\/\/api.w.org\/{rel}","templated":true}]}}