{"id":181218,"date":"2025-01-01T22:05:50","date_gmt":"2025-01-01T21:05:50","guid":{"rendered":"https:\/\/manurefetish.com\/?post_type=product&#038;p=181218"},"modified":"2025-12-29T19:15:13","modified_gmt":"2025-12-29T18:15:13","slug":"your-custom-wish","status":"publish","type":"product","link":"https:\/\/manurefetish.com\/es\/shop\/products\/your-custom-wish\/","title":{"rendered":"Tu deseo personalizado"},"content":{"rendered":"<p>Puedes encargar un v\u00eddeo o un set de fotos a tu gusto. Personaliza el v\u00eddeo o set de fotos de tus sue\u00f1os. Tienes muchas opciones y tambi\u00e9n un campo donde puedes escribir tu \u201cgui\u00f3n\u201d que estar\u00e9 encantado de implementar. Si tienes alguna duda, puedes contactar conmigo previamente a trav\u00e9s de un ticket de soporte.<br \/>\nPara las cosas desordenadas me gusta hacer casi de todo, barro, slime, comida*, pasteles*, agua, todo mojado y desordenado, y para el otro \u201cmarr\u00f3n\u201d puedes consultar mi categor\u00eda \u201cEspecial\u201d y encontrar mis v\u00eddeos all\u00ed o tambi\u00e9n pedir un v\u00eddeo especial personalizado filthy all\u00ed.<\/p>\n<p>*Para v\u00eddeos relacionados con WAM\/Comida, si quieres comida espec\u00edfica h\u00e1zmelo saber pero no olvides a\u00f1adir el coste de la comida a los deseos especiales.<\/p>","protected":false},"excerpt":{"rendered":"<p>You can custom order a video or photoset to your liking. Customize your dream video or photoset. You have many options and also a field where you can write your \u201cscript\u201d which I will be very happy to implement. If you have some question, you can contact me beforehand through a support ticket. For the [&hellip;]<\/p>\n","protected":false},"featured_media":181219,"comment_status":"open","ping_status":"closed","template":"","meta":{"_acf_changed":false,"site-sidebar-layout":"default","site-content-layout":"","ast-site-content-layout":"default","site-content-style":"default","site-sidebar-style":"default","ast-global-header-display":"","ast-banner-title-visibility":"","ast-main-header-display":"","ast-hfb-above-header-display":"","ast-hfb-below-header-display":"","ast-hfb-mobile-header-display":"","site-post-title":"","ast-breadcrumbs-content":"","ast-featured-img":"","footer-sml-layout":"","ast-disable-related-posts":"","theme-transparent-header-meta":"default","adv-header-id-meta":"","stick-header-meta":"","header-above-stick-meta":"","header-main-stick-meta":"","header-below-stick-meta":"","astra-migrate-meta-layouts":"set","ast-page-background-enabled":"default","ast-page-background-meta":{"desktop":{"background-color":"var(--ast-global-color-4)","background-image":"","background-repeat":"repeat","background-position":"center center","background-size":"auto","background-attachment":"scroll","background-type":"","background-media":"","overlay-type":"","overlay-color":"","overlay-opacity":"","overlay-gradient":""},"tablet":{"background-color":"","background-image":"","background-repeat":"repeat","background-position":"center center","background-size":"auto","background-attachment":"scroll","background-type":"","background-media":"","overlay-type":"","overlay-color":"","overlay-opacity":"","overlay-gradient":""},"mobile":{"background-color":"","background-image":"","background-repeat":"repeat","background-position":"center center","background-size":"auto","background-attachment":"scroll","background-type":"","background-media":"","overlay-type":"","overlay-color":"","overlay-opacity":"","overlay-gradient":""}},"ast-content-background-meta":{"desktop":{"background-color":"var(--ast-global-color-5)","background-image":"","background-repeat":"repeat","background-position":"center center","background-size":"auto","background-attachment":"scroll","background-type":"","background-media":"","overlay-type":"","overlay-color":"","overlay-opacity":"","overlay-gradient":""},"tablet":{"background-color":"var(--ast-global-color-5)","background-image":"","background-repeat":"repeat","background-position":"center center","background-size":"auto","background-attachment":"scroll","background-type":"","background-media":"","overlay-type":"","overlay-color":"","overlay-opacity":"","overlay-gradient":""},"mobile":{"background-color":"var(--ast-global-color-5)","background-image":"","background-repeat":"repeat","background-position":"center center","background-size":"auto","background-attachment":"scroll","background-type":"","background-media":"","overlay-type":"","overlay-color":"","overlay-opacity":"","overlay-gradient":""}}},"product_brand":[],"product_cat":[4634],"product_tag":[4533,2841,4539,4538],"class_list":{"0":"post-181218","1":"product","2":"type-product","3":"status-publish","4":"has-post-thumbnail","6":"product_cat-products","7":"product_tag-custom-video","8":"product_tag-lyndra-lynn","9":"product_tag-lyndra-lynn-custom","10":"product_tag-your-custom-wish","11":"desktop-align-center","12":"tablet-align-left","13":"mobile-align-left","15":"first","16":"instock","17":"virtual","18":"purchasable","19":"product-type-simple"},"exclude_global_add_ons":false,"addons":[{"name":"Seleccione lo que desee","type":"checkbox","position":0,"required":true,"title_format":"label","default":"","description_enable":true,"description":"Seleccione si desea un conjunto de fotos personalizado y\/o un v\u00eddeo","placeholder_enable":false,"placeholder":"","display":"select","restrictions_type":"any_text","adjust_price":false,"price":"","price_type":"flat_fee","restrictions":false,"min":"0","max":"0","options":[{"label":"Video","price":"300","price_type":"flat_fee","image":0,"visibility":true},{"label":"Photoset","price":"100","price_type":"flat_fee","image":0,"visibility":true}],"id":1752099033},{"name":"Interior o exterior","type":"multiple_choice","position":1,"required":true,"title_format":"label","default":"0","description_enable":true,"description":"Seleccione si el v\u00eddeo debe ser de interior o de exterior","placeholder_enable":false,"placeholder":"","display":"select","restrictions_type":"any_text","adjust_price":false,"price":"","price_type":"flat_fee","restrictions":false,"min":"0","max":"0","options":[{"label":"Indoor","price":"","price_type":"flat_fee","image":0,"visibility":true},{"label":"Outdoor","price":"50","price_type":"flat_fee","image":0,"visibility":true}],"id":1752099034},{"name":"Si desea un conjunto de fotos, seleccione la cantidad","type":"multiple_choice","position":2,"required":false,"title_format":"label","default":"0","description_enable":false,"description":"","placeholder_enable":false,"placeholder":"","display":"select","restrictions_type":"any_text","adjust_price":false,"price":"","price_type":"flat_fee","restrictions":false,"min":"0","max":"0","options":[{"label":"5 pcs","price":"15","price_type":"flat_fee","image":0,"visibility":true},{"label":"10 pcs","price":"25","price_type":"flat_fee","image":0,"visibility":true},{"label":"20 pcs","price":"45","price_type":"flat_fee","image":0,"visibility":true},{"label":"30 pcs","price":"66","price_type":"flat_fee","image":0,"visibility":true},{"label":"50 pcs","price":"100","price_type":"flat_fee","image":0,"visibility":true}],"id":1752099035},{"name":"Si desea un v\u00eddeo, seleccione su duraci\u00f3n","type":"multiple_choice","position":3,"required":false,"title_format":"label","default":"0","description_enable":false,"description":"","placeholder_enable":false,"placeholder":"","display":"select","restrictions_type":"any_text","adjust_price":false,"price":"","price_type":"flat_fee","restrictions":false,"min":"0","max":"0","options":[{"label":"5 Minutes","price":"50","price_type":"flat_fee","image":0,"visibility":true},{"label":"10 Minutes","price":"60","price_type":"flat_fee","image":0,"visibility":true},{"label":"20 Minutes","price":"75","price_type":"flat_fee","image":0,"visibility":true},{"label":"30 Minutes","price":"100","price_type":"flat_fee","image":0,"visibility":true},{"label":"45 Minutes","price":"150","price_type":"flat_fee","image":0,"visibility":true},{"label":"60 Minutes","price":"200","price_type":"flat_fee","image":0,"visibility":true}],"id":1752099036},{"name":"Opciones adicionales para su pedido personalizado","type":"checkbox","position":4,"required":false,"title_format":"label","default":"","description_enable":false,"description":"","placeholder_enable":false,"placeholder":"","display":"select","restrictions_type":"any_text","adjust_price":false,"price":"","price_type":"flat_fee","restrictions":false,"min":"0","max":"0","options":[{"label":"With mud","price":"20","price_type":"flat_fee","image":0,"visibility":true},{"label":"With slime","price":"40","price_type":"flat_fee","image":0,"visibility":true},{"label":"Multiple orgasms","price":"10","price_type":"flat_fee","image":0,"visibility":true},{"label":"Cake","price":"20","price_type":"flat_fee","image":0,"visibility":true},{"label":"Chocolate cream","price":"20","price_type":"flat_fee","image":0,"visibility":true},{"label":"Other food (WAM) (write in special wishes which one)","price":"20","price_type":"flat_fee","image":0,"visibility":true},{"label":"With a dildo","price":"5","price_type":"flat_fee","image":0,"visibility":true},{"label":"With an anal plug","price":"5","price_type":"flat_fee","image":0,"visibility":true},{"label":"Peeing","price":"10","price_type":"flat_fee","image":0,"visibility":true},{"label":"You want it to be exclusive for you (Will not be published elsewhere)","price":"1000","price_type":"flat_fee","image":0,"visibility":true},{"label":"Jerk off instruction","price":"10","price_type":"flat_fee","image":0,"visibility":true},{"label":"Domination video (JOI etc.)","price":"10","price_type":"flat_fee","image":0,"visibility":true},{"label":"Anal (with toys)","price":"10","price_type":"flat_fee","image":0,"visibility":true},{"label":"Enema","price":"60","price_type":"flat_fee","image":0,"visibility":true},{"label":"Writing your name on my body","price":"50","price_type":"flat_fee","image":0,"visibility":true},{"label":"Calling your name (only on video)","price":"50","price_type":"flat_fee","image":0,"visibility":true}],"id":1752099037},{"name":"\u00bfQu\u00e9 desea que haga? Peticiones especiales","type":"custom_textarea","position":5,"required":true,"title_format":"label","default":"","description_enable":true,"description":"Por favor, escriba aqu\u00ed sobre lo que debo hacer durante el video o photoshooting o lo que quieres ver. Por ejemplo, pies enfocados, orinar al aire libre y masturbarse etc. Tambi\u00e9n si tienes peticiones personalizadas en ropa o juguetes, por favor escr\u00edbelo aqu\u00ed y tambi\u00e9n env\u00eda el enlace. No olvides a\u00f1adir el precio de la ropa\/juguetes etc en el campo de abajo, para que pueda comprarlo.","placeholder_enable":false,"placeholder":"","display":"select","restrictions_type":"any_text","adjust_price":false,"price":"","price_type":"flat_fee","restrictions":true,"min":"30","max":"20000","options":[],"id":1752099038},{"name":"Deseos especiales","type":"custom_price","position":6,"required":false,"title_format":"label","default":"","description_enable":true,"description":"Si tienes un deseo especial, puedes a\u00f1adir aqu\u00ed una cantidad sobre lo que pagar\u00edas de m\u00e1s. Por ejemplo, si quieres que fotograf\u00ede con ropa espec\u00edfica, entonces env\u00edame el enlace de ese art\u00edculo e introduce aqu\u00ed el precio del mismo, para que pueda comprarlo. El precio introducido es en \u20ac.","placeholder_enable":false,"placeholder":"","display":"select","restrictions_type":"any_text","adjust_price":false,"price":"","price_type":"quantity_based","restrictions":false,"min":"0","max":"0","options":[],"id":1752099039}],"acf":[],"yoast_head":"<!-- This site is optimized with the Yoast SEO Premium plugin v27.1 (Yoast SEO v27.1.1) - https:\/\/yoast.com\/product\/yoast-seo-premium-wordpress\/ -->\n<title>Your Custom Wish - ManureFetish<\/title>\n<meta name=\"description\" content=\"Your custom wish, you can order your own custom video or photoset. You can add many options and wishes as you want.\" \/>\n<meta name=\"robots\" content=\"index, follow, max-snippet:-1, max-image-preview:large, max-video-preview:-1\" \/>\n<link rel=\"canonical\" href=\"https:\/\/manurefetish.com\/es\/shop\/lyndra-lynn\/customs\/your-custom-wish\/\" \/>\n<meta property=\"og:locale\" content=\"es_ES\" \/>\n<meta property=\"og:type\" content=\"article\" \/>\n<meta property=\"og:title\" content=\"Your Custom Wish\" \/>\n<meta property=\"og:description\" content=\"Your custom wish, you can order your own custom video or photoset. You can add many options and wishes as you want.\" \/>\n<meta property=\"og:url\" content=\"https:\/\/manurefetish.com\/es\/shop\/lyndra-lynn\/customs\/your-custom-wish\/\" \/>\n<meta property=\"og:site_name\" content=\"ManureFetish\" \/>\n<meta property=\"article:publisher\" content=\"https:\/\/www.facebook.com\/manurefetish\/\" \/>\n<meta property=\"article:modified_time\" content=\"2025-12-29T18:15:13+00:00\" \/>\n<meta property=\"og:image\" content=\"https:\/\/manurefetish.com\/wp-content\/uploads\/2025\/07\/your-custom-wish.jpg\" \/>\n\t<meta property=\"og:image:width\" content=\"1920\" \/>\n\t<meta property=\"og:image:height\" content=\"1080\" \/>\n\t<meta property=\"og:image:type\" content=\"image\/jpeg\" \/>\n<meta name=\"twitter:card\" content=\"summary_large_image\" \/>\n<meta name=\"twitter:site\" content=\"@Manurefetisch\" \/>\n<script type=\"application\/ld+json\" class=\"yoast-schema-graph\">{\"@context\":\"https:\/\/schema.org\",\"@graph\":[{\"@type\":\"WebPage\",\"@id\":\"https:\/\/manurefetish.com\/shop\/lyndra-lynn\/customs\/your-custom-wish\/\",\"url\":\"https:\/\/manurefetish.com\/shop\/lyndra-lynn\/customs\/your-custom-wish\/\",\"name\":\"Your Custom Wish - ManureFetish\",\"isPartOf\":{\"@id\":\"https:\/\/manurefetish.com\/#website\"},\"primaryImageOfPage\":{\"@id\":\"https:\/\/manurefetish.com\/shop\/lyndra-lynn\/customs\/your-custom-wish\/#primaryimage\"},\"image\":{\"@id\":\"https:\/\/manurefetish.com\/shop\/lyndra-lynn\/customs\/your-custom-wish\/#primaryimage\"},\"thumbnailUrl\":\"https:\/\/manurefetish.b-cdn.net\/wp-content\/uploads\/2025\/07\/your-custom-wish.jpg\",\"datePublished\":\"2025-01-01T21:05:50+00:00\",\"dateModified\":\"2025-12-29T18:15:13+00:00\",\"description\":\"Your custom wish, you can order your own custom video or photoset. You can add many options and wishes as you want.\",\"breadcrumb\":{\"@id\":\"https:\/\/manurefetish.com\/shop\/lyndra-lynn\/customs\/your-custom-wish\/#breadcrumb\"},\"inLanguage\":\"es\",\"potentialAction\":[{\"@type\":\"ReadAction\",\"target\":[\"https:\/\/manurefetish.com\/shop\/lyndra-lynn\/customs\/your-custom-wish\/\"]}]},{\"@type\":\"ImageObject\",\"inLanguage\":\"es\",\"@id\":\"https:\/\/manurefetish.com\/shop\/lyndra-lynn\/customs\/your-custom-wish\/#primaryimage\",\"url\":\"https:\/\/manurefetish.b-cdn.net\/wp-content\/uploads\/2025\/07\/your-custom-wish.jpg\",\"contentUrl\":\"https:\/\/manurefetish.b-cdn.net\/wp-content\/uploads\/2025\/07\/your-custom-wish.jpg\",\"width\":1920,\"height\":1080},{\"@type\":\"BreadcrumbList\",\"@id\":\"https:\/\/manurefetish.com\/shop\/lyndra-lynn\/customs\/your-custom-wish\/#breadcrumb\",\"itemListElement\":[{\"@type\":\"ListItem\",\"position\":1,\"name\":\"Home\",\"item\":\"https:\/\/manurefetish.com\/\"},{\"@type\":\"ListItem\",\"position\":2,\"name\":\"Shop\",\"item\":\"https:\/\/manurefetish.com\/shop\/\"},{\"@type\":\"ListItem\",\"position\":3,\"name\":\"Your Custom Wish\"}]},{\"@type\":\"WebSite\",\"@id\":\"https:\/\/manurefetish.com\/#website\",\"url\":\"https:\/\/manurefetish.com\/\",\"name\":\"ManureFetish\",\"description\":\"ManureFetish Shop\",\"publisher\":{\"@id\":\"https:\/\/manurefetish.com\/#organization\"},\"potentialAction\":[{\"@type\":\"SearchAction\",\"target\":{\"@type\":\"EntryPoint\",\"urlTemplate\":\"https:\/\/manurefetish.com\/?s={search_term_string}\"},\"query-input\":{\"@type\":\"PropertyValueSpecification\",\"valueRequired\":true,\"valueName\":\"search_term_string\"}}],\"inLanguage\":\"es\"},{\"@type\":\"Organization\",\"@id\":\"https:\/\/manurefetish.com\/#organization\",\"name\":\"ManureFetish.com\",\"url\":\"https:\/\/manurefetish.com\/\",\"logo\":{\"@type\":\"ImageObject\",\"inLanguage\":\"es\",\"@id\":\"https:\/\/manurefetish.com\/#\/schema\/logo\/image\/\",\"url\":\"https:\/\/manurefetish.com\/wp-content\/uploads\/2019\/06\/1000xmanurefetishcom-michaela-logo-website-shop.png\",\"contentUrl\":\"https:\/\/manurefetish.com\/wp-content\/uploads\/2019\/06\/1000xmanurefetishcom-michaela-logo-website-shop.png\",\"width\":1000,\"height\":632,\"caption\":\"ManureFetish.com\"},\"image\":{\"@id\":\"https:\/\/manurefetish.com\/#\/schema\/logo\/image\/\"},\"sameAs\":[\"https:\/\/www.facebook.com\/manurefetish\/\",\"https:\/\/x.com\/Manurefetisch\",\"https:\/\/www.youtube.com\/c\/ManureFetish\"],\"description\":\"We're creating various fetish content with female and male models alike.\",\"foundingDate\":\"2019-07-04\",\"vatID\":\"DE366928521\",\"numberOfEmployees\":{\"@type\":\"QuantitativeValue\",\"minValue\":\"1\",\"maxValue\":\"10\"}}]}<\/script>\n<meta property=\"product:price:amount\" content=\"5.00\" \/>\n<meta property=\"product:price:currency\" content=\"EUR\" \/>\n<meta property=\"og:availability\" content=\"instock\" \/>\n<meta property=\"product:availability\" content=\"instock\" \/>\n<meta property=\"product:condition\" content=\"new\" \/>\n<!-- \/ Yoast SEO Premium plugin. -->","yoast_head_json":{"title":"Tu deseo personalizado - ManureFetish","description":"Su deseo personalizado, usted puede ordenar su propio video personalizado o photoset. Puedes a\u00f1adir tantas opciones y deseos como quieras.","robots":{"index":"index","follow":"follow","max-snippet":"max-snippet:-1","max-image-preview":"max-image-preview:large","max-video-preview":"max-video-preview:-1"},"canonical":"https:\/\/manurefetish.com\/es\/shop\/lyndra-lynn\/customs\/your-custom-wish\/","og_locale":"es_ES","og_type":"article","og_title":"Your Custom Wish","og_description":"Your custom wish, you can order your own custom video or photoset. You can add many options and wishes as you want.","og_url":"https:\/\/manurefetish.com\/es\/shop\/lyndra-lynn\/customs\/your-custom-wish\/","og_site_name":"ManureFetish","article_publisher":"https:\/\/www.facebook.com\/manurefetish\/","article_modified_time":"2025-12-29T18:15:13+00:00","og_image":[{"width":1920,"height":1080,"url":"https:\/\/manurefetish.com\/wp-content\/uploads\/2025\/07\/your-custom-wish.jpg","type":"image\/jpeg"}],"twitter_card":"summary_large_image","twitter_site":"@Manurefetisch","schema":{"@context":"https:\/\/schema.org","@graph":[{"@type":"WebPage","@id":"https:\/\/manurefetish.com\/shop\/lyndra-lynn\/customs\/your-custom-wish\/","url":"https:\/\/manurefetish.com\/shop\/lyndra-lynn\/customs\/your-custom-wish\/","name":"Tu deseo personalizado - ManureFetish","isPartOf":{"@id":"https:\/\/manurefetish.com\/#website"},"primaryImageOfPage":{"@id":"https:\/\/manurefetish.com\/shop\/lyndra-lynn\/customs\/your-custom-wish\/#primaryimage"},"image":{"@id":"https:\/\/manurefetish.com\/shop\/lyndra-lynn\/customs\/your-custom-wish\/#primaryimage"},"thumbnailUrl":"https:\/\/manurefetish.b-cdn.net\/wp-content\/uploads\/2025\/07\/your-custom-wish.jpg","datePublished":"2025-01-01T21:05:50+00:00","dateModified":"2025-12-29T18:15:13+00:00","description":"Su deseo personalizado, usted puede ordenar su propio video personalizado o photoset. Puedes a\u00f1adir tantas opciones y deseos como quieras.","breadcrumb":{"@id":"https:\/\/manurefetish.com\/shop\/lyndra-lynn\/customs\/your-custom-wish\/#breadcrumb"},"inLanguage":"es","potentialAction":[{"@type":"ReadAction","target":["https:\/\/manurefetish.com\/shop\/lyndra-lynn\/customs\/your-custom-wish\/"]}]},{"@type":"ImageObject","inLanguage":"es","@id":"https:\/\/manurefetish.com\/shop\/lyndra-lynn\/customs\/your-custom-wish\/#primaryimage","url":"https:\/\/manurefetish.b-cdn.net\/wp-content\/uploads\/2025\/07\/your-custom-wish.jpg","contentUrl":"https:\/\/manurefetish.b-cdn.net\/wp-content\/uploads\/2025\/07\/your-custom-wish.jpg","width":1920,"height":1080},{"@type":"BreadcrumbList","@id":"https:\/\/manurefetish.com\/shop\/lyndra-lynn\/customs\/your-custom-wish\/#breadcrumb","itemListElement":[{"@type":"ListItem","position":1,"name":"Home","item":"https:\/\/manurefetish.com\/"},{"@type":"ListItem","position":2,"name":"Shop","item":"https:\/\/manurefetish.com\/shop\/"},{"@type":"ListItem","position":3,"name":"Your Custom Wish"}]},{"@type":"WebSite","@id":"https:\/\/manurefetish.com\/#website","url":"https:\/\/manurefetish.com\/","name":"ManureFetish","description":"ManureFetish","publisher":{"@id":"https:\/\/manurefetish.com\/#organization"},"potentialAction":[{"@type":"SearchAction","target":{"@type":"EntryPoint","urlTemplate":"https:\/\/manurefetish.com\/?s={search_term_string}"},"query-input":{"@type":"PropertyValueSpecification","valueRequired":true,"valueName":"search_term_string"}}],"inLanguage":"es"},{"@type":"Organization","@id":"https:\/\/manurefetish.com\/#organization","name":"ManureFetish.com","url":"https:\/\/manurefetish.com\/","logo":{"@type":"ImageObject","inLanguage":"es","@id":"https:\/\/manurefetish.com\/#\/schema\/logo\/image\/","url":"https:\/\/manurefetish.com\/wp-content\/uploads\/2019\/06\/1000xmanurefetishcom-michaela-logo-website-shop.png","contentUrl":"https:\/\/manurefetish.com\/wp-content\/uploads\/2019\/06\/1000xmanurefetishcom-michaela-logo-website-shop.png","width":1000,"height":632,"caption":"ManureFetish.com"},"image":{"@id":"https:\/\/manurefetish.com\/#\/schema\/logo\/image\/"},"sameAs":["https:\/\/www.facebook.com\/manurefetish\/","https:\/\/x.com\/Manurefetisch","https:\/\/www.youtube.com\/c\/ManureFetish"],"description":"Estamos creando diversos contenidos fetichistas con modelos femeninos y masculinos por igual.","foundingDate":"2019-07-04","vatID":"DE366928521","numberOfEmployees":{"@type":"QuantitativeValue","minValue":"1","maxValue":"10"}}]},"product_price_amount":"5.00","product_price_currency":"EUR","og_availability":"instock","product_availability":"instock","product_condition":"new"},"_links":{"self":[{"href":"https:\/\/manurefetish.com\/es\/wp-json\/wp\/v2\/product\/181218","targetHints":{"allow":["GET"]}}],"collection":[{"href":"https:\/\/manurefetish.com\/es\/wp-json\/wp\/v2\/product"}],"about":[{"href":"https:\/\/manurefetish.com\/es\/wp-json\/wp\/v2\/types\/product"}],"replies":[{"embeddable":true,"href":"https:\/\/manurefetish.com\/es\/wp-json\/wp\/v2\/comments?post=181218"}],"version-history":[{"count":0,"href":"https:\/\/manurefetish.com\/es\/wp-json\/wp\/v2\/product\/181218\/revisions"}],"wp:featuredmedia":[{"embeddable":true,"href":"https:\/\/manurefetish.com\/es\/wp-json\/wp\/v2\/media\/181219"}],"wp:attachment":[{"href":"https:\/\/manurefetish.com\/es\/wp-json\/wp\/v2\/media?parent=181218"}],"wp:term":[{"taxonomy":"product_brand","embeddable":true,"href":"https:\/\/manurefetish.com\/es\/wp-json\/wp\/v2\/product_brand?post=181218"},{"taxonomy":"product_cat","embeddable":true,"href":"https:\/\/manurefetish.com\/es\/wp-json\/wp\/v2\/product_cat?post=181218"},{"taxonomy":"product_tag","embeddable":true,"href":"https:\/\/manurefetish.com\/es\/wp-json\/wp\/v2\/product_tag?post=181218"}],"curies":[{"name":"wp","href":"https:\/\/api.w.org\/{rel}","templated":true}]}}