{"id":181215,"date":"2025-01-01T21:59:57","date_gmt":"2025-01-01T20:59:57","guid":{"rendered":"https:\/\/manurefetish.com\/?post_type=product&#038;p=181215"},"modified":"2025-12-29T19:15:17","modified_gmt":"2025-12-29T18:15:17","slug":"filthy-custom","status":"publish","type":"product","link":"https:\/\/manurefetish.com\/es\/shop\/products\/filthy-custom\/","title":{"rendered":"Costumbre asquerosa"},"content":{"rendered":"<p>Usted puede pedir un video muy filthy de m\u00ed. Actualmente tengo algunas cosas que no voy a hacer todav\u00eda, como comer, pero en general estoy abierto a todo lo dem\u00e1s.<\/p>","protected":false},"excerpt":{"rendered":"<p>Usted puede pedir un video muy filthy de m\u00ed. Actualmente tengo algunas cosas que no voy a hacer todav\u00eda, como comer, pero en general estoy abierto a todo lo dem\u00e1s.<\/p>","protected":false},"featured_media":181216,"comment_status":"open","ping_status":"closed","template":"","meta":{"_acf_changed":false,"site-sidebar-layout":"default","site-content-layout":"","ast-site-content-layout":"default","site-content-style":"default","site-sidebar-style":"default","ast-global-header-display":"","ast-banner-title-visibility":"","ast-main-header-display":"","ast-hfb-above-header-display":"","ast-hfb-below-header-display":"","ast-hfb-mobile-header-display":"","site-post-title":"","ast-breadcrumbs-content":"","ast-featured-img":"","footer-sml-layout":"","ast-disable-related-posts":"","theme-transparent-header-meta":"default","adv-header-id-meta":"","stick-header-meta":"","header-above-stick-meta":"","header-main-stick-meta":"","header-below-stick-meta":"","astra-migrate-meta-layouts":"set","ast-page-background-enabled":"default","ast-page-background-meta":{"desktop":{"background-color":"var(--ast-global-color-4)","background-image":"","background-repeat":"repeat","background-position":"center center","background-size":"auto","background-attachment":"scroll","background-type":"","background-media":"","overlay-type":"","overlay-color":"","overlay-opacity":"","overlay-gradient":""},"tablet":{"background-color":"","background-image":"","background-repeat":"repeat","background-position":"center center","background-size":"auto","background-attachment":"scroll","background-type":"","background-media":"","overlay-type":"","overlay-color":"","overlay-opacity":"","overlay-gradient":""},"mobile":{"background-color":"","background-image":"","background-repeat":"repeat","background-position":"center center","background-size":"auto","background-attachment":"scroll","background-type":"","background-media":"","overlay-type":"","overlay-color":"","overlay-opacity":"","overlay-gradient":""}},"ast-content-background-meta":{"desktop":{"background-color":"var(--ast-global-color-5)","background-image":"","background-repeat":"repeat","background-position":"center center","background-size":"auto","background-attachment":"scroll","background-type":"","background-media":"","overlay-type":"","overlay-color":"","overlay-opacity":"","overlay-gradient":""},"tablet":{"background-color":"var(--ast-global-color-5)","background-image":"","background-repeat":"repeat","background-position":"center center","background-size":"auto","background-attachment":"scroll","background-type":"","background-media":"","overlay-type":"","overlay-color":"","overlay-opacity":"","overlay-gradient":""},"mobile":{"background-color":"var(--ast-global-color-5)","background-image":"","background-repeat":"repeat","background-position":"center center","background-size":"auto","background-attachment":"scroll","background-type":"","background-media":"","overlay-type":"","overlay-color":"","overlay-opacity":"","overlay-gradient":""}}},"product_brand":[],"product_cat":[4634],"product_tag":[4196,3830,3811,4533,4536,4537,4483,2841,2836,4135,4482,3332],"class_list":{"0":"post-181215","1":"product","2":"type-product","3":"status-publish","4":"has-post-thumbnail","6":"product_cat-products","7":"product_tag-animal-scat","8":"product_tag-cowshit","9":"product_tag-custom","10":"product_tag-custom-video","11":"product_tag-customs","12":"product_tag-filthy-custom","13":"product_tag-girl-in-cowshit","14":"product_tag-lyndra-lynn","15":"product_tag-mud","16":"product_tag-scat","17":"product_tag-sex-in-cowshit","18":"product_tag-slime","19":"desktop-align-center","20":"tablet-align-left","21":"mobile-align-left","23":"first","24":"instock","25":"virtual","26":"purchasable","27":"product-type-simple"},"exclude_global_add_ons":false,"addons":[{"name":"Ubicaci\u00f3n","type":"multiple_choice","position":0,"required":true,"title_format":"label","default":"0","description_enable":true,"description":"Seleccione la ubicaci\u00f3n","placeholder_enable":false,"placeholder":"","display":"select","restrictions_type":"any_text","adjust_price":false,"price":"","price_type":"flat_fee","restrictions":false,"min":"0","max":"0","options":[{"label":"Indoor shooting","price":"","price_type":"flat_fee","image":0,"visibility":true},{"label":"Outdoor shooting","price":"100","price_type":"flat_fee","image":0,"visibility":true}],"id":1752098606},{"name":"Tipo de sustancia","type":"checkbox","position":1,"required":true,"title_format":"label","default":"","description_enable":false,"description":"","placeholder_enable":false,"placeholder":"","display":"select","restrictions_type":"any_text","adjust_price":false,"price":"","price_type":"flat_fee","restrictions":false,"min":"0","max":"0","options":[{"label":"Manure (Cow Dung)","price":"50","price_type":"flat_fee","image":0,"visibility":true},{"label":"Poop","price":"100","price_type":"flat_fee","image":0,"visibility":true},{"label":"Slime","price":"20","price_type":"flat_fee","image":0,"visibility":true},{"label":"Mud","price":"20","price_type":"flat_fee","image":0,"visibility":true},{"label":"Pee","price":"20","price_type":"flat_fee","image":0,"visibility":true}],"id":1752098607},{"name":"Filthy duraci\u00f3n del v\u00eddeo:","type":"multiple_choice","position":2,"required":true,"title_format":"label","default":"0","description_enable":true,"description":"Selecciona la duraci\u00f3n de tu v\u00eddeo femdom personalizado","placeholder_enable":false,"placeholder":"","display":"select","restrictions_type":"any_text","adjust_price":false,"price":"","price_type":"flat_fee","restrictions":false,"min":"0","max":"0","options":[{"label":"5 Minutes","price":"50","price_type":"flat_fee","image":0,"visibility":true},{"label":"10 Minutes","price":"75","price_type":"flat_fee","image":0,"visibility":true},{"label":"20 Minutes","price":"100","price_type":"flat_fee","image":0,"visibility":true},{"label":"30 Minutes","price":"120","price_type":"flat_fee","image":0,"visibility":true},{"label":"45 Minutes","price":"200","price_type":"flat_fee","image":0,"visibility":true}],"id":1752098608},{"name":"Opciones adicionales filthy","type":"checkbox","position":3,"required":false,"title_format":"label","default":"","description_enable":true,"description":"Select here what you want me to do in the video, if it's not listed here, you can write it in the script field below","placeholder_enable":false,"placeholder":"","display":"select","restrictions_type":"any_text","adjust_price":false,"price":"","price_type":"flat_fee","restrictions":false,"min":"0","max":"0","options":[{"label":"Poop panties","price":"20","price_type":"flat_fee","image":0,"visibility":true},{"label":"Smearing poop on myself","price":"15","price_type":"flat_fee","image":0,"visibility":true},{"label":"Enema","price":"15","price_type":"flat_fee","image":0,"visibility":true},{"label":"cover myself in slime","price":"10","price_type":"flat_fee","image":0,"visibility":true},{"label":"Cover myself in mud","price":"10","price_type":"flat_fee","image":0,"visibility":true},{"label":"Masturbate","price":"10","price_type":"flat_fee","image":0,"visibility":true},{"label":"Anal (fingering and small toys)","price":"15","price_type":"flat_fee","image":0,"visibility":true},{"label":"Wearing specific clothes (tell me which in the script section)","price":"50","price_type":"flat_fee","image":0,"visibility":true},{"label":"Using Toys","price":"15","price_type":"flat_fee","image":0,"visibility":true},{"label":"Peeing","price":"15","price_type":"flat_fee","image":0,"visibility":true},{"label":"Writing your name on my body","price":"30","price_type":"flat_fee","image":0,"visibility":true},{"label":"Calling your name during the video","price":"30","price_type":"flat_fee","image":0,"visibility":true},{"label":"Exclusive (Only you receive the video, it won't be published anywhere else)","price":"600","price_type":"flat_fee","image":0,"visibility":true},{"label":"Breathplay","price":"250","price_type":"flat_fee","image":0,"visibility":true},{"label":"Jerk Off Instruction","price":"20","price_type":"flat_fee","image":0,"visibility":true}],"id":1752098609},{"name":"\u00bfQu\u00e9 quiere que haga? Peticiones especiales y gui\u00f3n","type":"custom_textarea","position":4,"required":false,"title_format":"label","default":"","description_enable":true,"description":"Por favor, escriba aqu\u00ed sobre lo que debo hacer durante el video o photoshooting o lo que quieres ver. Por ejemplo, pies enfocados, orinar al aire libre y masturbarse etc. Tambi\u00e9n si tienes peticiones personalizadas en ropa o juguetes, por favor escr\u00edbelo aqu\u00ed y tambi\u00e9n env\u00eda el enlace. No olvides a\u00f1adir el precio de la ropa\/juguetes etc en el campo de abajo, para que pueda comprarlo.","placeholder_enable":false,"placeholder":"","display":"select","restrictions_type":"any_text","adjust_price":false,"price":"","price_type":"flat_fee","restrictions":true,"min":"0","max":"20000","options":[],"id":1752098610},{"name":"Deseos especiales y propina","type":"custom_price","position":5,"required":false,"title_format":"label","default":"","description_enable":true,"description":"Si tienes un deseo especial, puedes a\u00f1adir aqu\u00ed una cantidad sobre lo que pagar\u00edas de m\u00e1s. Por ejemplo, si quieres que fotograf\u00ede con ropa espec\u00edfica, entonces env\u00edame el enlace de ese art\u00edculo e introduce aqu\u00ed el precio del mismo, para que pueda comprarlo. El precio introducido es en \u20ac.","placeholder_enable":false,"placeholder":"","display":"select","restrictions_type":"any_text","adjust_price":false,"price":"","price_type":"quantity_based","restrictions":false,"min":"0","max":"0","options":[],"id":1752098611},{"name":"Informaci\u00f3n importante sobre mi caca","type":"checkbox","position":6,"required":true,"title_format":"heading","default":"","description_enable":true,"description":"Currently videos with my Poop are on backorder. You can order something with it, however it may take 2+ Month till I can produce it.\r\nThis does not affect the other substances. If you order something with mud, slime or manure, then I can produce it in the next days. This is only if you want something with my poop.","placeholder_enable":false,"placeholder":"","display":"select","restrictions_type":"any_text","adjust_price":false,"price":"","price_type":"flat_fee","restrictions":false,"min":"0","max":"0","options":[{"label":"I've read the above and understand it.","price":"","price_type":"flat_fee","image":0,"visibility":true}],"id":1752098612}],"acf":[],"yoast_head":"<!-- This site is optimized with the Yoast SEO Premium plugin v27.1 (Yoast SEO v27.1.1) - https:\/\/yoast.com\/product\/yoast-seo-premium-wordpress\/ -->\n<title>Filthy Custom - ManureFetish<\/title>\n<meta name=\"robots\" content=\"index, follow, max-snippet:-1, max-image-preview:large, max-video-preview:-1\" \/>\n<link rel=\"canonical\" href=\"https:\/\/manurefetish.com\/es\/shop\/lyndra-lynn\/customs\/filthy-custom\/\" \/>\n<meta property=\"og:locale\" content=\"es_ES\" \/>\n<meta property=\"og:type\" content=\"article\" \/>\n<meta property=\"og:title\" content=\"Filthy Custom\" \/>\n<meta property=\"og:description\" content=\"You can custom order a very filthy video of me. Currently I&#8217;ve some thing I won&#8217;t do yet, like eating but in general I&#8217;m open to everything else.\" \/>\n<meta property=\"og:url\" content=\"https:\/\/manurefetish.com\/es\/shop\/lyndra-lynn\/customs\/filthy-custom\/\" \/>\n<meta property=\"og:site_name\" content=\"ManureFetish\" \/>\n<meta property=\"article:publisher\" content=\"https:\/\/www.facebook.com\/manurefetish\/\" \/>\n<meta property=\"article:modified_time\" content=\"2025-12-29T18:15:17+00:00\" \/>\n<meta property=\"og:image\" content=\"https:\/\/manurefetish.com\/wp-content\/uploads\/2025\/07\/lyndra-lynn-filthy-custom.jpg\" \/>\n\t<meta property=\"og:image:width\" content=\"1920\" \/>\n\t<meta property=\"og:image:height\" content=\"1080\" \/>\n\t<meta property=\"og:image:type\" content=\"image\/jpeg\" \/>\n<meta name=\"twitter:card\" content=\"summary_large_image\" \/>\n<meta name=\"twitter:site\" content=\"@Manurefetisch\" \/>\n<script type=\"application\/ld+json\" class=\"yoast-schema-graph\">{\"@context\":\"https:\/\/schema.org\",\"@graph\":[{\"@type\":\"WebPage\",\"@id\":\"https:\/\/manurefetish.com\/shop\/lyndra-lynn\/customs\/filthy-custom\/\",\"url\":\"https:\/\/manurefetish.com\/shop\/lyndra-lynn\/customs\/filthy-custom\/\",\"name\":\"Filthy Custom - ManureFetish\",\"isPartOf\":{\"@id\":\"https:\/\/manurefetish.com\/#website\"},\"primaryImageOfPage\":{\"@id\":\"https:\/\/manurefetish.com\/shop\/lyndra-lynn\/customs\/filthy-custom\/#primaryimage\"},\"image\":{\"@id\":\"https:\/\/manurefetish.com\/shop\/lyndra-lynn\/customs\/filthy-custom\/#primaryimage\"},\"thumbnailUrl\":\"https:\/\/manurefetish.b-cdn.net\/wp-content\/uploads\/2025\/07\/lyndra-lynn-filthy-custom.jpg\",\"datePublished\":\"2025-01-01T20:59:57+00:00\",\"dateModified\":\"2025-12-29T18:15:17+00:00\",\"breadcrumb\":{\"@id\":\"https:\/\/manurefetish.com\/shop\/lyndra-lynn\/customs\/filthy-custom\/#breadcrumb\"},\"inLanguage\":\"es\",\"potentialAction\":[{\"@type\":\"ReadAction\",\"target\":[\"https:\/\/manurefetish.com\/shop\/lyndra-lynn\/customs\/filthy-custom\/\"]}]},{\"@type\":\"ImageObject\",\"inLanguage\":\"es\",\"@id\":\"https:\/\/manurefetish.com\/shop\/lyndra-lynn\/customs\/filthy-custom\/#primaryimage\",\"url\":\"https:\/\/manurefetish.b-cdn.net\/wp-content\/uploads\/2025\/07\/lyndra-lynn-filthy-custom.jpg\",\"contentUrl\":\"https:\/\/manurefetish.b-cdn.net\/wp-content\/uploads\/2025\/07\/lyndra-lynn-filthy-custom.jpg\",\"width\":1920,\"height\":1080},{\"@type\":\"BreadcrumbList\",\"@id\":\"https:\/\/manurefetish.com\/shop\/lyndra-lynn\/customs\/filthy-custom\/#breadcrumb\",\"itemListElement\":[{\"@type\":\"ListItem\",\"position\":1,\"name\":\"Home\",\"item\":\"https:\/\/manurefetish.com\/\"},{\"@type\":\"ListItem\",\"position\":2,\"name\":\"Shop\",\"item\":\"https:\/\/manurefetish.com\/shop\/\"},{\"@type\":\"ListItem\",\"position\":3,\"name\":\"Filthy Custom\"}]},{\"@type\":\"WebSite\",\"@id\":\"https:\/\/manurefetish.com\/#website\",\"url\":\"https:\/\/manurefetish.com\/\",\"name\":\"ManureFetish\",\"description\":\"ManureFetish Shop\",\"publisher\":{\"@id\":\"https:\/\/manurefetish.com\/#organization\"},\"potentialAction\":[{\"@type\":\"SearchAction\",\"target\":{\"@type\":\"EntryPoint\",\"urlTemplate\":\"https:\/\/manurefetish.com\/?s={search_term_string}\"},\"query-input\":{\"@type\":\"PropertyValueSpecification\",\"valueRequired\":true,\"valueName\":\"search_term_string\"}}],\"inLanguage\":\"es\"},{\"@type\":\"Organization\",\"@id\":\"https:\/\/manurefetish.com\/#organization\",\"name\":\"ManureFetish.com\",\"url\":\"https:\/\/manurefetish.com\/\",\"logo\":{\"@type\":\"ImageObject\",\"inLanguage\":\"es\",\"@id\":\"https:\/\/manurefetish.com\/#\/schema\/logo\/image\/\",\"url\":\"https:\/\/manurefetish.com\/wp-content\/uploads\/2019\/06\/1000xmanurefetishcom-michaela-logo-website-shop.png\",\"contentUrl\":\"https:\/\/manurefetish.com\/wp-content\/uploads\/2019\/06\/1000xmanurefetishcom-michaela-logo-website-shop.png\",\"width\":1000,\"height\":632,\"caption\":\"ManureFetish.com\"},\"image\":{\"@id\":\"https:\/\/manurefetish.com\/#\/schema\/logo\/image\/\"},\"sameAs\":[\"https:\/\/www.facebook.com\/manurefetish\/\",\"https:\/\/x.com\/Manurefetisch\",\"https:\/\/www.youtube.com\/c\/ManureFetish\"],\"description\":\"We're creating various fetish content with female and male models alike.\",\"foundingDate\":\"2019-07-04\",\"vatID\":\"DE366928521\",\"numberOfEmployees\":{\"@type\":\"QuantitativeValue\",\"minValue\":\"1\",\"maxValue\":\"10\"}}]}<\/script>\n<meta property=\"product:price:amount\" content=\"5.00\" \/>\n<meta property=\"product:price:currency\" content=\"EUR\" \/>\n<meta property=\"og:availability\" content=\"instock\" \/>\n<meta property=\"product:availability\" content=\"instock\" \/>\n<meta property=\"product:condition\" content=\"new\" \/>\n<!-- \/ Yoast SEO Premium plugin. -->","yoast_head_json":{"title":"Filthy Personalizado - ManureFetish","robots":{"index":"index","follow":"follow","max-snippet":"max-snippet:-1","max-image-preview":"max-image-preview:large","max-video-preview":"max-video-preview:-1"},"canonical":"https:\/\/manurefetish.com\/es\/shop\/lyndra-lynn\/customs\/filthy-custom\/","og_locale":"es_ES","og_type":"article","og_title":"Filthy Custom","og_description":"You can custom order a very filthy video of me. Currently I&#8217;ve some thing I won&#8217;t do yet, like eating but in general I&#8217;m open to everything else.","og_url":"https:\/\/manurefetish.com\/es\/shop\/lyndra-lynn\/customs\/filthy-custom\/","og_site_name":"ManureFetish","article_publisher":"https:\/\/www.facebook.com\/manurefetish\/","article_modified_time":"2025-12-29T18:15:17+00:00","og_image":[{"width":1920,"height":1080,"url":"https:\/\/manurefetish.com\/wp-content\/uploads\/2025\/07\/lyndra-lynn-filthy-custom.jpg","type":"image\/jpeg"}],"twitter_card":"summary_large_image","twitter_site":"@Manurefetisch","schema":{"@context":"https:\/\/schema.org","@graph":[{"@type":"WebPage","@id":"https:\/\/manurefetish.com\/shop\/lyndra-lynn\/customs\/filthy-custom\/","url":"https:\/\/manurefetish.com\/shop\/lyndra-lynn\/customs\/filthy-custom\/","name":"Filthy Personalizado - ManureFetish","isPartOf":{"@id":"https:\/\/manurefetish.com\/#website"},"primaryImageOfPage":{"@id":"https:\/\/manurefetish.com\/shop\/lyndra-lynn\/customs\/filthy-custom\/#primaryimage"},"image":{"@id":"https:\/\/manurefetish.com\/shop\/lyndra-lynn\/customs\/filthy-custom\/#primaryimage"},"thumbnailUrl":"https:\/\/manurefetish.b-cdn.net\/wp-content\/uploads\/2025\/07\/lyndra-lynn-filthy-custom.jpg","datePublished":"2025-01-01T20:59:57+00:00","dateModified":"2025-12-29T18:15:17+00:00","breadcrumb":{"@id":"https:\/\/manurefetish.com\/shop\/lyndra-lynn\/customs\/filthy-custom\/#breadcrumb"},"inLanguage":"es","potentialAction":[{"@type":"ReadAction","target":["https:\/\/manurefetish.com\/shop\/lyndra-lynn\/customs\/filthy-custom\/"]}]},{"@type":"ImageObject","inLanguage":"es","@id":"https:\/\/manurefetish.com\/shop\/lyndra-lynn\/customs\/filthy-custom\/#primaryimage","url":"https:\/\/manurefetish.b-cdn.net\/wp-content\/uploads\/2025\/07\/lyndra-lynn-filthy-custom.jpg","contentUrl":"https:\/\/manurefetish.b-cdn.net\/wp-content\/uploads\/2025\/07\/lyndra-lynn-filthy-custom.jpg","width":1920,"height":1080},{"@type":"BreadcrumbList","@id":"https:\/\/manurefetish.com\/shop\/lyndra-lynn\/customs\/filthy-custom\/#breadcrumb","itemListElement":[{"@type":"ListItem","position":1,"name":"Home","item":"https:\/\/manurefetish.com\/"},{"@type":"ListItem","position":2,"name":"Shop","item":"https:\/\/manurefetish.com\/shop\/"},{"@type":"ListItem","position":3,"name":"Filthy Custom"}]},{"@type":"WebSite","@id":"https:\/\/manurefetish.com\/#website","url":"https:\/\/manurefetish.com\/","name":"ManureFetish","description":"ManureFetish","publisher":{"@id":"https:\/\/manurefetish.com\/#organization"},"potentialAction":[{"@type":"SearchAction","target":{"@type":"EntryPoint","urlTemplate":"https:\/\/manurefetish.com\/?s={search_term_string}"},"query-input":{"@type":"PropertyValueSpecification","valueRequired":true,"valueName":"search_term_string"}}],"inLanguage":"es"},{"@type":"Organization","@id":"https:\/\/manurefetish.com\/#organization","name":"ManureFetish.com","url":"https:\/\/manurefetish.com\/","logo":{"@type":"ImageObject","inLanguage":"es","@id":"https:\/\/manurefetish.com\/#\/schema\/logo\/image\/","url":"https:\/\/manurefetish.com\/wp-content\/uploads\/2019\/06\/1000xmanurefetishcom-michaela-logo-website-shop.png","contentUrl":"https:\/\/manurefetish.com\/wp-content\/uploads\/2019\/06\/1000xmanurefetishcom-michaela-logo-website-shop.png","width":1000,"height":632,"caption":"ManureFetish.com"},"image":{"@id":"https:\/\/manurefetish.com\/#\/schema\/logo\/image\/"},"sameAs":["https:\/\/www.facebook.com\/manurefetish\/","https:\/\/x.com\/Manurefetisch","https:\/\/www.youtube.com\/c\/ManureFetish"],"description":"Estamos creando diversos contenidos fetichistas con modelos femeninos y masculinos por igual.","foundingDate":"2019-07-04","vatID":"DE366928521","numberOfEmployees":{"@type":"QuantitativeValue","minValue":"1","maxValue":"10"}}]},"product_price_amount":"5.00","product_price_currency":"EUR","og_availability":"instock","product_availability":"instock","product_condition":"new"},"_links":{"self":[{"href":"https:\/\/manurefetish.com\/es\/wp-json\/wp\/v2\/product\/181215","targetHints":{"allow":["GET"]}}],"collection":[{"href":"https:\/\/manurefetish.com\/es\/wp-json\/wp\/v2\/product"}],"about":[{"href":"https:\/\/manurefetish.com\/es\/wp-json\/wp\/v2\/types\/product"}],"replies":[{"embeddable":true,"href":"https:\/\/manurefetish.com\/es\/wp-json\/wp\/v2\/comments?post=181215"}],"version-history":[{"count":0,"href":"https:\/\/manurefetish.com\/es\/wp-json\/wp\/v2\/product\/181215\/revisions"}],"wp:featuredmedia":[{"embeddable":true,"href":"https:\/\/manurefetish.com\/es\/wp-json\/wp\/v2\/media\/181216"}],"wp:attachment":[{"href":"https:\/\/manurefetish.com\/es\/wp-json\/wp\/v2\/media?parent=181215"}],"wp:term":[{"taxonomy":"product_brand","embeddable":true,"href":"https:\/\/manurefetish.com\/es\/wp-json\/wp\/v2\/product_brand?post=181215"},{"taxonomy":"product_cat","embeddable":true,"href":"https:\/\/manurefetish.com\/es\/wp-json\/wp\/v2\/product_cat?post=181215"},{"taxonomy":"product_tag","embeddable":true,"href":"https:\/\/manurefetish.com\/es\/wp-json\/wp\/v2\/product_tag?post=181215"}],"curies":[{"name":"wp","href":"https:\/\/api.w.org\/{rel}","templated":true}]}}