{"id":178996,"date":"2025-06-22T17:12:42","date_gmt":"2025-06-22T15:12:42","guid":{"rendered":"https:\/\/manurefetish.com\/?post_type=product&#038;p=178996"},"modified":"2026-03-24T15:13:16","modified_gmt":"2026-03-24T14:13:16","slug":"franky-hardcore-on-the-dunghill","status":"publish","type":"product","link":"https:\/\/manurefetish.com\/es\/shop\/videos\/franky-hardcore-on-the-dunghill\/","title":{"rendered":"Franky Hardcore en el Dunghill"},"content":{"rendered":"<p>No siempre tiene tiempo para disfrutar como hace unos a\u00f1os, pero esta vez Franky lo ha planeado de verdad. Lleva algo de lencer\u00eda, para sentirse un poco m\u00e1s guarro antes de cubrirse por completo de espesa y cremosa mierda de vaca. Se pone manos a la obra. Primero le da unas caladas a sus poppers, y luego muestra todos los juguetes que quiere usar. El buttplug hinchable, para dilatarle el culo, el consolador grueso de colores y el gran consolador de caballo. Empieza desliz\u00e1ndose lentamente en la parte muy gruesa del estercolero y poco a poco se hunde m\u00e1s y m\u00e1s, se toma su tiempo, disfruta de su olor y de su sensaci\u00f3n, siendo lentamente succionado m\u00e1s profundamente hasta que se sumerge por completo. Cuando vuelve a la superficie, ha llegado el momento de estirarle y follarle el culo. Primero coge el buttplug hinchable, lo introduce en su apretado culo y bombea todo lo que puede. Luego se da unos golpes con los poppers y empuja el plug hacia fuera. Ahora es el momento del primer consolador, coge el de colores y empieza a cabalgar rodeado de toda la mierda de vaca. Ahora quiere sentir la gran polla de caballo en su culo, estira un poco m\u00e1s su culo y la deja deslizarse lentamente. Le llena por completo, con la polla ya chorreando precum, mientras la cabalga en distintas posturas. Para el final, vuelve a utilizar el juguete hinchable, se lo mete en el culo, sumerge la cabeza y masturba la polla hasta que eyacula una enorme corrida.<\/p>","protected":false},"excerpt":{"rendered":"<p>He doesn\u2019t always have time to enjoy himself as he did a few years back, but this time Franky really planned for it. He\u2019s wearing some lingerie, to feel a bit extra slutty before getting himself completely covered in thick creamy cowshit. He gets right onto it. He first takes some hits from his poppers, [&hellip;]<\/p>\n","protected":false},"featured_media":199462,"comment_status":"open","ping_status":"closed","template":"","meta":{"_acf_changed":false,"site-sidebar-layout":"default","site-content-layout":"","ast-site-content-layout":"default","site-content-style":"default","site-sidebar-style":"default","ast-global-header-display":"","ast-banner-title-visibility":"","ast-main-header-display":"","ast-hfb-above-header-display":"","ast-hfb-below-header-display":"","ast-hfb-mobile-header-display":"","site-post-title":"","ast-breadcrumbs-content":"","ast-featured-img":"","footer-sml-layout":"","ast-disable-related-posts":"","theme-transparent-header-meta":"default","adv-header-id-meta":"","stick-header-meta":"","header-above-stick-meta":"","header-main-stick-meta":"","header-below-stick-meta":"","astra-migrate-meta-layouts":"set","ast-page-background-enabled":"default","ast-page-background-meta":{"desktop":{"background-color":"var(--ast-global-color-4)","background-image":"","background-repeat":"repeat","background-position":"center center","background-size":"auto","background-attachment":"scroll","background-type":"","background-media":"","overlay-type":"","overlay-color":"","overlay-opacity":"","overlay-gradient":""},"tablet":{"background-color":"","background-image":"","background-repeat":"repeat","background-position":"center center","background-size":"auto","background-attachment":"scroll","background-type":"","background-media":"","overlay-type":"","overlay-color":"","overlay-opacity":"","overlay-gradient":""},"mobile":{"background-color":"","background-image":"","background-repeat":"repeat","background-position":"center center","background-size":"auto","background-attachment":"scroll","background-type":"","background-media":"","overlay-type":"","overlay-color":"","overlay-opacity":"","overlay-gradient":""}},"ast-content-background-meta":{"desktop":{"background-color":"var(--ast-global-color-5)","background-image":"","background-repeat":"repeat","background-position":"center center","background-size":"auto","background-attachment":"scroll","background-type":"","background-media":"","overlay-type":"","overlay-color":"","overlay-opacity":"","overlay-gradient":""},"tablet":{"background-color":"var(--ast-global-color-5)","background-image":"","background-repeat":"repeat","background-position":"center center","background-size":"auto","background-attachment":"scroll","background-type":"","background-media":"","overlay-type":"","overlay-color":"","overlay-opacity":"","overlay-gradient":""},"mobile":{"background-color":"var(--ast-global-color-5)","background-image":"","background-repeat":"repeat","background-position":"center center","background-size":"auto","background-attachment":"scroll","background-type":"","background-media":"","overlay-type":"","overlay-color":"","overlay-opacity":"","overlay-gradient":""}}},"product_brand":[],"product_cat":[4470],"product_tag":[17,3668,4196,2631,4526,2621,3830,2869,64,3030,4260,2603,56,2624,2438,54,2419,3312,3374,3424,18,2206,432,65,4259,35,4527,360,4492,4137,4525,2871,2685,2686,3591,3299,4135,4588,2832,3298,29,2368],"class_list":{"0":"post-178996","1":"product","2":"type-product","3":"status-publish","4":"has-post-thumbnail","6":"product_cat-videos","7":"product_tag-anal","8":"product_tag-anal-plug","9":"product_tag-animal-scat","10":"product_tag-completely-covered","11":"product_tag-covered-in-cowshit","12":"product_tag-cow-dung","13":"product_tag-cowshit","14":"product_tag-cumshot","15":"product_tag-dildo","16":"product_tag-download","17":"product_tag-dung-pile","18":"product_tag-dunghill","19":"product_tag-erotic","20":"product_tag-farm","21":"product_tag-franky","22":"product_tag-full-covered","23":"product_tag-full-hd","24":"product_tag-gay","25":"product_tag-horse-dildo","26":"product_tag-male","27":"product_tag-manure","28":"product_tag-masturbation","29":"product_tag-men","30":"product_tag-naked","31":"product_tag-on-tour","32":"product_tag-orgasm","33":"product_tag-orgasm-in-cowshit","34":"product_tag-outdoor","35":"product_tag-outdoors","36":"product_tag-pooping","37":"product_tag-poppers","38":"product_tag-pov","39":"product_tag-prostate","40":"product_tag-prostate-orgasm","41":"product_tag-public","42":"product_tag-riding","43":"product_tag-scat","44":"product_tag-season-6","45":"product_tag-smearing","46":"product_tag-solo","47":"product_tag-submerging","48":"product_tag-ultra-hd","49":"pa_length-51-minutes","50":"pa_product-type-digital-download-full-hd-video","51":"pa_product-type-digital-download-ultra-hd-video","52":"pa_product-type-usb-stick","53":"pa_video-info-full-hd-1920x1080p","54":"pa_video-info-ultra-hd-4k","55":"desktop-align-center","56":"tablet-align-left","57":"mobile-align-left","59":"first","60":"instock","61":"featured","62":"shipping-taxable","63":"purchasable","64":"product-type-variable","65":"has-default-attributes"},"exclude_global_add_ons":[],"addons":[],"acf":[],"yoast_head":"<!-- This site is optimized with the Yoast SEO Premium plugin v27.1 (Yoast SEO v27.1.1) - https:\/\/yoast.com\/product\/yoast-seo-premium-wordpress\/ -->\n<title>Franky Hardcore On The Dunghill - ManureFetish<\/title>\n<meta name=\"description\" content=\"Franky Hardcore On The Dunghill, he brough every toy he needs for his hardcore session on the dunghill, toys for his ass poppers and more.\" \/>\n<meta name=\"robots\" content=\"index, follow, max-snippet:-1, max-image-preview:large, max-video-preview:-1\" \/>\n<link rel=\"canonical\" href=\"https:\/\/manurefetish.com\/es\/shop\/videos\/franky-hardcore-on-the-dunghill\/\" \/>\n<meta property=\"og:locale\" content=\"es_ES\" \/>\n<meta property=\"og:type\" content=\"article\" \/>\n<meta property=\"og:title\" content=\"Franky Hardcore On The Dunghill\" \/>\n<meta property=\"og:description\" content=\"Franky Hardcore On The Dunghill, he brough every toy he needs for his hardcore session on the dunghill, toys for his ass poppers and more.\" \/>\n<meta property=\"og:url\" content=\"https:\/\/manurefetish.com\/es\/shop\/videos\/franky-hardcore-on-the-dunghill\/\" \/>\n<meta property=\"og:site_name\" content=\"ManureFetish\" \/>\n<meta property=\"article:publisher\" content=\"https:\/\/www.facebook.com\/manurefetish\/\" \/>\n<meta property=\"article:modified_time\" content=\"2026-03-24T14:13:16+00:00\" \/>\n<meta property=\"og:image\" content=\"https:\/\/manurefetish.com\/wp-content\/uploads\/2025\/06\/hardcore-on-the-dunghill.jpg\" \/>\n\t<meta property=\"og:image:width\" content=\"1728\" \/>\n\t<meta property=\"og:image:height\" content=\"576\" \/>\n\t<meta property=\"og:image:type\" content=\"image\/jpeg\" \/>\n<meta name=\"twitter:card\" content=\"summary_large_image\" \/>\n<meta name=\"twitter:site\" content=\"@Manurefetisch\" \/>\n<script type=\"application\/ld+json\" class=\"yoast-schema-graph\">{\"@context\":\"https:\/\/schema.org\",\"@graph\":[{\"@type\":\"WebPage\",\"@id\":\"https:\/\/manurefetish.com\/shop\/videos\/franky-hardcore-on-the-dunghill\/\",\"url\":\"https:\/\/manurefetish.com\/shop\/videos\/franky-hardcore-on-the-dunghill\/\",\"name\":\"Franky Hardcore On The Dunghill - ManureFetish\",\"isPartOf\":{\"@id\":\"https:\/\/manurefetish.com\/#website\"},\"primaryImageOfPage\":{\"@id\":\"https:\/\/manurefetish.com\/shop\/videos\/franky-hardcore-on-the-dunghill\/#primaryimage\"},\"image\":{\"@id\":\"https:\/\/manurefetish.com\/shop\/videos\/franky-hardcore-on-the-dunghill\/#primaryimage\"},\"thumbnailUrl\":\"https:\/\/manurefetish.b-cdn.net\/wp-content\/uploads\/2025\/06\/hardcore-on-the-dunghill.jpg\",\"datePublished\":\"2025-06-22T15:12:42+00:00\",\"dateModified\":\"2026-03-24T14:13:16+00:00\",\"description\":\"Franky Hardcore On The Dunghill, he brough every toy he needs for his hardcore session on the dunghill, toys for his ass poppers and more.\",\"breadcrumb\":{\"@id\":\"https:\/\/manurefetish.com\/shop\/videos\/franky-hardcore-on-the-dunghill\/#breadcrumb\"},\"inLanguage\":\"es\",\"potentialAction\":[{\"@type\":\"ReadAction\",\"target\":[\"https:\/\/manurefetish.com\/shop\/videos\/franky-hardcore-on-the-dunghill\/\"]}]},{\"@type\":\"ImageObject\",\"inLanguage\":\"es\",\"@id\":\"https:\/\/manurefetish.com\/shop\/videos\/franky-hardcore-on-the-dunghill\/#primaryimage\",\"url\":\"https:\/\/manurefetish.b-cdn.net\/wp-content\/uploads\/2025\/06\/hardcore-on-the-dunghill.jpg\",\"contentUrl\":\"https:\/\/manurefetish.b-cdn.net\/wp-content\/uploads\/2025\/06\/hardcore-on-the-dunghill.jpg\",\"width\":1728,\"height\":576},{\"@type\":\"BreadcrumbList\",\"@id\":\"https:\/\/manurefetish.com\/shop\/videos\/franky-hardcore-on-the-dunghill\/#breadcrumb\",\"itemListElement\":[{\"@type\":\"ListItem\",\"position\":1,\"name\":\"Home\",\"item\":\"https:\/\/manurefetish.com\/\"},{\"@type\":\"ListItem\",\"position\":2,\"name\":\"Shop\",\"item\":\"https:\/\/manurefetish.com\/shop\/\"},{\"@type\":\"ListItem\",\"position\":3,\"name\":\"Videos\",\"item\":\"https:\/\/manurefetish.com\/product-category\/videos\/\"},{\"@type\":\"ListItem\",\"position\":4,\"name\":\"Franky Hardcore On The Dunghill\"}]},{\"@type\":\"WebSite\",\"@id\":\"https:\/\/manurefetish.com\/#website\",\"url\":\"https:\/\/manurefetish.com\/\",\"name\":\"ManureFetish\",\"description\":\"ManureFetish Shop\",\"publisher\":{\"@id\":\"https:\/\/manurefetish.com\/#organization\"},\"potentialAction\":[{\"@type\":\"SearchAction\",\"target\":{\"@type\":\"EntryPoint\",\"urlTemplate\":\"https:\/\/manurefetish.com\/?s={search_term_string}\"},\"query-input\":{\"@type\":\"PropertyValueSpecification\",\"valueRequired\":true,\"valueName\":\"search_term_string\"}}],\"inLanguage\":\"es\"},{\"@type\":\"Organization\",\"@id\":\"https:\/\/manurefetish.com\/#organization\",\"name\":\"ManureFetish.com\",\"url\":\"https:\/\/manurefetish.com\/\",\"logo\":{\"@type\":\"ImageObject\",\"inLanguage\":\"es\",\"@id\":\"https:\/\/manurefetish.com\/#\/schema\/logo\/image\/\",\"url\":\"https:\/\/manurefetish.com\/wp-content\/uploads\/2019\/06\/1000xmanurefetishcom-michaela-logo-website-shop.png\",\"contentUrl\":\"https:\/\/manurefetish.com\/wp-content\/uploads\/2019\/06\/1000xmanurefetishcom-michaela-logo-website-shop.png\",\"width\":1000,\"height\":632,\"caption\":\"ManureFetish.com\"},\"image\":{\"@id\":\"https:\/\/manurefetish.com\/#\/schema\/logo\/image\/\"},\"sameAs\":[\"https:\/\/www.facebook.com\/manurefetish\/\",\"https:\/\/x.com\/Manurefetisch\",\"https:\/\/www.youtube.com\/c\/ManureFetish\"],\"description\":\"We're creating various fetish content with female and male models alike.\",\"foundingDate\":\"2019-07-04\",\"vatID\":\"DE366928521\",\"numberOfEmployees\":{\"@type\":\"QuantitativeValue\",\"minValue\":\"1\",\"maxValue\":\"10\"}}]}<\/script>\n<meta property=\"og:availability\" content=\"instock\" \/>\n<meta property=\"product:availability\" content=\"instock\" \/>\n<meta property=\"product:retailer_item_id\" content=\"MFM-FHCDH\" \/>\n<meta property=\"product:condition\" content=\"new\" \/>\n<!-- \/ Yoast SEO Premium plugin. -->","yoast_head_json":{"title":"Franky Hardcore en el estercolero - ManureFetish","description":"Franky Hardcore On The Dunghill, ha tra\u00eddo todos los juguetes que necesita para su sesi\u00f3n hardcore en el estercolero, juguetes para su culo y mucho m\u00e1s.","robots":{"index":"index","follow":"follow","max-snippet":"max-snippet:-1","max-image-preview":"max-image-preview:large","max-video-preview":"max-video-preview:-1"},"canonical":"https:\/\/manurefetish.com\/es\/shop\/videos\/franky-hardcore-on-the-dunghill\/","og_locale":"es_ES","og_type":"article","og_title":"Franky Hardcore On The Dunghill","og_description":"Franky Hardcore On The Dunghill, he brough every toy he needs for his hardcore session on the dunghill, toys for his ass poppers and more.","og_url":"https:\/\/manurefetish.com\/es\/shop\/videos\/franky-hardcore-on-the-dunghill\/","og_site_name":"ManureFetish","article_publisher":"https:\/\/www.facebook.com\/manurefetish\/","article_modified_time":"2026-03-24T14:13:16+00:00","og_image":[{"width":1728,"height":576,"url":"https:\/\/manurefetish.com\/wp-content\/uploads\/2025\/06\/hardcore-on-the-dunghill.jpg","type":"image\/jpeg"}],"twitter_card":"summary_large_image","twitter_site":"@Manurefetisch","schema":{"@context":"https:\/\/schema.org","@graph":[{"@type":"WebPage","@id":"https:\/\/manurefetish.com\/shop\/videos\/franky-hardcore-on-the-dunghill\/","url":"https:\/\/manurefetish.com\/shop\/videos\/franky-hardcore-on-the-dunghill\/","name":"Franky Hardcore en el estercolero - ManureFetish","isPartOf":{"@id":"https:\/\/manurefetish.com\/#website"},"primaryImageOfPage":{"@id":"https:\/\/manurefetish.com\/shop\/videos\/franky-hardcore-on-the-dunghill\/#primaryimage"},"image":{"@id":"https:\/\/manurefetish.com\/shop\/videos\/franky-hardcore-on-the-dunghill\/#primaryimage"},"thumbnailUrl":"https:\/\/manurefetish.b-cdn.net\/wp-content\/uploads\/2025\/06\/hardcore-on-the-dunghill.jpg","datePublished":"2025-06-22T15:12:42+00:00","dateModified":"2026-03-24T14:13:16+00:00","description":"Franky Hardcore On The Dunghill, ha tra\u00eddo todos los juguetes que necesita para su sesi\u00f3n hardcore en el estercolero, juguetes para su culo y mucho m\u00e1s.","breadcrumb":{"@id":"https:\/\/manurefetish.com\/shop\/videos\/franky-hardcore-on-the-dunghill\/#breadcrumb"},"inLanguage":"es","potentialAction":[{"@type":"ReadAction","target":["https:\/\/manurefetish.com\/shop\/videos\/franky-hardcore-on-the-dunghill\/"]}]},{"@type":"ImageObject","inLanguage":"es","@id":"https:\/\/manurefetish.com\/shop\/videos\/franky-hardcore-on-the-dunghill\/#primaryimage","url":"https:\/\/manurefetish.b-cdn.net\/wp-content\/uploads\/2025\/06\/hardcore-on-the-dunghill.jpg","contentUrl":"https:\/\/manurefetish.b-cdn.net\/wp-content\/uploads\/2025\/06\/hardcore-on-the-dunghill.jpg","width":1728,"height":576},{"@type":"BreadcrumbList","@id":"https:\/\/manurefetish.com\/shop\/videos\/franky-hardcore-on-the-dunghill\/#breadcrumb","itemListElement":[{"@type":"ListItem","position":1,"name":"Home","item":"https:\/\/manurefetish.com\/"},{"@type":"ListItem","position":2,"name":"Shop","item":"https:\/\/manurefetish.com\/shop\/"},{"@type":"ListItem","position":3,"name":"Videos","item":"https:\/\/manurefetish.com\/product-category\/videos\/"},{"@type":"ListItem","position":4,"name":"Franky Hardcore On The Dunghill"}]},{"@type":"WebSite","@id":"https:\/\/manurefetish.com\/#website","url":"https:\/\/manurefetish.com\/","name":"ManureFetish","description":"ManureFetish","publisher":{"@id":"https:\/\/manurefetish.com\/#organization"},"potentialAction":[{"@type":"SearchAction","target":{"@type":"EntryPoint","urlTemplate":"https:\/\/manurefetish.com\/?s={search_term_string}"},"query-input":{"@type":"PropertyValueSpecification","valueRequired":true,"valueName":"search_term_string"}}],"inLanguage":"es"},{"@type":"Organization","@id":"https:\/\/manurefetish.com\/#organization","name":"ManureFetish.com","url":"https:\/\/manurefetish.com\/","logo":{"@type":"ImageObject","inLanguage":"es","@id":"https:\/\/manurefetish.com\/#\/schema\/logo\/image\/","url":"https:\/\/manurefetish.com\/wp-content\/uploads\/2019\/06\/1000xmanurefetishcom-michaela-logo-website-shop.png","contentUrl":"https:\/\/manurefetish.com\/wp-content\/uploads\/2019\/06\/1000xmanurefetishcom-michaela-logo-website-shop.png","width":1000,"height":632,"caption":"ManureFetish.com"},"image":{"@id":"https:\/\/manurefetish.com\/#\/schema\/logo\/image\/"},"sameAs":["https:\/\/www.facebook.com\/manurefetish\/","https:\/\/x.com\/Manurefetisch","https:\/\/www.youtube.com\/c\/ManureFetish"],"description":"Estamos creando diversos contenidos fetichistas con modelos femeninos y masculinos por igual.","foundingDate":"2019-07-04","vatID":"DE366928521","numberOfEmployees":{"@type":"QuantitativeValue","minValue":"1","maxValue":"10"}}]},"og_availability":"instock","product_availability":"instock","product_retailer_item_id":"MFM-FHCDH","product_condition":"new"},"_links":{"self":[{"href":"https:\/\/manurefetish.com\/es\/wp-json\/wp\/v2\/product\/178996","targetHints":{"allow":["GET"]}}],"collection":[{"href":"https:\/\/manurefetish.com\/es\/wp-json\/wp\/v2\/product"}],"about":[{"href":"https:\/\/manurefetish.com\/es\/wp-json\/wp\/v2\/types\/product"}],"replies":[{"embeddable":true,"href":"https:\/\/manurefetish.com\/es\/wp-json\/wp\/v2\/comments?post=178996"}],"version-history":[{"count":0,"href":"https:\/\/manurefetish.com\/es\/wp-json\/wp\/v2\/product\/178996\/revisions"}],"wp:featuredmedia":[{"embeddable":true,"href":"https:\/\/manurefetish.com\/es\/wp-json\/wp\/v2\/media\/199462"}],"wp:attachment":[{"href":"https:\/\/manurefetish.com\/es\/wp-json\/wp\/v2\/media?parent=178996"}],"wp:term":[{"taxonomy":"product_brand","embeddable":true,"href":"https:\/\/manurefetish.com\/es\/wp-json\/wp\/v2\/product_brand?post=178996"},{"taxonomy":"product_cat","embeddable":true,"href":"https:\/\/manurefetish.com\/es\/wp-json\/wp\/v2\/product_cat?post=178996"},{"taxonomy":"product_tag","embeddable":true,"href":"https:\/\/manurefetish.com\/es\/wp-json\/wp\/v2\/product_tag?post=178996"}],"curies":[{"name":"wp","href":"https:\/\/api.w.org\/{rel}","templated":true}]}}