{"id":178886,"date":"2025-06-27T17:00:20","date_gmt":"2025-06-27T15:00:20","guid":{"rendered":"https:\/\/manurefetish.com\/?post_type=product&#038;p=178886"},"modified":"2026-03-24T15:13:09","modified_gmt":"2026-03-24T14:13:09","slug":"kaitlyn-katsaros-lyndra-lynn-farm-life-of-cowshit-lovers","status":"publish","type":"product","link":"https:\/\/manurefetish.com\/es\/shop\/videos\/kaitlyn-katsaros-lyndra-lynn-farm-life-of-cowshit-lovers\/","title":{"rendered":"Kaitlyn Katsaros Lyndra Lynn &#8211; Farm Life Of Cowshit Lovers"},"content":{"rendered":"<p><span style=\"font-weight: 400;\">Una nueva granja, una nueva aventura, Kaitlyn Katsaros y Lyndra Lynn de nuevo juntas para una diversi\u00f3n sensual muy desordenada. Ambas salen directamente del establo para echar un vistazo a la gran monta\u00f1a que hay detr\u00e1s. Parece un estercolero lleno de mierda de vaca l\u00edquida. Mientras lo discuten, oyen un ruido y se dan la vuelta, justo en ese momento el cami\u00f3n cisterna de purines empieza a esparcir mierda por todas partes. Quedan completamente cubiertas de mierda de vaca por \u00e9l, cuando se detuvo el granjero se alej\u00f3, dejando a las dos chicas hechas un completo desastre.<\/span><\/p>\n<p><span style=\"font-weight: 400;\">Now as they\u2019re both covered from head to toe in cowshit, they decide to check out the dunghill. Both climb in there and Kaitlyn and Lyndra are getting very sensual with each other. They begin to kiss and then suck on a double sided dildo, before sliding in the lagoon of cowshit. Kaitlyn gives Lyndra a wedgie before pulling down her panty and beginning to lick her cute asshole. Inside the liquid cowshit pit, both begin to undress, then they begin to kiss, fuck and lick each other. Lyndra enjoys fucking and licking Kaitlyns pussy and also the other way around. Kaitlyn wants her asshole to be fisted by Lyndra, so she slowly puts in one finger at a time, till nearly her full hand fits in it. After some time, Lyndra wants to explore the farm even more, so both girls grab their toys and they walk over to the cowshed and go inside. Inside the cowshit is way different, more creamy as on the dunghill and a huge space, to have some fun. Both begin to fuck each other, then Lyndra suggests that she wants to lick Kaitlyns pussy while Kaitlyn licks hers, so they switch to 69 on the cowshit covered floor. They work their way through the cowshed, find new places to cover each other in cowshit and have sex. As they\u2019re at the last place where both have again an amazing orgasm, they decide they want to finish outside at the dunghill, so both girls walk back through the cowshed and outside to the dunghill. Where they enjoy each other even more till their final orgasms after which they lay down in the cowshit and rest.<\/span><\/p>","protected":false},"excerpt":{"rendered":"<p>A new farm, a new adventure, Kaitlyn Katsaros and Lyndra Lynn back together for some very messy sensual fun. Both come right out of the cowshed to check out the large mountain behind it. It looks like a dunghill filled with liquid cowshit. As they discuss it, they hear a noise and turn around, just [&hellip;]<\/p>\n","protected":false},"featured_media":199379,"comment_status":"open","ping_status":"closed","template":"","meta":{"_acf_changed":false,"site-sidebar-layout":"default","site-content-layout":"","ast-site-content-layout":"default","site-content-style":"default","site-sidebar-style":"default","ast-global-header-display":"","ast-banner-title-visibility":"","ast-main-header-display":"","ast-hfb-above-header-display":"","ast-hfb-below-header-display":"","ast-hfb-mobile-header-display":"","site-post-title":"","ast-breadcrumbs-content":"","ast-featured-img":"","footer-sml-layout":"","ast-disable-related-posts":"","theme-transparent-header-meta":"default","adv-header-id-meta":"","stick-header-meta":"","header-above-stick-meta":"","header-main-stick-meta":"","header-below-stick-meta":"","astra-migrate-meta-layouts":"set","ast-page-background-enabled":"default","ast-page-background-meta":{"desktop":{"background-color":"var(--ast-global-color-4)","background-image":"","background-repeat":"repeat","background-position":"center center","background-size":"auto","background-attachment":"scroll","background-type":"","background-media":"","overlay-type":"","overlay-color":"","overlay-opacity":"","overlay-gradient":""},"tablet":{"background-color":"","background-image":"","background-repeat":"repeat","background-position":"center center","background-size":"auto","background-attachment":"scroll","background-type":"","background-media":"","overlay-type":"","overlay-color":"","overlay-opacity":"","overlay-gradient":""},"mobile":{"background-color":"","background-image":"","background-repeat":"repeat","background-position":"center center","background-size":"auto","background-attachment":"scroll","background-type":"","background-media":"","overlay-type":"","overlay-color":"","overlay-opacity":"","overlay-gradient":""}},"ast-content-background-meta":{"desktop":{"background-color":"var(--ast-global-color-5)","background-image":"","background-repeat":"repeat","background-position":"center center","background-size":"auto","background-attachment":"scroll","background-type":"","background-media":"","overlay-type":"","overlay-color":"","overlay-opacity":"","overlay-gradient":""},"tablet":{"background-color":"var(--ast-global-color-5)","background-image":"","background-repeat":"repeat","background-position":"center center","background-size":"auto","background-attachment":"scroll","background-type":"","background-media":"","overlay-type":"","overlay-color":"","overlay-opacity":"","overlay-gradient":""},"mobile":{"background-color":"var(--ast-global-color-5)","background-image":"","background-repeat":"repeat","background-position":"center center","background-size":"auto","background-attachment":"scroll","background-type":"","background-media":"","overlay-type":"","overlay-color":"","overlay-opacity":"","overlay-gradient":""}}},"product_brand":[],"product_cat":[4470],"product_tag":[2577,17,3433,4196,317,2555,3435,318,2632,2551,2621,118,3830,316,64,3865,3933,3489,3030,20,4260,2603,2624,4530,4378,3456,3457,320,4519,3523,2419,4483,4528,1126,4276,2707,4529,2841,3894,18,2285,2206,2629,3174,65,35,360,4137,4355,4387,32,4135,3540,4588,2650,4482,3778,4377,3509,4386,4385,24,2832,29,4280,4282,4281,2368,4379,4380],"class_list":{"0":"post-178886","1":"product","2":"type-product","3":"status-publish","4":"has-post-thumbnail","6":"product_cat-videos","7":"product_tag-2577","8":"product_tag-anal","9":"product_tag-animal-poop","10":"product_tag-animal-scat","11":"product_tag-asshole","12":"product_tag-blowjob","13":"product_tag-bondage-2","14":"product_tag-boobs","15":"product_tag-bra","16":"product_tag-couple","17":"product_tag-cow-dung","18":"product_tag-cowshed","19":"product_tag-cowshit","20":"product_tag-cunt","21":"product_tag-dildo","22":"product_tag-dirndl","23":"product_tag-doggystyle","24":"product_tag-double-dildo","25":"product_tag-download","26":"product_tag-dung","27":"product_tag-dung-pile","28":"product_tag-dunghill","29":"product_tag-farm","30":"product_tag-farmgirls","31":"product_tag-farmhand","32":"product_tag-fart","33":"product_tag-farting","34":"product_tag-feet","35":"product_tag-feet-licking","36":"product_tag-fingering","37":"product_tag-full-hd","38":"product_tag-girl-in-cowshit","39":"product_tag-girls-in-cowshit","40":"product_tag-indoor","41":"product_tag-kaitlyn-katsaros","42":"product_tag-lesbian","43":"product_tag-lesbians-in-cowshit","44":"product_tag-lyndra-lynn","45":"product_tag-lyndra-lynns-filme-2","46":"product_tag-manure","47":"product_tag-masturbate","48":"product_tag-masturbation","49":"product_tag-messy","50":"product_tag-missionary","51":"product_tag-naked","52":"product_tag-orgasm","53":"product_tag-outdoor","54":"product_tag-pooping","55":"product_tag-puke","56":"product_tag-punches","57":"product_tag-pussy","58":"product_tag-scat","59":"product_tag-scissoring","60":"product_tag-season-6","61":"product_tag-sensual","62":"product_tag-sex-in-cowshit","63":"product_tag-sextoys-2","64":"product_tag-shovel","65":"product_tag-skirt","66":"product_tag-slapping","67":"product_tag-slaps","68":"product_tag-slurry","69":"product_tag-smearing","70":"product_tag-submerging","71":"product_tag-sucking","72":"product_tag-toe-licking","73":"product_tag-toes","74":"product_tag-ultra-hd","75":"product_tag-vomitting","76":"product_tag-worker","77":"pa_length-61-minutes","78":"pa_product-type-digital-download-full-hd-video","79":"pa_product-type-digital-download-ultra-hd-video","80":"pa_product-type-usb-stick","81":"pa_video-info-full-hd-1920x1080p","82":"pa_video-info-ultra-hd-4k","83":"desktop-align-center","84":"tablet-align-left","85":"mobile-align-left","87":"first","88":"instock","89":"shipping-taxable","90":"purchasable","91":"product-type-variable"},"exclude_global_add_ons":[],"addons":[],"acf":[],"yoast_head":"<!-- This site is optimized with the Yoast SEO Premium plugin v27.1 (Yoast SEO v27.1.1) - https:\/\/yoast.com\/product\/yoast-seo-premium-wordpress\/ -->\n<title>Kaitlyn Katsaros Lyndra Lynn - Farm Life Of Cowshit Lovers - ManureFetish<\/title>\n<meta name=\"description\" content=\"Kaitlyn Katsaros Lyndra Lynn - Farm Life Of Cowshit Lovers, Lyndra and Kaitlyn on a big tour on the farm, with lots of sex and cowshit.\" \/>\n<meta name=\"robots\" content=\"index, follow, max-snippet:-1, max-image-preview:large, max-video-preview:-1\" \/>\n<link rel=\"canonical\" href=\"https:\/\/manurefetish.com\/es\/shop\/videos\/kaitlyn-katsaros-lyndra-lynn-farm-life-of-cowshit-lovers\/\" \/>\n<meta name=\"twitter:card\" content=\"summary_large_image\" \/>\n<meta name=\"twitter:title\" content=\"Kaitlyn Katsaros Lyndra Lynn - Farm Life Of Cowshit Lovers - ManureFetish\" \/>\n<meta name=\"twitter:description\" content=\"Kaitlyn Katsaros Lyndra Lynn - Farm Life Of Cowshit Lovers, Lyndra and Kaitlyn on a big tour on the farm, with lots of sex and cowshit.\" \/>\n<meta name=\"twitter:image\" content=\"https:\/\/manurefetish.b-cdn.net\/wp-content\/uploads\/2025\/06\/farm-life-of-cowshit-lovers-2.jpg\" \/>\n<meta name=\"twitter:site\" content=\"@Manurefetisch\" \/>\n<script type=\"application\/ld+json\" class=\"yoast-schema-graph\">{\"@context\":\"https:\/\/schema.org\",\"@graph\":[{\"@type\":\"WebPage\",\"@id\":\"https:\/\/manurefetish.com\/shop\/videos\/kaitlyn-katsaros-lyndra-lynn-farm-life-of-cowshit-lovers\/\",\"url\":\"https:\/\/manurefetish.com\/shop\/videos\/kaitlyn-katsaros-lyndra-lynn-farm-life-of-cowshit-lovers\/\",\"name\":\"Kaitlyn Katsaros Lyndra Lynn - Farm Life Of Cowshit Lovers - ManureFetish\",\"isPartOf\":{\"@id\":\"https:\/\/de.manurefetish.com\/#website\"},\"primaryImageOfPage\":{\"@id\":\"https:\/\/manurefetish.com\/shop\/videos\/kaitlyn-katsaros-lyndra-lynn-farm-life-of-cowshit-lovers\/#primaryimage\"},\"image\":{\"@id\":\"https:\/\/manurefetish.com\/shop\/videos\/kaitlyn-katsaros-lyndra-lynn-farm-life-of-cowshit-lovers\/#primaryimage\"},\"thumbnailUrl\":\"https:\/\/manurefetish.b-cdn.net\/wp-content\/uploads\/2025\/06\/farm-life-of-cowshit-lovers-2.jpg\",\"datePublished\":\"2025-06-27T15:00:20+00:00\",\"dateModified\":\"2026-03-24T14:13:09+00:00\",\"description\":\"Kaitlyn Katsaros Lyndra Lynn - Farm Life Of Cowshit Lovers, Lyndra and Kaitlyn on a big tour on the farm, with lots of sex and cowshit.\",\"breadcrumb\":{\"@id\":\"https:\/\/manurefetish.com\/shop\/videos\/kaitlyn-katsaros-lyndra-lynn-farm-life-of-cowshit-lovers\/#breadcrumb\"},\"inLanguage\":\"es\",\"potentialAction\":[{\"@type\":\"ReadAction\",\"target\":[\"https:\/\/manurefetish.com\/shop\/videos\/kaitlyn-katsaros-lyndra-lynn-farm-life-of-cowshit-lovers\/\"]}]},{\"@type\":\"ImageObject\",\"inLanguage\":\"es\",\"@id\":\"https:\/\/manurefetish.com\/shop\/videos\/kaitlyn-katsaros-lyndra-lynn-farm-life-of-cowshit-lovers\/#primaryimage\",\"url\":\"https:\/\/manurefetish.b-cdn.net\/wp-content\/uploads\/2025\/06\/farm-life-of-cowshit-lovers-2.jpg\",\"contentUrl\":\"https:\/\/manurefetish.b-cdn.net\/wp-content\/uploads\/2025\/06\/farm-life-of-cowshit-lovers-2.jpg\",\"width\":1728,\"height\":576},{\"@type\":\"BreadcrumbList\",\"@id\":\"https:\/\/manurefetish.com\/shop\/videos\/kaitlyn-katsaros-lyndra-lynn-farm-life-of-cowshit-lovers\/#breadcrumb\",\"itemListElement\":[{\"@type\":\"ListItem\",\"position\":1,\"name\":\"Home\",\"item\":\"https:\/\/manurefetish.com\/\"},{\"@type\":\"ListItem\",\"position\":2,\"name\":\"Shop\",\"item\":\"https:\/\/manurefetish.com\/shop\/\"},{\"@type\":\"ListItem\",\"position\":3,\"name\":\"Videos\",\"item\":\"https:\/\/manurefetish.com\/product-category\/videos\/\"},{\"@type\":\"ListItem\",\"position\":4,\"name\":\"Kaitlyn Katsaros Lyndra Lynn &#8211; Farm Life Of Cowshit Lovers\"}]},{\"@type\":\"WebSite\",\"@id\":\"https:\/\/de.manurefetish.com\/#website\",\"url\":\"https:\/\/de.manurefetish.com\/\",\"name\":\"ManureFetish\",\"description\":\"ManureFetish Shop\",\"publisher\":{\"@id\":\"https:\/\/de.manurefetish.com\/#organization\"},\"potentialAction\":[{\"@type\":\"SearchAction\",\"target\":{\"@type\":\"EntryPoint\",\"urlTemplate\":\"https:\/\/de.manurefetish.com\/?s={search_term_string}\"},\"query-input\":{\"@type\":\"PropertyValueSpecification\",\"valueRequired\":true,\"valueName\":\"search_term_string\"}}],\"inLanguage\":\"es\"},{\"@type\":\"Organization\",\"@id\":\"https:\/\/de.manurefetish.com\/#organization\",\"name\":\"ManureFetish.com\",\"url\":\"https:\/\/de.manurefetish.com\/\",\"logo\":{\"@type\":\"ImageObject\",\"inLanguage\":\"es\",\"@id\":\"https:\/\/de.manurefetish.com\/#\/schema\/logo\/image\/\",\"url\":\"https:\/\/manurefetish.com\/wp-content\/uploads\/2019\/06\/1000xmanurefetishcom-michaela-logo-website-shop.png\",\"contentUrl\":\"https:\/\/manurefetish.com\/wp-content\/uploads\/2019\/06\/1000xmanurefetishcom-michaela-logo-website-shop.png\",\"width\":1000,\"height\":632,\"caption\":\"ManureFetish.com\"},\"image\":{\"@id\":\"https:\/\/de.manurefetish.com\/#\/schema\/logo\/image\/\"},\"sameAs\":[\"https:\/\/www.facebook.com\/manurefetish\/\",\"https:\/\/x.com\/Manurefetisch\",\"https:\/\/www.youtube.com\/c\/ManureFetish\"],\"description\":\"We're creating various fetish content with female and male models alike.\",\"foundingDate\":\"2019-07-04\",\"vatID\":\"DE366928521\",\"numberOfEmployees\":{\"@type\":\"QuantitativeValue\",\"minValue\":\"1\",\"maxValue\":\"10\"}}]}<\/script>\n<meta property=\"og:availability\" content=\"instock\" \/>\n<meta property=\"product:availability\" content=\"instock\" \/>\n<meta property=\"product:retailer_item_id\" content=\"MFW-FLOCSL\" \/>\n<meta property=\"product:condition\" content=\"new\" \/>\n<!-- \/ Yoast SEO Premium plugin. -->","yoast_head_json":{"title":"Kaitlyn Katsaros Lyndra Lynn - La vida en la granja de los amantes de la mierda de vaca - ManureFetish","description":"Kaitlyn Katsaros Lyndra Lynn - Farm Life Of Cowshit Amantes, Lyndra y Kaitlyn en una gran excursi\u00f3n por la granja, con mucho sexo y mierda de vaca.","robots":{"index":"index","follow":"follow","max-snippet":"max-snippet:-1","max-image-preview":"max-image-preview:large","max-video-preview":"max-video-preview:-1"},"canonical":"https:\/\/manurefetish.com\/es\/shop\/videos\/kaitlyn-katsaros-lyndra-lynn-farm-life-of-cowshit-lovers\/","twitter_card":"summary_large_image","twitter_title":"Kaitlyn Katsaros Lyndra Lynn - Farm Life Of Cowshit Lovers - ManureFetish","twitter_description":"Kaitlyn Katsaros Lyndra Lynn - Farm Life Of Cowshit Lovers, Lyndra and Kaitlyn on a big tour on the farm, with lots of sex and cowshit.","twitter_image":"https:\/\/manurefetish.b-cdn.net\/wp-content\/uploads\/2025\/06\/farm-life-of-cowshit-lovers-2.jpg","twitter_site":"@Manurefetisch","schema":{"@context":"https:\/\/schema.org","@graph":[{"@type":"WebPage","@id":"https:\/\/manurefetish.com\/shop\/videos\/kaitlyn-katsaros-lyndra-lynn-farm-life-of-cowshit-lovers\/","url":"https:\/\/manurefetish.com\/shop\/videos\/kaitlyn-katsaros-lyndra-lynn-farm-life-of-cowshit-lovers\/","name":"Kaitlyn Katsaros Lyndra Lynn - La vida en la granja de los amantes de la mierda de vaca - ManureFetish","isPartOf":{"@id":"https:\/\/de.manurefetish.com\/#website"},"primaryImageOfPage":{"@id":"https:\/\/manurefetish.com\/shop\/videos\/kaitlyn-katsaros-lyndra-lynn-farm-life-of-cowshit-lovers\/#primaryimage"},"image":{"@id":"https:\/\/manurefetish.com\/shop\/videos\/kaitlyn-katsaros-lyndra-lynn-farm-life-of-cowshit-lovers\/#primaryimage"},"thumbnailUrl":"https:\/\/manurefetish.b-cdn.net\/wp-content\/uploads\/2025\/06\/farm-life-of-cowshit-lovers-2.jpg","datePublished":"2025-06-27T15:00:20+00:00","dateModified":"2026-03-24T14:13:09+00:00","description":"Kaitlyn Katsaros Lyndra Lynn - Farm Life Of Cowshit Amantes, Lyndra y Kaitlyn en una gran excursi\u00f3n por la granja, con mucho sexo y mierda de vaca.","breadcrumb":{"@id":"https:\/\/manurefetish.com\/shop\/videos\/kaitlyn-katsaros-lyndra-lynn-farm-life-of-cowshit-lovers\/#breadcrumb"},"inLanguage":"es","potentialAction":[{"@type":"ReadAction","target":["https:\/\/manurefetish.com\/shop\/videos\/kaitlyn-katsaros-lyndra-lynn-farm-life-of-cowshit-lovers\/"]}]},{"@type":"ImageObject","inLanguage":"es","@id":"https:\/\/manurefetish.com\/shop\/videos\/kaitlyn-katsaros-lyndra-lynn-farm-life-of-cowshit-lovers\/#primaryimage","url":"https:\/\/manurefetish.b-cdn.net\/wp-content\/uploads\/2025\/06\/farm-life-of-cowshit-lovers-2.jpg","contentUrl":"https:\/\/manurefetish.b-cdn.net\/wp-content\/uploads\/2025\/06\/farm-life-of-cowshit-lovers-2.jpg","width":1728,"height":576},{"@type":"BreadcrumbList","@id":"https:\/\/manurefetish.com\/shop\/videos\/kaitlyn-katsaros-lyndra-lynn-farm-life-of-cowshit-lovers\/#breadcrumb","itemListElement":[{"@type":"ListItem","position":1,"name":"Home","item":"https:\/\/manurefetish.com\/"},{"@type":"ListItem","position":2,"name":"Shop","item":"https:\/\/manurefetish.com\/shop\/"},{"@type":"ListItem","position":3,"name":"Videos","item":"https:\/\/manurefetish.com\/product-category\/videos\/"},{"@type":"ListItem","position":4,"name":"Kaitlyn Katsaros Lyndra Lynn &#8211; Farm Life Of Cowshit Lovers"}]},{"@type":"WebSite","@id":"https:\/\/de.manurefetish.com\/#website","url":"https:\/\/de.manurefetish.com\/","name":"ManureFetish","description":"ManureFetish","publisher":{"@id":"https:\/\/de.manurefetish.com\/#organization"},"potentialAction":[{"@type":"SearchAction","target":{"@type":"EntryPoint","urlTemplate":"https:\/\/de.manurefetish.com\/?s={search_term_string}"},"query-input":{"@type":"PropertyValueSpecification","valueRequired":true,"valueName":"search_term_string"}}],"inLanguage":"es"},{"@type":"Organization","@id":"https:\/\/de.manurefetish.com\/#organization","name":"ManureFetish.com","url":"https:\/\/de.manurefetish.com\/","logo":{"@type":"ImageObject","inLanguage":"es","@id":"https:\/\/de.manurefetish.com\/#\/schema\/logo\/image\/","url":"https:\/\/manurefetish.com\/wp-content\/uploads\/2019\/06\/1000xmanurefetishcom-michaela-logo-website-shop.png","contentUrl":"https:\/\/manurefetish.com\/wp-content\/uploads\/2019\/06\/1000xmanurefetishcom-michaela-logo-website-shop.png","width":1000,"height":632,"caption":"ManureFetish.com"},"image":{"@id":"https:\/\/de.manurefetish.com\/#\/schema\/logo\/image\/"},"sameAs":["https:\/\/www.facebook.com\/manurefetish\/","https:\/\/x.com\/Manurefetisch","https:\/\/www.youtube.com\/c\/ManureFetish"],"description":"Estamos creando diversos contenidos fetichistas con modelos femeninos y masculinos por igual.","foundingDate":"2019-07-04","vatID":"DE366928521","numberOfEmployees":{"@type":"QuantitativeValue","minValue":"1","maxValue":"10"}}]},"og_availability":"instock","product_availability":"instock","product_retailer_item_id":"MFW-FLOCSL","product_condition":"new"},"_links":{"self":[{"href":"https:\/\/manurefetish.com\/es\/wp-json\/wp\/v2\/product\/178886","targetHints":{"allow":["GET"]}}],"collection":[{"href":"https:\/\/manurefetish.com\/es\/wp-json\/wp\/v2\/product"}],"about":[{"href":"https:\/\/manurefetish.com\/es\/wp-json\/wp\/v2\/types\/product"}],"replies":[{"embeddable":true,"href":"https:\/\/manurefetish.com\/es\/wp-json\/wp\/v2\/comments?post=178886"}],"version-history":[{"count":0,"href":"https:\/\/manurefetish.com\/es\/wp-json\/wp\/v2\/product\/178886\/revisions"}],"wp:featuredmedia":[{"embeddable":true,"href":"https:\/\/manurefetish.com\/es\/wp-json\/wp\/v2\/media\/199379"}],"wp:attachment":[{"href":"https:\/\/manurefetish.com\/es\/wp-json\/wp\/v2\/media?parent=178886"}],"wp:term":[{"taxonomy":"product_brand","embeddable":true,"href":"https:\/\/manurefetish.com\/es\/wp-json\/wp\/v2\/product_brand?post=178886"},{"taxonomy":"product_cat","embeddable":true,"href":"https:\/\/manurefetish.com\/es\/wp-json\/wp\/v2\/product_cat?post=178886"},{"taxonomy":"product_tag","embeddable":true,"href":"https:\/\/manurefetish.com\/es\/wp-json\/wp\/v2\/product_tag?post=178886"}],"curies":[{"name":"wp","href":"https:\/\/api.w.org\/{rel}","templated":true}]}}