{"id":178653,"date":"2025-06-25T11:56:49","date_gmt":"2025-06-25T09:56:49","guid":{"rendered":"https:\/\/manurefetish.com\/?post_type=product&#038;p=178653"},"modified":"2026-03-24T15:13:13","modified_gmt":"2026-03-24T14:13:13","slug":"kaitlyn-katsaros-rough-fuck-in-cowshit","status":"publish","type":"product","link":"https:\/\/manurefetish.com\/es\/shop\/videos\/kaitlyn-katsaros-rough-fuck-in-cowshit\/","title":{"rendered":"Kaitlyn Katsaros Sexo duro en la mierda de vaca"},"content":{"rendered":"<p><span style=\"font-weight: 400;\">Por fin ha llegado el momento, Kaitlyn Katsaros siendo follada en mierda de vaca, adem\u00e1s es la primera vez que trae a su novio con ella. Empiezan enseguida, con \u00e9l azotando a Kaitlyn en el suelo cubierto de mierda de vaca antes de pintarle el cuerpo en la cremosa mierda. A Kaitlyn le gusta lo duro, as\u00ed que le exige de todo, desde fuertes pu\u00f1etazos, golpearle la cara en el suelo, follarle el co\u00f1o y el culo. Kaitlyn Katsaros est\u00e1 en el cielo, todo lo que quiere en un solo lugar, mierda de vaca, su novio y sexo duro como t\u00fa sabes. Se mueven por el establo desordenado y cubierto de mierda antes de salir al estercolero con espesa y cremosa mierda de vaca, donde ella le hace m\u00e1s mamadas profundas, le follan los pies y la toman duro a lo perrito. Un sue\u00f1o hecho realidad para todos los fans de Kaitlyn Katsaros y de la mierda de vaca.<\/span><\/p>","protected":false},"excerpt":{"rendered":"<p>The time has finally come, Kaitlyn Katsaros getting fucked in cowshit, also her first time she brought her boyfriend with her. They start right away, with him slamming Kaitlyn in the cowshit covered ground before he paints her body in the creamy shit. Kaitlyn likes it rough so she demands everything from him, from hard [&hellip;]<\/p>\n","protected":false},"featured_media":199380,"comment_status":"open","ping_status":"closed","template":"","meta":{"_acf_changed":false,"site-sidebar-layout":"default","site-content-layout":"","ast-site-content-layout":"default","site-content-style":"default","site-sidebar-style":"default","ast-global-header-display":"","ast-banner-title-visibility":"","ast-main-header-display":"","ast-hfb-above-header-display":"","ast-hfb-below-header-display":"","ast-hfb-mobile-header-display":"","site-post-title":"","ast-breadcrumbs-content":"","ast-featured-img":"","footer-sml-layout":"","ast-disable-related-posts":"","theme-transparent-header-meta":"default","adv-header-id-meta":"","stick-header-meta":"","header-above-stick-meta":"","header-main-stick-meta":"","header-below-stick-meta":"","astra-migrate-meta-layouts":"set","ast-page-background-enabled":"default","ast-page-background-meta":{"desktop":{"background-color":"var(--ast-global-color-4)","background-image":"","background-repeat":"repeat","background-position":"center center","background-size":"auto","background-attachment":"scroll","background-type":"","background-media":"","overlay-type":"","overlay-color":"","overlay-opacity":"","overlay-gradient":""},"tablet":{"background-color":"","background-image":"","background-repeat":"repeat","background-position":"center center","background-size":"auto","background-attachment":"scroll","background-type":"","background-media":"","overlay-type":"","overlay-color":"","overlay-opacity":"","overlay-gradient":""},"mobile":{"background-color":"","background-image":"","background-repeat":"repeat","background-position":"center center","background-size":"auto","background-attachment":"scroll","background-type":"","background-media":"","overlay-type":"","overlay-color":"","overlay-opacity":"","overlay-gradient":""}},"ast-content-background-meta":{"desktop":{"background-color":"var(--ast-global-color-5)","background-image":"","background-repeat":"repeat","background-position":"center center","background-size":"auto","background-attachment":"scroll","background-type":"","background-media":"","overlay-type":"","overlay-color":"","overlay-opacity":"","overlay-gradient":""},"tablet":{"background-color":"var(--ast-global-color-5)","background-image":"","background-repeat":"repeat","background-position":"center center","background-size":"auto","background-attachment":"scroll","background-type":"","background-media":"","overlay-type":"","overlay-color":"","overlay-opacity":"","overlay-gradient":""},"mobile":{"background-color":"var(--ast-global-color-5)","background-image":"","background-repeat":"repeat","background-position":"center center","background-size":"auto","background-attachment":"scroll","background-type":"","background-media":"","overlay-type":"","overlay-color":"","overlay-opacity":"","overlay-gradient":""}}},"product_brand":[],"product_cat":[4470],"product_tag":[17,4511,4319,3433,4196,4520,317,2555,3435,318,4140,2632,4513,2551,2621,118,3830,2771,316,4509,4510,4508,3933,3030,20,4516,4260,2603,2624,320,4519,2968,3523,4139,4521,2552,2419,4483,1126,4276,3827,3424,18,2285,2206,4507,2629,4515,65,35,360,4137,4355,4512,32,4518,4517,3108,4135,4588,2650,34,4482,4233,4514,24,2832,4280,4282,4281,2368,4278,4279],"class_list":{"0":"post-178653","1":"product","2":"type-product","3":"status-publish","4":"has-post-thumbnail","6":"product_cat-videos","7":"product_tag-anal","8":"product_tag-anal-fuck","9":"product_tag-anal-sex","10":"product_tag-animal-poop","11":"product_tag-animal-scat","12":"product_tag-ass-licking","13":"product_tag-asshole","14":"product_tag-blowjob","15":"product_tag-bondage-2","16":"product_tag-boobs","17":"product_tag-boyfriend","18":"product_tag-bra","19":"product_tag-chocking","20":"product_tag-couple","21":"product_tag-cow-dung","22":"product_tag-cowshed","23":"product_tag-cowshit","24":"product_tag-creamy","25":"product_tag-cunt","26":"product_tag-dap","27":"product_tag-deep-anal-penetration","28":"product_tag-deep-throat","29":"product_tag-doggystyle","30":"product_tag-download","31":"product_tag-dung","32":"product_tag-dung-hill","33":"product_tag-dung-pile","34":"product_tag-dunghill","35":"product_tag-farm","36":"product_tag-feet","37":"product_tag-feet-licking","38":"product_tag-female","39":"product_tag-fingering","40":"product_tag-first-time","41":"product_tag-fucked-in-cowshit","42":"product_tag-fucking","43":"product_tag-full-hd","44":"product_tag-girl-in-cowshit","45":"product_tag-indoor","46":"product_tag-kaitlyn-katsaros","47":"product_tag-licking","48":"product_tag-male","49":"product_tag-manure","50":"product_tag-masturbate","51":"product_tag-masturbation","52":"product_tag-maxbrownxxx","53":"product_tag-messy","54":"product_tag-muckheap","55":"product_tag-naked","56":"product_tag-orgasm","57":"product_tag-outdoor","58":"product_tag-pooping","59":"product_tag-puke","60":"product_tag-punching","61":"product_tag-pussy","62":"product_tag-pussy-penetration","63":"product_tag-rimjob","64":"product_tag-rimming","65":"product_tag-scat","66":"product_tag-season-6","67":"product_tag-sensual","68":"product_tag-sex","69":"product_tag-sex-in-cowshit","70":"product_tag-shit","71":"product_tag-slamming","72":"product_tag-slurry","73":"product_tag-smearing","74":"product_tag-sucking","75":"product_tag-toe-licking","76":"product_tag-toes","77":"product_tag-ultra-hd","78":"product_tag-vomit","79":"product_tag-vomiting","80":"pa_product-type-digital-download-full-hd-video","81":"pa_product-type-digital-download-ultra-hd-video","82":"pa_product-type-usb-stick","83":"pa_video-info-full-hd-1920x1080p","84":"pa_video-info-ultra-hd-4k","85":"desktop-align-center","86":"tablet-align-left","87":"mobile-align-left","89":"first","90":"instock","91":"shipping-taxable","92":"purchasable","93":"product-type-variable"},"exclude_global_add_ons":[],"addons":[],"acf":[],"yoast_head":"<!-- This site is optimized with the Yoast SEO Premium plugin v27.1 (Yoast SEO v27.1.1) - https:\/\/yoast.com\/product\/yoast-seo-premium-wordpress\/ -->\n<title>Kaitlyn Katsaros Rough Fuck In Cowshit - ManureFetish<\/title>\n<meta name=\"description\" content=\"Kaitlyn Katsaros Rough Fuck In Cowshit, is her first time getting fucked in manure by her boyfriend. Long and extreme messy.\" \/>\n<meta name=\"robots\" content=\"index, follow, max-snippet:-1, max-image-preview:large, max-video-preview:-1\" \/>\n<link rel=\"canonical\" href=\"https:\/\/manurefetish.com\/es\/shop\/videos\/kaitlyn-katsaros-rough-fuck-in-cowshit\/\" \/>\n<meta name=\"twitter:card\" content=\"summary_large_image\" \/>\n<meta name=\"twitter:title\" content=\"Kaitlyn Katsaros Rough Fuck In Cowshit - ManureFetish\" \/>\n<meta name=\"twitter:description\" content=\"Kaitlyn Katsaros Rough Fuck In Cowshit, is her first time getting fucked in manure by her boyfriend. Long and extreme messy.\" \/>\n<meta name=\"twitter:image\" content=\"https:\/\/manurefetish.b-cdn.net\/wp-content\/uploads\/2025\/06\/rough-fuck-in-cowshit.jpg\" \/>\n<meta name=\"twitter:site\" content=\"@Manurefetisch\" \/>\n<script type=\"application\/ld+json\" class=\"yoast-schema-graph\">{\"@context\":\"https:\/\/schema.org\",\"@graph\":[{\"@type\":\"WebPage\",\"@id\":\"https:\/\/manurefetish.com\/shop\/videos\/kaitlyn-katsaros-rough-fuck-in-cowshit\/\",\"url\":\"https:\/\/manurefetish.com\/shop\/videos\/kaitlyn-katsaros-rough-fuck-in-cowshit\/\",\"name\":\"Kaitlyn Katsaros Rough Fuck In Cowshit - ManureFetish\",\"isPartOf\":{\"@id\":\"https:\/\/de.manurefetish.com\/#website\"},\"primaryImageOfPage\":{\"@id\":\"https:\/\/manurefetish.com\/shop\/videos\/kaitlyn-katsaros-rough-fuck-in-cowshit\/#primaryimage\"},\"image\":{\"@id\":\"https:\/\/manurefetish.com\/shop\/videos\/kaitlyn-katsaros-rough-fuck-in-cowshit\/#primaryimage\"},\"thumbnailUrl\":\"https:\/\/manurefetish.b-cdn.net\/wp-content\/uploads\/2025\/06\/rough-fuck-in-cowshit.jpg\",\"datePublished\":\"2025-06-25T09:56:49+00:00\",\"dateModified\":\"2026-03-24T14:13:13+00:00\",\"description\":\"Kaitlyn Katsaros Rough Fuck In Cowshit, is her first time getting fucked in manure by her boyfriend. Long and extreme messy.\",\"breadcrumb\":{\"@id\":\"https:\/\/manurefetish.com\/shop\/videos\/kaitlyn-katsaros-rough-fuck-in-cowshit\/#breadcrumb\"},\"inLanguage\":\"es\",\"potentialAction\":[{\"@type\":\"ReadAction\",\"target\":[\"https:\/\/manurefetish.com\/shop\/videos\/kaitlyn-katsaros-rough-fuck-in-cowshit\/\"]}]},{\"@type\":\"ImageObject\",\"inLanguage\":\"es\",\"@id\":\"https:\/\/manurefetish.com\/shop\/videos\/kaitlyn-katsaros-rough-fuck-in-cowshit\/#primaryimage\",\"url\":\"https:\/\/manurefetish.b-cdn.net\/wp-content\/uploads\/2025\/06\/rough-fuck-in-cowshit.jpg\",\"contentUrl\":\"https:\/\/manurefetish.b-cdn.net\/wp-content\/uploads\/2025\/06\/rough-fuck-in-cowshit.jpg\",\"width\":1728,\"height\":576},{\"@type\":\"BreadcrumbList\",\"@id\":\"https:\/\/manurefetish.com\/shop\/videos\/kaitlyn-katsaros-rough-fuck-in-cowshit\/#breadcrumb\",\"itemListElement\":[{\"@type\":\"ListItem\",\"position\":1,\"name\":\"Home\",\"item\":\"https:\/\/manurefetish.com\/\"},{\"@type\":\"ListItem\",\"position\":2,\"name\":\"Shop\",\"item\":\"https:\/\/manurefetish.com\/shop\/\"},{\"@type\":\"ListItem\",\"position\":3,\"name\":\"Videos\",\"item\":\"https:\/\/manurefetish.com\/product-category\/videos\/\"},{\"@type\":\"ListItem\",\"position\":4,\"name\":\"Kaitlyn Katsaros Rough Fuck In Cowshit\"}]},{\"@type\":\"WebSite\",\"@id\":\"https:\/\/de.manurefetish.com\/#website\",\"url\":\"https:\/\/de.manurefetish.com\/\",\"name\":\"ManureFetish\",\"description\":\"ManureFetish Shop\",\"publisher\":{\"@id\":\"https:\/\/de.manurefetish.com\/#organization\"},\"potentialAction\":[{\"@type\":\"SearchAction\",\"target\":{\"@type\":\"EntryPoint\",\"urlTemplate\":\"https:\/\/de.manurefetish.com\/?s={search_term_string}\"},\"query-input\":{\"@type\":\"PropertyValueSpecification\",\"valueRequired\":true,\"valueName\":\"search_term_string\"}}],\"inLanguage\":\"es\"},{\"@type\":\"Organization\",\"@id\":\"https:\/\/de.manurefetish.com\/#organization\",\"name\":\"ManureFetish.com\",\"url\":\"https:\/\/de.manurefetish.com\/\",\"logo\":{\"@type\":\"ImageObject\",\"inLanguage\":\"es\",\"@id\":\"https:\/\/de.manurefetish.com\/#\/schema\/logo\/image\/\",\"url\":\"https:\/\/manurefetish.com\/wp-content\/uploads\/2019\/06\/1000xmanurefetishcom-michaela-logo-website-shop.png\",\"contentUrl\":\"https:\/\/manurefetish.com\/wp-content\/uploads\/2019\/06\/1000xmanurefetishcom-michaela-logo-website-shop.png\",\"width\":1000,\"height\":632,\"caption\":\"ManureFetish.com\"},\"image\":{\"@id\":\"https:\/\/de.manurefetish.com\/#\/schema\/logo\/image\/\"},\"sameAs\":[\"https:\/\/www.facebook.com\/manurefetish\/\",\"https:\/\/x.com\/Manurefetisch\",\"https:\/\/www.youtube.com\/c\/ManureFetish\"],\"description\":\"We're creating various fetish content with female and male models alike.\",\"foundingDate\":\"2019-07-04\",\"vatID\":\"DE366928521\",\"numberOfEmployees\":{\"@type\":\"QuantitativeValue\",\"minValue\":\"1\",\"maxValue\":\"10\"}}]}<\/script>\n<meta property=\"og:availability\" content=\"instock\" \/>\n<meta property=\"product:availability\" content=\"instock\" \/>\n<meta property=\"product:retailer_item_id\" content=\"MFW-KK-RFICS\" \/>\n<meta property=\"product:condition\" content=\"new\" \/>\n<!-- \/ Yoast SEO Premium plugin. -->","yoast_head_json":{"title":"Kaitlyn Katsaros Sexo duro en mierda de vaca - ManureFetish","description":"Kaitlyn Katsaros Rough Fuck In Cowshit, es la primera vez que su novio la folla en esti\u00e9rcol. Largo y extremadamente desordenado.","robots":{"index":"index","follow":"follow","max-snippet":"max-snippet:-1","max-image-preview":"max-image-preview:large","max-video-preview":"max-video-preview:-1"},"canonical":"https:\/\/manurefetish.com\/es\/shop\/videos\/kaitlyn-katsaros-rough-fuck-in-cowshit\/","twitter_card":"summary_large_image","twitter_title":"Kaitlyn Katsaros Rough Fuck In Cowshit - ManureFetish","twitter_description":"Kaitlyn Katsaros Rough Fuck In Cowshit, is her first time getting fucked in manure by her boyfriend. Long and extreme messy.","twitter_image":"https:\/\/manurefetish.b-cdn.net\/wp-content\/uploads\/2025\/06\/rough-fuck-in-cowshit.jpg","twitter_site":"@Manurefetisch","schema":{"@context":"https:\/\/schema.org","@graph":[{"@type":"WebPage","@id":"https:\/\/manurefetish.com\/shop\/videos\/kaitlyn-katsaros-rough-fuck-in-cowshit\/","url":"https:\/\/manurefetish.com\/shop\/videos\/kaitlyn-katsaros-rough-fuck-in-cowshit\/","name":"Kaitlyn Katsaros Sexo duro en mierda de vaca - ManureFetish","isPartOf":{"@id":"https:\/\/de.manurefetish.com\/#website"},"primaryImageOfPage":{"@id":"https:\/\/manurefetish.com\/shop\/videos\/kaitlyn-katsaros-rough-fuck-in-cowshit\/#primaryimage"},"image":{"@id":"https:\/\/manurefetish.com\/shop\/videos\/kaitlyn-katsaros-rough-fuck-in-cowshit\/#primaryimage"},"thumbnailUrl":"https:\/\/manurefetish.b-cdn.net\/wp-content\/uploads\/2025\/06\/rough-fuck-in-cowshit.jpg","datePublished":"2025-06-25T09:56:49+00:00","dateModified":"2026-03-24T14:13:13+00:00","description":"Kaitlyn Katsaros Rough Fuck In Cowshit, es la primera vez que su novio la folla en esti\u00e9rcol. Largo y extremadamente desordenado.","breadcrumb":{"@id":"https:\/\/manurefetish.com\/shop\/videos\/kaitlyn-katsaros-rough-fuck-in-cowshit\/#breadcrumb"},"inLanguage":"es","potentialAction":[{"@type":"ReadAction","target":["https:\/\/manurefetish.com\/shop\/videos\/kaitlyn-katsaros-rough-fuck-in-cowshit\/"]}]},{"@type":"ImageObject","inLanguage":"es","@id":"https:\/\/manurefetish.com\/shop\/videos\/kaitlyn-katsaros-rough-fuck-in-cowshit\/#primaryimage","url":"https:\/\/manurefetish.b-cdn.net\/wp-content\/uploads\/2025\/06\/rough-fuck-in-cowshit.jpg","contentUrl":"https:\/\/manurefetish.b-cdn.net\/wp-content\/uploads\/2025\/06\/rough-fuck-in-cowshit.jpg","width":1728,"height":576},{"@type":"BreadcrumbList","@id":"https:\/\/manurefetish.com\/shop\/videos\/kaitlyn-katsaros-rough-fuck-in-cowshit\/#breadcrumb","itemListElement":[{"@type":"ListItem","position":1,"name":"Home","item":"https:\/\/manurefetish.com\/"},{"@type":"ListItem","position":2,"name":"Shop","item":"https:\/\/manurefetish.com\/shop\/"},{"@type":"ListItem","position":3,"name":"Videos","item":"https:\/\/manurefetish.com\/product-category\/videos\/"},{"@type":"ListItem","position":4,"name":"Kaitlyn Katsaros Rough Fuck In Cowshit"}]},{"@type":"WebSite","@id":"https:\/\/de.manurefetish.com\/#website","url":"https:\/\/de.manurefetish.com\/","name":"ManureFetish","description":"ManureFetish","publisher":{"@id":"https:\/\/de.manurefetish.com\/#organization"},"potentialAction":[{"@type":"SearchAction","target":{"@type":"EntryPoint","urlTemplate":"https:\/\/de.manurefetish.com\/?s={search_term_string}"},"query-input":{"@type":"PropertyValueSpecification","valueRequired":true,"valueName":"search_term_string"}}],"inLanguage":"es"},{"@type":"Organization","@id":"https:\/\/de.manurefetish.com\/#organization","name":"ManureFetish.com","url":"https:\/\/de.manurefetish.com\/","logo":{"@type":"ImageObject","inLanguage":"es","@id":"https:\/\/de.manurefetish.com\/#\/schema\/logo\/image\/","url":"https:\/\/manurefetish.com\/wp-content\/uploads\/2019\/06\/1000xmanurefetishcom-michaela-logo-website-shop.png","contentUrl":"https:\/\/manurefetish.com\/wp-content\/uploads\/2019\/06\/1000xmanurefetishcom-michaela-logo-website-shop.png","width":1000,"height":632,"caption":"ManureFetish.com"},"image":{"@id":"https:\/\/de.manurefetish.com\/#\/schema\/logo\/image\/"},"sameAs":["https:\/\/www.facebook.com\/manurefetish\/","https:\/\/x.com\/Manurefetisch","https:\/\/www.youtube.com\/c\/ManureFetish"],"description":"Estamos creando diversos contenidos fetichistas con modelos femeninos y masculinos por igual.","foundingDate":"2019-07-04","vatID":"DE366928521","numberOfEmployees":{"@type":"QuantitativeValue","minValue":"1","maxValue":"10"}}]},"og_availability":"instock","product_availability":"instock","product_retailer_item_id":"MFW-KK-RFICS","product_condition":"new"},"_links":{"self":[{"href":"https:\/\/manurefetish.com\/es\/wp-json\/wp\/v2\/product\/178653","targetHints":{"allow":["GET"]}}],"collection":[{"href":"https:\/\/manurefetish.com\/es\/wp-json\/wp\/v2\/product"}],"about":[{"href":"https:\/\/manurefetish.com\/es\/wp-json\/wp\/v2\/types\/product"}],"replies":[{"embeddable":true,"href":"https:\/\/manurefetish.com\/es\/wp-json\/wp\/v2\/comments?post=178653"}],"version-history":[{"count":0,"href":"https:\/\/manurefetish.com\/es\/wp-json\/wp\/v2\/product\/178653\/revisions"}],"wp:featuredmedia":[{"embeddable":true,"href":"https:\/\/manurefetish.com\/es\/wp-json\/wp\/v2\/media\/199380"}],"wp:attachment":[{"href":"https:\/\/manurefetish.com\/es\/wp-json\/wp\/v2\/media?parent=178653"}],"wp:term":[{"taxonomy":"product_brand","embeddable":true,"href":"https:\/\/manurefetish.com\/es\/wp-json\/wp\/v2\/product_brand?post=178653"},{"taxonomy":"product_cat","embeddable":true,"href":"https:\/\/manurefetish.com\/es\/wp-json\/wp\/v2\/product_cat?post=178653"},{"taxonomy":"product_tag","embeddable":true,"href":"https:\/\/manurefetish.com\/es\/wp-json\/wp\/v2\/product_tag?post=178653"}],"curies":[{"name":"wp","href":"https:\/\/api.w.org\/{rel}","templated":true}]}}