{"id":176494,"date":"2025-06-10T13:15:45","date_gmt":"2025-06-10T11:15:45","guid":{"rendered":"https:\/\/manurefetish.com\/?post_type=product&#038;p=176494"},"modified":"2026-03-24T15:13:27","modified_gmt":"2026-03-24T14:13:27","slug":"juicy-cow-patties","status":"publish","type":"product","link":"https:\/\/manurefetish.com\/es\/shop\/videos\/juicy-cow-patties\/","title":{"rendered":"Hamburguesas de vaca jugosas"},"content":{"rendered":"<p><span style=\"font-weight: 400;\">Mientras camina por el establo, ve a la izquierda las cajas m\u00e1s peque\u00f1as para los terneros. En una de las cajas ve unas hamburguesas de vaca muy cremosas que sin duda quiere disfrutar. Entra en la caja y va directa a la primera hamburguesa para meter los pies dentro. Se cubre completamente los zapatos y ya est\u00e1 lista para m\u00e1s diversi\u00f3n. Empieza a cubrirse los calentitos leggings y luego los brazos. Lyndra pasa entonces a untarse la cremosa mierda de vaca en el sujetador antes de baj\u00e1rselo y cubrir sus bonitos pechos, coge su juguete y empieza a chuparlo mientras sigue unt\u00e1ndose. Se levanta para quitarse los leggings, luego se cubre las bragas con mierda de vaca y se masturba a trav\u00e9s de la tela. Se da la vuelta y a\u00f1ade su propia mierda a la mezcla y la utiliza como lubricante en su co\u00f1o. Se masturba en muchas posturas diferentes y disfruta cubierta de la cremosa y maloliente mierda de vaca. Despu\u00e9s de sus orgasmos y cuando llega el momento de terminar, se pone la ropa sucia y planea su pr\u00f3xima sesi\u00f3n sucia.<\/span><\/p>","protected":false},"excerpt":{"rendered":"<p>As she walks through the cowshed she sees the smaller boxes for the calves on the left side. In one of the boxes she spots some really creamy cow patties which she definitely wants to enjoy. She walks in the box and straight to the first patty to put her feet right in. She gets [&hellip;]<\/p>\n","protected":false},"featured_media":199424,"comment_status":"open","ping_status":"closed","template":"","meta":{"_acf_changed":false,"site-sidebar-layout":"default","site-content-layout":"","ast-site-content-layout":"default","site-content-style":"default","site-sidebar-style":"default","ast-global-header-display":"","ast-banner-title-visibility":"","ast-main-header-display":"","ast-hfb-above-header-display":"","ast-hfb-below-header-display":"","ast-hfb-mobile-header-display":"","site-post-title":"","ast-breadcrumbs-content":"","ast-featured-img":"","footer-sml-layout":"","ast-disable-related-posts":"","theme-transparent-header-meta":"default","adv-header-id-meta":"","stick-header-meta":"","header-above-stick-meta":"","header-main-stick-meta":"","header-below-stick-meta":"","astra-migrate-meta-layouts":"set","ast-page-background-enabled":"default","ast-page-background-meta":{"desktop":{"background-color":"var(--ast-global-color-4)","background-image":"","background-repeat":"repeat","background-position":"center center","background-size":"auto","background-attachment":"scroll","background-type":"","background-media":"","overlay-type":"","overlay-color":"","overlay-opacity":"","overlay-gradient":""},"tablet":{"background-color":"","background-image":"","background-repeat":"repeat","background-position":"center center","background-size":"auto","background-attachment":"scroll","background-type":"","background-media":"","overlay-type":"","overlay-color":"","overlay-opacity":"","overlay-gradient":""},"mobile":{"background-color":"","background-image":"","background-repeat":"repeat","background-position":"center center","background-size":"auto","background-attachment":"scroll","background-type":"","background-media":"","overlay-type":"","overlay-color":"","overlay-opacity":"","overlay-gradient":""}},"ast-content-background-meta":{"desktop":{"background-color":"var(--ast-global-color-5)","background-image":"","background-repeat":"repeat","background-position":"center center","background-size":"auto","background-attachment":"scroll","background-type":"","background-media":"","overlay-type":"","overlay-color":"","overlay-opacity":"","overlay-gradient":""},"tablet":{"background-color":"var(--ast-global-color-5)","background-image":"","background-repeat":"repeat","background-position":"center center","background-size":"auto","background-attachment":"scroll","background-type":"","background-media":"","overlay-type":"","overlay-color":"","overlay-opacity":"","overlay-gradient":""},"mobile":{"background-color":"var(--ast-global-color-5)","background-image":"","background-repeat":"repeat","background-position":"center center","background-size":"auto","background-attachment":"scroll","background-type":"","background-media":"","overlay-type":"","overlay-color":"","overlay-opacity":"","overlay-gradient":""}}},"product_brand":[],"product_cat":[4470],"product_tag":[4196,317,3295,4501,318,4353,66,19,4503,4500,4497,3830,316,64,3030,3523,2994,2419,4483,2841,18,2285,2206,4484,35,360,32,4502,4588,2650,24,2832,2630,2368,3233],"class_list":{"0":"post-176494","1":"product","2":"type-product","3":"status-publish","4":"has-post-thumbnail","6":"product_cat-videos","7":"product_tag-animal-scat","8":"product_tag-asshole","9":"product_tag-basin","10":"product_tag-biker","11":"product_tag-boobs","12":"product_tag-calf-box","13":"product_tag-clothed","14":"product_tag-cow","15":"product_tag-cow-patties","16":"product_tag-cow-shit","17":"product_tag-cows","18":"product_tag-cowshit","19":"product_tag-cunt","20":"product_tag-dildo","21":"product_tag-download","22":"product_tag-fingering","23":"product_tag-fishnet","24":"product_tag-full-hd","25":"product_tag-girl-in-cowshit","26":"product_tag-lyndra-lynn","27":"product_tag-manure","28":"product_tag-masturbate","29":"product_tag-masturbation","30":"product_tag-masturbation-in-cowshit","31":"product_tag-orgasm","32":"product_tag-outdoor","33":"product_tag-pussy","34":"product_tag-red-hair","35":"product_tag-season-6","36":"product_tag-sensual","37":"product_tag-slurry","38":"product_tag-smearing","39":"product_tag-straw","40":"product_tag-ultra-hd","41":"product_tag-waifu","42":"pa_length-32-minutes","43":"pa_product-type-digital-download-full-hd-video","44":"pa_product-type-digital-download-ultra-hd-video","45":"pa_product-type-usb-stick","46":"pa_video-info-full-hd-1920x1080p","47":"pa_video-info-ultra-hd-4k","48":"desktop-align-center","49":"tablet-align-left","50":"mobile-align-left","52":"first","53":"instock","54":"shipping-taxable","55":"purchasable","56":"product-type-variable"},"exclude_global_add_ons":[],"addons":[],"acf":[],"yoast_head":"<!-- This site is optimized with the Yoast SEO Premium plugin v27.1 (Yoast SEO v27.1.1) - https:\/\/yoast.com\/product\/yoast-seo-premium-wordpress\/ -->\n<title>Juicy Cow Patties - ManureFetish<\/title>\n<meta name=\"description\" content=\"Juicy Cow Patties, Lyndra Lynn finds a nice Calf Box with lots of creamy cow patties in it. The perfect cowshit to masturbate in.\" \/>\n<meta name=\"robots\" content=\"index, follow, max-snippet:-1, max-image-preview:large, max-video-preview:-1\" \/>\n<link rel=\"canonical\" href=\"https:\/\/manurefetish.com\/es\/shop\/videos\/juicy-cow-patties\/\" \/>\n<meta property=\"og:locale\" content=\"es_ES\" \/>\n<meta property=\"og:type\" content=\"article\" \/>\n<meta property=\"og:title\" content=\"Juicy Cow Patties\" \/>\n<meta property=\"og:description\" content=\"Juicy Cow Patties, Lyndra Lynn finds a nice Calf Box with lots of creamy cow patties in it. The perfect cowshit to masturbate in.\" \/>\n<meta property=\"og:url\" content=\"https:\/\/manurefetish.com\/es\/shop\/videos\/juicy-cow-patties\/\" \/>\n<meta property=\"og:site_name\" content=\"ManureFetish\" \/>\n<meta property=\"article:publisher\" content=\"https:\/\/www.facebook.com\/manurefetish\/\" \/>\n<meta property=\"article:modified_time\" content=\"2026-03-24T14:13:27+00:00\" \/>\n<meta property=\"og:image\" content=\"https:\/\/manurefetish.com\/wp-content\/uploads\/2025\/06\/juciy-cow-patties.jpg\" \/>\n\t<meta property=\"og:image:width\" content=\"1728\" \/>\n\t<meta property=\"og:image:height\" content=\"576\" \/>\n\t<meta property=\"og:image:type\" content=\"image\/jpeg\" \/>\n<meta name=\"twitter:card\" content=\"summary_large_image\" \/>\n<meta name=\"twitter:site\" content=\"@Manurefetisch\" \/>\n<script type=\"application\/ld+json\" class=\"yoast-schema-graph\">{\"@context\":\"https:\/\/schema.org\",\"@graph\":[{\"@type\":\"WebPage\",\"@id\":\"https:\/\/manurefetish.com\/shop\/videos\/juicy-cow-patties\/\",\"url\":\"https:\/\/manurefetish.com\/shop\/videos\/juicy-cow-patties\/\",\"name\":\"Juicy Cow Patties - ManureFetish\",\"isPartOf\":{\"@id\":\"https:\/\/manurefetish.com\/#website\"},\"primaryImageOfPage\":{\"@id\":\"https:\/\/manurefetish.com\/shop\/videos\/juicy-cow-patties\/#primaryimage\"},\"image\":{\"@id\":\"https:\/\/manurefetish.com\/shop\/videos\/juicy-cow-patties\/#primaryimage\"},\"thumbnailUrl\":\"https:\/\/manurefetish.b-cdn.net\/wp-content\/uploads\/2025\/06\/juciy-cow-patties.jpg\",\"datePublished\":\"2025-06-10T11:15:45+00:00\",\"dateModified\":\"2026-03-24T14:13:27+00:00\",\"description\":\"Juicy Cow Patties, Lyndra Lynn finds a nice Calf Box with lots of creamy cow patties in it. The perfect cowshit to masturbate in.\",\"breadcrumb\":{\"@id\":\"https:\/\/manurefetish.com\/shop\/videos\/juicy-cow-patties\/#breadcrumb\"},\"inLanguage\":\"es\",\"potentialAction\":[{\"@type\":\"ReadAction\",\"target\":[\"https:\/\/manurefetish.com\/shop\/videos\/juicy-cow-patties\/\"]}]},{\"@type\":\"ImageObject\",\"inLanguage\":\"es\",\"@id\":\"https:\/\/manurefetish.com\/shop\/videos\/juicy-cow-patties\/#primaryimage\",\"url\":\"https:\/\/manurefetish.b-cdn.net\/wp-content\/uploads\/2025\/06\/juciy-cow-patties.jpg\",\"contentUrl\":\"https:\/\/manurefetish.b-cdn.net\/wp-content\/uploads\/2025\/06\/juciy-cow-patties.jpg\",\"width\":1728,\"height\":576},{\"@type\":\"BreadcrumbList\",\"@id\":\"https:\/\/manurefetish.com\/shop\/videos\/juicy-cow-patties\/#breadcrumb\",\"itemListElement\":[{\"@type\":\"ListItem\",\"position\":1,\"name\":\"Home\",\"item\":\"https:\/\/manurefetish.com\/\"},{\"@type\":\"ListItem\",\"position\":2,\"name\":\"Shop\",\"item\":\"https:\/\/manurefetish.com\/shop\/\"},{\"@type\":\"ListItem\",\"position\":3,\"name\":\"Videos\",\"item\":\"https:\/\/manurefetish.com\/product-category\/videos\/\"},{\"@type\":\"ListItem\",\"position\":4,\"name\":\"Juicy Cow Patties\"}]},{\"@type\":\"WebSite\",\"@id\":\"https:\/\/manurefetish.com\/#website\",\"url\":\"https:\/\/manurefetish.com\/\",\"name\":\"ManureFetish\",\"description\":\"ManureFetish Shop\",\"publisher\":{\"@id\":\"https:\/\/manurefetish.com\/#organization\"},\"potentialAction\":[{\"@type\":\"SearchAction\",\"target\":{\"@type\":\"EntryPoint\",\"urlTemplate\":\"https:\/\/manurefetish.com\/?s={search_term_string}\"},\"query-input\":{\"@type\":\"PropertyValueSpecification\",\"valueRequired\":true,\"valueName\":\"search_term_string\"}}],\"inLanguage\":\"es\"},{\"@type\":\"Organization\",\"@id\":\"https:\/\/manurefetish.com\/#organization\",\"name\":\"ManureFetish.com\",\"url\":\"https:\/\/manurefetish.com\/\",\"logo\":{\"@type\":\"ImageObject\",\"inLanguage\":\"es\",\"@id\":\"https:\/\/manurefetish.com\/#\/schema\/logo\/image\/\",\"url\":\"https:\/\/manurefetish.com\/wp-content\/uploads\/2019\/06\/1000xmanurefetishcom-michaela-logo-website-shop.png\",\"contentUrl\":\"https:\/\/manurefetish.com\/wp-content\/uploads\/2019\/06\/1000xmanurefetishcom-michaela-logo-website-shop.png\",\"width\":1000,\"height\":632,\"caption\":\"ManureFetish.com\"},\"image\":{\"@id\":\"https:\/\/manurefetish.com\/#\/schema\/logo\/image\/\"},\"sameAs\":[\"https:\/\/www.facebook.com\/manurefetish\/\",\"https:\/\/x.com\/Manurefetisch\",\"https:\/\/www.youtube.com\/c\/ManureFetish\"],\"description\":\"We're creating various fetish content with female and male models alike.\",\"foundingDate\":\"2019-07-04\",\"vatID\":\"DE366928521\",\"numberOfEmployees\":{\"@type\":\"QuantitativeValue\",\"minValue\":\"1\",\"maxValue\":\"10\"}}]}<\/script>\n<meta property=\"og:availability\" content=\"instock\" \/>\n<meta property=\"product:availability\" content=\"instock\" \/>\n<meta property=\"product:retailer_item_id\" content=\"MFW-JCP\" \/>\n<meta property=\"product:condition\" content=\"new\" \/>\n<!-- \/ Yoast SEO Premium plugin. -->","yoast_head_json":{"title":"Jugosas hamburguesas de vaca - ManureFetish","description":"Jugosas hamburguesas de vaca, Lyndra Lynn encuentra una bonita caja de ternera con montones de cremosas hamburguesas de vaca dentro. La mierda de vaca perfecta para masturbarse.","robots":{"index":"index","follow":"follow","max-snippet":"max-snippet:-1","max-image-preview":"max-image-preview:large","max-video-preview":"max-video-preview:-1"},"canonical":"https:\/\/manurefetish.com\/es\/shop\/videos\/juicy-cow-patties\/","og_locale":"es_ES","og_type":"article","og_title":"Juicy Cow Patties","og_description":"Juicy Cow Patties, Lyndra Lynn finds a nice Calf Box with lots of creamy cow patties in it. The perfect cowshit to masturbate in.","og_url":"https:\/\/manurefetish.com\/es\/shop\/videos\/juicy-cow-patties\/","og_site_name":"ManureFetish","article_publisher":"https:\/\/www.facebook.com\/manurefetish\/","article_modified_time":"2026-03-24T14:13:27+00:00","og_image":[{"width":1728,"height":576,"url":"https:\/\/manurefetish.com\/wp-content\/uploads\/2025\/06\/juciy-cow-patties.jpg","type":"image\/jpeg"}],"twitter_card":"summary_large_image","twitter_site":"@Manurefetisch","schema":{"@context":"https:\/\/schema.org","@graph":[{"@type":"WebPage","@id":"https:\/\/manurefetish.com\/shop\/videos\/juicy-cow-patties\/","url":"https:\/\/manurefetish.com\/shop\/videos\/juicy-cow-patties\/","name":"Jugosas hamburguesas de vaca - ManureFetish","isPartOf":{"@id":"https:\/\/manurefetish.com\/#website"},"primaryImageOfPage":{"@id":"https:\/\/manurefetish.com\/shop\/videos\/juicy-cow-patties\/#primaryimage"},"image":{"@id":"https:\/\/manurefetish.com\/shop\/videos\/juicy-cow-patties\/#primaryimage"},"thumbnailUrl":"https:\/\/manurefetish.b-cdn.net\/wp-content\/uploads\/2025\/06\/juciy-cow-patties.jpg","datePublished":"2025-06-10T11:15:45+00:00","dateModified":"2026-03-24T14:13:27+00:00","description":"Jugosas hamburguesas de vaca, Lyndra Lynn encuentra una bonita caja de ternera con montones de cremosas hamburguesas de vaca dentro. La mierda de vaca perfecta para masturbarse.","breadcrumb":{"@id":"https:\/\/manurefetish.com\/shop\/videos\/juicy-cow-patties\/#breadcrumb"},"inLanguage":"es","potentialAction":[{"@type":"ReadAction","target":["https:\/\/manurefetish.com\/shop\/videos\/juicy-cow-patties\/"]}]},{"@type":"ImageObject","inLanguage":"es","@id":"https:\/\/manurefetish.com\/shop\/videos\/juicy-cow-patties\/#primaryimage","url":"https:\/\/manurefetish.b-cdn.net\/wp-content\/uploads\/2025\/06\/juciy-cow-patties.jpg","contentUrl":"https:\/\/manurefetish.b-cdn.net\/wp-content\/uploads\/2025\/06\/juciy-cow-patties.jpg","width":1728,"height":576},{"@type":"BreadcrumbList","@id":"https:\/\/manurefetish.com\/shop\/videos\/juicy-cow-patties\/#breadcrumb","itemListElement":[{"@type":"ListItem","position":1,"name":"Home","item":"https:\/\/manurefetish.com\/"},{"@type":"ListItem","position":2,"name":"Shop","item":"https:\/\/manurefetish.com\/shop\/"},{"@type":"ListItem","position":3,"name":"Videos","item":"https:\/\/manurefetish.com\/product-category\/videos\/"},{"@type":"ListItem","position":4,"name":"Juicy Cow Patties"}]},{"@type":"WebSite","@id":"https:\/\/manurefetish.com\/#website","url":"https:\/\/manurefetish.com\/","name":"ManureFetish","description":"ManureFetish","publisher":{"@id":"https:\/\/manurefetish.com\/#organization"},"potentialAction":[{"@type":"SearchAction","target":{"@type":"EntryPoint","urlTemplate":"https:\/\/manurefetish.com\/?s={search_term_string}"},"query-input":{"@type":"PropertyValueSpecification","valueRequired":true,"valueName":"search_term_string"}}],"inLanguage":"es"},{"@type":"Organization","@id":"https:\/\/manurefetish.com\/#organization","name":"ManureFetish.com","url":"https:\/\/manurefetish.com\/","logo":{"@type":"ImageObject","inLanguage":"es","@id":"https:\/\/manurefetish.com\/#\/schema\/logo\/image\/","url":"https:\/\/manurefetish.com\/wp-content\/uploads\/2019\/06\/1000xmanurefetishcom-michaela-logo-website-shop.png","contentUrl":"https:\/\/manurefetish.com\/wp-content\/uploads\/2019\/06\/1000xmanurefetishcom-michaela-logo-website-shop.png","width":1000,"height":632,"caption":"ManureFetish.com"},"image":{"@id":"https:\/\/manurefetish.com\/#\/schema\/logo\/image\/"},"sameAs":["https:\/\/www.facebook.com\/manurefetish\/","https:\/\/x.com\/Manurefetisch","https:\/\/www.youtube.com\/c\/ManureFetish"],"description":"Estamos creando diversos contenidos fetichistas con modelos femeninos y masculinos por igual.","foundingDate":"2019-07-04","vatID":"DE366928521","numberOfEmployees":{"@type":"QuantitativeValue","minValue":"1","maxValue":"10"}}]},"og_availability":"instock","product_availability":"instock","product_retailer_item_id":"MFW-JCP","product_condition":"new"},"_links":{"self":[{"href":"https:\/\/manurefetish.com\/es\/wp-json\/wp\/v2\/product\/176494","targetHints":{"allow":["GET"]}}],"collection":[{"href":"https:\/\/manurefetish.com\/es\/wp-json\/wp\/v2\/product"}],"about":[{"href":"https:\/\/manurefetish.com\/es\/wp-json\/wp\/v2\/types\/product"}],"replies":[{"embeddable":true,"href":"https:\/\/manurefetish.com\/es\/wp-json\/wp\/v2\/comments?post=176494"}],"version-history":[{"count":0,"href":"https:\/\/manurefetish.com\/es\/wp-json\/wp\/v2\/product\/176494\/revisions"}],"wp:featuredmedia":[{"embeddable":true,"href":"https:\/\/manurefetish.com\/es\/wp-json\/wp\/v2\/media\/199424"}],"wp:attachment":[{"href":"https:\/\/manurefetish.com\/es\/wp-json\/wp\/v2\/media?parent=176494"}],"wp:term":[{"taxonomy":"product_brand","embeddable":true,"href":"https:\/\/manurefetish.com\/es\/wp-json\/wp\/v2\/product_brand?post=176494"},{"taxonomy":"product_cat","embeddable":true,"href":"https:\/\/manurefetish.com\/es\/wp-json\/wp\/v2\/product_cat?post=176494"},{"taxonomy":"product_tag","embeddable":true,"href":"https:\/\/manurefetish.com\/es\/wp-json\/wp\/v2\/product_tag?post=176494"}],"curies":[{"name":"wp","href":"https:\/\/api.w.org\/{rel}","templated":true}]}}