{"id":165987,"date":"2025-03-01T01:00:27","date_gmt":"2025-03-01T00:00:27","guid":{"rendered":"https:\/\/manurefetish.com\/?post_type=product&#038;p=165987"},"modified":"2026-03-24T15:15:52","modified_gmt":"2026-03-24T14:15:52","slug":"maria-anjel-mistakes-before-the-interview","status":"publish","type":"product","link":"https:\/\/manurefetish.com\/es\/shop\/videos\/maria-anjel-mistakes-before-the-interview\/","title":{"rendered":"Errores de Maria Anjel antes de la entrevista"},"content":{"rendered":"<p><span style=\"font-weight: 400;\">Anjel tiene una entrevista m\u00e1s tarde para un Trabajo en la granja, ya que la \u00faltima vez que estuvo all\u00ed tuvo su momento especial a solas en toda esa mierda de vaca cremosa. Entonces coloc\u00f3 algunos juguetes en el canal de esti\u00e9rcol, pero antes de la entrevista oy\u00f3 al due\u00f1o hablar de limpiar el canal y supo que encontrar\u00edan los juguetes. As\u00ed que tiene que intentar sacar los juguetes del canal de esti\u00e9rcol antes de que sea demasiado tarde. Mete las manos e intenta encontrarlos, se quita la chaqueta para que no se ensucie. Pero, para su mala suerte, resbala y cae en la cremosa mierda de vaca. Como ahora ya est\u00e1 sucia, puede buscar m\u00e1s a fondo los juguetes, a\u00fan tiene tiempo de encontrarlos y cambiarse. Tarda un buen rato y busca entre la mierda de vaca hasta que los encuentra. Ahora est\u00e1 casi completamente cubierta de mierda de vaca y tambi\u00e9n excitada. Al instante recuerda por qu\u00e9 le gustaba tanto, la textura y el olor de la mierda de vaca la excitan hasta un punto en el que ya no puede contenerse. Encontrar tambi\u00e9n el consolador no ayud\u00f3, as\u00ed que instintivamente empieza a chupar el juguete. Se quita sus bonitos vaqueros azules ajustados y se unta un poco de mierda de vaca en las bragas y el co\u00f1o. Ahora ya no puede contenerse m\u00e1s y empieza a tener otra buena sesi\u00f3n sucia en el canal de esti\u00e9rcol. Esperemos que no falte a su cita para la entrevista.<\/span><\/p>","protected":false},"excerpt":{"rendered":"<p>Anjel has an interview later on for a Job on the farm as the last time she was there she had her special alone time in all that creamy cowshit. Back then she placed some toys in the manure channel, however before the interview she heard the owner talk about cleaning the channel and she [&hellip;]<\/p>\n","protected":false},"featured_media":199460,"comment_status":"open","ping_status":"closed","template":"","meta":{"_acf_changed":false,"site-sidebar-layout":"default","site-content-layout":"","ast-site-content-layout":"default","site-content-style":"default","site-sidebar-style":"default","ast-global-header-display":"","ast-banner-title-visibility":"","ast-main-header-display":"","ast-hfb-above-header-display":"","ast-hfb-below-header-display":"","ast-hfb-mobile-header-display":"","site-post-title":"","ast-breadcrumbs-content":"","ast-featured-img":"","footer-sml-layout":"","ast-disable-related-posts":"","theme-transparent-header-meta":"default","adv-header-id-meta":"","stick-header-meta":"","header-above-stick-meta":"","header-main-stick-meta":"","header-below-stick-meta":"","astra-migrate-meta-layouts":"set","ast-page-background-enabled":"default","ast-page-background-meta":{"desktop":{"background-color":"var(--ast-global-color-4)","background-image":"","background-repeat":"repeat","background-position":"center center","background-size":"auto","background-attachment":"scroll","background-type":"","background-media":"","overlay-type":"","overlay-color":"","overlay-opacity":"","overlay-gradient":""},"tablet":{"background-color":"","background-image":"","background-repeat":"repeat","background-position":"center center","background-size":"auto","background-attachment":"scroll","background-type":"","background-media":"","overlay-type":"","overlay-color":"","overlay-opacity":"","overlay-gradient":""},"mobile":{"background-color":"","background-image":"","background-repeat":"repeat","background-position":"center center","background-size":"auto","background-attachment":"scroll","background-type":"","background-media":"","overlay-type":"","overlay-color":"","overlay-opacity":"","overlay-gradient":""}},"ast-content-background-meta":{"desktop":{"background-color":"var(--ast-global-color-5)","background-image":"","background-repeat":"repeat","background-position":"center center","background-size":"auto","background-attachment":"scroll","background-type":"","background-media":"","overlay-type":"","overlay-color":"","overlay-opacity":"","overlay-gradient":""},"tablet":{"background-color":"var(--ast-global-color-5)","background-image":"","background-repeat":"repeat","background-position":"center center","background-size":"auto","background-attachment":"scroll","background-type":"","background-media":"","overlay-type":"","overlay-color":"","overlay-opacity":"","overlay-gradient":""},"mobile":{"background-color":"var(--ast-global-color-5)","background-image":"","background-repeat":"repeat","background-position":"center center","background-size":"auto","background-attachment":"scroll","background-type":"","background-media":"","overlay-type":"","overlay-color":"","overlay-opacity":"","overlay-gradient":""}}},"product_brand":[],"product_cat":[4470],"product_tag":[4300,17,4196,317,318,3667,2621,2558,118,3830,316,64,3933,3030,20,2624,3523,2419,18,52,4301,2285,2206,2629,3174,65,35,32,3583,4199,2650,4482,24,2832,29,4280,319,4281,2368],"class_list":{"0":"post-165987","1":"product","2":"type-product","3":"status-publish","4":"has-post-thumbnail","6":"product_cat-videos","7":"product_tag-alt-anjel","8":"product_tag-anal","9":"product_tag-animal-scat","10":"product_tag-asshole","11":"product_tag-boobs","12":"product_tag-business","13":"product_tag-cow-dung","14":"product_tag-cowgirl","15":"product_tag-cowshed","16":"product_tag-cowshit","17":"product_tag-cunt","18":"product_tag-dildo","19":"product_tag-doggystyle","20":"product_tag-download","21":"product_tag-dung","22":"product_tag-farm","23":"product_tag-fingering","24":"product_tag-full-hd","25":"product_tag-manure","26":"product_tag-manure-channel","27":"product_tag-maria-anjel","28":"product_tag-masturbate","29":"product_tag-masturbation","30":"product_tag-messy","31":"product_tag-missionary","32":"product_tag-naked","33":"product_tag-orgasm","34":"product_tag-pussy","35":"product_tag-pyjama","36":"product_tag-season-5","37":"product_tag-sensual","38":"product_tag-sex-in-cowshit","39":"product_tag-slurry","40":"product_tag-smearing","41":"product_tag-submerging","42":"product_tag-sucking","43":"product_tag-tits","44":"product_tag-toes","45":"product_tag-ultra-hd","46":"pa_product-type-digital-download-full-hd-video","47":"pa_product-type-digital-download-ultra-hd-video","48":"pa_product-type-usb-stick","49":"pa_video-info-full-hd-1920x1080p","50":"pa_video-info-ultra-hd-4k","51":"desktop-align-center","52":"tablet-align-left","53":"mobile-align-left","55":"first","56":"instock","57":"shipping-taxable","58":"purchasable","59":"product-type-variable"},"exclude_global_add_ons":[],"addons":[],"acf":[],"yoast_head":"<!-- This site is optimized with the Yoast SEO Premium plugin v27.1 (Yoast SEO v27.1.1) - https:\/\/yoast.com\/product\/yoast-seo-premium-wordpress\/ -->\n<title>Maria Anjel Mistakes Before The Interview - ManureFetish<\/title>\n<meta name=\"description\" content=\"Maria Anjel Mistakes Before The Interview, she forgot that she had placed some toys in the manure channel for a bit messy shitty fun later so she wants to.\" \/>\n<meta name=\"robots\" content=\"index, follow, max-snippet:-1, max-image-preview:large, max-video-preview:-1\" \/>\n<link rel=\"canonical\" href=\"https:\/\/manurefetish.com\/es\/shop\/videos\/maria-anjel-mistakes-before-the-interview\/\" \/>\n<meta property=\"og:locale\" content=\"es_ES\" \/>\n<meta property=\"og:type\" content=\"article\" \/>\n<meta property=\"og:title\" content=\"Maria Anjel Mistakes Before The Interview\" \/>\n<meta property=\"og:description\" content=\"Maria Anjel Mistakes Before The Interview, she forgot that she had placed some toys in the manure channel for a bit messy shitty fun later so she wants to.\" \/>\n<meta property=\"og:url\" content=\"https:\/\/manurefetish.com\/es\/shop\/videos\/maria-anjel-mistakes-before-the-interview\/\" \/>\n<meta property=\"og:site_name\" content=\"ManureFetish\" \/>\n<meta property=\"article:publisher\" content=\"https:\/\/www.facebook.com\/manurefetish\/\" \/>\n<meta property=\"article:modified_time\" content=\"2026-03-24T14:15:52+00:00\" \/>\n<meta property=\"og:image\" content=\"https:\/\/manurefetish.com\/wp-content\/uploads\/2025\/03\/mistake-before-the-interview.jpg\" \/>\n\t<meta property=\"og:image:width\" content=\"1728\" \/>\n\t<meta property=\"og:image:height\" content=\"576\" \/>\n\t<meta property=\"og:image:type\" content=\"image\/jpeg\" \/>\n<meta name=\"twitter:card\" content=\"summary_large_image\" \/>\n<meta name=\"twitter:site\" content=\"@Manurefetisch\" \/>\n<script type=\"application\/ld+json\" class=\"yoast-schema-graph\">{\"@context\":\"https:\/\/schema.org\",\"@graph\":[{\"@type\":\"WebPage\",\"@id\":\"https:\/\/manurefetish.com\/shop\/videos\/maria-anjel-mistakes-before-the-interview\/\",\"url\":\"https:\/\/manurefetish.com\/shop\/videos\/maria-anjel-mistakes-before-the-interview\/\",\"name\":\"Maria Anjel Mistakes Before The Interview - ManureFetish\",\"isPartOf\":{\"@id\":\"https:\/\/manurefetish.com\/#website\"},\"primaryImageOfPage\":{\"@id\":\"https:\/\/manurefetish.com\/shop\/videos\/maria-anjel-mistakes-before-the-interview\/#primaryimage\"},\"image\":{\"@id\":\"https:\/\/manurefetish.com\/shop\/videos\/maria-anjel-mistakes-before-the-interview\/#primaryimage\"},\"thumbnailUrl\":\"https:\/\/manurefetish.b-cdn.net\/wp-content\/uploads\/2025\/03\/mistake-before-the-interview.jpg\",\"datePublished\":\"2025-03-01T00:00:27+00:00\",\"dateModified\":\"2026-03-24T14:15:52+00:00\",\"description\":\"Maria Anjel Mistakes Before The Interview, she forgot that she had placed some toys in the manure channel for a bit messy shitty fun later so she wants to.\",\"breadcrumb\":{\"@id\":\"https:\/\/manurefetish.com\/shop\/videos\/maria-anjel-mistakes-before-the-interview\/#breadcrumb\"},\"inLanguage\":\"es\",\"potentialAction\":[{\"@type\":\"ReadAction\",\"target\":[\"https:\/\/manurefetish.com\/shop\/videos\/maria-anjel-mistakes-before-the-interview\/\"]}]},{\"@type\":\"ImageObject\",\"inLanguage\":\"es\",\"@id\":\"https:\/\/manurefetish.com\/shop\/videos\/maria-anjel-mistakes-before-the-interview\/#primaryimage\",\"url\":\"https:\/\/manurefetish.b-cdn.net\/wp-content\/uploads\/2025\/03\/mistake-before-the-interview.jpg\",\"contentUrl\":\"https:\/\/manurefetish.b-cdn.net\/wp-content\/uploads\/2025\/03\/mistake-before-the-interview.jpg\",\"width\":1728,\"height\":576},{\"@type\":\"BreadcrumbList\",\"@id\":\"https:\/\/manurefetish.com\/shop\/videos\/maria-anjel-mistakes-before-the-interview\/#breadcrumb\",\"itemListElement\":[{\"@type\":\"ListItem\",\"position\":1,\"name\":\"Home\",\"item\":\"https:\/\/manurefetish.com\/\"},{\"@type\":\"ListItem\",\"position\":2,\"name\":\"Shop\",\"item\":\"https:\/\/manurefetish.com\/shop\/\"},{\"@type\":\"ListItem\",\"position\":3,\"name\":\"Videos\",\"item\":\"https:\/\/manurefetish.com\/product-category\/videos\/\"},{\"@type\":\"ListItem\",\"position\":4,\"name\":\"Maria Anjel Mistakes Before The Interview\"}]},{\"@type\":\"WebSite\",\"@id\":\"https:\/\/manurefetish.com\/#website\",\"url\":\"https:\/\/manurefetish.com\/\",\"name\":\"ManureFetish\",\"description\":\"ManureFetish Shop\",\"publisher\":{\"@id\":\"https:\/\/manurefetish.com\/#organization\"},\"potentialAction\":[{\"@type\":\"SearchAction\",\"target\":{\"@type\":\"EntryPoint\",\"urlTemplate\":\"https:\/\/manurefetish.com\/?s={search_term_string}\"},\"query-input\":{\"@type\":\"PropertyValueSpecification\",\"valueRequired\":true,\"valueName\":\"search_term_string\"}}],\"inLanguage\":\"es\"},{\"@type\":\"Organization\",\"@id\":\"https:\/\/manurefetish.com\/#organization\",\"name\":\"ManureFetish.com\",\"url\":\"https:\/\/manurefetish.com\/\",\"logo\":{\"@type\":\"ImageObject\",\"inLanguage\":\"es\",\"@id\":\"https:\/\/manurefetish.com\/#\/schema\/logo\/image\/\",\"url\":\"https:\/\/manurefetish.com\/wp-content\/uploads\/2019\/06\/1000xmanurefetishcom-michaela-logo-website-shop.png\",\"contentUrl\":\"https:\/\/manurefetish.com\/wp-content\/uploads\/2019\/06\/1000xmanurefetishcom-michaela-logo-website-shop.png\",\"width\":1000,\"height\":632,\"caption\":\"ManureFetish.com\"},\"image\":{\"@id\":\"https:\/\/manurefetish.com\/#\/schema\/logo\/image\/\"},\"sameAs\":[\"https:\/\/www.facebook.com\/manurefetish\/\",\"https:\/\/x.com\/Manurefetisch\",\"https:\/\/www.youtube.com\/c\/ManureFetish\"],\"description\":\"We're creating various fetish content with female and male models alike.\",\"foundingDate\":\"2019-07-04\",\"vatID\":\"DE366928521\",\"numberOfEmployees\":{\"@type\":\"QuantitativeValue\",\"minValue\":\"1\",\"maxValue\":\"10\"}}]}<\/script>\n<meta property=\"og:availability\" content=\"instock\" \/>\n<meta property=\"product:availability\" content=\"instock\" \/>\n<meta property=\"product:retailer_item_id\" content=\"MFW-MBTI\" \/>\n<meta property=\"product:condition\" content=\"new\" \/>\n<!-- \/ Yoast SEO Premium plugin. -->","yoast_head_json":{"title":"Errores de Maria Anjel antes de la entrevista - ManureFetish","description":"Errores de Mar\u00eda Anjel Antes de la entrevista, se olvid\u00f3 de que hab\u00eda colocado algunos juguetes en el canal de esti\u00e9rcol para divertirse un poco con la mierda m\u00e1s tarde, as\u00ed que quiere.","robots":{"index":"index","follow":"follow","max-snippet":"max-snippet:-1","max-image-preview":"max-image-preview:large","max-video-preview":"max-video-preview:-1"},"canonical":"https:\/\/manurefetish.com\/es\/shop\/videos\/maria-anjel-mistakes-before-the-interview\/","og_locale":"es_ES","og_type":"article","og_title":"Maria Anjel Mistakes Before The Interview","og_description":"Maria Anjel Mistakes Before The Interview, she forgot that she had placed some toys in the manure channel for a bit messy shitty fun later so she wants to.","og_url":"https:\/\/manurefetish.com\/es\/shop\/videos\/maria-anjel-mistakes-before-the-interview\/","og_site_name":"ManureFetish","article_publisher":"https:\/\/www.facebook.com\/manurefetish\/","article_modified_time":"2026-03-24T14:15:52+00:00","og_image":[{"width":1728,"height":576,"url":"https:\/\/manurefetish.com\/wp-content\/uploads\/2025\/03\/mistake-before-the-interview.jpg","type":"image\/jpeg"}],"twitter_card":"summary_large_image","twitter_site":"@Manurefetisch","schema":{"@context":"https:\/\/schema.org","@graph":[{"@type":"WebPage","@id":"https:\/\/manurefetish.com\/shop\/videos\/maria-anjel-mistakes-before-the-interview\/","url":"https:\/\/manurefetish.com\/shop\/videos\/maria-anjel-mistakes-before-the-interview\/","name":"Errores de Maria Anjel antes de la entrevista - ManureFetish","isPartOf":{"@id":"https:\/\/manurefetish.com\/#website"},"primaryImageOfPage":{"@id":"https:\/\/manurefetish.com\/shop\/videos\/maria-anjel-mistakes-before-the-interview\/#primaryimage"},"image":{"@id":"https:\/\/manurefetish.com\/shop\/videos\/maria-anjel-mistakes-before-the-interview\/#primaryimage"},"thumbnailUrl":"https:\/\/manurefetish.b-cdn.net\/wp-content\/uploads\/2025\/03\/mistake-before-the-interview.jpg","datePublished":"2025-03-01T00:00:27+00:00","dateModified":"2026-03-24T14:15:52+00:00","description":"Errores de Mar\u00eda Anjel Antes de la entrevista, se olvid\u00f3 de que hab\u00eda colocado algunos juguetes en el canal de esti\u00e9rcol para divertirse un poco con la mierda m\u00e1s tarde, as\u00ed que quiere.","breadcrumb":{"@id":"https:\/\/manurefetish.com\/shop\/videos\/maria-anjel-mistakes-before-the-interview\/#breadcrumb"},"inLanguage":"es","potentialAction":[{"@type":"ReadAction","target":["https:\/\/manurefetish.com\/shop\/videos\/maria-anjel-mistakes-before-the-interview\/"]}]},{"@type":"ImageObject","inLanguage":"es","@id":"https:\/\/manurefetish.com\/shop\/videos\/maria-anjel-mistakes-before-the-interview\/#primaryimage","url":"https:\/\/manurefetish.b-cdn.net\/wp-content\/uploads\/2025\/03\/mistake-before-the-interview.jpg","contentUrl":"https:\/\/manurefetish.b-cdn.net\/wp-content\/uploads\/2025\/03\/mistake-before-the-interview.jpg","width":1728,"height":576},{"@type":"BreadcrumbList","@id":"https:\/\/manurefetish.com\/shop\/videos\/maria-anjel-mistakes-before-the-interview\/#breadcrumb","itemListElement":[{"@type":"ListItem","position":1,"name":"Home","item":"https:\/\/manurefetish.com\/"},{"@type":"ListItem","position":2,"name":"Shop","item":"https:\/\/manurefetish.com\/shop\/"},{"@type":"ListItem","position":3,"name":"Videos","item":"https:\/\/manurefetish.com\/product-category\/videos\/"},{"@type":"ListItem","position":4,"name":"Maria Anjel Mistakes Before The Interview"}]},{"@type":"WebSite","@id":"https:\/\/manurefetish.com\/#website","url":"https:\/\/manurefetish.com\/","name":"ManureFetish","description":"ManureFetish","publisher":{"@id":"https:\/\/manurefetish.com\/#organization"},"potentialAction":[{"@type":"SearchAction","target":{"@type":"EntryPoint","urlTemplate":"https:\/\/manurefetish.com\/?s={search_term_string}"},"query-input":{"@type":"PropertyValueSpecification","valueRequired":true,"valueName":"search_term_string"}}],"inLanguage":"es"},{"@type":"Organization","@id":"https:\/\/manurefetish.com\/#organization","name":"ManureFetish.com","url":"https:\/\/manurefetish.com\/","logo":{"@type":"ImageObject","inLanguage":"es","@id":"https:\/\/manurefetish.com\/#\/schema\/logo\/image\/","url":"https:\/\/manurefetish.com\/wp-content\/uploads\/2019\/06\/1000xmanurefetishcom-michaela-logo-website-shop.png","contentUrl":"https:\/\/manurefetish.com\/wp-content\/uploads\/2019\/06\/1000xmanurefetishcom-michaela-logo-website-shop.png","width":1000,"height":632,"caption":"ManureFetish.com"},"image":{"@id":"https:\/\/manurefetish.com\/#\/schema\/logo\/image\/"},"sameAs":["https:\/\/www.facebook.com\/manurefetish\/","https:\/\/x.com\/Manurefetisch","https:\/\/www.youtube.com\/c\/ManureFetish"],"description":"Estamos creando diversos contenidos fetichistas con modelos femeninos y masculinos por igual.","foundingDate":"2019-07-04","vatID":"DE366928521","numberOfEmployees":{"@type":"QuantitativeValue","minValue":"1","maxValue":"10"}}]},"og_availability":"instock","product_availability":"instock","product_retailer_item_id":"MFW-MBTI","product_condition":"new"},"_links":{"self":[{"href":"https:\/\/manurefetish.com\/es\/wp-json\/wp\/v2\/product\/165987","targetHints":{"allow":["GET"]}}],"collection":[{"href":"https:\/\/manurefetish.com\/es\/wp-json\/wp\/v2\/product"}],"about":[{"href":"https:\/\/manurefetish.com\/es\/wp-json\/wp\/v2\/types\/product"}],"replies":[{"embeddable":true,"href":"https:\/\/manurefetish.com\/es\/wp-json\/wp\/v2\/comments?post=165987"}],"version-history":[{"count":0,"href":"https:\/\/manurefetish.com\/es\/wp-json\/wp\/v2\/product\/165987\/revisions"}],"wp:featuredmedia":[{"embeddable":true,"href":"https:\/\/manurefetish.com\/es\/wp-json\/wp\/v2\/media\/199460"}],"wp:attachment":[{"href":"https:\/\/manurefetish.com\/es\/wp-json\/wp\/v2\/media?parent=165987"}],"wp:term":[{"taxonomy":"product_brand","embeddable":true,"href":"https:\/\/manurefetish.com\/es\/wp-json\/wp\/v2\/product_brand?post=165987"},{"taxonomy":"product_cat","embeddable":true,"href":"https:\/\/manurefetish.com\/es\/wp-json\/wp\/v2\/product_cat?post=165987"},{"taxonomy":"product_tag","embeddable":true,"href":"https:\/\/manurefetish.com\/es\/wp-json\/wp\/v2\/product_tag?post=165987"}],"curies":[{"name":"wp","href":"https:\/\/api.w.org\/{rel}","templated":true}]}}