{"id":158538,"date":"2025-01-04T16:48:23","date_gmt":"2025-01-04T15:48:23","guid":{"rendered":"https:\/\/manurefetish.com\/?post_type=product&#038;p=158538"},"modified":"2026-03-24T15:16:09","modified_gmt":"2026-03-24T14:16:09","slug":"kaitlyn-katsaros-aliens-in-the-manure-channel","status":"publish","type":"product","link":"https:\/\/manurefetish.com\/es\/shop\/videos\/kaitlyn-katsaros-aliens-in-the-manure-channel\/","title":{"rendered":"Kaitlyn Katsaros Extraterrestres en el Canal del Esti\u00e9rcol"},"content":{"rendered":"<p><span style=\"font-weight: 400;\">Kaitlyn Katsaros camina por el establo con su cubo de leche, cuando pasa por el canal de esti\u00e9rcol abierto y ve algo raro en la mierda de vaca. Antes de examinarla, bebe un poco de leche. Al acercarse al borde del canal de esti\u00e9rcol, resbala y cae directamente en la cremosa y apestosa mierda de vaca. Tiene una idea de lo que puede hacer con el extra\u00f1o objeto con forma de tent\u00e1culo que se encuentra en la mierda de vaca. Se hace un calz\u00f3n chino con \u00e9l y luego empieza a embadurnarse el cuerpo y la ropa con la mierda de vaca. Kaitlyn sale de la canal y empieza a chuparse los zapatos y tambi\u00e9n a abofetearse la cara con ella, antes de coger el tent\u00e1culo y met\u00e9rselo por la garganta. Se folla la garganta con tanta fuerza que tiene que vomitar. Lo que, por supuesto, la excita. Ahora se quita el sujetador y empieza a cubrirse a\u00fan m\u00e1s de mierda de vaca. Utiliza todos los objetos alien\u00edgenas que encontr\u00f3 en el canal y no deja de probar las cosas m\u00e1s duras, que siempre quiso. Se mete los dedos y los pu\u00f1os en el culo, prepar\u00e1ndose para el gran juguete alien\u00edgena con forma de huevo, tambi\u00e9n esnifa una buena cantidad de mierda de vaca por la nariz y sigue foll\u00e1ndose todos los agujeros.<\/span><\/p>","protected":false},"excerpt":{"rendered":"<p>Kaitlyn Katsaros walks through the cowshed with her bucket of milk, as she comes by the open manure channel and sees some weird stuff in the cowshit. Before she examines it, she drinks some milk. As she gets closer to the edge of the manure channel, she slips and falls right into the creamy stinky [&hellip;]<\/p>\n","protected":false},"featured_media":199288,"comment_status":"open","ping_status":"closed","template":"","meta":{"_acf_changed":false,"site-sidebar-layout":"default","site-content-layout":"","ast-site-content-layout":"default","site-content-style":"default","site-sidebar-style":"default","ast-global-header-display":"","ast-banner-title-visibility":"","ast-main-header-display":"","ast-hfb-above-header-display":"","ast-hfb-below-header-display":"","ast-hfb-mobile-header-display":"","site-post-title":"","ast-breadcrumbs-content":"","ast-featured-img":"","footer-sml-layout":"","ast-disable-related-posts":"","theme-transparent-header-meta":"default","adv-header-id-meta":"","stick-header-meta":"","header-above-stick-meta":"","header-main-stick-meta":"","header-below-stick-meta":"","astra-migrate-meta-layouts":"set","ast-page-background-enabled":"default","ast-page-background-meta":{"desktop":{"background-color":"var(--ast-global-color-4)","background-image":"","background-repeat":"repeat","background-position":"center center","background-size":"auto","background-attachment":"scroll","background-type":"","background-media":"","overlay-type":"","overlay-color":"","overlay-opacity":"","overlay-gradient":""},"tablet":{"background-color":"","background-image":"","background-repeat":"repeat","background-position":"center center","background-size":"auto","background-attachment":"scroll","background-type":"","background-media":"","overlay-type":"","overlay-color":"","overlay-opacity":"","overlay-gradient":""},"mobile":{"background-color":"","background-image":"","background-repeat":"repeat","background-position":"center center","background-size":"auto","background-attachment":"scroll","background-type":"","background-media":"","overlay-type":"","overlay-color":"","overlay-opacity":"","overlay-gradient":""}},"ast-content-background-meta":{"desktop":{"background-color":"var(--ast-global-color-5)","background-image":"","background-repeat":"repeat","background-position":"center center","background-size":"auto","background-attachment":"scroll","background-type":"","background-media":"","overlay-type":"","overlay-color":"","overlay-opacity":"","overlay-gradient":""},"tablet":{"background-color":"var(--ast-global-color-5)","background-image":"","background-repeat":"repeat","background-position":"center center","background-size":"auto","background-attachment":"scroll","background-type":"","background-media":"","overlay-type":"","overlay-color":"","overlay-opacity":"","overlay-gradient":""},"mobile":{"background-color":"var(--ast-global-color-5)","background-image":"","background-repeat":"repeat","background-position":"center center","background-size":"auto","background-attachment":"scroll","background-type":"","background-media":"","overlay-type":"","overlay-color":"","overlay-opacity":"","overlay-gradient":""}}},"product_brand":[],"product_cat":[4470],"product_tag":[4440,17,317,3435,318,2632,71,2621,118,3830,316,64,3933,3030,20,4260,2603,3982,2624,3523,3334,2419,4276,18,2285,2206,2629,2906,3174,65,35,4387,32,4135,4199,2650,4482,3512,4385,24,2832,29,4280,4439,4282,4281,3180,2368,4278,4279],"class_list":{"0":"post-158538","1":"product","2":"type-product","3":"status-publish","4":"has-post-thumbnail","6":"product_cat-videos","7":"product_tag-alien","8":"product_tag-anal","9":"product_tag-asshole","10":"product_tag-bondage-2","11":"product_tag-boobs","12":"product_tag-bra","13":"product_tag-bucket","14":"product_tag-cow-dung","15":"product_tag-cowshed","16":"product_tag-cowshit","17":"product_tag-cunt","18":"product_tag-dildo","19":"product_tag-doggystyle","20":"product_tag-download","21":"product_tag-dung","22":"product_tag-dung-pile","23":"product_tag-dunghill","24":"product_tag-fantasy","25":"product_tag-farm","26":"product_tag-fingering","27":"product_tag-fisting","28":"product_tag-full-hd","29":"product_tag-kaitlyn-katsaros","30":"product_tag-manure","31":"product_tag-masturbate","32":"product_tag-masturbation","33":"product_tag-messy","34":"product_tag-milk","35":"product_tag-missionary","36":"product_tag-naked","37":"product_tag-orgasm","38":"product_tag-punches","39":"product_tag-pussy","40":"product_tag-scat","41":"product_tag-season-5","42":"product_tag-sensual","43":"product_tag-sex-in-cowshit","44":"product_tag-sextoy","45":"product_tag-slaps","46":"product_tag-slurry","47":"product_tag-smearing","48":"product_tag-submerging","49":"product_tag-sucking","50":"product_tag-tentacle","51":"product_tag-toe-licking","52":"product_tag-toes","53":"product_tag-toys","54":"product_tag-ultra-hd","55":"product_tag-vomit","56":"product_tag-vomiting","57":"pa_product-type-digital-download-full-hd-video","58":"pa_product-type-digital-download-ultra-hd-video","59":"pa_product-type-usb-stick","60":"pa_video-info-full-hd-1920x1080p","61":"pa_video-info-ultra-hd-4k","62":"desktop-align-center","63":"tablet-align-left","64":"mobile-align-left","66":"first","67":"instock","68":"shipping-taxable","69":"purchasable","70":"product-type-variable"},"exclude_global_add_ons":[],"addons":[],"acf":[],"yoast_head":"<!-- This site is optimized with the Yoast SEO Premium plugin v27.1 (Yoast SEO v27.1.1) - https:\/\/yoast.com\/product\/yoast-seo-premium-wordpress\/ -->\n<title>Kaitlyn Katsaros Aliens In The Manure Channel - ManureFetish<\/title>\n<meta name=\"description\" content=\"Kaitlyn Katsaros Aliens In The Manure Channel, she finds some strange objects in the cowshit filled channel and uses them to fuck all her holes.\" \/>\n<meta name=\"robots\" content=\"index, follow, max-snippet:-1, max-image-preview:large, max-video-preview:-1\" \/>\n<link rel=\"canonical\" href=\"https:\/\/manurefetish.com\/es\/shop\/videos\/kaitlyn-katsaros-aliens-in-the-manure-channel\/\" \/>\n<meta name=\"twitter:card\" content=\"summary_large_image\" \/>\n<meta name=\"twitter:title\" content=\"Kaitlyn Katsaros Aliens In The Manure Channel - ManureFetish\" \/>\n<meta name=\"twitter:description\" content=\"Kaitlyn Katsaros Aliens In The Manure Channel, she finds some strange objects in the cowshit filled channel and uses them to fuck all her holes.\" \/>\n<meta name=\"twitter:image\" content=\"https:\/\/manurefetish.b-cdn.net\/wp-content\/uploads\/2025\/01\/Kaitlyn-Katsasors-Aliens-in-the-Channel.jpg\" \/>\n<meta name=\"twitter:site\" content=\"@Manurefetisch\" \/>\n<script type=\"application\/ld+json\" class=\"yoast-schema-graph\">{\"@context\":\"https:\/\/schema.org\",\"@graph\":[{\"@type\":\"WebPage\",\"@id\":\"https:\/\/manurefetish.com\/shop\/videos\/kaitlyn-katsaros-aliens-in-the-manure-channel\/\",\"url\":\"https:\/\/manurefetish.com\/shop\/videos\/kaitlyn-katsaros-aliens-in-the-manure-channel\/\",\"name\":\"Kaitlyn Katsaros Aliens In The Manure Channel - ManureFetish\",\"isPartOf\":{\"@id\":\"https:\/\/de.manurefetish.com\/#website\"},\"primaryImageOfPage\":{\"@id\":\"https:\/\/manurefetish.com\/shop\/videos\/kaitlyn-katsaros-aliens-in-the-manure-channel\/#primaryimage\"},\"image\":{\"@id\":\"https:\/\/manurefetish.com\/shop\/videos\/kaitlyn-katsaros-aliens-in-the-manure-channel\/#primaryimage\"},\"thumbnailUrl\":\"https:\/\/manurefetish.b-cdn.net\/wp-content\/uploads\/2025\/01\/Kaitlyn-Katsasors-Aliens-in-the-Channel.jpg\",\"datePublished\":\"2025-01-04T15:48:23+00:00\",\"dateModified\":\"2026-03-24T14:16:09+00:00\",\"description\":\"Kaitlyn Katsaros Aliens In The Manure Channel, she finds some strange objects in the cowshit filled channel and uses them to fuck all her holes.\",\"breadcrumb\":{\"@id\":\"https:\/\/manurefetish.com\/shop\/videos\/kaitlyn-katsaros-aliens-in-the-manure-channel\/#breadcrumb\"},\"inLanguage\":\"es\",\"potentialAction\":[{\"@type\":\"ReadAction\",\"target\":[\"https:\/\/manurefetish.com\/shop\/videos\/kaitlyn-katsaros-aliens-in-the-manure-channel\/\"]}]},{\"@type\":\"ImageObject\",\"inLanguage\":\"es\",\"@id\":\"https:\/\/manurefetish.com\/shop\/videos\/kaitlyn-katsaros-aliens-in-the-manure-channel\/#primaryimage\",\"url\":\"https:\/\/manurefetish.b-cdn.net\/wp-content\/uploads\/2025\/01\/Kaitlyn-Katsasors-Aliens-in-the-Channel.jpg\",\"contentUrl\":\"https:\/\/manurefetish.b-cdn.net\/wp-content\/uploads\/2025\/01\/Kaitlyn-Katsasors-Aliens-in-the-Channel.jpg\",\"width\":1728,\"height\":576},{\"@type\":\"BreadcrumbList\",\"@id\":\"https:\/\/manurefetish.com\/shop\/videos\/kaitlyn-katsaros-aliens-in-the-manure-channel\/#breadcrumb\",\"itemListElement\":[{\"@type\":\"ListItem\",\"position\":1,\"name\":\"Home\",\"item\":\"https:\/\/manurefetish.com\/\"},{\"@type\":\"ListItem\",\"position\":2,\"name\":\"Shop\",\"item\":\"https:\/\/manurefetish.com\/shop\/\"},{\"@type\":\"ListItem\",\"position\":3,\"name\":\"Videos\",\"item\":\"https:\/\/manurefetish.com\/product-category\/videos\/\"},{\"@type\":\"ListItem\",\"position\":4,\"name\":\"Kaitlyn Katsaros Aliens In The Manure Channel\"}]},{\"@type\":\"WebSite\",\"@id\":\"https:\/\/de.manurefetish.com\/#website\",\"url\":\"https:\/\/de.manurefetish.com\/\",\"name\":\"ManureFetish\",\"description\":\"ManureFetish Shop\",\"publisher\":{\"@id\":\"https:\/\/de.manurefetish.com\/#organization\"},\"potentialAction\":[{\"@type\":\"SearchAction\",\"target\":{\"@type\":\"EntryPoint\",\"urlTemplate\":\"https:\/\/de.manurefetish.com\/?s={search_term_string}\"},\"query-input\":{\"@type\":\"PropertyValueSpecification\",\"valueRequired\":true,\"valueName\":\"search_term_string\"}}],\"inLanguage\":\"es\"},{\"@type\":\"Organization\",\"@id\":\"https:\/\/de.manurefetish.com\/#organization\",\"name\":\"ManureFetish.com\",\"url\":\"https:\/\/de.manurefetish.com\/\",\"logo\":{\"@type\":\"ImageObject\",\"inLanguage\":\"es\",\"@id\":\"https:\/\/de.manurefetish.com\/#\/schema\/logo\/image\/\",\"url\":\"https:\/\/manurefetish.com\/wp-content\/uploads\/2019\/06\/1000xmanurefetishcom-michaela-logo-website-shop.png\",\"contentUrl\":\"https:\/\/manurefetish.com\/wp-content\/uploads\/2019\/06\/1000xmanurefetishcom-michaela-logo-website-shop.png\",\"width\":1000,\"height\":632,\"caption\":\"ManureFetish.com\"},\"image\":{\"@id\":\"https:\/\/de.manurefetish.com\/#\/schema\/logo\/image\/\"},\"sameAs\":[\"https:\/\/www.facebook.com\/manurefetish\/\",\"https:\/\/x.com\/Manurefetisch\",\"https:\/\/www.youtube.com\/c\/ManureFetish\"],\"description\":\"We're creating various fetish content with female and male models alike.\",\"foundingDate\":\"2019-07-04\",\"vatID\":\"DE366928521\",\"numberOfEmployees\":{\"@type\":\"QuantitativeValue\",\"minValue\":\"1\",\"maxValue\":\"10\"}}]}<\/script>\n<meta property=\"og:availability\" content=\"instock\" \/>\n<meta property=\"product:availability\" content=\"instock\" \/>\n<meta property=\"product:retailer_item_id\" content=\"MFW-KK-AITMC\" \/>\n<meta property=\"product:condition\" content=\"new\" \/>\n<!-- \/ Yoast SEO Premium plugin. -->","yoast_head_json":{"title":"Kaitlyn Katsaros Extraterrestres En El Canal Esti\u00e9rcol - ManureFetish","description":"Kaitlyn Katsaros Aliens En El Canal Del Esti\u00e9rcol, encuentra unos extra\u00f1os objetos en el canal lleno de mierda de vaca y los utiliza para follarse todos los agujeros.","robots":{"index":"index","follow":"follow","max-snippet":"max-snippet:-1","max-image-preview":"max-image-preview:large","max-video-preview":"max-video-preview:-1"},"canonical":"https:\/\/manurefetish.com\/es\/shop\/videos\/kaitlyn-katsaros-aliens-in-the-manure-channel\/","twitter_card":"summary_large_image","twitter_title":"Kaitlyn Katsaros Aliens In The Manure Channel - ManureFetish","twitter_description":"Kaitlyn Katsaros Aliens In The Manure Channel, she finds some strange objects in the cowshit filled channel and uses them to fuck all her holes.","twitter_image":"https:\/\/manurefetish.b-cdn.net\/wp-content\/uploads\/2025\/01\/Kaitlyn-Katsasors-Aliens-in-the-Channel.jpg","twitter_site":"@Manurefetisch","schema":{"@context":"https:\/\/schema.org","@graph":[{"@type":"WebPage","@id":"https:\/\/manurefetish.com\/shop\/videos\/kaitlyn-katsaros-aliens-in-the-manure-channel\/","url":"https:\/\/manurefetish.com\/shop\/videos\/kaitlyn-katsaros-aliens-in-the-manure-channel\/","name":"Kaitlyn Katsaros Extraterrestres En El Canal Esti\u00e9rcol - ManureFetish","isPartOf":{"@id":"https:\/\/de.manurefetish.com\/#website"},"primaryImageOfPage":{"@id":"https:\/\/manurefetish.com\/shop\/videos\/kaitlyn-katsaros-aliens-in-the-manure-channel\/#primaryimage"},"image":{"@id":"https:\/\/manurefetish.com\/shop\/videos\/kaitlyn-katsaros-aliens-in-the-manure-channel\/#primaryimage"},"thumbnailUrl":"https:\/\/manurefetish.b-cdn.net\/wp-content\/uploads\/2025\/01\/Kaitlyn-Katsasors-Aliens-in-the-Channel.jpg","datePublished":"2025-01-04T15:48:23+00:00","dateModified":"2026-03-24T14:16:09+00:00","description":"Kaitlyn Katsaros Aliens En El Canal Del Esti\u00e9rcol, encuentra unos extra\u00f1os objetos en el canal lleno de mierda de vaca y los utiliza para follarse todos los agujeros.","breadcrumb":{"@id":"https:\/\/manurefetish.com\/shop\/videos\/kaitlyn-katsaros-aliens-in-the-manure-channel\/#breadcrumb"},"inLanguage":"es","potentialAction":[{"@type":"ReadAction","target":["https:\/\/manurefetish.com\/shop\/videos\/kaitlyn-katsaros-aliens-in-the-manure-channel\/"]}]},{"@type":"ImageObject","inLanguage":"es","@id":"https:\/\/manurefetish.com\/shop\/videos\/kaitlyn-katsaros-aliens-in-the-manure-channel\/#primaryimage","url":"https:\/\/manurefetish.b-cdn.net\/wp-content\/uploads\/2025\/01\/Kaitlyn-Katsasors-Aliens-in-the-Channel.jpg","contentUrl":"https:\/\/manurefetish.b-cdn.net\/wp-content\/uploads\/2025\/01\/Kaitlyn-Katsasors-Aliens-in-the-Channel.jpg","width":1728,"height":576},{"@type":"BreadcrumbList","@id":"https:\/\/manurefetish.com\/shop\/videos\/kaitlyn-katsaros-aliens-in-the-manure-channel\/#breadcrumb","itemListElement":[{"@type":"ListItem","position":1,"name":"Home","item":"https:\/\/manurefetish.com\/"},{"@type":"ListItem","position":2,"name":"Shop","item":"https:\/\/manurefetish.com\/shop\/"},{"@type":"ListItem","position":3,"name":"Videos","item":"https:\/\/manurefetish.com\/product-category\/videos\/"},{"@type":"ListItem","position":4,"name":"Kaitlyn Katsaros Aliens In The Manure Channel"}]},{"@type":"WebSite","@id":"https:\/\/de.manurefetish.com\/#website","url":"https:\/\/de.manurefetish.com\/","name":"ManureFetish","description":"ManureFetish","publisher":{"@id":"https:\/\/de.manurefetish.com\/#organization"},"potentialAction":[{"@type":"SearchAction","target":{"@type":"EntryPoint","urlTemplate":"https:\/\/de.manurefetish.com\/?s={search_term_string}"},"query-input":{"@type":"PropertyValueSpecification","valueRequired":true,"valueName":"search_term_string"}}],"inLanguage":"es"},{"@type":"Organization","@id":"https:\/\/de.manurefetish.com\/#organization","name":"ManureFetish.com","url":"https:\/\/de.manurefetish.com\/","logo":{"@type":"ImageObject","inLanguage":"es","@id":"https:\/\/de.manurefetish.com\/#\/schema\/logo\/image\/","url":"https:\/\/manurefetish.com\/wp-content\/uploads\/2019\/06\/1000xmanurefetishcom-michaela-logo-website-shop.png","contentUrl":"https:\/\/manurefetish.com\/wp-content\/uploads\/2019\/06\/1000xmanurefetishcom-michaela-logo-website-shop.png","width":1000,"height":632,"caption":"ManureFetish.com"},"image":{"@id":"https:\/\/de.manurefetish.com\/#\/schema\/logo\/image\/"},"sameAs":["https:\/\/www.facebook.com\/manurefetish\/","https:\/\/x.com\/Manurefetisch","https:\/\/www.youtube.com\/c\/ManureFetish"],"description":"Estamos creando diversos contenidos fetichistas con modelos femeninos y masculinos por igual.","foundingDate":"2019-07-04","vatID":"DE366928521","numberOfEmployees":{"@type":"QuantitativeValue","minValue":"1","maxValue":"10"}}]},"og_availability":"instock","product_availability":"instock","product_retailer_item_id":"MFW-KK-AITMC","product_condition":"new"},"_links":{"self":[{"href":"https:\/\/manurefetish.com\/es\/wp-json\/wp\/v2\/product\/158538","targetHints":{"allow":["GET"]}}],"collection":[{"href":"https:\/\/manurefetish.com\/es\/wp-json\/wp\/v2\/product"}],"about":[{"href":"https:\/\/manurefetish.com\/es\/wp-json\/wp\/v2\/types\/product"}],"replies":[{"embeddable":true,"href":"https:\/\/manurefetish.com\/es\/wp-json\/wp\/v2\/comments?post=158538"}],"version-history":[{"count":0,"href":"https:\/\/manurefetish.com\/es\/wp-json\/wp\/v2\/product\/158538\/revisions"}],"wp:featuredmedia":[{"embeddable":true,"href":"https:\/\/manurefetish.com\/es\/wp-json\/wp\/v2\/media\/199288"}],"wp:attachment":[{"href":"https:\/\/manurefetish.com\/es\/wp-json\/wp\/v2\/media?parent=158538"}],"wp:term":[{"taxonomy":"product_brand","embeddable":true,"href":"https:\/\/manurefetish.com\/es\/wp-json\/wp\/v2\/product_brand?post=158538"},{"taxonomy":"product_cat","embeddable":true,"href":"https:\/\/manurefetish.com\/es\/wp-json\/wp\/v2\/product_cat?post=158538"},{"taxonomy":"product_tag","embeddable":true,"href":"https:\/\/manurefetish.com\/es\/wp-json\/wp\/v2\/product_tag?post=158538"}],"curies":[{"name":"wp","href":"https:\/\/api.w.org\/{rel}","templated":true}]}}