{"id":154715,"date":"2024-11-23T16:58:47","date_gmt":"2024-11-23T15:58:47","guid":{"rendered":"https:\/\/manurefetish.com\/?post_type=product&#038;p=154715"},"modified":"2026-03-24T15:16:33","modified_gmt":"2026-03-24T14:16:33","slug":"lyndra-lynn-preferred-yoghurt-mix","status":"publish","type":"product","link":"https:\/\/manurefetish.com\/es\/shop\/videos\/lyndra-lynn-preferred-yoghurt-mix\/","title":{"rendered":"Lyndra Lynn Mezcla de yogur preferida"},"content":{"rendered":"<p>Quer\u00eda probar nuevas combinaciones, as\u00ed que esta vez cog\u00ed un mont\u00f3n de yogures diferentes, nata montada y un cubo de baba verde. Empiezo a cubrirme con el yogur, primero mi bonito vestido negro y luego mi cuerpo. Qu\u00e9 bien me cae por el cuerpo. Me quito el vestido para quedarme s\u00f3lo en ropa interior y me pongo a\u00fan m\u00e1s yogur en el cuerpo, luego cojo la nata montada, me cubro el co\u00f1o con ella y empiezo a masturbarme, primero con los dedos y luego con los dos consoladores. Tambi\u00e9n me lleno el co\u00f1o de nata montada antes de foll\u00e1rmelo. Al final utilizo todo lo que tengo, yogur, baba, nata montada, para cubrirme todo el cuerpo con ella, antes de follarme hasta alcanzar orgasmos m\u00faltiples.<\/p>","protected":false},"excerpt":{"rendered":"<p>I wanted to try out some new combinations so this time I got a lot of different yoghurts, whipped cream and a bucket of green slime. I begin in covering myself with the yoghurt, first my nice black dress then my body. It\u2019s feels so nice dripping down my body. I take off my dress [&hellip;]<\/p>\n","protected":false},"featured_media":199246,"comment_status":"open","ping_status":"closed","template":"","meta":{"_acf_changed":false,"site-sidebar-layout":"default","site-content-layout":"","ast-site-content-layout":"default","site-content-style":"default","site-sidebar-style":"default","ast-global-header-display":"","ast-banner-title-visibility":"","ast-main-header-display":"","ast-hfb-above-header-display":"","ast-hfb-below-header-display":"","ast-hfb-mobile-header-display":"","site-post-title":"","ast-breadcrumbs-content":"","ast-featured-img":"","footer-sml-layout":"","ast-disable-related-posts":"","theme-transparent-header-meta":"default","adv-header-id-meta":"","stick-header-meta":"","header-above-stick-meta":"","header-main-stick-meta":"","header-below-stick-meta":"","astra-migrate-meta-layouts":"set","ast-page-background-enabled":"default","ast-page-background-meta":{"desktop":{"background-color":"var(--ast-global-color-4)","background-image":"","background-repeat":"repeat","background-position":"center center","background-size":"auto","background-attachment":"scroll","background-type":"","background-media":"","overlay-type":"","overlay-color":"","overlay-opacity":"","overlay-gradient":""},"tablet":{"background-color":"","background-image":"","background-repeat":"repeat","background-position":"center center","background-size":"auto","background-attachment":"scroll","background-type":"","background-media":"","overlay-type":"","overlay-color":"","overlay-opacity":"","overlay-gradient":""},"mobile":{"background-color":"","background-image":"","background-repeat":"repeat","background-position":"center center","background-size":"auto","background-attachment":"scroll","background-type":"","background-media":"","overlay-type":"","overlay-color":"","overlay-opacity":"","overlay-gradient":""}},"ast-content-background-meta":{"desktop":{"background-color":"var(--ast-global-color-5)","background-image":"","background-repeat":"repeat","background-position":"center center","background-size":"auto","background-attachment":"scroll","background-type":"","background-media":"","overlay-type":"","overlay-color":"","overlay-opacity":"","overlay-gradient":""},"tablet":{"background-color":"var(--ast-global-color-5)","background-image":"","background-repeat":"repeat","background-position":"center center","background-size":"auto","background-attachment":"scroll","background-type":"","background-media":"","overlay-type":"","overlay-color":"","overlay-opacity":"","overlay-gradient":""},"mobile":{"background-color":"var(--ast-global-color-5)","background-image":"","background-repeat":"repeat","background-position":"center center","background-size":"auto","background-attachment":"scroll","background-type":"","background-media":"","overlay-type":"","overlay-color":"","overlay-opacity":"","overlay-gradient":""}}},"product_brand":[],"product_cat":[4470],"product_tag":[317,318,2632,316,3030,2513,334,4415,3523,2552,2419,3374,2841,2285,2206,2629,3174,65,35,32,4199,2650,3332,2832,4157,4342,2368,3233,1069,2205,4413,4414],"class_list":{"0":"post-154715","1":"product","2":"type-product","3":"status-publish","4":"has-post-thumbnail","6":"product_cat-videos","7":"product_tag-asshole","8":"product_tag-boobs","9":"product_tag-bra","10":"product_tag-cunt","11":"product_tag-download","12":"product_tag-dress","13":"product_tag-eating","14":"product_tag-fantasy-dildo","15":"product_tag-fingering","16":"product_tag-fucking","17":"product_tag-full-hd","18":"product_tag-horse-dildo","19":"product_tag-lyndra-lynn","20":"product_tag-masturbate","21":"product_tag-masturbation","22":"product_tag-messy","23":"product_tag-missionary","24":"product_tag-naked","25":"product_tag-orgasm","26":"product_tag-pussy","27":"product_tag-season-5","28":"product_tag-sensual","29":"product_tag-slime","30":"product_tag-smearing","31":"product_tag-sploshing","32":"product_tag-toy","33":"product_tag-ultra-hd","34":"product_tag-waifu","35":"product_tag-wam","36":"product_tag-wet-and-messy","37":"product_tag-whipped-cream","38":"product_tag-yoghurt","39":"pa_length-38-minutes","40":"pa_product-type-digital-download-full-hd-video","41":"pa_product-type-digital-download-ultra-hd-video","42":"pa_product-type-usb-stick","43":"pa_video-info-full-hd-1920x1080p","44":"pa_video-info-ultra-hd-4k","45":"desktop-align-center","46":"tablet-align-left","47":"mobile-align-left","49":"first","50":"instock","51":"shipping-taxable","52":"purchasable","53":"product-type-variable"},"exclude_global_add_ons":[],"addons":[],"acf":[],"yoast_head":"<!-- This site is optimized with the Yoast SEO Premium plugin v27.1 (Yoast SEO v27.1.1) - https:\/\/yoast.com\/product\/yoast-seo-premium-wordpress\/ -->\n<title>Lyndra Lynn Preferred Yoghurt Mix - ManureFetish<\/title>\n<meta name=\"description\" content=\"Lyndra Lynn Preferred Yoghurt Mix, covering herself with yoghurt whipped cream and slime and masturbating in it in her black dress and underwear.\" \/>\n<meta name=\"robots\" content=\"index, follow, max-snippet:-1, max-image-preview:large, max-video-preview:-1\" \/>\n<link rel=\"canonical\" href=\"https:\/\/manurefetish.com\/es\/shop\/videos\/lyndra-lynn-preferred-yoghurt-mix\/\" \/>\n<meta name=\"twitter:card\" content=\"summary_large_image\" \/>\n<meta name=\"twitter:title\" content=\"Lyndra Lynn Preferred Yoghurt Mix - ManureFetish\" \/>\n<meta name=\"twitter:description\" content=\"Lyndra Lynn Preferred Yoghurt Mix, covering herself with yoghurt whipped cream and slime and masturbating in it in her black dress and underwear.\" \/>\n<meta name=\"twitter:image\" content=\"https:\/\/manurefetish.b-cdn.net\/wp-content\/uploads\/2024\/11\/Lyndra-Lynn-Preffered-Joghurt-Mix.jpg\" \/>\n<meta name=\"twitter:site\" content=\"@Manurefetisch\" \/>\n<script type=\"application\/ld+json\" class=\"yoast-schema-graph\">{\"@context\":\"https:\/\/schema.org\",\"@graph\":[{\"@type\":\"WebPage\",\"@id\":\"https:\/\/manurefetish.com\/shop\/videos\/lyndra-lynn-preferred-yoghurt-mix\/\",\"url\":\"https:\/\/manurefetish.com\/shop\/videos\/lyndra-lynn-preferred-yoghurt-mix\/\",\"name\":\"Lyndra Lynn Preferred Yoghurt Mix - ManureFetish\",\"isPartOf\":{\"@id\":\"https:\/\/de.manurefetish.com\/#website\"},\"primaryImageOfPage\":{\"@id\":\"https:\/\/manurefetish.com\/shop\/videos\/lyndra-lynn-preferred-yoghurt-mix\/#primaryimage\"},\"image\":{\"@id\":\"https:\/\/manurefetish.com\/shop\/videos\/lyndra-lynn-preferred-yoghurt-mix\/#primaryimage\"},\"thumbnailUrl\":\"https:\/\/manurefetish.b-cdn.net\/wp-content\/uploads\/2024\/11\/Lyndra-Lynn-Preffered-Joghurt-Mix.jpg\",\"datePublished\":\"2024-11-23T15:58:47+00:00\",\"dateModified\":\"2026-03-24T14:16:33+00:00\",\"description\":\"Lyndra Lynn Preferred Yoghurt Mix, covering herself with yoghurt whipped cream and slime and masturbating in it in her black dress and underwear.\",\"breadcrumb\":{\"@id\":\"https:\/\/manurefetish.com\/shop\/videos\/lyndra-lynn-preferred-yoghurt-mix\/#breadcrumb\"},\"inLanguage\":\"es\",\"potentialAction\":[{\"@type\":\"ReadAction\",\"target\":[\"https:\/\/manurefetish.com\/shop\/videos\/lyndra-lynn-preferred-yoghurt-mix\/\"]}]},{\"@type\":\"ImageObject\",\"inLanguage\":\"es\",\"@id\":\"https:\/\/manurefetish.com\/shop\/videos\/lyndra-lynn-preferred-yoghurt-mix\/#primaryimage\",\"url\":\"https:\/\/manurefetish.b-cdn.net\/wp-content\/uploads\/2024\/11\/Lyndra-Lynn-Preffered-Joghurt-Mix.jpg\",\"contentUrl\":\"https:\/\/manurefetish.b-cdn.net\/wp-content\/uploads\/2024\/11\/Lyndra-Lynn-Preffered-Joghurt-Mix.jpg\",\"width\":1728,\"height\":576},{\"@type\":\"BreadcrumbList\",\"@id\":\"https:\/\/manurefetish.com\/shop\/videos\/lyndra-lynn-preferred-yoghurt-mix\/#breadcrumb\",\"itemListElement\":[{\"@type\":\"ListItem\",\"position\":1,\"name\":\"Home\",\"item\":\"https:\/\/manurefetish.com\/\"},{\"@type\":\"ListItem\",\"position\":2,\"name\":\"Shop\",\"item\":\"https:\/\/manurefetish.com\/shop\/\"},{\"@type\":\"ListItem\",\"position\":3,\"name\":\"Videos\",\"item\":\"https:\/\/manurefetish.com\/product-category\/videos\/\"},{\"@type\":\"ListItem\",\"position\":4,\"name\":\"Lyndra Lynn Preferred Yoghurt Mix\"}]},{\"@type\":\"WebSite\",\"@id\":\"https:\/\/de.manurefetish.com\/#website\",\"url\":\"https:\/\/de.manurefetish.com\/\",\"name\":\"ManureFetish\",\"description\":\"ManureFetish Shop\",\"publisher\":{\"@id\":\"https:\/\/de.manurefetish.com\/#organization\"},\"potentialAction\":[{\"@type\":\"SearchAction\",\"target\":{\"@type\":\"EntryPoint\",\"urlTemplate\":\"https:\/\/de.manurefetish.com\/?s={search_term_string}\"},\"query-input\":{\"@type\":\"PropertyValueSpecification\",\"valueRequired\":true,\"valueName\":\"search_term_string\"}}],\"inLanguage\":\"es\"},{\"@type\":\"Organization\",\"@id\":\"https:\/\/de.manurefetish.com\/#organization\",\"name\":\"ManureFetish.com\",\"url\":\"https:\/\/de.manurefetish.com\/\",\"logo\":{\"@type\":\"ImageObject\",\"inLanguage\":\"es\",\"@id\":\"https:\/\/de.manurefetish.com\/#\/schema\/logo\/image\/\",\"url\":\"https:\/\/manurefetish.com\/wp-content\/uploads\/2019\/06\/1000xmanurefetishcom-michaela-logo-website-shop.png\",\"contentUrl\":\"https:\/\/manurefetish.com\/wp-content\/uploads\/2019\/06\/1000xmanurefetishcom-michaela-logo-website-shop.png\",\"width\":1000,\"height\":632,\"caption\":\"ManureFetish.com\"},\"image\":{\"@id\":\"https:\/\/de.manurefetish.com\/#\/schema\/logo\/image\/\"},\"sameAs\":[\"https:\/\/www.facebook.com\/manurefetish\/\",\"https:\/\/x.com\/Manurefetisch\",\"https:\/\/www.youtube.com\/c\/ManureFetish\"],\"description\":\"We're creating various fetish content with female and male models alike.\",\"foundingDate\":\"2019-07-04\",\"vatID\":\"DE366928521\",\"numberOfEmployees\":{\"@type\":\"QuantitativeValue\",\"minValue\":\"1\",\"maxValue\":\"10\"}}]}<\/script>\n<meta property=\"og:availability\" content=\"instock\" \/>\n<meta property=\"product:availability\" content=\"instock\" \/>\n<meta property=\"product:retailer_item_id\" content=\"MFW-LL-PYM\" \/>\n<meta property=\"product:condition\" content=\"new\" \/>\n<!-- \/ Yoast SEO Premium plugin. -->","yoast_head_json":{"title":"Lyndra Lynn Mezcla de yogur preferida - ManureFetish","description":"Lyndra Lynn prefiri\u00f3 Yoghurt Mix, cubri\u00e9ndose de nata montada y baba de yogur y masturb\u00e1ndose en ella con su vestido y ropa interior negros.","robots":{"index":"index","follow":"follow","max-snippet":"max-snippet:-1","max-image-preview":"max-image-preview:large","max-video-preview":"max-video-preview:-1"},"canonical":"https:\/\/manurefetish.com\/es\/shop\/videos\/lyndra-lynn-preferred-yoghurt-mix\/","twitter_card":"summary_large_image","twitter_title":"Lyndra Lynn Preferred Yoghurt Mix - ManureFetish","twitter_description":"Lyndra Lynn Preferred Yoghurt Mix, covering herself with yoghurt whipped cream and slime and masturbating in it in her black dress and underwear.","twitter_image":"https:\/\/manurefetish.b-cdn.net\/wp-content\/uploads\/2024\/11\/Lyndra-Lynn-Preffered-Joghurt-Mix.jpg","twitter_site":"@Manurefetisch","schema":{"@context":"https:\/\/schema.org","@graph":[{"@type":"WebPage","@id":"https:\/\/manurefetish.com\/shop\/videos\/lyndra-lynn-preferred-yoghurt-mix\/","url":"https:\/\/manurefetish.com\/shop\/videos\/lyndra-lynn-preferred-yoghurt-mix\/","name":"Lyndra Lynn Mezcla de yogur preferida - ManureFetish","isPartOf":{"@id":"https:\/\/de.manurefetish.com\/#website"},"primaryImageOfPage":{"@id":"https:\/\/manurefetish.com\/shop\/videos\/lyndra-lynn-preferred-yoghurt-mix\/#primaryimage"},"image":{"@id":"https:\/\/manurefetish.com\/shop\/videos\/lyndra-lynn-preferred-yoghurt-mix\/#primaryimage"},"thumbnailUrl":"https:\/\/manurefetish.b-cdn.net\/wp-content\/uploads\/2024\/11\/Lyndra-Lynn-Preffered-Joghurt-Mix.jpg","datePublished":"2024-11-23T15:58:47+00:00","dateModified":"2026-03-24T14:16:33+00:00","description":"Lyndra Lynn prefiri\u00f3 Yoghurt Mix, cubri\u00e9ndose de nata montada y baba de yogur y masturb\u00e1ndose en ella con su vestido y ropa interior negros.","breadcrumb":{"@id":"https:\/\/manurefetish.com\/shop\/videos\/lyndra-lynn-preferred-yoghurt-mix\/#breadcrumb"},"inLanguage":"es","potentialAction":[{"@type":"ReadAction","target":["https:\/\/manurefetish.com\/shop\/videos\/lyndra-lynn-preferred-yoghurt-mix\/"]}]},{"@type":"ImageObject","inLanguage":"es","@id":"https:\/\/manurefetish.com\/shop\/videos\/lyndra-lynn-preferred-yoghurt-mix\/#primaryimage","url":"https:\/\/manurefetish.b-cdn.net\/wp-content\/uploads\/2024\/11\/Lyndra-Lynn-Preffered-Joghurt-Mix.jpg","contentUrl":"https:\/\/manurefetish.b-cdn.net\/wp-content\/uploads\/2024\/11\/Lyndra-Lynn-Preffered-Joghurt-Mix.jpg","width":1728,"height":576},{"@type":"BreadcrumbList","@id":"https:\/\/manurefetish.com\/shop\/videos\/lyndra-lynn-preferred-yoghurt-mix\/#breadcrumb","itemListElement":[{"@type":"ListItem","position":1,"name":"Home","item":"https:\/\/manurefetish.com\/"},{"@type":"ListItem","position":2,"name":"Shop","item":"https:\/\/manurefetish.com\/shop\/"},{"@type":"ListItem","position":3,"name":"Videos","item":"https:\/\/manurefetish.com\/product-category\/videos\/"},{"@type":"ListItem","position":4,"name":"Lyndra Lynn Preferred Yoghurt Mix"}]},{"@type":"WebSite","@id":"https:\/\/de.manurefetish.com\/#website","url":"https:\/\/de.manurefetish.com\/","name":"ManureFetish","description":"ManureFetish","publisher":{"@id":"https:\/\/de.manurefetish.com\/#organization"},"potentialAction":[{"@type":"SearchAction","target":{"@type":"EntryPoint","urlTemplate":"https:\/\/de.manurefetish.com\/?s={search_term_string}"},"query-input":{"@type":"PropertyValueSpecification","valueRequired":true,"valueName":"search_term_string"}}],"inLanguage":"es"},{"@type":"Organization","@id":"https:\/\/de.manurefetish.com\/#organization","name":"ManureFetish.com","url":"https:\/\/de.manurefetish.com\/","logo":{"@type":"ImageObject","inLanguage":"es","@id":"https:\/\/de.manurefetish.com\/#\/schema\/logo\/image\/","url":"https:\/\/manurefetish.com\/wp-content\/uploads\/2019\/06\/1000xmanurefetishcom-michaela-logo-website-shop.png","contentUrl":"https:\/\/manurefetish.com\/wp-content\/uploads\/2019\/06\/1000xmanurefetishcom-michaela-logo-website-shop.png","width":1000,"height":632,"caption":"ManureFetish.com"},"image":{"@id":"https:\/\/de.manurefetish.com\/#\/schema\/logo\/image\/"},"sameAs":["https:\/\/www.facebook.com\/manurefetish\/","https:\/\/x.com\/Manurefetisch","https:\/\/www.youtube.com\/c\/ManureFetish"],"description":"Estamos creando diversos contenidos fetichistas con modelos femeninos y masculinos por igual.","foundingDate":"2019-07-04","vatID":"DE366928521","numberOfEmployees":{"@type":"QuantitativeValue","minValue":"1","maxValue":"10"}}]},"og_availability":"instock","product_availability":"instock","product_retailer_item_id":"MFW-LL-PYM","product_condition":"new"},"_links":{"self":[{"href":"https:\/\/manurefetish.com\/es\/wp-json\/wp\/v2\/product\/154715","targetHints":{"allow":["GET"]}}],"collection":[{"href":"https:\/\/manurefetish.com\/es\/wp-json\/wp\/v2\/product"}],"about":[{"href":"https:\/\/manurefetish.com\/es\/wp-json\/wp\/v2\/types\/product"}],"replies":[{"embeddable":true,"href":"https:\/\/manurefetish.com\/es\/wp-json\/wp\/v2\/comments?post=154715"}],"version-history":[{"count":0,"href":"https:\/\/manurefetish.com\/es\/wp-json\/wp\/v2\/product\/154715\/revisions"}],"wp:featuredmedia":[{"embeddable":true,"href":"https:\/\/manurefetish.com\/es\/wp-json\/wp\/v2\/media\/199246"}],"wp:attachment":[{"href":"https:\/\/manurefetish.com\/es\/wp-json\/wp\/v2\/media?parent=154715"}],"wp:term":[{"taxonomy":"product_brand","embeddable":true,"href":"https:\/\/manurefetish.com\/es\/wp-json\/wp\/v2\/product_brand?post=154715"},{"taxonomy":"product_cat","embeddable":true,"href":"https:\/\/manurefetish.com\/es\/wp-json\/wp\/v2\/product_cat?post=154715"},{"taxonomy":"product_tag","embeddable":true,"href":"https:\/\/manurefetish.com\/es\/wp-json\/wp\/v2\/product_tag?post=154715"}],"curies":[{"name":"wp","href":"https:\/\/api.w.org\/{rel}","templated":true}]}}