{"id":151164,"date":"2024-10-20T20:20:31","date_gmt":"2024-10-20T18:20:31","guid":{"rendered":"https:\/\/manurefetish.com\/?post_type=product&#038;p=151164"},"modified":"2026-04-13T15:49:26","modified_gmt":"2026-04-13T13:49:26","slug":"devilish-seduction","status":"publish","type":"product","link":"https:\/\/manurefetish.com\/es\/shop\/videos\/devilish-seduction\/","title":{"rendered":"Seducci\u00f3n diab\u00f3lica"},"content":{"rendered":"<p><span style=\"font-weight: 400;\">Brooke Maddison the dark angel loves every messy and wicked. She always had her eyes on the innocent angel Anjel. She has a plan to seduce her and to make her fall for the scent and filthiness of cowshit. As Brooke strolls through the cowshed, she calls for Angel Maria Anjel, it takes a few moments till Anjel appears. Brooke begins to seduce her with her warm and tempting voice. She tells Anjel that she will guide her and she only needs to listen to her voice. As she slowly covers Anjel with the creamy cowshit. Anjel listens to her every word, as she smears cowshit over herself and also on Brooke. Brooke tells her to slowly slide in the manure channel for the next step. Bit by bit she gets kinkier as she listens to Brooke guiding her through this experience. Both are sitting on the edge of the manure channel and Brooke has got Anjel to start masturbating. She begins to enjoy it, being in all that filth being guided by Brooke&#8217;s voice and embracing the filthiness. She falls for the temptation of the dark Angel, as they progress she gets totally engulfed in her spell and also the cowshit. In the end they are the same, completely covered in cowshit, masturbating and fucking, till they hear the voice.<\/span><\/p>","protected":false},"excerpt":{"rendered":"<p>Brooke Maddison the dark angel loves every messy and wicked. She always had her eyes on the innocent angel Anjel. She has a plan to seduce her and to make her fall for the scent and filthiness of cowshit. As Brooke strolls through the cowshed, she calls for Angel Maria Anjel, it takes a few [&hellip;]<\/p>\n","protected":false},"featured_media":199253,"comment_status":"open","ping_status":"closed","template":"","meta":{"_acf_changed":false,"site-sidebar-layout":"default","site-content-layout":"","ast-site-content-layout":"default","site-content-style":"default","site-sidebar-style":"default","ast-global-header-display":"","ast-banner-title-visibility":"","ast-main-header-display":"","ast-hfb-above-header-display":"","ast-hfb-below-header-display":"","ast-hfb-mobile-header-display":"","site-post-title":"","ast-breadcrumbs-content":"","ast-featured-img":"","footer-sml-layout":"","ast-disable-related-posts":"","theme-transparent-header-meta":"default","adv-header-id-meta":"","stick-header-meta":"","header-above-stick-meta":"","header-main-stick-meta":"","header-below-stick-meta":"","astra-migrate-meta-layouts":"set","ast-page-background-enabled":"default","ast-page-background-meta":{"desktop":{"background-color":"var(--ast-global-color-4)","background-image":"","background-repeat":"repeat","background-position":"center center","background-size":"auto","background-attachment":"scroll","background-type":"","background-media":"","overlay-type":"","overlay-color":"","overlay-opacity":"","overlay-gradient":""},"tablet":{"background-color":"","background-image":"","background-repeat":"repeat","background-position":"center center","background-size":"auto","background-attachment":"scroll","background-type":"","background-media":"","overlay-type":"","overlay-color":"","overlay-opacity":"","overlay-gradient":""},"mobile":{"background-color":"","background-image":"","background-repeat":"repeat","background-position":"center center","background-size":"auto","background-attachment":"scroll","background-type":"","background-media":"","overlay-type":"","overlay-color":"","overlay-opacity":"","overlay-gradient":""}},"ast-content-background-meta":{"desktop":{"background-color":"var(--ast-global-color-5)","background-image":"","background-repeat":"repeat","background-position":"center center","background-size":"auto","background-attachment":"scroll","background-type":"","background-media":"","overlay-type":"","overlay-color":"","overlay-opacity":"","overlay-gradient":""},"tablet":{"background-color":"var(--ast-global-color-5)","background-image":"","background-repeat":"repeat","background-position":"center center","background-size":"auto","background-attachment":"scroll","background-type":"","background-media":"","overlay-type":"","overlay-color":"","overlay-opacity":"","overlay-gradient":""},"mobile":{"background-color":"var(--ast-global-color-5)","background-image":"","background-repeat":"repeat","background-position":"center center","background-size":"auto","background-attachment":"scroll","background-type":"","background-media":"","overlay-type":"","overlay-color":"","overlay-opacity":"","overlay-gradient":""}}},"product_brand":[],"product_cat":[4470],"product_tag":[4300,17,4402,4405,4196,317,318,3952,2551,2621,2558,118,3830,316,4404,4403,64,3030,20,2624,3523,4139,2419,2707,18,4301,2285,2206,2629,65,35,32,3583,4199,4407,2650,4482,3512,3778,24,2832,29,4280,4406,319,4281,2368,2945,4408],"class_list":{"0":"post-151164","1":"product","2":"type-product","3":"status-publish","4":"has-post-thumbnail","6":"product_cat-videos","7":"product_tag-alt-anjel","8":"product_tag-anal","9":"product_tag-angel","10":"product_tag-angel-and-devil","11":"product_tag-animal-scat","12":"product_tag-asshole","13":"product_tag-boobs","14":"product_tag-brooke-maddison","15":"product_tag-couple","16":"product_tag-cow-dung","17":"product_tag-cowgirl","18":"product_tag-cowshed","19":"product_tag-cowshit","20":"product_tag-cunt","21":"product_tag-dark-angel","22":"product_tag-devil","23":"product_tag-dildo","24":"product_tag-download","25":"product_tag-dung","26":"product_tag-farm","27":"product_tag-fingering","28":"product_tag-first-time","29":"product_tag-full-hd","30":"product_tag-lesbian","31":"product_tag-manure","32":"product_tag-maria-anjel","33":"product_tag-masturbate","34":"product_tag-masturbation","35":"product_tag-messy","36":"product_tag-naked","37":"product_tag-orgasm","38":"product_tag-pussy","39":"product_tag-pyjama","40":"product_tag-season-5","41":"product_tag-seduction","42":"product_tag-sensual","43":"product_tag-sex-in-cowshit","44":"product_tag-sextoy","45":"product_tag-sextoys-2","46":"product_tag-slurry","47":"product_tag-smearing","48":"product_tag-submerging","49":"product_tag-sucking","50":"product_tag-temptation","51":"product_tag-tits","52":"product_tag-toes","53":"product_tag-ultra-hd","54":"product_tag-vibrator","55":"product_tag-wings","56":"pa_length-48-minutes","57":"pa_product-type-digital-download-full-hd-video","58":"pa_product-type-digital-download-ultra-hd-video","59":"pa_product-type-usb-stick","60":"pa_video-info-full-hd-1920x1080p","61":"pa_video-info-ultra-hd-4k","62":"desktop-align-center","63":"tablet-align-left","64":"mobile-align-left","66":"first","67":"instock","68":"shipping-taxable","69":"purchasable","70":"product-type-variable"},"exclude_global_add_ons":[],"addons":[],"acf":[],"yoast_head":"<!-- This site is optimized with the Yoast SEO Premium plugin v27.1 (Yoast SEO v27.1.1) - https:\/\/yoast.com\/product\/yoast-seo-premium-wordpress\/ -->\n<title>Devilish Seduction - ManureFetish<\/title>\n<meta name=\"description\" content=\"Devilish Seduction, Brooke Maddison the dark angel seduces the Angel Maria Anjel with her spell, to masturbate together in cowshit.\" \/>\n<meta name=\"robots\" content=\"index, follow, max-snippet:-1, max-image-preview:large, max-video-preview:-1\" \/>\n<link rel=\"canonical\" href=\"https:\/\/manurefetish.com\/es\/shop\/videos\/devilish-seduction\/\" \/>\n<meta property=\"og:locale\" content=\"es_ES\" \/>\n<meta property=\"og:type\" content=\"article\" \/>\n<meta property=\"og:title\" content=\"Devilish Seduction\" \/>\n<meta property=\"og:description\" content=\"Devilish Seduction, Brooke Maddison the dark angel seduces the Angel Maria Anjel with her spell, to masturbate together in cowshit.\" \/>\n<meta property=\"og:url\" content=\"https:\/\/manurefetish.com\/es\/shop\/videos\/devilish-seduction\/\" \/>\n<meta property=\"og:site_name\" content=\"ManureFetish\" \/>\n<meta property=\"article:publisher\" content=\"https:\/\/www.facebook.com\/manurefetish\/\" \/>\n<meta property=\"article:modified_time\" content=\"2026-04-13T13:49:26+00:00\" \/>\n<meta property=\"og:image\" content=\"https:\/\/manurefetish.com\/wp-content\/uploads\/2024\/10\/Devilish-Seduction.jpg\" \/>\n\t<meta property=\"og:image:width\" content=\"1728\" \/>\n\t<meta property=\"og:image:height\" content=\"576\" \/>\n\t<meta property=\"og:image:type\" content=\"image\/jpeg\" \/>\n<meta name=\"twitter:card\" content=\"summary_large_image\" \/>\n<meta name=\"twitter:site\" content=\"@Manurefetisch\" \/>\n<script type=\"application\/ld+json\" class=\"yoast-schema-graph\">{\"@context\":\"https:\/\/schema.org\",\"@graph\":[{\"@type\":\"WebPage\",\"@id\":\"https:\/\/manurefetish.com\/shop\/videos\/devilish-seduction\/\",\"url\":\"https:\/\/manurefetish.com\/shop\/videos\/devilish-seduction\/\",\"name\":\"Devilish Seduction - ManureFetish\",\"isPartOf\":{\"@id\":\"https:\/\/manurefetish.com\/#website\"},\"primaryImageOfPage\":{\"@id\":\"https:\/\/manurefetish.com\/shop\/videos\/devilish-seduction\/#primaryimage\"},\"image\":{\"@id\":\"https:\/\/manurefetish.com\/shop\/videos\/devilish-seduction\/#primaryimage\"},\"thumbnailUrl\":\"https:\/\/manurefetish.b-cdn.net\/wp-content\/uploads\/2024\/10\/Devilish-Seduction.jpg\",\"datePublished\":\"2024-10-20T18:20:31+00:00\",\"dateModified\":\"2026-04-13T13:49:26+00:00\",\"description\":\"Devilish Seduction, Brooke Maddison the dark angel seduces the Angel Maria Anjel with her spell, to masturbate together in cowshit.\",\"breadcrumb\":{\"@id\":\"https:\/\/manurefetish.com\/shop\/videos\/devilish-seduction\/#breadcrumb\"},\"inLanguage\":\"es\",\"potentialAction\":[{\"@type\":\"ReadAction\",\"target\":[\"https:\/\/manurefetish.com\/shop\/videos\/devilish-seduction\/\"]}]},{\"@type\":\"ImageObject\",\"inLanguage\":\"es\",\"@id\":\"https:\/\/manurefetish.com\/shop\/videos\/devilish-seduction\/#primaryimage\",\"url\":\"https:\/\/manurefetish.b-cdn.net\/wp-content\/uploads\/2024\/10\/Devilish-Seduction.jpg\",\"contentUrl\":\"https:\/\/manurefetish.b-cdn.net\/wp-content\/uploads\/2024\/10\/Devilish-Seduction.jpg\",\"width\":1728,\"height\":576},{\"@type\":\"BreadcrumbList\",\"@id\":\"https:\/\/manurefetish.com\/shop\/videos\/devilish-seduction\/#breadcrumb\",\"itemListElement\":[{\"@type\":\"ListItem\",\"position\":1,\"name\":\"Home\",\"item\":\"https:\/\/manurefetish.com\/\"},{\"@type\":\"ListItem\",\"position\":2,\"name\":\"Shop\",\"item\":\"https:\/\/manurefetish.com\/shop\/\"},{\"@type\":\"ListItem\",\"position\":3,\"name\":\"Videos\",\"item\":\"https:\/\/manurefetish.com\/product-category\/videos\/\"},{\"@type\":\"ListItem\",\"position\":4,\"name\":\"Devilish Seduction\"}]},{\"@type\":\"WebSite\",\"@id\":\"https:\/\/manurefetish.com\/#website\",\"url\":\"https:\/\/manurefetish.com\/\",\"name\":\"ManureFetish\",\"description\":\"ManureFetish Shop\",\"publisher\":{\"@id\":\"https:\/\/manurefetish.com\/#organization\"},\"potentialAction\":[{\"@type\":\"SearchAction\",\"target\":{\"@type\":\"EntryPoint\",\"urlTemplate\":\"https:\/\/manurefetish.com\/?s={search_term_string}\"},\"query-input\":{\"@type\":\"PropertyValueSpecification\",\"valueRequired\":true,\"valueName\":\"search_term_string\"}}],\"inLanguage\":\"es\"},{\"@type\":\"Organization\",\"@id\":\"https:\/\/manurefetish.com\/#organization\",\"name\":\"ManureFetish.com\",\"url\":\"https:\/\/manurefetish.com\/\",\"logo\":{\"@type\":\"ImageObject\",\"inLanguage\":\"es\",\"@id\":\"https:\/\/manurefetish.com\/#\/schema\/logo\/image\/\",\"url\":\"https:\/\/manurefetish.com\/wp-content\/uploads\/2019\/06\/1000xmanurefetishcom-michaela-logo-website-shop.png\",\"contentUrl\":\"https:\/\/manurefetish.com\/wp-content\/uploads\/2019\/06\/1000xmanurefetishcom-michaela-logo-website-shop.png\",\"width\":1000,\"height\":632,\"caption\":\"ManureFetish.com\"},\"image\":{\"@id\":\"https:\/\/manurefetish.com\/#\/schema\/logo\/image\/\"},\"sameAs\":[\"https:\/\/www.facebook.com\/manurefetish\/\",\"https:\/\/x.com\/Manurefetisch\",\"https:\/\/www.youtube.com\/c\/ManureFetish\"],\"description\":\"We're creating various fetish content with female and male models alike.\",\"foundingDate\":\"2019-07-04\",\"vatID\":\"DE366928521\",\"numberOfEmployees\":{\"@type\":\"QuantitativeValue\",\"minValue\":\"1\",\"maxValue\":\"10\"}}]}<\/script>\n<meta property=\"og:availability\" content=\"instock\" \/>\n<meta property=\"product:availability\" content=\"instock\" \/>\n<meta property=\"product:retailer_item_id\" content=\"MFW-DESE\" \/>\n<meta property=\"product:condition\" content=\"new\" \/>\n<!-- \/ Yoast SEO Premium plugin. -->","yoast_head_json":{"title":"Seducci\u00f3n diab\u00f3lica - ManureFetish","description":"Seducci\u00f3n diab\u00f3lica, Brooke Maddison el \u00e1ngel oscuro seduce con su hechizo al \u00e1ngel Mar\u00eda Anjel, para masturbarse juntos en la mierda de vaca.","robots":{"index":"index","follow":"follow","max-snippet":"max-snippet:-1","max-image-preview":"max-image-preview:large","max-video-preview":"max-video-preview:-1"},"canonical":"https:\/\/manurefetish.com\/es\/shop\/videos\/devilish-seduction\/","og_locale":"es_ES","og_type":"article","og_title":"Devilish Seduction","og_description":"Devilish Seduction, Brooke Maddison the dark angel seduces the Angel Maria Anjel with her spell, to masturbate together in cowshit.","og_url":"https:\/\/manurefetish.com\/es\/shop\/videos\/devilish-seduction\/","og_site_name":"ManureFetish","article_publisher":"https:\/\/www.facebook.com\/manurefetish\/","article_modified_time":"2026-04-13T13:49:26+00:00","og_image":[{"width":1728,"height":576,"url":"https:\/\/manurefetish.com\/wp-content\/uploads\/2024\/10\/Devilish-Seduction.jpg","type":"image\/jpeg"}],"twitter_card":"summary_large_image","twitter_site":"@Manurefetisch","schema":{"@context":"https:\/\/schema.org","@graph":[{"@type":"WebPage","@id":"https:\/\/manurefetish.com\/shop\/videos\/devilish-seduction\/","url":"https:\/\/manurefetish.com\/shop\/videos\/devilish-seduction\/","name":"Seducci\u00f3n diab\u00f3lica - ManureFetish","isPartOf":{"@id":"https:\/\/manurefetish.com\/#website"},"primaryImageOfPage":{"@id":"https:\/\/manurefetish.com\/shop\/videos\/devilish-seduction\/#primaryimage"},"image":{"@id":"https:\/\/manurefetish.com\/shop\/videos\/devilish-seduction\/#primaryimage"},"thumbnailUrl":"https:\/\/manurefetish.b-cdn.net\/wp-content\/uploads\/2024\/10\/Devilish-Seduction.jpg","datePublished":"2024-10-20T18:20:31+00:00","dateModified":"2026-04-13T13:49:26+00:00","description":"Seducci\u00f3n diab\u00f3lica, Brooke Maddison el \u00e1ngel oscuro seduce con su hechizo al \u00e1ngel Mar\u00eda Anjel, para masturbarse juntos en la mierda de vaca.","breadcrumb":{"@id":"https:\/\/manurefetish.com\/shop\/videos\/devilish-seduction\/#breadcrumb"},"inLanguage":"es","potentialAction":[{"@type":"ReadAction","target":["https:\/\/manurefetish.com\/shop\/videos\/devilish-seduction\/"]}]},{"@type":"ImageObject","inLanguage":"es","@id":"https:\/\/manurefetish.com\/shop\/videos\/devilish-seduction\/#primaryimage","url":"https:\/\/manurefetish.b-cdn.net\/wp-content\/uploads\/2024\/10\/Devilish-Seduction.jpg","contentUrl":"https:\/\/manurefetish.b-cdn.net\/wp-content\/uploads\/2024\/10\/Devilish-Seduction.jpg","width":1728,"height":576},{"@type":"BreadcrumbList","@id":"https:\/\/manurefetish.com\/shop\/videos\/devilish-seduction\/#breadcrumb","itemListElement":[{"@type":"ListItem","position":1,"name":"Home","item":"https:\/\/manurefetish.com\/"},{"@type":"ListItem","position":2,"name":"Shop","item":"https:\/\/manurefetish.com\/shop\/"},{"@type":"ListItem","position":3,"name":"Videos","item":"https:\/\/manurefetish.com\/product-category\/videos\/"},{"@type":"ListItem","position":4,"name":"Devilish Seduction"}]},{"@type":"WebSite","@id":"https:\/\/manurefetish.com\/#website","url":"https:\/\/manurefetish.com\/","name":"ManureFetish","description":"ManureFetish","publisher":{"@id":"https:\/\/manurefetish.com\/#organization"},"potentialAction":[{"@type":"SearchAction","target":{"@type":"EntryPoint","urlTemplate":"https:\/\/manurefetish.com\/?s={search_term_string}"},"query-input":{"@type":"PropertyValueSpecification","valueRequired":true,"valueName":"search_term_string"}}],"inLanguage":"es"},{"@type":"Organization","@id":"https:\/\/manurefetish.com\/#organization","name":"ManureFetish.com","url":"https:\/\/manurefetish.com\/","logo":{"@type":"ImageObject","inLanguage":"es","@id":"https:\/\/manurefetish.com\/#\/schema\/logo\/image\/","url":"https:\/\/manurefetish.com\/wp-content\/uploads\/2019\/06\/1000xmanurefetishcom-michaela-logo-website-shop.png","contentUrl":"https:\/\/manurefetish.com\/wp-content\/uploads\/2019\/06\/1000xmanurefetishcom-michaela-logo-website-shop.png","width":1000,"height":632,"caption":"ManureFetish.com"},"image":{"@id":"https:\/\/manurefetish.com\/#\/schema\/logo\/image\/"},"sameAs":["https:\/\/www.facebook.com\/manurefetish\/","https:\/\/x.com\/Manurefetisch","https:\/\/www.youtube.com\/c\/ManureFetish"],"description":"Estamos creando diversos contenidos fetichistas con modelos femeninos y masculinos por igual.","foundingDate":"2019-07-04","vatID":"DE366928521","numberOfEmployees":{"@type":"QuantitativeValue","minValue":"1","maxValue":"10"}}]},"og_availability":"instock","product_availability":"instock","product_retailer_item_id":"MFW-DESE","product_condition":"new"},"_links":{"self":[{"href":"https:\/\/manurefetish.com\/es\/wp-json\/wp\/v2\/product\/151164","targetHints":{"allow":["GET"]}}],"collection":[{"href":"https:\/\/manurefetish.com\/es\/wp-json\/wp\/v2\/product"}],"about":[{"href":"https:\/\/manurefetish.com\/es\/wp-json\/wp\/v2\/types\/product"}],"replies":[{"embeddable":true,"href":"https:\/\/manurefetish.com\/es\/wp-json\/wp\/v2\/comments?post=151164"}],"version-history":[{"count":0,"href":"https:\/\/manurefetish.com\/es\/wp-json\/wp\/v2\/product\/151164\/revisions"}],"wp:featuredmedia":[{"embeddable":true,"href":"https:\/\/manurefetish.com\/es\/wp-json\/wp\/v2\/media\/199253"}],"wp:attachment":[{"href":"https:\/\/manurefetish.com\/es\/wp-json\/wp\/v2\/media?parent=151164"}],"wp:term":[{"taxonomy":"product_brand","embeddable":true,"href":"https:\/\/manurefetish.com\/es\/wp-json\/wp\/v2\/product_brand?post=151164"},{"taxonomy":"product_cat","embeddable":true,"href":"https:\/\/manurefetish.com\/es\/wp-json\/wp\/v2\/product_cat?post=151164"},{"taxonomy":"product_tag","embeddable":true,"href":"https:\/\/manurefetish.com\/es\/wp-json\/wp\/v2\/product_tag?post=151164"}],"curies":[{"name":"wp","href":"https:\/\/api.w.org\/{rel}","templated":true}]}}