{"id":147998,"date":"2024-10-06T20:29:26","date_gmt":"2024-10-06T18:29:26","guid":{"rendered":"https:\/\/manurefetish.com\/?post_type=product&#038;p=147998"},"modified":"2026-03-24T15:16:56","modified_gmt":"2026-03-24T14:16:56","slug":"kaitlyn-katsaros-farmhand-gone-wrong","status":"publish","type":"product","link":"https:\/\/manurefetish.com\/es\/shop\/videos\/kaitlyn-katsaros-farmhand-gone-wrong\/","title":{"rendered":"Kaitlyn Katsaros Granjero que se equivoca"},"content":{"rendered":"<p>Kaitlyn Katsaros es contratada como nueva granjera por Lyndra Lynn. En su primer d\u00eda Kaitlyn recibe su primera tarea, limpiar una de las cajas abiertas para las vacas. Kaitlyn no ha hecho ning\u00fan trabajo de granja en su vida y utiliza sus manos para recoger el cowshit. Lyndra vuelve y ve c\u00f3mo intenta miserablemente limpiar la mierda con las manos. Inmediatamente se pone furiosa por lo est\u00fapida que puede llegar a ser una persona y empieza a darle una lecci\u00f3n. Empieza a darle bofetadas y pu\u00f1etazos en la cara y luego la empuja hacia abajo en el cowshit. Lyndra la arrastra por el pelo hasta el canal manure y la empuja dentro. Le ata el pelo a la rejilla met\u00e1lica y contin\u00faa abofete\u00e1ndole la cara. Lyndra se aleja para coger una lechera y hacer que Kaitlyn beba mucha leche, hasta el punto de que casi tiene que vomitar. Kaitlyn tiene su propio taz\u00f3n donde ahora tiene que vomitar. Ahora con todo ese v\u00f3mito en el taz\u00f3n, Lyndra a\u00f1ade su propio pis a la mezcla, mientras que tambi\u00e9n orina sobre Kaitlyn directamente. Ahora Kaitlyn tiene que beber la mezcla de v\u00f3mito, cowshit y pis. Casi no puede soportarlo y empieza a vomitar de nuevo.<br \/>\nLyndra la agarra del pelo y la arrastra fuera del canal manure. Ahora se divierte mucho con Kaitlyn, antes de follarle el culo y el co\u00f1o con diferentes juguetes, Kaitlyn tiene que comerse su propio vello p\u00fabico que Lyndra le arranca a la fuerza, lo mismo con el vello de la axila. Ella tira de ambos puntos y Kaitlyn tiene que comerlo. Kaitlyn se merece su castigo por todo el mal trabajo que hizo.<\/p>","protected":false},"excerpt":{"rendered":"<p>Kaitlyn Katsaros is hired as a new farmhand by Lyndra Lynn. On her first day Kaitlyn gets her first task, to clean one of the open boxes for cows. Kaitlyn never did any farmwork in her life and used her hands to scoop up the cowshit. Lyndra comes back and sees how she miserably tries [&hellip;]<\/p>\n","protected":false},"featured_media":199256,"comment_status":"open","ping_status":"closed","template":"","meta":{"_acf_changed":false,"site-sidebar-layout":"default","site-content-layout":"","ast-site-content-layout":"default","site-content-style":"default","site-sidebar-style":"default","ast-global-header-display":"","ast-banner-title-visibility":"","ast-main-header-display":"","ast-hfb-above-header-display":"","ast-hfb-below-header-display":"","ast-hfb-mobile-header-display":"","site-post-title":"","ast-breadcrumbs-content":"","ast-featured-img":"","footer-sml-layout":"","ast-disable-related-posts":"","theme-transparent-header-meta":"default","adv-header-id-meta":"","stick-header-meta":"","header-above-stick-meta":"","header-main-stick-meta":"","header-below-stick-meta":"","astra-migrate-meta-layouts":"set","ast-page-background-enabled":"default","ast-page-background-meta":{"desktop":{"background-color":"var(--ast-global-color-4)","background-image":"","background-repeat":"repeat","background-position":"center center","background-size":"auto","background-attachment":"scroll","background-type":"","background-media":"","overlay-type":"","overlay-color":"","overlay-opacity":"","overlay-gradient":""},"tablet":{"background-color":"","background-image":"","background-repeat":"repeat","background-position":"center center","background-size":"auto","background-attachment":"scroll","background-type":"","background-media":"","overlay-type":"","overlay-color":"","overlay-opacity":"","overlay-gradient":""},"mobile":{"background-color":"","background-image":"","background-repeat":"repeat","background-position":"center center","background-size":"auto","background-attachment":"scroll","background-type":"","background-media":"","overlay-type":"","overlay-color":"","overlay-opacity":"","overlay-gradient":""}},"ast-content-background-meta":{"desktop":{"background-color":"var(--ast-global-color-5)","background-image":"","background-repeat":"repeat","background-position":"center center","background-size":"auto","background-attachment":"scroll","background-type":"","background-media":"","overlay-type":"","overlay-color":"","overlay-opacity":"","overlay-gradient":""},"tablet":{"background-color":"var(--ast-global-color-5)","background-image":"","background-repeat":"repeat","background-position":"center center","background-size":"auto","background-attachment":"scroll","background-type":"","background-media":"","overlay-type":"","overlay-color":"","overlay-opacity":"","overlay-gradient":""},"mobile":{"background-color":"var(--ast-global-color-5)","background-image":"","background-repeat":"repeat","background-position":"center center","background-size":"auto","background-attachment":"scroll","background-type":"","background-media":"","overlay-type":"","overlay-color":"","overlay-opacity":"","overlay-gradient":""}}},"product_brand":[],"product_cat":[4470],"product_tag":[17,317,2785,2555,3435,318,2632,2551,2621,118,3830,316,64,3933,3030,20,4260,2603,2624,4378,3523,2419,4198,4276,2707,2841,3894,2944,18,2285,2206,2629,3174,65,35,4137,4355,4387,32,4135,4199,2650,4482,4377,3509,4386,4385,24,2832,29,4280,4282,4281,2368,4278,4388,4279,4379,4380],"class_list":{"0":"post-147998","1":"product","2":"type-product","3":"status-publish","4":"has-post-thumbnail","6":"product_cat-videos","7":"product_tag-anal","8":"product_tag-asshole","9":"product_tag-bdsm","10":"product_tag-blowjob","11":"product_tag-bondage-2","12":"product_tag-boobs","13":"product_tag-bra","14":"product_tag-couple","15":"product_tag-cow-dung","16":"product_tag-cowshed","17":"product_tag-cowshit","18":"product_tag-cunt","19":"product_tag-dildo","20":"product_tag-doggystyle","21":"product_tag-download","22":"product_tag-dung","23":"product_tag-dung-pile","24":"product_tag-dunghill","25":"product_tag-farm","26":"product_tag-farmhand","27":"product_tag-fingering","28":"product_tag-full-hd","29":"product_tag-inflatable-plug","30":"product_tag-kaitlyn-katsaros","31":"product_tag-lesbian","32":"product_tag-lyndra-lynn","33":"product_tag-lyndra-lynns-filme-2","34":"product_tag-magic-wand","35":"product_tag-manure","36":"product_tag-masturbate","37":"product_tag-masturbation","38":"product_tag-messy","39":"product_tag-missionary","40":"product_tag-naked","41":"product_tag-orgasm","42":"product_tag-pooping","43":"product_tag-puke","44":"product_tag-punches","45":"product_tag-pussy","46":"product_tag-scat","47":"product_tag-season-5","48":"product_tag-sensual","49":"product_tag-sex-in-cowshit","50":"product_tag-shovel","51":"product_tag-skirt","52":"product_tag-slapping","53":"product_tag-slaps","54":"product_tag-slurry","55":"product_tag-smearing","56":"product_tag-submerging","57":"product_tag-sucking","58":"product_tag-toe-licking","59":"product_tag-toes","60":"product_tag-ultra-hd","61":"product_tag-vomit","62":"product_tag-vomit-eating","63":"product_tag-vomiting","64":"product_tag-vomitting","65":"product_tag-worker","66":"pa_length-53-minutes","67":"pa_product-type-digital-download-full-hd-video","68":"pa_product-type-digital-download-ultra-hd-video","69":"pa_product-type-usb-stick","70":"pa_video-info-full-hd-1920x1080p","71":"pa_video-info-ultra-hd-4k","72":"desktop-align-center","73":"tablet-align-left","74":"mobile-align-left","76":"first","77":"instock","78":"shipping-taxable","79":"purchasable","80":"product-type-variable"},"exclude_global_add_ons":[],"addons":[],"acf":[],"yoast_head":"<!-- This site is optimized with the Yoast SEO Premium plugin v27.1 (Yoast SEO v27.1.1) - https:\/\/yoast.com\/product\/yoast-seo-premium-wordpress\/ -->\n<title>Kaitlyn Katsaros Farmhand Gone Wrong - ManureFetish<\/title>\n<meta name=\"description\" content=\"Kaitlyn Katsaros Farmhand Gone Wrong, Forced to eat her own pubic hair, cowshit and her vomit, it&#039;s her punishment for bad work.\" \/>\n<meta name=\"robots\" content=\"index, follow, max-snippet:-1, max-image-preview:large, max-video-preview:-1\" \/>\n<link rel=\"canonical\" href=\"https:\/\/manurefetish.com\/es\/shop\/videos\/kaitlyn-katsaros-farmhand-gone-wrong\/\" \/>\n<meta property=\"og:locale\" content=\"es_ES\" \/>\n<meta property=\"og:type\" content=\"article\" \/>\n<meta property=\"og:title\" content=\"Kaitlyn Katsaros Farmhand Gone Wrong\" \/>\n<meta property=\"og:description\" content=\"Kaitlyn Katsaros Farmhand Gone Wrong, Forced to eat her own pubic hair, cowshit and her vomit, it&#039;s her punishment for bad work.\" \/>\n<meta property=\"og:url\" content=\"https:\/\/manurefetish.com\/es\/shop\/videos\/kaitlyn-katsaros-farmhand-gone-wrong\/\" \/>\n<meta property=\"og:site_name\" content=\"ManureFetish\" \/>\n<meta property=\"article:publisher\" content=\"https:\/\/www.facebook.com\/manurefetish\/\" \/>\n<meta property=\"article:modified_time\" content=\"2026-03-24T14:16:56+00:00\" \/>\n<meta property=\"og:image\" content=\"https:\/\/manurefetish.com\/wp-content\/uploads\/2024\/10\/Farmhand-Gone-Wrong.jpg\" \/>\n\t<meta property=\"og:image:width\" content=\"1728\" \/>\n\t<meta property=\"og:image:height\" content=\"576\" \/>\n\t<meta property=\"og:image:type\" content=\"image\/jpeg\" \/>\n<meta name=\"twitter:card\" content=\"summary_large_image\" \/>\n<meta name=\"twitter:site\" content=\"@Manurefetisch\" \/>\n<script type=\"application\/ld+json\" class=\"yoast-schema-graph\">{\"@context\":\"https:\/\/schema.org\",\"@graph\":[{\"@type\":\"WebPage\",\"@id\":\"https:\/\/manurefetish.com\/shop\/videos\/kaitlyn-katsaros-farmhand-gone-wrong\/\",\"url\":\"https:\/\/manurefetish.com\/shop\/videos\/kaitlyn-katsaros-farmhand-gone-wrong\/\",\"name\":\"Kaitlyn Katsaros Farmhand Gone Wrong - ManureFetish\",\"isPartOf\":{\"@id\":\"https:\/\/manurefetish.com\/#website\"},\"primaryImageOfPage\":{\"@id\":\"https:\/\/manurefetish.com\/shop\/videos\/kaitlyn-katsaros-farmhand-gone-wrong\/#primaryimage\"},\"image\":{\"@id\":\"https:\/\/manurefetish.com\/shop\/videos\/kaitlyn-katsaros-farmhand-gone-wrong\/#primaryimage\"},\"thumbnailUrl\":\"https:\/\/manurefetish.b-cdn.net\/wp-content\/uploads\/2024\/10\/Farmhand-Gone-Wrong.jpg\",\"datePublished\":\"2024-10-06T18:29:26+00:00\",\"dateModified\":\"2026-03-24T14:16:56+00:00\",\"description\":\"Kaitlyn Katsaros Farmhand Gone Wrong, Forced to eat her own pubic hair, cowshit and her vomit, it's her punishment for bad work.\",\"breadcrumb\":{\"@id\":\"https:\/\/manurefetish.com\/shop\/videos\/kaitlyn-katsaros-farmhand-gone-wrong\/#breadcrumb\"},\"inLanguage\":\"es\",\"potentialAction\":[{\"@type\":\"ReadAction\",\"target\":[\"https:\/\/manurefetish.com\/shop\/videos\/kaitlyn-katsaros-farmhand-gone-wrong\/\"]}]},{\"@type\":\"ImageObject\",\"inLanguage\":\"es\",\"@id\":\"https:\/\/manurefetish.com\/shop\/videos\/kaitlyn-katsaros-farmhand-gone-wrong\/#primaryimage\",\"url\":\"https:\/\/manurefetish.b-cdn.net\/wp-content\/uploads\/2024\/10\/Farmhand-Gone-Wrong.jpg\",\"contentUrl\":\"https:\/\/manurefetish.b-cdn.net\/wp-content\/uploads\/2024\/10\/Farmhand-Gone-Wrong.jpg\",\"width\":1728,\"height\":576},{\"@type\":\"BreadcrumbList\",\"@id\":\"https:\/\/manurefetish.com\/shop\/videos\/kaitlyn-katsaros-farmhand-gone-wrong\/#breadcrumb\",\"itemListElement\":[{\"@type\":\"ListItem\",\"position\":1,\"name\":\"Home\",\"item\":\"https:\/\/manurefetish.com\/\"},{\"@type\":\"ListItem\",\"position\":2,\"name\":\"Shop\",\"item\":\"https:\/\/manurefetish.com\/shop\/\"},{\"@type\":\"ListItem\",\"position\":3,\"name\":\"Videos\",\"item\":\"https:\/\/manurefetish.com\/product-category\/videos\/\"},{\"@type\":\"ListItem\",\"position\":4,\"name\":\"Kaitlyn Katsaros Farmhand Gone Wrong\"}]},{\"@type\":\"WebSite\",\"@id\":\"https:\/\/manurefetish.com\/#website\",\"url\":\"https:\/\/manurefetish.com\/\",\"name\":\"ManureFetish\",\"description\":\"ManureFetish Shop\",\"publisher\":{\"@id\":\"https:\/\/manurefetish.com\/#organization\"},\"potentialAction\":[{\"@type\":\"SearchAction\",\"target\":{\"@type\":\"EntryPoint\",\"urlTemplate\":\"https:\/\/manurefetish.com\/?s={search_term_string}\"},\"query-input\":{\"@type\":\"PropertyValueSpecification\",\"valueRequired\":true,\"valueName\":\"search_term_string\"}}],\"inLanguage\":\"es\"},{\"@type\":\"Organization\",\"@id\":\"https:\/\/manurefetish.com\/#organization\",\"name\":\"ManureFetish.com\",\"url\":\"https:\/\/manurefetish.com\/\",\"logo\":{\"@type\":\"ImageObject\",\"inLanguage\":\"es\",\"@id\":\"https:\/\/manurefetish.com\/#\/schema\/logo\/image\/\",\"url\":\"https:\/\/manurefetish.com\/wp-content\/uploads\/2019\/06\/1000xmanurefetishcom-michaela-logo-website-shop.png\",\"contentUrl\":\"https:\/\/manurefetish.com\/wp-content\/uploads\/2019\/06\/1000xmanurefetishcom-michaela-logo-website-shop.png\",\"width\":1000,\"height\":632,\"caption\":\"ManureFetish.com\"},\"image\":{\"@id\":\"https:\/\/manurefetish.com\/#\/schema\/logo\/image\/\"},\"sameAs\":[\"https:\/\/www.facebook.com\/manurefetish\/\",\"https:\/\/x.com\/Manurefetisch\",\"https:\/\/www.youtube.com\/c\/ManureFetish\"],\"description\":\"We're creating various fetish content with female and male models alike.\",\"foundingDate\":\"2019-07-04\",\"vatID\":\"DE366928521\",\"numberOfEmployees\":{\"@type\":\"QuantitativeValue\",\"minValue\":\"1\",\"maxValue\":\"10\"}}]}<\/script>\n<meta property=\"og:availability\" content=\"instock\" \/>\n<meta property=\"product:availability\" content=\"instock\" \/>\n<meta property=\"product:retailer_item_id\" content=\"MFW-KK-FGW\" \/>\n<meta property=\"product:condition\" content=\"new\" \/>\n<!-- \/ Yoast SEO Premium plugin. -->","yoast_head_json":{"title":"Kaitlyn Katsaros Granjero equivocado - ManureFetish","description":"Kaitlyn Katsaros Farmhand Gone Wrong, Obligada a comer su propio vello p\u00fabico, mierda de vaca y su v\u00f3mito, es su castigo por mal trabajo.","robots":{"index":"index","follow":"follow","max-snippet":"max-snippet:-1","max-image-preview":"max-image-preview:large","max-video-preview":"max-video-preview:-1"},"canonical":"https:\/\/manurefetish.com\/es\/shop\/videos\/kaitlyn-katsaros-farmhand-gone-wrong\/","og_locale":"es_ES","og_type":"article","og_title":"Kaitlyn Katsaros Farmhand Gone Wrong","og_description":"Kaitlyn Katsaros Farmhand Gone Wrong, Forced to eat her own pubic hair, cowshit and her vomit, it's her punishment for bad work.","og_url":"https:\/\/manurefetish.com\/es\/shop\/videos\/kaitlyn-katsaros-farmhand-gone-wrong\/","og_site_name":"ManureFetish","article_publisher":"https:\/\/www.facebook.com\/manurefetish\/","article_modified_time":"2026-03-24T14:16:56+00:00","og_image":[{"width":1728,"height":576,"url":"https:\/\/manurefetish.com\/wp-content\/uploads\/2024\/10\/Farmhand-Gone-Wrong.jpg","type":"image\/jpeg"}],"twitter_card":"summary_large_image","twitter_site":"@Manurefetisch","schema":{"@context":"https:\/\/schema.org","@graph":[{"@type":"WebPage","@id":"https:\/\/manurefetish.com\/shop\/videos\/kaitlyn-katsaros-farmhand-gone-wrong\/","url":"https:\/\/manurefetish.com\/shop\/videos\/kaitlyn-katsaros-farmhand-gone-wrong\/","name":"Kaitlyn Katsaros Granjero equivocado - ManureFetish","isPartOf":{"@id":"https:\/\/manurefetish.com\/#website"},"primaryImageOfPage":{"@id":"https:\/\/manurefetish.com\/shop\/videos\/kaitlyn-katsaros-farmhand-gone-wrong\/#primaryimage"},"image":{"@id":"https:\/\/manurefetish.com\/shop\/videos\/kaitlyn-katsaros-farmhand-gone-wrong\/#primaryimage"},"thumbnailUrl":"https:\/\/manurefetish.b-cdn.net\/wp-content\/uploads\/2024\/10\/Farmhand-Gone-Wrong.jpg","datePublished":"2024-10-06T18:29:26+00:00","dateModified":"2026-03-24T14:16:56+00:00","description":"Kaitlyn Katsaros Farmhand Gone Wrong, Obligada a comer su propio vello p\u00fabico, mierda de vaca y su v\u00f3mito, es su castigo por mal trabajo.","breadcrumb":{"@id":"https:\/\/manurefetish.com\/shop\/videos\/kaitlyn-katsaros-farmhand-gone-wrong\/#breadcrumb"},"inLanguage":"es","potentialAction":[{"@type":"ReadAction","target":["https:\/\/manurefetish.com\/shop\/videos\/kaitlyn-katsaros-farmhand-gone-wrong\/"]}]},{"@type":"ImageObject","inLanguage":"es","@id":"https:\/\/manurefetish.com\/shop\/videos\/kaitlyn-katsaros-farmhand-gone-wrong\/#primaryimage","url":"https:\/\/manurefetish.b-cdn.net\/wp-content\/uploads\/2024\/10\/Farmhand-Gone-Wrong.jpg","contentUrl":"https:\/\/manurefetish.b-cdn.net\/wp-content\/uploads\/2024\/10\/Farmhand-Gone-Wrong.jpg","width":1728,"height":576},{"@type":"BreadcrumbList","@id":"https:\/\/manurefetish.com\/shop\/videos\/kaitlyn-katsaros-farmhand-gone-wrong\/#breadcrumb","itemListElement":[{"@type":"ListItem","position":1,"name":"Home","item":"https:\/\/manurefetish.com\/"},{"@type":"ListItem","position":2,"name":"Shop","item":"https:\/\/manurefetish.com\/shop\/"},{"@type":"ListItem","position":3,"name":"Videos","item":"https:\/\/manurefetish.com\/product-category\/videos\/"},{"@type":"ListItem","position":4,"name":"Kaitlyn Katsaros Farmhand Gone Wrong"}]},{"@type":"WebSite","@id":"https:\/\/manurefetish.com\/#website","url":"https:\/\/manurefetish.com\/","name":"ManureFetish","description":"ManureFetish","publisher":{"@id":"https:\/\/manurefetish.com\/#organization"},"potentialAction":[{"@type":"SearchAction","target":{"@type":"EntryPoint","urlTemplate":"https:\/\/manurefetish.com\/?s={search_term_string}"},"query-input":{"@type":"PropertyValueSpecification","valueRequired":true,"valueName":"search_term_string"}}],"inLanguage":"es"},{"@type":"Organization","@id":"https:\/\/manurefetish.com\/#organization","name":"ManureFetish.com","url":"https:\/\/manurefetish.com\/","logo":{"@type":"ImageObject","inLanguage":"es","@id":"https:\/\/manurefetish.com\/#\/schema\/logo\/image\/","url":"https:\/\/manurefetish.com\/wp-content\/uploads\/2019\/06\/1000xmanurefetishcom-michaela-logo-website-shop.png","contentUrl":"https:\/\/manurefetish.com\/wp-content\/uploads\/2019\/06\/1000xmanurefetishcom-michaela-logo-website-shop.png","width":1000,"height":632,"caption":"ManureFetish.com"},"image":{"@id":"https:\/\/manurefetish.com\/#\/schema\/logo\/image\/"},"sameAs":["https:\/\/www.facebook.com\/manurefetish\/","https:\/\/x.com\/Manurefetisch","https:\/\/www.youtube.com\/c\/ManureFetish"],"description":"Estamos creando diversos contenidos fetichistas con modelos femeninos y masculinos por igual.","foundingDate":"2019-07-04","vatID":"DE366928521","numberOfEmployees":{"@type":"QuantitativeValue","minValue":"1","maxValue":"10"}}]},"og_availability":"instock","product_availability":"instock","product_retailer_item_id":"MFW-KK-FGW","product_condition":"new"},"_links":{"self":[{"href":"https:\/\/manurefetish.com\/es\/wp-json\/wp\/v2\/product\/147998","targetHints":{"allow":["GET"]}}],"collection":[{"href":"https:\/\/manurefetish.com\/es\/wp-json\/wp\/v2\/product"}],"about":[{"href":"https:\/\/manurefetish.com\/es\/wp-json\/wp\/v2\/types\/product"}],"replies":[{"embeddable":true,"href":"https:\/\/manurefetish.com\/es\/wp-json\/wp\/v2\/comments?post=147998"}],"version-history":[{"count":0,"href":"https:\/\/manurefetish.com\/es\/wp-json\/wp\/v2\/product\/147998\/revisions"}],"wp:featuredmedia":[{"embeddable":true,"href":"https:\/\/manurefetish.com\/es\/wp-json\/wp\/v2\/media\/199256"}],"wp:attachment":[{"href":"https:\/\/manurefetish.com\/es\/wp-json\/wp\/v2\/media?parent=147998"}],"wp:term":[{"taxonomy":"product_brand","embeddable":true,"href":"https:\/\/manurefetish.com\/es\/wp-json\/wp\/v2\/product_brand?post=147998"},{"taxonomy":"product_cat","embeddable":true,"href":"https:\/\/manurefetish.com\/es\/wp-json\/wp\/v2\/product_cat?post=147998"},{"taxonomy":"product_tag","embeddable":true,"href":"https:\/\/manurefetish.com\/es\/wp-json\/wp\/v2\/product_tag?post=147998"}],"curies":[{"name":"wp","href":"https:\/\/api.w.org\/{rel}","templated":true}]}}