{"id":147385,"date":"2024-10-04T17:00:45","date_gmt":"2024-10-04T15:00:45","guid":{"rendered":"https:\/\/manurefetish.com\/?post_type=product&#038;p=147385"},"modified":"2026-03-24T15:17:26","modified_gmt":"2026-03-24T14:17:26","slug":"explosion-on-the-muck-heap","status":"publish","type":"product","link":"https:\/\/manurefetish.com\/es\/shop\/videos\/explosion-on-the-muck-heap\/","title":{"rendered":"Explosi\u00f3n en la escombrera"},"content":{"rendered":"<p><span style=\"font-weight: 400;\">Franky invites Lyndra to use the muck heap behind the cowshed, as she has not been to this place before, she is naturally interested. They both climb onto the dung heap and Lyndra sees the creamy patch of old smelly cow dung for the first time. They both climb down and make the solid slurry a little creamier. They smear each other with the now creamy cow dung and Lyndra is now really in the mood and wants to suck Franky&#8217;s cock. So he lies back and Lyndra starts slowly, but today she is particularly greedy and takes him as deep in her mouth as she can. She takes it so deep in her throat that she has to puke, which surprisingly pleases her very much, so she wants to continue. Franky presses her head firmly onto his cock until she has to vomit again and again. Lyndra finds it so hot that she can&#8217;t stop. After everything has really come out of Lyndra, they both finally want to fuck. Lyndra turns around and Franky starts to fuck her first in doggy, then in missionary. He then digs a hole for Lyndra to sit in and Franky puts a lot of cow dung on her while he continues to fuck her in Missionary. Finally, Lyndra wanks Franky&#8217;s cock until he shoots a massive cumshot.<\/span><\/p>","protected":false},"excerpt":{"rendered":"<p>Franky invites Lyndra to use the muck heap behind the cowshed, as she has not been to this place before, she is naturally interested. They both climb onto the dung heap and Lyndra sees the creamy patch of old smelly cow dung for the first time. They both climb down and make the solid slurry [&hellip;]<\/p>\n","protected":false},"featured_media":199260,"comment_status":"open","ping_status":"closed","template":"","meta":{"_acf_changed":false,"site-sidebar-layout":"default","site-content-layout":"","ast-site-content-layout":"default","site-content-style":"default","site-sidebar-style":"default","ast-global-header-display":"","ast-banner-title-visibility":"","ast-main-header-display":"","ast-hfb-above-header-display":"","ast-hfb-below-header-display":"","ast-hfb-mobile-header-display":"","site-post-title":"","ast-breadcrumbs-content":"","ast-featured-img":"","footer-sml-layout":"","ast-disable-related-posts":"","theme-transparent-header-meta":"default","adv-header-id-meta":"","stick-header-meta":"","header-above-stick-meta":"","header-main-stick-meta":"","header-below-stick-meta":"","astra-migrate-meta-layouts":"set","ast-page-background-enabled":"default","ast-page-background-meta":{"desktop":{"background-color":"var(--ast-global-color-4)","background-image":"","background-repeat":"repeat","background-position":"center center","background-size":"auto","background-attachment":"scroll","background-type":"","background-media":"","overlay-type":"","overlay-color":"","overlay-opacity":"","overlay-gradient":""},"tablet":{"background-color":"","background-image":"","background-repeat":"repeat","background-position":"center center","background-size":"auto","background-attachment":"scroll","background-type":"","background-media":"","overlay-type":"","overlay-color":"","overlay-opacity":"","overlay-gradient":""},"mobile":{"background-color":"","background-image":"","background-repeat":"repeat","background-position":"center center","background-size":"auto","background-attachment":"scroll","background-type":"","background-media":"","overlay-type":"","overlay-color":"","overlay-opacity":"","overlay-gradient":""}},"ast-content-background-meta":{"desktop":{"background-color":"var(--ast-global-color-5)","background-image":"","background-repeat":"repeat","background-position":"center center","background-size":"auto","background-attachment":"scroll","background-type":"","background-media":"","overlay-type":"","overlay-color":"","overlay-opacity":"","overlay-gradient":""},"tablet":{"background-color":"var(--ast-global-color-5)","background-image":"","background-repeat":"repeat","background-position":"center center","background-size":"auto","background-attachment":"scroll","background-type":"","background-media":"","overlay-type":"","overlay-color":"","overlay-opacity":"","overlay-gradient":""},"mobile":{"background-color":"var(--ast-global-color-5)","background-image":"","background-repeat":"repeat","background-position":"center center","background-size":"auto","background-attachment":"scroll","background-type":"","background-media":"","overlay-type":"","overlay-color":"","overlay-opacity":"","overlay-gradient":""}}},"product_brand":[],"product_cat":[4470],"product_tag":[4196,317,2555,318,4228,2631,2551,2621,2607,118,3830,2869,316,3933,3030,4260,3523,2438,2419,2841,18,2285,2206,3174,2602,65,2710,35,360,2482,3539,2872,2871,4355,32,4199,2650,4482,4233,24,2832,2368,4278,3233],"class_list":{"0":"post-147385","1":"product","2":"type-product","3":"status-publish","4":"has-post-thumbnail","6":"product_cat-videos","7":"product_tag-animal-scat","8":"product_tag-asshole","9":"product_tag-blowjob","10":"product_tag-boobs","11":"product_tag-clit","12":"product_tag-completely-covered","13":"product_tag-couple","14":"product_tag-cow-dung","15":"product_tag-cowdung","16":"product_tag-cowshed","17":"product_tag-cowshit","18":"product_tag-cumshot","19":"product_tag-cunt","20":"product_tag-doggystyle","21":"product_tag-download","22":"product_tag-dung-pile","23":"product_tag-fingering","24":"product_tag-franky","25":"product_tag-full-hd","26":"product_tag-lyndra-lynn","27":"product_tag-manure","28":"product_tag-masturbate","29":"product_tag-masturbation","30":"product_tag-missionary","31":"product_tag-muck-heap","32":"product_tag-naked","33":"product_tag-oral","34":"product_tag-orgasm","35":"product_tag-outdoor","36":"product_tag-peeing","37":"product_tag-piss","38":"product_tag-point-of-view","39":"product_tag-pov","40":"product_tag-puke","41":"product_tag-pussy","42":"product_tag-season-5","43":"product_tag-sensual","44":"product_tag-sex-in-cowshit","45":"product_tag-shit","46":"product_tag-slurry","47":"product_tag-smearing","48":"product_tag-ultra-hd","49":"product_tag-vomit","50":"product_tag-waifu","51":"pa_length-32-minutes","52":"pa_product-type-digital-download-full-hd-video","53":"pa_product-type-digital-download-ultra-hd-video","54":"pa_product-type-usb-stick","55":"pa_video-info-full-hd-1920x1080p","56":"pa_video-info-ultra-hd-4k","57":"desktop-align-center","58":"tablet-align-left","59":"mobile-align-left","61":"first","62":"instock","63":"shipping-taxable","64":"purchasable","65":"product-type-variable"},"exclude_global_add_ons":[],"addons":[],"acf":[],"yoast_head":"<!-- This site is optimized with the Yoast SEO Premium plugin v27.1 (Yoast SEO v27.1.1) - https:\/\/yoast.com\/product\/yoast-seo-premium-wordpress\/ -->\n<title>Explosion On The Muck Heap - ManureFetish<\/title>\n<meta name=\"description\" content=\"Explosion On The Muck Heap, Lyndra and Franky meet behind the cowshed at the large dung hill to have some very dirty fun with vomit.\" \/>\n<meta name=\"robots\" content=\"index, follow, max-snippet:-1, max-image-preview:large, max-video-preview:-1\" \/>\n<link rel=\"canonical\" href=\"https:\/\/manurefetish.com\/es\/shop\/videos\/explosion-on-the-muck-heap\/\" \/>\n<meta name=\"twitter:card\" content=\"summary_large_image\" \/>\n<meta name=\"twitter:title\" content=\"Explosion On The Muck Heap - ManureFetish\" \/>\n<meta name=\"twitter:description\" content=\"Explosion On The Muck Heap, Lyndra and Franky meet behind the cowshed at the large dung hill to have some very dirty fun with vomit.\" \/>\n<meta name=\"twitter:image\" content=\"https:\/\/manurefetish.b-cdn.net\/wp-content\/uploads\/2024\/10\/Explosion-on-the-Muckheap.jpg\" \/>\n<meta name=\"twitter:site\" content=\"@Manurefetisch\" \/>\n<script type=\"application\/ld+json\" class=\"yoast-schema-graph\">{\"@context\":\"https:\/\/schema.org\",\"@graph\":[{\"@type\":\"WebPage\",\"@id\":\"https:\/\/manurefetish.com\/shop\/videos\/explosion-on-the-muck-heap\/\",\"url\":\"https:\/\/manurefetish.com\/shop\/videos\/explosion-on-the-muck-heap\/\",\"name\":\"Explosion On The Muck Heap - ManureFetish\",\"isPartOf\":{\"@id\":\"https:\/\/de.manurefetish.com\/#website\"},\"primaryImageOfPage\":{\"@id\":\"https:\/\/manurefetish.com\/shop\/videos\/explosion-on-the-muck-heap\/#primaryimage\"},\"image\":{\"@id\":\"https:\/\/manurefetish.com\/shop\/videos\/explosion-on-the-muck-heap\/#primaryimage\"},\"thumbnailUrl\":\"https:\/\/manurefetish.b-cdn.net\/wp-content\/uploads\/2024\/10\/Explosion-on-the-Muckheap.jpg\",\"datePublished\":\"2024-10-04T15:00:45+00:00\",\"dateModified\":\"2026-03-24T14:17:26+00:00\",\"description\":\"Explosion On The Muck Heap, Lyndra and Franky meet behind the cowshed at the large dung hill to have some very dirty fun with vomit.\",\"breadcrumb\":{\"@id\":\"https:\/\/manurefetish.com\/shop\/videos\/explosion-on-the-muck-heap\/#breadcrumb\"},\"inLanguage\":\"es\",\"potentialAction\":[{\"@type\":\"ReadAction\",\"target\":[\"https:\/\/manurefetish.com\/shop\/videos\/explosion-on-the-muck-heap\/\"]}]},{\"@type\":\"ImageObject\",\"inLanguage\":\"es\",\"@id\":\"https:\/\/manurefetish.com\/shop\/videos\/explosion-on-the-muck-heap\/#primaryimage\",\"url\":\"https:\/\/manurefetish.b-cdn.net\/wp-content\/uploads\/2024\/10\/Explosion-on-the-Muckheap.jpg\",\"contentUrl\":\"https:\/\/manurefetish.b-cdn.net\/wp-content\/uploads\/2024\/10\/Explosion-on-the-Muckheap.jpg\",\"width\":1728,\"height\":576},{\"@type\":\"BreadcrumbList\",\"@id\":\"https:\/\/manurefetish.com\/shop\/videos\/explosion-on-the-muck-heap\/#breadcrumb\",\"itemListElement\":[{\"@type\":\"ListItem\",\"position\":1,\"name\":\"Home\",\"item\":\"https:\/\/manurefetish.com\/\"},{\"@type\":\"ListItem\",\"position\":2,\"name\":\"Shop\",\"item\":\"https:\/\/manurefetish.com\/shop\/\"},{\"@type\":\"ListItem\",\"position\":3,\"name\":\"Videos\",\"item\":\"https:\/\/manurefetish.com\/product-category\/videos\/\"},{\"@type\":\"ListItem\",\"position\":4,\"name\":\"Explosion On The Muck Heap\"}]},{\"@type\":\"WebSite\",\"@id\":\"https:\/\/de.manurefetish.com\/#website\",\"url\":\"https:\/\/de.manurefetish.com\/\",\"name\":\"ManureFetish\",\"description\":\"ManureFetish Shop\",\"publisher\":{\"@id\":\"https:\/\/de.manurefetish.com\/#organization\"},\"potentialAction\":[{\"@type\":\"SearchAction\",\"target\":{\"@type\":\"EntryPoint\",\"urlTemplate\":\"https:\/\/de.manurefetish.com\/?s={search_term_string}\"},\"query-input\":{\"@type\":\"PropertyValueSpecification\",\"valueRequired\":true,\"valueName\":\"search_term_string\"}}],\"inLanguage\":\"es\"},{\"@type\":\"Organization\",\"@id\":\"https:\/\/de.manurefetish.com\/#organization\",\"name\":\"ManureFetish.com\",\"url\":\"https:\/\/de.manurefetish.com\/\",\"logo\":{\"@type\":\"ImageObject\",\"inLanguage\":\"es\",\"@id\":\"https:\/\/de.manurefetish.com\/#\/schema\/logo\/image\/\",\"url\":\"https:\/\/manurefetish.com\/wp-content\/uploads\/2019\/06\/1000xmanurefetishcom-michaela-logo-website-shop.png\",\"contentUrl\":\"https:\/\/manurefetish.com\/wp-content\/uploads\/2019\/06\/1000xmanurefetishcom-michaela-logo-website-shop.png\",\"width\":1000,\"height\":632,\"caption\":\"ManureFetish.com\"},\"image\":{\"@id\":\"https:\/\/de.manurefetish.com\/#\/schema\/logo\/image\/\"},\"sameAs\":[\"https:\/\/www.facebook.com\/manurefetish\/\",\"https:\/\/x.com\/Manurefetisch\",\"https:\/\/www.youtube.com\/c\/ManureFetish\"],\"description\":\"We're creating various fetish content with female and male models alike.\",\"foundingDate\":\"2019-07-04\",\"vatID\":\"DE366928521\",\"numberOfEmployees\":{\"@type\":\"QuantitativeValue\",\"minValue\":\"1\",\"maxValue\":\"10\"}}]}<\/script>\n<meta property=\"og:availability\" content=\"instock\" \/>\n<meta property=\"product:availability\" content=\"instock\" \/>\n<meta property=\"product:retailer_item_id\" content=\"MFW-EOTMH\" \/>\n<meta property=\"product:condition\" content=\"new\" \/>\n<!-- \/ Yoast SEO Premium plugin. -->","yoast_head_json":{"title":"Explosi\u00f3n en el mont\u00f3n de esti\u00e9rcol - ManureFetish","description":"Explosi\u00f3n en el mont\u00f3n de esti\u00e9rcol, Lyndra y Franky se re\u00fanen detr\u00e1s del establo, en la gran colina de esti\u00e9rcol, para divertirse muy suciamente con el v\u00f3mito.","robots":{"index":"index","follow":"follow","max-snippet":"max-snippet:-1","max-image-preview":"max-image-preview:large","max-video-preview":"max-video-preview:-1"},"canonical":"https:\/\/manurefetish.com\/es\/shop\/videos\/explosion-on-the-muck-heap\/","twitter_card":"summary_large_image","twitter_title":"Explosion On The Muck Heap - ManureFetish","twitter_description":"Explosion On The Muck Heap, Lyndra and Franky meet behind the cowshed at the large dung hill to have some very dirty fun with vomit.","twitter_image":"https:\/\/manurefetish.b-cdn.net\/wp-content\/uploads\/2024\/10\/Explosion-on-the-Muckheap.jpg","twitter_site":"@Manurefetisch","schema":{"@context":"https:\/\/schema.org","@graph":[{"@type":"WebPage","@id":"https:\/\/manurefetish.com\/shop\/videos\/explosion-on-the-muck-heap\/","url":"https:\/\/manurefetish.com\/shop\/videos\/explosion-on-the-muck-heap\/","name":"Explosi\u00f3n en el mont\u00f3n de esti\u00e9rcol - ManureFetish","isPartOf":{"@id":"https:\/\/de.manurefetish.com\/#website"},"primaryImageOfPage":{"@id":"https:\/\/manurefetish.com\/shop\/videos\/explosion-on-the-muck-heap\/#primaryimage"},"image":{"@id":"https:\/\/manurefetish.com\/shop\/videos\/explosion-on-the-muck-heap\/#primaryimage"},"thumbnailUrl":"https:\/\/manurefetish.b-cdn.net\/wp-content\/uploads\/2024\/10\/Explosion-on-the-Muckheap.jpg","datePublished":"2024-10-04T15:00:45+00:00","dateModified":"2026-03-24T14:17:26+00:00","description":"Explosi\u00f3n en el mont\u00f3n de esti\u00e9rcol, Lyndra y Franky se re\u00fanen detr\u00e1s del establo, en la gran colina de esti\u00e9rcol, para divertirse muy suciamente con el v\u00f3mito.","breadcrumb":{"@id":"https:\/\/manurefetish.com\/shop\/videos\/explosion-on-the-muck-heap\/#breadcrumb"},"inLanguage":"es","potentialAction":[{"@type":"ReadAction","target":["https:\/\/manurefetish.com\/shop\/videos\/explosion-on-the-muck-heap\/"]}]},{"@type":"ImageObject","inLanguage":"es","@id":"https:\/\/manurefetish.com\/shop\/videos\/explosion-on-the-muck-heap\/#primaryimage","url":"https:\/\/manurefetish.b-cdn.net\/wp-content\/uploads\/2024\/10\/Explosion-on-the-Muckheap.jpg","contentUrl":"https:\/\/manurefetish.b-cdn.net\/wp-content\/uploads\/2024\/10\/Explosion-on-the-Muckheap.jpg","width":1728,"height":576},{"@type":"BreadcrumbList","@id":"https:\/\/manurefetish.com\/shop\/videos\/explosion-on-the-muck-heap\/#breadcrumb","itemListElement":[{"@type":"ListItem","position":1,"name":"Home","item":"https:\/\/manurefetish.com\/"},{"@type":"ListItem","position":2,"name":"Shop","item":"https:\/\/manurefetish.com\/shop\/"},{"@type":"ListItem","position":3,"name":"Videos","item":"https:\/\/manurefetish.com\/product-category\/videos\/"},{"@type":"ListItem","position":4,"name":"Explosion On The Muck Heap"}]},{"@type":"WebSite","@id":"https:\/\/de.manurefetish.com\/#website","url":"https:\/\/de.manurefetish.com\/","name":"ManureFetish","description":"ManureFetish","publisher":{"@id":"https:\/\/de.manurefetish.com\/#organization"},"potentialAction":[{"@type":"SearchAction","target":{"@type":"EntryPoint","urlTemplate":"https:\/\/de.manurefetish.com\/?s={search_term_string}"},"query-input":{"@type":"PropertyValueSpecification","valueRequired":true,"valueName":"search_term_string"}}],"inLanguage":"es"},{"@type":"Organization","@id":"https:\/\/de.manurefetish.com\/#organization","name":"ManureFetish.com","url":"https:\/\/de.manurefetish.com\/","logo":{"@type":"ImageObject","inLanguage":"es","@id":"https:\/\/de.manurefetish.com\/#\/schema\/logo\/image\/","url":"https:\/\/manurefetish.com\/wp-content\/uploads\/2019\/06\/1000xmanurefetishcom-michaela-logo-website-shop.png","contentUrl":"https:\/\/manurefetish.com\/wp-content\/uploads\/2019\/06\/1000xmanurefetishcom-michaela-logo-website-shop.png","width":1000,"height":632,"caption":"ManureFetish.com"},"image":{"@id":"https:\/\/de.manurefetish.com\/#\/schema\/logo\/image\/"},"sameAs":["https:\/\/www.facebook.com\/manurefetish\/","https:\/\/x.com\/Manurefetisch","https:\/\/www.youtube.com\/c\/ManureFetish"],"description":"Estamos creando diversos contenidos fetichistas con modelos femeninos y masculinos por igual.","foundingDate":"2019-07-04","vatID":"DE366928521","numberOfEmployees":{"@type":"QuantitativeValue","minValue":"1","maxValue":"10"}}]},"og_availability":"instock","product_availability":"instock","product_retailer_item_id":"MFW-EOTMH","product_condition":"new"},"_links":{"self":[{"href":"https:\/\/manurefetish.com\/es\/wp-json\/wp\/v2\/product\/147385","targetHints":{"allow":["GET"]}}],"collection":[{"href":"https:\/\/manurefetish.com\/es\/wp-json\/wp\/v2\/product"}],"about":[{"href":"https:\/\/manurefetish.com\/es\/wp-json\/wp\/v2\/types\/product"}],"replies":[{"embeddable":true,"href":"https:\/\/manurefetish.com\/es\/wp-json\/wp\/v2\/comments?post=147385"}],"version-history":[{"count":0,"href":"https:\/\/manurefetish.com\/es\/wp-json\/wp\/v2\/product\/147385\/revisions"}],"wp:featuredmedia":[{"embeddable":true,"href":"https:\/\/manurefetish.com\/es\/wp-json\/wp\/v2\/media\/199260"}],"wp:attachment":[{"href":"https:\/\/manurefetish.com\/es\/wp-json\/wp\/v2\/media?parent=147385"}],"wp:term":[{"taxonomy":"product_brand","embeddable":true,"href":"https:\/\/manurefetish.com\/es\/wp-json\/wp\/v2\/product_brand?post=147385"},{"taxonomy":"product_cat","embeddable":true,"href":"https:\/\/manurefetish.com\/es\/wp-json\/wp\/v2\/product_cat?post=147385"},{"taxonomy":"product_tag","embeddable":true,"href":"https:\/\/manurefetish.com\/es\/wp-json\/wp\/v2\/product_tag?post=147385"}],"curies":[{"name":"wp","href":"https:\/\/api.w.org\/{rel}","templated":true}]}}