{"id":147287,"date":"2024-11-12T20:25:53","date_gmt":"2024-11-12T19:25:53","guid":{"rendered":"https:\/\/manurefetish.com\/?post_type=product&#038;p=147287"},"modified":"2026-03-24T15:16:40","modified_gmt":"2026-03-24T14:16:40","slug":"manure-sports-mens-wrestling","status":"publish","type":"product","link":"https:\/\/manurefetish.com\/es\/shop\/videos\/manure-sports-mens-wrestling\/","title":{"rendered":"Manure Deportes Lucha masculina"},"content":{"rendered":"<p>Scati Own Luc y Max son el nuevo equipo de lucha de Manure Sports, tienen algo de experiencia pero necesitan entrenar m\u00e1s en el establo. As\u00ed que cuando llegan al establo empiezan enseguida. Luchan entre ellos y, por supuesto, utilizan cowshit por lo que hay un poco m\u00e1s de un desaf\u00edo. Cuando Max y Luc aterrizan en el canal manure las cosas se calientan un poco, siempre hubo algo especial entre los tres chicos, con Luc estando en el canal manure y cubierto de cowshit Scati Own no puede contenerse y empieza a besar a Luc. Esto por supuesto excita un poco a los tres, as\u00ed que no les importa divertirse un poco y hacer un peque\u00f1o tr\u00edo durante su sesi\u00f3n de entrenamiento. Empiezan a masturbar sus hermosas pollas y tambi\u00e9n a chup\u00e1rselas mutuamente. A medida que se van excitando empiezan a follarse mutuamente, por supuesto se turnan para que todos puedan disfrutar. Realmente se lo pasan bien durante su sesi\u00f3n de entrenamiento en el cowshit, todos se dejan follar o chupar la polla. Despu\u00e9s de terminar se quedan en el canal manure y dejan que el resto de la sesi\u00f3n de entrenamiento llegue a su fin.<\/p>","protected":false},"excerpt":{"rendered":"<p>Scati Own Luc and Max are the new Manure Sports wrestling team, they have some experience however they need to train more in the cowshed. So as they arrive in the cowshed they start just right away. They wrestle each other and of course use cowshit so there\u2019s a bit more of a challenge. As [&hellip;]<\/p>\n","protected":false},"featured_media":199249,"comment_status":"open","ping_status":"closed","template":"","meta":{"_acf_changed":false,"site-sidebar-layout":"default","site-content-layout":"","ast-site-content-layout":"default","site-content-style":"default","site-sidebar-style":"default","ast-global-header-display":"","ast-banner-title-visibility":"","ast-main-header-display":"","ast-hfb-above-header-display":"","ast-hfb-below-header-display":"","ast-hfb-mobile-header-display":"","site-post-title":"","ast-breadcrumbs-content":"","ast-featured-img":"","footer-sml-layout":"","ast-disable-related-posts":"","theme-transparent-header-meta":"default","adv-header-id-meta":"","stick-header-meta":"","header-above-stick-meta":"","header-main-stick-meta":"","header-below-stick-meta":"","astra-migrate-meta-layouts":"set","ast-page-background-enabled":"default","ast-page-background-meta":{"desktop":{"background-color":"var(--ast-global-color-4)","background-image":"","background-repeat":"repeat","background-position":"center center","background-size":"auto","background-attachment":"scroll","background-type":"","background-media":"","overlay-type":"","overlay-color":"","overlay-opacity":"","overlay-gradient":""},"tablet":{"background-color":"","background-image":"","background-repeat":"repeat","background-position":"center center","background-size":"auto","background-attachment":"scroll","background-type":"","background-media":"","overlay-type":"","overlay-color":"","overlay-opacity":"","overlay-gradient":""},"mobile":{"background-color":"","background-image":"","background-repeat":"repeat","background-position":"center center","background-size":"auto","background-attachment":"scroll","background-type":"","background-media":"","overlay-type":"","overlay-color":"","overlay-opacity":"","overlay-gradient":""}},"ast-content-background-meta":{"desktop":{"background-color":"var(--ast-global-color-5)","background-image":"","background-repeat":"repeat","background-position":"center center","background-size":"auto","background-attachment":"scroll","background-type":"","background-media":"","overlay-type":"","overlay-color":"","overlay-opacity":"","overlay-gradient":""},"tablet":{"background-color":"var(--ast-global-color-5)","background-image":"","background-repeat":"repeat","background-position":"center center","background-size":"auto","background-attachment":"scroll","background-type":"","background-media":"","overlay-type":"","overlay-color":"","overlay-opacity":"","overlay-gradient":""},"mobile":{"background-color":"var(--ast-global-color-5)","background-image":"","background-repeat":"repeat","background-position":"center center","background-size":"auto","background-attachment":"scroll","background-type":"","background-media":"","overlay-type":"","overlay-color":"","overlay-opacity":"","overlay-gradient":""}}},"product_brand":[],"product_cat":[4470],"product_tag":[4319,2399,4320,317,2785,2555,3435,2551,2621,118,3830,3933,3030,20,3523,3334,2419,3312,4349,3525,4327,2332,4322,18,52,3918,2285,2206,4325,432,4350,2629,3174,65,35,2971,2482,3591,4321,3513,4199,4482,24,2832,2784,2368,4348],"class_list":{"0":"post-147287","1":"product","2":"type-product","3":"status-publish","4":"has-post-thumbnail","6":"product_cat-videos","7":"product_tag-anal-sex","8":"product_tag-ass","9":"product_tag-assfuck","10":"product_tag-asshole","11":"product_tag-bdsm","12":"product_tag-blowjob","13":"product_tag-bondage-2","14":"product_tag-couple","15":"product_tag-cow-dung","16":"product_tag-cowshed","17":"product_tag-cowshit","18":"product_tag-doggystyle","19":"product_tag-download","20":"product_tag-dung","21":"product_tag-fingering","22":"product_tag-fisting","23":"product_tag-full-hd","24":"product_tag-gay","25":"product_tag-gay-threesome","26":"product_tag-group","27":"product_tag-homosexual","28":"product_tag-jerking-off","29":"product_tag-luc-1984","30":"product_tag-manure","31":"product_tag-manure-channel","32":"product_tag-manure-sports","33":"product_tag-masturbate","34":"product_tag-masturbation","35":"product_tag-max-hunter","36":"product_tag-men","37":"product_tag-men-only","38":"product_tag-messy","39":"product_tag-missionary","40":"product_tag-naked","41":"product_tag-orgasm","42":"product_tag-pee","43":"product_tag-peeing","44":"product_tag-public","45":"product_tag-sandwich","46":"product_tag-scati-own","47":"product_tag-season-5","48":"product_tag-sex-in-cowshit","49":"product_tag-slurry","50":"product_tag-smearing","51":"product_tag-threesome","52":"product_tag-ultra-hd","53":"product_tag-wrestling","54":"pa_length-39-minutes","55":"pa_product-type-digital-download-full-hd-video","56":"pa_product-type-digital-download-ultra-hd-video","57":"pa_product-type-usb-stick","58":"pa_video-info-full-hd-1920x1080p","59":"pa_video-info-ultra-hd-4k","60":"desktop-align-center","61":"tablet-align-left","62":"mobile-align-left","64":"first","65":"instock","66":"featured","67":"shipping-taxable","68":"purchasable","69":"product-type-variable"},"exclude_global_add_ons":[],"addons":[],"acf":[],"yoast_head":"<!-- This site is optimized with the Yoast SEO Premium plugin v27.1 (Yoast SEO v27.1.1) - https:\/\/yoast.com\/product\/yoast-seo-premium-wordpress\/ -->\n<title>Manure Sports Men&#039;s Wrestling - ManureFetish<\/title>\n<meta name=\"description\" content=\"Manure Sport Men&#039;s Wrestling, the newly founded wrestling team is strating their first wrestling session in the cowshed with lots of cowshit.\" \/>\n<meta name=\"robots\" content=\"index, follow, max-snippet:-1, max-image-preview:large, max-video-preview:-1\" \/>\n<link rel=\"canonical\" href=\"https:\/\/manurefetish.com\/es\/shop\/videos\/manure-sports-mens-wrestling\/\" \/>\n<meta property=\"og:locale\" content=\"es_ES\" \/>\n<meta property=\"og:type\" content=\"article\" \/>\n<meta property=\"og:title\" content=\"Manure Sports Men&#039;s Wrestling\" \/>\n<meta property=\"og:description\" content=\"Manure Sport Men&#039;s Wrestling, the newly founded wrestling team is strating their first wrestling session in the cowshed with lots of cowshit.\" \/>\n<meta property=\"og:url\" content=\"https:\/\/manurefetish.com\/es\/shop\/videos\/manure-sports-mens-wrestling\/\" \/>\n<meta property=\"og:site_name\" content=\"ManureFetish\" \/>\n<meta property=\"article:publisher\" content=\"https:\/\/www.facebook.com\/manurefetish\/\" \/>\n<meta property=\"article:modified_time\" content=\"2026-03-24T14:16:40+00:00\" \/>\n<meta property=\"og:image\" content=\"https:\/\/manurefetish.com\/wp-content\/uploads\/2024\/11\/Manure-Sports-Men-Wrestling.jpg\" \/>\n\t<meta property=\"og:image:width\" content=\"1728\" \/>\n\t<meta property=\"og:image:height\" content=\"576\" \/>\n\t<meta property=\"og:image:type\" content=\"image\/jpeg\" \/>\n<meta name=\"twitter:card\" content=\"summary_large_image\" \/>\n<meta name=\"twitter:site\" content=\"@Manurefetisch\" \/>\n<script type=\"application\/ld+json\" class=\"yoast-schema-graph\">{\"@context\":\"https:\/\/schema.org\",\"@graph\":[{\"@type\":\"WebPage\",\"@id\":\"https:\/\/manurefetish.com\/shop\/videos\/manure-sports-mens-wrestling\/\",\"url\":\"https:\/\/manurefetish.com\/shop\/videos\/manure-sports-mens-wrestling\/\",\"name\":\"Manure Sports Men's Wrestling - ManureFetish\",\"isPartOf\":{\"@id\":\"https:\/\/manurefetish.com\/#website\"},\"primaryImageOfPage\":{\"@id\":\"https:\/\/manurefetish.com\/shop\/videos\/manure-sports-mens-wrestling\/#primaryimage\"},\"image\":{\"@id\":\"https:\/\/manurefetish.com\/shop\/videos\/manure-sports-mens-wrestling\/#primaryimage\"},\"thumbnailUrl\":\"https:\/\/manurefetish.b-cdn.net\/wp-content\/uploads\/2024\/11\/Manure-Sports-Men-Wrestling.jpg\",\"datePublished\":\"2024-11-12T19:25:53+00:00\",\"dateModified\":\"2026-03-24T14:16:40+00:00\",\"description\":\"Manure Sport Men's Wrestling, the newly founded wrestling team is strating their first wrestling session in the cowshed with lots of cowshit.\",\"breadcrumb\":{\"@id\":\"https:\/\/manurefetish.com\/shop\/videos\/manure-sports-mens-wrestling\/#breadcrumb\"},\"inLanguage\":\"es\",\"potentialAction\":[{\"@type\":\"ReadAction\",\"target\":[\"https:\/\/manurefetish.com\/shop\/videos\/manure-sports-mens-wrestling\/\"]}]},{\"@type\":\"ImageObject\",\"inLanguage\":\"es\",\"@id\":\"https:\/\/manurefetish.com\/shop\/videos\/manure-sports-mens-wrestling\/#primaryimage\",\"url\":\"https:\/\/manurefetish.b-cdn.net\/wp-content\/uploads\/2024\/11\/Manure-Sports-Men-Wrestling.jpg\",\"contentUrl\":\"https:\/\/manurefetish.b-cdn.net\/wp-content\/uploads\/2024\/11\/Manure-Sports-Men-Wrestling.jpg\",\"width\":1728,\"height\":576},{\"@type\":\"BreadcrumbList\",\"@id\":\"https:\/\/manurefetish.com\/shop\/videos\/manure-sports-mens-wrestling\/#breadcrumb\",\"itemListElement\":[{\"@type\":\"ListItem\",\"position\":1,\"name\":\"Home\",\"item\":\"https:\/\/manurefetish.com\/\"},{\"@type\":\"ListItem\",\"position\":2,\"name\":\"Shop\",\"item\":\"https:\/\/manurefetish.com\/shop\/\"},{\"@type\":\"ListItem\",\"position\":3,\"name\":\"Videos\",\"item\":\"https:\/\/manurefetish.com\/product-category\/videos\/\"},{\"@type\":\"ListItem\",\"position\":4,\"name\":\"Manure Sports Men&#8217;s Wrestling\"}]},{\"@type\":\"WebSite\",\"@id\":\"https:\/\/manurefetish.com\/#website\",\"url\":\"https:\/\/manurefetish.com\/\",\"name\":\"ManureFetish\",\"description\":\"ManureFetish Shop\",\"publisher\":{\"@id\":\"https:\/\/manurefetish.com\/#organization\"},\"potentialAction\":[{\"@type\":\"SearchAction\",\"target\":{\"@type\":\"EntryPoint\",\"urlTemplate\":\"https:\/\/manurefetish.com\/?s={search_term_string}\"},\"query-input\":{\"@type\":\"PropertyValueSpecification\",\"valueRequired\":true,\"valueName\":\"search_term_string\"}}],\"inLanguage\":\"es\"},{\"@type\":\"Organization\",\"@id\":\"https:\/\/manurefetish.com\/#organization\",\"name\":\"ManureFetish.com\",\"url\":\"https:\/\/manurefetish.com\/\",\"logo\":{\"@type\":\"ImageObject\",\"inLanguage\":\"es\",\"@id\":\"https:\/\/manurefetish.com\/#\/schema\/logo\/image\/\",\"url\":\"https:\/\/manurefetish.com\/wp-content\/uploads\/2019\/06\/1000xmanurefetishcom-michaela-logo-website-shop.png\",\"contentUrl\":\"https:\/\/manurefetish.com\/wp-content\/uploads\/2019\/06\/1000xmanurefetishcom-michaela-logo-website-shop.png\",\"width\":1000,\"height\":632,\"caption\":\"ManureFetish.com\"},\"image\":{\"@id\":\"https:\/\/manurefetish.com\/#\/schema\/logo\/image\/\"},\"sameAs\":[\"https:\/\/www.facebook.com\/manurefetish\/\",\"https:\/\/x.com\/Manurefetisch\",\"https:\/\/www.youtube.com\/c\/ManureFetish\"],\"description\":\"We're creating various fetish content with female and male models alike.\",\"foundingDate\":\"2019-07-04\",\"vatID\":\"DE366928521\",\"numberOfEmployees\":{\"@type\":\"QuantitativeValue\",\"minValue\":\"1\",\"maxValue\":\"10\"}}]}<\/script>\n<meta property=\"og:availability\" content=\"instock\" \/>\n<meta property=\"product:availability\" content=\"instock\" \/>\n<meta property=\"product:retailer_item_id\" content=\"MFM-MSMW\" \/>\n<meta property=\"product:condition\" content=\"new\" \/>\n<!-- \/ Yoast SEO Premium plugin. -->","yoast_head_json":{"title":"Manure Deportes Lucha Masculina - ManureFetish","description":"Esti\u00e9rcol Deporte Lucha Masculina, el reci\u00e9n fundado equipo de lucha libre est\u00e1 organizando su primera sesi\u00f3n de lucha en el establo con mucha mierda de vaca.","robots":{"index":"index","follow":"follow","max-snippet":"max-snippet:-1","max-image-preview":"max-image-preview:large","max-video-preview":"max-video-preview:-1"},"canonical":"https:\/\/manurefetish.com\/es\/shop\/videos\/manure-sports-mens-wrestling\/","og_locale":"es_ES","og_type":"article","og_title":"Manure Sports Men's Wrestling","og_description":"Manure Sport Men's Wrestling, the newly founded wrestling team is strating their first wrestling session in the cowshed with lots of cowshit.","og_url":"https:\/\/manurefetish.com\/es\/shop\/videos\/manure-sports-mens-wrestling\/","og_site_name":"ManureFetish","article_publisher":"https:\/\/www.facebook.com\/manurefetish\/","article_modified_time":"2026-03-24T14:16:40+00:00","og_image":[{"width":1728,"height":576,"url":"https:\/\/manurefetish.com\/wp-content\/uploads\/2024\/11\/Manure-Sports-Men-Wrestling.jpg","type":"image\/jpeg"}],"twitter_card":"summary_large_image","twitter_site":"@Manurefetisch","schema":{"@context":"https:\/\/schema.org","@graph":[{"@type":"WebPage","@id":"https:\/\/manurefetish.com\/shop\/videos\/manure-sports-mens-wrestling\/","url":"https:\/\/manurefetish.com\/shop\/videos\/manure-sports-mens-wrestling\/","name":"Manure Deportes Lucha Masculina - ManureFetish","isPartOf":{"@id":"https:\/\/manurefetish.com\/#website"},"primaryImageOfPage":{"@id":"https:\/\/manurefetish.com\/shop\/videos\/manure-sports-mens-wrestling\/#primaryimage"},"image":{"@id":"https:\/\/manurefetish.com\/shop\/videos\/manure-sports-mens-wrestling\/#primaryimage"},"thumbnailUrl":"https:\/\/manurefetish.b-cdn.net\/wp-content\/uploads\/2024\/11\/Manure-Sports-Men-Wrestling.jpg","datePublished":"2024-11-12T19:25:53+00:00","dateModified":"2026-03-24T14:16:40+00:00","description":"Esti\u00e9rcol Deporte Lucha Masculina, el reci\u00e9n fundado equipo de lucha libre est\u00e1 organizando su primera sesi\u00f3n de lucha en el establo con mucha mierda de vaca.","breadcrumb":{"@id":"https:\/\/manurefetish.com\/shop\/videos\/manure-sports-mens-wrestling\/#breadcrumb"},"inLanguage":"es","potentialAction":[{"@type":"ReadAction","target":["https:\/\/manurefetish.com\/shop\/videos\/manure-sports-mens-wrestling\/"]}]},{"@type":"ImageObject","inLanguage":"es","@id":"https:\/\/manurefetish.com\/shop\/videos\/manure-sports-mens-wrestling\/#primaryimage","url":"https:\/\/manurefetish.b-cdn.net\/wp-content\/uploads\/2024\/11\/Manure-Sports-Men-Wrestling.jpg","contentUrl":"https:\/\/manurefetish.b-cdn.net\/wp-content\/uploads\/2024\/11\/Manure-Sports-Men-Wrestling.jpg","width":1728,"height":576},{"@type":"BreadcrumbList","@id":"https:\/\/manurefetish.com\/shop\/videos\/manure-sports-mens-wrestling\/#breadcrumb","itemListElement":[{"@type":"ListItem","position":1,"name":"Home","item":"https:\/\/manurefetish.com\/"},{"@type":"ListItem","position":2,"name":"Shop","item":"https:\/\/manurefetish.com\/shop\/"},{"@type":"ListItem","position":3,"name":"Videos","item":"https:\/\/manurefetish.com\/product-category\/videos\/"},{"@type":"ListItem","position":4,"name":"Manure Sports Men&#8217;s Wrestling"}]},{"@type":"WebSite","@id":"https:\/\/manurefetish.com\/#website","url":"https:\/\/manurefetish.com\/","name":"ManureFetish","description":"ManureFetish","publisher":{"@id":"https:\/\/manurefetish.com\/#organization"},"potentialAction":[{"@type":"SearchAction","target":{"@type":"EntryPoint","urlTemplate":"https:\/\/manurefetish.com\/?s={search_term_string}"},"query-input":{"@type":"PropertyValueSpecification","valueRequired":true,"valueName":"search_term_string"}}],"inLanguage":"es"},{"@type":"Organization","@id":"https:\/\/manurefetish.com\/#organization","name":"ManureFetish.com","url":"https:\/\/manurefetish.com\/","logo":{"@type":"ImageObject","inLanguage":"es","@id":"https:\/\/manurefetish.com\/#\/schema\/logo\/image\/","url":"https:\/\/manurefetish.com\/wp-content\/uploads\/2019\/06\/1000xmanurefetishcom-michaela-logo-website-shop.png","contentUrl":"https:\/\/manurefetish.com\/wp-content\/uploads\/2019\/06\/1000xmanurefetishcom-michaela-logo-website-shop.png","width":1000,"height":632,"caption":"ManureFetish.com"},"image":{"@id":"https:\/\/manurefetish.com\/#\/schema\/logo\/image\/"},"sameAs":["https:\/\/www.facebook.com\/manurefetish\/","https:\/\/x.com\/Manurefetisch","https:\/\/www.youtube.com\/c\/ManureFetish"],"description":"Estamos creando diversos contenidos fetichistas con modelos femeninos y masculinos por igual.","foundingDate":"2019-07-04","vatID":"DE366928521","numberOfEmployees":{"@type":"QuantitativeValue","minValue":"1","maxValue":"10"}}]},"og_availability":"instock","product_availability":"instock","product_retailer_item_id":"MFM-MSMW","product_condition":"new"},"_links":{"self":[{"href":"https:\/\/manurefetish.com\/es\/wp-json\/wp\/v2\/product\/147287","targetHints":{"allow":["GET"]}}],"collection":[{"href":"https:\/\/manurefetish.com\/es\/wp-json\/wp\/v2\/product"}],"about":[{"href":"https:\/\/manurefetish.com\/es\/wp-json\/wp\/v2\/types\/product"}],"replies":[{"embeddable":true,"href":"https:\/\/manurefetish.com\/es\/wp-json\/wp\/v2\/comments?post=147287"}],"version-history":[{"count":0,"href":"https:\/\/manurefetish.com\/es\/wp-json\/wp\/v2\/product\/147287\/revisions"}],"wp:featuredmedia":[{"embeddable":true,"href":"https:\/\/manurefetish.com\/es\/wp-json\/wp\/v2\/media\/199249"}],"wp:attachment":[{"href":"https:\/\/manurefetish.com\/es\/wp-json\/wp\/v2\/media?parent=147287"}],"wp:term":[{"taxonomy":"product_brand","embeddable":true,"href":"https:\/\/manurefetish.com\/es\/wp-json\/wp\/v2\/product_brand?post=147287"},{"taxonomy":"product_cat","embeddable":true,"href":"https:\/\/manurefetish.com\/es\/wp-json\/wp\/v2\/product_cat?post=147287"},{"taxonomy":"product_tag","embeddable":true,"href":"https:\/\/manurefetish.com\/es\/wp-json\/wp\/v2\/product_tag?post=147287"}],"curies":[{"name":"wp","href":"https:\/\/api.w.org\/{rel}","templated":true}]}}