{"id":147276,"date":"2024-10-05T20:25:21","date_gmt":"2024-10-05T18:25:21","guid":{"rendered":"https:\/\/manurefetish.com\/?post_type=product&#038;p=147276"},"modified":"2026-05-05T08:51:19","modified_gmt":"2026-05-05T06:51:19","slug":"the-dirty-dung-business","status":"publish","type":"product","link":"https:\/\/manurefetish.com\/es\/shop\/videos\/the-dirty-dung-business\/","title":{"rendered":"El negocio del esti\u00e9rcol sucio"},"content":{"rendered":"<p>Scati Own Luc se encuentran en el establo despu\u00e9s de cerrar un importante acuerdo comercial y, para celebrarlo, tienen algo especial planeado. Luc nunca hab\u00eda estado en el establo, as\u00ed que Scati Own te Scati Own el lugar. Empiezan a cubrirse la ropa con esti\u00e9rcol de vaca. Entonces Luc necesita orinar y se orina encima. Cuando termina, Scati empieza a chuparte la polla y tambi\u00e9n se orina encima de Luc, que disfruta de la enorme ducha y tambi\u00e9n se traga un poco. Luego, ambos comienzan a masturbarse mientras se cubren a\u00fan m\u00e1s con el cremoso esti\u00e9rcol de vaca. Ambos disfrutan mucho durante toda la sesi\u00f3n, con Luc lamiendo el ano de Scati y chup\u00e1ndole la polla. Tambi\u00e9n follan en varias posiciones dentro y fuera del canal de esti\u00e9rcol antes de que, al final, Scati Own en la cara y la boca de Luc.<\/p>","protected":false},"excerpt":{"rendered":"<p>Scati Own and Luc meet at the cowshed after they close an important business deal and to celebrate they have something special planned. Luc never was in the cowshed so Scati Own shows him the place. They begin to cover their clothes with cowshit. Then Luc needs to pee and releases himself over him. After [&hellip;]<\/p>\n","protected":false},"featured_media":199257,"comment_status":"open","ping_status":"closed","template":"","meta":{"_acf_changed":false,"site-sidebar-layout":"default","site-content-layout":"","ast-site-content-layout":"default","site-content-style":"default","site-sidebar-style":"default","ast-global-header-display":"","ast-banner-title-visibility":"","ast-main-header-display":"","ast-hfb-above-header-display":"","ast-hfb-below-header-display":"","ast-hfb-mobile-header-display":"","site-post-title":"","ast-breadcrumbs-content":"","ast-featured-img":"","footer-sml-layout":"","ast-disable-related-posts":"","theme-transparent-header-meta":"default","adv-header-id-meta":"","stick-header-meta":"","header-above-stick-meta":"","header-main-stick-meta":"","header-below-stick-meta":"","astra-migrate-meta-layouts":"set","ast-page-background-enabled":"default","ast-page-background-meta":{"desktop":{"background-color":"var(--ast-global-color-4)","background-image":"","background-repeat":"repeat","background-position":"center center","background-size":"auto","background-attachment":"scroll","background-type":"","background-media":"","overlay-type":"","overlay-color":"","overlay-opacity":"","overlay-gradient":""},"tablet":{"background-color":"","background-image":"","background-repeat":"repeat","background-position":"center center","background-size":"auto","background-attachment":"scroll","background-type":"","background-media":"","overlay-type":"","overlay-color":"","overlay-opacity":"","overlay-gradient":""},"mobile":{"background-color":"","background-image":"","background-repeat":"repeat","background-position":"center center","background-size":"auto","background-attachment":"scroll","background-type":"","background-media":"","overlay-type":"","overlay-color":"","overlay-opacity":"","overlay-gradient":""}},"ast-content-background-meta":{"desktop":{"background-color":"var(--ast-global-color-5)","background-image":"","background-repeat":"repeat","background-position":"center center","background-size":"auto","background-attachment":"scroll","background-type":"","background-media":"","overlay-type":"","overlay-color":"","overlay-opacity":"","overlay-gradient":""},"tablet":{"background-color":"var(--ast-global-color-5)","background-image":"","background-repeat":"repeat","background-position":"center center","background-size":"auto","background-attachment":"scroll","background-type":"","background-media":"","overlay-type":"","overlay-color":"","overlay-opacity":"","overlay-gradient":""},"mobile":{"background-color":"var(--ast-global-color-5)","background-image":"","background-repeat":"repeat","background-position":"center center","background-size":"auto","background-attachment":"scroll","background-type":"","background-media":"","overlay-type":"","overlay-color":"","overlay-opacity":"","overlay-gradient":""}}},"product_brand":[],"product_cat":[4470],"product_tag":[4319,2399,4320,317,2785,2555,3435,3667,2551,2621,118,3830,2869,3933,3030,20,3523,3334,2419,3312,4351,3525,4327,2332,3653,4322,18,52,2285,2206,432,2629,3174,65,35,2971,2482,3591,4321,3513,4199,4482,24,2832,2368],"class_list":{"0":"post-147276","1":"product","2":"type-product","3":"status-publish","4":"has-post-thumbnail","6":"product_cat-videos","7":"product_tag-anal-sex","8":"product_tag-ass","9":"product_tag-assfuck","10":"product_tag-asshole","11":"product_tag-bdsm","12":"product_tag-blowjob","13":"product_tag-bondage-2","14":"product_tag-business","15":"product_tag-couple","16":"product_tag-cow-dung","17":"product_tag-cowshed","18":"product_tag-cowshit","19":"product_tag-cumshot","20":"product_tag-doggystyle","21":"product_tag-download","22":"product_tag-dung","23":"product_tag-fingering","24":"product_tag-fisting","25":"product_tag-full-hd","26":"product_tag-gay","27":"product_tag-gay-couple","28":"product_tag-group","29":"product_tag-homosexual","30":"product_tag-jerking-off","31":"product_tag-latex","32":"product_tag-luc-1984","33":"product_tag-manure","34":"product_tag-manure-channel","35":"product_tag-masturbate","36":"product_tag-masturbation","37":"product_tag-men","38":"product_tag-messy","39":"product_tag-missionary","40":"product_tag-naked","41":"product_tag-orgasm","42":"product_tag-pee","43":"product_tag-peeing","44":"product_tag-public","45":"product_tag-sandwich","46":"product_tag-scati-own","47":"product_tag-season-5","48":"product_tag-sex-in-cowshit","49":"product_tag-slurry","50":"product_tag-smearing","51":"product_tag-ultra-hd","52":"pa_length-41-minutes","53":"pa_product-type-digital-download-full-hd-video","54":"pa_product-type-digital-download-ultra-hd-video","55":"pa_product-type-usb-stick","56":"pa_video-info-full-hd-1920x1080p","57":"pa_video-info-ultra-hd-4k","58":"desktop-align-center","59":"tablet-align-left","60":"mobile-align-left","62":"first","63":"instock","64":"featured","65":"shipping-taxable","66":"purchasable","67":"product-type-variable"},"exclude_global_add_ons":[],"addons":[],"acf":[],"yoast_head":"<!-- This site is optimized with the Yoast SEO Premium plugin v27.1 (Yoast SEO v27.1.1) - https:\/\/yoast.com\/product\/yoast-seo-premium-wordpress\/ -->\n<title>The Dirty Dung Business - ManureFetish<\/title>\n<meta name=\"description\" content=\"The Dirty Dung Business, Luc and Scati own meet in the cowshed to celebrate a successful deal they made.\" \/>\n<meta name=\"robots\" content=\"index, follow, max-snippet:-1, max-image-preview:large, max-video-preview:-1\" \/>\n<link rel=\"canonical\" href=\"https:\/\/manurefetish.com\/es\/shop\/videos\/the-dirty-dung-business\/\" \/>\n<meta property=\"og:locale\" content=\"es_ES\" \/>\n<meta property=\"og:type\" content=\"article\" \/>\n<meta property=\"og:title\" content=\"The Dirty Dung Business\" \/>\n<meta property=\"og:description\" content=\"The Dirty Dung Business, Luc and Scati own meet in the cowshed to celebrate a successful deal they made.\" \/>\n<meta property=\"og:url\" content=\"https:\/\/manurefetish.com\/es\/shop\/videos\/the-dirty-dung-business\/\" \/>\n<meta property=\"og:site_name\" content=\"ManureFetish\" \/>\n<meta property=\"article:publisher\" content=\"https:\/\/www.facebook.com\/manurefetish\/\" \/>\n<meta property=\"article:modified_time\" content=\"2026-05-05T06:51:19+00:00\" \/>\n<meta property=\"og:image\" content=\"https:\/\/manurefetish.com\/wp-content\/uploads\/2024\/10\/Dirty-Dung-Business.jpg\" \/>\n\t<meta property=\"og:image:width\" content=\"1728\" \/>\n\t<meta property=\"og:image:height\" content=\"576\" \/>\n\t<meta property=\"og:image:type\" content=\"image\/jpeg\" \/>\n<meta name=\"twitter:card\" content=\"summary_large_image\" \/>\n<meta name=\"twitter:site\" content=\"@Manurefetisch\" \/>\n<script type=\"application\/ld+json\" class=\"yoast-schema-graph\">{\"@context\":\"https:\/\/schema.org\",\"@graph\":[{\"@type\":\"WebPage\",\"@id\":\"https:\/\/manurefetish.com\/shop\/videos\/the-dirty-dung-business\/\",\"url\":\"https:\/\/manurefetish.com\/shop\/videos\/the-dirty-dung-business\/\",\"name\":\"The Dirty Dung Business - ManureFetish\",\"isPartOf\":{\"@id\":\"https:\/\/manurefetish.com\/#website\"},\"primaryImageOfPage\":{\"@id\":\"https:\/\/manurefetish.com\/shop\/videos\/the-dirty-dung-business\/#primaryimage\"},\"image\":{\"@id\":\"https:\/\/manurefetish.com\/shop\/videos\/the-dirty-dung-business\/#primaryimage\"},\"thumbnailUrl\":\"https:\/\/manurefetish.b-cdn.net\/wp-content\/uploads\/2024\/10\/Dirty-Dung-Business.jpg\",\"datePublished\":\"2024-10-05T18:25:21+00:00\",\"dateModified\":\"2026-05-05T06:51:19+00:00\",\"description\":\"The Dirty Dung Business, Luc and Scati own meet in the cowshed to celebrate a successful deal they made.\",\"breadcrumb\":{\"@id\":\"https:\/\/manurefetish.com\/shop\/videos\/the-dirty-dung-business\/#breadcrumb\"},\"inLanguage\":\"es\",\"potentialAction\":[{\"@type\":\"ReadAction\",\"target\":[\"https:\/\/manurefetish.com\/shop\/videos\/the-dirty-dung-business\/\"]}]},{\"@type\":\"ImageObject\",\"inLanguage\":\"es\",\"@id\":\"https:\/\/manurefetish.com\/shop\/videos\/the-dirty-dung-business\/#primaryimage\",\"url\":\"https:\/\/manurefetish.b-cdn.net\/wp-content\/uploads\/2024\/10\/Dirty-Dung-Business.jpg\",\"contentUrl\":\"https:\/\/manurefetish.b-cdn.net\/wp-content\/uploads\/2024\/10\/Dirty-Dung-Business.jpg\",\"width\":1728,\"height\":576},{\"@type\":\"BreadcrumbList\",\"@id\":\"https:\/\/manurefetish.com\/shop\/videos\/the-dirty-dung-business\/#breadcrumb\",\"itemListElement\":[{\"@type\":\"ListItem\",\"position\":1,\"name\":\"Home\",\"item\":\"https:\/\/manurefetish.com\/\"},{\"@type\":\"ListItem\",\"position\":2,\"name\":\"Shop\",\"item\":\"https:\/\/manurefetish.com\/shop\/\"},{\"@type\":\"ListItem\",\"position\":3,\"name\":\"Videos\",\"item\":\"https:\/\/manurefetish.com\/product-category\/videos\/\"},{\"@type\":\"ListItem\",\"position\":4,\"name\":\"The Dirty Dung Business\"}]},{\"@type\":\"WebSite\",\"@id\":\"https:\/\/manurefetish.com\/#website\",\"url\":\"https:\/\/manurefetish.com\/\",\"name\":\"ManureFetish\",\"description\":\"ManureFetish Shop\",\"publisher\":{\"@id\":\"https:\/\/manurefetish.com\/#organization\"},\"potentialAction\":[{\"@type\":\"SearchAction\",\"target\":{\"@type\":\"EntryPoint\",\"urlTemplate\":\"https:\/\/manurefetish.com\/?s={search_term_string}\"},\"query-input\":{\"@type\":\"PropertyValueSpecification\",\"valueRequired\":true,\"valueName\":\"search_term_string\"}}],\"inLanguage\":\"es\"},{\"@type\":\"Organization\",\"@id\":\"https:\/\/manurefetish.com\/#organization\",\"name\":\"ManureFetish.com\",\"url\":\"https:\/\/manurefetish.com\/\",\"logo\":{\"@type\":\"ImageObject\",\"inLanguage\":\"es\",\"@id\":\"https:\/\/manurefetish.com\/#\/schema\/logo\/image\/\",\"url\":\"https:\/\/manurefetish.com\/wp-content\/uploads\/2019\/06\/1000xmanurefetishcom-michaela-logo-website-shop.png\",\"contentUrl\":\"https:\/\/manurefetish.com\/wp-content\/uploads\/2019\/06\/1000xmanurefetishcom-michaela-logo-website-shop.png\",\"width\":1000,\"height\":632,\"caption\":\"ManureFetish.com\"},\"image\":{\"@id\":\"https:\/\/manurefetish.com\/#\/schema\/logo\/image\/\"},\"sameAs\":[\"https:\/\/www.facebook.com\/manurefetish\/\",\"https:\/\/x.com\/Manurefetisch\",\"https:\/\/www.youtube.com\/c\/ManureFetish\"],\"description\":\"We're creating various fetish content with female and male models alike.\",\"foundingDate\":\"2019-07-04\",\"vatID\":\"DE366928521\",\"numberOfEmployees\":{\"@type\":\"QuantitativeValue\",\"minValue\":\"1\",\"maxValue\":\"10\"}}]}<\/script>\n<meta property=\"og:availability\" content=\"instock\" \/>\n<meta property=\"product:availability\" content=\"instock\" \/>\n<meta property=\"product:retailer_item_id\" content=\"MFM-TDDB\" \/>\n<meta property=\"product:condition\" content=\"new\" \/>\n<!-- \/ Yoast SEO Premium plugin. -->","yoast_head_json":{"title":"El sucio negocio del esti\u00e9rcol - ManureFetish","description":"The Dirty Dung Business, Luc and Scati own meet in the cowshed to celebrate a successful deal they made.","robots":{"index":"index","follow":"follow","max-snippet":"max-snippet:-1","max-image-preview":"max-image-preview:large","max-video-preview":"max-video-preview:-1"},"canonical":"https:\/\/manurefetish.com\/es\/shop\/videos\/the-dirty-dung-business\/","og_locale":"es_ES","og_type":"article","og_title":"The Dirty Dung Business","og_description":"The Dirty Dung Business, Luc and Scati own meet in the cowshed to celebrate a successful deal they made.","og_url":"https:\/\/manurefetish.com\/es\/shop\/videos\/the-dirty-dung-business\/","og_site_name":"ManureFetish","article_publisher":"https:\/\/www.facebook.com\/manurefetish\/","article_modified_time":"2026-05-05T06:51:19+00:00","og_image":[{"width":1728,"height":576,"url":"https:\/\/manurefetish.com\/wp-content\/uploads\/2024\/10\/Dirty-Dung-Business.jpg","type":"image\/jpeg"}],"twitter_card":"summary_large_image","twitter_site":"@Manurefetisch","schema":{"@context":"https:\/\/schema.org","@graph":[{"@type":"WebPage","@id":"https:\/\/manurefetish.com\/shop\/videos\/the-dirty-dung-business\/","url":"https:\/\/manurefetish.com\/shop\/videos\/the-dirty-dung-business\/","name":"El sucio negocio del esti\u00e9rcol - ManureFetish","isPartOf":{"@id":"https:\/\/manurefetish.com\/#website"},"primaryImageOfPage":{"@id":"https:\/\/manurefetish.com\/shop\/videos\/the-dirty-dung-business\/#primaryimage"},"image":{"@id":"https:\/\/manurefetish.com\/shop\/videos\/the-dirty-dung-business\/#primaryimage"},"thumbnailUrl":"https:\/\/manurefetish.b-cdn.net\/wp-content\/uploads\/2024\/10\/Dirty-Dung-Business.jpg","datePublished":"2024-10-05T18:25:21+00:00","dateModified":"2026-05-05T06:51:19+00:00","description":"The Dirty Dung Business, Luc and Scati own meet in the cowshed to celebrate a successful deal they made.","breadcrumb":{"@id":"https:\/\/manurefetish.com\/shop\/videos\/the-dirty-dung-business\/#breadcrumb"},"inLanguage":"es","potentialAction":[{"@type":"ReadAction","target":["https:\/\/manurefetish.com\/shop\/videos\/the-dirty-dung-business\/"]}]},{"@type":"ImageObject","inLanguage":"es","@id":"https:\/\/manurefetish.com\/shop\/videos\/the-dirty-dung-business\/#primaryimage","url":"https:\/\/manurefetish.b-cdn.net\/wp-content\/uploads\/2024\/10\/Dirty-Dung-Business.jpg","contentUrl":"https:\/\/manurefetish.b-cdn.net\/wp-content\/uploads\/2024\/10\/Dirty-Dung-Business.jpg","width":1728,"height":576},{"@type":"BreadcrumbList","@id":"https:\/\/manurefetish.com\/shop\/videos\/the-dirty-dung-business\/#breadcrumb","itemListElement":[{"@type":"ListItem","position":1,"name":"Home","item":"https:\/\/manurefetish.com\/"},{"@type":"ListItem","position":2,"name":"Shop","item":"https:\/\/manurefetish.com\/shop\/"},{"@type":"ListItem","position":3,"name":"Videos","item":"https:\/\/manurefetish.com\/product-category\/videos\/"},{"@type":"ListItem","position":4,"name":"The Dirty Dung Business"}]},{"@type":"WebSite","@id":"https:\/\/manurefetish.com\/#website","url":"https:\/\/manurefetish.com\/","name":"ManureFetish","description":"ManureFetish","publisher":{"@id":"https:\/\/manurefetish.com\/#organization"},"potentialAction":[{"@type":"SearchAction","target":{"@type":"EntryPoint","urlTemplate":"https:\/\/manurefetish.com\/?s={search_term_string}"},"query-input":{"@type":"PropertyValueSpecification","valueRequired":true,"valueName":"search_term_string"}}],"inLanguage":"es"},{"@type":"Organization","@id":"https:\/\/manurefetish.com\/#organization","name":"ManureFetish.com","url":"https:\/\/manurefetish.com\/","logo":{"@type":"ImageObject","inLanguage":"es","@id":"https:\/\/manurefetish.com\/#\/schema\/logo\/image\/","url":"https:\/\/manurefetish.com\/wp-content\/uploads\/2019\/06\/1000xmanurefetishcom-michaela-logo-website-shop.png","contentUrl":"https:\/\/manurefetish.com\/wp-content\/uploads\/2019\/06\/1000xmanurefetishcom-michaela-logo-website-shop.png","width":1000,"height":632,"caption":"ManureFetish.com"},"image":{"@id":"https:\/\/manurefetish.com\/#\/schema\/logo\/image\/"},"sameAs":["https:\/\/www.facebook.com\/manurefetish\/","https:\/\/x.com\/Manurefetisch","https:\/\/www.youtube.com\/c\/ManureFetish"],"description":"Estamos creando diversos contenidos fetichistas con modelos femeninos y masculinos por igual.","foundingDate":"2019-07-04","vatID":"DE366928521","numberOfEmployees":{"@type":"QuantitativeValue","minValue":"1","maxValue":"10"}}]},"og_availability":"instock","product_availability":"instock","product_retailer_item_id":"MFM-TDDB","product_condition":"new"},"_links":{"self":[{"href":"https:\/\/manurefetish.com\/es\/wp-json\/wp\/v2\/product\/147276","targetHints":{"allow":["GET"]}}],"collection":[{"href":"https:\/\/manurefetish.com\/es\/wp-json\/wp\/v2\/product"}],"about":[{"href":"https:\/\/manurefetish.com\/es\/wp-json\/wp\/v2\/types\/product"}],"replies":[{"embeddable":true,"href":"https:\/\/manurefetish.com\/es\/wp-json\/wp\/v2\/comments?post=147276"}],"version-history":[{"count":0,"href":"https:\/\/manurefetish.com\/es\/wp-json\/wp\/v2\/product\/147276\/revisions"}],"wp:featuredmedia":[{"embeddable":true,"href":"https:\/\/manurefetish.com\/es\/wp-json\/wp\/v2\/media\/199257"}],"wp:attachment":[{"href":"https:\/\/manurefetish.com\/es\/wp-json\/wp\/v2\/media?parent=147276"}],"wp:term":[{"taxonomy":"product_brand","embeddable":true,"href":"https:\/\/manurefetish.com\/es\/wp-json\/wp\/v2\/product_brand?post=147276"},{"taxonomy":"product_cat","embeddable":true,"href":"https:\/\/manurefetish.com\/es\/wp-json\/wp\/v2\/product_cat?post=147276"},{"taxonomy":"product_tag","embeddable":true,"href":"https:\/\/manurefetish.com\/es\/wp-json\/wp\/v2\/product_tag?post=147276"}],"curies":[{"name":"wp","href":"https:\/\/api.w.org\/{rel}","templated":true}]}}