{"id":147135,"date":"2024-10-04T20:00:45","date_gmt":"2024-10-04T18:00:45","guid":{"rendered":"https:\/\/manurefetish.com\/?post_type=product&#038;p=147135"},"modified":"2026-03-24T15:17:18","modified_gmt":"2026-03-24T14:17:18","slug":"pleasure-in-the-manure-shaft","status":"publish","type":"product","link":"https:\/\/manurefetish.com\/es\/shop\/videos\/pleasure-in-the-manure-shaft\/","title":{"rendered":"Placer en el pozo de esti\u00e9rcol"},"content":{"rendered":"<p>Lyndra Lynn camina por el corral, detr\u00e1s del establo encuentra tres grandes fosas de esti\u00e9rcol, sin embargo no lleva nada con ella para entrar all\u00ed. Camina un poco m\u00e1s y encuentra un pozo abierto, donde llega la mierda de vaca del establo y se reparte entre los estercoleros. No lo duda, se quita el vestido y se sienta en el borde, metiendo un pie en la cremosa mierda de vaca. Ya le gusta y se desliza directamente en el pozo de esti\u00e9rcol. Empieza a juguetear en \u00e9l, salpica mierda de vaca con los pies sobre s\u00ed misma. Se cubre con m\u00e1s mierda de vaca, lo que la excita. Empieza a masturbarse y a follarse con el consolador. Pasa del interior del tronco, donde se cubre con m\u00e1s mierda de vaca, a sentarse en el borde, y entre medias se masturba y se folla hasta alcanzar m\u00faltiples orgasmos.<\/p>","protected":false},"excerpt":{"rendered":"<p>Lyndra Lynn walks across the farmyard, behind the cowshed she finds three large manure pits, however she has nothing with her to get in there. She walks a bit further and finds an open shaft, where the cowshit from the cowshed arrives and is split between the manure pits. She doesn\u2019t hesitate, she takes off [&hellip;]<\/p>\n","protected":false},"featured_media":199258,"comment_status":"open","ping_status":"closed","template":"","meta":{"_acf_changed":false,"site-sidebar-layout":"default","site-content-layout":"","ast-site-content-layout":"default","site-content-style":"default","site-sidebar-style":"default","ast-global-header-display":"","ast-banner-title-visibility":"","ast-main-header-display":"","ast-hfb-above-header-display":"","ast-hfb-below-header-display":"","ast-hfb-mobile-header-display":"","site-post-title":"","ast-breadcrumbs-content":"","ast-featured-img":"","footer-sml-layout":"","ast-disable-related-posts":"","theme-transparent-header-meta":"default","adv-header-id-meta":"","stick-header-meta":"","header-above-stick-meta":"","header-main-stick-meta":"","header-below-stick-meta":"","astra-migrate-meta-layouts":"set","ast-page-background-enabled":"default","ast-page-background-meta":{"desktop":{"background-color":"var(--ast-global-color-4)","background-image":"","background-repeat":"repeat","background-position":"center center","background-size":"auto","background-attachment":"scroll","background-type":"","background-media":"","overlay-type":"","overlay-color":"","overlay-opacity":"","overlay-gradient":""},"tablet":{"background-color":"","background-image":"","background-repeat":"repeat","background-position":"center center","background-size":"auto","background-attachment":"scroll","background-type":"","background-media":"","overlay-type":"","overlay-color":"","overlay-opacity":"","overlay-gradient":""},"mobile":{"background-color":"","background-image":"","background-repeat":"repeat","background-position":"center center","background-size":"auto","background-attachment":"scroll","background-type":"","background-media":"","overlay-type":"","overlay-color":"","overlay-opacity":"","overlay-gradient":""}},"ast-content-background-meta":{"desktop":{"background-color":"var(--ast-global-color-5)","background-image":"","background-repeat":"repeat","background-position":"center center","background-size":"auto","background-attachment":"scroll","background-type":"","background-media":"","overlay-type":"","overlay-color":"","overlay-opacity":"","overlay-gradient":""},"tablet":{"background-color":"var(--ast-global-color-5)","background-image":"","background-repeat":"repeat","background-position":"center center","background-size":"auto","background-attachment":"scroll","background-type":"","background-media":"","overlay-type":"","overlay-color":"","overlay-opacity":"","overlay-gradient":""},"mobile":{"background-color":"var(--ast-global-color-5)","background-image":"","background-repeat":"repeat","background-position":"center center","background-size":"auto","background-attachment":"scroll","background-type":"","background-media":"","overlay-type":"","overlay-color":"","overlay-opacity":"","overlay-gradient":""}}},"product_brand":[],"product_cat":[4470],"product_tag":[4196,317,318,2632,3830,316,3030,2513,20,3523,2552,2419,2841,18,51,2285,2206,2629,3174,65,35,360,2971,2482,3591,32,4199,2650,4482,24,2832,4342,2368,3233],"class_list":{"0":"post-147135","1":"product","2":"type-product","3":"status-publish","4":"has-post-thumbnail","6":"product_cat-videos","7":"product_tag-animal-scat","8":"product_tag-asshole","9":"product_tag-boobs","10":"product_tag-bra","11":"product_tag-cowshit","12":"product_tag-cunt","13":"product_tag-download","14":"product_tag-dress","15":"product_tag-dung","16":"product_tag-fingering","17":"product_tag-fucking","18":"product_tag-full-hd","19":"product_tag-lyndra-lynn","20":"product_tag-manure","21":"product_tag-manure-pit","22":"product_tag-masturbate","23":"product_tag-masturbation","24":"product_tag-messy","25":"product_tag-missionary","26":"product_tag-naked","27":"product_tag-orgasm","28":"product_tag-outdoor","29":"product_tag-pee","30":"product_tag-peeing","31":"product_tag-public","32":"product_tag-pussy","33":"product_tag-season-5","34":"product_tag-sensual","35":"product_tag-sex-in-cowshit","36":"product_tag-slurry","37":"product_tag-smearing","38":"product_tag-toy","39":"product_tag-ultra-hd","40":"product_tag-waifu","41":"pa_length-43-minutes","42":"pa_product-type-digital-download-full-hd-video","43":"pa_product-type-digital-download-ultra-hd-video","44":"pa_product-type-usb-stick","45":"pa_video-info-full-hd-1920x1080p","46":"pa_video-info-ultra-hd-4k","47":"desktop-align-center","48":"tablet-align-left","49":"mobile-align-left","51":"first","52":"instock","53":"shipping-taxable","54":"purchasable","55":"product-type-variable"},"exclude_global_add_ons":[],"addons":[],"acf":[],"yoast_head":"<!-- This site is optimized with the Yoast SEO Premium plugin v27.1 (Yoast SEO v27.1.1) - https:\/\/yoast.com\/product\/yoast-seo-premium-wordpress\/ -->\n<title>Pleasure In The Manure Shaft - ManureFetish<\/title>\n<meta name=\"description\" content=\"Pleasure In The Manure Shaft, Lyndra Lynn finds a new spot on the farm for her fun in cowshit, she loves to bath in cowshit and also masturbates with it.\" \/>\n<meta name=\"robots\" content=\"index, follow, max-snippet:-1, max-image-preview:large, max-video-preview:-1\" \/>\n<link rel=\"canonical\" href=\"https:\/\/manurefetish.com\/es\/shop\/videos\/pleasure-in-the-manure-shaft\/\" \/>\n<meta property=\"og:locale\" content=\"es_ES\" \/>\n<meta property=\"og:type\" content=\"article\" \/>\n<meta property=\"og:title\" content=\"Pleasure In The Manure Shaft\" \/>\n<meta property=\"og:description\" content=\"Pleasure In The Manure Shaft, Lyndra Lynn finds a new spot on the farm for her fun in cowshit, she loves to bath in cowshit and also masturbates with it.\" \/>\n<meta property=\"og:url\" content=\"https:\/\/manurefetish.com\/es\/shop\/videos\/pleasure-in-the-manure-shaft\/\" \/>\n<meta property=\"og:site_name\" content=\"ManureFetish\" \/>\n<meta property=\"article:publisher\" content=\"https:\/\/www.facebook.com\/manurefetish\/\" \/>\n<meta property=\"article:modified_time\" content=\"2026-03-24T14:17:18+00:00\" \/>\n<meta property=\"og:image\" content=\"https:\/\/manurefetish.com\/wp-content\/uploads\/2024\/10\/Lyndra-Lynn-Morning-in-Cowshit.jpg\" \/>\n\t<meta property=\"og:image:width\" content=\"1728\" \/>\n\t<meta property=\"og:image:height\" content=\"576\" \/>\n\t<meta property=\"og:image:type\" content=\"image\/jpeg\" \/>\n<meta name=\"twitter:card\" content=\"summary_large_image\" \/>\n<meta name=\"twitter:site\" content=\"@Manurefetisch\" \/>\n<script type=\"application\/ld+json\" class=\"yoast-schema-graph\">{\"@context\":\"https:\/\/schema.org\",\"@graph\":[{\"@type\":\"WebPage\",\"@id\":\"https:\/\/manurefetish.com\/shop\/videos\/pleasure-in-the-manure-shaft\/\",\"url\":\"https:\/\/manurefetish.com\/shop\/videos\/pleasure-in-the-manure-shaft\/\",\"name\":\"Pleasure In The Manure Shaft - ManureFetish\",\"isPartOf\":{\"@id\":\"https:\/\/manurefetish.com\/#website\"},\"primaryImageOfPage\":{\"@id\":\"https:\/\/manurefetish.com\/shop\/videos\/pleasure-in-the-manure-shaft\/#primaryimage\"},\"image\":{\"@id\":\"https:\/\/manurefetish.com\/shop\/videos\/pleasure-in-the-manure-shaft\/#primaryimage\"},\"thumbnailUrl\":\"https:\/\/manurefetish.b-cdn.net\/wp-content\/uploads\/2024\/10\/Lyndra-Lynn-Morning-in-Cowshit.jpg\",\"datePublished\":\"2024-10-04T18:00:45+00:00\",\"dateModified\":\"2026-03-24T14:17:18+00:00\",\"description\":\"Pleasure In The Manure Shaft, Lyndra Lynn finds a new spot on the farm for her fun in cowshit, she loves to bath in cowshit and also masturbates with it.\",\"breadcrumb\":{\"@id\":\"https:\/\/manurefetish.com\/shop\/videos\/pleasure-in-the-manure-shaft\/#breadcrumb\"},\"inLanguage\":\"es\",\"potentialAction\":[{\"@type\":\"ReadAction\",\"target\":[\"https:\/\/manurefetish.com\/shop\/videos\/pleasure-in-the-manure-shaft\/\"]}]},{\"@type\":\"ImageObject\",\"inLanguage\":\"es\",\"@id\":\"https:\/\/manurefetish.com\/shop\/videos\/pleasure-in-the-manure-shaft\/#primaryimage\",\"url\":\"https:\/\/manurefetish.b-cdn.net\/wp-content\/uploads\/2024\/10\/Lyndra-Lynn-Morning-in-Cowshit.jpg\",\"contentUrl\":\"https:\/\/manurefetish.b-cdn.net\/wp-content\/uploads\/2024\/10\/Lyndra-Lynn-Morning-in-Cowshit.jpg\",\"width\":1728,\"height\":576},{\"@type\":\"BreadcrumbList\",\"@id\":\"https:\/\/manurefetish.com\/shop\/videos\/pleasure-in-the-manure-shaft\/#breadcrumb\",\"itemListElement\":[{\"@type\":\"ListItem\",\"position\":1,\"name\":\"Home\",\"item\":\"https:\/\/manurefetish.com\/\"},{\"@type\":\"ListItem\",\"position\":2,\"name\":\"Shop\",\"item\":\"https:\/\/manurefetish.com\/shop\/\"},{\"@type\":\"ListItem\",\"position\":3,\"name\":\"Videos\",\"item\":\"https:\/\/manurefetish.com\/product-category\/videos\/\"},{\"@type\":\"ListItem\",\"position\":4,\"name\":\"Pleasure In The Manure Shaft\"}]},{\"@type\":\"WebSite\",\"@id\":\"https:\/\/manurefetish.com\/#website\",\"url\":\"https:\/\/manurefetish.com\/\",\"name\":\"ManureFetish\",\"description\":\"ManureFetish Shop\",\"publisher\":{\"@id\":\"https:\/\/manurefetish.com\/#organization\"},\"potentialAction\":[{\"@type\":\"SearchAction\",\"target\":{\"@type\":\"EntryPoint\",\"urlTemplate\":\"https:\/\/manurefetish.com\/?s={search_term_string}\"},\"query-input\":{\"@type\":\"PropertyValueSpecification\",\"valueRequired\":true,\"valueName\":\"search_term_string\"}}],\"inLanguage\":\"es\"},{\"@type\":\"Organization\",\"@id\":\"https:\/\/manurefetish.com\/#organization\",\"name\":\"ManureFetish.com\",\"url\":\"https:\/\/manurefetish.com\/\",\"logo\":{\"@type\":\"ImageObject\",\"inLanguage\":\"es\",\"@id\":\"https:\/\/manurefetish.com\/#\/schema\/logo\/image\/\",\"url\":\"https:\/\/manurefetish.com\/wp-content\/uploads\/2019\/06\/1000xmanurefetishcom-michaela-logo-website-shop.png\",\"contentUrl\":\"https:\/\/manurefetish.com\/wp-content\/uploads\/2019\/06\/1000xmanurefetishcom-michaela-logo-website-shop.png\",\"width\":1000,\"height\":632,\"caption\":\"ManureFetish.com\"},\"image\":{\"@id\":\"https:\/\/manurefetish.com\/#\/schema\/logo\/image\/\"},\"sameAs\":[\"https:\/\/www.facebook.com\/manurefetish\/\",\"https:\/\/x.com\/Manurefetisch\",\"https:\/\/www.youtube.com\/c\/ManureFetish\"],\"description\":\"We're creating various fetish content with female and male models alike.\",\"foundingDate\":\"2019-07-04\",\"vatID\":\"DE366928521\",\"numberOfEmployees\":{\"@type\":\"QuantitativeValue\",\"minValue\":\"1\",\"maxValue\":\"10\"}}]}<\/script>\n<meta property=\"og:availability\" content=\"instock\" \/>\n<meta property=\"product:availability\" content=\"instock\" \/>\n<meta property=\"product:retailer_item_id\" content=\"MFW-PITMS\" \/>\n<meta property=\"product:condition\" content=\"new\" \/>\n<!-- \/ Yoast SEO Premium plugin. -->","yoast_head_json":{"title":"Placer En El Fuste Del Esti\u00e9rcol - ManureFetish","description":"Pleasure In The Manure Shaft, Lyndra Lynn encuentra un nuevo lugar en la granja para su diversi\u00f3n en la mierda de vaca, le encanta ba\u00f1arse en mierda de vaca y tambi\u00e9n se masturba con ella.","robots":{"index":"index","follow":"follow","max-snippet":"max-snippet:-1","max-image-preview":"max-image-preview:large","max-video-preview":"max-video-preview:-1"},"canonical":"https:\/\/manurefetish.com\/es\/shop\/videos\/pleasure-in-the-manure-shaft\/","og_locale":"es_ES","og_type":"article","og_title":"Pleasure In The Manure Shaft","og_description":"Pleasure In The Manure Shaft, Lyndra Lynn finds a new spot on the farm for her fun in cowshit, she loves to bath in cowshit and also masturbates with it.","og_url":"https:\/\/manurefetish.com\/es\/shop\/videos\/pleasure-in-the-manure-shaft\/","og_site_name":"ManureFetish","article_publisher":"https:\/\/www.facebook.com\/manurefetish\/","article_modified_time":"2026-03-24T14:17:18+00:00","og_image":[{"width":1728,"height":576,"url":"https:\/\/manurefetish.com\/wp-content\/uploads\/2024\/10\/Lyndra-Lynn-Morning-in-Cowshit.jpg","type":"image\/jpeg"}],"twitter_card":"summary_large_image","twitter_site":"@Manurefetisch","schema":{"@context":"https:\/\/schema.org","@graph":[{"@type":"WebPage","@id":"https:\/\/manurefetish.com\/shop\/videos\/pleasure-in-the-manure-shaft\/","url":"https:\/\/manurefetish.com\/shop\/videos\/pleasure-in-the-manure-shaft\/","name":"Placer En El Fuste Del Esti\u00e9rcol - ManureFetish","isPartOf":{"@id":"https:\/\/manurefetish.com\/#website"},"primaryImageOfPage":{"@id":"https:\/\/manurefetish.com\/shop\/videos\/pleasure-in-the-manure-shaft\/#primaryimage"},"image":{"@id":"https:\/\/manurefetish.com\/shop\/videos\/pleasure-in-the-manure-shaft\/#primaryimage"},"thumbnailUrl":"https:\/\/manurefetish.b-cdn.net\/wp-content\/uploads\/2024\/10\/Lyndra-Lynn-Morning-in-Cowshit.jpg","datePublished":"2024-10-04T18:00:45+00:00","dateModified":"2026-03-24T14:17:18+00:00","description":"Pleasure In The Manure Shaft, Lyndra Lynn encuentra un nuevo lugar en la granja para su diversi\u00f3n en la mierda de vaca, le encanta ba\u00f1arse en mierda de vaca y tambi\u00e9n se masturba con ella.","breadcrumb":{"@id":"https:\/\/manurefetish.com\/shop\/videos\/pleasure-in-the-manure-shaft\/#breadcrumb"},"inLanguage":"es","potentialAction":[{"@type":"ReadAction","target":["https:\/\/manurefetish.com\/shop\/videos\/pleasure-in-the-manure-shaft\/"]}]},{"@type":"ImageObject","inLanguage":"es","@id":"https:\/\/manurefetish.com\/shop\/videos\/pleasure-in-the-manure-shaft\/#primaryimage","url":"https:\/\/manurefetish.b-cdn.net\/wp-content\/uploads\/2024\/10\/Lyndra-Lynn-Morning-in-Cowshit.jpg","contentUrl":"https:\/\/manurefetish.b-cdn.net\/wp-content\/uploads\/2024\/10\/Lyndra-Lynn-Morning-in-Cowshit.jpg","width":1728,"height":576},{"@type":"BreadcrumbList","@id":"https:\/\/manurefetish.com\/shop\/videos\/pleasure-in-the-manure-shaft\/#breadcrumb","itemListElement":[{"@type":"ListItem","position":1,"name":"Home","item":"https:\/\/manurefetish.com\/"},{"@type":"ListItem","position":2,"name":"Shop","item":"https:\/\/manurefetish.com\/shop\/"},{"@type":"ListItem","position":3,"name":"Videos","item":"https:\/\/manurefetish.com\/product-category\/videos\/"},{"@type":"ListItem","position":4,"name":"Pleasure In The Manure Shaft"}]},{"@type":"WebSite","@id":"https:\/\/manurefetish.com\/#website","url":"https:\/\/manurefetish.com\/","name":"ManureFetish","description":"ManureFetish","publisher":{"@id":"https:\/\/manurefetish.com\/#organization"},"potentialAction":[{"@type":"SearchAction","target":{"@type":"EntryPoint","urlTemplate":"https:\/\/manurefetish.com\/?s={search_term_string}"},"query-input":{"@type":"PropertyValueSpecification","valueRequired":true,"valueName":"search_term_string"}}],"inLanguage":"es"},{"@type":"Organization","@id":"https:\/\/manurefetish.com\/#organization","name":"ManureFetish.com","url":"https:\/\/manurefetish.com\/","logo":{"@type":"ImageObject","inLanguage":"es","@id":"https:\/\/manurefetish.com\/#\/schema\/logo\/image\/","url":"https:\/\/manurefetish.com\/wp-content\/uploads\/2019\/06\/1000xmanurefetishcom-michaela-logo-website-shop.png","contentUrl":"https:\/\/manurefetish.com\/wp-content\/uploads\/2019\/06\/1000xmanurefetishcom-michaela-logo-website-shop.png","width":1000,"height":632,"caption":"ManureFetish.com"},"image":{"@id":"https:\/\/manurefetish.com\/#\/schema\/logo\/image\/"},"sameAs":["https:\/\/www.facebook.com\/manurefetish\/","https:\/\/x.com\/Manurefetisch","https:\/\/www.youtube.com\/c\/ManureFetish"],"description":"Estamos creando diversos contenidos fetichistas con modelos femeninos y masculinos por igual.","foundingDate":"2019-07-04","vatID":"DE366928521","numberOfEmployees":{"@type":"QuantitativeValue","minValue":"1","maxValue":"10"}}]},"og_availability":"instock","product_availability":"instock","product_retailer_item_id":"MFW-PITMS","product_condition":"new"},"_links":{"self":[{"href":"https:\/\/manurefetish.com\/es\/wp-json\/wp\/v2\/product\/147135","targetHints":{"allow":["GET"]}}],"collection":[{"href":"https:\/\/manurefetish.com\/es\/wp-json\/wp\/v2\/product"}],"about":[{"href":"https:\/\/manurefetish.com\/es\/wp-json\/wp\/v2\/types\/product"}],"replies":[{"embeddable":true,"href":"https:\/\/manurefetish.com\/es\/wp-json\/wp\/v2\/comments?post=147135"}],"version-history":[{"count":0,"href":"https:\/\/manurefetish.com\/es\/wp-json\/wp\/v2\/product\/147135\/revisions"}],"wp:featuredmedia":[{"embeddable":true,"href":"https:\/\/manurefetish.com\/es\/wp-json\/wp\/v2\/media\/199258"}],"wp:attachment":[{"href":"https:\/\/manurefetish.com\/es\/wp-json\/wp\/v2\/media?parent=147135"}],"wp:term":[{"taxonomy":"product_brand","embeddable":true,"href":"https:\/\/manurefetish.com\/es\/wp-json\/wp\/v2\/product_brand?post=147135"},{"taxonomy":"product_cat","embeddable":true,"href":"https:\/\/manurefetish.com\/es\/wp-json\/wp\/v2\/product_cat?post=147135"},{"taxonomy":"product_tag","embeddable":true,"href":"https:\/\/manurefetish.com\/es\/wp-json\/wp\/v2\/product_tag?post=147135"}],"curies":[{"name":"wp","href":"https:\/\/api.w.org\/{rel}","templated":true}]}}