{"id":145037,"date":"2024-10-08T20:40:56","date_gmt":"2024-10-08T18:40:56","guid":{"rendered":"https:\/\/manurefetish.com\/?post_type=product&#038;p=145037"},"modified":"2026-03-24T15:16:52","modified_gmt":"2026-03-24T14:16:52","slug":"maria-anjel-southern-cowgirl-private-moments","status":"publish","type":"product","link":"https:\/\/manurefetish.com\/es\/shop\/videos\/maria-anjel-southern-cowgirl-private-moments\/","title":{"rendered":"Maria Anjel Vaquera sure\u00f1a Momentos privados"},"content":{"rendered":"<p><span style=\"font-weight: 400;\">Anjel ayud\u00f3 antes en una granja, siempre se sinti\u00f3 atra\u00edda por la mierda de vaca. Sin embargo, nunca pudo satisfacer sus deseos y fantas\u00edas porque siempre hab\u00eda gente alrededor. Ese d\u00eda no hab\u00eda nadie m\u00e1s en la granja, as\u00ed que aprovech\u00f3 la oportunidad para hacer por fin lo que siempre hab\u00eda deseado.<\/span><\/p>\n<p><span style=\"font-weight: 400;\">Entr\u00f3 en el establo y fue directa al lugar donde ocurrir\u00eda. Se sent\u00f3 justo al lado del canal de esti\u00e9rcol. Empieza a cubrirse primero las piernas y los brazos, sintiendo la mierda cremosa en la piel. Luego el resto del cuerpo y la ropa, antes de quit\u00e1rsela. Se mete en el canal de esti\u00e9rcol y empieza a masturbarse porque el olor y la sensaci\u00f3n de la mierda de vaca la excitan mucho. Cumple su fantas\u00eda y su sue\u00f1o all\u00ed mismo, cubierta por completo de mierda de vaca, sumergi\u00e9ndose y unt\u00e1ndose por todas partes y masturb\u00e1ndose, por supuesto, en todas las posturas que se le ocurran.<\/span><\/p>","protected":false},"excerpt":{"rendered":"<p>Anjel helped on a farm before, she was always drawn to cowshit. However she never could indulge in her desires and fantasies because there were always people around. On this day nobody else was on the farm so she took the chance to finally do what she always wanted to. She walked into the cowshed [&hellip;]<\/p>\n","protected":false},"featured_media":199254,"comment_status":"open","ping_status":"closed","template":"","meta":{"_acf_changed":false,"site-sidebar-layout":"default","site-content-layout":"","ast-site-content-layout":"default","site-content-style":"default","site-sidebar-style":"default","ast-global-header-display":"","ast-banner-title-visibility":"","ast-main-header-display":"","ast-hfb-above-header-display":"","ast-hfb-below-header-display":"","ast-hfb-mobile-header-display":"","site-post-title":"","ast-breadcrumbs-content":"","ast-featured-img":"","footer-sml-layout":"","ast-disable-related-posts":"","theme-transparent-header-meta":"default","adv-header-id-meta":"","stick-header-meta":"","header-above-stick-meta":"","header-main-stick-meta":"","header-below-stick-meta":"","astra-migrate-meta-layouts":"set","ast-page-background-enabled":"default","ast-page-background-meta":{"desktop":{"background-color":"var(--ast-global-color-4)","background-image":"","background-repeat":"repeat","background-position":"center center","background-size":"auto","background-attachment":"scroll","background-type":"","background-media":"","overlay-type":"","overlay-color":"","overlay-opacity":"","overlay-gradient":""},"tablet":{"background-color":"","background-image":"","background-repeat":"repeat","background-position":"center center","background-size":"auto","background-attachment":"scroll","background-type":"","background-media":"","overlay-type":"","overlay-color":"","overlay-opacity":"","overlay-gradient":""},"mobile":{"background-color":"","background-image":"","background-repeat":"repeat","background-position":"center center","background-size":"auto","background-attachment":"scroll","background-type":"","background-media":"","overlay-type":"","overlay-color":"","overlay-opacity":"","overlay-gradient":""}},"ast-content-background-meta":{"desktop":{"background-color":"var(--ast-global-color-5)","background-image":"","background-repeat":"repeat","background-position":"center center","background-size":"auto","background-attachment":"scroll","background-type":"","background-media":"","overlay-type":"","overlay-color":"","overlay-opacity":"","overlay-gradient":""},"tablet":{"background-color":"var(--ast-global-color-5)","background-image":"","background-repeat":"repeat","background-position":"center center","background-size":"auto","background-attachment":"scroll","background-type":"","background-media":"","overlay-type":"","overlay-color":"","overlay-opacity":"","overlay-gradient":""},"mobile":{"background-color":"var(--ast-global-color-5)","background-image":"","background-repeat":"repeat","background-position":"center center","background-size":"auto","background-attachment":"scroll","background-type":"","background-media":"","overlay-type":"","overlay-color":"","overlay-opacity":"","overlay-gradient":""}}},"product_brand":[],"product_cat":[4470],"product_tag":[4300,17,4196,317,318,2621,2558,118,3830,316,64,3933,3030,20,2624,3523,4139,2419,18,4301,2285,2206,2629,3174,65,35,32,3583,4199,2650,4482,24,2832,29,4280,319,4281,2368],"class_list":{"0":"post-145037","1":"product","2":"type-product","3":"status-publish","4":"has-post-thumbnail","6":"product_cat-videos","7":"product_tag-alt-anjel","8":"product_tag-anal","9":"product_tag-animal-scat","10":"product_tag-asshole","11":"product_tag-boobs","12":"product_tag-cow-dung","13":"product_tag-cowgirl","14":"product_tag-cowshed","15":"product_tag-cowshit","16":"product_tag-cunt","17":"product_tag-dildo","18":"product_tag-doggystyle","19":"product_tag-download","20":"product_tag-dung","21":"product_tag-farm","22":"product_tag-fingering","23":"product_tag-first-time","24":"product_tag-full-hd","25":"product_tag-manure","26":"product_tag-maria-anjel","27":"product_tag-masturbate","28":"product_tag-masturbation","29":"product_tag-messy","30":"product_tag-missionary","31":"product_tag-naked","32":"product_tag-orgasm","33":"product_tag-pussy","34":"product_tag-pyjama","35":"product_tag-season-5","36":"product_tag-sensual","37":"product_tag-sex-in-cowshit","38":"product_tag-slurry","39":"product_tag-smearing","40":"product_tag-submerging","41":"product_tag-sucking","42":"product_tag-tits","43":"product_tag-toes","44":"product_tag-ultra-hd","45":"pa_length-45-minutes","46":"pa_product-type-digital-download-full-hd-video","47":"pa_product-type-digital-download-ultra-hd-video","48":"pa_product-type-usb-stick","49":"pa_video-info-full-hd-1920x1080p","50":"pa_video-info-ultra-hd-4k","51":"desktop-align-center","52":"tablet-align-left","53":"mobile-align-left","55":"first","56":"instock","57":"shipping-taxable","58":"purchasable","59":"product-type-variable"},"exclude_global_add_ons":[],"addons":[],"acf":[],"yoast_head":"<!-- This site is optimized with the Yoast SEO Premium plugin v27.1 (Yoast SEO v27.1.1) - https:\/\/yoast.com\/product\/yoast-seo-premium-wordpress\/ -->\n<title>Maria Anjel Southern Cowgirl Private Moments - ManureFetish<\/title>\n<meta name=\"description\" content=\"Maria Anjel Southern Cowgirl Private Moments, it&#039;s Maria Anjels first time alone in the cowshed and she loves to try to masturbate in cowshit.\" \/>\n<meta name=\"robots\" content=\"index, follow, max-snippet:-1, max-image-preview:large, max-video-preview:-1\" \/>\n<link rel=\"canonical\" href=\"https:\/\/manurefetish.com\/es\/shop\/videos\/maria-anjel-southern-cowgirl-private-moments\/\" \/>\n<meta property=\"og:locale\" content=\"es_ES\" \/>\n<meta property=\"og:type\" content=\"article\" \/>\n<meta property=\"og:title\" content=\"Maria Anjel Southern Cowgirl Private Moments\" \/>\n<meta property=\"og:description\" content=\"Maria Anjel Southern Cowgirl Private Moments, it&#039;s Maria Anjels first time alone in the cowshed and she loves to try to masturbate in cowshit.\" \/>\n<meta property=\"og:url\" content=\"https:\/\/manurefetish.com\/es\/shop\/videos\/maria-anjel-southern-cowgirl-private-moments\/\" \/>\n<meta property=\"og:site_name\" content=\"ManureFetish\" \/>\n<meta property=\"article:publisher\" content=\"https:\/\/www.facebook.com\/manurefetish\/\" \/>\n<meta property=\"article:modified_time\" content=\"2026-03-24T14:16:52+00:00\" \/>\n<meta property=\"og:image\" content=\"https:\/\/manurefetish.com\/wp-content\/uploads\/2024\/10\/Maria-Anjel-Southern-Cowgirl-PRivate-Moments.jpg\" \/>\n\t<meta property=\"og:image:width\" content=\"1728\" \/>\n\t<meta property=\"og:image:height\" content=\"576\" \/>\n\t<meta property=\"og:image:type\" content=\"image\/jpeg\" \/>\n<meta name=\"twitter:card\" content=\"summary_large_image\" \/>\n<meta name=\"twitter:site\" content=\"@Manurefetisch\" \/>\n<script type=\"application\/ld+json\" class=\"yoast-schema-graph\">{\"@context\":\"https:\/\/schema.org\",\"@graph\":[{\"@type\":\"WebPage\",\"@id\":\"https:\/\/manurefetish.com\/shop\/videos\/maria-anjel-southern-cowgirl-private-moments\/\",\"url\":\"https:\/\/manurefetish.com\/shop\/videos\/maria-anjel-southern-cowgirl-private-moments\/\",\"name\":\"Maria Anjel Southern Cowgirl Private Moments - ManureFetish\",\"isPartOf\":{\"@id\":\"https:\/\/manurefetish.com\/#website\"},\"primaryImageOfPage\":{\"@id\":\"https:\/\/manurefetish.com\/shop\/videos\/maria-anjel-southern-cowgirl-private-moments\/#primaryimage\"},\"image\":{\"@id\":\"https:\/\/manurefetish.com\/shop\/videos\/maria-anjel-southern-cowgirl-private-moments\/#primaryimage\"},\"thumbnailUrl\":\"https:\/\/manurefetish.b-cdn.net\/wp-content\/uploads\/2024\/10\/Maria-Anjel-Southern-Cowgirl-PRivate-Moments.jpg\",\"datePublished\":\"2024-10-08T18:40:56+00:00\",\"dateModified\":\"2026-03-24T14:16:52+00:00\",\"description\":\"Maria Anjel Southern Cowgirl Private Moments, it's Maria Anjels first time alone in the cowshed and she loves to try to masturbate in cowshit.\",\"breadcrumb\":{\"@id\":\"https:\/\/manurefetish.com\/shop\/videos\/maria-anjel-southern-cowgirl-private-moments\/#breadcrumb\"},\"inLanguage\":\"es\",\"potentialAction\":[{\"@type\":\"ReadAction\",\"target\":[\"https:\/\/manurefetish.com\/shop\/videos\/maria-anjel-southern-cowgirl-private-moments\/\"]}]},{\"@type\":\"ImageObject\",\"inLanguage\":\"es\",\"@id\":\"https:\/\/manurefetish.com\/shop\/videos\/maria-anjel-southern-cowgirl-private-moments\/#primaryimage\",\"url\":\"https:\/\/manurefetish.b-cdn.net\/wp-content\/uploads\/2024\/10\/Maria-Anjel-Southern-Cowgirl-PRivate-Moments.jpg\",\"contentUrl\":\"https:\/\/manurefetish.b-cdn.net\/wp-content\/uploads\/2024\/10\/Maria-Anjel-Southern-Cowgirl-PRivate-Moments.jpg\",\"width\":1728,\"height\":576},{\"@type\":\"BreadcrumbList\",\"@id\":\"https:\/\/manurefetish.com\/shop\/videos\/maria-anjel-southern-cowgirl-private-moments\/#breadcrumb\",\"itemListElement\":[{\"@type\":\"ListItem\",\"position\":1,\"name\":\"Home\",\"item\":\"https:\/\/manurefetish.com\/\"},{\"@type\":\"ListItem\",\"position\":2,\"name\":\"Shop\",\"item\":\"https:\/\/manurefetish.com\/shop\/\"},{\"@type\":\"ListItem\",\"position\":3,\"name\":\"Videos\",\"item\":\"https:\/\/manurefetish.com\/product-category\/videos\/\"},{\"@type\":\"ListItem\",\"position\":4,\"name\":\"Maria Anjel Southern Cowgirl Private Moments\"}]},{\"@type\":\"WebSite\",\"@id\":\"https:\/\/manurefetish.com\/#website\",\"url\":\"https:\/\/manurefetish.com\/\",\"name\":\"ManureFetish\",\"description\":\"ManureFetish Shop\",\"publisher\":{\"@id\":\"https:\/\/manurefetish.com\/#organization\"},\"potentialAction\":[{\"@type\":\"SearchAction\",\"target\":{\"@type\":\"EntryPoint\",\"urlTemplate\":\"https:\/\/manurefetish.com\/?s={search_term_string}\"},\"query-input\":{\"@type\":\"PropertyValueSpecification\",\"valueRequired\":true,\"valueName\":\"search_term_string\"}}],\"inLanguage\":\"es\"},{\"@type\":\"Organization\",\"@id\":\"https:\/\/manurefetish.com\/#organization\",\"name\":\"ManureFetish.com\",\"url\":\"https:\/\/manurefetish.com\/\",\"logo\":{\"@type\":\"ImageObject\",\"inLanguage\":\"es\",\"@id\":\"https:\/\/manurefetish.com\/#\/schema\/logo\/image\/\",\"url\":\"https:\/\/manurefetish.com\/wp-content\/uploads\/2019\/06\/1000xmanurefetishcom-michaela-logo-website-shop.png\",\"contentUrl\":\"https:\/\/manurefetish.com\/wp-content\/uploads\/2019\/06\/1000xmanurefetishcom-michaela-logo-website-shop.png\",\"width\":1000,\"height\":632,\"caption\":\"ManureFetish.com\"},\"image\":{\"@id\":\"https:\/\/manurefetish.com\/#\/schema\/logo\/image\/\"},\"sameAs\":[\"https:\/\/www.facebook.com\/manurefetish\/\",\"https:\/\/x.com\/Manurefetisch\",\"https:\/\/www.youtube.com\/c\/ManureFetish\"],\"description\":\"We're creating various fetish content with female and male models alike.\",\"foundingDate\":\"2019-07-04\",\"vatID\":\"DE366928521\",\"numberOfEmployees\":{\"@type\":\"QuantitativeValue\",\"minValue\":\"1\",\"maxValue\":\"10\"}}]}<\/script>\n<meta property=\"og:availability\" content=\"instock\" \/>\n<meta property=\"product:availability\" content=\"instock\" \/>\n<meta property=\"product:retailer_item_id\" content=\"MFW-SCPM\" \/>\n<meta property=\"product:condition\" content=\"new\" \/>\n<!-- \/ Yoast SEO Premium plugin. -->","yoast_head_json":{"title":"Maria Anjel Vaquera Sure\u00f1a Momentos Privados - ManureFetish","description":"Maria Anjel Vaquera sure\u00f1a Momentos privados, es la primera vez que Maria Anjels est\u00e1 sola en el establo y le encanta intentar masturbarse en la mierda de vaca.","robots":{"index":"index","follow":"follow","max-snippet":"max-snippet:-1","max-image-preview":"max-image-preview:large","max-video-preview":"max-video-preview:-1"},"canonical":"https:\/\/manurefetish.com\/es\/shop\/videos\/maria-anjel-southern-cowgirl-private-moments\/","og_locale":"es_ES","og_type":"article","og_title":"Maria Anjel Southern Cowgirl Private Moments","og_description":"Maria Anjel Southern Cowgirl Private Moments, it's Maria Anjels first time alone in the cowshed and she loves to try to masturbate in cowshit.","og_url":"https:\/\/manurefetish.com\/es\/shop\/videos\/maria-anjel-southern-cowgirl-private-moments\/","og_site_name":"ManureFetish","article_publisher":"https:\/\/www.facebook.com\/manurefetish\/","article_modified_time":"2026-03-24T14:16:52+00:00","og_image":[{"width":1728,"height":576,"url":"https:\/\/manurefetish.com\/wp-content\/uploads\/2024\/10\/Maria-Anjel-Southern-Cowgirl-PRivate-Moments.jpg","type":"image\/jpeg"}],"twitter_card":"summary_large_image","twitter_site":"@Manurefetisch","schema":{"@context":"https:\/\/schema.org","@graph":[{"@type":"WebPage","@id":"https:\/\/manurefetish.com\/shop\/videos\/maria-anjel-southern-cowgirl-private-moments\/","url":"https:\/\/manurefetish.com\/shop\/videos\/maria-anjel-southern-cowgirl-private-moments\/","name":"Maria Anjel Vaquera Sure\u00f1a Momentos Privados - ManureFetish","isPartOf":{"@id":"https:\/\/manurefetish.com\/#website"},"primaryImageOfPage":{"@id":"https:\/\/manurefetish.com\/shop\/videos\/maria-anjel-southern-cowgirl-private-moments\/#primaryimage"},"image":{"@id":"https:\/\/manurefetish.com\/shop\/videos\/maria-anjel-southern-cowgirl-private-moments\/#primaryimage"},"thumbnailUrl":"https:\/\/manurefetish.b-cdn.net\/wp-content\/uploads\/2024\/10\/Maria-Anjel-Southern-Cowgirl-PRivate-Moments.jpg","datePublished":"2024-10-08T18:40:56+00:00","dateModified":"2026-03-24T14:16:52+00:00","description":"Maria Anjel Vaquera sure\u00f1a Momentos privados, es la primera vez que Maria Anjels est\u00e1 sola en el establo y le encanta intentar masturbarse en la mierda de vaca.","breadcrumb":{"@id":"https:\/\/manurefetish.com\/shop\/videos\/maria-anjel-southern-cowgirl-private-moments\/#breadcrumb"},"inLanguage":"es","potentialAction":[{"@type":"ReadAction","target":["https:\/\/manurefetish.com\/shop\/videos\/maria-anjel-southern-cowgirl-private-moments\/"]}]},{"@type":"ImageObject","inLanguage":"es","@id":"https:\/\/manurefetish.com\/shop\/videos\/maria-anjel-southern-cowgirl-private-moments\/#primaryimage","url":"https:\/\/manurefetish.b-cdn.net\/wp-content\/uploads\/2024\/10\/Maria-Anjel-Southern-Cowgirl-PRivate-Moments.jpg","contentUrl":"https:\/\/manurefetish.b-cdn.net\/wp-content\/uploads\/2024\/10\/Maria-Anjel-Southern-Cowgirl-PRivate-Moments.jpg","width":1728,"height":576},{"@type":"BreadcrumbList","@id":"https:\/\/manurefetish.com\/shop\/videos\/maria-anjel-southern-cowgirl-private-moments\/#breadcrumb","itemListElement":[{"@type":"ListItem","position":1,"name":"Home","item":"https:\/\/manurefetish.com\/"},{"@type":"ListItem","position":2,"name":"Shop","item":"https:\/\/manurefetish.com\/shop\/"},{"@type":"ListItem","position":3,"name":"Videos","item":"https:\/\/manurefetish.com\/product-category\/videos\/"},{"@type":"ListItem","position":4,"name":"Maria Anjel Southern Cowgirl Private Moments"}]},{"@type":"WebSite","@id":"https:\/\/manurefetish.com\/#website","url":"https:\/\/manurefetish.com\/","name":"ManureFetish","description":"ManureFetish","publisher":{"@id":"https:\/\/manurefetish.com\/#organization"},"potentialAction":[{"@type":"SearchAction","target":{"@type":"EntryPoint","urlTemplate":"https:\/\/manurefetish.com\/?s={search_term_string}"},"query-input":{"@type":"PropertyValueSpecification","valueRequired":true,"valueName":"search_term_string"}}],"inLanguage":"es"},{"@type":"Organization","@id":"https:\/\/manurefetish.com\/#organization","name":"ManureFetish.com","url":"https:\/\/manurefetish.com\/","logo":{"@type":"ImageObject","inLanguage":"es","@id":"https:\/\/manurefetish.com\/#\/schema\/logo\/image\/","url":"https:\/\/manurefetish.com\/wp-content\/uploads\/2019\/06\/1000xmanurefetishcom-michaela-logo-website-shop.png","contentUrl":"https:\/\/manurefetish.com\/wp-content\/uploads\/2019\/06\/1000xmanurefetishcom-michaela-logo-website-shop.png","width":1000,"height":632,"caption":"ManureFetish.com"},"image":{"@id":"https:\/\/manurefetish.com\/#\/schema\/logo\/image\/"},"sameAs":["https:\/\/www.facebook.com\/manurefetish\/","https:\/\/x.com\/Manurefetisch","https:\/\/www.youtube.com\/c\/ManureFetish"],"description":"Estamos creando diversos contenidos fetichistas con modelos femeninos y masculinos por igual.","foundingDate":"2019-07-04","vatID":"DE366928521","numberOfEmployees":{"@type":"QuantitativeValue","minValue":"1","maxValue":"10"}}]},"og_availability":"instock","product_availability":"instock","product_retailer_item_id":"MFW-SCPM","product_condition":"new"},"_links":{"self":[{"href":"https:\/\/manurefetish.com\/es\/wp-json\/wp\/v2\/product\/145037","targetHints":{"allow":["GET"]}}],"collection":[{"href":"https:\/\/manurefetish.com\/es\/wp-json\/wp\/v2\/product"}],"about":[{"href":"https:\/\/manurefetish.com\/es\/wp-json\/wp\/v2\/types\/product"}],"replies":[{"embeddable":true,"href":"https:\/\/manurefetish.com\/es\/wp-json\/wp\/v2\/comments?post=145037"}],"version-history":[{"count":0,"href":"https:\/\/manurefetish.com\/es\/wp-json\/wp\/v2\/product\/145037\/revisions"}],"wp:featuredmedia":[{"embeddable":true,"href":"https:\/\/manurefetish.com\/es\/wp-json\/wp\/v2\/media\/199254"}],"wp:attachment":[{"href":"https:\/\/manurefetish.com\/es\/wp-json\/wp\/v2\/media?parent=145037"}],"wp:term":[{"taxonomy":"product_brand","embeddable":true,"href":"https:\/\/manurefetish.com\/es\/wp-json\/wp\/v2\/product_brand?post=145037"},{"taxonomy":"product_cat","embeddable":true,"href":"https:\/\/manurefetish.com\/es\/wp-json\/wp\/v2\/product_cat?post=145037"},{"taxonomy":"product_tag","embeddable":true,"href":"https:\/\/manurefetish.com\/es\/wp-json\/wp\/v2\/product_tag?post=145037"}],"curies":[{"name":"wp","href":"https:\/\/api.w.org\/{rel}","templated":true}]}}