{"id":144329,"date":"2024-08-19T01:32:57","date_gmt":"2024-08-18T23:32:57","guid":{"rendered":"https:\/\/manurefetish.com\/?post_type=product&#038;p=144329"},"modified":"2026-03-24T15:17:52","modified_gmt":"2026-03-24T14:17:52","slug":"after-work-pleasure","status":"publish","type":"product","link":"https:\/\/manurefetish.com\/es\/shop\/videos\/after-work-pleasure\/","title":{"rendered":"Placer despu\u00e9s del trabajo"},"content":{"rendered":"<p><span style=\"font-weight: 400;\">Lyndra is cleaning up after the shoot, but she&#8217;s getting tired of it. When Franky joins her, he naturally asks her what&#8217;s going on. She scowls and throws cow shit at him. Franky suggests that they take a break and have some fun. So he joins her and, like Lyndra, sinks his feet into the manure channel.<br \/>\nLyndra lets herself slide into the creamy cow shit first, Franky follows her. They both throw some cow shit at each other until Lyndra undresses and rubs her ass against his cock. They both smear each other with more cow shit. Lyndra climbs out of the channel and spreads her legs so that Franky can lick her wet, shitty pussy. Then Lyndra comes back into the manure channel to suck Franky&#8217;s hard cock. They both want to fuck at last, so they try to find a suitable position. They climb out of the manure channel and fuck doggy style before going back into the creamy shit. Now Lyndra wants Franky to come, so she starts sucking his cock again. Franky lies down in the manure channel and Lyndra goes between his legs to suck him off.<\/span><\/p>","protected":false},"excerpt":{"rendered":"<p>Lyndra is cleaning up after the shoot, but she&#8217;s getting tired of it. When Franky joins her, he naturally asks her what&#8217;s going on. She scowls and throws cow shit at him. Franky suggests that they take a break and have some fun. So he joins her and, like Lyndra, sinks his feet into the [&hellip;]<\/p>\n","protected":false},"featured_media":199265,"comment_status":"open","ping_status":"closed","template":"","meta":{"_acf_changed":false,"site-sidebar-layout":"default","site-content-layout":"","ast-site-content-layout":"default","site-content-style":"default","site-sidebar-style":"default","ast-global-header-display":"","ast-banner-title-visibility":"","ast-main-header-display":"","ast-hfb-above-header-display":"","ast-hfb-below-header-display":"","ast-hfb-mobile-header-display":"","site-post-title":"","ast-breadcrumbs-content":"","ast-featured-img":"","footer-sml-layout":"","ast-disable-related-posts":"","theme-transparent-header-meta":"default","adv-header-id-meta":"","stick-header-meta":"","header-above-stick-meta":"","header-main-stick-meta":"","header-below-stick-meta":"","astra-migrate-meta-layouts":"set","ast-page-background-enabled":"default","ast-page-background-meta":{"desktop":{"background-color":"var(--ast-global-color-4)","background-image":"","background-repeat":"repeat","background-position":"center center","background-size":"auto","background-attachment":"scroll","background-type":"","background-media":"","overlay-type":"","overlay-color":"","overlay-opacity":"","overlay-gradient":""},"tablet":{"background-color":"","background-image":"","background-repeat":"repeat","background-position":"center center","background-size":"auto","background-attachment":"scroll","background-type":"","background-media":"","overlay-type":"","overlay-color":"","overlay-opacity":"","overlay-gradient":""},"mobile":{"background-color":"","background-image":"","background-repeat":"repeat","background-position":"center center","background-size":"auto","background-attachment":"scroll","background-type":"","background-media":"","overlay-type":"","overlay-color":"","overlay-opacity":"","overlay-gradient":""}},"ast-content-background-meta":{"desktop":{"background-color":"var(--ast-global-color-5)","background-image":"","background-repeat":"repeat","background-position":"center center","background-size":"auto","background-attachment":"scroll","background-type":"","background-media":"","overlay-type":"","overlay-color":"","overlay-opacity":"","overlay-gradient":""},"tablet":{"background-color":"var(--ast-global-color-5)","background-image":"","background-repeat":"repeat","background-position":"center center","background-size":"auto","background-attachment":"scroll","background-type":"","background-media":"","overlay-type":"","overlay-color":"","overlay-opacity":"","overlay-gradient":""},"mobile":{"background-color":"var(--ast-global-color-5)","background-image":"","background-repeat":"repeat","background-position":"center center","background-size":"auto","background-attachment":"scroll","background-type":"","background-media":"","overlay-type":"","overlay-color":"","overlay-opacity":"","overlay-gradient":""}}},"product_brand":[],"product_cat":[4470],"product_tag":[4196,317,2555,318,4228,2631,2551,2621,2607,118,3830,2869,316,3030,4260,3523,2438,2419,2841,18,2285,2206,65,2710,35,360,2482,3539,2872,2871,32,4199,2650,4482,4233,24,2832,2368,3233],"class_list":{"0":"post-144329","1":"product","2":"type-product","3":"status-publish","4":"has-post-thumbnail","6":"product_cat-videos","7":"product_tag-animal-scat","8":"product_tag-asshole","9":"product_tag-blowjob","10":"product_tag-boobs","11":"product_tag-clit","12":"product_tag-completely-covered","13":"product_tag-couple","14":"product_tag-cow-dung","15":"product_tag-cowdung","16":"product_tag-cowshed","17":"product_tag-cowshit","18":"product_tag-cumshot","19":"product_tag-cunt","20":"product_tag-download","21":"product_tag-dung-pile","22":"product_tag-fingering","23":"product_tag-franky","24":"product_tag-full-hd","25":"product_tag-lyndra-lynn","26":"product_tag-manure","27":"product_tag-masturbate","28":"product_tag-masturbation","29":"product_tag-naked","30":"product_tag-oral","31":"product_tag-orgasm","32":"product_tag-outdoor","33":"product_tag-peeing","34":"product_tag-piss","35":"product_tag-point-of-view","36":"product_tag-pov","37":"product_tag-pussy","38":"product_tag-season-5","39":"product_tag-sensual","40":"product_tag-sex-in-cowshit","41":"product_tag-shit","42":"product_tag-slurry","43":"product_tag-smearing","44":"product_tag-ultra-hd","45":"product_tag-waifu","46":"pa_length-32-minutes","47":"pa_product-type-digital-download-full-hd-video","48":"pa_product-type-digital-download-ultra-hd-video","49":"pa_product-type-usb-stick","50":"pa_video-info-full-hd-1920x1080p","51":"pa_video-info-ultra-hd-4k","52":"desktop-align-center","53":"tablet-align-left","54":"mobile-align-left","56":"first","57":"instock","58":"shipping-taxable","59":"purchasable","60":"product-type-variable"},"exclude_global_add_ons":[],"addons":[],"acf":[],"yoast_head":"<!-- This site is optimized with the Yoast SEO Premium plugin v27.1 (Yoast SEO v27.1.1) - https:\/\/yoast.com\/product\/yoast-seo-premium-wordpress\/ -->\n<title>After Work Pleasure - ManureFetish<\/title>\n<meta name=\"description\" content=\"After Work Pleasure, Lyndra Lynn is cleaning up the place after the last shoot of the day, Franky joins her and asked her whats going on with her.\" \/>\n<meta name=\"robots\" content=\"index, follow, max-snippet:-1, max-image-preview:large, max-video-preview:-1\" \/>\n<link rel=\"canonical\" href=\"https:\/\/manurefetish.com\/es\/shop\/videos\/after-work-pleasure\/\" \/>\n<meta property=\"og:locale\" content=\"es_ES\" \/>\n<meta property=\"og:type\" content=\"article\" \/>\n<meta property=\"og:title\" content=\"After Work Pleasure\" \/>\n<meta property=\"og:description\" content=\"After Work Pleasure, Lyndra Lynn is cleaning up the place after the last shoot of the day, Franky joins her and asked her whats going on with her.\" \/>\n<meta property=\"og:url\" content=\"https:\/\/manurefetish.com\/es\/shop\/videos\/after-work-pleasure\/\" \/>\n<meta property=\"og:site_name\" content=\"ManureFetish\" \/>\n<meta property=\"article:publisher\" content=\"https:\/\/www.facebook.com\/manurefetish\/\" \/>\n<meta property=\"article:modified_time\" content=\"2026-03-24T14:17:52+00:00\" \/>\n<meta property=\"og:image\" content=\"https:\/\/manurefetish.com\/wp-content\/uploads\/2024\/08\/After-Work-Pleasure-2.jpg\" \/>\n\t<meta property=\"og:image:width\" content=\"1728\" \/>\n\t<meta property=\"og:image:height\" content=\"576\" \/>\n\t<meta property=\"og:image:type\" content=\"image\/jpeg\" \/>\n<meta name=\"twitter:card\" content=\"summary_large_image\" \/>\n<meta name=\"twitter:site\" content=\"@Manurefetisch\" \/>\n<script type=\"application\/ld+json\" class=\"yoast-schema-graph\">{\"@context\":\"https:\/\/schema.org\",\"@graph\":[{\"@type\":\"WebPage\",\"@id\":\"https:\/\/manurefetish.com\/shop\/videos\/after-work-pleasure\/\",\"url\":\"https:\/\/manurefetish.com\/shop\/videos\/after-work-pleasure\/\",\"name\":\"After Work Pleasure - ManureFetish\",\"isPartOf\":{\"@id\":\"https:\/\/manurefetish.com\/#website\"},\"primaryImageOfPage\":{\"@id\":\"https:\/\/manurefetish.com\/shop\/videos\/after-work-pleasure\/#primaryimage\"},\"image\":{\"@id\":\"https:\/\/manurefetish.com\/shop\/videos\/after-work-pleasure\/#primaryimage\"},\"thumbnailUrl\":\"https:\/\/manurefetish.b-cdn.net\/wp-content\/uploads\/2024\/08\/After-Work-Pleasure-2.jpg\",\"datePublished\":\"2024-08-18T23:32:57+00:00\",\"dateModified\":\"2026-03-24T14:17:52+00:00\",\"description\":\"After Work Pleasure, Lyndra Lynn is cleaning up the place after the last shoot of the day, Franky joins her and asked her whats going on with her.\",\"breadcrumb\":{\"@id\":\"https:\/\/manurefetish.com\/shop\/videos\/after-work-pleasure\/#breadcrumb\"},\"inLanguage\":\"es\",\"potentialAction\":[{\"@type\":\"ReadAction\",\"target\":[\"https:\/\/manurefetish.com\/shop\/videos\/after-work-pleasure\/\"]}]},{\"@type\":\"ImageObject\",\"inLanguage\":\"es\",\"@id\":\"https:\/\/manurefetish.com\/shop\/videos\/after-work-pleasure\/#primaryimage\",\"url\":\"https:\/\/manurefetish.b-cdn.net\/wp-content\/uploads\/2024\/08\/After-Work-Pleasure-2.jpg\",\"contentUrl\":\"https:\/\/manurefetish.b-cdn.net\/wp-content\/uploads\/2024\/08\/After-Work-Pleasure-2.jpg\",\"width\":1728,\"height\":576},{\"@type\":\"BreadcrumbList\",\"@id\":\"https:\/\/manurefetish.com\/shop\/videos\/after-work-pleasure\/#breadcrumb\",\"itemListElement\":[{\"@type\":\"ListItem\",\"position\":1,\"name\":\"Home\",\"item\":\"https:\/\/manurefetish.com\/\"},{\"@type\":\"ListItem\",\"position\":2,\"name\":\"Shop\",\"item\":\"https:\/\/manurefetish.com\/shop\/\"},{\"@type\":\"ListItem\",\"position\":3,\"name\":\"Videos\",\"item\":\"https:\/\/manurefetish.com\/product-category\/videos\/\"},{\"@type\":\"ListItem\",\"position\":4,\"name\":\"After Work Pleasure\"}]},{\"@type\":\"WebSite\",\"@id\":\"https:\/\/manurefetish.com\/#website\",\"url\":\"https:\/\/manurefetish.com\/\",\"name\":\"ManureFetish\",\"description\":\"ManureFetish Shop\",\"publisher\":{\"@id\":\"https:\/\/manurefetish.com\/#organization\"},\"potentialAction\":[{\"@type\":\"SearchAction\",\"target\":{\"@type\":\"EntryPoint\",\"urlTemplate\":\"https:\/\/manurefetish.com\/?s={search_term_string}\"},\"query-input\":{\"@type\":\"PropertyValueSpecification\",\"valueRequired\":true,\"valueName\":\"search_term_string\"}}],\"inLanguage\":\"es\"},{\"@type\":\"Organization\",\"@id\":\"https:\/\/manurefetish.com\/#organization\",\"name\":\"ManureFetish.com\",\"url\":\"https:\/\/manurefetish.com\/\",\"logo\":{\"@type\":\"ImageObject\",\"inLanguage\":\"es\",\"@id\":\"https:\/\/manurefetish.com\/#\/schema\/logo\/image\/\",\"url\":\"https:\/\/manurefetish.com\/wp-content\/uploads\/2019\/06\/1000xmanurefetishcom-michaela-logo-website-shop.png\",\"contentUrl\":\"https:\/\/manurefetish.com\/wp-content\/uploads\/2019\/06\/1000xmanurefetishcom-michaela-logo-website-shop.png\",\"width\":1000,\"height\":632,\"caption\":\"ManureFetish.com\"},\"image\":{\"@id\":\"https:\/\/manurefetish.com\/#\/schema\/logo\/image\/\"},\"sameAs\":[\"https:\/\/www.facebook.com\/manurefetish\/\",\"https:\/\/x.com\/Manurefetisch\",\"https:\/\/www.youtube.com\/c\/ManureFetish\"],\"description\":\"We're creating various fetish content with female and male models alike.\",\"foundingDate\":\"2019-07-04\",\"vatID\":\"DE366928521\",\"numberOfEmployees\":{\"@type\":\"QuantitativeValue\",\"minValue\":\"1\",\"maxValue\":\"10\"}}]}<\/script>\n<meta property=\"og:availability\" content=\"instock\" \/>\n<meta property=\"product:availability\" content=\"instock\" \/>\n<meta property=\"product:retailer_item_id\" content=\"MFW-AWP\" \/>\n<meta property=\"product:condition\" content=\"new\" \/>\n<!-- \/ Yoast SEO Premium plugin. -->","yoast_head_json":{"title":"Placer despu\u00e9s del trabajo - ManureFetish","description":"Despu\u00e9s de Work Pleasure, Lyndra Lynn est\u00e1 limpiando el lugar despu\u00e9s de la \u00faltima sesi\u00f3n del d\u00eda, Franky se une a ella y le pregunta qu\u00e9 le pasa.","robots":{"index":"index","follow":"follow","max-snippet":"max-snippet:-1","max-image-preview":"max-image-preview:large","max-video-preview":"max-video-preview:-1"},"canonical":"https:\/\/manurefetish.com\/es\/shop\/videos\/after-work-pleasure\/","og_locale":"es_ES","og_type":"article","og_title":"After Work Pleasure","og_description":"After Work Pleasure, Lyndra Lynn is cleaning up the place after the last shoot of the day, Franky joins her and asked her whats going on with her.","og_url":"https:\/\/manurefetish.com\/es\/shop\/videos\/after-work-pleasure\/","og_site_name":"ManureFetish","article_publisher":"https:\/\/www.facebook.com\/manurefetish\/","article_modified_time":"2026-03-24T14:17:52+00:00","og_image":[{"width":1728,"height":576,"url":"https:\/\/manurefetish.com\/wp-content\/uploads\/2024\/08\/After-Work-Pleasure-2.jpg","type":"image\/jpeg"}],"twitter_card":"summary_large_image","twitter_site":"@Manurefetisch","schema":{"@context":"https:\/\/schema.org","@graph":[{"@type":"WebPage","@id":"https:\/\/manurefetish.com\/shop\/videos\/after-work-pleasure\/","url":"https:\/\/manurefetish.com\/shop\/videos\/after-work-pleasure\/","name":"Placer despu\u00e9s del trabajo - ManureFetish","isPartOf":{"@id":"https:\/\/manurefetish.com\/#website"},"primaryImageOfPage":{"@id":"https:\/\/manurefetish.com\/shop\/videos\/after-work-pleasure\/#primaryimage"},"image":{"@id":"https:\/\/manurefetish.com\/shop\/videos\/after-work-pleasure\/#primaryimage"},"thumbnailUrl":"https:\/\/manurefetish.b-cdn.net\/wp-content\/uploads\/2024\/08\/After-Work-Pleasure-2.jpg","datePublished":"2024-08-18T23:32:57+00:00","dateModified":"2026-03-24T14:17:52+00:00","description":"Despu\u00e9s de Work Pleasure, Lyndra Lynn est\u00e1 limpiando el lugar despu\u00e9s de la \u00faltima sesi\u00f3n del d\u00eda, Franky se une a ella y le pregunta qu\u00e9 le pasa.","breadcrumb":{"@id":"https:\/\/manurefetish.com\/shop\/videos\/after-work-pleasure\/#breadcrumb"},"inLanguage":"es","potentialAction":[{"@type":"ReadAction","target":["https:\/\/manurefetish.com\/shop\/videos\/after-work-pleasure\/"]}]},{"@type":"ImageObject","inLanguage":"es","@id":"https:\/\/manurefetish.com\/shop\/videos\/after-work-pleasure\/#primaryimage","url":"https:\/\/manurefetish.b-cdn.net\/wp-content\/uploads\/2024\/08\/After-Work-Pleasure-2.jpg","contentUrl":"https:\/\/manurefetish.b-cdn.net\/wp-content\/uploads\/2024\/08\/After-Work-Pleasure-2.jpg","width":1728,"height":576},{"@type":"BreadcrumbList","@id":"https:\/\/manurefetish.com\/shop\/videos\/after-work-pleasure\/#breadcrumb","itemListElement":[{"@type":"ListItem","position":1,"name":"Home","item":"https:\/\/manurefetish.com\/"},{"@type":"ListItem","position":2,"name":"Shop","item":"https:\/\/manurefetish.com\/shop\/"},{"@type":"ListItem","position":3,"name":"Videos","item":"https:\/\/manurefetish.com\/product-category\/videos\/"},{"@type":"ListItem","position":4,"name":"After Work Pleasure"}]},{"@type":"WebSite","@id":"https:\/\/manurefetish.com\/#website","url":"https:\/\/manurefetish.com\/","name":"ManureFetish","description":"ManureFetish","publisher":{"@id":"https:\/\/manurefetish.com\/#organization"},"potentialAction":[{"@type":"SearchAction","target":{"@type":"EntryPoint","urlTemplate":"https:\/\/manurefetish.com\/?s={search_term_string}"},"query-input":{"@type":"PropertyValueSpecification","valueRequired":true,"valueName":"search_term_string"}}],"inLanguage":"es"},{"@type":"Organization","@id":"https:\/\/manurefetish.com\/#organization","name":"ManureFetish.com","url":"https:\/\/manurefetish.com\/","logo":{"@type":"ImageObject","inLanguage":"es","@id":"https:\/\/manurefetish.com\/#\/schema\/logo\/image\/","url":"https:\/\/manurefetish.com\/wp-content\/uploads\/2019\/06\/1000xmanurefetishcom-michaela-logo-website-shop.png","contentUrl":"https:\/\/manurefetish.com\/wp-content\/uploads\/2019\/06\/1000xmanurefetishcom-michaela-logo-website-shop.png","width":1000,"height":632,"caption":"ManureFetish.com"},"image":{"@id":"https:\/\/manurefetish.com\/#\/schema\/logo\/image\/"},"sameAs":["https:\/\/www.facebook.com\/manurefetish\/","https:\/\/x.com\/Manurefetisch","https:\/\/www.youtube.com\/c\/ManureFetish"],"description":"Estamos creando diversos contenidos fetichistas con modelos femeninos y masculinos por igual.","foundingDate":"2019-07-04","vatID":"DE366928521","numberOfEmployees":{"@type":"QuantitativeValue","minValue":"1","maxValue":"10"}}]},"og_availability":"instock","product_availability":"instock","product_retailer_item_id":"MFW-AWP","product_condition":"new"},"_links":{"self":[{"href":"https:\/\/manurefetish.com\/es\/wp-json\/wp\/v2\/product\/144329","targetHints":{"allow":["GET"]}}],"collection":[{"href":"https:\/\/manurefetish.com\/es\/wp-json\/wp\/v2\/product"}],"about":[{"href":"https:\/\/manurefetish.com\/es\/wp-json\/wp\/v2\/types\/product"}],"replies":[{"embeddable":true,"href":"https:\/\/manurefetish.com\/es\/wp-json\/wp\/v2\/comments?post=144329"}],"version-history":[{"count":0,"href":"https:\/\/manurefetish.com\/es\/wp-json\/wp\/v2\/product\/144329\/revisions"}],"wp:featuredmedia":[{"embeddable":true,"href":"https:\/\/manurefetish.com\/es\/wp-json\/wp\/v2\/media\/199265"}],"wp:attachment":[{"href":"https:\/\/manurefetish.com\/es\/wp-json\/wp\/v2\/media?parent=144329"}],"wp:term":[{"taxonomy":"product_brand","embeddable":true,"href":"https:\/\/manurefetish.com\/es\/wp-json\/wp\/v2\/product_brand?post=144329"},{"taxonomy":"product_cat","embeddable":true,"href":"https:\/\/manurefetish.com\/es\/wp-json\/wp\/v2\/product_cat?post=144329"},{"taxonomy":"product_tag","embeddable":true,"href":"https:\/\/manurefetish.com\/es\/wp-json\/wp\/v2\/product_tag?post=144329"}],"curies":[{"name":"wp","href":"https:\/\/api.w.org\/{rel}","templated":true}]}}