{"id":139033,"date":"2024-06-24T00:10:15","date_gmt":"2024-06-23T22:10:15","guid":{"rendered":"https:\/\/manurefetish.com\/?post_type=product&#038;p=139033"},"modified":"2026-04-01T08:06:10","modified_gmt":"2026-04-01T06:06:10","slug":"kaitlyn-katsaros-wild-in-manure","status":"publish","type":"product","link":"https:\/\/manurefetish.com\/es\/shop\/videos\/kaitlyn-katsaros-wild-in-manure\/","title":{"rendered":"Kaitlyn Katsaros Salvaje en el esti\u00e9rcol"},"content":{"rendered":"<p>Kaitlyn Katsaros por fin ha llegado al establo. Todos la conoc\u00e9is, si no, os lo est\u00e1is perdiendo. Es su primera vez en cowshit, seguro que ha hecho scat y muchas otras cosas sucias, pero quer\u00eda empujarse a s\u00ed misma al siguiente nivel.<br \/>\nEn su debut ella est\u00e1 lista para explorar el canal manure en el establo. Entra vestida con un bonito conjunto sexy, por supuesto est\u00e1 un poco abrumada por el olor, as\u00ed que quiere tener el est\u00f3mago vac\u00edo para ello. Se mete la mano en la boca y empieza a chuparse la garganta hasta vomitar, llena su mochilita con su propio v\u00f3mito.<br \/>\nSe arrodilla junto al canal manure y olfatea profundamente para absorber todo el olor del cowshit.<br \/>\nLuego se desliza lentamente en el canal manure por primera vez y juguetea en el cowshit. Ya lo est\u00e1 sintiendo, as\u00ed que le parece apropiado subirse la falda y a\u00f1ade su propia mierda a la cremosa mezcla. Realmente est\u00e1 disfrutando de todo ese filth estando completamente cubierta de cowshit. Se acuerda de su mochila y de lo que ha tra\u00eddo, as\u00ed que saca sus juguetes de la mochila y se echa su v\u00f3mito por encima. Despu\u00e9s de eso comienza la verdadera diversi\u00f3n, con un mont\u00f3n de untar, sumergir, BDSM, la masturbaci\u00f3n y follando a s\u00ed misma con varios juguetes. Kaitlyn utiliza el cowshit como pasta de dientes y se lo unta en la boca y, por supuesto, en todos sus agujeros. Incluso Lyndra Lynn tiene una aparici\u00f3n especial. Kaitlyn Katsaros est\u00e1 completamente en su elemento, cubierta de toda esa mierda y filth, depravada y auto degradada.<\/p>","protected":false},"excerpt":{"rendered":"<p>Kaitlyn Katsaros finally has arrived at the cowshed. You all know her, if not you\u2019re really missing out. It\u2019s her first time ever in cowshit, sure she has done scat and many other dirty things, but she wanted to push herself to the next level. In her debut she\u2019s ready to explore the manure channel [&hellip;]<\/p>\n","protected":false},"featured_media":199208,"comment_status":"open","ping_status":"closed","template":"","meta":{"_acf_changed":false,"site-sidebar-layout":"default","site-content-layout":"","ast-site-content-layout":"default","site-content-style":"default","site-sidebar-style":"default","ast-global-header-display":"","ast-banner-title-visibility":"","ast-main-header-display":"","ast-hfb-above-header-display":"","ast-hfb-below-header-display":"","ast-hfb-mobile-header-display":"","site-post-title":"","ast-breadcrumbs-content":"","ast-featured-img":"","footer-sml-layout":"","ast-disable-related-posts":"","theme-transparent-header-meta":"default","adv-header-id-meta":"","stick-header-meta":"","header-above-stick-meta":"","header-main-stick-meta":"","header-below-stick-meta":"","astra-migrate-meta-layouts":"set","ast-page-background-enabled":"default","ast-page-background-meta":{"desktop":{"background-color":"var(--ast-global-color-4)","background-image":"","background-repeat":"repeat","background-position":"center center","background-size":"auto","background-attachment":"scroll","background-type":"","background-media":"","overlay-type":"","overlay-color":"","overlay-opacity":"","overlay-gradient":""},"tablet":{"background-color":"","background-image":"","background-repeat":"repeat","background-position":"center center","background-size":"auto","background-attachment":"scroll","background-type":"","background-media":"","overlay-type":"","overlay-color":"","overlay-opacity":"","overlay-gradient":""},"mobile":{"background-color":"","background-image":"","background-repeat":"repeat","background-position":"center center","background-size":"auto","background-attachment":"scroll","background-type":"","background-media":"","overlay-type":"","overlay-color":"","overlay-opacity":"","overlay-gradient":""}},"ast-content-background-meta":{"desktop":{"background-color":"var(--ast-global-color-5)","background-image":"","background-repeat":"repeat","background-position":"center center","background-size":"auto","background-attachment":"scroll","background-type":"","background-media":"","overlay-type":"","overlay-color":"","overlay-opacity":"","overlay-gradient":""},"tablet":{"background-color":"var(--ast-global-color-5)","background-image":"","background-repeat":"repeat","background-position":"center center","background-size":"auto","background-attachment":"scroll","background-type":"","background-media":"","overlay-type":"","overlay-color":"","overlay-opacity":"","overlay-gradient":""},"mobile":{"background-color":"var(--ast-global-color-5)","background-image":"","background-repeat":"repeat","background-position":"center center","background-size":"auto","background-attachment":"scroll","background-type":"","background-media":"","overlay-type":"","overlay-color":"","overlay-opacity":"","overlay-gradient":""}}},"product_brand":[],"product_cat":[4470],"product_tag":[17,317,2555,3435,318,2632,2621,118,3830,316,64,3933,3030,20,4260,2603,2624,3523,4139,2419,3861,4573,4572,4556,4276,18,2285,2206,2629,3174,65,35,4137,32,4135,4199,2650,4482,3509,24,2832,29,4280,4282,4281,2368,4278,4279],"class_list":{"0":"post-139033","1":"product","2":"type-product","3":"status-publish","4":"has-post-thumbnail","6":"product_cat-videos","7":"product_tag-anal","8":"product_tag-asshole","9":"product_tag-blowjob","10":"product_tag-bondage-2","11":"product_tag-boobs","12":"product_tag-bra","13":"product_tag-cow-dung","14":"product_tag-cowshed","15":"product_tag-cowshit","16":"product_tag-cunt","17":"product_tag-dildo","18":"product_tag-doggystyle","19":"product_tag-download","20":"product_tag-dung","21":"product_tag-dung-pile","22":"product_tag-dunghill","23":"product_tag-farm","24":"product_tag-fingering","25":"product_tag-first-time","26":"product_tag-full-hd","27":"product_tag-human-dung","28":"product_tag-human-feces","29":"product_tag-human-scat","30":"product_tag-human-shit","31":"product_tag-kaitlyn-katsaros","32":"product_tag-manure","33":"product_tag-masturbate","34":"product_tag-masturbation","35":"product_tag-messy","36":"product_tag-missionary","37":"product_tag-naked","38":"product_tag-orgasm","39":"product_tag-pooping","40":"product_tag-pussy","41":"product_tag-scat","42":"product_tag-season-5","43":"product_tag-sensual","44":"product_tag-sex-in-cowshit","45":"product_tag-skirt","46":"product_tag-slurry","47":"product_tag-smearing","48":"product_tag-submerging","49":"product_tag-sucking","50":"product_tag-toe-licking","51":"product_tag-toes","52":"product_tag-ultra-hd","53":"product_tag-vomit","54":"product_tag-vomiting","55":"pa_product-type-digital-download-full-hd-video","56":"pa_product-type-digital-download-ultra-hd-video","57":"pa_product-type-usb-stick","58":"pa_video-info-full-hd-1920x1080p","59":"pa_video-info-ultra-hd-4k","60":"desktop-align-center","61":"tablet-align-left","62":"mobile-align-left","64":"first","65":"instock","66":"shipping-taxable","67":"purchasable","68":"product-type-variable"},"exclude_global_add_ons":[],"addons":[],"acf":[],"yoast_head":"<!-- This site is optimized with the Yoast SEO Premium plugin v27.1 (Yoast SEO v27.1.1) - https:\/\/yoast.com\/product\/yoast-seo-premium-wordpress\/ -->\n<title>Kaitlyn Katsaros Wild in Manure - ManureFetish<\/title>\n<meta name=\"description\" content=\"Kaitlyn Katsaros Wild in Manure, Kaitlyns first time in the cowshed and playing with cowshit. She is really excited to go all out and completely messy.\" \/>\n<meta name=\"robots\" content=\"index, follow, max-snippet:-1, max-image-preview:large, max-video-preview:-1\" \/>\n<link rel=\"canonical\" href=\"https:\/\/manurefetish.com\/es\/shop\/videos\/kaitlyn-katsaros-wild-in-manure\/\" \/>\n<meta property=\"og:locale\" content=\"es_ES\" \/>\n<meta property=\"og:type\" content=\"article\" \/>\n<meta property=\"og:title\" content=\"Kaitlyn Katsaros Wild in Manure\" \/>\n<meta property=\"og:description\" content=\"Kaitlyn Katsaros Wild in Manure, Kaitlyns first time in the cowshed and playing with cowshit. She is really excited to go all out and completely messy.\" \/>\n<meta property=\"og:url\" content=\"https:\/\/manurefetish.com\/es\/shop\/videos\/kaitlyn-katsaros-wild-in-manure\/\" \/>\n<meta property=\"og:site_name\" content=\"ManureFetish\" \/>\n<meta property=\"article:publisher\" content=\"https:\/\/www.facebook.com\/manurefetish\/\" \/>\n<meta property=\"article:modified_time\" content=\"2026-04-01T06:06:10+00:00\" \/>\n<meta property=\"og:image\" content=\"https:\/\/manurefetish.com\/wp-content\/uploads\/2024\/06\/Kaitlyn-Katsaros-Wild-In-Manure.jpg\" \/>\n\t<meta property=\"og:image:width\" content=\"1728\" \/>\n\t<meta property=\"og:image:height\" content=\"576\" \/>\n\t<meta property=\"og:image:type\" content=\"image\/jpeg\" \/>\n<meta name=\"twitter:card\" content=\"summary_large_image\" \/>\n<meta name=\"twitter:site\" content=\"@Manurefetisch\" \/>\n<script type=\"application\/ld+json\" class=\"yoast-schema-graph\">{\"@context\":\"https:\/\/schema.org\",\"@graph\":[{\"@type\":\"WebPage\",\"@id\":\"https:\/\/manurefetish.com\/shop\/videos\/kaitlyn-katsaros-wild-in-manure\/\",\"url\":\"https:\/\/manurefetish.com\/shop\/videos\/kaitlyn-katsaros-wild-in-manure\/\",\"name\":\"Kaitlyn Katsaros Wild in Manure - ManureFetish\",\"isPartOf\":{\"@id\":\"https:\/\/manurefetish.com\/#website\"},\"primaryImageOfPage\":{\"@id\":\"https:\/\/manurefetish.com\/shop\/videos\/kaitlyn-katsaros-wild-in-manure\/#primaryimage\"},\"image\":{\"@id\":\"https:\/\/manurefetish.com\/shop\/videos\/kaitlyn-katsaros-wild-in-manure\/#primaryimage\"},\"thumbnailUrl\":\"https:\/\/manurefetish.b-cdn.net\/wp-content\/uploads\/2024\/06\/Kaitlyn-Katsaros-Wild-In-Manure.jpg\",\"datePublished\":\"2024-06-23T22:10:15+00:00\",\"dateModified\":\"2026-04-01T06:06:10+00:00\",\"description\":\"Kaitlyn Katsaros Wild in Manure, Kaitlyns first time in the cowshed and playing with cowshit. She is really excited to go all out and completely messy.\",\"breadcrumb\":{\"@id\":\"https:\/\/manurefetish.com\/shop\/videos\/kaitlyn-katsaros-wild-in-manure\/#breadcrumb\"},\"inLanguage\":\"es\",\"potentialAction\":[{\"@type\":\"ReadAction\",\"target\":[\"https:\/\/manurefetish.com\/shop\/videos\/kaitlyn-katsaros-wild-in-manure\/\"]}]},{\"@type\":\"ImageObject\",\"inLanguage\":\"es\",\"@id\":\"https:\/\/manurefetish.com\/shop\/videos\/kaitlyn-katsaros-wild-in-manure\/#primaryimage\",\"url\":\"https:\/\/manurefetish.b-cdn.net\/wp-content\/uploads\/2024\/06\/Kaitlyn-Katsaros-Wild-In-Manure.jpg\",\"contentUrl\":\"https:\/\/manurefetish.b-cdn.net\/wp-content\/uploads\/2024\/06\/Kaitlyn-Katsaros-Wild-In-Manure.jpg\",\"width\":1728,\"height\":576},{\"@type\":\"BreadcrumbList\",\"@id\":\"https:\/\/manurefetish.com\/shop\/videos\/kaitlyn-katsaros-wild-in-manure\/#breadcrumb\",\"itemListElement\":[{\"@type\":\"ListItem\",\"position\":1,\"name\":\"Home\",\"item\":\"https:\/\/manurefetish.com\/\"},{\"@type\":\"ListItem\",\"position\":2,\"name\":\"Shop\",\"item\":\"https:\/\/manurefetish.com\/shop\/\"},{\"@type\":\"ListItem\",\"position\":3,\"name\":\"Videos\",\"item\":\"https:\/\/manurefetish.com\/product-category\/videos\/\"},{\"@type\":\"ListItem\",\"position\":4,\"name\":\"Kaitlyn Katsaros Wild in Manure\"}]},{\"@type\":\"WebSite\",\"@id\":\"https:\/\/manurefetish.com\/#website\",\"url\":\"https:\/\/manurefetish.com\/\",\"name\":\"ManureFetish\",\"description\":\"ManureFetish Shop\",\"publisher\":{\"@id\":\"https:\/\/manurefetish.com\/#organization\"},\"potentialAction\":[{\"@type\":\"SearchAction\",\"target\":{\"@type\":\"EntryPoint\",\"urlTemplate\":\"https:\/\/manurefetish.com\/?s={search_term_string}\"},\"query-input\":{\"@type\":\"PropertyValueSpecification\",\"valueRequired\":true,\"valueName\":\"search_term_string\"}}],\"inLanguage\":\"es\"},{\"@type\":\"Organization\",\"@id\":\"https:\/\/manurefetish.com\/#organization\",\"name\":\"ManureFetish.com\",\"url\":\"https:\/\/manurefetish.com\/\",\"logo\":{\"@type\":\"ImageObject\",\"inLanguage\":\"es\",\"@id\":\"https:\/\/manurefetish.com\/#\/schema\/logo\/image\/\",\"url\":\"https:\/\/manurefetish.com\/wp-content\/uploads\/2019\/06\/1000xmanurefetishcom-michaela-logo-website-shop.png\",\"contentUrl\":\"https:\/\/manurefetish.com\/wp-content\/uploads\/2019\/06\/1000xmanurefetishcom-michaela-logo-website-shop.png\",\"width\":1000,\"height\":632,\"caption\":\"ManureFetish.com\"},\"image\":{\"@id\":\"https:\/\/manurefetish.com\/#\/schema\/logo\/image\/\"},\"sameAs\":[\"https:\/\/www.facebook.com\/manurefetish\/\",\"https:\/\/x.com\/Manurefetisch\",\"https:\/\/www.youtube.com\/c\/ManureFetish\"],\"description\":\"We're creating various fetish content with female and male models alike.\",\"foundingDate\":\"2019-07-04\",\"vatID\":\"DE366928521\",\"numberOfEmployees\":{\"@type\":\"QuantitativeValue\",\"minValue\":\"1\",\"maxValue\":\"10\"}}]}<\/script>\n<meta property=\"og:availability\" content=\"instock\" \/>\n<meta property=\"product:availability\" content=\"instock\" \/>\n<meta property=\"product:retailer_item_id\" content=\"MFW-KK-WIM\" \/>\n<meta property=\"product:condition\" content=\"new\" \/>\n<!-- \/ Yoast SEO Premium plugin. -->","yoast_head_json":{"title":"Kaitlyn Katsaros Salvaje en el Esti\u00e9rcol - ManureFetish","description":"Kaitlyn Katsaros Salvaje en el Esti\u00e9rcol, la primera vez que Kaitlyn entra en el establo y juega con caca de vaca. Est\u00e1 muy emocionada por ir a por todas y ensuciarse por completo.","robots":{"index":"index","follow":"follow","max-snippet":"max-snippet:-1","max-image-preview":"max-image-preview:large","max-video-preview":"max-video-preview:-1"},"canonical":"https:\/\/manurefetish.com\/es\/shop\/videos\/kaitlyn-katsaros-wild-in-manure\/","og_locale":"es_ES","og_type":"article","og_title":"Kaitlyn Katsaros Wild in Manure","og_description":"Kaitlyn Katsaros Wild in Manure, Kaitlyns first time in the cowshed and playing with cowshit. She is really excited to go all out and completely messy.","og_url":"https:\/\/manurefetish.com\/es\/shop\/videos\/kaitlyn-katsaros-wild-in-manure\/","og_site_name":"ManureFetish","article_publisher":"https:\/\/www.facebook.com\/manurefetish\/","article_modified_time":"2026-04-01T06:06:10+00:00","og_image":[{"width":1728,"height":576,"url":"https:\/\/manurefetish.com\/wp-content\/uploads\/2024\/06\/Kaitlyn-Katsaros-Wild-In-Manure.jpg","type":"image\/jpeg"}],"twitter_card":"summary_large_image","twitter_site":"@Manurefetisch","schema":{"@context":"https:\/\/schema.org","@graph":[{"@type":"WebPage","@id":"https:\/\/manurefetish.com\/shop\/videos\/kaitlyn-katsaros-wild-in-manure\/","url":"https:\/\/manurefetish.com\/shop\/videos\/kaitlyn-katsaros-wild-in-manure\/","name":"Kaitlyn Katsaros Salvaje en el Esti\u00e9rcol - ManureFetish","isPartOf":{"@id":"https:\/\/manurefetish.com\/#website"},"primaryImageOfPage":{"@id":"https:\/\/manurefetish.com\/shop\/videos\/kaitlyn-katsaros-wild-in-manure\/#primaryimage"},"image":{"@id":"https:\/\/manurefetish.com\/shop\/videos\/kaitlyn-katsaros-wild-in-manure\/#primaryimage"},"thumbnailUrl":"https:\/\/manurefetish.b-cdn.net\/wp-content\/uploads\/2024\/06\/Kaitlyn-Katsaros-Wild-In-Manure.jpg","datePublished":"2024-06-23T22:10:15+00:00","dateModified":"2026-04-01T06:06:10+00:00","description":"Kaitlyn Katsaros Salvaje en el Esti\u00e9rcol, la primera vez que Kaitlyn entra en el establo y juega con caca de vaca. Est\u00e1 muy emocionada por ir a por todas y ensuciarse por completo.","breadcrumb":{"@id":"https:\/\/manurefetish.com\/shop\/videos\/kaitlyn-katsaros-wild-in-manure\/#breadcrumb"},"inLanguage":"es","potentialAction":[{"@type":"ReadAction","target":["https:\/\/manurefetish.com\/shop\/videos\/kaitlyn-katsaros-wild-in-manure\/"]}]},{"@type":"ImageObject","inLanguage":"es","@id":"https:\/\/manurefetish.com\/shop\/videos\/kaitlyn-katsaros-wild-in-manure\/#primaryimage","url":"https:\/\/manurefetish.b-cdn.net\/wp-content\/uploads\/2024\/06\/Kaitlyn-Katsaros-Wild-In-Manure.jpg","contentUrl":"https:\/\/manurefetish.b-cdn.net\/wp-content\/uploads\/2024\/06\/Kaitlyn-Katsaros-Wild-In-Manure.jpg","width":1728,"height":576},{"@type":"BreadcrumbList","@id":"https:\/\/manurefetish.com\/shop\/videos\/kaitlyn-katsaros-wild-in-manure\/#breadcrumb","itemListElement":[{"@type":"ListItem","position":1,"name":"Home","item":"https:\/\/manurefetish.com\/"},{"@type":"ListItem","position":2,"name":"Shop","item":"https:\/\/manurefetish.com\/shop\/"},{"@type":"ListItem","position":3,"name":"Videos","item":"https:\/\/manurefetish.com\/product-category\/videos\/"},{"@type":"ListItem","position":4,"name":"Kaitlyn Katsaros Wild in Manure"}]},{"@type":"WebSite","@id":"https:\/\/manurefetish.com\/#website","url":"https:\/\/manurefetish.com\/","name":"ManureFetish","description":"ManureFetish","publisher":{"@id":"https:\/\/manurefetish.com\/#organization"},"potentialAction":[{"@type":"SearchAction","target":{"@type":"EntryPoint","urlTemplate":"https:\/\/manurefetish.com\/?s={search_term_string}"},"query-input":{"@type":"PropertyValueSpecification","valueRequired":true,"valueName":"search_term_string"}}],"inLanguage":"es"},{"@type":"Organization","@id":"https:\/\/manurefetish.com\/#organization","name":"ManureFetish.com","url":"https:\/\/manurefetish.com\/","logo":{"@type":"ImageObject","inLanguage":"es","@id":"https:\/\/manurefetish.com\/#\/schema\/logo\/image\/","url":"https:\/\/manurefetish.com\/wp-content\/uploads\/2019\/06\/1000xmanurefetishcom-michaela-logo-website-shop.png","contentUrl":"https:\/\/manurefetish.com\/wp-content\/uploads\/2019\/06\/1000xmanurefetishcom-michaela-logo-website-shop.png","width":1000,"height":632,"caption":"ManureFetish.com"},"image":{"@id":"https:\/\/manurefetish.com\/#\/schema\/logo\/image\/"},"sameAs":["https:\/\/www.facebook.com\/manurefetish\/","https:\/\/x.com\/Manurefetisch","https:\/\/www.youtube.com\/c\/ManureFetish"],"description":"Estamos creando diversos contenidos fetichistas con modelos femeninos y masculinos por igual.","foundingDate":"2019-07-04","vatID":"DE366928521","numberOfEmployees":{"@type":"QuantitativeValue","minValue":"1","maxValue":"10"}}]},"og_availability":"instock","product_availability":"instock","product_retailer_item_id":"MFW-KK-WIM","product_condition":"new"},"_links":{"self":[{"href":"https:\/\/manurefetish.com\/es\/wp-json\/wp\/v2\/product\/139033","targetHints":{"allow":["GET"]}}],"collection":[{"href":"https:\/\/manurefetish.com\/es\/wp-json\/wp\/v2\/product"}],"about":[{"href":"https:\/\/manurefetish.com\/es\/wp-json\/wp\/v2\/types\/product"}],"replies":[{"embeddable":true,"href":"https:\/\/manurefetish.com\/es\/wp-json\/wp\/v2\/comments?post=139033"}],"version-history":[{"count":0,"href":"https:\/\/manurefetish.com\/es\/wp-json\/wp\/v2\/product\/139033\/revisions"}],"wp:featuredmedia":[{"embeddable":true,"href":"https:\/\/manurefetish.com\/es\/wp-json\/wp\/v2\/media\/199208"}],"wp:attachment":[{"href":"https:\/\/manurefetish.com\/es\/wp-json\/wp\/v2\/media?parent=139033"}],"wp:term":[{"taxonomy":"product_brand","embeddable":true,"href":"https:\/\/manurefetish.com\/es\/wp-json\/wp\/v2\/product_brand?post=139033"},{"taxonomy":"product_cat","embeddable":true,"href":"https:\/\/manurefetish.com\/es\/wp-json\/wp\/v2\/product_cat?post=139033"},{"taxonomy":"product_tag","embeddable":true,"href":"https:\/\/manurefetish.com\/es\/wp-json\/wp\/v2\/product_tag?post=139033"}],"curies":[{"name":"wp","href":"https:\/\/api.w.org\/{rel}","templated":true}]}}