{"id":137231,"date":"2024-05-28T04:54:25","date_gmt":"2024-05-28T02:54:25","guid":{"rendered":"https:\/\/manurefetish.com\/?post_type=product&#038;p=137231"},"modified":"2026-03-24T15:23:49","modified_gmt":"2026-03-24T14:23:49","slug":"on-tour-digging-in-the-dung-pile","status":"publish","type":"product","link":"https:\/\/manurefetish.com\/es\/shop\/videos\/on-tour-digging-in-the-dung-pile\/","title":{"rendered":"ON TOUR: Excavando en el estercolero"},"content":{"rendered":"<p><span style=\"font-weight: 400;\">En nuestra serie \"De gira\", viajamos por el campo para encontrar lugares bonitos y nuevos con caca de vaca o esti\u00e9rcol de otros animales.<\/span><\/p>\n<p><span style=\"font-weight: 400;\">Franky is back and after a long time he finally had some time again to be on his own, enjoying himself in cowshit. It has been a few years since Franky explored a new location on his own. Now he had some free time and also wanted to have fun on the large dung pile.<br \/>\nHe grabbed a few toys and walked over to the huge pile of cowshit. He of course wants it to be extra creamy, so he digs himself through the hard crust which is on top to reveal the creamy cowshit deeper down. He makes himself a nice hole to get deeper into the cowshit. Then he begins to smear more and more of the creamy manure on himself and starts jerking off. He really is taken back to the times when he was exploring on his own and jerking off in different locations.<\/span><\/p>","protected":false},"excerpt":{"rendered":"<p>In our \u201cOn Tour\u201d Series, we travel the countryside to find nice and new locations with cowshit or other animal dung. Franky is back and after a long time he finally had some time again to be on his own, enjoying himself in cowshit. It has been a few years since Franky explored a new [&hellip;]<\/p>\n","protected":false},"featured_media":199214,"comment_status":"open","ping_status":"closed","template":"","meta":{"_acf_changed":false,"site-sidebar-layout":"default","site-content-layout":"","ast-site-content-layout":"default","site-content-style":"default","site-sidebar-style":"default","ast-global-header-display":"","ast-banner-title-visibility":"","ast-main-header-display":"","ast-hfb-above-header-display":"","ast-hfb-below-header-display":"","ast-hfb-mobile-header-display":"","site-post-title":"","ast-breadcrumbs-content":"","ast-featured-img":"","footer-sml-layout":"","ast-disable-related-posts":"","theme-transparent-header-meta":"default","adv-header-id-meta":"","stick-header-meta":"","header-above-stick-meta":"","header-main-stick-meta":"","header-below-stick-meta":"","astra-migrate-meta-layouts":"set","ast-page-background-enabled":"default","ast-page-background-meta":{"desktop":{"background-color":"var(--ast-global-color-4)","background-image":"","background-repeat":"repeat","background-position":"center center","background-size":"auto","background-attachment":"scroll","background-type":"","background-media":"","overlay-type":"","overlay-color":"","overlay-opacity":"","overlay-gradient":""},"tablet":{"background-color":"","background-image":"","background-repeat":"repeat","background-position":"center center","background-size":"auto","background-attachment":"scroll","background-type":"","background-media":"","overlay-type":"","overlay-color":"","overlay-opacity":"","overlay-gradient":""},"mobile":{"background-color":"","background-image":"","background-repeat":"repeat","background-position":"center center","background-size":"auto","background-attachment":"scroll","background-type":"","background-media":"","overlay-type":"","overlay-color":"","overlay-opacity":"","overlay-gradient":""}},"ast-content-background-meta":{"desktop":{"background-color":"var(--ast-global-color-5)","background-image":"","background-repeat":"repeat","background-position":"center center","background-size":"auto","background-attachment":"scroll","background-type":"","background-media":"","overlay-type":"","overlay-color":"","overlay-opacity":"","overlay-gradient":""},"tablet":{"background-color":"var(--ast-global-color-5)","background-image":"","background-repeat":"repeat","background-position":"center center","background-size":"auto","background-attachment":"scroll","background-type":"","background-media":"","overlay-type":"","overlay-color":"","overlay-opacity":"","overlay-gradient":""},"mobile":{"background-color":"var(--ast-global-color-5)","background-image":"","background-repeat":"repeat","background-position":"center center","background-size":"auto","background-attachment":"scroll","background-type":"","background-media":"","overlay-type":"","overlay-color":"","overlay-opacity":"","overlay-gradient":""}}},"product_brand":[],"product_cat":[4470],"product_tag":[4196,2631,2621,3830,316,64,2557,3030,4260,2603,56,2304,320,321,2438,54,2419,3312,18,51,3174,65,4259,35,360,3591,4199,4482,53,2832,3298,29,2368],"class_list":{"0":"post-137231","1":"product","2":"type-product","3":"status-publish","4":"has-post-thumbnail","6":"product_cat-videos","7":"product_tag-animal-scat","8":"product_tag-completely-covered","9":"product_tag-cow-dung","10":"product_tag-cowshit","11":"product_tag-cunt","12":"product_tag-dildo","13":"product_tag-doggy-style","14":"product_tag-download","15":"product_tag-dung-pile","16":"product_tag-dunghill","17":"product_tag-erotic","18":"product_tag-farm-porn","19":"product_tag-feet","20":"product_tag-foot","21":"product_tag-franky","22":"product_tag-full-covered","23":"product_tag-full-hd","24":"product_tag-gay","25":"product_tag-manure","26":"product_tag-manure-pit","27":"product_tag-missionary","28":"product_tag-naked","29":"product_tag-on-tour","30":"product_tag-orgasm","31":"product_tag-outdoor","32":"product_tag-public","33":"product_tag-season-5","34":"product_tag-sex-in-cowshit","35":"product_tag-shower","36":"product_tag-smearing","37":"product_tag-solo","38":"product_tag-submerging","39":"product_tag-ultra-hd","40":"pa_length-22-minuten-2","41":"pa_product-type-digital-download-full-hd-video","42":"pa_product-type-digital-download-ultra-hd-video","43":"pa_product-type-usb-stick","44":"pa_video-info-full-hd-1920x1080p","45":"pa_video-info-ultra-hd-4k","46":"desktop-align-center","47":"tablet-align-left","48":"mobile-align-left","50":"first","51":"instock","52":"featured","53":"shipping-taxable","54":"purchasable","55":"product-type-variable","56":"has-default-attributes"},"exclude_global_add_ons":[],"addons":[],"acf":[],"yoast_head":"<!-- This site is optimized with the Yoast SEO Premium plugin v27.1 (Yoast SEO v27.1.1) - https:\/\/yoast.com\/product\/yoast-seo-premium-wordpress\/ -->\n<title>ON TOUR: Digging in the dung pile - ManureFetish<\/title>\n<meta name=\"description\" content=\"ON TOUR: Digging in the dung pile, Franky is back, on tour and having fun in cowshit. Masturbating in the large dunghill covered in the creamy mess.\" \/>\n<meta name=\"robots\" content=\"index, follow, max-snippet:-1, max-image-preview:large, max-video-preview:-1\" \/>\n<link rel=\"canonical\" href=\"https:\/\/manurefetish.com\/es\/shop\/videos\/on-tour-digging-in-the-dung-pile\/\" \/>\n<meta property=\"og:locale\" content=\"es_ES\" \/>\n<meta property=\"og:type\" content=\"article\" \/>\n<meta property=\"og:title\" content=\"ON TOUR: Digging in the dung pile\" \/>\n<meta property=\"og:description\" content=\"ON TOUR: Digging in the dung pile, Franky is back, on tour and having fun in cowshit. Masturbating in the large dunghill covered in the creamy mess.\" \/>\n<meta property=\"og:url\" content=\"https:\/\/manurefetish.com\/es\/shop\/videos\/on-tour-digging-in-the-dung-pile\/\" \/>\n<meta property=\"og:site_name\" content=\"ManureFetish\" \/>\n<meta property=\"article:publisher\" content=\"https:\/\/www.facebook.com\/manurefetish\/\" \/>\n<meta property=\"article:modified_time\" content=\"2026-03-24T14:23:49+00:00\" \/>\n<meta property=\"og:image\" content=\"https:\/\/manurefetish.com\/wp-content\/uploads\/2024\/05\/Franky-digging-in-the-dungpile.jpg\" \/>\n\t<meta property=\"og:image:width\" content=\"1728\" \/>\n\t<meta property=\"og:image:height\" content=\"576\" \/>\n\t<meta property=\"og:image:type\" content=\"image\/jpeg\" \/>\n<meta name=\"twitter:card\" content=\"summary_large_image\" \/>\n<meta name=\"twitter:site\" content=\"@Manurefetisch\" \/>\n<script type=\"application\/ld+json\" class=\"yoast-schema-graph\">{\"@context\":\"https:\/\/schema.org\",\"@graph\":[{\"@type\":\"WebPage\",\"@id\":\"https:\/\/manurefetish.com\/shop\/videos\/on-tour-digging-in-the-dung-pile\/\",\"url\":\"https:\/\/manurefetish.com\/shop\/videos\/on-tour-digging-in-the-dung-pile\/\",\"name\":\"ON TOUR: Digging in the dung pile - ManureFetish\",\"isPartOf\":{\"@id\":\"https:\/\/manurefetish.com\/#website\"},\"primaryImageOfPage\":{\"@id\":\"https:\/\/manurefetish.com\/shop\/videos\/on-tour-digging-in-the-dung-pile\/#primaryimage\"},\"image\":{\"@id\":\"https:\/\/manurefetish.com\/shop\/videos\/on-tour-digging-in-the-dung-pile\/#primaryimage\"},\"thumbnailUrl\":\"https:\/\/manurefetish.b-cdn.net\/wp-content\/uploads\/2024\/05\/Franky-digging-in-the-dungpile.jpg\",\"datePublished\":\"2024-05-28T02:54:25+00:00\",\"dateModified\":\"2026-03-24T14:23:49+00:00\",\"description\":\"ON TOUR: Digging in the dung pile, Franky is back, on tour and having fun in cowshit. Masturbating in the large dunghill covered in the creamy mess.\",\"breadcrumb\":{\"@id\":\"https:\/\/manurefetish.com\/shop\/videos\/on-tour-digging-in-the-dung-pile\/#breadcrumb\"},\"inLanguage\":\"es\",\"potentialAction\":[{\"@type\":\"ReadAction\",\"target\":[\"https:\/\/manurefetish.com\/shop\/videos\/on-tour-digging-in-the-dung-pile\/\"]}]},{\"@type\":\"ImageObject\",\"inLanguage\":\"es\",\"@id\":\"https:\/\/manurefetish.com\/shop\/videos\/on-tour-digging-in-the-dung-pile\/#primaryimage\",\"url\":\"https:\/\/manurefetish.b-cdn.net\/wp-content\/uploads\/2024\/05\/Franky-digging-in-the-dungpile.jpg\",\"contentUrl\":\"https:\/\/manurefetish.b-cdn.net\/wp-content\/uploads\/2024\/05\/Franky-digging-in-the-dungpile.jpg\",\"width\":1728,\"height\":576},{\"@type\":\"BreadcrumbList\",\"@id\":\"https:\/\/manurefetish.com\/shop\/videos\/on-tour-digging-in-the-dung-pile\/#breadcrumb\",\"itemListElement\":[{\"@type\":\"ListItem\",\"position\":1,\"name\":\"Home\",\"item\":\"https:\/\/manurefetish.com\/\"},{\"@type\":\"ListItem\",\"position\":2,\"name\":\"Shop\",\"item\":\"https:\/\/manurefetish.com\/shop\/\"},{\"@type\":\"ListItem\",\"position\":3,\"name\":\"Videos\",\"item\":\"https:\/\/manurefetish.com\/product-category\/videos\/\"},{\"@type\":\"ListItem\",\"position\":4,\"name\":\"ON TOUR: Digging in the dung pile\"}]},{\"@type\":\"WebSite\",\"@id\":\"https:\/\/manurefetish.com\/#website\",\"url\":\"https:\/\/manurefetish.com\/\",\"name\":\"ManureFetish\",\"description\":\"ManureFetish Shop\",\"publisher\":{\"@id\":\"https:\/\/manurefetish.com\/#organization\"},\"potentialAction\":[{\"@type\":\"SearchAction\",\"target\":{\"@type\":\"EntryPoint\",\"urlTemplate\":\"https:\/\/manurefetish.com\/?s={search_term_string}\"},\"query-input\":{\"@type\":\"PropertyValueSpecification\",\"valueRequired\":true,\"valueName\":\"search_term_string\"}}],\"inLanguage\":\"es\"},{\"@type\":\"Organization\",\"@id\":\"https:\/\/manurefetish.com\/#organization\",\"name\":\"ManureFetish.com\",\"url\":\"https:\/\/manurefetish.com\/\",\"logo\":{\"@type\":\"ImageObject\",\"inLanguage\":\"es\",\"@id\":\"https:\/\/manurefetish.com\/#\/schema\/logo\/image\/\",\"url\":\"https:\/\/manurefetish.com\/wp-content\/uploads\/2019\/06\/1000xmanurefetishcom-michaela-logo-website-shop.png\",\"contentUrl\":\"https:\/\/manurefetish.com\/wp-content\/uploads\/2019\/06\/1000xmanurefetishcom-michaela-logo-website-shop.png\",\"width\":1000,\"height\":632,\"caption\":\"ManureFetish.com\"},\"image\":{\"@id\":\"https:\/\/manurefetish.com\/#\/schema\/logo\/image\/\"},\"sameAs\":[\"https:\/\/www.facebook.com\/manurefetish\/\",\"https:\/\/x.com\/Manurefetisch\",\"https:\/\/www.youtube.com\/c\/ManureFetish\"],\"description\":\"We're creating various fetish content with female and male models alike.\",\"foundingDate\":\"2019-07-04\",\"vatID\":\"DE366928521\",\"numberOfEmployees\":{\"@type\":\"QuantitativeValue\",\"minValue\":\"1\",\"maxValue\":\"10\"}}]}<\/script>\n<meta property=\"og:availability\" content=\"instock\" \/>\n<meta property=\"product:availability\" content=\"instock\" \/>\n<meta property=\"product:retailer_item_id\" content=\"MFM-OT-DITDP\" \/>\n<meta property=\"product:condition\" content=\"new\" \/>\n<!-- \/ Yoast SEO Premium plugin. -->","yoast_head_json":{"title":"EN GIRA: Escarbando en el estercolero - ManureFetish","description":"DE GIRA: Excavando en el estercolero, Franky est\u00e1 de vuelta, de gira y divirti\u00e9ndose en la mierda de vaca. Masturb\u00e1ndose en el gran estercolero cubierto de la cremosa porquer\u00eda.","robots":{"index":"index","follow":"follow","max-snippet":"max-snippet:-1","max-image-preview":"max-image-preview:large","max-video-preview":"max-video-preview:-1"},"canonical":"https:\/\/manurefetish.com\/es\/shop\/videos\/on-tour-digging-in-the-dung-pile\/","og_locale":"es_ES","og_type":"article","og_title":"ON TOUR: Digging in the dung pile","og_description":"ON TOUR: Digging in the dung pile, Franky is back, on tour and having fun in cowshit. Masturbating in the large dunghill covered in the creamy mess.","og_url":"https:\/\/manurefetish.com\/es\/shop\/videos\/on-tour-digging-in-the-dung-pile\/","og_site_name":"ManureFetish","article_publisher":"https:\/\/www.facebook.com\/manurefetish\/","article_modified_time":"2026-03-24T14:23:49+00:00","og_image":[{"width":1728,"height":576,"url":"https:\/\/manurefetish.com\/wp-content\/uploads\/2024\/05\/Franky-digging-in-the-dungpile.jpg","type":"image\/jpeg"}],"twitter_card":"summary_large_image","twitter_site":"@Manurefetisch","schema":{"@context":"https:\/\/schema.org","@graph":[{"@type":"WebPage","@id":"https:\/\/manurefetish.com\/shop\/videos\/on-tour-digging-in-the-dung-pile\/","url":"https:\/\/manurefetish.com\/shop\/videos\/on-tour-digging-in-the-dung-pile\/","name":"EN GIRA: Escarbando en el estercolero - ManureFetish","isPartOf":{"@id":"https:\/\/manurefetish.com\/#website"},"primaryImageOfPage":{"@id":"https:\/\/manurefetish.com\/shop\/videos\/on-tour-digging-in-the-dung-pile\/#primaryimage"},"image":{"@id":"https:\/\/manurefetish.com\/shop\/videos\/on-tour-digging-in-the-dung-pile\/#primaryimage"},"thumbnailUrl":"https:\/\/manurefetish.b-cdn.net\/wp-content\/uploads\/2024\/05\/Franky-digging-in-the-dungpile.jpg","datePublished":"2024-05-28T02:54:25+00:00","dateModified":"2026-03-24T14:23:49+00:00","description":"DE GIRA: Excavando en el estercolero, Franky est\u00e1 de vuelta, de gira y divirti\u00e9ndose en la mierda de vaca. Masturb\u00e1ndose en el gran estercolero cubierto de la cremosa porquer\u00eda.","breadcrumb":{"@id":"https:\/\/manurefetish.com\/shop\/videos\/on-tour-digging-in-the-dung-pile\/#breadcrumb"},"inLanguage":"es","potentialAction":[{"@type":"ReadAction","target":["https:\/\/manurefetish.com\/shop\/videos\/on-tour-digging-in-the-dung-pile\/"]}]},{"@type":"ImageObject","inLanguage":"es","@id":"https:\/\/manurefetish.com\/shop\/videos\/on-tour-digging-in-the-dung-pile\/#primaryimage","url":"https:\/\/manurefetish.b-cdn.net\/wp-content\/uploads\/2024\/05\/Franky-digging-in-the-dungpile.jpg","contentUrl":"https:\/\/manurefetish.b-cdn.net\/wp-content\/uploads\/2024\/05\/Franky-digging-in-the-dungpile.jpg","width":1728,"height":576},{"@type":"BreadcrumbList","@id":"https:\/\/manurefetish.com\/shop\/videos\/on-tour-digging-in-the-dung-pile\/#breadcrumb","itemListElement":[{"@type":"ListItem","position":1,"name":"Home","item":"https:\/\/manurefetish.com\/"},{"@type":"ListItem","position":2,"name":"Shop","item":"https:\/\/manurefetish.com\/shop\/"},{"@type":"ListItem","position":3,"name":"Videos","item":"https:\/\/manurefetish.com\/product-category\/videos\/"},{"@type":"ListItem","position":4,"name":"ON TOUR: Digging in the dung pile"}]},{"@type":"WebSite","@id":"https:\/\/manurefetish.com\/#website","url":"https:\/\/manurefetish.com\/","name":"ManureFetish","description":"ManureFetish","publisher":{"@id":"https:\/\/manurefetish.com\/#organization"},"potentialAction":[{"@type":"SearchAction","target":{"@type":"EntryPoint","urlTemplate":"https:\/\/manurefetish.com\/?s={search_term_string}"},"query-input":{"@type":"PropertyValueSpecification","valueRequired":true,"valueName":"search_term_string"}}],"inLanguage":"es"},{"@type":"Organization","@id":"https:\/\/manurefetish.com\/#organization","name":"ManureFetish.com","url":"https:\/\/manurefetish.com\/","logo":{"@type":"ImageObject","inLanguage":"es","@id":"https:\/\/manurefetish.com\/#\/schema\/logo\/image\/","url":"https:\/\/manurefetish.com\/wp-content\/uploads\/2019\/06\/1000xmanurefetishcom-michaela-logo-website-shop.png","contentUrl":"https:\/\/manurefetish.com\/wp-content\/uploads\/2019\/06\/1000xmanurefetishcom-michaela-logo-website-shop.png","width":1000,"height":632,"caption":"ManureFetish.com"},"image":{"@id":"https:\/\/manurefetish.com\/#\/schema\/logo\/image\/"},"sameAs":["https:\/\/www.facebook.com\/manurefetish\/","https:\/\/x.com\/Manurefetisch","https:\/\/www.youtube.com\/c\/ManureFetish"],"description":"Estamos creando diversos contenidos fetichistas con modelos femeninos y masculinos por igual.","foundingDate":"2019-07-04","vatID":"DE366928521","numberOfEmployees":{"@type":"QuantitativeValue","minValue":"1","maxValue":"10"}}]},"og_availability":"instock","product_availability":"instock","product_retailer_item_id":"MFM-OT-DITDP","product_condition":"new"},"_links":{"self":[{"href":"https:\/\/manurefetish.com\/es\/wp-json\/wp\/v2\/product\/137231","targetHints":{"allow":["GET"]}}],"collection":[{"href":"https:\/\/manurefetish.com\/es\/wp-json\/wp\/v2\/product"}],"about":[{"href":"https:\/\/manurefetish.com\/es\/wp-json\/wp\/v2\/types\/product"}],"replies":[{"embeddable":true,"href":"https:\/\/manurefetish.com\/es\/wp-json\/wp\/v2\/comments?post=137231"}],"version-history":[{"count":0,"href":"https:\/\/manurefetish.com\/es\/wp-json\/wp\/v2\/product\/137231\/revisions"}],"wp:featuredmedia":[{"embeddable":true,"href":"https:\/\/manurefetish.com\/es\/wp-json\/wp\/v2\/media\/199214"}],"wp:attachment":[{"href":"https:\/\/manurefetish.com\/es\/wp-json\/wp\/v2\/media?parent=137231"}],"wp:term":[{"taxonomy":"product_brand","embeddable":true,"href":"https:\/\/manurefetish.com\/es\/wp-json\/wp\/v2\/product_brand?post=137231"},{"taxonomy":"product_cat","embeddable":true,"href":"https:\/\/manurefetish.com\/es\/wp-json\/wp\/v2\/product_cat?post=137231"},{"taxonomy":"product_tag","embeddable":true,"href":"https:\/\/manurefetish.com\/es\/wp-json\/wp\/v2\/product_tag?post=137231"}],"curies":[{"name":"wp","href":"https:\/\/api.w.org\/{rel}","templated":true}]}}