{"id":136936,"date":"2024-05-24T19:20:34","date_gmt":"2024-05-24T17:20:34","guid":{"rendered":"https:\/\/manurefetish.com\/?post_type=product&#038;p=136936"},"modified":"2026-05-16T02:39:02","modified_gmt":"2026-05-16T00:39:02","slug":"on-tour-massive-dung-pile","status":"publish","type":"product","link":"https:\/\/manurefetish.com\/es\/shop\/videos\/on-tour-massive-dung-pile\/","title":{"rendered":"EN GIRA: Mont\u00f3n de esti\u00e9rcol"},"content":{"rendered":"<p><span style=\"font-weight: 400;\">En nuestra serie \"De gira\", viajamos por el campo para encontrar lugares bonitos y nuevos con caca de vaca o esti\u00e9rcol de otros animales.<\/span><\/p>\n<p>Mientras conduc\u00eda por el campo, Lyndra vio una enorme pila de dung junto a la carretera. Al instante se puso cachonda y quiso escalarlo y cubrirse de cowshit.<br \/>\nPasea por el enorme dunghill para encontrar el lugar m\u00e1s cremoso donde divertirse. Sube unos pelda\u00f1os para hundirse en el dunghill. Ha encontrado su sitio, as\u00ed que se arrastra un poco m\u00e1s hasta donde est\u00e1 realmente cremoso. Ahora Lyndra empieza a cubrirse con el bonito cowshit. Primero su ropa y luego se desnuda hasta su ropa interior. Se arrastra hasta donde est\u00e1 m\u00e1s profundo y empieza a masturbarse. Este es realmente un lugar celestial, mientras ella prueba diferentes posiciones alrededor del profundo cowshit para masturbarse en ellas, mientras tiene multiples orgasmos.<\/p>","protected":false},"excerpt":{"rendered":"<p>In our \u201cOn Tour\u201d Series, we travel the countryside to find nice and new locations with cowshit or other animal dung. As she was driving through the countryside Lyndra spotted a massive dung pile next to the road. She instantly got horny and wanted to climb it and cover herself in cowshit. She walks around [&hellip;]<\/p>\n","protected":false},"featured_media":199215,"comment_status":"open","ping_status":"closed","template":"","meta":{"_acf_changed":false,"site-sidebar-layout":"default","site-content-layout":"","ast-site-content-layout":"default","site-content-style":"default","site-sidebar-style":"default","ast-global-header-display":"","ast-banner-title-visibility":"","ast-main-header-display":"","ast-hfb-above-header-display":"","ast-hfb-below-header-display":"","ast-hfb-mobile-header-display":"","site-post-title":"","ast-breadcrumbs-content":"","ast-featured-img":"","footer-sml-layout":"","ast-disable-related-posts":"","theme-transparent-header-meta":"default","adv-header-id-meta":"","stick-header-meta":"","header-above-stick-meta":"","header-main-stick-meta":"","header-below-stick-meta":"","astra-migrate-meta-layouts":"set","ast-page-background-enabled":"default","ast-page-background-meta":{"desktop":{"background-color":"var(--ast-global-color-4)","background-image":"","background-repeat":"repeat","background-position":"center center","background-size":"auto","background-attachment":"scroll","background-type":"","background-media":"","overlay-type":"","overlay-color":"","overlay-opacity":"","overlay-gradient":""},"tablet":{"background-color":"","background-image":"","background-repeat":"repeat","background-position":"center center","background-size":"auto","background-attachment":"scroll","background-type":"","background-media":"","overlay-type":"","overlay-color":"","overlay-opacity":"","overlay-gradient":""},"mobile":{"background-color":"","background-image":"","background-repeat":"repeat","background-position":"center center","background-size":"auto","background-attachment":"scroll","background-type":"","background-media":"","overlay-type":"","overlay-color":"","overlay-opacity":"","overlay-gradient":""}},"ast-content-background-meta":{"desktop":{"background-color":"var(--ast-global-color-5)","background-image":"","background-repeat":"repeat","background-position":"center center","background-size":"auto","background-attachment":"scroll","background-type":"","background-media":"","overlay-type":"","overlay-color":"","overlay-opacity":"","overlay-gradient":""},"tablet":{"background-color":"var(--ast-global-color-5)","background-image":"","background-repeat":"repeat","background-position":"center center","background-size":"auto","background-attachment":"scroll","background-type":"","background-media":"","overlay-type":"","overlay-color":"","overlay-opacity":"","overlay-gradient":""},"mobile":{"background-color":"var(--ast-global-color-5)","background-image":"","background-repeat":"repeat","background-position":"center center","background-size":"auto","background-attachment":"scroll","background-type":"","background-media":"","overlay-type":"","overlay-color":"","overlay-opacity":"","overlay-gradient":""}}},"product_brand":[],"product_cat":[4470],"product_tag":[317,318,2632,2551,2621,316,64,3933,3030,20,4260,2603,3523,2419,2582,2841,18,2285,2206,2629,3174,65,4259,35,360,2971,2482,32,4199,2650,4482,24,2832,2368,3233],"class_list":{"0":"post-136936","1":"product","2":"type-product","3":"status-publish","4":"has-post-thumbnail","6":"product_cat-videos","7":"product_tag-asshole","8":"product_tag-boobs","9":"product_tag-bra","10":"product_tag-couple","11":"product_tag-cow-dung","12":"product_tag-cunt","13":"product_tag-dildo","14":"product_tag-doggystyle","15":"product_tag-download","16":"product_tag-dung","17":"product_tag-dung-pile","18":"product_tag-dunghill","19":"product_tag-fingering","20":"product_tag-full-hd","21":"product_tag-jeans","22":"product_tag-lyndra-lynn","23":"product_tag-manure","24":"product_tag-masturbate","25":"product_tag-masturbation","26":"product_tag-messy","27":"product_tag-missionary","28":"product_tag-naked","29":"product_tag-on-tour","30":"product_tag-orgasm","31":"product_tag-outdoor","32":"product_tag-pee","33":"product_tag-peeing","34":"product_tag-pussy","35":"product_tag-season-5","36":"product_tag-sensual","37":"product_tag-sex-in-cowshit","38":"product_tag-slurry","39":"product_tag-smearing","40":"product_tag-ultra-hd","41":"product_tag-waifu","42":"pa_length-22-minuten-2","43":"pa_product-type-digital-download-full-hd-video","44":"pa_product-type-digital-download-ultra-hd-video","45":"pa_product-type-usb-stick","46":"pa_video-info-full-hd-1920x1080p","47":"pa_video-info-ultra-hd-4k","48":"desktop-align-center","49":"tablet-align-left","50":"mobile-align-left","52":"first","53":"instock","54":"shipping-taxable","55":"purchasable","56":"product-type-variable"},"exclude_global_add_ons":[],"addons":[],"acf":[],"yoast_head":"<!-- This site is optimized with the Yoast SEO Premium plugin v27.1 (Yoast SEO v27.1.1) - https:\/\/yoast.com\/product\/yoast-seo-premium-wordpress\/ -->\n<title>ON TOUR: Massive Dung Pile - ManureFetish<\/title>\n<meta name=\"description\" content=\"ON TOUR: Massive Dung Pile, Lyndra finds a huge creamy dunghill and couldn&#039;t resist to try it out, covering herself with lots of cowshit.\" \/>\n<meta name=\"robots\" content=\"index, follow, max-snippet:-1, max-image-preview:large, max-video-preview:-1\" \/>\n<link rel=\"canonical\" href=\"https:\/\/manurefetish.com\/es\/shop\/videos\/on-tour-massive-dung-pile\/\" \/>\n<meta property=\"og:locale\" content=\"es_ES\" \/>\n<meta property=\"og:type\" content=\"article\" \/>\n<meta property=\"og:title\" content=\"ON TOUR: Massive Dung Pile\" \/>\n<meta property=\"og:description\" content=\"ON TOUR: Massive Dung Pile, Lyndra finds a huge creamy dunghill and couldn&#039;t resist to try it out, covering herself with lots of cowshit.\" \/>\n<meta property=\"og:url\" content=\"https:\/\/manurefetish.com\/es\/shop\/videos\/on-tour-massive-dung-pile\/\" \/>\n<meta property=\"og:site_name\" content=\"ManureFetish\" \/>\n<meta property=\"article:publisher\" content=\"https:\/\/www.facebook.com\/manurefetish\/\" \/>\n<meta property=\"article:modified_time\" content=\"2026-05-16T00:39:02+00:00\" \/>\n<meta property=\"og:image\" content=\"https:\/\/manurefetish.com\/wp-content\/uploads\/2024\/05\/on-tour-massive-dung-pile-17.jpg\" \/>\n\t<meta property=\"og:image:width\" content=\"1728\" \/>\n\t<meta property=\"og:image:height\" content=\"576\" \/>\n\t<meta property=\"og:image:type\" content=\"image\/jpeg\" \/>\n<meta name=\"twitter:card\" content=\"summary_large_image\" \/>\n<meta name=\"twitter:site\" content=\"@Manurefetisch\" \/>\n<script type=\"application\/ld+json\" class=\"yoast-schema-graph\">{\"@context\":\"https:\/\/schema.org\",\"@graph\":[{\"@type\":\"WebPage\",\"@id\":\"https:\/\/manurefetish.com\/shop\/videos\/on-tour-massive-dung-pile\/\",\"url\":\"https:\/\/manurefetish.com\/shop\/videos\/on-tour-massive-dung-pile\/\",\"name\":\"ON TOUR: Massive Dung Pile - ManureFetish\",\"isPartOf\":{\"@id\":\"https:\/\/manurefetish.com\/#website\"},\"primaryImageOfPage\":{\"@id\":\"https:\/\/manurefetish.com\/shop\/videos\/on-tour-massive-dung-pile\/#primaryimage\"},\"image\":{\"@id\":\"https:\/\/manurefetish.com\/shop\/videos\/on-tour-massive-dung-pile\/#primaryimage\"},\"thumbnailUrl\":\"https:\/\/manurefetish.b-cdn.net\/wp-content\/uploads\/2024\/05\/on-tour-massive-dung-pile-17.jpg\",\"datePublished\":\"2024-05-24T17:20:34+00:00\",\"dateModified\":\"2026-05-16T00:39:02+00:00\",\"description\":\"ON TOUR: Massive Dung Pile, Lyndra finds a huge creamy dunghill and couldn't resist to try it out, covering herself with lots of cowshit.\",\"breadcrumb\":{\"@id\":\"https:\/\/manurefetish.com\/shop\/videos\/on-tour-massive-dung-pile\/#breadcrumb\"},\"inLanguage\":\"es\",\"potentialAction\":[{\"@type\":\"ReadAction\",\"target\":[\"https:\/\/manurefetish.com\/shop\/videos\/on-tour-massive-dung-pile\/\"]}]},{\"@type\":\"ImageObject\",\"inLanguage\":\"es\",\"@id\":\"https:\/\/manurefetish.com\/shop\/videos\/on-tour-massive-dung-pile\/#primaryimage\",\"url\":\"https:\/\/manurefetish.b-cdn.net\/wp-content\/uploads\/2024\/05\/on-tour-massive-dung-pile-17.jpg\",\"contentUrl\":\"https:\/\/manurefetish.b-cdn.net\/wp-content\/uploads\/2024\/05\/on-tour-massive-dung-pile-17.jpg\",\"width\":1728,\"height\":576},{\"@type\":\"BreadcrumbList\",\"@id\":\"https:\/\/manurefetish.com\/shop\/videos\/on-tour-massive-dung-pile\/#breadcrumb\",\"itemListElement\":[{\"@type\":\"ListItem\",\"position\":1,\"name\":\"Home\",\"item\":\"https:\/\/manurefetish.com\/\"},{\"@type\":\"ListItem\",\"position\":2,\"name\":\"Shop\",\"item\":\"https:\/\/manurefetish.com\/shop\/\"},{\"@type\":\"ListItem\",\"position\":3,\"name\":\"Videos\",\"item\":\"https:\/\/manurefetish.com\/product-category\/videos\/\"},{\"@type\":\"ListItem\",\"position\":4,\"name\":\"ON TOUR: Massive Dung Pile\"}]},{\"@type\":\"WebSite\",\"@id\":\"https:\/\/manurefetish.com\/#website\",\"url\":\"https:\/\/manurefetish.com\/\",\"name\":\"ManureFetish\",\"description\":\"ManureFetish Shop\",\"publisher\":{\"@id\":\"https:\/\/manurefetish.com\/#organization\"},\"potentialAction\":[{\"@type\":\"SearchAction\",\"target\":{\"@type\":\"EntryPoint\",\"urlTemplate\":\"https:\/\/manurefetish.com\/?s={search_term_string}\"},\"query-input\":{\"@type\":\"PropertyValueSpecification\",\"valueRequired\":true,\"valueName\":\"search_term_string\"}}],\"inLanguage\":\"es\"},{\"@type\":\"Organization\",\"@id\":\"https:\/\/manurefetish.com\/#organization\",\"name\":\"ManureFetish.com\",\"url\":\"https:\/\/manurefetish.com\/\",\"logo\":{\"@type\":\"ImageObject\",\"inLanguage\":\"es\",\"@id\":\"https:\/\/manurefetish.com\/#\/schema\/logo\/image\/\",\"url\":\"https:\/\/manurefetish.com\/wp-content\/uploads\/2019\/06\/1000xmanurefetishcom-michaela-logo-website-shop.png\",\"contentUrl\":\"https:\/\/manurefetish.com\/wp-content\/uploads\/2019\/06\/1000xmanurefetishcom-michaela-logo-website-shop.png\",\"width\":1000,\"height\":632,\"caption\":\"ManureFetish.com\"},\"image\":{\"@id\":\"https:\/\/manurefetish.com\/#\/schema\/logo\/image\/\"},\"sameAs\":[\"https:\/\/www.facebook.com\/manurefetish\/\",\"https:\/\/x.com\/Manurefetisch\",\"https:\/\/www.youtube.com\/c\/ManureFetish\"],\"description\":\"We're creating various fetish content with female and male models alike.\",\"foundingDate\":\"2019-07-04\",\"vatID\":\"DE366928521\",\"numberOfEmployees\":{\"@type\":\"QuantitativeValue\",\"minValue\":\"1\",\"maxValue\":\"10\"}}]}<\/script>\n<meta property=\"og:availability\" content=\"instock\" \/>\n<meta property=\"product:availability\" content=\"instock\" \/>\n<meta property=\"product:retailer_item_id\" content=\"MFW-OT-MDP\" \/>\n<meta property=\"product:condition\" content=\"new\" \/>\n<!-- \/ Yoast SEO Premium plugin. -->","yoast_head_json":{"title":"DE GIRA: Esti\u00e9rcol masivo - ManureFetish","description":"ON TOUR: Esti\u00e9rcol masivo, Lyndra encuentra un enorme estercolero cremoso y no pudo resistirse a probarlo, cubri\u00e9ndose con montones de mierda de vaca.","robots":{"index":"index","follow":"follow","max-snippet":"max-snippet:-1","max-image-preview":"max-image-preview:large","max-video-preview":"max-video-preview:-1"},"canonical":"https:\/\/manurefetish.com\/es\/shop\/videos\/on-tour-massive-dung-pile\/","og_locale":"es_ES","og_type":"article","og_title":"ON TOUR: Massive Dung Pile","og_description":"ON TOUR: Massive Dung Pile, Lyndra finds a huge creamy dunghill and couldn't resist to try it out, covering herself with lots of cowshit.","og_url":"https:\/\/manurefetish.com\/es\/shop\/videos\/on-tour-massive-dung-pile\/","og_site_name":"ManureFetish","article_publisher":"https:\/\/www.facebook.com\/manurefetish\/","article_modified_time":"2026-05-16T00:39:02+00:00","og_image":[{"width":1728,"height":576,"url":"https:\/\/manurefetish.com\/wp-content\/uploads\/2024\/05\/on-tour-massive-dung-pile-17.jpg","type":"image\/jpeg"}],"twitter_card":"summary_large_image","twitter_site":"@Manurefetisch","schema":{"@context":"https:\/\/schema.org","@graph":[{"@type":"WebPage","@id":"https:\/\/manurefetish.com\/shop\/videos\/on-tour-massive-dung-pile\/","url":"https:\/\/manurefetish.com\/shop\/videos\/on-tour-massive-dung-pile\/","name":"DE GIRA: Esti\u00e9rcol masivo - ManureFetish","isPartOf":{"@id":"https:\/\/manurefetish.com\/#website"},"primaryImageOfPage":{"@id":"https:\/\/manurefetish.com\/shop\/videos\/on-tour-massive-dung-pile\/#primaryimage"},"image":{"@id":"https:\/\/manurefetish.com\/shop\/videos\/on-tour-massive-dung-pile\/#primaryimage"},"thumbnailUrl":"https:\/\/manurefetish.b-cdn.net\/wp-content\/uploads\/2024\/05\/on-tour-massive-dung-pile-17.jpg","datePublished":"2024-05-24T17:20:34+00:00","dateModified":"2026-05-16T00:39:02+00:00","description":"ON TOUR: Esti\u00e9rcol masivo, Lyndra encuentra un enorme estercolero cremoso y no pudo resistirse a probarlo, cubri\u00e9ndose con montones de mierda de vaca.","breadcrumb":{"@id":"https:\/\/manurefetish.com\/shop\/videos\/on-tour-massive-dung-pile\/#breadcrumb"},"inLanguage":"es","potentialAction":[{"@type":"ReadAction","target":["https:\/\/manurefetish.com\/shop\/videos\/on-tour-massive-dung-pile\/"]}]},{"@type":"ImageObject","inLanguage":"es","@id":"https:\/\/manurefetish.com\/shop\/videos\/on-tour-massive-dung-pile\/#primaryimage","url":"https:\/\/manurefetish.b-cdn.net\/wp-content\/uploads\/2024\/05\/on-tour-massive-dung-pile-17.jpg","contentUrl":"https:\/\/manurefetish.b-cdn.net\/wp-content\/uploads\/2024\/05\/on-tour-massive-dung-pile-17.jpg","width":1728,"height":576},{"@type":"BreadcrumbList","@id":"https:\/\/manurefetish.com\/shop\/videos\/on-tour-massive-dung-pile\/#breadcrumb","itemListElement":[{"@type":"ListItem","position":1,"name":"Home","item":"https:\/\/manurefetish.com\/"},{"@type":"ListItem","position":2,"name":"Shop","item":"https:\/\/manurefetish.com\/shop\/"},{"@type":"ListItem","position":3,"name":"Videos","item":"https:\/\/manurefetish.com\/product-category\/videos\/"},{"@type":"ListItem","position":4,"name":"ON TOUR: Massive Dung Pile"}]},{"@type":"WebSite","@id":"https:\/\/manurefetish.com\/#website","url":"https:\/\/manurefetish.com\/","name":"ManureFetish","description":"ManureFetish","publisher":{"@id":"https:\/\/manurefetish.com\/#organization"},"potentialAction":[{"@type":"SearchAction","target":{"@type":"EntryPoint","urlTemplate":"https:\/\/manurefetish.com\/?s={search_term_string}"},"query-input":{"@type":"PropertyValueSpecification","valueRequired":true,"valueName":"search_term_string"}}],"inLanguage":"es"},{"@type":"Organization","@id":"https:\/\/manurefetish.com\/#organization","name":"ManureFetish.com","url":"https:\/\/manurefetish.com\/","logo":{"@type":"ImageObject","inLanguage":"es","@id":"https:\/\/manurefetish.com\/#\/schema\/logo\/image\/","url":"https:\/\/manurefetish.com\/wp-content\/uploads\/2019\/06\/1000xmanurefetishcom-michaela-logo-website-shop.png","contentUrl":"https:\/\/manurefetish.com\/wp-content\/uploads\/2019\/06\/1000xmanurefetishcom-michaela-logo-website-shop.png","width":1000,"height":632,"caption":"ManureFetish.com"},"image":{"@id":"https:\/\/manurefetish.com\/#\/schema\/logo\/image\/"},"sameAs":["https:\/\/www.facebook.com\/manurefetish\/","https:\/\/x.com\/Manurefetisch","https:\/\/www.youtube.com\/c\/ManureFetish"],"description":"Estamos creando diversos contenidos fetichistas con modelos femeninos y masculinos por igual.","foundingDate":"2019-07-04","vatID":"DE366928521","numberOfEmployees":{"@type":"QuantitativeValue","minValue":"1","maxValue":"10"}}]},"og_availability":"instock","product_availability":"instock","product_retailer_item_id":"MFW-OT-MDP","product_condition":"new"},"_links":{"self":[{"href":"https:\/\/manurefetish.com\/es\/wp-json\/wp\/v2\/product\/136936","targetHints":{"allow":["GET"]}}],"collection":[{"href":"https:\/\/manurefetish.com\/es\/wp-json\/wp\/v2\/product"}],"about":[{"href":"https:\/\/manurefetish.com\/es\/wp-json\/wp\/v2\/types\/product"}],"replies":[{"embeddable":true,"href":"https:\/\/manurefetish.com\/es\/wp-json\/wp\/v2\/comments?post=136936"}],"version-history":[{"count":0,"href":"https:\/\/manurefetish.com\/es\/wp-json\/wp\/v2\/product\/136936\/revisions"}],"wp:featuredmedia":[{"embeddable":true,"href":"https:\/\/manurefetish.com\/es\/wp-json\/wp\/v2\/media\/199215"}],"wp:attachment":[{"href":"https:\/\/manurefetish.com\/es\/wp-json\/wp\/v2\/media?parent=136936"}],"wp:term":[{"taxonomy":"product_brand","embeddable":true,"href":"https:\/\/manurefetish.com\/es\/wp-json\/wp\/v2\/product_brand?post=136936"},{"taxonomy":"product_cat","embeddable":true,"href":"https:\/\/manurefetish.com\/es\/wp-json\/wp\/v2\/product_cat?post=136936"},{"taxonomy":"product_tag","embeddable":true,"href":"https:\/\/manurefetish.com\/es\/wp-json\/wp\/v2\/product_tag?post=136936"}],"curies":[{"name":"wp","href":"https:\/\/api.w.org\/{rel}","templated":true}]}}