{"id":125048,"date":"2024-01-19T21:49:11","date_gmt":"2024-01-19T20:49:11","guid":{"rendered":"https:\/\/manurefetish.com\/?post_type=product&#038;p=125048"},"modified":"2026-03-24T15:27:09","modified_gmt":"2026-03-24T14:27:09","slug":"lyndra-lynn-im-filling-his-mouth","status":"publish","type":"product","link":"https:\/\/manurefetish.com\/es\/shop\/videos\/lyndra-lynn-im-filling-his-mouth\/","title":{"rendered":"Lyndra Lynn &#8211; I&#8217;m Filling His Mouth"},"content":{"rendered":"<p><span style=\"font-weight: 400;\">Es la primera vez que cago en la boca de alguien. Estoy muy nerviosa, pero \u00e9l tambi\u00e9n. Necesitaba tanto ir que casi no pod\u00eda aguantar m\u00e1s. As\u00ed que r\u00e1pidamente me coloqu\u00e9 sobre su cara e inmediatamente empec\u00e9 a cagar en su boca. Le gust\u00f3 tanto que incluso mastic\u00f3 y trag\u00f3 un poco. Pero todav\u00eda queremos tener un poco de diversi\u00f3n sucia. As\u00ed que empieza a cubrir mi cuerpo con ella. Primero algunas de mis tetas luego m\u00e1s mierda cremosa en mi co\u00f1o. Me encantaba que me lamieran el co\u00f1o cubierto de mierda y luego me follaran en varias posiciones diferentes.<\/span><\/p>","protected":false},"excerpt":{"rendered":"<p>This is the first time for me to shit in someone&#8217;s mouth. I\u2019m so nervous but so is he. I needed to go so badly I nearly couldn\u2019t hold it anymore. So I quickly placed myself over his face and immediately began to shit in his mouth. He liked it so much he even chewed [&hellip;]<\/p>\n","protected":false},"featured_media":199185,"comment_status":"open","ping_status":"closed","template":"","meta":{"_acf_changed":false,"site-sidebar-layout":"default","site-content-layout":"","ast-site-content-layout":"default","site-content-style":"default","site-sidebar-style":"default","ast-global-header-display":"","ast-banner-title-visibility":"","ast-main-header-display":"","ast-hfb-above-header-display":"","ast-hfb-below-header-display":"","ast-hfb-mobile-header-display":"","site-post-title":"","ast-breadcrumbs-content":"","ast-featured-img":"","footer-sml-layout":"","ast-disable-related-posts":"","theme-transparent-header-meta":"default","adv-header-id-meta":"","stick-header-meta":"","header-above-stick-meta":"","header-main-stick-meta":"","header-below-stick-meta":"","astra-migrate-meta-layouts":"set","ast-page-background-enabled":"default","ast-page-background-meta":{"desktop":{"background-color":"var(--ast-global-color-4)","background-image":"","background-repeat":"repeat","background-position":"center center","background-size":"auto","background-attachment":"scroll","background-type":"","background-media":"","overlay-type":"","overlay-color":"","overlay-opacity":"","overlay-gradient":""},"tablet":{"background-color":"","background-image":"","background-repeat":"repeat","background-position":"center center","background-size":"auto","background-attachment":"scroll","background-type":"","background-media":"","overlay-type":"","overlay-color":"","overlay-opacity":"","overlay-gradient":""},"mobile":{"background-color":"","background-image":"","background-repeat":"repeat","background-position":"center center","background-size":"auto","background-attachment":"scroll","background-type":"","background-media":"","overlay-type":"","overlay-color":"","overlay-opacity":"","overlay-gradient":""}},"ast-content-background-meta":{"desktop":{"background-color":"var(--ast-global-color-5)","background-image":"","background-repeat":"repeat","background-position":"center center","background-size":"auto","background-attachment":"scroll","background-type":"","background-media":"","overlay-type":"","overlay-color":"","overlay-opacity":"","overlay-gradient":""},"tablet":{"background-color":"var(--ast-global-color-5)","background-image":"","background-repeat":"repeat","background-position":"center center","background-size":"auto","background-attachment":"scroll","background-type":"","background-media":"","overlay-type":"","overlay-color":"","overlay-opacity":"","overlay-gradient":""},"mobile":{"background-color":"var(--ast-global-color-5)","background-image":"","background-repeat":"repeat","background-position":"center center","background-size":"auto","background-attachment":"scroll","background-type":"","background-media":"","overlay-type":"","overlay-color":"","overlay-opacity":"","overlay-gradient":""}}},"product_brand":[],"product_cat":[4470],"product_tag":[17,317,318,4166,2551,2869,316,4172,3030,334,4138,3825,3523,2419,3861,4572,3559,2841,2285,2206,2629,65,35,4136,4171,4137,32,4167,4135,4170,3881,2650,34,4233,4169,53,2832,2368,3233],"class_list":{"0":"post-125048","1":"product","2":"type-product","3":"status-publish","4":"has-post-thumbnail","6":"product_cat-videos","7":"product_tag-anal","8":"product_tag-asshole","9":"product_tag-boobs","10":"product_tag-box","11":"product_tag-couple","12":"product_tag-cumshot","13":"product_tag-cunt","14":"product_tag-cusmshot","15":"product_tag-download","16":"product_tag-eating","17":"product_tag-efro","18":"product_tag-facesitting","19":"product_tag-fingering","20":"product_tag-full-hd","21":"product_tag-human-dung","22":"product_tag-human-scat","23":"product_tag-jumpsuit","24":"product_tag-lyndra-lynn","25":"product_tag-masturbate","26":"product_tag-masturbation","27":"product_tag-messy","28":"product_tag-naked","29":"product_tag-orgasm","30":"product_tag-poop","31":"product_tag-poop-eating","32":"product_tag-pooping","33":"product_tag-pussy","34":"product_tag-saved-shit","35":"product_tag-scat","36":"product_tag-scat-eating","37":"product_tag-season-4","38":"product_tag-sensual","39":"product_tag-sex","40":"product_tag-shit","41":"product_tag-shit-eating","42":"product_tag-shower","43":"product_tag-smearing","44":"product_tag-ultra-hd","45":"product_tag-waifu","46":"pa_length-26-minuten-2","47":"pa_product-type-digital-download-full-hd-video","48":"pa_product-type-digital-download-ultra-hd-video","49":"pa_product-type-usb-stick","50":"pa_video-info-full-hd-1920x1080p","51":"pa_video-info-ultra-hd-4k","52":"desktop-align-center","53":"tablet-align-left","54":"mobile-align-left","56":"first","57":"instock","58":"shipping-taxable","59":"purchasable","60":"product-type-variable","61":"has-default-attributes"},"exclude_global_add_ons":[],"addons":[],"acf":[],"yoast_head":"<!-- This site is optimized with the Yoast SEO Premium plugin v27.1 (Yoast SEO v27.1.1) - https:\/\/yoast.com\/product\/yoast-seo-premium-wordpress\/ -->\n<title>Lyndra Lynn - I&#039;m Filling His Mouth - ManureFetish -<\/title>\n<meta name=\"description\" content=\"Lyndra Lynn - I&#039;m Filling His Mouth, the first time I shit in someones mouth after that we&#039;ve extreme messy scat sex with my own shit.\" \/>\n<meta name=\"robots\" content=\"index, follow, max-snippet:-1, max-image-preview:large, max-video-preview:-1\" \/>\n<link rel=\"canonical\" href=\"https:\/\/manurefetish.com\/es\/shop\/videos\/lyndra-lynn-im-filling-his-mouth\/\" \/>\n<meta property=\"og:locale\" content=\"es_ES\" \/>\n<meta property=\"og:type\" content=\"article\" \/>\n<meta property=\"og:title\" content=\"Lyndra Lynn - I&#039;m Filling His Mouth\" \/>\n<meta property=\"og:description\" content=\"Lyndra Lynn - I&#039;m Filling His Mouth, the first time I shit in someones mouth after that we&#039;ve extreme messy scat sex with my own shit.\" \/>\n<meta property=\"og:url\" content=\"https:\/\/manurefetish.com\/es\/shop\/videos\/lyndra-lynn-im-filling-his-mouth\/\" \/>\n<meta property=\"og:site_name\" content=\"ManureFetish\" \/>\n<meta property=\"article:publisher\" content=\"https:\/\/www.facebook.com\/manurefetish\/\" \/>\n<meta property=\"article:modified_time\" content=\"2026-03-24T14:27:09+00:00\" \/>\n<meta property=\"og:image\" content=\"https:\/\/manurefetish.com\/wp-content\/uploads\/2024\/01\/Lyndra-Lynn-Im-filling-his-mouth.jpg\" \/>\n\t<meta property=\"og:image:width\" content=\"1728\" \/>\n\t<meta property=\"og:image:height\" content=\"576\" \/>\n\t<meta property=\"og:image:type\" content=\"image\/jpeg\" \/>\n<meta name=\"twitter:card\" content=\"summary_large_image\" \/>\n<meta name=\"twitter:site\" content=\"@Manurefetisch\" \/>\n<script type=\"application\/ld+json\" class=\"yoast-schema-graph\">{\"@context\":\"https:\/\/schema.org\",\"@graph\":[{\"@type\":\"WebPage\",\"@id\":\"https:\/\/manurefetish.com\/shop\/videos\/lyndra-lynn-im-filling-his-mouth\/\",\"url\":\"https:\/\/manurefetish.com\/shop\/videos\/lyndra-lynn-im-filling-his-mouth\/\",\"name\":\"Lyndra Lynn - I'm Filling His Mouth - ManureFetish -\",\"isPartOf\":{\"@id\":\"https:\/\/manurefetish.com\/#website\"},\"primaryImageOfPage\":{\"@id\":\"https:\/\/manurefetish.com\/shop\/videos\/lyndra-lynn-im-filling-his-mouth\/#primaryimage\"},\"image\":{\"@id\":\"https:\/\/manurefetish.com\/shop\/videos\/lyndra-lynn-im-filling-his-mouth\/#primaryimage\"},\"thumbnailUrl\":\"https:\/\/manurefetish.b-cdn.net\/wp-content\/uploads\/2024\/01\/Lyndra-Lynn-Im-filling-his-mouth.jpg\",\"datePublished\":\"2024-01-19T20:49:11+00:00\",\"dateModified\":\"2026-03-24T14:27:09+00:00\",\"description\":\"Lyndra Lynn - I'm Filling His Mouth, the first time I shit in someones mouth after that we've extreme messy scat sex with my own shit.\",\"breadcrumb\":{\"@id\":\"https:\/\/manurefetish.com\/shop\/videos\/lyndra-lynn-im-filling-his-mouth\/#breadcrumb\"},\"inLanguage\":\"es\",\"potentialAction\":[{\"@type\":\"ReadAction\",\"target\":[\"https:\/\/manurefetish.com\/shop\/videos\/lyndra-lynn-im-filling-his-mouth\/\"]}]},{\"@type\":\"ImageObject\",\"inLanguage\":\"es\",\"@id\":\"https:\/\/manurefetish.com\/shop\/videos\/lyndra-lynn-im-filling-his-mouth\/#primaryimage\",\"url\":\"https:\/\/manurefetish.b-cdn.net\/wp-content\/uploads\/2024\/01\/Lyndra-Lynn-Im-filling-his-mouth.jpg\",\"contentUrl\":\"https:\/\/manurefetish.b-cdn.net\/wp-content\/uploads\/2024\/01\/Lyndra-Lynn-Im-filling-his-mouth.jpg\",\"width\":1728,\"height\":576},{\"@type\":\"BreadcrumbList\",\"@id\":\"https:\/\/manurefetish.com\/shop\/videos\/lyndra-lynn-im-filling-his-mouth\/#breadcrumb\",\"itemListElement\":[{\"@type\":\"ListItem\",\"position\":1,\"name\":\"Home\",\"item\":\"https:\/\/manurefetish.com\/\"},{\"@type\":\"ListItem\",\"position\":2,\"name\":\"Shop\",\"item\":\"https:\/\/manurefetish.com\/shop\/\"},{\"@type\":\"ListItem\",\"position\":3,\"name\":\"Videos\",\"item\":\"https:\/\/manurefetish.com\/product-category\/videos\/\"},{\"@type\":\"ListItem\",\"position\":4,\"name\":\"Lyndra Lynn &#8211; I&#8217;m Filling His Mouth\"}]},{\"@type\":\"WebSite\",\"@id\":\"https:\/\/manurefetish.com\/#website\",\"url\":\"https:\/\/manurefetish.com\/\",\"name\":\"ManureFetish\",\"description\":\"ManureFetish Shop\",\"publisher\":{\"@id\":\"https:\/\/manurefetish.com\/#organization\"},\"potentialAction\":[{\"@type\":\"SearchAction\",\"target\":{\"@type\":\"EntryPoint\",\"urlTemplate\":\"https:\/\/manurefetish.com\/?s={search_term_string}\"},\"query-input\":{\"@type\":\"PropertyValueSpecification\",\"valueRequired\":true,\"valueName\":\"search_term_string\"}}],\"inLanguage\":\"es\"},{\"@type\":\"Organization\",\"@id\":\"https:\/\/manurefetish.com\/#organization\",\"name\":\"ManureFetish.com\",\"url\":\"https:\/\/manurefetish.com\/\",\"logo\":{\"@type\":\"ImageObject\",\"inLanguage\":\"es\",\"@id\":\"https:\/\/manurefetish.com\/#\/schema\/logo\/image\/\",\"url\":\"https:\/\/manurefetish.com\/wp-content\/uploads\/2019\/06\/1000xmanurefetishcom-michaela-logo-website-shop.png\",\"contentUrl\":\"https:\/\/manurefetish.com\/wp-content\/uploads\/2019\/06\/1000xmanurefetishcom-michaela-logo-website-shop.png\",\"width\":1000,\"height\":632,\"caption\":\"ManureFetish.com\"},\"image\":{\"@id\":\"https:\/\/manurefetish.com\/#\/schema\/logo\/image\/\"},\"sameAs\":[\"https:\/\/www.facebook.com\/manurefetish\/\",\"https:\/\/x.com\/Manurefetisch\",\"https:\/\/www.youtube.com\/c\/ManureFetish\"],\"description\":\"We're creating various fetish content with female and male models alike.\",\"foundingDate\":\"2019-07-04\",\"vatID\":\"DE366928521\",\"numberOfEmployees\":{\"@type\":\"QuantitativeValue\",\"minValue\":\"1\",\"maxValue\":\"10\"}}]}<\/script>\n<meta property=\"og:availability\" content=\"instock\" \/>\n<meta property=\"product:availability\" content=\"instock\" \/>\n<meta property=\"product:retailer_item_id\" content=\"MFW-LLIFHM\" \/>\n<meta property=\"product:condition\" content=\"new\" \/>\n<!-- \/ Yoast SEO Premium plugin. -->","yoast_head_json":{"title":"Lyndra Lynn - Le Estoy Llenando La Boca - ManureFetish -","description":"Lyndra Lynn - I'm Filling His Mouth, la primera vez que cagu\u00e9 en la boca de alguien, despu\u00e9s hemos practicado sexo scat extremo con mi propia mierda.","robots":{"index":"index","follow":"follow","max-snippet":"max-snippet:-1","max-image-preview":"max-image-preview:large","max-video-preview":"max-video-preview:-1"},"canonical":"https:\/\/manurefetish.com\/es\/shop\/videos\/lyndra-lynn-im-filling-his-mouth\/","og_locale":"es_ES","og_type":"article","og_title":"Lyndra Lynn - I'm Filling His Mouth","og_description":"Lyndra Lynn - I'm Filling His Mouth, the first time I shit in someones mouth after that we've extreme messy scat sex with my own shit.","og_url":"https:\/\/manurefetish.com\/es\/shop\/videos\/lyndra-lynn-im-filling-his-mouth\/","og_site_name":"ManureFetish","article_publisher":"https:\/\/www.facebook.com\/manurefetish\/","article_modified_time":"2026-03-24T14:27:09+00:00","og_image":[{"width":1728,"height":576,"url":"https:\/\/manurefetish.com\/wp-content\/uploads\/2024\/01\/Lyndra-Lynn-Im-filling-his-mouth.jpg","type":"image\/jpeg"}],"twitter_card":"summary_large_image","twitter_site":"@Manurefetisch","schema":{"@context":"https:\/\/schema.org","@graph":[{"@type":"WebPage","@id":"https:\/\/manurefetish.com\/shop\/videos\/lyndra-lynn-im-filling-his-mouth\/","url":"https:\/\/manurefetish.com\/shop\/videos\/lyndra-lynn-im-filling-his-mouth\/","name":"Lyndra Lynn - Le Estoy Llenando La Boca - ManureFetish -","isPartOf":{"@id":"https:\/\/manurefetish.com\/#website"},"primaryImageOfPage":{"@id":"https:\/\/manurefetish.com\/shop\/videos\/lyndra-lynn-im-filling-his-mouth\/#primaryimage"},"image":{"@id":"https:\/\/manurefetish.com\/shop\/videos\/lyndra-lynn-im-filling-his-mouth\/#primaryimage"},"thumbnailUrl":"https:\/\/manurefetish.b-cdn.net\/wp-content\/uploads\/2024\/01\/Lyndra-Lynn-Im-filling-his-mouth.jpg","datePublished":"2024-01-19T20:49:11+00:00","dateModified":"2026-03-24T14:27:09+00:00","description":"Lyndra Lynn - I'm Filling His Mouth, la primera vez que cagu\u00e9 en la boca de alguien, despu\u00e9s hemos practicado sexo scat extremo con mi propia mierda.","breadcrumb":{"@id":"https:\/\/manurefetish.com\/shop\/videos\/lyndra-lynn-im-filling-his-mouth\/#breadcrumb"},"inLanguage":"es","potentialAction":[{"@type":"ReadAction","target":["https:\/\/manurefetish.com\/shop\/videos\/lyndra-lynn-im-filling-his-mouth\/"]}]},{"@type":"ImageObject","inLanguage":"es","@id":"https:\/\/manurefetish.com\/shop\/videos\/lyndra-lynn-im-filling-his-mouth\/#primaryimage","url":"https:\/\/manurefetish.b-cdn.net\/wp-content\/uploads\/2024\/01\/Lyndra-Lynn-Im-filling-his-mouth.jpg","contentUrl":"https:\/\/manurefetish.b-cdn.net\/wp-content\/uploads\/2024\/01\/Lyndra-Lynn-Im-filling-his-mouth.jpg","width":1728,"height":576},{"@type":"BreadcrumbList","@id":"https:\/\/manurefetish.com\/shop\/videos\/lyndra-lynn-im-filling-his-mouth\/#breadcrumb","itemListElement":[{"@type":"ListItem","position":1,"name":"Home","item":"https:\/\/manurefetish.com\/"},{"@type":"ListItem","position":2,"name":"Shop","item":"https:\/\/manurefetish.com\/shop\/"},{"@type":"ListItem","position":3,"name":"Videos","item":"https:\/\/manurefetish.com\/product-category\/videos\/"},{"@type":"ListItem","position":4,"name":"Lyndra Lynn &#8211; I&#8217;m Filling His Mouth"}]},{"@type":"WebSite","@id":"https:\/\/manurefetish.com\/#website","url":"https:\/\/manurefetish.com\/","name":"ManureFetish","description":"ManureFetish","publisher":{"@id":"https:\/\/manurefetish.com\/#organization"},"potentialAction":[{"@type":"SearchAction","target":{"@type":"EntryPoint","urlTemplate":"https:\/\/manurefetish.com\/?s={search_term_string}"},"query-input":{"@type":"PropertyValueSpecification","valueRequired":true,"valueName":"search_term_string"}}],"inLanguage":"es"},{"@type":"Organization","@id":"https:\/\/manurefetish.com\/#organization","name":"ManureFetish.com","url":"https:\/\/manurefetish.com\/","logo":{"@type":"ImageObject","inLanguage":"es","@id":"https:\/\/manurefetish.com\/#\/schema\/logo\/image\/","url":"https:\/\/manurefetish.com\/wp-content\/uploads\/2019\/06\/1000xmanurefetishcom-michaela-logo-website-shop.png","contentUrl":"https:\/\/manurefetish.com\/wp-content\/uploads\/2019\/06\/1000xmanurefetishcom-michaela-logo-website-shop.png","width":1000,"height":632,"caption":"ManureFetish.com"},"image":{"@id":"https:\/\/manurefetish.com\/#\/schema\/logo\/image\/"},"sameAs":["https:\/\/www.facebook.com\/manurefetish\/","https:\/\/x.com\/Manurefetisch","https:\/\/www.youtube.com\/c\/ManureFetish"],"description":"Estamos creando diversos contenidos fetichistas con modelos femeninos y masculinos por igual.","foundingDate":"2019-07-04","vatID":"DE366928521","numberOfEmployees":{"@type":"QuantitativeValue","minValue":"1","maxValue":"10"}}]},"og_availability":"instock","product_availability":"instock","product_retailer_item_id":"MFW-LLIFHM","product_condition":"new"},"_links":{"self":[{"href":"https:\/\/manurefetish.com\/es\/wp-json\/wp\/v2\/product\/125048","targetHints":{"allow":["GET"]}}],"collection":[{"href":"https:\/\/manurefetish.com\/es\/wp-json\/wp\/v2\/product"}],"about":[{"href":"https:\/\/manurefetish.com\/es\/wp-json\/wp\/v2\/types\/product"}],"replies":[{"embeddable":true,"href":"https:\/\/manurefetish.com\/es\/wp-json\/wp\/v2\/comments?post=125048"}],"version-history":[{"count":0,"href":"https:\/\/manurefetish.com\/es\/wp-json\/wp\/v2\/product\/125048\/revisions"}],"wp:featuredmedia":[{"embeddable":true,"href":"https:\/\/manurefetish.com\/es\/wp-json\/wp\/v2\/media\/199185"}],"wp:attachment":[{"href":"https:\/\/manurefetish.com\/es\/wp-json\/wp\/v2\/media?parent=125048"}],"wp:term":[{"taxonomy":"product_brand","embeddable":true,"href":"https:\/\/manurefetish.com\/es\/wp-json\/wp\/v2\/product_brand?post=125048"},{"taxonomy":"product_cat","embeddable":true,"href":"https:\/\/manurefetish.com\/es\/wp-json\/wp\/v2\/product_cat?post=125048"},{"taxonomy":"product_tag","embeddable":true,"href":"https:\/\/manurefetish.com\/es\/wp-json\/wp\/v2\/product_tag?post=125048"}],"curies":[{"name":"wp","href":"https:\/\/api.w.org\/{rel}","templated":true}]}}