{"id":116517,"date":"2023-10-30T22:59:41","date_gmt":"2023-10-30T21:59:41","guid":{"rendered":"https:\/\/manurefetish.com\/?post_type=product&#038;p=116517"},"modified":"2026-03-24T15:29:19","modified_gmt":"2026-03-24T14:29:19","slug":"trash-and-dung","status":"publish","type":"product","link":"https:\/\/manurefetish.com\/es\/shop\/videos\/trash-and-dung\/","title":{"rendered":"Trash &#038; Dung"},"content":{"rendered":"<p><span style=\"font-weight: 400;\">La amante de la basura Lyndra Lynn est\u00e1 buscando el gran contenedor. Al entrar en la habitaci\u00f3n ve el gran contenedor, lo que la hace muy feliz. Se sienta en el borde y empieza a masturbarse. Se sienta en el borde y empieza a masturbarse. Lyndra se sube al gran contenedor y empieza a masturbarse m\u00e1s, a medida que m\u00e1s y m\u00e1s basura sucia baja por el conducto hasta el contenedor. Escucha un bocinazo que la confunde, a lo que sigue un fuerte estruendo y una enorme cantidad de esti\u00e9rcol de vaca que llega desde arriba al contenedor. Casi desborda el contenedor, que la cubre por completo. Un sue\u00f1o hecho realidad, cubierta de basura y esti\u00e9rcol de vaca, ahora lo disfruta por completo. Mientras contin\u00faa masturb\u00e1ndose. Con una sorpresa llega el basurero Franky con m\u00e1s basura. Sin embargo antes de conseguir m\u00e1s basura tiene que chuparle la polla, cosa que Lyndra hace. Entonces Franky quiere foll\u00e1rsela, as\u00ed que ella se da la vuelta y \u00e9l se la folla por detr\u00e1s.<\/span><\/p>\n<p><span style=\"font-weight: 400;\">Lyndra ahora quiere que se la follen en misionero, as\u00ed que se baja del contenedor y se tumba boca arriba, Franky se une a ella y se la folla, mientras le echa un poco de esti\u00e9rcol por encima. Lyndra ahora quiere acabar con \u00e9l, as\u00ed que primero le hace una buena mamada h\u00fameda antes de sentarse sobre su cara y masturbarle. Ambos se levantan, Lyndra vuelve a su contenedor y Franky le tira algo de basura encima, luego cierra la tapa y se va.<\/span><\/p>","protected":false},"excerpt":{"rendered":"<p>The trash lover Lyndra Lynn is looking for the large dumpster. As she enters the room she sees the large bin which makes her really happy. She leans in and plays around in the trash which makes her really happy and also horny. She sits on the edge and begins to masturbate. Lyndra climbs in [&hellip;]<\/p>\n","protected":false},"featured_media":199137,"comment_status":"open","ping_status":"closed","template":"","meta":{"_acf_changed":false,"site-sidebar-layout":"default","site-content-layout":"","ast-site-content-layout":"default","site-content-style":"default","site-sidebar-style":"default","ast-global-header-display":"","ast-banner-title-visibility":"","ast-main-header-display":"","ast-hfb-above-header-display":"","ast-hfb-below-header-display":"","ast-hfb-mobile-header-display":"","site-post-title":"","ast-breadcrumbs-content":"","ast-featured-img":"","footer-sml-layout":"","ast-disable-related-posts":"","theme-transparent-header-meta":"default","adv-header-id-meta":"","stick-header-meta":"","header-above-stick-meta":"","header-main-stick-meta":"","header-below-stick-meta":"","astra-migrate-meta-layouts":"set","ast-page-background-enabled":"default","ast-page-background-meta":{"desktop":{"background-color":"var(--ast-global-color-4)","background-image":"","background-repeat":"repeat","background-position":"center center","background-size":"auto","background-attachment":"scroll","background-type":"","background-media":"","overlay-type":"","overlay-color":"","overlay-opacity":"","overlay-gradient":""},"tablet":{"background-color":"","background-image":"","background-repeat":"repeat","background-position":"center center","background-size":"auto","background-attachment":"scroll","background-type":"","background-media":"","overlay-type":"","overlay-color":"","overlay-opacity":"","overlay-gradient":""},"mobile":{"background-color":"","background-image":"","background-repeat":"repeat","background-position":"center center","background-size":"auto","background-attachment":"scroll","background-type":"","background-media":"","overlay-type":"","overlay-color":"","overlay-opacity":"","overlay-gradient":""}},"ast-content-background-meta":{"desktop":{"background-color":"var(--ast-global-color-5)","background-image":"","background-repeat":"repeat","background-position":"center center","background-size":"auto","background-attachment":"scroll","background-type":"","background-media":"","overlay-type":"","overlay-color":"","overlay-opacity":"","overlay-gradient":""},"tablet":{"background-color":"var(--ast-global-color-5)","background-image":"","background-repeat":"repeat","background-position":"center center","background-size":"auto","background-attachment":"scroll","background-type":"","background-media":"","overlay-type":"","overlay-color":"","overlay-opacity":"","overlay-gradient":""},"mobile":{"background-color":"var(--ast-global-color-5)","background-image":"","background-repeat":"repeat","background-position":"center center","background-size":"auto","background-attachment":"scroll","background-type":"","background-media":"","overlay-type":"","overlay-color":"","overlay-opacity":"","overlay-gradient":""}}},"product_brand":[],"product_cat":[4470],"product_tag":[2577,17,317,2623,318,2631,2551,2621,2607,2558,3830,2869,316,3030,4060,3825,3523,2438,2419,4057,4059,2841,18,2285,2206,65,2710,35,32,2969,3881,2650,4482,24,2832,4056,4058,2368,3233],"class_list":{"0":"post-116517","1":"product","2":"type-product","3":"status-publish","4":"has-post-thumbnail","6":"product_cat-videos","7":"product_tag-2577","8":"product_tag-anal","9":"product_tag-asshole","10":"product_tag-barn","11":"product_tag-boobs","12":"product_tag-completely-covered","13":"product_tag-couple","14":"product_tag-cow-dung","15":"product_tag-cowdung","16":"product_tag-cowgirl","17":"product_tag-cowshit","18":"product_tag-cumshot","19":"product_tag-cunt","20":"product_tag-download","21":"product_tag-dumpster","22":"product_tag-facesitting","23":"product_tag-fingering","24":"product_tag-franky","25":"product_tag-full-hd","26":"product_tag-garbage","27":"product_tag-garbage-bin","28":"product_tag-lyndra-lynn","29":"product_tag-manure","30":"product_tag-masturbate","31":"product_tag-masturbation","32":"product_tag-naked","33":"product_tag-oral","34":"product_tag-orgasm","35":"product_tag-pussy","36":"product_tag-reverse-cowgirl","37":"product_tag-season-4","38":"product_tag-sensual","39":"product_tag-sex-in-cowshit","40":"product_tag-slurry","41":"product_tag-smearing","42":"product_tag-trash","43":"product_tag-trashman","44":"product_tag-ultra-hd","45":"product_tag-waifu","46":"pa_audio-info-stereo","47":"pa_format-mp4","48":"pa_length-42-minutes","49":"pa_product-type-digital-download-full-hd-video","50":"pa_product-type-digital-download-ultra-hd-video","51":"pa_product-type-usb-stick","52":"pa_size-fhd-7-91-gb","53":"pa_size-uhd-14-3-gb","54":"pa_video-info-full-hd-1920x1080p","55":"pa_video-info-ultra-hd-4k","56":"desktop-align-center","57":"tablet-align-left","58":"mobile-align-left","60":"first","61":"instock","62":"shipping-taxable","63":"purchasable","64":"product-type-variable","65":"has-default-attributes"},"exclude_global_add_ons":[],"addons":[],"acf":[],"yoast_head":"<!-- This site is optimized with the Yoast SEO Premium plugin v27.1 (Yoast SEO v27.1.1) - https:\/\/yoast.com\/product\/yoast-seo-premium-wordpress\/ -->\n<title>Trash &amp; Dung - ManureFetish<\/title>\n<meta name=\"description\" content=\"Trash &amp; Dung, Lyndra Lynn loves garbage and cowshit. So she finds a big dumpster and gets completely messy in it, then gets fucked by Franky in cow manure.\" \/>\n<meta name=\"robots\" content=\"index, follow, max-snippet:-1, max-image-preview:large, max-video-preview:-1\" \/>\n<link rel=\"canonical\" href=\"https:\/\/manurefetish.com\/es\/shop\/videos\/trash-and-dung\/\" \/>\n<meta property=\"og:locale\" content=\"es_ES\" \/>\n<meta property=\"og:type\" content=\"article\" \/>\n<meta property=\"og:title\" content=\"Trash &amp; Dung\" \/>\n<meta property=\"og:description\" content=\"Trash &amp; Dung, Lyndra Lynn loves garbage and cowshit. So she finds a big dumpster and gets completely messy in it, then gets fucked by Franky in cow manure.\" \/>\n<meta property=\"og:url\" content=\"https:\/\/manurefetish.com\/es\/shop\/videos\/trash-and-dung\/\" \/>\n<meta property=\"og:site_name\" content=\"ManureFetish\" \/>\n<meta property=\"article:publisher\" content=\"https:\/\/www.facebook.com\/manurefetish\/\" \/>\n<meta property=\"article:modified_time\" content=\"2026-03-24T14:29:19+00:00\" \/>\n<meta property=\"og:image\" content=\"https:\/\/manurefetish.com\/wp-content\/uploads\/2023\/10\/Trash-and-Dung.jpg\" \/>\n\t<meta property=\"og:image:width\" content=\"1728\" \/>\n\t<meta property=\"og:image:height\" content=\"576\" \/>\n\t<meta property=\"og:image:type\" content=\"image\/jpeg\" \/>\n<meta name=\"twitter:card\" content=\"summary_large_image\" \/>\n<meta name=\"twitter:site\" content=\"@Manurefetisch\" \/>\n<script type=\"application\/ld+json\" class=\"yoast-schema-graph\">{\"@context\":\"https:\/\/schema.org\",\"@graph\":[{\"@type\":\"WebPage\",\"@id\":\"https:\/\/manurefetish.com\/shop\/videos\/trash-and-dung\/\",\"url\":\"https:\/\/manurefetish.com\/shop\/videos\/trash-and-dung\/\",\"name\":\"Trash & Dung - ManureFetish\",\"isPartOf\":{\"@id\":\"https:\/\/manurefetish.com\/#website\"},\"primaryImageOfPage\":{\"@id\":\"https:\/\/manurefetish.com\/shop\/videos\/trash-and-dung\/#primaryimage\"},\"image\":{\"@id\":\"https:\/\/manurefetish.com\/shop\/videos\/trash-and-dung\/#primaryimage\"},\"thumbnailUrl\":\"https:\/\/manurefetish.b-cdn.net\/wp-content\/uploads\/2023\/10\/Trash-and-Dung.jpg\",\"datePublished\":\"2023-10-30T21:59:41+00:00\",\"dateModified\":\"2026-03-24T14:29:19+00:00\",\"description\":\"Trash & Dung, Lyndra Lynn loves garbage and cowshit. So she finds a big dumpster and gets completely messy in it, then gets fucked by Franky in cow manure.\",\"breadcrumb\":{\"@id\":\"https:\/\/manurefetish.com\/shop\/videos\/trash-and-dung\/#breadcrumb\"},\"inLanguage\":\"es\",\"potentialAction\":[{\"@type\":\"ReadAction\",\"target\":[\"https:\/\/manurefetish.com\/shop\/videos\/trash-and-dung\/\"]}]},{\"@type\":\"ImageObject\",\"inLanguage\":\"es\",\"@id\":\"https:\/\/manurefetish.com\/shop\/videos\/trash-and-dung\/#primaryimage\",\"url\":\"https:\/\/manurefetish.b-cdn.net\/wp-content\/uploads\/2023\/10\/Trash-and-Dung.jpg\",\"contentUrl\":\"https:\/\/manurefetish.b-cdn.net\/wp-content\/uploads\/2023\/10\/Trash-and-Dung.jpg\",\"width\":1728,\"height\":576},{\"@type\":\"BreadcrumbList\",\"@id\":\"https:\/\/manurefetish.com\/shop\/videos\/trash-and-dung\/#breadcrumb\",\"itemListElement\":[{\"@type\":\"ListItem\",\"position\":1,\"name\":\"Home\",\"item\":\"https:\/\/manurefetish.com\/\"},{\"@type\":\"ListItem\",\"position\":2,\"name\":\"Shop\",\"item\":\"https:\/\/manurefetish.com\/shop\/\"},{\"@type\":\"ListItem\",\"position\":3,\"name\":\"Videos\",\"item\":\"https:\/\/manurefetish.com\/product-category\/videos\/\"},{\"@type\":\"ListItem\",\"position\":4,\"name\":\"Trash &#038; Dung\"}]},{\"@type\":\"WebSite\",\"@id\":\"https:\/\/manurefetish.com\/#website\",\"url\":\"https:\/\/manurefetish.com\/\",\"name\":\"ManureFetish\",\"description\":\"ManureFetish Shop\",\"publisher\":{\"@id\":\"https:\/\/manurefetish.com\/#organization\"},\"potentialAction\":[{\"@type\":\"SearchAction\",\"target\":{\"@type\":\"EntryPoint\",\"urlTemplate\":\"https:\/\/manurefetish.com\/?s={search_term_string}\"},\"query-input\":{\"@type\":\"PropertyValueSpecification\",\"valueRequired\":true,\"valueName\":\"search_term_string\"}}],\"inLanguage\":\"es\"},{\"@type\":\"Organization\",\"@id\":\"https:\/\/manurefetish.com\/#organization\",\"name\":\"ManureFetish.com\",\"url\":\"https:\/\/manurefetish.com\/\",\"logo\":{\"@type\":\"ImageObject\",\"inLanguage\":\"es\",\"@id\":\"https:\/\/manurefetish.com\/#\/schema\/logo\/image\/\",\"url\":\"https:\/\/manurefetish.com\/wp-content\/uploads\/2019\/06\/1000xmanurefetishcom-michaela-logo-website-shop.png\",\"contentUrl\":\"https:\/\/manurefetish.com\/wp-content\/uploads\/2019\/06\/1000xmanurefetishcom-michaela-logo-website-shop.png\",\"width\":1000,\"height\":632,\"caption\":\"ManureFetish.com\"},\"image\":{\"@id\":\"https:\/\/manurefetish.com\/#\/schema\/logo\/image\/\"},\"sameAs\":[\"https:\/\/www.facebook.com\/manurefetish\/\",\"https:\/\/x.com\/Manurefetisch\",\"https:\/\/www.youtube.com\/c\/ManureFetish\"],\"description\":\"We're creating various fetish content with female and male models alike.\",\"foundingDate\":\"2019-07-04\",\"vatID\":\"DE366928521\",\"numberOfEmployees\":{\"@type\":\"QuantitativeValue\",\"minValue\":\"1\",\"maxValue\":\"10\"}}]}<\/script>\n<meta property=\"og:availability\" content=\"instock\" \/>\n<meta property=\"product:availability\" content=\"instock\" \/>\n<meta property=\"product:retailer_item_id\" content=\"MFW-TAD\" \/>\n<meta property=\"product:condition\" content=\"new\" \/>\n<!-- \/ Yoast SEO Premium plugin. -->","yoast_head_json":{"title":"Basura y esti\u00e9rcol - ManureFetish","description":"Basura y Esti\u00e9rcol, a Lyndra Lynn le encanta la basura y la mierda de vaca. As\u00ed que encuentra un gran contenedor de basura y se ensucia completamente en \u00e9l, para que luego Franky se la folle en esti\u00e9rcol de vaca.","robots":{"index":"index","follow":"follow","max-snippet":"max-snippet:-1","max-image-preview":"max-image-preview:large","max-video-preview":"max-video-preview:-1"},"canonical":"https:\/\/manurefetish.com\/es\/shop\/videos\/trash-and-dung\/","og_locale":"es_ES","og_type":"article","og_title":"Trash & Dung","og_description":"Trash & Dung, Lyndra Lynn loves garbage and cowshit. So she finds a big dumpster and gets completely messy in it, then gets fucked by Franky in cow manure.","og_url":"https:\/\/manurefetish.com\/es\/shop\/videos\/trash-and-dung\/","og_site_name":"ManureFetish","article_publisher":"https:\/\/www.facebook.com\/manurefetish\/","article_modified_time":"2026-03-24T14:29:19+00:00","og_image":[{"width":1728,"height":576,"url":"https:\/\/manurefetish.com\/wp-content\/uploads\/2023\/10\/Trash-and-Dung.jpg","type":"image\/jpeg"}],"twitter_card":"summary_large_image","twitter_site":"@Manurefetisch","schema":{"@context":"https:\/\/schema.org","@graph":[{"@type":"WebPage","@id":"https:\/\/manurefetish.com\/shop\/videos\/trash-and-dung\/","url":"https:\/\/manurefetish.com\/shop\/videos\/trash-and-dung\/","name":"Basura y esti\u00e9rcol - ManureFetish","isPartOf":{"@id":"https:\/\/manurefetish.com\/#website"},"primaryImageOfPage":{"@id":"https:\/\/manurefetish.com\/shop\/videos\/trash-and-dung\/#primaryimage"},"image":{"@id":"https:\/\/manurefetish.com\/shop\/videos\/trash-and-dung\/#primaryimage"},"thumbnailUrl":"https:\/\/manurefetish.b-cdn.net\/wp-content\/uploads\/2023\/10\/Trash-and-Dung.jpg","datePublished":"2023-10-30T21:59:41+00:00","dateModified":"2026-03-24T14:29:19+00:00","description":"Basura y Esti\u00e9rcol, a Lyndra Lynn le encanta la basura y la mierda de vaca. As\u00ed que encuentra un gran contenedor de basura y se ensucia completamente en \u00e9l, para que luego Franky se la folle en esti\u00e9rcol de vaca.","breadcrumb":{"@id":"https:\/\/manurefetish.com\/shop\/videos\/trash-and-dung\/#breadcrumb"},"inLanguage":"es","potentialAction":[{"@type":"ReadAction","target":["https:\/\/manurefetish.com\/shop\/videos\/trash-and-dung\/"]}]},{"@type":"ImageObject","inLanguage":"es","@id":"https:\/\/manurefetish.com\/shop\/videos\/trash-and-dung\/#primaryimage","url":"https:\/\/manurefetish.b-cdn.net\/wp-content\/uploads\/2023\/10\/Trash-and-Dung.jpg","contentUrl":"https:\/\/manurefetish.b-cdn.net\/wp-content\/uploads\/2023\/10\/Trash-and-Dung.jpg","width":1728,"height":576},{"@type":"BreadcrumbList","@id":"https:\/\/manurefetish.com\/shop\/videos\/trash-and-dung\/#breadcrumb","itemListElement":[{"@type":"ListItem","position":1,"name":"Home","item":"https:\/\/manurefetish.com\/"},{"@type":"ListItem","position":2,"name":"Shop","item":"https:\/\/manurefetish.com\/shop\/"},{"@type":"ListItem","position":3,"name":"Videos","item":"https:\/\/manurefetish.com\/product-category\/videos\/"},{"@type":"ListItem","position":4,"name":"Trash &#038; Dung"}]},{"@type":"WebSite","@id":"https:\/\/manurefetish.com\/#website","url":"https:\/\/manurefetish.com\/","name":"ManureFetish","description":"ManureFetish","publisher":{"@id":"https:\/\/manurefetish.com\/#organization"},"potentialAction":[{"@type":"SearchAction","target":{"@type":"EntryPoint","urlTemplate":"https:\/\/manurefetish.com\/?s={search_term_string}"},"query-input":{"@type":"PropertyValueSpecification","valueRequired":true,"valueName":"search_term_string"}}],"inLanguage":"es"},{"@type":"Organization","@id":"https:\/\/manurefetish.com\/#organization","name":"ManureFetish.com","url":"https:\/\/manurefetish.com\/","logo":{"@type":"ImageObject","inLanguage":"es","@id":"https:\/\/manurefetish.com\/#\/schema\/logo\/image\/","url":"https:\/\/manurefetish.com\/wp-content\/uploads\/2019\/06\/1000xmanurefetishcom-michaela-logo-website-shop.png","contentUrl":"https:\/\/manurefetish.com\/wp-content\/uploads\/2019\/06\/1000xmanurefetishcom-michaela-logo-website-shop.png","width":1000,"height":632,"caption":"ManureFetish.com"},"image":{"@id":"https:\/\/manurefetish.com\/#\/schema\/logo\/image\/"},"sameAs":["https:\/\/www.facebook.com\/manurefetish\/","https:\/\/x.com\/Manurefetisch","https:\/\/www.youtube.com\/c\/ManureFetish"],"description":"Estamos creando diversos contenidos fetichistas con modelos femeninos y masculinos por igual.","foundingDate":"2019-07-04","vatID":"DE366928521","numberOfEmployees":{"@type":"QuantitativeValue","minValue":"1","maxValue":"10"}}]},"og_availability":"instock","product_availability":"instock","product_retailer_item_id":"MFW-TAD","product_condition":"new"},"_links":{"self":[{"href":"https:\/\/manurefetish.com\/es\/wp-json\/wp\/v2\/product\/116517","targetHints":{"allow":["GET"]}}],"collection":[{"href":"https:\/\/manurefetish.com\/es\/wp-json\/wp\/v2\/product"}],"about":[{"href":"https:\/\/manurefetish.com\/es\/wp-json\/wp\/v2\/types\/product"}],"replies":[{"embeddable":true,"href":"https:\/\/manurefetish.com\/es\/wp-json\/wp\/v2\/comments?post=116517"}],"version-history":[{"count":0,"href":"https:\/\/manurefetish.com\/es\/wp-json\/wp\/v2\/product\/116517\/revisions"}],"wp:featuredmedia":[{"embeddable":true,"href":"https:\/\/manurefetish.com\/es\/wp-json\/wp\/v2\/media\/199137"}],"wp:attachment":[{"href":"https:\/\/manurefetish.com\/es\/wp-json\/wp\/v2\/media?parent=116517"}],"wp:term":[{"taxonomy":"product_brand","embeddable":true,"href":"https:\/\/manurefetish.com\/es\/wp-json\/wp\/v2\/product_brand?post=116517"},{"taxonomy":"product_cat","embeddable":true,"href":"https:\/\/manurefetish.com\/es\/wp-json\/wp\/v2\/product_cat?post=116517"},{"taxonomy":"product_tag","embeddable":true,"href":"https:\/\/manurefetish.com\/es\/wp-json\/wp\/v2\/product_tag?post=116517"}],"curies":[{"name":"wp","href":"https:\/\/api.w.org\/{rel}","templated":true}]}}