{"id":116325,"date":"2023-10-26T19:54:03","date_gmt":"2023-10-26T17:54:03","guid":{"rendered":"https:\/\/manurefetish.com\/?post_type=product&#038;p=116325"},"modified":"2026-03-24T15:32:34","modified_gmt":"2026-03-24T14:32:34","slug":"frankys-nasty-accident","status":"publish","type":"product","link":"https:\/\/manurefetish.com\/es\/shop\/videos\/frankys-nasty-accident\/","title":{"rendered":"El desagradable accidente de Franky"},"content":{"rendered":"<p><span style=\"font-weight: 400;\">Franky termin\u00f3 de limpiar el granero y, mientras sacaba las \u00faltimas gotas de manure de la palangana, tuvo ganas de mear. As\u00ed que se baj\u00f3 la cremallera y orin\u00f3 en el barril grande con el manure. Pero de repente tuvo que ir a por el n\u00famero 2, no tuvo tiempo de bajarse los pantalones del todo as\u00ed que tuvo un desagradable accidente en los pantalones.<br \/>\nAhora est\u00e1n completamente llenos, cuando meti\u00f3 la mano en ellos sinti\u00f3 que era un l\u00edo enorme, as\u00ed que decidi\u00f3 lavarlo todo con una ducha. Por suerte, en el establo hay una gran tuber\u00eda por donde normalmente se llenan los dep\u00f3sitos de agua para las vacas en el prado. As\u00ed que se puso debajo y tir\u00f3 de la cadena para que corriera el agua. Oy\u00f3 el estruendo pero entonces, con una enorme presi\u00f3n, la vaca dung sali\u00f3 disparada hacia su cara y le empuj\u00f3 hacia abajo. Se qued\u00f3 tan sorprendido que en lugar de agua, la vaca dung sali\u00f3 de la tuber\u00eda. Ahora estaba completamente cubierto de todo ese apestoso filth verde.<br \/>\nDe alguna manera, sin embargo, lo puso cachondo, sintiendo todo ese dung caliente en su cuerpo y tambi\u00e9n su propio desorden en sus pantalones, por lo que comienza a masturbarse y disfrutar de su tiempo en su filth.<\/span><\/p>","protected":false},"excerpt":{"rendered":"<p>Franky finished cleaning up in the barn, as he scooped out the last drops of manure out of the basin, he needed to pee. So he unzipped his pants and peed in the large barrel with the manure in it. But suddenly he had to go for number 2, he didn\u2019t have the time to [&hellip;]<\/p>\n","protected":false},"featured_media":199151,"comment_status":"open","ping_status":"closed","template":"","meta":{"_acf_changed":false,"site-sidebar-layout":"default","site-content-layout":"","ast-site-content-layout":"default","site-content-style":"default","site-sidebar-style":"default","ast-global-header-display":"","ast-banner-title-visibility":"","ast-main-header-display":"","ast-hfb-above-header-display":"","ast-hfb-below-header-display":"","ast-hfb-mobile-header-display":"","site-post-title":"","ast-breadcrumbs-content":"","ast-featured-img":"","footer-sml-layout":"","ast-disable-related-posts":"","theme-transparent-header-meta":"default","adv-header-id-meta":"","stick-header-meta":"","header-above-stick-meta":"","header-main-stick-meta":"","header-below-stick-meta":"","astra-migrate-meta-layouts":"set","ast-page-background-enabled":"default","ast-page-background-meta":{"desktop":{"background-color":"var(--ast-global-color-4)","background-image":"","background-repeat":"repeat","background-position":"center center","background-size":"auto","background-attachment":"scroll","background-type":"","background-media":"","overlay-type":"","overlay-color":"","overlay-opacity":"","overlay-gradient":""},"tablet":{"background-color":"","background-image":"","background-repeat":"repeat","background-position":"center center","background-size":"auto","background-attachment":"scroll","background-type":"","background-media":"","overlay-type":"","overlay-color":"","overlay-opacity":"","overlay-gradient":""},"mobile":{"background-color":"","background-image":"","background-repeat":"repeat","background-position":"center center","background-size":"auto","background-attachment":"scroll","background-type":"","background-media":"","overlay-type":"","overlay-color":"","overlay-opacity":"","overlay-gradient":""}},"ast-content-background-meta":{"desktop":{"background-color":"var(--ast-global-color-5)","background-image":"","background-repeat":"repeat","background-position":"center center","background-size":"auto","background-attachment":"scroll","background-type":"","background-media":"","overlay-type":"","overlay-color":"","overlay-opacity":"","overlay-gradient":""},"tablet":{"background-color":"var(--ast-global-color-5)","background-image":"","background-repeat":"repeat","background-position":"center center","background-size":"auto","background-attachment":"scroll","background-type":"","background-media":"","overlay-type":"","overlay-color":"","overlay-opacity":"","overlay-gradient":""},"mobile":{"background-color":"var(--ast-global-color-5)","background-image":"","background-repeat":"repeat","background-position":"center center","background-size":"auto","background-attachment":"scroll","background-type":"","background-media":"","overlay-type":"","overlay-color":"","overlay-opacity":"","overlay-gradient":""}}},"product_brand":[],"product_cat":[4470],"product_tag":[3318,317,2708,2555,4005,2631,2621,118,316,2557,3030,56,2624,2304,320,3523,321,2438,54,2419,3312,4572,18,3174,65,35,3558,3246,4135,3881,4482,4187,53,2832,3298,29,2368],"class_list":{"0":"post-116325","1":"product","2":"type-product","3":"status-publish","4":"has-post-thumbnail","6":"product_cat-videos","7":"product_tag-accident","8":"product_tag-asshole","9":"product_tag-bisexual","10":"product_tag-blowjob","11":"product_tag-buckets","12":"product_tag-completely-covered","13":"product_tag-cow-dung","14":"product_tag-cowshed","15":"product_tag-cunt","16":"product_tag-doggy-style","17":"product_tag-download","18":"product_tag-erotic","19":"product_tag-farm","20":"product_tag-farm-porn","21":"product_tag-feet","22":"product_tag-fingering","23":"product_tag-foot","24":"product_tag-franky","25":"product_tag-full-covered","26":"product_tag-full-hd","27":"product_tag-gay","28":"product_tag-human-scat","29":"product_tag-manure","30":"product_tag-missionary","31":"product_tag-naked","32":"product_tag-orgasm","33":"product_tag-overall","34":"product_tag-prostate-massage","35":"product_tag-scat","36":"product_tag-season-4","37":"product_tag-sex-in-cowshit","38":"product_tag-shitting","39":"product_tag-shower","40":"product_tag-smearing","41":"product_tag-solo","42":"product_tag-submerging","43":"product_tag-ultra-hd","44":"pa_audio-info-stereo","45":"pa_format-mp4","46":"pa_length-25-minutes","47":"pa_product-type-digital-download-full-hd-video","48":"pa_product-type-digital-download-ultra-hd-video","49":"pa_product-type-usb-stick","50":"pa_video-info-full-hd-1920x1080p","51":"pa_video-info-ultra-hd-4k","52":"desktop-align-center","53":"tablet-align-left","54":"mobile-align-left","56":"first","57":"instock","58":"featured","59":"shipping-taxable","60":"purchasable","61":"product-type-variable","62":"has-default-attributes"},"exclude_global_add_ons":[],"addons":[],"acf":[],"yoast_head":"<!-- This site is optimized with the Yoast SEO Premium plugin v27.1 (Yoast SEO v27.1.1) - https:\/\/yoast.com\/product\/yoast-seo-premium-wordpress\/ -->\n<title>Franky&#039;s Nasty Accident - ManureFetish - shitting in his pants<\/title>\n<meta name=\"description\" content=\"Franky Back In The Manure Channel, a long time has passed but Franky is back in the manure channel for some hot and filthy action.\" \/>\n<meta name=\"robots\" content=\"index, follow, max-snippet:-1, max-image-preview:large, max-video-preview:-1\" \/>\n<link rel=\"canonical\" href=\"https:\/\/manurefetish.com\/es\/shop\/videos\/frankys-nasty-accident\/\" \/>\n<meta property=\"og:locale\" content=\"es_ES\" \/>\n<meta property=\"og:type\" content=\"article\" \/>\n<meta property=\"og:title\" content=\"Franky&#039;s Nasty Accident\" \/>\n<meta property=\"og:description\" content=\"Franky Back In The Manure Channel, a long time has passed but Franky is back in the manure channel for some hot and filthy action.\" \/>\n<meta property=\"og:url\" content=\"https:\/\/manurefetish.com\/es\/shop\/videos\/frankys-nasty-accident\/\" \/>\n<meta property=\"og:site_name\" content=\"ManureFetish\" \/>\n<meta property=\"article:publisher\" content=\"https:\/\/www.facebook.com\/manurefetish\/\" \/>\n<meta property=\"article:modified_time\" content=\"2026-03-24T14:32:34+00:00\" \/>\n<meta property=\"og:image\" content=\"https:\/\/manurefetish.com\/wp-content\/uploads\/2023\/10\/Frankys-Nasty-Accident-2.jpg\" \/>\n\t<meta property=\"og:image:width\" content=\"1728\" \/>\n\t<meta property=\"og:image:height\" content=\"576\" \/>\n\t<meta property=\"og:image:type\" content=\"image\/jpeg\" \/>\n<meta name=\"twitter:card\" content=\"summary_large_image\" \/>\n<meta name=\"twitter:site\" content=\"@Manurefetisch\" \/>\n<script type=\"application\/ld+json\" class=\"yoast-schema-graph\">{\"@context\":\"https:\/\/schema.org\",\"@graph\":[{\"@type\":\"WebPage\",\"@id\":\"https:\/\/manurefetish.com\/shop\/videos\/frankys-nasty-accident\/\",\"url\":\"https:\/\/manurefetish.com\/shop\/videos\/frankys-nasty-accident\/\",\"name\":\"Franky's Nasty Accident - ManureFetish - shitting in his pants\",\"isPartOf\":{\"@id\":\"https:\/\/manurefetish.com\/#website\"},\"primaryImageOfPage\":{\"@id\":\"https:\/\/manurefetish.com\/shop\/videos\/frankys-nasty-accident\/#primaryimage\"},\"image\":{\"@id\":\"https:\/\/manurefetish.com\/shop\/videos\/frankys-nasty-accident\/#primaryimage\"},\"thumbnailUrl\":\"https:\/\/manurefetish.b-cdn.net\/wp-content\/uploads\/2023\/10\/Frankys-Nasty-Accident-2.jpg\",\"datePublished\":\"2023-10-26T17:54:03+00:00\",\"dateModified\":\"2026-03-24T14:32:34+00:00\",\"description\":\"Franky Back In The Manure Channel, a long time has passed but Franky is back in the manure channel for some hot and filthy action.\",\"breadcrumb\":{\"@id\":\"https:\/\/manurefetish.com\/shop\/videos\/frankys-nasty-accident\/#breadcrumb\"},\"inLanguage\":\"es\",\"potentialAction\":[{\"@type\":\"ReadAction\",\"target\":[\"https:\/\/manurefetish.com\/shop\/videos\/frankys-nasty-accident\/\"]}]},{\"@type\":\"ImageObject\",\"inLanguage\":\"es\",\"@id\":\"https:\/\/manurefetish.com\/shop\/videos\/frankys-nasty-accident\/#primaryimage\",\"url\":\"https:\/\/manurefetish.b-cdn.net\/wp-content\/uploads\/2023\/10\/Frankys-Nasty-Accident-2.jpg\",\"contentUrl\":\"https:\/\/manurefetish.b-cdn.net\/wp-content\/uploads\/2023\/10\/Frankys-Nasty-Accident-2.jpg\",\"width\":1728,\"height\":576},{\"@type\":\"BreadcrumbList\",\"@id\":\"https:\/\/manurefetish.com\/shop\/videos\/frankys-nasty-accident\/#breadcrumb\",\"itemListElement\":[{\"@type\":\"ListItem\",\"position\":1,\"name\":\"Home\",\"item\":\"https:\/\/manurefetish.com\/\"},{\"@type\":\"ListItem\",\"position\":2,\"name\":\"Shop\",\"item\":\"https:\/\/manurefetish.com\/shop\/\"},{\"@type\":\"ListItem\",\"position\":3,\"name\":\"Videos\",\"item\":\"https:\/\/manurefetish.com\/product-category\/videos\/\"},{\"@type\":\"ListItem\",\"position\":4,\"name\":\"Franky&#8217;s Nasty Accident\"}]},{\"@type\":\"WebSite\",\"@id\":\"https:\/\/manurefetish.com\/#website\",\"url\":\"https:\/\/manurefetish.com\/\",\"name\":\"ManureFetish\",\"description\":\"ManureFetish Shop\",\"publisher\":{\"@id\":\"https:\/\/manurefetish.com\/#organization\"},\"potentialAction\":[{\"@type\":\"SearchAction\",\"target\":{\"@type\":\"EntryPoint\",\"urlTemplate\":\"https:\/\/manurefetish.com\/?s={search_term_string}\"},\"query-input\":{\"@type\":\"PropertyValueSpecification\",\"valueRequired\":true,\"valueName\":\"search_term_string\"}}],\"inLanguage\":\"es\"},{\"@type\":\"Organization\",\"@id\":\"https:\/\/manurefetish.com\/#organization\",\"name\":\"ManureFetish.com\",\"url\":\"https:\/\/manurefetish.com\/\",\"logo\":{\"@type\":\"ImageObject\",\"inLanguage\":\"es\",\"@id\":\"https:\/\/manurefetish.com\/#\/schema\/logo\/image\/\",\"url\":\"https:\/\/manurefetish.com\/wp-content\/uploads\/2019\/06\/1000xmanurefetishcom-michaela-logo-website-shop.png\",\"contentUrl\":\"https:\/\/manurefetish.com\/wp-content\/uploads\/2019\/06\/1000xmanurefetishcom-michaela-logo-website-shop.png\",\"width\":1000,\"height\":632,\"caption\":\"ManureFetish.com\"},\"image\":{\"@id\":\"https:\/\/manurefetish.com\/#\/schema\/logo\/image\/\"},\"sameAs\":[\"https:\/\/www.facebook.com\/manurefetish\/\",\"https:\/\/x.com\/Manurefetisch\",\"https:\/\/www.youtube.com\/c\/ManureFetish\"],\"description\":\"We're creating various fetish content with female and male models alike.\",\"foundingDate\":\"2019-07-04\",\"vatID\":\"DE366928521\",\"numberOfEmployees\":{\"@type\":\"QuantitativeValue\",\"minValue\":\"1\",\"maxValue\":\"10\"}}]}<\/script>\n<meta property=\"og:availability\" content=\"instock\" \/>\n<meta property=\"product:availability\" content=\"instock\" \/>\n<meta property=\"product:retailer_item_id\" content=\"MFM-FNA\" \/>\n<meta property=\"product:condition\" content=\"new\" \/>\n<!-- \/ Yoast SEO Premium plugin. -->","yoast_head_json":{"title":"El desagradable accidente de Franky - ManureFetish - cag\u00e1ndose en los pantalones","description":"Franky Vuelve Al Canal Del Esti\u00e9rcol, ha pasado mucho tiempo pero Franky vuelve al canal del esti\u00e9rcol para una acci\u00f3n caliente y sucia.","robots":{"index":"index","follow":"follow","max-snippet":"max-snippet:-1","max-image-preview":"max-image-preview:large","max-video-preview":"max-video-preview:-1"},"canonical":"https:\/\/manurefetish.com\/es\/shop\/videos\/frankys-nasty-accident\/","og_locale":"es_ES","og_type":"article","og_title":"Franky's Nasty Accident","og_description":"Franky Back In The Manure Channel, a long time has passed but Franky is back in the manure channel for some hot and filthy action.","og_url":"https:\/\/manurefetish.com\/es\/shop\/videos\/frankys-nasty-accident\/","og_site_name":"ManureFetish","article_publisher":"https:\/\/www.facebook.com\/manurefetish\/","article_modified_time":"2026-03-24T14:32:34+00:00","og_image":[{"width":1728,"height":576,"url":"https:\/\/manurefetish.com\/wp-content\/uploads\/2023\/10\/Frankys-Nasty-Accident-2.jpg","type":"image\/jpeg"}],"twitter_card":"summary_large_image","twitter_site":"@Manurefetisch","schema":{"@context":"https:\/\/schema.org","@graph":[{"@type":"WebPage","@id":"https:\/\/manurefetish.com\/shop\/videos\/frankys-nasty-accident\/","url":"https:\/\/manurefetish.com\/shop\/videos\/frankys-nasty-accident\/","name":"El desagradable accidente de Franky - ManureFetish - cag\u00e1ndose en los pantalones","isPartOf":{"@id":"https:\/\/manurefetish.com\/#website"},"primaryImageOfPage":{"@id":"https:\/\/manurefetish.com\/shop\/videos\/frankys-nasty-accident\/#primaryimage"},"image":{"@id":"https:\/\/manurefetish.com\/shop\/videos\/frankys-nasty-accident\/#primaryimage"},"thumbnailUrl":"https:\/\/manurefetish.b-cdn.net\/wp-content\/uploads\/2023\/10\/Frankys-Nasty-Accident-2.jpg","datePublished":"2023-10-26T17:54:03+00:00","dateModified":"2026-03-24T14:32:34+00:00","description":"Franky Vuelve Al Canal Del Esti\u00e9rcol, ha pasado mucho tiempo pero Franky vuelve al canal del esti\u00e9rcol para una acci\u00f3n caliente y sucia.","breadcrumb":{"@id":"https:\/\/manurefetish.com\/shop\/videos\/frankys-nasty-accident\/#breadcrumb"},"inLanguage":"es","potentialAction":[{"@type":"ReadAction","target":["https:\/\/manurefetish.com\/shop\/videos\/frankys-nasty-accident\/"]}]},{"@type":"ImageObject","inLanguage":"es","@id":"https:\/\/manurefetish.com\/shop\/videos\/frankys-nasty-accident\/#primaryimage","url":"https:\/\/manurefetish.b-cdn.net\/wp-content\/uploads\/2023\/10\/Frankys-Nasty-Accident-2.jpg","contentUrl":"https:\/\/manurefetish.b-cdn.net\/wp-content\/uploads\/2023\/10\/Frankys-Nasty-Accident-2.jpg","width":1728,"height":576},{"@type":"BreadcrumbList","@id":"https:\/\/manurefetish.com\/shop\/videos\/frankys-nasty-accident\/#breadcrumb","itemListElement":[{"@type":"ListItem","position":1,"name":"Home","item":"https:\/\/manurefetish.com\/"},{"@type":"ListItem","position":2,"name":"Shop","item":"https:\/\/manurefetish.com\/shop\/"},{"@type":"ListItem","position":3,"name":"Videos","item":"https:\/\/manurefetish.com\/product-category\/videos\/"},{"@type":"ListItem","position":4,"name":"Franky&#8217;s Nasty Accident"}]},{"@type":"WebSite","@id":"https:\/\/manurefetish.com\/#website","url":"https:\/\/manurefetish.com\/","name":"ManureFetish","description":"ManureFetish","publisher":{"@id":"https:\/\/manurefetish.com\/#organization"},"potentialAction":[{"@type":"SearchAction","target":{"@type":"EntryPoint","urlTemplate":"https:\/\/manurefetish.com\/?s={search_term_string}"},"query-input":{"@type":"PropertyValueSpecification","valueRequired":true,"valueName":"search_term_string"}}],"inLanguage":"es"},{"@type":"Organization","@id":"https:\/\/manurefetish.com\/#organization","name":"ManureFetish.com","url":"https:\/\/manurefetish.com\/","logo":{"@type":"ImageObject","inLanguage":"es","@id":"https:\/\/manurefetish.com\/#\/schema\/logo\/image\/","url":"https:\/\/manurefetish.com\/wp-content\/uploads\/2019\/06\/1000xmanurefetishcom-michaela-logo-website-shop.png","contentUrl":"https:\/\/manurefetish.com\/wp-content\/uploads\/2019\/06\/1000xmanurefetishcom-michaela-logo-website-shop.png","width":1000,"height":632,"caption":"ManureFetish.com"},"image":{"@id":"https:\/\/manurefetish.com\/#\/schema\/logo\/image\/"},"sameAs":["https:\/\/www.facebook.com\/manurefetish\/","https:\/\/x.com\/Manurefetisch","https:\/\/www.youtube.com\/c\/ManureFetish"],"description":"Estamos creando diversos contenidos fetichistas con modelos femeninos y masculinos por igual.","foundingDate":"2019-07-04","vatID":"DE366928521","numberOfEmployees":{"@type":"QuantitativeValue","minValue":"1","maxValue":"10"}}]},"og_availability":"instock","product_availability":"instock","product_retailer_item_id":"MFM-FNA","product_condition":"new"},"_links":{"self":[{"href":"https:\/\/manurefetish.com\/es\/wp-json\/wp\/v2\/product\/116325","targetHints":{"allow":["GET"]}}],"collection":[{"href":"https:\/\/manurefetish.com\/es\/wp-json\/wp\/v2\/product"}],"about":[{"href":"https:\/\/manurefetish.com\/es\/wp-json\/wp\/v2\/types\/product"}],"replies":[{"embeddable":true,"href":"https:\/\/manurefetish.com\/es\/wp-json\/wp\/v2\/comments?post=116325"}],"version-history":[{"count":0,"href":"https:\/\/manurefetish.com\/es\/wp-json\/wp\/v2\/product\/116325\/revisions"}],"wp:featuredmedia":[{"embeddable":true,"href":"https:\/\/manurefetish.com\/es\/wp-json\/wp\/v2\/media\/199151"}],"wp:attachment":[{"href":"https:\/\/manurefetish.com\/es\/wp-json\/wp\/v2\/media?parent=116325"}],"wp:term":[{"taxonomy":"product_brand","embeddable":true,"href":"https:\/\/manurefetish.com\/es\/wp-json\/wp\/v2\/product_brand?post=116325"},{"taxonomy":"product_cat","embeddable":true,"href":"https:\/\/manurefetish.com\/es\/wp-json\/wp\/v2\/product_cat?post=116325"},{"taxonomy":"product_tag","embeddable":true,"href":"https:\/\/manurefetish.com\/es\/wp-json\/wp\/v2\/product_tag?post=116325"}],"curies":[{"name":"wp","href":"https:\/\/api.w.org\/{rel}","templated":true}]}}